{"id":7032,"date":"2026-02-16T21:12:19","date_gmt":"2026-02-16T21:12:19","guid":{"rendered":"https:\/\/www.edesia.al\/?post_type=product&#038;p=7032"},"modified":"2026-02-25T11:19:27","modified_gmt":"2026-02-25T11:19:27","slug":"pharmavital-silymarin-forte","status":"publish","type":"product","link":"https:\/\/www.edesia.al\/?product=pharmavital-silymarin-forte","title":{"rendered":"PHARMAVITAL Silymarin Forte"},"content":{"rendered":"<h3>PHARMAVITAL Silymarin Forte\u00a0 (120 kapsula)<\/h3>\n<p>PharmaVital Silymarin Forte \u00ebsht\u00eb nj\u00eb suplement dietik i krijuar p\u00ebr t\u00eb ndikuar n\u00eb m\u00ebl\u00e7in\u00eb tuaj, ku \u00ebsht\u00eb nj\u00eb nga organet e r\u00ebnd\u00ebsishme metabolike t\u00eb trupit.Duke peshuar p\u00ebraf\u00ebrsisht 1.5kg \u00ebsht\u00eb gj\u00ebndra me e madhe n\u00eb trup. Detyrat e tij m\u00eb t\u00eb r\u00ebnd\u00ebsishme p\u00ebrfshijn\u00eb detoksifikimin, ruajtjen e sheqernave, metabolizmin e yndyrave dhe prodhimin e proteinave dhe kolesterolit.<\/p>\n<p>Kapsulat tona Silymarin Forte t\u00eb prodhuara nga ekstrakti i thar\u00eb i frutave te gjembit t\u00eb gomarit t\u00eb cilat jan\u00eb krijuar ve\u00e7an\u00ebrisht p\u00ebr t\u00eb mbrojtur m\u00ebl\u00e7in\u00eb nga toksinat dhe p\u00ebr t\u00eb stimuluar formimin e qelizave.Gjithashtu Suplementi dietik PharmaVital Silymarin Forte \u00ebsht\u00eb i pasuruar me kolin\u00eb, e cila \u00ebsht\u00eb nj\u00eb substanc\u00eb e r\u00ebnd\u00ebsishme q\u00eb ndihmon n\u00eb ruajtjen e funksionit normal t\u00eb m\u00ebl\u00e7is\u00eb dhe n\u00eb t\u00eb nj\u00ebjt\u00ebn koh\u00eb n\u00eb metaboliz\u00ebm normal t\u00eb homocistenc\u00ebs dhe kontribuon n\u00eb metaboliz\u00ebmin normal t\u00eb liptideve.<\/p>\n<p>&nbsp;<\/p>\n","protected":false},"excerpt":{"rendered":"<p>PHARMAVITAL Silymarin Forte\u00a0 (120 kapsula) PharmaVital Silymarin Forte \u00ebsht\u00eb nj\u00eb suplement dietik i krijuar p\u00ebr t\u00eb ndikuar n\u00eb m\u00ebl\u00e7in\u00eb tuaj, ku \u00ebsht\u00eb nj\u00eb nga organet e r\u00ebnd\u00ebsishme metabolike t\u00eb trupit.Duke peshuar p\u00ebraf\u00ebrsisht 1.5kg \u00ebsht\u00eb gj\u00ebndra me e madhe n\u00eb trup. Detyrat e tij m\u00eb t\u00eb r\u00ebnd\u00ebsishme p\u00ebrfshijn\u00eb detoksifikimin, ruajtjen e sheqernave, metabolizmin e yndyrave dhe[&#8230;]<\/p>\n","protected":false},"featured_media":7083,"comment_status":"open","ping_status":"closed","template":"","meta":{"_acf_changed":false,"inline_featured_image":false},"kategori-sipas-dietave":[89],"kategori-sipas-problemeve-shende":[83],"product_brand":[32],"product_cat":[80,42],"product_tag":[],"class_list":{"0":"post-7032","1":"product","2":"type-product","3":"status-publish","4":"has-post-thumbnail","6":"kategori-sipas-dietave-vegan","7":"kategori-sipas-problemeve-shende-tretje-detox","8":"product_brand-bioagros","9":"product_cat-suplemente-superfoods","10":"product_cat-suplemente-bio","12":"first","13":"instock","14":"taxable","15":"shipping-taxable","16":"purchasable","17":"product-type-simple"},"acf":[],"yoast_head":"<!-- This site is optimized with the Yoast SEO plugin v27.4 - https:\/\/yoast.com\/product\/yoast-seo-wordpress\/ -->\n<title>PHARMAVITAL Silymarin Forte - Edesia<\/title>\n<meta name=\"robots\" content=\"index, follow, max-snippet:-1, max-image-preview:large, max-video-preview:-1\" \/>\n<link rel=\"canonical\" href=\"https:\/\/www.edesia.al\/?product=pharmavital-silymarin-forte\" \/>\n<meta property=\"og:locale\" content=\"en_US\" \/>\n<meta property=\"og:type\" content=\"article\" \/>\n<meta property=\"og:title\" content=\"PHARMAVITAL Silymarin Forte - Edesia\" \/>\n<meta property=\"og:description\" content=\"PHARMAVITAL Silymarin Forte\u00a0 (120 kapsula) PharmaVital Silymarin Forte \u00ebsht\u00eb nj\u00eb suplement dietik i krijuar p\u00ebr t\u00eb ndikuar n\u00eb m\u00ebl\u00e7in\u00eb tuaj, ku \u00ebsht\u00eb nj\u00eb nga organet e r\u00ebnd\u00ebsishme metabolike t\u00eb trupit.Duke peshuar p\u00ebraf\u00ebrsisht 1.5kg \u00ebsht\u00eb gj\u00ebndra me e madhe n\u00eb trup. Detyrat e tij m\u00eb t\u00eb r\u00ebnd\u00ebsishme p\u00ebrfshijn\u00eb detoksifikimin, ruajtjen e sheqernave, metabolizmin e yndyrave dhe[...]\" \/>\n<meta property=\"og:url\" content=\"https:\/\/www.edesia.al\/?product=pharmavital-silymarin-forte\" \/>\n<meta property=\"og:site_name\" content=\"Edesia\" \/>\n<meta property=\"article:modified_time\" content=\"2026-02-25T11:19:27+00:00\" \/>\n<meta property=\"og:image\" content=\"https:\/\/www.edesia.al\/wp-content\/uploads\/2026\/02\/039510004-1.png\" \/>\n\t<meta property=\"og:image:width\" content=\"535\" \/>\n\t<meta property=\"og:image:height\" content=\"335\" \/>\n\t<meta property=\"og:image:type\" content=\"image\/png\" \/>\n<meta name=\"twitter:card\" content=\"summary_large_image\" \/>\n<meta name=\"twitter:label1\" content=\"Est. reading time\" \/>\n\t<meta name=\"twitter:data1\" content=\"1 minute\" \/>\n<script type=\"application\/ld+json\" class=\"yoast-schema-graph\">{\"@context\":\"https:\\\/\\\/schema.org\",\"@graph\":[{\"@type\":\"WebPage\",\"@id\":\"https:\\\/\\\/www.edesia.al\\\/?product=pharmavital-silymarin-forte\",\"url\":\"https:\\\/\\\/www.edesia.al\\\/?product=pharmavital-silymarin-forte\",\"name\":\"PHARMAVITAL Silymarin Forte - Edesia\",\"isPartOf\":{\"@id\":\"https:\\\/\\\/www.edesia.al\\\/#website\"},\"primaryImageOfPage\":{\"@id\":\"https:\\\/\\\/www.edesia.al\\\/?product=pharmavital-silymarin-forte#primaryimage\"},\"image\":{\"@id\":\"https:\\\/\\\/www.edesia.al\\\/?product=pharmavital-silymarin-forte#primaryimage\"},\"thumbnailUrl\":\"https:\\\/\\\/www.edesia.al\\\/wp-content\\\/uploads\\\/2026\\\/02\\\/039510004-1.png\",\"datePublished\":\"2026-02-16T21:12:19+00:00\",\"dateModified\":\"2026-02-25T11:19:27+00:00\",\"breadcrumb\":{\"@id\":\"https:\\\/\\\/www.edesia.al\\\/?product=pharmavital-silymarin-forte#breadcrumb\"},\"inLanguage\":\"en-US\",\"potentialAction\":[{\"@type\":\"ReadAction\",\"target\":[\"https:\\\/\\\/www.edesia.al\\\/?product=pharmavital-silymarin-forte\"]}]},{\"@type\":\"ImageObject\",\"inLanguage\":\"en-US\",\"@id\":\"https:\\\/\\\/www.edesia.al\\\/?product=pharmavital-silymarin-forte#primaryimage\",\"url\":\"https:\\\/\\\/www.edesia.al\\\/wp-content\\\/uploads\\\/2026\\\/02\\\/039510004-1.png\",\"contentUrl\":\"https:\\\/\\\/www.edesia.al\\\/wp-content\\\/uploads\\\/2026\\\/02\\\/039510004-1.png\",\"width\":535,\"height\":335},{\"@type\":\"BreadcrumbList\",\"@id\":\"https:\\\/\\\/www.edesia.al\\\/?product=pharmavital-silymarin-forte#breadcrumb\",\"itemListElement\":[{\"@type\":\"ListItem\",\"position\":1,\"name\":\"Home\",\"item\":\"https:\\\/\\\/www.edesia.al\\\/\"},{\"@type\":\"ListItem\",\"position\":2,\"name\":\"Dyqani\",\"item\":\"https:\\\/\\\/www.edesia.al\\\/?page_id=17\"},{\"@type\":\"ListItem\",\"position\":3,\"name\":\"PHARMAVITAL Silymarin Forte\"}]},{\"@type\":\"WebSite\",\"@id\":\"https:\\\/\\\/www.edesia.al\\\/#website\",\"url\":\"https:\\\/\\\/www.edesia.al\\\/\",\"name\":\"Edesia\",\"description\":\"\",\"publisher\":{\"@id\":\"https:\\\/\\\/www.edesia.al\\\/#organization\"},\"potentialAction\":[{\"@type\":\"SearchAction\",\"target\":{\"@type\":\"EntryPoint\",\"urlTemplate\":\"https:\\\/\\\/www.edesia.al\\\/?s={search_term_string}\"},\"query-input\":{\"@type\":\"PropertyValueSpecification\",\"valueRequired\":true,\"valueName\":\"search_term_string\"}}],\"inLanguage\":\"en-US\"},{\"@type\":\"Organization\",\"@id\":\"https:\\\/\\\/www.edesia.al\\\/#organization\",\"name\":\"Edesia\",\"url\":\"https:\\\/\\\/www.edesia.al\\\/\",\"logo\":{\"@type\":\"ImageObject\",\"inLanguage\":\"en-US\",\"@id\":\"https:\\\/\\\/www.edesia.al\\\/#\\\/schema\\\/logo\\\/image\\\/\",\"url\":\"https:\\\/\\\/www.edesia.al\\\/wp-content\\\/uploads\\\/2026\\\/02\\\/Logo-Edesia-no-background.png\",\"contentUrl\":\"https:\\\/\\\/www.edesia.al\\\/wp-content\\\/uploads\\\/2026\\\/02\\\/Logo-Edesia-no-background.png\",\"width\":293,\"height\":158,\"caption\":\"Edesia\"},\"image\":{\"@id\":\"https:\\\/\\\/www.edesia.al\\\/#\\\/schema\\\/logo\\\/image\\\/\"}}]}<\/script>\n<!-- \/ Yoast SEO plugin. -->","yoast_head_json":{"title":"PHARMAVITAL Silymarin Forte - Edesia","robots":{"index":"index","follow":"follow","max-snippet":"max-snippet:-1","max-image-preview":"max-image-preview:large","max-video-preview":"max-video-preview:-1"},"canonical":"https:\/\/www.edesia.al\/?product=pharmavital-silymarin-forte","og_locale":"en_US","og_type":"article","og_title":"PHARMAVITAL Silymarin Forte - Edesia","og_description":"PHARMAVITAL Silymarin Forte\u00a0 (120 kapsula) PharmaVital Silymarin Forte \u00ebsht\u00eb nj\u00eb suplement dietik i krijuar p\u00ebr t\u00eb ndikuar n\u00eb m\u00ebl\u00e7in\u00eb tuaj, ku \u00ebsht\u00eb nj\u00eb nga organet e r\u00ebnd\u00ebsishme metabolike t\u00eb trupit.Duke peshuar p\u00ebraf\u00ebrsisht 1.5kg \u00ebsht\u00eb gj\u00ebndra me e madhe n\u00eb trup. Detyrat e tij m\u00eb t\u00eb r\u00ebnd\u00ebsishme p\u00ebrfshijn\u00eb detoksifikimin, ruajtjen e sheqernave, metabolizmin e yndyrave dhe[...]","og_url":"https:\/\/www.edesia.al\/?product=pharmavital-silymarin-forte","og_site_name":"Edesia","article_modified_time":"2026-02-25T11:19:27+00:00","og_image":[{"width":535,"height":335,"url":"https:\/\/www.edesia.al\/wp-content\/uploads\/2026\/02\/039510004-1.png","type":"image\/png"}],"twitter_card":"summary_large_image","twitter_misc":{"Est. reading time":"1 minute"},"schema":{"@context":"https:\/\/schema.org","@graph":[{"@type":"WebPage","@id":"https:\/\/www.edesia.al\/?product=pharmavital-silymarin-forte","url":"https:\/\/www.edesia.al\/?product=pharmavital-silymarin-forte","name":"PHARMAVITAL Silymarin Forte - Edesia","isPartOf":{"@id":"https:\/\/www.edesia.al\/#website"},"primaryImageOfPage":{"@id":"https:\/\/www.edesia.al\/?product=pharmavital-silymarin-forte#primaryimage"},"image":{"@id":"https:\/\/www.edesia.al\/?product=pharmavital-silymarin-forte#primaryimage"},"thumbnailUrl":"https:\/\/www.edesia.al\/wp-content\/uploads\/2026\/02\/039510004-1.png","datePublished":"2026-02-16T21:12:19+00:00","dateModified":"2026-02-25T11:19:27+00:00","breadcrumb":{"@id":"https:\/\/www.edesia.al\/?product=pharmavital-silymarin-forte#breadcrumb"},"inLanguage":"en-US","potentialAction":[{"@type":"ReadAction","target":["https:\/\/www.edesia.al\/?product=pharmavital-silymarin-forte"]}]},{"@type":"ImageObject","inLanguage":"en-US","@id":"https:\/\/www.edesia.al\/?product=pharmavital-silymarin-forte#primaryimage","url":"https:\/\/www.edesia.al\/wp-content\/uploads\/2026\/02\/039510004-1.png","contentUrl":"https:\/\/www.edesia.al\/wp-content\/uploads\/2026\/02\/039510004-1.png","width":535,"height":335},{"@type":"BreadcrumbList","@id":"https:\/\/www.edesia.al\/?product=pharmavital-silymarin-forte#breadcrumb","itemListElement":[{"@type":"ListItem","position":1,"name":"Home","item":"https:\/\/www.edesia.al\/"},{"@type":"ListItem","position":2,"name":"Dyqani","item":"https:\/\/www.edesia.al\/?page_id=17"},{"@type":"ListItem","position":3,"name":"PHARMAVITAL Silymarin Forte"}]},{"@type":"WebSite","@id":"https:\/\/www.edesia.al\/#website","url":"https:\/\/www.edesia.al\/","name":"Edesia","description":"","publisher":{"@id":"https:\/\/www.edesia.al\/#organization"},"potentialAction":[{"@type":"SearchAction","target":{"@type":"EntryPoint","urlTemplate":"https:\/\/www.edesia.al\/?s={search_term_string}"},"query-input":{"@type":"PropertyValueSpecification","valueRequired":true,"valueName":"search_term_string"}}],"inLanguage":"en-US"},{"@type":"Organization","@id":"https:\/\/www.edesia.al\/#organization","name":"Edesia","url":"https:\/\/www.edesia.al\/","logo":{"@type":"ImageObject","inLanguage":"en-US","@id":"https:\/\/www.edesia.al\/#\/schema\/logo\/image\/","url":"https:\/\/www.edesia.al\/wp-content\/uploads\/2026\/02\/Logo-Edesia-no-background.png","contentUrl":"https:\/\/www.edesia.al\/wp-content\/uploads\/2026\/02\/Logo-Edesia-no-background.png","width":293,"height":158,"caption":"Edesia"},"image":{"@id":"https:\/\/www.edesia.al\/#\/schema\/logo\/image\/"}}]}},"_links":{"self":[{"href":"https:\/\/www.edesia.al\/index.php?rest_route=\/wp\/v2\/product\/7032","targetHints":{"allow":["GET"]}}],"collection":[{"href":"https:\/\/www.edesia.al\/index.php?rest_route=\/wp\/v2\/product"}],"about":[{"href":"https:\/\/www.edesia.al\/index.php?rest_route=\/wp\/v2\/types\/product"}],"replies":[{"embeddable":true,"href":"https:\/\/www.edesia.al\/index.php?rest_route=%2Fwp%2Fv2%2Fcomments&post=7032"}],"wp:featuredmedia":[{"embeddable":true,"href":"https:\/\/www.edesia.al\/index.php?rest_route=\/wp\/v2\/media\/7083"}],"wp:attachment":[{"href":"https:\/\/www.edesia.al\/index.php?rest_route=%2Fwp%2Fv2%2Fmedia&parent=7032"}],"wp:term":[{"taxonomy":"kategori-sipas-dietave","embeddable":true,"href":"https:\/\/www.edesia.al\/index.php?rest_route=%2Fwp%2Fv2%2Fkategori-sipas-dietave&post=7032"},{"taxonomy":"kategori-sipas-problemeve-shende","embeddable":true,"href":"https:\/\/www.edesia.al\/index.php?rest_route=%2Fwp%2Fv2%2Fkategori-sipas-problemeve-shende&post=7032"},{"taxonomy":"product_brand","embeddable":true,"href":"https:\/\/www.edesia.al\/index.php?rest_route=%2Fwp%2Fv2%2Fproduct_brand&post=7032"},{"taxonomy":"product_cat","embeddable":true,"href":"https:\/\/www.edesia.al\/index.php?rest_route=%2Fwp%2Fv2%2Fproduct_cat&post=7032"},{"taxonomy":"product_tag","embeddable":true,"href":"https:\/\/www.edesia.al\/index.php?rest_route=%2Fwp%2Fv2%2Fproduct_tag&post=7032"}],"curies":[{"name":"wp","href":"https:\/\/api.w.org\/{rel}","templated":true}]}}