{"id":7036,"date":"2026-02-16T21:12:20","date_gmt":"2026-02-16T21:12:20","guid":{"rendered":"https:\/\/www.edesia.al\/?post_type=product&#038;p=7036"},"modified":"2026-02-25T11:21:32","modified_gmt":"2026-02-25T11:21:32","slug":"deodorant-stick-forever-fresh","status":"publish","type":"product","link":"https:\/\/www.edesia.al\/?product=deodorant-stick-forever-fresh","title":{"rendered":"Deodorant Stick &#8220;Forever Fresh&#8221;"},"content":{"rendered":"<h3>Deodorant Stick &#8220;Forever Fresh&#8221; (58ml)<\/h3>\n<p>Marka &#8220;We Love Planet&#8221; ka sjell nj\u00eb koleksion t\u00eb t\u00ebr\u00eb antidjesash n\u00eb formatin stick. Ky deodorant inovativ\u00eb \u00ebsht\u00eb formuluar me p\u00ebrb\u00ebr\u00ebs organik\u00eb dhe natyral\u00eb p\u00ebr t\u00eb ofruar nj\u00eb mbrojtje t\u00eb q\u00ebndrueshme\u00a0 gjat\u00eb gjith\u00eb dit\u00ebs. Arom\u00eb e fresk\u00ebt dhe t\u00eb past\u00ebr, &#8220;Forever Fresh&#8221; siguron nj\u00eb ndjenj\u00eb t\u00eb q\u00ebndrueshme t\u00eb freskis\u00eb pa p\u00ebrdorur kimikate t\u00eb rrezikshme.<\/p>\n<h4>P\u00ebrb\u00ebr\u00ebsit kryesore:<\/h4>\n<ul>\n<li>Vaj kokosi<\/li>\n<li>Sodium Bicarbonate<\/li>\n<li>Vaj esencial limoni<\/li>\n<li>Vaj esencial patchuli<\/li>\n<li>Niseshte misri<\/li>\n<li>Ekstrakt lule dielli<\/li>\n<\/ul>\n<h4>Nuk p\u00ebrmban:<\/h4>\n<ul>\n<li>Metale t\u00eb r\u00ebnda si alumini<\/li>\n<li>Parabene<\/li>\n<li>Ngjyrues artificial<\/li>\n<li>Arome artificiale sintetike<\/li>\n<\/ul>\n<h4>*I certifikuar Organik<\/h4>\n","protected":false},"excerpt":{"rendered":"<p>Deodorant Stick &#8220;Forever Fresh&#8221; (58ml) Marka &#8220;We Love Planet&#8221; ka sjell nj\u00eb koleksion t\u00eb t\u00ebr\u00eb antidjesash n\u00eb formatin stick. Ky deodorant inovativ\u00eb \u00ebsht\u00eb formuluar me p\u00ebrb\u00ebr\u00ebs organik\u00eb dhe natyral\u00eb p\u00ebr t\u00eb ofruar nj\u00eb mbrojtje t\u00eb q\u00ebndrueshme\u00a0 gjat\u00eb gjith\u00eb dit\u00ebs. Arom\u00eb e fresk\u00ebt dhe t\u00eb past\u00ebr, &#8220;Forever Fresh&#8221; siguron nj\u00eb ndjenj\u00eb t\u00eb q\u00ebndrueshme t\u00eb freskis\u00eb pa[&#8230;]<\/p>\n","protected":false},"featured_media":7086,"comment_status":"open","ping_status":"closed","template":"","meta":{"_acf_changed":false,"inline_featured_image":false},"kategori-sipas-dietave":[],"kategori-sipas-problemeve-shende":[],"product_brand":[96],"product_cat":[24,79,23],"product_tag":[],"class_list":{"0":"post-7036","1":"product","2":"type-product","3":"status-publish","4":"has-post-thumbnail","6":"product_brand-beauty-life","7":"product_cat-deodorante-natyrale","8":"product_cat-kozmetike-kujdes-personal","9":"product_cat-vajra-kozmetike","11":"first","12":"instock","13":"taxable","14":"shipping-taxable","15":"purchasable","16":"product-type-simple"},"acf":[],"yoast_head":"<!-- This site is optimized with the Yoast SEO plugin v27.4 - https:\/\/yoast.com\/product\/yoast-seo-wordpress\/ -->\n<title>Deodorant Stick &quot;Forever Fresh&quot; - Edesia<\/title>\n<meta name=\"robots\" content=\"index, follow, max-snippet:-1, max-image-preview:large, max-video-preview:-1\" \/>\n<link rel=\"canonical\" href=\"https:\/\/www.edesia.al\/?product=deodorant-stick-forever-fresh\" \/>\n<meta property=\"og:locale\" content=\"en_US\" \/>\n<meta property=\"og:type\" content=\"article\" \/>\n<meta property=\"og:title\" content=\"Deodorant Stick &quot;Forever Fresh&quot; - Edesia\" \/>\n<meta property=\"og:description\" content=\"Deodorant Stick &#8220;Forever Fresh&#8221; (58ml) Marka &#8220;We Love Planet&#8221; ka sjell nj\u00eb koleksion t\u00eb t\u00ebr\u00eb antidjesash n\u00eb formatin stick. Ky deodorant inovativ\u00eb \u00ebsht\u00eb formuluar me p\u00ebrb\u00ebr\u00ebs organik\u00eb dhe natyral\u00eb p\u00ebr t\u00eb ofruar nj\u00eb mbrojtje t\u00eb q\u00ebndrueshme\u00a0 gjat\u00eb gjith\u00eb dit\u00ebs. Arom\u00eb e fresk\u00ebt dhe t\u00eb past\u00ebr, &#8220;Forever Fresh&#8221; siguron nj\u00eb ndjenj\u00eb t\u00eb q\u00ebndrueshme t\u00eb freskis\u00eb pa[...]\" \/>\n<meta property=\"og:url\" content=\"https:\/\/www.edesia.al\/?product=deodorant-stick-forever-fresh\" \/>\n<meta property=\"og:site_name\" content=\"Edesia\" \/>\n<meta property=\"article:modified_time\" content=\"2026-02-25T11:21:32+00:00\" \/>\n<meta property=\"og:image\" content=\"https:\/\/www.edesia.al\/wp-content\/uploads\/2026\/02\/7f33736860077fa08c3eb0231c355b387d62bec6_fr_FR-1.png\" \/>\n\t<meta property=\"og:image:width\" content=\"600\" \/>\n\t<meta property=\"og:image:height\" content=\"600\" \/>\n\t<meta property=\"og:image:type\" content=\"image\/png\" \/>\n<meta name=\"twitter:card\" content=\"summary_large_image\" \/>\n<meta name=\"twitter:label1\" content=\"Est. reading time\" \/>\n\t<meta name=\"twitter:data1\" content=\"1 minute\" \/>\n<script type=\"application\/ld+json\" class=\"yoast-schema-graph\">{\"@context\":\"https:\\\/\\\/schema.org\",\"@graph\":[{\"@type\":\"WebPage\",\"@id\":\"https:\\\/\\\/www.edesia.al\\\/?product=deodorant-stick-forever-fresh\",\"url\":\"https:\\\/\\\/www.edesia.al\\\/?product=deodorant-stick-forever-fresh\",\"name\":\"Deodorant Stick \\\"Forever Fresh\\\" - Edesia\",\"isPartOf\":{\"@id\":\"https:\\\/\\\/www.edesia.al\\\/#website\"},\"primaryImageOfPage\":{\"@id\":\"https:\\\/\\\/www.edesia.al\\\/?product=deodorant-stick-forever-fresh#primaryimage\"},\"image\":{\"@id\":\"https:\\\/\\\/www.edesia.al\\\/?product=deodorant-stick-forever-fresh#primaryimage\"},\"thumbnailUrl\":\"https:\\\/\\\/www.edesia.al\\\/wp-content\\\/uploads\\\/2026\\\/02\\\/7f33736860077fa08c3eb0231c355b387d62bec6_fr_FR-1.png\",\"datePublished\":\"2026-02-16T21:12:20+00:00\",\"dateModified\":\"2026-02-25T11:21:32+00:00\",\"breadcrumb\":{\"@id\":\"https:\\\/\\\/www.edesia.al\\\/?product=deodorant-stick-forever-fresh#breadcrumb\"},\"inLanguage\":\"en-US\",\"potentialAction\":[{\"@type\":\"ReadAction\",\"target\":[\"https:\\\/\\\/www.edesia.al\\\/?product=deodorant-stick-forever-fresh\"]}]},{\"@type\":\"ImageObject\",\"inLanguage\":\"en-US\",\"@id\":\"https:\\\/\\\/www.edesia.al\\\/?product=deodorant-stick-forever-fresh#primaryimage\",\"url\":\"https:\\\/\\\/www.edesia.al\\\/wp-content\\\/uploads\\\/2026\\\/02\\\/7f33736860077fa08c3eb0231c355b387d62bec6_fr_FR-1.png\",\"contentUrl\":\"https:\\\/\\\/www.edesia.al\\\/wp-content\\\/uploads\\\/2026\\\/02\\\/7f33736860077fa08c3eb0231c355b387d62bec6_fr_FR-1.png\",\"width\":600,\"height\":600},{\"@type\":\"BreadcrumbList\",\"@id\":\"https:\\\/\\\/www.edesia.al\\\/?product=deodorant-stick-forever-fresh#breadcrumb\",\"itemListElement\":[{\"@type\":\"ListItem\",\"position\":1,\"name\":\"Home\",\"item\":\"https:\\\/\\\/www.edesia.al\\\/\"},{\"@type\":\"ListItem\",\"position\":2,\"name\":\"Dyqani\",\"item\":\"https:\\\/\\\/www.edesia.al\\\/?page_id=17\"},{\"@type\":\"ListItem\",\"position\":3,\"name\":\"Deodorant Stick &#8220;Forever Fresh&#8221;\"}]},{\"@type\":\"WebSite\",\"@id\":\"https:\\\/\\\/www.edesia.al\\\/#website\",\"url\":\"https:\\\/\\\/www.edesia.al\\\/\",\"name\":\"Edesia\",\"description\":\"\",\"publisher\":{\"@id\":\"https:\\\/\\\/www.edesia.al\\\/#organization\"},\"potentialAction\":[{\"@type\":\"SearchAction\",\"target\":{\"@type\":\"EntryPoint\",\"urlTemplate\":\"https:\\\/\\\/www.edesia.al\\\/?s={search_term_string}\"},\"query-input\":{\"@type\":\"PropertyValueSpecification\",\"valueRequired\":true,\"valueName\":\"search_term_string\"}}],\"inLanguage\":\"en-US\"},{\"@type\":\"Organization\",\"@id\":\"https:\\\/\\\/www.edesia.al\\\/#organization\",\"name\":\"Edesia\",\"url\":\"https:\\\/\\\/www.edesia.al\\\/\",\"logo\":{\"@type\":\"ImageObject\",\"inLanguage\":\"en-US\",\"@id\":\"https:\\\/\\\/www.edesia.al\\\/#\\\/schema\\\/logo\\\/image\\\/\",\"url\":\"https:\\\/\\\/www.edesia.al\\\/wp-content\\\/uploads\\\/2026\\\/02\\\/Logo-Edesia-no-background.png\",\"contentUrl\":\"https:\\\/\\\/www.edesia.al\\\/wp-content\\\/uploads\\\/2026\\\/02\\\/Logo-Edesia-no-background.png\",\"width\":293,\"height\":158,\"caption\":\"Edesia\"},\"image\":{\"@id\":\"https:\\\/\\\/www.edesia.al\\\/#\\\/schema\\\/logo\\\/image\\\/\"}}]}<\/script>\n<!-- \/ Yoast SEO plugin. -->","yoast_head_json":{"title":"Deodorant Stick \"Forever Fresh\" - Edesia","robots":{"index":"index","follow":"follow","max-snippet":"max-snippet:-1","max-image-preview":"max-image-preview:large","max-video-preview":"max-video-preview:-1"},"canonical":"https:\/\/www.edesia.al\/?product=deodorant-stick-forever-fresh","og_locale":"en_US","og_type":"article","og_title":"Deodorant Stick \"Forever Fresh\" - Edesia","og_description":"Deodorant Stick &#8220;Forever Fresh&#8221; (58ml) Marka &#8220;We Love Planet&#8221; ka sjell nj\u00eb koleksion t\u00eb t\u00ebr\u00eb antidjesash n\u00eb formatin stick. Ky deodorant inovativ\u00eb \u00ebsht\u00eb formuluar me p\u00ebrb\u00ebr\u00ebs organik\u00eb dhe natyral\u00eb p\u00ebr t\u00eb ofruar nj\u00eb mbrojtje t\u00eb q\u00ebndrueshme\u00a0 gjat\u00eb gjith\u00eb dit\u00ebs. Arom\u00eb e fresk\u00ebt dhe t\u00eb past\u00ebr, &#8220;Forever Fresh&#8221; siguron nj\u00eb ndjenj\u00eb t\u00eb q\u00ebndrueshme t\u00eb freskis\u00eb pa[...]","og_url":"https:\/\/www.edesia.al\/?product=deodorant-stick-forever-fresh","og_site_name":"Edesia","article_modified_time":"2026-02-25T11:21:32+00:00","og_image":[{"width":600,"height":600,"url":"https:\/\/www.edesia.al\/wp-content\/uploads\/2026\/02\/7f33736860077fa08c3eb0231c355b387d62bec6_fr_FR-1.png","type":"image\/png"}],"twitter_card":"summary_large_image","twitter_misc":{"Est. reading time":"1 minute"},"schema":{"@context":"https:\/\/schema.org","@graph":[{"@type":"WebPage","@id":"https:\/\/www.edesia.al\/?product=deodorant-stick-forever-fresh","url":"https:\/\/www.edesia.al\/?product=deodorant-stick-forever-fresh","name":"Deodorant Stick \"Forever Fresh\" - Edesia","isPartOf":{"@id":"https:\/\/www.edesia.al\/#website"},"primaryImageOfPage":{"@id":"https:\/\/www.edesia.al\/?product=deodorant-stick-forever-fresh#primaryimage"},"image":{"@id":"https:\/\/www.edesia.al\/?product=deodorant-stick-forever-fresh#primaryimage"},"thumbnailUrl":"https:\/\/www.edesia.al\/wp-content\/uploads\/2026\/02\/7f33736860077fa08c3eb0231c355b387d62bec6_fr_FR-1.png","datePublished":"2026-02-16T21:12:20+00:00","dateModified":"2026-02-25T11:21:32+00:00","breadcrumb":{"@id":"https:\/\/www.edesia.al\/?product=deodorant-stick-forever-fresh#breadcrumb"},"inLanguage":"en-US","potentialAction":[{"@type":"ReadAction","target":["https:\/\/www.edesia.al\/?product=deodorant-stick-forever-fresh"]}]},{"@type":"ImageObject","inLanguage":"en-US","@id":"https:\/\/www.edesia.al\/?product=deodorant-stick-forever-fresh#primaryimage","url":"https:\/\/www.edesia.al\/wp-content\/uploads\/2026\/02\/7f33736860077fa08c3eb0231c355b387d62bec6_fr_FR-1.png","contentUrl":"https:\/\/www.edesia.al\/wp-content\/uploads\/2026\/02\/7f33736860077fa08c3eb0231c355b387d62bec6_fr_FR-1.png","width":600,"height":600},{"@type":"BreadcrumbList","@id":"https:\/\/www.edesia.al\/?product=deodorant-stick-forever-fresh#breadcrumb","itemListElement":[{"@type":"ListItem","position":1,"name":"Home","item":"https:\/\/www.edesia.al\/"},{"@type":"ListItem","position":2,"name":"Dyqani","item":"https:\/\/www.edesia.al\/?page_id=17"},{"@type":"ListItem","position":3,"name":"Deodorant Stick &#8220;Forever Fresh&#8221;"}]},{"@type":"WebSite","@id":"https:\/\/www.edesia.al\/#website","url":"https:\/\/www.edesia.al\/","name":"Edesia","description":"","publisher":{"@id":"https:\/\/www.edesia.al\/#organization"},"potentialAction":[{"@type":"SearchAction","target":{"@type":"EntryPoint","urlTemplate":"https:\/\/www.edesia.al\/?s={search_term_string}"},"query-input":{"@type":"PropertyValueSpecification","valueRequired":true,"valueName":"search_term_string"}}],"inLanguage":"en-US"},{"@type":"Organization","@id":"https:\/\/www.edesia.al\/#organization","name":"Edesia","url":"https:\/\/www.edesia.al\/","logo":{"@type":"ImageObject","inLanguage":"en-US","@id":"https:\/\/www.edesia.al\/#\/schema\/logo\/image\/","url":"https:\/\/www.edesia.al\/wp-content\/uploads\/2026\/02\/Logo-Edesia-no-background.png","contentUrl":"https:\/\/www.edesia.al\/wp-content\/uploads\/2026\/02\/Logo-Edesia-no-background.png","width":293,"height":158,"caption":"Edesia"},"image":{"@id":"https:\/\/www.edesia.al\/#\/schema\/logo\/image\/"}}]}},"_links":{"self":[{"href":"https:\/\/www.edesia.al\/index.php?rest_route=\/wp\/v2\/product\/7036","targetHints":{"allow":["GET"]}}],"collection":[{"href":"https:\/\/www.edesia.al\/index.php?rest_route=\/wp\/v2\/product"}],"about":[{"href":"https:\/\/www.edesia.al\/index.php?rest_route=\/wp\/v2\/types\/product"}],"replies":[{"embeddable":true,"href":"https:\/\/www.edesia.al\/index.php?rest_route=%2Fwp%2Fv2%2Fcomments&post=7036"}],"wp:featuredmedia":[{"embeddable":true,"href":"https:\/\/www.edesia.al\/index.php?rest_route=\/wp\/v2\/media\/7086"}],"wp:attachment":[{"href":"https:\/\/www.edesia.al\/index.php?rest_route=%2Fwp%2Fv2%2Fmedia&parent=7036"}],"wp:term":[{"taxonomy":"kategori-sipas-dietave","embeddable":true,"href":"https:\/\/www.edesia.al\/index.php?rest_route=%2Fwp%2Fv2%2Fkategori-sipas-dietave&post=7036"},{"taxonomy":"kategori-sipas-problemeve-shende","embeddable":true,"href":"https:\/\/www.edesia.al\/index.php?rest_route=%2Fwp%2Fv2%2Fkategori-sipas-problemeve-shende&post=7036"},{"taxonomy":"product_brand","embeddable":true,"href":"https:\/\/www.edesia.al\/index.php?rest_route=%2Fwp%2Fv2%2Fproduct_brand&post=7036"},{"taxonomy":"product_cat","embeddable":true,"href":"https:\/\/www.edesia.al\/index.php?rest_route=%2Fwp%2Fv2%2Fproduct_cat&post=7036"},{"taxonomy":"product_tag","embeddable":true,"href":"https:\/\/www.edesia.al\/index.php?rest_route=%2Fwp%2Fv2%2Fproduct_tag&post=7036"}],"curies":[{"name":"wp","href":"https:\/\/api.w.org\/{rel}","templated":true}]}}