{"id":7063,"date":"2026-02-16T21:12:42","date_gmt":"2026-02-16T21:12:42","guid":{"rendered":"https:\/\/www.edesia.al\/?post_type=product&#038;p=7063"},"modified":"2026-02-25T11:26:50","modified_gmt":"2026-02-25T11:26:50","slug":"sheqer-vanilje-bourbon","status":"publish","type":"product","link":"https:\/\/www.edesia.al\/?product=sheqer-vanilje-bourbon","title":{"rendered":"Sheqer Vanilje (Bourbon)"},"content":{"rendered":"<h3>Sheqer Vanilje (Bourbon) 8 g<\/h3>\n<p>Bourbon t\u00eb v\u00ebrtet\u00eb vanilje dhe sheqer kaf (Biovegan) \u00ebsht\u00eb ideal p\u00ebr t\u00eb gjitha \u00ebmb\u00eblsirat. Nuk p\u00ebrmban aroma shtes\u00eb, \u00ebsht\u00eb gluten free &amp; vegane.<\/p>\n<p>Nj\u00eb paketim 8g sheqer vanilje mjafton p\u00ebr 500 g miell ose p\u00ebr nj\u00eb lit\u00ebr uj\u00eb.<\/p>\n","protected":false},"excerpt":{"rendered":"<p>Sheqer Vanilje (Bourbon) 8 g Bourbon t\u00eb v\u00ebrtet\u00eb vanilje dhe sheqer kaf (Biovegan) \u00ebsht\u00eb ideal p\u00ebr t\u00eb gjitha \u00ebmb\u00eblsirat. Nuk p\u00ebrmban aroma shtes\u00eb, \u00ebsht\u00eb gluten free &amp; vegane. Nj\u00eb paketim 8g sheqer vanilje mjafton p\u00ebr 500 g miell ose p\u00ebr nj\u00eb lit\u00ebr uj\u00eb.<\/p>\n","protected":false},"featured_media":7092,"comment_status":"open","ping_status":"closed","template":"","meta":{"_acf_changed":false,"inline_featured_image":false},"kategori-sipas-dietave":[95],"kategori-sipas-problemeve-shende":[88],"product_brand":[32],"product_cat":[46,26],"product_tag":[],"class_list":{"0":"post-7063","1":"product","2":"type-product","3":"status-publish","4":"has-post-thumbnail","6":"kategori-sipas-dietave-pa-gluten","7":"kategori-sipas-problemeve-shende-gluten-free-celiak-alergjik","8":"product_brand-bioagros","9":"product_cat-sheqer-bio","10":"product_cat-ushqime-bio","12":"first","13":"instock","14":"taxable","15":"shipping-taxable","16":"purchasable","17":"product-type-simple"},"acf":[],"yoast_head":"<!-- This site is optimized with the Yoast SEO plugin v27.4 - https:\/\/yoast.com\/product\/yoast-seo-wordpress\/ -->\n<title>Sheqer Vanilje (Bourbon) - Edesia<\/title>\n<meta name=\"robots\" content=\"index, follow, max-snippet:-1, max-image-preview:large, max-video-preview:-1\" \/>\n<link rel=\"canonical\" href=\"https:\/\/www.edesia.al\/?product=sheqer-vanilje-bourbon\" \/>\n<meta property=\"og:locale\" content=\"en_US\" \/>\n<meta property=\"og:type\" content=\"article\" \/>\n<meta property=\"og:title\" content=\"Sheqer Vanilje (Bourbon) - Edesia\" \/>\n<meta property=\"og:description\" content=\"Sheqer Vanilje (Bourbon) 8 g Bourbon t\u00eb v\u00ebrtet\u00eb vanilje dhe sheqer kaf (Biovegan) \u00ebsht\u00eb ideal p\u00ebr t\u00eb gjitha \u00ebmb\u00eblsirat. Nuk p\u00ebrmban aroma shtes\u00eb, \u00ebsht\u00eb gluten free &amp; vegane. Nj\u00eb paketim 8g sheqer vanilje mjafton p\u00ebr 500 g miell ose p\u00ebr nj\u00eb lit\u00ebr uj\u00eb.\" \/>\n<meta property=\"og:url\" content=\"https:\/\/www.edesia.al\/?product=sheqer-vanilje-bourbon\" \/>\n<meta property=\"og:site_name\" content=\"Edesia\" \/>\n<meta property=\"article:modified_time\" content=\"2026-02-25T11:26:50+00:00\" \/>\n<meta property=\"og:image\" content=\"https:\/\/www.edesia.al\/wp-content\/uploads\/2026\/02\/121047076-1.png\" \/>\n\t<meta property=\"og:image:width\" content=\"535\" \/>\n\t<meta property=\"og:image:height\" content=\"535\" \/>\n\t<meta property=\"og:image:type\" content=\"image\/png\" \/>\n<meta name=\"twitter:card\" content=\"summary_large_image\" \/>\n<script type=\"application\/ld+json\" class=\"yoast-schema-graph\">{\"@context\":\"https:\\\/\\\/schema.org\",\"@graph\":[{\"@type\":\"WebPage\",\"@id\":\"https:\\\/\\\/www.edesia.al\\\/?product=sheqer-vanilje-bourbon\",\"url\":\"https:\\\/\\\/www.edesia.al\\\/?product=sheqer-vanilje-bourbon\",\"name\":\"Sheqer Vanilje (Bourbon) - Edesia\",\"isPartOf\":{\"@id\":\"https:\\\/\\\/www.edesia.al\\\/#website\"},\"primaryImageOfPage\":{\"@id\":\"https:\\\/\\\/www.edesia.al\\\/?product=sheqer-vanilje-bourbon#primaryimage\"},\"image\":{\"@id\":\"https:\\\/\\\/www.edesia.al\\\/?product=sheqer-vanilje-bourbon#primaryimage\"},\"thumbnailUrl\":\"https:\\\/\\\/www.edesia.al\\\/wp-content\\\/uploads\\\/2026\\\/02\\\/121047076-1.png\",\"datePublished\":\"2026-02-16T21:12:42+00:00\",\"dateModified\":\"2026-02-25T11:26:50+00:00\",\"breadcrumb\":{\"@id\":\"https:\\\/\\\/www.edesia.al\\\/?product=sheqer-vanilje-bourbon#breadcrumb\"},\"inLanguage\":\"en-US\",\"potentialAction\":[{\"@type\":\"ReadAction\",\"target\":[\"https:\\\/\\\/www.edesia.al\\\/?product=sheqer-vanilje-bourbon\"]}]},{\"@type\":\"ImageObject\",\"inLanguage\":\"en-US\",\"@id\":\"https:\\\/\\\/www.edesia.al\\\/?product=sheqer-vanilje-bourbon#primaryimage\",\"url\":\"https:\\\/\\\/www.edesia.al\\\/wp-content\\\/uploads\\\/2026\\\/02\\\/121047076-1.png\",\"contentUrl\":\"https:\\\/\\\/www.edesia.al\\\/wp-content\\\/uploads\\\/2026\\\/02\\\/121047076-1.png\",\"width\":535,\"height\":535},{\"@type\":\"BreadcrumbList\",\"@id\":\"https:\\\/\\\/www.edesia.al\\\/?product=sheqer-vanilje-bourbon#breadcrumb\",\"itemListElement\":[{\"@type\":\"ListItem\",\"position\":1,\"name\":\"Home\",\"item\":\"https:\\\/\\\/www.edesia.al\\\/\"},{\"@type\":\"ListItem\",\"position\":2,\"name\":\"Dyqani\",\"item\":\"https:\\\/\\\/www.edesia.al\\\/?page_id=17\"},{\"@type\":\"ListItem\",\"position\":3,\"name\":\"Sheqer Vanilje (Bourbon)\"}]},{\"@type\":\"WebSite\",\"@id\":\"https:\\\/\\\/www.edesia.al\\\/#website\",\"url\":\"https:\\\/\\\/www.edesia.al\\\/\",\"name\":\"Edesia\",\"description\":\"\",\"publisher\":{\"@id\":\"https:\\\/\\\/www.edesia.al\\\/#organization\"},\"potentialAction\":[{\"@type\":\"SearchAction\",\"target\":{\"@type\":\"EntryPoint\",\"urlTemplate\":\"https:\\\/\\\/www.edesia.al\\\/?s={search_term_string}\"},\"query-input\":{\"@type\":\"PropertyValueSpecification\",\"valueRequired\":true,\"valueName\":\"search_term_string\"}}],\"inLanguage\":\"en-US\"},{\"@type\":\"Organization\",\"@id\":\"https:\\\/\\\/www.edesia.al\\\/#organization\",\"name\":\"Edesia\",\"url\":\"https:\\\/\\\/www.edesia.al\\\/\",\"logo\":{\"@type\":\"ImageObject\",\"inLanguage\":\"en-US\",\"@id\":\"https:\\\/\\\/www.edesia.al\\\/#\\\/schema\\\/logo\\\/image\\\/\",\"url\":\"https:\\\/\\\/www.edesia.al\\\/wp-content\\\/uploads\\\/2026\\\/02\\\/Logo-Edesia-no-background.png\",\"contentUrl\":\"https:\\\/\\\/www.edesia.al\\\/wp-content\\\/uploads\\\/2026\\\/02\\\/Logo-Edesia-no-background.png\",\"width\":293,\"height\":158,\"caption\":\"Edesia\"},\"image\":{\"@id\":\"https:\\\/\\\/www.edesia.al\\\/#\\\/schema\\\/logo\\\/image\\\/\"}}]}<\/script>\n<!-- \/ Yoast SEO plugin. -->","yoast_head_json":{"title":"Sheqer Vanilje (Bourbon) - Edesia","robots":{"index":"index","follow":"follow","max-snippet":"max-snippet:-1","max-image-preview":"max-image-preview:large","max-video-preview":"max-video-preview:-1"},"canonical":"https:\/\/www.edesia.al\/?product=sheqer-vanilje-bourbon","og_locale":"en_US","og_type":"article","og_title":"Sheqer Vanilje (Bourbon) - Edesia","og_description":"Sheqer Vanilje (Bourbon) 8 g Bourbon t\u00eb v\u00ebrtet\u00eb vanilje dhe sheqer kaf (Biovegan) \u00ebsht\u00eb ideal p\u00ebr t\u00eb gjitha \u00ebmb\u00eblsirat. Nuk p\u00ebrmban aroma shtes\u00eb, \u00ebsht\u00eb gluten free &amp; vegane. Nj\u00eb paketim 8g sheqer vanilje mjafton p\u00ebr 500 g miell ose p\u00ebr nj\u00eb lit\u00ebr uj\u00eb.","og_url":"https:\/\/www.edesia.al\/?product=sheqer-vanilje-bourbon","og_site_name":"Edesia","article_modified_time":"2026-02-25T11:26:50+00:00","og_image":[{"width":535,"height":535,"url":"https:\/\/www.edesia.al\/wp-content\/uploads\/2026\/02\/121047076-1.png","type":"image\/png"}],"twitter_card":"summary_large_image","schema":{"@context":"https:\/\/schema.org","@graph":[{"@type":"WebPage","@id":"https:\/\/www.edesia.al\/?product=sheqer-vanilje-bourbon","url":"https:\/\/www.edesia.al\/?product=sheqer-vanilje-bourbon","name":"Sheqer Vanilje (Bourbon) - Edesia","isPartOf":{"@id":"https:\/\/www.edesia.al\/#website"},"primaryImageOfPage":{"@id":"https:\/\/www.edesia.al\/?product=sheqer-vanilje-bourbon#primaryimage"},"image":{"@id":"https:\/\/www.edesia.al\/?product=sheqer-vanilje-bourbon#primaryimage"},"thumbnailUrl":"https:\/\/www.edesia.al\/wp-content\/uploads\/2026\/02\/121047076-1.png","datePublished":"2026-02-16T21:12:42+00:00","dateModified":"2026-02-25T11:26:50+00:00","breadcrumb":{"@id":"https:\/\/www.edesia.al\/?product=sheqer-vanilje-bourbon#breadcrumb"},"inLanguage":"en-US","potentialAction":[{"@type":"ReadAction","target":["https:\/\/www.edesia.al\/?product=sheqer-vanilje-bourbon"]}]},{"@type":"ImageObject","inLanguage":"en-US","@id":"https:\/\/www.edesia.al\/?product=sheqer-vanilje-bourbon#primaryimage","url":"https:\/\/www.edesia.al\/wp-content\/uploads\/2026\/02\/121047076-1.png","contentUrl":"https:\/\/www.edesia.al\/wp-content\/uploads\/2026\/02\/121047076-1.png","width":535,"height":535},{"@type":"BreadcrumbList","@id":"https:\/\/www.edesia.al\/?product=sheqer-vanilje-bourbon#breadcrumb","itemListElement":[{"@type":"ListItem","position":1,"name":"Home","item":"https:\/\/www.edesia.al\/"},{"@type":"ListItem","position":2,"name":"Dyqani","item":"https:\/\/www.edesia.al\/?page_id=17"},{"@type":"ListItem","position":3,"name":"Sheqer Vanilje (Bourbon)"}]},{"@type":"WebSite","@id":"https:\/\/www.edesia.al\/#website","url":"https:\/\/www.edesia.al\/","name":"Edesia","description":"","publisher":{"@id":"https:\/\/www.edesia.al\/#organization"},"potentialAction":[{"@type":"SearchAction","target":{"@type":"EntryPoint","urlTemplate":"https:\/\/www.edesia.al\/?s={search_term_string}"},"query-input":{"@type":"PropertyValueSpecification","valueRequired":true,"valueName":"search_term_string"}}],"inLanguage":"en-US"},{"@type":"Organization","@id":"https:\/\/www.edesia.al\/#organization","name":"Edesia","url":"https:\/\/www.edesia.al\/","logo":{"@type":"ImageObject","inLanguage":"en-US","@id":"https:\/\/www.edesia.al\/#\/schema\/logo\/image\/","url":"https:\/\/www.edesia.al\/wp-content\/uploads\/2026\/02\/Logo-Edesia-no-background.png","contentUrl":"https:\/\/www.edesia.al\/wp-content\/uploads\/2026\/02\/Logo-Edesia-no-background.png","width":293,"height":158,"caption":"Edesia"},"image":{"@id":"https:\/\/www.edesia.al\/#\/schema\/logo\/image\/"}}]}},"_links":{"self":[{"href":"https:\/\/www.edesia.al\/index.php?rest_route=\/wp\/v2\/product\/7063","targetHints":{"allow":["GET"]}}],"collection":[{"href":"https:\/\/www.edesia.al\/index.php?rest_route=\/wp\/v2\/product"}],"about":[{"href":"https:\/\/www.edesia.al\/index.php?rest_route=\/wp\/v2\/types\/product"}],"replies":[{"embeddable":true,"href":"https:\/\/www.edesia.al\/index.php?rest_route=%2Fwp%2Fv2%2Fcomments&post=7063"}],"wp:featuredmedia":[{"embeddable":true,"href":"https:\/\/www.edesia.al\/index.php?rest_route=\/wp\/v2\/media\/7092"}],"wp:attachment":[{"href":"https:\/\/www.edesia.al\/index.php?rest_route=%2Fwp%2Fv2%2Fmedia&parent=7063"}],"wp:term":[{"taxonomy":"kategori-sipas-dietave","embeddable":true,"href":"https:\/\/www.edesia.al\/index.php?rest_route=%2Fwp%2Fv2%2Fkategori-sipas-dietave&post=7063"},{"taxonomy":"kategori-sipas-problemeve-shende","embeddable":true,"href":"https:\/\/www.edesia.al\/index.php?rest_route=%2Fwp%2Fv2%2Fkategori-sipas-problemeve-shende&post=7063"},{"taxonomy":"product_brand","embeddable":true,"href":"https:\/\/www.edesia.al\/index.php?rest_route=%2Fwp%2Fv2%2Fproduct_brand&post=7063"},{"taxonomy":"product_cat","embeddable":true,"href":"https:\/\/www.edesia.al\/index.php?rest_route=%2Fwp%2Fv2%2Fproduct_cat&post=7063"},{"taxonomy":"product_tag","embeddable":true,"href":"https:\/\/www.edesia.al\/index.php?rest_route=%2Fwp%2Fv2%2Fproduct_tag&post=7063"}],"curies":[{"name":"wp","href":"https:\/\/api.w.org\/{rel}","templated":true}]}}