{"id":7067,"date":"2026-02-16T21:12:42","date_gmt":"2026-02-16T21:12:42","guid":{"rendered":"https:\/\/www.edesia.al\/?post_type=product&#038;p=7067"},"modified":"2026-02-25T11:29:35","modified_gmt":"2026-02-25T11:29:35","slug":"deo-roll-me-aloe-vera","status":"publish","type":"product","link":"https:\/\/www.edesia.al\/?product=deo-roll-me-aloe-vera","title":{"rendered":"Deo-Roll me Aloe Vera"},"content":{"rendered":"<h3>Deo-Roll me Aloe Vera 50 ml<\/h3>\n<p>Urtekram Aloe Vera Deo Crystal me nj\u00eb arom\u00eb t\u00eb fresk\u00ebt aloe vere, parandalon bakteret dhe aromen me krip\u00ebn minerale natyrale. Glicerina ndihmon n\u00eb ushqimin e l\u00ebkur\u00ebs si dhe e l\u00eb l\u00ebkur\u00ebn t\u00eb but\u00eb.<\/p>\n<p>Vegane dhe me origjin\u00eb natyrore.<\/p>\n<p>Nuk p\u00ebrmban :<\/p>\n<ul>\n<li>Metale t\u00eb r\u00ebnda si alumini,<\/li>\n<li>Aromra t\u00eb shtuara artificiale si parfume<\/li>\n<li>Ngjyrues,<\/li>\n<li>Parabene.<\/li>\n<\/ul>\n","protected":false},"excerpt":{"rendered":"<p>Deo-Roll me Aloe Vera 50 ml Urtekram Aloe Vera Deo Crystal me nj\u00eb arom\u00eb t\u00eb fresk\u00ebt aloe vere, parandalon bakteret dhe aromen me krip\u00ebn minerale natyrale. Glicerina ndihmon n\u00eb ushqimin e l\u00ebkur\u00ebs si dhe e l\u00eb l\u00ebkur\u00ebn t\u00eb but\u00eb. Vegane dhe me origjin\u00eb natyrore. Nuk p\u00ebrmban : Metale t\u00eb r\u00ebnda si alumini, Aromra t\u00eb shtuara[&#8230;]<\/p>\n","protected":false},"featured_media":7096,"comment_status":"open","ping_status":"closed","template":"","meta":{"_acf_changed":false,"inline_featured_image":false},"kategori-sipas-dietave":[],"kategori-sipas-problemeve-shende":[],"product_brand":[25],"product_cat":[24,79,23],"product_tag":[],"class_list":{"0":"post-7067","1":"product","2":"type-product","3":"status-publish","4":"has-post-thumbnail","6":"product_brand-urtekram","7":"product_cat-deodorante-natyrale","8":"product_cat-kozmetike-kujdes-personal","9":"product_cat-vajra-kozmetike","11":"first","12":"instock","13":"taxable","14":"shipping-taxable","15":"purchasable","16":"product-type-simple"},"acf":[],"yoast_head":"<!-- This site is optimized with the Yoast SEO plugin v27.4 - https:\/\/yoast.com\/product\/yoast-seo-wordpress\/ -->\n<title>Deo-Roll me Aloe Vera - Edesia<\/title>\n<meta name=\"robots\" content=\"index, follow, max-snippet:-1, max-image-preview:large, max-video-preview:-1\" \/>\n<link rel=\"canonical\" href=\"https:\/\/www.edesia.al\/?product=deo-roll-me-aloe-vera\" \/>\n<meta property=\"og:locale\" content=\"en_US\" \/>\n<meta property=\"og:type\" content=\"article\" \/>\n<meta property=\"og:title\" content=\"Deo-Roll me Aloe Vera - Edesia\" \/>\n<meta property=\"og:description\" content=\"Deo-Roll me Aloe Vera 50 ml Urtekram Aloe Vera Deo Crystal me nj\u00eb arom\u00eb t\u00eb fresk\u00ebt aloe vere, parandalon bakteret dhe aromen me krip\u00ebn minerale natyrale. Glicerina ndihmon n\u00eb ushqimin e l\u00ebkur\u00ebs si dhe e l\u00eb l\u00ebkur\u00ebn t\u00eb but\u00eb. Vegane dhe me origjin\u00eb natyrore. Nuk p\u00ebrmban : Metale t\u00eb r\u00ebnda si alumini, Aromra t\u00eb shtuara[...]\" \/>\n<meta property=\"og:url\" content=\"https:\/\/www.edesia.al\/?product=deo-roll-me-aloe-vera\" \/>\n<meta property=\"og:site_name\" content=\"Edesia\" \/>\n<meta property=\"article:modified_time\" content=\"2026-02-25T11:29:35+00:00\" \/>\n<meta property=\"og:image\" content=\"https:\/\/www.edesia.al\/wp-content\/uploads\/2026\/02\/59052-154710-1083847_g1n1-1.webp\" \/>\n\t<meta property=\"og:image:width\" content=\"445\" \/>\n\t<meta property=\"og:image:height\" content=\"445\" \/>\n\t<meta property=\"og:image:type\" content=\"image\/webp\" \/>\n<meta name=\"twitter:card\" content=\"summary_large_image\" \/>\n<script type=\"application\/ld+json\" class=\"yoast-schema-graph\">{\"@context\":\"https:\\\/\\\/schema.org\",\"@graph\":[{\"@type\":\"WebPage\",\"@id\":\"https:\\\/\\\/www.edesia.al\\\/?product=deo-roll-me-aloe-vera\",\"url\":\"https:\\\/\\\/www.edesia.al\\\/?product=deo-roll-me-aloe-vera\",\"name\":\"Deo-Roll me Aloe Vera - Edesia\",\"isPartOf\":{\"@id\":\"https:\\\/\\\/www.edesia.al\\\/#website\"},\"primaryImageOfPage\":{\"@id\":\"https:\\\/\\\/www.edesia.al\\\/?product=deo-roll-me-aloe-vera#primaryimage\"},\"image\":{\"@id\":\"https:\\\/\\\/www.edesia.al\\\/?product=deo-roll-me-aloe-vera#primaryimage\"},\"thumbnailUrl\":\"https:\\\/\\\/www.edesia.al\\\/wp-content\\\/uploads\\\/2026\\\/02\\\/59052-154710-1083847_g1n1-1.webp\",\"datePublished\":\"2026-02-16T21:12:42+00:00\",\"dateModified\":\"2026-02-25T11:29:35+00:00\",\"breadcrumb\":{\"@id\":\"https:\\\/\\\/www.edesia.al\\\/?product=deo-roll-me-aloe-vera#breadcrumb\"},\"inLanguage\":\"en-US\",\"potentialAction\":[{\"@type\":\"ReadAction\",\"target\":[\"https:\\\/\\\/www.edesia.al\\\/?product=deo-roll-me-aloe-vera\"]}]},{\"@type\":\"ImageObject\",\"inLanguage\":\"en-US\",\"@id\":\"https:\\\/\\\/www.edesia.al\\\/?product=deo-roll-me-aloe-vera#primaryimage\",\"url\":\"https:\\\/\\\/www.edesia.al\\\/wp-content\\\/uploads\\\/2026\\\/02\\\/59052-154710-1083847_g1n1-1.webp\",\"contentUrl\":\"https:\\\/\\\/www.edesia.al\\\/wp-content\\\/uploads\\\/2026\\\/02\\\/59052-154710-1083847_g1n1-1.webp\",\"width\":445,\"height\":445},{\"@type\":\"BreadcrumbList\",\"@id\":\"https:\\\/\\\/www.edesia.al\\\/?product=deo-roll-me-aloe-vera#breadcrumb\",\"itemListElement\":[{\"@type\":\"ListItem\",\"position\":1,\"name\":\"Home\",\"item\":\"https:\\\/\\\/www.edesia.al\\\/\"},{\"@type\":\"ListItem\",\"position\":2,\"name\":\"Dyqani\",\"item\":\"https:\\\/\\\/www.edesia.al\\\/?page_id=17\"},{\"@type\":\"ListItem\",\"position\":3,\"name\":\"Deo-Roll me Aloe Vera\"}]},{\"@type\":\"WebSite\",\"@id\":\"https:\\\/\\\/www.edesia.al\\\/#website\",\"url\":\"https:\\\/\\\/www.edesia.al\\\/\",\"name\":\"Edesia\",\"description\":\"\",\"publisher\":{\"@id\":\"https:\\\/\\\/www.edesia.al\\\/#organization\"},\"potentialAction\":[{\"@type\":\"SearchAction\",\"target\":{\"@type\":\"EntryPoint\",\"urlTemplate\":\"https:\\\/\\\/www.edesia.al\\\/?s={search_term_string}\"},\"query-input\":{\"@type\":\"PropertyValueSpecification\",\"valueRequired\":true,\"valueName\":\"search_term_string\"}}],\"inLanguage\":\"en-US\"},{\"@type\":\"Organization\",\"@id\":\"https:\\\/\\\/www.edesia.al\\\/#organization\",\"name\":\"Edesia\",\"url\":\"https:\\\/\\\/www.edesia.al\\\/\",\"logo\":{\"@type\":\"ImageObject\",\"inLanguage\":\"en-US\",\"@id\":\"https:\\\/\\\/www.edesia.al\\\/#\\\/schema\\\/logo\\\/image\\\/\",\"url\":\"https:\\\/\\\/www.edesia.al\\\/wp-content\\\/uploads\\\/2026\\\/02\\\/Logo-Edesia-no-background.png\",\"contentUrl\":\"https:\\\/\\\/www.edesia.al\\\/wp-content\\\/uploads\\\/2026\\\/02\\\/Logo-Edesia-no-background.png\",\"width\":293,\"height\":158,\"caption\":\"Edesia\"},\"image\":{\"@id\":\"https:\\\/\\\/www.edesia.al\\\/#\\\/schema\\\/logo\\\/image\\\/\"}}]}<\/script>\n<!-- \/ Yoast SEO plugin. -->","yoast_head_json":{"title":"Deo-Roll me Aloe Vera - Edesia","robots":{"index":"index","follow":"follow","max-snippet":"max-snippet:-1","max-image-preview":"max-image-preview:large","max-video-preview":"max-video-preview:-1"},"canonical":"https:\/\/www.edesia.al\/?product=deo-roll-me-aloe-vera","og_locale":"en_US","og_type":"article","og_title":"Deo-Roll me Aloe Vera - Edesia","og_description":"Deo-Roll me Aloe Vera 50 ml Urtekram Aloe Vera Deo Crystal me nj\u00eb arom\u00eb t\u00eb fresk\u00ebt aloe vere, parandalon bakteret dhe aromen me krip\u00ebn minerale natyrale. Glicerina ndihmon n\u00eb ushqimin e l\u00ebkur\u00ebs si dhe e l\u00eb l\u00ebkur\u00ebn t\u00eb but\u00eb. Vegane dhe me origjin\u00eb natyrore. Nuk p\u00ebrmban : Metale t\u00eb r\u00ebnda si alumini, Aromra t\u00eb shtuara[...]","og_url":"https:\/\/www.edesia.al\/?product=deo-roll-me-aloe-vera","og_site_name":"Edesia","article_modified_time":"2026-02-25T11:29:35+00:00","og_image":[{"width":445,"height":445,"url":"https:\/\/www.edesia.al\/wp-content\/uploads\/2026\/02\/59052-154710-1083847_g1n1-1.webp","type":"image\/webp"}],"twitter_card":"summary_large_image","schema":{"@context":"https:\/\/schema.org","@graph":[{"@type":"WebPage","@id":"https:\/\/www.edesia.al\/?product=deo-roll-me-aloe-vera","url":"https:\/\/www.edesia.al\/?product=deo-roll-me-aloe-vera","name":"Deo-Roll me Aloe Vera - Edesia","isPartOf":{"@id":"https:\/\/www.edesia.al\/#website"},"primaryImageOfPage":{"@id":"https:\/\/www.edesia.al\/?product=deo-roll-me-aloe-vera#primaryimage"},"image":{"@id":"https:\/\/www.edesia.al\/?product=deo-roll-me-aloe-vera#primaryimage"},"thumbnailUrl":"https:\/\/www.edesia.al\/wp-content\/uploads\/2026\/02\/59052-154710-1083847_g1n1-1.webp","datePublished":"2026-02-16T21:12:42+00:00","dateModified":"2026-02-25T11:29:35+00:00","breadcrumb":{"@id":"https:\/\/www.edesia.al\/?product=deo-roll-me-aloe-vera#breadcrumb"},"inLanguage":"en-US","potentialAction":[{"@type":"ReadAction","target":["https:\/\/www.edesia.al\/?product=deo-roll-me-aloe-vera"]}]},{"@type":"ImageObject","inLanguage":"en-US","@id":"https:\/\/www.edesia.al\/?product=deo-roll-me-aloe-vera#primaryimage","url":"https:\/\/www.edesia.al\/wp-content\/uploads\/2026\/02\/59052-154710-1083847_g1n1-1.webp","contentUrl":"https:\/\/www.edesia.al\/wp-content\/uploads\/2026\/02\/59052-154710-1083847_g1n1-1.webp","width":445,"height":445},{"@type":"BreadcrumbList","@id":"https:\/\/www.edesia.al\/?product=deo-roll-me-aloe-vera#breadcrumb","itemListElement":[{"@type":"ListItem","position":1,"name":"Home","item":"https:\/\/www.edesia.al\/"},{"@type":"ListItem","position":2,"name":"Dyqani","item":"https:\/\/www.edesia.al\/?page_id=17"},{"@type":"ListItem","position":3,"name":"Deo-Roll me Aloe Vera"}]},{"@type":"WebSite","@id":"https:\/\/www.edesia.al\/#website","url":"https:\/\/www.edesia.al\/","name":"Edesia","description":"","publisher":{"@id":"https:\/\/www.edesia.al\/#organization"},"potentialAction":[{"@type":"SearchAction","target":{"@type":"EntryPoint","urlTemplate":"https:\/\/www.edesia.al\/?s={search_term_string}"},"query-input":{"@type":"PropertyValueSpecification","valueRequired":true,"valueName":"search_term_string"}}],"inLanguage":"en-US"},{"@type":"Organization","@id":"https:\/\/www.edesia.al\/#organization","name":"Edesia","url":"https:\/\/www.edesia.al\/","logo":{"@type":"ImageObject","inLanguage":"en-US","@id":"https:\/\/www.edesia.al\/#\/schema\/logo\/image\/","url":"https:\/\/www.edesia.al\/wp-content\/uploads\/2026\/02\/Logo-Edesia-no-background.png","contentUrl":"https:\/\/www.edesia.al\/wp-content\/uploads\/2026\/02\/Logo-Edesia-no-background.png","width":293,"height":158,"caption":"Edesia"},"image":{"@id":"https:\/\/www.edesia.al\/#\/schema\/logo\/image\/"}}]}},"_links":{"self":[{"href":"https:\/\/www.edesia.al\/index.php?rest_route=\/wp\/v2\/product\/7067","targetHints":{"allow":["GET"]}}],"collection":[{"href":"https:\/\/www.edesia.al\/index.php?rest_route=\/wp\/v2\/product"}],"about":[{"href":"https:\/\/www.edesia.al\/index.php?rest_route=\/wp\/v2\/types\/product"}],"replies":[{"embeddable":true,"href":"https:\/\/www.edesia.al\/index.php?rest_route=%2Fwp%2Fv2%2Fcomments&post=7067"}],"wp:featuredmedia":[{"embeddable":true,"href":"https:\/\/www.edesia.al\/index.php?rest_route=\/wp\/v2\/media\/7096"}],"wp:attachment":[{"href":"https:\/\/www.edesia.al\/index.php?rest_route=%2Fwp%2Fv2%2Fmedia&parent=7067"}],"wp:term":[{"taxonomy":"kategori-sipas-dietave","embeddable":true,"href":"https:\/\/www.edesia.al\/index.php?rest_route=%2Fwp%2Fv2%2Fkategori-sipas-dietave&post=7067"},{"taxonomy":"kategori-sipas-problemeve-shende","embeddable":true,"href":"https:\/\/www.edesia.al\/index.php?rest_route=%2Fwp%2Fv2%2Fkategori-sipas-problemeve-shende&post=7067"},{"taxonomy":"product_brand","embeddable":true,"href":"https:\/\/www.edesia.al\/index.php?rest_route=%2Fwp%2Fv2%2Fproduct_brand&post=7067"},{"taxonomy":"product_cat","embeddable":true,"href":"https:\/\/www.edesia.al\/index.php?rest_route=%2Fwp%2Fv2%2Fproduct_cat&post=7067"},{"taxonomy":"product_tag","embeddable":true,"href":"https:\/\/www.edesia.al\/index.php?rest_route=%2Fwp%2Fv2%2Fproduct_tag&post=7067"}],"curies":[{"name":"wp","href":"https:\/\/api.w.org\/{rel}","templated":true}]}}