{"id":7072,"date":"2026-02-16T21:12:43","date_gmt":"2026-02-16T21:12:43","guid":{"rendered":"https:\/\/www.edesia.al\/?post_type=product&#038;p=7072"},"modified":"2026-02-25T14:49:06","modified_gmt":"2026-02-25T14:49:06","slug":"vaj-misri-crudigno","status":"publish","type":"product","link":"https:\/\/www.edesia.al\/?product=vaj-misri-crudigno","title":{"rendered":"Vaj Misri (CRUDIGNO)"},"content":{"rendered":"<h3>Vaj Misri (Crudigno) 750 ml<\/h3>\n<p>Vaj i misrit organik Crudigno p\u00ebrftohet ekskluzivisht p\u00ebrmes proceseve fizike: nj\u00eb shtypje e vetme, filtrim dhe pastrim me avull uji. P\u00ebrdoret gjer\u00ebsisht n\u00eb ushqime sepse ka cil\u00ebsi t\u00eb pamohueshme ushqyese.<\/p>\n<p>Ka 3 sterole izomere, substanca q\u00eb kund\u00ebrshtojn\u00eb p\u00ebrthithjen e kolesterolit nga zorr\u00ebt. Lecitina \u00ebsht\u00eb nj\u00eb mjet i shk\u00eblqyer p\u00ebr parandalimin e ateroskleroz\u00ebs, shkaktarit kryesor t\u00eb s\u00ebmundjeve kardiovaskulare.<\/p>\n<p>Gjithashtu nd\u00ebrhyn n\u00eb metabolizmin e m\u00ebl\u00e7is\u00eb, duke ndihmuar n\u00eb rritjen e nivelit t\u00eb kolesterolit t\u00eb mir\u00eb ( HDL) dhe uljen e nivelit t\u00eb kolesterolit t\u00eb keq (LDL).<\/p>\n","protected":false},"excerpt":{"rendered":"<p>Vaj Misri (Crudigno) 750 ml Vaj i misrit organik Crudigno p\u00ebrftohet ekskluzivisht p\u00ebrmes proceseve fizike: nj\u00eb shtypje e vetme, filtrim dhe pastrim me avull uji. P\u00ebrdoret gjer\u00ebsisht n\u00eb ushqime sepse ka cil\u00ebsi t\u00eb pamohueshme ushqyese. Ka 3 sterole izomere, substanca q\u00eb kund\u00ebrshtojn\u00eb p\u00ebrthithjen e kolesterolit nga zorr\u00ebt. Lecitina \u00ebsht\u00eb nj\u00eb mjet i shk\u00eblqyer p\u00ebr parandalimin[&#8230;]<\/p>\n","protected":false},"featured_media":7101,"comment_status":"open","ping_status":"closed","template":"","meta":{"_acf_changed":false,"inline_featured_image":false},"kategori-sipas-dietave":[],"kategori-sipas-problemeve-shende":[],"product_brand":[32],"product_cat":[26,41],"product_tag":[145],"class_list":{"0":"post-7072","1":"product","2":"type-product","3":"status-publish","4":"has-post-thumbnail","6":"product_brand-bioagros","7":"product_cat-ushqime-bio","8":"product_cat-vajra-te-presuar-ne-te-ftohte","9":"product_tag-organic-vajra-te-presuar-ne-te-ftohte","11":"first","12":"instock","13":"taxable","14":"shipping-taxable","15":"purchasable","16":"product-type-simple"},"acf":[],"yoast_head":"<!-- This site is optimized with the Yoast SEO plugin v27.4 - https:\/\/yoast.com\/product\/yoast-seo-wordpress\/ -->\n<title>Vaj Misri (CRUDIGNO) - Edesia<\/title>\n<meta name=\"robots\" content=\"index, follow, max-snippet:-1, max-image-preview:large, max-video-preview:-1\" \/>\n<link rel=\"canonical\" href=\"https:\/\/www.edesia.al\/?product=vaj-misri-crudigno\" \/>\n<meta property=\"og:locale\" content=\"en_US\" \/>\n<meta property=\"og:type\" content=\"article\" \/>\n<meta property=\"og:title\" content=\"Vaj Misri (CRUDIGNO) - Edesia\" \/>\n<meta property=\"og:description\" content=\"Vaj Misri (Crudigno) 750 ml Vaj i misrit organik Crudigno p\u00ebrftohet ekskluzivisht p\u00ebrmes proceseve fizike: nj\u00eb shtypje e vetme, filtrim dhe pastrim me avull uji. P\u00ebrdoret gjer\u00ebsisht n\u00eb ushqime sepse ka cil\u00ebsi t\u00eb pamohueshme ushqyese. Ka 3 sterole izomere, substanca q\u00eb kund\u00ebrshtojn\u00eb p\u00ebrthithjen e kolesterolit nga zorr\u00ebt. Lecitina \u00ebsht\u00eb nj\u00eb mjet i shk\u00eblqyer p\u00ebr parandalimin[...]\" \/>\n<meta property=\"og:url\" content=\"https:\/\/www.edesia.al\/?product=vaj-misri-crudigno\" \/>\n<meta property=\"og:site_name\" content=\"Edesia\" \/>\n<meta property=\"article:modified_time\" content=\"2026-02-25T14:49:06+00:00\" \/>\n<meta property=\"og:image\" content=\"https:\/\/www.edesia.al\/wp-content\/uploads\/2026\/02\/221029727-1.png\" \/>\n\t<meta property=\"og:image:width\" content=\"453\" \/>\n\t<meta property=\"og:image:height\" content=\"453\" \/>\n\t<meta property=\"og:image:type\" content=\"image\/png\" \/>\n<meta name=\"twitter:card\" content=\"summary_large_image\" \/>\n<meta name=\"twitter:label1\" content=\"Est. reading time\" \/>\n\t<meta name=\"twitter:data1\" content=\"1 minute\" \/>\n<script type=\"application\/ld+json\" class=\"yoast-schema-graph\">{\"@context\":\"https:\\\/\\\/schema.org\",\"@graph\":[{\"@type\":\"WebPage\",\"@id\":\"https:\\\/\\\/www.edesia.al\\\/?product=vaj-misri-crudigno\",\"url\":\"https:\\\/\\\/www.edesia.al\\\/?product=vaj-misri-crudigno\",\"name\":\"Vaj Misri (CRUDIGNO) - Edesia\",\"isPartOf\":{\"@id\":\"https:\\\/\\\/www.edesia.al\\\/#website\"},\"primaryImageOfPage\":{\"@id\":\"https:\\\/\\\/www.edesia.al\\\/?product=vaj-misri-crudigno#primaryimage\"},\"image\":{\"@id\":\"https:\\\/\\\/www.edesia.al\\\/?product=vaj-misri-crudigno#primaryimage\"},\"thumbnailUrl\":\"https:\\\/\\\/www.edesia.al\\\/wp-content\\\/uploads\\\/2026\\\/02\\\/221029727-1.png\",\"datePublished\":\"2026-02-16T21:12:43+00:00\",\"dateModified\":\"2026-02-25T14:49:06+00:00\",\"breadcrumb\":{\"@id\":\"https:\\\/\\\/www.edesia.al\\\/?product=vaj-misri-crudigno#breadcrumb\"},\"inLanguage\":\"en-US\",\"potentialAction\":[{\"@type\":\"ReadAction\",\"target\":[\"https:\\\/\\\/www.edesia.al\\\/?product=vaj-misri-crudigno\"]}]},{\"@type\":\"ImageObject\",\"inLanguage\":\"en-US\",\"@id\":\"https:\\\/\\\/www.edesia.al\\\/?product=vaj-misri-crudigno#primaryimage\",\"url\":\"https:\\\/\\\/www.edesia.al\\\/wp-content\\\/uploads\\\/2026\\\/02\\\/221029727-1.png\",\"contentUrl\":\"https:\\\/\\\/www.edesia.al\\\/wp-content\\\/uploads\\\/2026\\\/02\\\/221029727-1.png\",\"width\":453,\"height\":453},{\"@type\":\"BreadcrumbList\",\"@id\":\"https:\\\/\\\/www.edesia.al\\\/?product=vaj-misri-crudigno#breadcrumb\",\"itemListElement\":[{\"@type\":\"ListItem\",\"position\":1,\"name\":\"Home\",\"item\":\"https:\\\/\\\/www.edesia.al\\\/\"},{\"@type\":\"ListItem\",\"position\":2,\"name\":\"Dyqani\",\"item\":\"https:\\\/\\\/www.edesia.al\\\/?page_id=17\"},{\"@type\":\"ListItem\",\"position\":3,\"name\":\"Vaj Misri (CRUDIGNO)\"}]},{\"@type\":\"WebSite\",\"@id\":\"https:\\\/\\\/www.edesia.al\\\/#website\",\"url\":\"https:\\\/\\\/www.edesia.al\\\/\",\"name\":\"Edesia\",\"description\":\"\",\"publisher\":{\"@id\":\"https:\\\/\\\/www.edesia.al\\\/#organization\"},\"potentialAction\":[{\"@type\":\"SearchAction\",\"target\":{\"@type\":\"EntryPoint\",\"urlTemplate\":\"https:\\\/\\\/www.edesia.al\\\/?s={search_term_string}\"},\"query-input\":{\"@type\":\"PropertyValueSpecification\",\"valueRequired\":true,\"valueName\":\"search_term_string\"}}],\"inLanguage\":\"en-US\"},{\"@type\":\"Organization\",\"@id\":\"https:\\\/\\\/www.edesia.al\\\/#organization\",\"name\":\"Edesia\",\"url\":\"https:\\\/\\\/www.edesia.al\\\/\",\"logo\":{\"@type\":\"ImageObject\",\"inLanguage\":\"en-US\",\"@id\":\"https:\\\/\\\/www.edesia.al\\\/#\\\/schema\\\/logo\\\/image\\\/\",\"url\":\"https:\\\/\\\/www.edesia.al\\\/wp-content\\\/uploads\\\/2026\\\/02\\\/Logo-Edesia-no-background.png\",\"contentUrl\":\"https:\\\/\\\/www.edesia.al\\\/wp-content\\\/uploads\\\/2026\\\/02\\\/Logo-Edesia-no-background.png\",\"width\":293,\"height\":158,\"caption\":\"Edesia\"},\"image\":{\"@id\":\"https:\\\/\\\/www.edesia.al\\\/#\\\/schema\\\/logo\\\/image\\\/\"}}]}<\/script>\n<!-- \/ Yoast SEO plugin. -->","yoast_head_json":{"title":"Vaj Misri (CRUDIGNO) - Edesia","robots":{"index":"index","follow":"follow","max-snippet":"max-snippet:-1","max-image-preview":"max-image-preview:large","max-video-preview":"max-video-preview:-1"},"canonical":"https:\/\/www.edesia.al\/?product=vaj-misri-crudigno","og_locale":"en_US","og_type":"article","og_title":"Vaj Misri (CRUDIGNO) - Edesia","og_description":"Vaj Misri (Crudigno) 750 ml Vaj i misrit organik Crudigno p\u00ebrftohet ekskluzivisht p\u00ebrmes proceseve fizike: nj\u00eb shtypje e vetme, filtrim dhe pastrim me avull uji. P\u00ebrdoret gjer\u00ebsisht n\u00eb ushqime sepse ka cil\u00ebsi t\u00eb pamohueshme ushqyese. Ka 3 sterole izomere, substanca q\u00eb kund\u00ebrshtojn\u00eb p\u00ebrthithjen e kolesterolit nga zorr\u00ebt. Lecitina \u00ebsht\u00eb nj\u00eb mjet i shk\u00eblqyer p\u00ebr parandalimin[...]","og_url":"https:\/\/www.edesia.al\/?product=vaj-misri-crudigno","og_site_name":"Edesia","article_modified_time":"2026-02-25T14:49:06+00:00","og_image":[{"width":453,"height":453,"url":"https:\/\/www.edesia.al\/wp-content\/uploads\/2026\/02\/221029727-1.png","type":"image\/png"}],"twitter_card":"summary_large_image","twitter_misc":{"Est. reading time":"1 minute"},"schema":{"@context":"https:\/\/schema.org","@graph":[{"@type":"WebPage","@id":"https:\/\/www.edesia.al\/?product=vaj-misri-crudigno","url":"https:\/\/www.edesia.al\/?product=vaj-misri-crudigno","name":"Vaj Misri (CRUDIGNO) - Edesia","isPartOf":{"@id":"https:\/\/www.edesia.al\/#website"},"primaryImageOfPage":{"@id":"https:\/\/www.edesia.al\/?product=vaj-misri-crudigno#primaryimage"},"image":{"@id":"https:\/\/www.edesia.al\/?product=vaj-misri-crudigno#primaryimage"},"thumbnailUrl":"https:\/\/www.edesia.al\/wp-content\/uploads\/2026\/02\/221029727-1.png","datePublished":"2026-02-16T21:12:43+00:00","dateModified":"2026-02-25T14:49:06+00:00","breadcrumb":{"@id":"https:\/\/www.edesia.al\/?product=vaj-misri-crudigno#breadcrumb"},"inLanguage":"en-US","potentialAction":[{"@type":"ReadAction","target":["https:\/\/www.edesia.al\/?product=vaj-misri-crudigno"]}]},{"@type":"ImageObject","inLanguage":"en-US","@id":"https:\/\/www.edesia.al\/?product=vaj-misri-crudigno#primaryimage","url":"https:\/\/www.edesia.al\/wp-content\/uploads\/2026\/02\/221029727-1.png","contentUrl":"https:\/\/www.edesia.al\/wp-content\/uploads\/2026\/02\/221029727-1.png","width":453,"height":453},{"@type":"BreadcrumbList","@id":"https:\/\/www.edesia.al\/?product=vaj-misri-crudigno#breadcrumb","itemListElement":[{"@type":"ListItem","position":1,"name":"Home","item":"https:\/\/www.edesia.al\/"},{"@type":"ListItem","position":2,"name":"Dyqani","item":"https:\/\/www.edesia.al\/?page_id=17"},{"@type":"ListItem","position":3,"name":"Vaj Misri (CRUDIGNO)"}]},{"@type":"WebSite","@id":"https:\/\/www.edesia.al\/#website","url":"https:\/\/www.edesia.al\/","name":"Edesia","description":"","publisher":{"@id":"https:\/\/www.edesia.al\/#organization"},"potentialAction":[{"@type":"SearchAction","target":{"@type":"EntryPoint","urlTemplate":"https:\/\/www.edesia.al\/?s={search_term_string}"},"query-input":{"@type":"PropertyValueSpecification","valueRequired":true,"valueName":"search_term_string"}}],"inLanguage":"en-US"},{"@type":"Organization","@id":"https:\/\/www.edesia.al\/#organization","name":"Edesia","url":"https:\/\/www.edesia.al\/","logo":{"@type":"ImageObject","inLanguage":"en-US","@id":"https:\/\/www.edesia.al\/#\/schema\/logo\/image\/","url":"https:\/\/www.edesia.al\/wp-content\/uploads\/2026\/02\/Logo-Edesia-no-background.png","contentUrl":"https:\/\/www.edesia.al\/wp-content\/uploads\/2026\/02\/Logo-Edesia-no-background.png","width":293,"height":158,"caption":"Edesia"},"image":{"@id":"https:\/\/www.edesia.al\/#\/schema\/logo\/image\/"}}]}},"_links":{"self":[{"href":"https:\/\/www.edesia.al\/index.php?rest_route=\/wp\/v2\/product\/7072","targetHints":{"allow":["GET"]}}],"collection":[{"href":"https:\/\/www.edesia.al\/index.php?rest_route=\/wp\/v2\/product"}],"about":[{"href":"https:\/\/www.edesia.al\/index.php?rest_route=\/wp\/v2\/types\/product"}],"replies":[{"embeddable":true,"href":"https:\/\/www.edesia.al\/index.php?rest_route=%2Fwp%2Fv2%2Fcomments&post=7072"}],"wp:featuredmedia":[{"embeddable":true,"href":"https:\/\/www.edesia.al\/index.php?rest_route=\/wp\/v2\/media\/7101"}],"wp:attachment":[{"href":"https:\/\/www.edesia.al\/index.php?rest_route=%2Fwp%2Fv2%2Fmedia&parent=7072"}],"wp:term":[{"taxonomy":"kategori-sipas-dietave","embeddable":true,"href":"https:\/\/www.edesia.al\/index.php?rest_route=%2Fwp%2Fv2%2Fkategori-sipas-dietave&post=7072"},{"taxonomy":"kategori-sipas-problemeve-shende","embeddable":true,"href":"https:\/\/www.edesia.al\/index.php?rest_route=%2Fwp%2Fv2%2Fkategori-sipas-problemeve-shende&post=7072"},{"taxonomy":"product_brand","embeddable":true,"href":"https:\/\/www.edesia.al\/index.php?rest_route=%2Fwp%2Fv2%2Fproduct_brand&post=7072"},{"taxonomy":"product_cat","embeddable":true,"href":"https:\/\/www.edesia.al\/index.php?rest_route=%2Fwp%2Fv2%2Fproduct_cat&post=7072"},{"taxonomy":"product_tag","embeddable":true,"href":"https:\/\/www.edesia.al\/index.php?rest_route=%2Fwp%2Fv2%2Fproduct_tag&post=7072"}],"curies":[{"name":"wp","href":"https:\/\/api.w.org\/{rel}","templated":true}]}}