{"id":7074,"date":"2026-02-16T21:12:43","date_gmt":"2026-02-16T21:12:43","guid":{"rendered":"https:\/\/www.edesia.al\/?post_type=product&#038;p=7074"},"modified":"2026-02-25T14:50:40","modified_gmt":"2026-02-25T14:50:40","slug":"vaj-esencial-trumze","status":"publish","type":"product","link":"https:\/\/www.edesia.al\/?product=vaj-esencial-trumze","title":{"rendered":"Vaj Esencial Trumze"},"content":{"rendered":"<h3>Vaj Esencial Trumze 10 ml<\/h3>\n<p>Vaji esencial i trumz\u00ebs p\u00ebrftohet me metod\u00ebn e distilimit me avull t\u00eb bim\u00ebve aromatike t\u00eb rritura n\u00eb rajone t\u00eb caktuara t\u00eb Greqis\u00eb dhe \u00ebsht\u00eb 100% natyral pa papast\u00ebrti.<\/p>\n<p>Vaji esencial i trumz\u00ebs ka disa p\u00ebrfitime sh\u00ebndet\u00ebsore:<\/p>\n<ul>\n<li>qet\u00ebson koll\u00ebn e vazhdueshme dhe bronkitin,<\/li>\n<li>ka nj\u00eb efekt anti-inflamator, promovon dezinfektimin dhe sh\u00ebrimin e shpejt\u00eb t\u00eb prerjeve, plag\u00ebve, ekzem\u00ebs;<\/li>\n<li>p\u00ebrmir\u00ebson qarkullimin e gjakut, rrit presionin e gjakut;<\/li>\n<li>aktivizon trurin, p\u00ebrmir\u00ebson kujtes\u00ebn, ndihmon p\u00ebr t\u00eb p\u00ebrballuar depresionin;<\/li>\n<li>leht\u00ebson dhimbjen dhe \u00ebnjtjen pas l\u00ebndimeve sportive;<\/li>\n<li>p\u00ebrfiton sh\u00ebndetin e grave, normalizon ciklin menstrual dhe nivelet hormonale;<\/li>\n<li>ka nj\u00eb cil\u00ebsi antiseptike, rrit rezistenc\u00ebn e sistemit imunitar ndaj infeksioneve virale ose bakteriale;<\/li>\n<li>eliminon er\u00ebn e keqe t\u00eb goj\u00ebs;<\/li>\n<li>ndihmon me miozitin, p\u00ebrdhesin, reumatizmin, artritin;<\/li>\n<li>p\u00ebrmir\u00ebson tretjen, trajton s\u00ebmundjet gastrointestinale, ndihmon me t\u00eb p\u00ebrzierat dhe helmime<\/li>\n<\/ul>\n<p>&nbsp;<\/p>\n<p><strong>P\u00ebrdorimi:\u00a0<\/strong>P\u00ebr f\u00ebmij\u00eb rekomandohet 1-3 pika n\u00eb dit\u00eb i tretur n\u00eb pak uj\u00eb ose n\u00eb l\u00ebngje frutash;<\/p>\n<p>P\u00ebr t\u00eb rritur rekomandohet 4-6 pika n\u00eb dit\u00eb i tretur n\u00eb pak uj\u00eb ose n\u00eb l\u00ebngje frutash;<\/p>\n","protected":false},"excerpt":{"rendered":"<p>Vaj Esencial Trumze 10 ml Vaji esencial i trumz\u00ebs p\u00ebrftohet me metod\u00ebn e distilimit me avull t\u00eb bim\u00ebve aromatike t\u00eb rritura n\u00eb rajone t\u00eb caktuara t\u00eb Greqis\u00eb dhe \u00ebsht\u00eb 100% natyral pa papast\u00ebrti. Vaji esencial i trumz\u00ebs ka disa p\u00ebrfitime sh\u00ebndet\u00ebsore: qet\u00ebson koll\u00ebn e vazhdueshme dhe bronkitin, ka nj\u00eb efekt anti-inflamator, promovon dezinfektimin dhe sh\u00ebrimin[&#8230;]<\/p>\n","protected":false},"featured_media":7102,"comment_status":"open","ping_status":"closed","template":"","meta":{"_acf_changed":false,"inline_featured_image":false},"kategori-sipas-dietave":[],"kategori-sipas-problemeve-shende":[],"product_brand":[32],"product_cat":[44,45],"product_tag":[182],"class_list":{"0":"post-7074","1":"product","2":"type-product","3":"status-publish","4":"has-post-thumbnail","6":"product_brand-bioagros","7":"product_cat-shtepi-stil-jetese","8":"product_cat-vajra-esenciale","9":"product_tag-vajra-esencial","11":"first","12":"instock","13":"taxable","14":"shipping-taxable","15":"purchasable","16":"product-type-simple"},"acf":[],"yoast_head":"<!-- This site is optimized with the Yoast SEO plugin v27.4 - https:\/\/yoast.com\/product\/yoast-seo-wordpress\/ -->\n<title>Vaj Esencial Trumze - Edesia<\/title>\n<meta name=\"robots\" content=\"index, follow, max-snippet:-1, max-image-preview:large, max-video-preview:-1\" \/>\n<link rel=\"canonical\" href=\"https:\/\/www.edesia.al\/?product=vaj-esencial-trumze\" \/>\n<meta property=\"og:locale\" content=\"en_US\" \/>\n<meta property=\"og:type\" content=\"article\" \/>\n<meta property=\"og:title\" content=\"Vaj Esencial Trumze - Edesia\" \/>\n<meta property=\"og:description\" content=\"Vaj Esencial Trumze 10 ml Vaji esencial i trumz\u00ebs p\u00ebrftohet me metod\u00ebn e distilimit me avull t\u00eb bim\u00ebve aromatike t\u00eb rritura n\u00eb rajone t\u00eb caktuara t\u00eb Greqis\u00eb dhe \u00ebsht\u00eb 100% natyral pa papast\u00ebrti. Vaji esencial i trumz\u00ebs ka disa p\u00ebrfitime sh\u00ebndet\u00ebsore: qet\u00ebson koll\u00ebn e vazhdueshme dhe bronkitin, ka nj\u00eb efekt anti-inflamator, promovon dezinfektimin dhe sh\u00ebrimin[...]\" \/>\n<meta property=\"og:url\" content=\"https:\/\/www.edesia.al\/?product=vaj-esencial-trumze\" \/>\n<meta property=\"og:site_name\" content=\"Edesia\" \/>\n<meta property=\"article:modified_time\" content=\"2026-02-25T14:50:40+00:00\" \/>\n<meta property=\"og:image\" content=\"https:\/\/www.edesia.al\/wp-content\/uploads\/2026\/02\/121041510-Copy-1.png\" \/>\n\t<meta property=\"og:image:width\" content=\"150\" \/>\n\t<meta property=\"og:image:height\" content=\"150\" \/>\n\t<meta property=\"og:image:type\" content=\"image\/png\" \/>\n<meta name=\"twitter:card\" content=\"summary_large_image\" \/>\n<meta name=\"twitter:label1\" content=\"Est. reading time\" \/>\n\t<meta name=\"twitter:data1\" content=\"1 minute\" \/>\n<script type=\"application\/ld+json\" class=\"yoast-schema-graph\">{\"@context\":\"https:\\\/\\\/schema.org\",\"@graph\":[{\"@type\":\"WebPage\",\"@id\":\"https:\\\/\\\/www.edesia.al\\\/?product=vaj-esencial-trumze\",\"url\":\"https:\\\/\\\/www.edesia.al\\\/?product=vaj-esencial-trumze\",\"name\":\"Vaj Esencial Trumze - Edesia\",\"isPartOf\":{\"@id\":\"https:\\\/\\\/www.edesia.al\\\/#website\"},\"primaryImageOfPage\":{\"@id\":\"https:\\\/\\\/www.edesia.al\\\/?product=vaj-esencial-trumze#primaryimage\"},\"image\":{\"@id\":\"https:\\\/\\\/www.edesia.al\\\/?product=vaj-esencial-trumze#primaryimage\"},\"thumbnailUrl\":\"https:\\\/\\\/www.edesia.al\\\/wp-content\\\/uploads\\\/2026\\\/02\\\/121041510-Copy-1.png\",\"datePublished\":\"2026-02-16T21:12:43+00:00\",\"dateModified\":\"2026-02-25T14:50:40+00:00\",\"breadcrumb\":{\"@id\":\"https:\\\/\\\/www.edesia.al\\\/?product=vaj-esencial-trumze#breadcrumb\"},\"inLanguage\":\"en-US\",\"potentialAction\":[{\"@type\":\"ReadAction\",\"target\":[\"https:\\\/\\\/www.edesia.al\\\/?product=vaj-esencial-trumze\"]}]},{\"@type\":\"ImageObject\",\"inLanguage\":\"en-US\",\"@id\":\"https:\\\/\\\/www.edesia.al\\\/?product=vaj-esencial-trumze#primaryimage\",\"url\":\"https:\\\/\\\/www.edesia.al\\\/wp-content\\\/uploads\\\/2026\\\/02\\\/121041510-Copy-1.png\",\"contentUrl\":\"https:\\\/\\\/www.edesia.al\\\/wp-content\\\/uploads\\\/2026\\\/02\\\/121041510-Copy-1.png\",\"width\":150,\"height\":150},{\"@type\":\"BreadcrumbList\",\"@id\":\"https:\\\/\\\/www.edesia.al\\\/?product=vaj-esencial-trumze#breadcrumb\",\"itemListElement\":[{\"@type\":\"ListItem\",\"position\":1,\"name\":\"Home\",\"item\":\"https:\\\/\\\/www.edesia.al\\\/\"},{\"@type\":\"ListItem\",\"position\":2,\"name\":\"Dyqani\",\"item\":\"https:\\\/\\\/www.edesia.al\\\/?page_id=17\"},{\"@type\":\"ListItem\",\"position\":3,\"name\":\"Vaj Esencial Trumze\"}]},{\"@type\":\"WebSite\",\"@id\":\"https:\\\/\\\/www.edesia.al\\\/#website\",\"url\":\"https:\\\/\\\/www.edesia.al\\\/\",\"name\":\"Edesia\",\"description\":\"\",\"publisher\":{\"@id\":\"https:\\\/\\\/www.edesia.al\\\/#organization\"},\"potentialAction\":[{\"@type\":\"SearchAction\",\"target\":{\"@type\":\"EntryPoint\",\"urlTemplate\":\"https:\\\/\\\/www.edesia.al\\\/?s={search_term_string}\"},\"query-input\":{\"@type\":\"PropertyValueSpecification\",\"valueRequired\":true,\"valueName\":\"search_term_string\"}}],\"inLanguage\":\"en-US\"},{\"@type\":\"Organization\",\"@id\":\"https:\\\/\\\/www.edesia.al\\\/#organization\",\"name\":\"Edesia\",\"url\":\"https:\\\/\\\/www.edesia.al\\\/\",\"logo\":{\"@type\":\"ImageObject\",\"inLanguage\":\"en-US\",\"@id\":\"https:\\\/\\\/www.edesia.al\\\/#\\\/schema\\\/logo\\\/image\\\/\",\"url\":\"https:\\\/\\\/www.edesia.al\\\/wp-content\\\/uploads\\\/2026\\\/02\\\/Logo-Edesia-no-background.png\",\"contentUrl\":\"https:\\\/\\\/www.edesia.al\\\/wp-content\\\/uploads\\\/2026\\\/02\\\/Logo-Edesia-no-background.png\",\"width\":293,\"height\":158,\"caption\":\"Edesia\"},\"image\":{\"@id\":\"https:\\\/\\\/www.edesia.al\\\/#\\\/schema\\\/logo\\\/image\\\/\"}}]}<\/script>\n<!-- \/ Yoast SEO plugin. -->","yoast_head_json":{"title":"Vaj Esencial Trumze - Edesia","robots":{"index":"index","follow":"follow","max-snippet":"max-snippet:-1","max-image-preview":"max-image-preview:large","max-video-preview":"max-video-preview:-1"},"canonical":"https:\/\/www.edesia.al\/?product=vaj-esencial-trumze","og_locale":"en_US","og_type":"article","og_title":"Vaj Esencial Trumze - Edesia","og_description":"Vaj Esencial Trumze 10 ml Vaji esencial i trumz\u00ebs p\u00ebrftohet me metod\u00ebn e distilimit me avull t\u00eb bim\u00ebve aromatike t\u00eb rritura n\u00eb rajone t\u00eb caktuara t\u00eb Greqis\u00eb dhe \u00ebsht\u00eb 100% natyral pa papast\u00ebrti. Vaji esencial i trumz\u00ebs ka disa p\u00ebrfitime sh\u00ebndet\u00ebsore: qet\u00ebson koll\u00ebn e vazhdueshme dhe bronkitin, ka nj\u00eb efekt anti-inflamator, promovon dezinfektimin dhe sh\u00ebrimin[...]","og_url":"https:\/\/www.edesia.al\/?product=vaj-esencial-trumze","og_site_name":"Edesia","article_modified_time":"2026-02-25T14:50:40+00:00","og_image":[{"width":150,"height":150,"url":"https:\/\/www.edesia.al\/wp-content\/uploads\/2026\/02\/121041510-Copy-1.png","type":"image\/png"}],"twitter_card":"summary_large_image","twitter_misc":{"Est. reading time":"1 minute"},"schema":{"@context":"https:\/\/schema.org","@graph":[{"@type":"WebPage","@id":"https:\/\/www.edesia.al\/?product=vaj-esencial-trumze","url":"https:\/\/www.edesia.al\/?product=vaj-esencial-trumze","name":"Vaj Esencial Trumze - Edesia","isPartOf":{"@id":"https:\/\/www.edesia.al\/#website"},"primaryImageOfPage":{"@id":"https:\/\/www.edesia.al\/?product=vaj-esencial-trumze#primaryimage"},"image":{"@id":"https:\/\/www.edesia.al\/?product=vaj-esencial-trumze#primaryimage"},"thumbnailUrl":"https:\/\/www.edesia.al\/wp-content\/uploads\/2026\/02\/121041510-Copy-1.png","datePublished":"2026-02-16T21:12:43+00:00","dateModified":"2026-02-25T14:50:40+00:00","breadcrumb":{"@id":"https:\/\/www.edesia.al\/?product=vaj-esencial-trumze#breadcrumb"},"inLanguage":"en-US","potentialAction":[{"@type":"ReadAction","target":["https:\/\/www.edesia.al\/?product=vaj-esencial-trumze"]}]},{"@type":"ImageObject","inLanguage":"en-US","@id":"https:\/\/www.edesia.al\/?product=vaj-esencial-trumze#primaryimage","url":"https:\/\/www.edesia.al\/wp-content\/uploads\/2026\/02\/121041510-Copy-1.png","contentUrl":"https:\/\/www.edesia.al\/wp-content\/uploads\/2026\/02\/121041510-Copy-1.png","width":150,"height":150},{"@type":"BreadcrumbList","@id":"https:\/\/www.edesia.al\/?product=vaj-esencial-trumze#breadcrumb","itemListElement":[{"@type":"ListItem","position":1,"name":"Home","item":"https:\/\/www.edesia.al\/"},{"@type":"ListItem","position":2,"name":"Dyqani","item":"https:\/\/www.edesia.al\/?page_id=17"},{"@type":"ListItem","position":3,"name":"Vaj Esencial Trumze"}]},{"@type":"WebSite","@id":"https:\/\/www.edesia.al\/#website","url":"https:\/\/www.edesia.al\/","name":"Edesia","description":"","publisher":{"@id":"https:\/\/www.edesia.al\/#organization"},"potentialAction":[{"@type":"SearchAction","target":{"@type":"EntryPoint","urlTemplate":"https:\/\/www.edesia.al\/?s={search_term_string}"},"query-input":{"@type":"PropertyValueSpecification","valueRequired":true,"valueName":"search_term_string"}}],"inLanguage":"en-US"},{"@type":"Organization","@id":"https:\/\/www.edesia.al\/#organization","name":"Edesia","url":"https:\/\/www.edesia.al\/","logo":{"@type":"ImageObject","inLanguage":"en-US","@id":"https:\/\/www.edesia.al\/#\/schema\/logo\/image\/","url":"https:\/\/www.edesia.al\/wp-content\/uploads\/2026\/02\/Logo-Edesia-no-background.png","contentUrl":"https:\/\/www.edesia.al\/wp-content\/uploads\/2026\/02\/Logo-Edesia-no-background.png","width":293,"height":158,"caption":"Edesia"},"image":{"@id":"https:\/\/www.edesia.al\/#\/schema\/logo\/image\/"}}]}},"_links":{"self":[{"href":"https:\/\/www.edesia.al\/index.php?rest_route=\/wp\/v2\/product\/7074","targetHints":{"allow":["GET"]}}],"collection":[{"href":"https:\/\/www.edesia.al\/index.php?rest_route=\/wp\/v2\/product"}],"about":[{"href":"https:\/\/www.edesia.al\/index.php?rest_route=\/wp\/v2\/types\/product"}],"replies":[{"embeddable":true,"href":"https:\/\/www.edesia.al\/index.php?rest_route=%2Fwp%2Fv2%2Fcomments&post=7074"}],"wp:featuredmedia":[{"embeddable":true,"href":"https:\/\/www.edesia.al\/index.php?rest_route=\/wp\/v2\/media\/7102"}],"wp:attachment":[{"href":"https:\/\/www.edesia.al\/index.php?rest_route=%2Fwp%2Fv2%2Fmedia&parent=7074"}],"wp:term":[{"taxonomy":"kategori-sipas-dietave","embeddable":true,"href":"https:\/\/www.edesia.al\/index.php?rest_route=%2Fwp%2Fv2%2Fkategori-sipas-dietave&post=7074"},{"taxonomy":"kategori-sipas-problemeve-shende","embeddable":true,"href":"https:\/\/www.edesia.al\/index.php?rest_route=%2Fwp%2Fv2%2Fkategori-sipas-problemeve-shende&post=7074"},{"taxonomy":"product_brand","embeddable":true,"href":"https:\/\/www.edesia.al\/index.php?rest_route=%2Fwp%2Fv2%2Fproduct_brand&post=7074"},{"taxonomy":"product_cat","embeddable":true,"href":"https:\/\/www.edesia.al\/index.php?rest_route=%2Fwp%2Fv2%2Fproduct_cat&post=7074"},{"taxonomy":"product_tag","embeddable":true,"href":"https:\/\/www.edesia.al\/index.php?rest_route=%2Fwp%2Fv2%2Fproduct_tag&post=7074"}],"curies":[{"name":"wp","href":"https:\/\/api.w.org\/{rel}","templated":true}]}}