{"id":7077,"date":"2026-02-16T21:12:44","date_gmt":"2026-02-16T21:12:44","guid":{"rendered":"https:\/\/www.edesia.al\/?post_type=product&#038;p=7077"},"modified":"2026-02-25T14:53:18","modified_gmt":"2026-02-25T14:53:18","slug":"fusili-me-thjerreza-te-kuqe","status":"publish","type":"product","link":"https:\/\/www.edesia.al\/?product=fusili-me-thjerreza-te-kuqe","title":{"rendered":"Fusili me Thjerr\u00ebza t\u00eb Kuqe"},"content":{"rendered":"<h3>Fusili me Thjerr\u00ebza t\u00eb Kuqe G\/F 250g<\/h3>\n<p>Fusilit me thjerr\u00ebza t\u00eb kuqe jan\u00eb organike, vegane , pa gluten dhe pa laktoz\u00eb. Jan\u00eb t\u00eb pasura me fibra dhe proteina.<\/p>\n<p>Nj\u00eb pjat\u00eb e ngroht\u00eb apo nj\u00eb sallat\u00eb e ftoht\u00eb me k\u00ebto fusili jan\u00eb zgjidhja e duhur p\u00ebr nj\u00eb vakt t\u00eb plot\u00eb. Ideale edhe p\u00ebr f\u00ebmij\u00ebt tuaj!<\/p>\n","protected":false},"excerpt":{"rendered":"<p>Fusili me Thjerr\u00ebza t\u00eb Kuqe G\/F 250g Fusilit me thjerr\u00ebza t\u00eb kuqe jan\u00eb organike, vegane , pa gluten dhe pa laktoz\u00eb. Jan\u00eb t\u00eb pasura me fibra dhe proteina. Nj\u00eb pjat\u00eb e ngroht\u00eb apo nj\u00eb sallat\u00eb e ftoht\u00eb me k\u00ebto fusili jan\u00eb zgjidhja e duhur p\u00ebr nj\u00eb vakt t\u00eb plot\u00eb. Ideale edhe p\u00ebr f\u00ebmij\u00ebt tuaj!<\/p>\n","protected":false},"featured_media":0,"comment_status":"open","ping_status":"closed","template":"","meta":{"_acf_changed":false,"inline_featured_image":false},"kategori-sipas-dietave":[],"kategori-sipas-problemeve-shende":[87],"product_brand":[32],"product_cat":[66,26],"product_tag":[141],"class_list":{"0":"post-7077","1":"product","2":"type-product","3":"status-publish","5":"kategori-sipas-problemeve-shende-gluten-free-intolerant","6":"product_brand-bioagros","7":"product_cat-makarona","8":"product_cat-ushqime-bio","9":"product_tag-organic-makarona","11":"first","12":"instock","13":"taxable","14":"shipping-taxable","15":"purchasable","16":"product-type-simple"},"acf":[],"yoast_head":"<!-- This site is optimized with the Yoast SEO plugin v27.4 - https:\/\/yoast.com\/product\/yoast-seo-wordpress\/ -->\n<title>Fusili me Thjerr\u00ebza t\u00eb Kuqe - Edesia<\/title>\n<meta name=\"robots\" content=\"index, follow, max-snippet:-1, max-image-preview:large, max-video-preview:-1\" \/>\n<link rel=\"canonical\" href=\"https:\/\/www.edesia.al\/?product=fusili-me-thjerreza-te-kuqe\" \/>\n<meta property=\"og:locale\" content=\"en_US\" \/>\n<meta property=\"og:type\" content=\"article\" \/>\n<meta property=\"og:title\" content=\"Fusili me Thjerr\u00ebza t\u00eb Kuqe - Edesia\" \/>\n<meta property=\"og:description\" content=\"Fusili me Thjerr\u00ebza t\u00eb Kuqe G\/F 250g Fusilit me thjerr\u00ebza t\u00eb kuqe jan\u00eb organike, vegane , pa gluten dhe pa laktoz\u00eb. Jan\u00eb t\u00eb pasura me fibra dhe proteina. Nj\u00eb pjat\u00eb e ngroht\u00eb apo nj\u00eb sallat\u00eb e ftoht\u00eb me k\u00ebto fusili jan\u00eb zgjidhja e duhur p\u00ebr nj\u00eb vakt t\u00eb plot\u00eb. Ideale edhe p\u00ebr f\u00ebmij\u00ebt tuaj!\" \/>\n<meta property=\"og:url\" content=\"https:\/\/www.edesia.al\/?product=fusili-me-thjerreza-te-kuqe\" \/>\n<meta property=\"og:site_name\" content=\"Edesia\" \/>\n<meta property=\"article:modified_time\" content=\"2026-02-25T14:53:18+00:00\" \/>\n<meta name=\"twitter:card\" content=\"summary_large_image\" \/>\n<script type=\"application\/ld+json\" class=\"yoast-schema-graph\">{\"@context\":\"https:\\\/\\\/schema.org\",\"@graph\":[{\"@type\":\"WebPage\",\"@id\":\"https:\\\/\\\/www.edesia.al\\\/?product=fusili-me-thjerreza-te-kuqe\",\"url\":\"https:\\\/\\\/www.edesia.al\\\/?product=fusili-me-thjerreza-te-kuqe\",\"name\":\"Fusili me Thjerr\u00ebza t\u00eb Kuqe - Edesia\",\"isPartOf\":{\"@id\":\"https:\\\/\\\/www.edesia.al\\\/#website\"},\"datePublished\":\"2026-02-16T21:12:44+00:00\",\"dateModified\":\"2026-02-25T14:53:18+00:00\",\"breadcrumb\":{\"@id\":\"https:\\\/\\\/www.edesia.al\\\/?product=fusili-me-thjerreza-te-kuqe#breadcrumb\"},\"inLanguage\":\"en-US\",\"potentialAction\":[{\"@type\":\"ReadAction\",\"target\":[\"https:\\\/\\\/www.edesia.al\\\/?product=fusili-me-thjerreza-te-kuqe\"]}]},{\"@type\":\"BreadcrumbList\",\"@id\":\"https:\\\/\\\/www.edesia.al\\\/?product=fusili-me-thjerreza-te-kuqe#breadcrumb\",\"itemListElement\":[{\"@type\":\"ListItem\",\"position\":1,\"name\":\"Home\",\"item\":\"https:\\\/\\\/www.edesia.al\\\/\"},{\"@type\":\"ListItem\",\"position\":2,\"name\":\"Dyqani\",\"item\":\"https:\\\/\\\/www.edesia.al\\\/?page_id=17\"},{\"@type\":\"ListItem\",\"position\":3,\"name\":\"Fusili me Thjerr\u00ebza t\u00eb Kuqe\"}]},{\"@type\":\"WebSite\",\"@id\":\"https:\\\/\\\/www.edesia.al\\\/#website\",\"url\":\"https:\\\/\\\/www.edesia.al\\\/\",\"name\":\"Edesia\",\"description\":\"\",\"publisher\":{\"@id\":\"https:\\\/\\\/www.edesia.al\\\/#organization\"},\"potentialAction\":[{\"@type\":\"SearchAction\",\"target\":{\"@type\":\"EntryPoint\",\"urlTemplate\":\"https:\\\/\\\/www.edesia.al\\\/?s={search_term_string}\"},\"query-input\":{\"@type\":\"PropertyValueSpecification\",\"valueRequired\":true,\"valueName\":\"search_term_string\"}}],\"inLanguage\":\"en-US\"},{\"@type\":\"Organization\",\"@id\":\"https:\\\/\\\/www.edesia.al\\\/#organization\",\"name\":\"Edesia\",\"url\":\"https:\\\/\\\/www.edesia.al\\\/\",\"logo\":{\"@type\":\"ImageObject\",\"inLanguage\":\"en-US\",\"@id\":\"https:\\\/\\\/www.edesia.al\\\/#\\\/schema\\\/logo\\\/image\\\/\",\"url\":\"https:\\\/\\\/www.edesia.al\\\/wp-content\\\/uploads\\\/2026\\\/02\\\/Logo-Edesia-no-background.png\",\"contentUrl\":\"https:\\\/\\\/www.edesia.al\\\/wp-content\\\/uploads\\\/2026\\\/02\\\/Logo-Edesia-no-background.png\",\"width\":293,\"height\":158,\"caption\":\"Edesia\"},\"image\":{\"@id\":\"https:\\\/\\\/www.edesia.al\\\/#\\\/schema\\\/logo\\\/image\\\/\"}}]}<\/script>\n<!-- \/ Yoast SEO plugin. -->","yoast_head_json":{"title":"Fusili me Thjerr\u00ebza t\u00eb Kuqe - Edesia","robots":{"index":"index","follow":"follow","max-snippet":"max-snippet:-1","max-image-preview":"max-image-preview:large","max-video-preview":"max-video-preview:-1"},"canonical":"https:\/\/www.edesia.al\/?product=fusili-me-thjerreza-te-kuqe","og_locale":"en_US","og_type":"article","og_title":"Fusili me Thjerr\u00ebza t\u00eb Kuqe - Edesia","og_description":"Fusili me Thjerr\u00ebza t\u00eb Kuqe G\/F 250g Fusilit me thjerr\u00ebza t\u00eb kuqe jan\u00eb organike, vegane , pa gluten dhe pa laktoz\u00eb. Jan\u00eb t\u00eb pasura me fibra dhe proteina. Nj\u00eb pjat\u00eb e ngroht\u00eb apo nj\u00eb sallat\u00eb e ftoht\u00eb me k\u00ebto fusili jan\u00eb zgjidhja e duhur p\u00ebr nj\u00eb vakt t\u00eb plot\u00eb. Ideale edhe p\u00ebr f\u00ebmij\u00ebt tuaj!","og_url":"https:\/\/www.edesia.al\/?product=fusili-me-thjerreza-te-kuqe","og_site_name":"Edesia","article_modified_time":"2026-02-25T14:53:18+00:00","twitter_card":"summary_large_image","schema":{"@context":"https:\/\/schema.org","@graph":[{"@type":"WebPage","@id":"https:\/\/www.edesia.al\/?product=fusili-me-thjerreza-te-kuqe","url":"https:\/\/www.edesia.al\/?product=fusili-me-thjerreza-te-kuqe","name":"Fusili me Thjerr\u00ebza t\u00eb Kuqe - Edesia","isPartOf":{"@id":"https:\/\/www.edesia.al\/#website"},"datePublished":"2026-02-16T21:12:44+00:00","dateModified":"2026-02-25T14:53:18+00:00","breadcrumb":{"@id":"https:\/\/www.edesia.al\/?product=fusili-me-thjerreza-te-kuqe#breadcrumb"},"inLanguage":"en-US","potentialAction":[{"@type":"ReadAction","target":["https:\/\/www.edesia.al\/?product=fusili-me-thjerreza-te-kuqe"]}]},{"@type":"BreadcrumbList","@id":"https:\/\/www.edesia.al\/?product=fusili-me-thjerreza-te-kuqe#breadcrumb","itemListElement":[{"@type":"ListItem","position":1,"name":"Home","item":"https:\/\/www.edesia.al\/"},{"@type":"ListItem","position":2,"name":"Dyqani","item":"https:\/\/www.edesia.al\/?page_id=17"},{"@type":"ListItem","position":3,"name":"Fusili me Thjerr\u00ebza t\u00eb Kuqe"}]},{"@type":"WebSite","@id":"https:\/\/www.edesia.al\/#website","url":"https:\/\/www.edesia.al\/","name":"Edesia","description":"","publisher":{"@id":"https:\/\/www.edesia.al\/#organization"},"potentialAction":[{"@type":"SearchAction","target":{"@type":"EntryPoint","urlTemplate":"https:\/\/www.edesia.al\/?s={search_term_string}"},"query-input":{"@type":"PropertyValueSpecification","valueRequired":true,"valueName":"search_term_string"}}],"inLanguage":"en-US"},{"@type":"Organization","@id":"https:\/\/www.edesia.al\/#organization","name":"Edesia","url":"https:\/\/www.edesia.al\/","logo":{"@type":"ImageObject","inLanguage":"en-US","@id":"https:\/\/www.edesia.al\/#\/schema\/logo\/image\/","url":"https:\/\/www.edesia.al\/wp-content\/uploads\/2026\/02\/Logo-Edesia-no-background.png","contentUrl":"https:\/\/www.edesia.al\/wp-content\/uploads\/2026\/02\/Logo-Edesia-no-background.png","width":293,"height":158,"caption":"Edesia"},"image":{"@id":"https:\/\/www.edesia.al\/#\/schema\/logo\/image\/"}}]}},"_links":{"self":[{"href":"https:\/\/www.edesia.al\/index.php?rest_route=\/wp\/v2\/product\/7077","targetHints":{"allow":["GET"]}}],"collection":[{"href":"https:\/\/www.edesia.al\/index.php?rest_route=\/wp\/v2\/product"}],"about":[{"href":"https:\/\/www.edesia.al\/index.php?rest_route=\/wp\/v2\/types\/product"}],"replies":[{"embeddable":true,"href":"https:\/\/www.edesia.al\/index.php?rest_route=%2Fwp%2Fv2%2Fcomments&post=7077"}],"wp:attachment":[{"href":"https:\/\/www.edesia.al\/index.php?rest_route=%2Fwp%2Fv2%2Fmedia&parent=7077"}],"wp:term":[{"taxonomy":"kategori-sipas-dietave","embeddable":true,"href":"https:\/\/www.edesia.al\/index.php?rest_route=%2Fwp%2Fv2%2Fkategori-sipas-dietave&post=7077"},{"taxonomy":"kategori-sipas-problemeve-shende","embeddable":true,"href":"https:\/\/www.edesia.al\/index.php?rest_route=%2Fwp%2Fv2%2Fkategori-sipas-problemeve-shende&post=7077"},{"taxonomy":"product_brand","embeddable":true,"href":"https:\/\/www.edesia.al\/index.php?rest_route=%2Fwp%2Fv2%2Fproduct_brand&post=7077"},{"taxonomy":"product_cat","embeddable":true,"href":"https:\/\/www.edesia.al\/index.php?rest_route=%2Fwp%2Fv2%2Fproduct_cat&post=7077"},{"taxonomy":"product_tag","embeddable":true,"href":"https:\/\/www.edesia.al\/index.php?rest_route=%2Fwp%2Fv2%2Fproduct_tag&post=7077"}],"curies":[{"name":"wp","href":"https:\/\/api.w.org\/{rel}","templated":true}]}}