{"id":7081,"date":"2026-02-16T21:12:44","date_gmt":"2026-02-16T21:12:44","guid":{"rendered":"https:\/\/www.edesia.al\/?post_type=product&#038;p=7081"},"modified":"2026-02-25T17:07:20","modified_gmt":"2026-02-25T17:07:20","slug":"miell-hikerrori-pa-gluten","status":"publish","type":"product","link":"https:\/\/www.edesia.al\/?product=miell-hikerrori-pa-gluten","title":{"rendered":"Miell Hik\u00ebrrori pa Gluten"},"content":{"rendered":"<h3>Miell Hik\u00ebrrori G\/F 500G<\/h3>\n<p>Hikerrori \u00ebsht\u00eb nj\u00eb far\u00eb q\u00eb natyralisht nuk p\u00ebrmban gluten. Si e till\u00eb \u00ebsht\u00eb nj\u00eb z\u00ebvendesues shum\u00eb i mir\u00eb i grurit.<\/p>\n<p>Mielli i hik\u00ebrrorit gjen nj\u00eb p\u00ebrdorim t\u00eb gj\u00ebr\u00eb n\u00eb kuzhin\u00eb duke filluar nga p\u00ebrgatitja e buk\u00ebs pa gluten, pastave t\u00eb b\u00ebra n\u00eb sht\u00ebpi apo petullave. Hik\u00ebrrori ka nje nivel t\u00eb ul\u00ebt glicemik ndaj \u00ebsht\u00eb shum\u00eb i p\u00ebrshtatsh\u00ebm dhe p\u00ebr p\u00ebrsona q\u00eb vuajn\u00eb nga diabeti apo sheqeri i lart\u00eb n\u00eb gjak.<\/p>\n<p>P\u00ebrmban vitamina\u00a0 Vitamine B dhe E gjithashtu ka ne perberje\u00a0 zink, kalium, bak\u00ebr, kalcium, mangan, magnez, selen, acide fenolike, rutin\u00eb, katekin\u00eb.<\/p>\n<p>Ndryshe nga miellrat e tjer\u00eb pa gluten q\u00eb tentojn\u00eb t\u00eb ken\u00eb nj\u00eb sasi me t\u00eb vog\u00ebl t\u00eb fibrave, mielli i hik\u00ebrrorit p\u00ebrmban shum\u00eb fibra.<\/p>\n<p>N\u00eb nj\u00eb diet pa gluten mielli i hik\u00ebrrorit \u00ebsht\u00eb nj\u00eb domosdoshm\u00ebri!<\/p>\n<p>N\u00ebse zgjidhni miell hik\u00ebrrori kujdesuni t\u00eb jet\u00eb 100% bio organic, i \u00e7ertifikuar.<\/p>\n","protected":false},"excerpt":{"rendered":"<p>Miell Hik\u00ebrrori G\/F 500G Hikerrori \u00ebsht\u00eb nj\u00eb far\u00eb q\u00eb natyralisht nuk p\u00ebrmban gluten. Si e till\u00eb \u00ebsht\u00eb nj\u00eb z\u00ebvendesues shum\u00eb i mir\u00eb i grurit. Mielli i hik\u00ebrrorit gjen nj\u00eb p\u00ebrdorim t\u00eb gj\u00ebr\u00eb n\u00eb kuzhin\u00eb duke filluar nga p\u00ebrgatitja e buk\u00ebs pa gluten, pastave t\u00eb b\u00ebra n\u00eb sht\u00ebpi apo petullave. Hik\u00ebrrori ka nje nivel t\u00eb ul\u00ebt[&#8230;]<\/p>\n","protected":false},"featured_media":0,"comment_status":"open","ping_status":"closed","template":"","meta":{"_acf_changed":false,"inline_featured_image":false},"kategori-sipas-dietave":[95],"kategori-sipas-problemeve-shende":[88],"product_brand":[32],"product_cat":[47,26],"product_tag":[185],"class_list":{"0":"post-7081","1":"product","2":"type-product","3":"status-publish","5":"kategori-sipas-dietave-pa-gluten","6":"kategori-sipas-problemeve-shende-gluten-free-celiak-alergjik","7":"product_brand-bioagros","8":"product_cat-miell","9":"product_cat-ushqime-bio","10":"product_tag-organic-miell","12":"first","13":"instock","14":"taxable","15":"shipping-taxable","16":"purchasable","17":"product-type-simple"},"acf":[],"yoast_head":"<!-- This site is optimized with the Yoast SEO plugin v27.4 - https:\/\/yoast.com\/product\/yoast-seo-wordpress\/ -->\n<title>Miell Hik\u00ebrrori pa Gluten - Edesia<\/title>\n<meta name=\"robots\" content=\"index, follow, max-snippet:-1, max-image-preview:large, max-video-preview:-1\" \/>\n<link rel=\"canonical\" href=\"https:\/\/www.edesia.al\/?product=miell-hikerrori-pa-gluten\" \/>\n<meta property=\"og:locale\" content=\"en_US\" \/>\n<meta property=\"og:type\" content=\"article\" \/>\n<meta property=\"og:title\" content=\"Miell Hik\u00ebrrori pa Gluten - Edesia\" \/>\n<meta property=\"og:description\" content=\"Miell Hik\u00ebrrori G\/F 500G Hikerrori \u00ebsht\u00eb nj\u00eb far\u00eb q\u00eb natyralisht nuk p\u00ebrmban gluten. Si e till\u00eb \u00ebsht\u00eb nj\u00eb z\u00ebvendesues shum\u00eb i mir\u00eb i grurit. Mielli i hik\u00ebrrorit gjen nj\u00eb p\u00ebrdorim t\u00eb gj\u00ebr\u00eb n\u00eb kuzhin\u00eb duke filluar nga p\u00ebrgatitja e buk\u00ebs pa gluten, pastave t\u00eb b\u00ebra n\u00eb sht\u00ebpi apo petullave. Hik\u00ebrrori ka nje nivel t\u00eb ul\u00ebt[...]\" \/>\n<meta property=\"og:url\" content=\"https:\/\/www.edesia.al\/?product=miell-hikerrori-pa-gluten\" \/>\n<meta property=\"og:site_name\" content=\"Edesia\" \/>\n<meta property=\"article:modified_time\" content=\"2026-02-25T17:07:20+00:00\" \/>\n<meta name=\"twitter:card\" content=\"summary_large_image\" \/>\n<meta name=\"twitter:label1\" content=\"Est. reading time\" \/>\n\t<meta name=\"twitter:data1\" content=\"1 minute\" \/>\n<script type=\"application\/ld+json\" class=\"yoast-schema-graph\">{\"@context\":\"https:\\\/\\\/schema.org\",\"@graph\":[{\"@type\":\"WebPage\",\"@id\":\"https:\\\/\\\/www.edesia.al\\\/?product=miell-hikerrori-pa-gluten\",\"url\":\"https:\\\/\\\/www.edesia.al\\\/?product=miell-hikerrori-pa-gluten\",\"name\":\"Miell Hik\u00ebrrori pa Gluten - Edesia\",\"isPartOf\":{\"@id\":\"https:\\\/\\\/www.edesia.al\\\/#website\"},\"datePublished\":\"2026-02-16T21:12:44+00:00\",\"dateModified\":\"2026-02-25T17:07:20+00:00\",\"breadcrumb\":{\"@id\":\"https:\\\/\\\/www.edesia.al\\\/?product=miell-hikerrori-pa-gluten#breadcrumb\"},\"inLanguage\":\"en-US\",\"potentialAction\":[{\"@type\":\"ReadAction\",\"target\":[\"https:\\\/\\\/www.edesia.al\\\/?product=miell-hikerrori-pa-gluten\"]}]},{\"@type\":\"BreadcrumbList\",\"@id\":\"https:\\\/\\\/www.edesia.al\\\/?product=miell-hikerrori-pa-gluten#breadcrumb\",\"itemListElement\":[{\"@type\":\"ListItem\",\"position\":1,\"name\":\"Home\",\"item\":\"https:\\\/\\\/www.edesia.al\\\/\"},{\"@type\":\"ListItem\",\"position\":2,\"name\":\"Dyqani\",\"item\":\"https:\\\/\\\/www.edesia.al\\\/?page_id=17\"},{\"@type\":\"ListItem\",\"position\":3,\"name\":\"Miell Hik\u00ebrrori pa Gluten\"}]},{\"@type\":\"WebSite\",\"@id\":\"https:\\\/\\\/www.edesia.al\\\/#website\",\"url\":\"https:\\\/\\\/www.edesia.al\\\/\",\"name\":\"Edesia\",\"description\":\"\",\"publisher\":{\"@id\":\"https:\\\/\\\/www.edesia.al\\\/#organization\"},\"potentialAction\":[{\"@type\":\"SearchAction\",\"target\":{\"@type\":\"EntryPoint\",\"urlTemplate\":\"https:\\\/\\\/www.edesia.al\\\/?s={search_term_string}\"},\"query-input\":{\"@type\":\"PropertyValueSpecification\",\"valueRequired\":true,\"valueName\":\"search_term_string\"}}],\"inLanguage\":\"en-US\"},{\"@type\":\"Organization\",\"@id\":\"https:\\\/\\\/www.edesia.al\\\/#organization\",\"name\":\"Edesia\",\"url\":\"https:\\\/\\\/www.edesia.al\\\/\",\"logo\":{\"@type\":\"ImageObject\",\"inLanguage\":\"en-US\",\"@id\":\"https:\\\/\\\/www.edesia.al\\\/#\\\/schema\\\/logo\\\/image\\\/\",\"url\":\"https:\\\/\\\/www.edesia.al\\\/wp-content\\\/uploads\\\/2026\\\/02\\\/Logo-Edesia-no-background.png\",\"contentUrl\":\"https:\\\/\\\/www.edesia.al\\\/wp-content\\\/uploads\\\/2026\\\/02\\\/Logo-Edesia-no-background.png\",\"width\":293,\"height\":158,\"caption\":\"Edesia\"},\"image\":{\"@id\":\"https:\\\/\\\/www.edesia.al\\\/#\\\/schema\\\/logo\\\/image\\\/\"}}]}<\/script>\n<!-- \/ Yoast SEO plugin. -->","yoast_head_json":{"title":"Miell Hik\u00ebrrori pa Gluten - Edesia","robots":{"index":"index","follow":"follow","max-snippet":"max-snippet:-1","max-image-preview":"max-image-preview:large","max-video-preview":"max-video-preview:-1"},"canonical":"https:\/\/www.edesia.al\/?product=miell-hikerrori-pa-gluten","og_locale":"en_US","og_type":"article","og_title":"Miell Hik\u00ebrrori pa Gluten - Edesia","og_description":"Miell Hik\u00ebrrori G\/F 500G Hikerrori \u00ebsht\u00eb nj\u00eb far\u00eb q\u00eb natyralisht nuk p\u00ebrmban gluten. Si e till\u00eb \u00ebsht\u00eb nj\u00eb z\u00ebvendesues shum\u00eb i mir\u00eb i grurit. Mielli i hik\u00ebrrorit gjen nj\u00eb p\u00ebrdorim t\u00eb gj\u00ebr\u00eb n\u00eb kuzhin\u00eb duke filluar nga p\u00ebrgatitja e buk\u00ebs pa gluten, pastave t\u00eb b\u00ebra n\u00eb sht\u00ebpi apo petullave. Hik\u00ebrrori ka nje nivel t\u00eb ul\u00ebt[...]","og_url":"https:\/\/www.edesia.al\/?product=miell-hikerrori-pa-gluten","og_site_name":"Edesia","article_modified_time":"2026-02-25T17:07:20+00:00","twitter_card":"summary_large_image","twitter_misc":{"Est. reading time":"1 minute"},"schema":{"@context":"https:\/\/schema.org","@graph":[{"@type":"WebPage","@id":"https:\/\/www.edesia.al\/?product=miell-hikerrori-pa-gluten","url":"https:\/\/www.edesia.al\/?product=miell-hikerrori-pa-gluten","name":"Miell Hik\u00ebrrori pa Gluten - Edesia","isPartOf":{"@id":"https:\/\/www.edesia.al\/#website"},"datePublished":"2026-02-16T21:12:44+00:00","dateModified":"2026-02-25T17:07:20+00:00","breadcrumb":{"@id":"https:\/\/www.edesia.al\/?product=miell-hikerrori-pa-gluten#breadcrumb"},"inLanguage":"en-US","potentialAction":[{"@type":"ReadAction","target":["https:\/\/www.edesia.al\/?product=miell-hikerrori-pa-gluten"]}]},{"@type":"BreadcrumbList","@id":"https:\/\/www.edesia.al\/?product=miell-hikerrori-pa-gluten#breadcrumb","itemListElement":[{"@type":"ListItem","position":1,"name":"Home","item":"https:\/\/www.edesia.al\/"},{"@type":"ListItem","position":2,"name":"Dyqani","item":"https:\/\/www.edesia.al\/?page_id=17"},{"@type":"ListItem","position":3,"name":"Miell Hik\u00ebrrori pa Gluten"}]},{"@type":"WebSite","@id":"https:\/\/www.edesia.al\/#website","url":"https:\/\/www.edesia.al\/","name":"Edesia","description":"","publisher":{"@id":"https:\/\/www.edesia.al\/#organization"},"potentialAction":[{"@type":"SearchAction","target":{"@type":"EntryPoint","urlTemplate":"https:\/\/www.edesia.al\/?s={search_term_string}"},"query-input":{"@type":"PropertyValueSpecification","valueRequired":true,"valueName":"search_term_string"}}],"inLanguage":"en-US"},{"@type":"Organization","@id":"https:\/\/www.edesia.al\/#organization","name":"Edesia","url":"https:\/\/www.edesia.al\/","logo":{"@type":"ImageObject","inLanguage":"en-US","@id":"https:\/\/www.edesia.al\/#\/schema\/logo\/image\/","url":"https:\/\/www.edesia.al\/wp-content\/uploads\/2026\/02\/Logo-Edesia-no-background.png","contentUrl":"https:\/\/www.edesia.al\/wp-content\/uploads\/2026\/02\/Logo-Edesia-no-background.png","width":293,"height":158,"caption":"Edesia"},"image":{"@id":"https:\/\/www.edesia.al\/#\/schema\/logo\/image\/"}}]}},"_links":{"self":[{"href":"https:\/\/www.edesia.al\/index.php?rest_route=\/wp\/v2\/product\/7081","targetHints":{"allow":["GET"]}}],"collection":[{"href":"https:\/\/www.edesia.al\/index.php?rest_route=\/wp\/v2\/product"}],"about":[{"href":"https:\/\/www.edesia.al\/index.php?rest_route=\/wp\/v2\/types\/product"}],"replies":[{"embeddable":true,"href":"https:\/\/www.edesia.al\/index.php?rest_route=%2Fwp%2Fv2%2Fcomments&post=7081"}],"wp:attachment":[{"href":"https:\/\/www.edesia.al\/index.php?rest_route=%2Fwp%2Fv2%2Fmedia&parent=7081"}],"wp:term":[{"taxonomy":"kategori-sipas-dietave","embeddable":true,"href":"https:\/\/www.edesia.al\/index.php?rest_route=%2Fwp%2Fv2%2Fkategori-sipas-dietave&post=7081"},{"taxonomy":"kategori-sipas-problemeve-shende","embeddable":true,"href":"https:\/\/www.edesia.al\/index.php?rest_route=%2Fwp%2Fv2%2Fkategori-sipas-problemeve-shende&post=7081"},{"taxonomy":"product_brand","embeddable":true,"href":"https:\/\/www.edesia.al\/index.php?rest_route=%2Fwp%2Fv2%2Fproduct_brand&post=7081"},{"taxonomy":"product_cat","embeddable":true,"href":"https:\/\/www.edesia.al\/index.php?rest_route=%2Fwp%2Fv2%2Fproduct_cat&post=7081"},{"taxonomy":"product_tag","embeddable":true,"href":"https:\/\/www.edesia.al\/index.php?rest_route=%2Fwp%2Fv2%2Fproduct_tag&post=7081"}],"curies":[{"name":"wp","href":"https:\/\/api.w.org\/{rel}","templated":true}]}}