{"id":7105,"date":"2026-02-16T21:13:06","date_gmt":"2026-02-16T21:13:06","guid":{"rendered":"https:\/\/www.edesia.al\/?post_type=product&#038;p=7105"},"modified":"2026-02-25T17:12:50","modified_gmt":"2026-02-25T17:12:50","slug":"oriz-i-parazier","status":"publish","type":"product","link":"https:\/\/www.edesia.al\/?product=oriz-i-parazier","title":{"rendered":"Oriz i Parazier"},"content":{"rendered":"<h3>Oriz i Parazier 500g<\/h3>\n<p data-start=\"123\" data-end=\"393\">Oriz i p\u00ebrpunuar n\u00eb m\u00ebnyr\u00eb natyrale p\u00ebrmes nj\u00eb procesi t\u00eb leht\u00eb avulli para pastrimit, q\u00eb ndihmon n\u00eb ruajtjen e vlerave ushqyese si vitaminat dhe mineralet. Ky proces e b\u00ebn orizin m\u00eb t\u00eb shpejt\u00eb p\u00ebr t\u2019u gatuar dhe kokrrat t\u00eb mos ngjiten pas gatimit.<\/p>\n<p data-start=\"395\" data-end=\"599\">\u2714 I certifikuar bio-organik<br data-start=\"422\" data-end=\"425\" \/>\u2714 Me struktur\u00eb t\u00eb q\u00ebndrueshme dhe shije neutrale<br data-start=\"473\" data-end=\"476\" \/>\u2714 Ruajtje m\u00eb e mir\u00eb e vlerave ushqyese se orizi i bardh\u00eb<br data-start=\"532\" data-end=\"535\" \/>\u2714 Ideal p\u00ebr pilaf, gjell\u00eb me perime apo si shoq\u00ebrues n\u00eb \u00e7do vakt<\/p>\n<p data-start=\"601\" data-end=\"701\"><strong data-start=\"601\" data-end=\"615\">P\u00ebrdorimi:<\/strong><br data-start=\"615\" data-end=\"618\" \/>Ziejeni n\u00eb raport 1:2.5 me uj\u00eb p\u00ebr 20\u201325 minuta. I p\u00ebrshtatsh\u00ebm p\u00ebr \u00e7do lloj pjate.<\/p>\n<p>&nbsp;<\/p>\n","protected":false},"excerpt":{"rendered":"<p>Oriz parboiled bio-organik, i trajtuar natyralisht me avull p\u00ebr t\u00eb ruajtur vlerat ushqyese. Gatuhet leht\u00eb, nuk ngjitet dhe \u00ebsht\u00eb ideal p\u00ebr \u00e7do vakt.<\/p>\n","protected":false},"featured_media":7131,"comment_status":"open","ping_status":"closed","template":"","meta":{"_acf_changed":false,"inline_featured_image":false},"kategori-sipas-dietave":[93],"kategori-sipas-problemeve-shende":[83],"product_brand":[32],"product_cat":[75,26],"product_tag":[186],"class_list":{"0":"post-7105","1":"product","2":"type-product","3":"status-publish","4":"has-post-thumbnail","6":"kategori-sipas-dietave-high-fiber","7":"kategori-sipas-problemeve-shende-tretje-detox","8":"product_brand-bioagros","9":"product_cat-oriz","10":"product_cat-ushqime-bio","11":"product_tag-organic-oriz","13":"first","14":"instock","15":"taxable","16":"shipping-taxable","17":"purchasable","18":"product-type-simple"},"acf":[],"yoast_head":"<!-- This site is optimized with the Yoast SEO plugin v27.4 - https:\/\/yoast.com\/product\/yoast-seo-wordpress\/ -->\n<title>Oriz i Parazier - Edesia<\/title>\n<meta name=\"robots\" content=\"index, follow, max-snippet:-1, max-image-preview:large, max-video-preview:-1\" \/>\n<link rel=\"canonical\" href=\"https:\/\/www.edesia.al\/?product=oriz-i-parazier\" \/>\n<meta property=\"og:locale\" content=\"en_US\" \/>\n<meta property=\"og:type\" content=\"article\" \/>\n<meta property=\"og:title\" content=\"Oriz i Parazier - Edesia\" \/>\n<meta property=\"og:description\" content=\"Oriz parboiled bio-organik, i trajtuar natyralisht me avull p\u00ebr t\u00eb ruajtur vlerat ushqyese. Gatuhet leht\u00eb, nuk ngjitet dhe \u00ebsht\u00eb ideal p\u00ebr \u00e7do vakt.\" \/>\n<meta property=\"og:url\" content=\"https:\/\/www.edesia.al\/?product=oriz-i-parazier\" \/>\n<meta property=\"og:site_name\" content=\"Edesia\" \/>\n<meta property=\"article:modified_time\" content=\"2026-02-25T17:12:50+00:00\" \/>\n<meta property=\"og:image\" content=\"https:\/\/www.edesia.al\/wp-content\/uploads\/2026\/02\/221038485-1.png\" \/>\n\t<meta property=\"og:image:width\" content=\"350\" \/>\n\t<meta property=\"og:image:height\" content=\"350\" \/>\n\t<meta property=\"og:image:type\" content=\"image\/png\" \/>\n<meta name=\"twitter:card\" content=\"summary_large_image\" \/>\n<meta name=\"twitter:label1\" content=\"Est. reading time\" \/>\n\t<meta name=\"twitter:data1\" content=\"1 minute\" \/>\n<script type=\"application\/ld+json\" class=\"yoast-schema-graph\">{\"@context\":\"https:\\\/\\\/schema.org\",\"@graph\":[{\"@type\":\"WebPage\",\"@id\":\"https:\\\/\\\/www.edesia.al\\\/?product=oriz-i-parazier\",\"url\":\"https:\\\/\\\/www.edesia.al\\\/?product=oriz-i-parazier\",\"name\":\"Oriz i Parazier - Edesia\",\"isPartOf\":{\"@id\":\"https:\\\/\\\/www.edesia.al\\\/#website\"},\"primaryImageOfPage\":{\"@id\":\"https:\\\/\\\/www.edesia.al\\\/?product=oriz-i-parazier#primaryimage\"},\"image\":{\"@id\":\"https:\\\/\\\/www.edesia.al\\\/?product=oriz-i-parazier#primaryimage\"},\"thumbnailUrl\":\"https:\\\/\\\/www.edesia.al\\\/wp-content\\\/uploads\\\/2026\\\/02\\\/221038485-1.png\",\"datePublished\":\"2026-02-16T21:13:06+00:00\",\"dateModified\":\"2026-02-25T17:12:50+00:00\",\"breadcrumb\":{\"@id\":\"https:\\\/\\\/www.edesia.al\\\/?product=oriz-i-parazier#breadcrumb\"},\"inLanguage\":\"en-US\",\"potentialAction\":[{\"@type\":\"ReadAction\",\"target\":[\"https:\\\/\\\/www.edesia.al\\\/?product=oriz-i-parazier\"]}]},{\"@type\":\"ImageObject\",\"inLanguage\":\"en-US\",\"@id\":\"https:\\\/\\\/www.edesia.al\\\/?product=oriz-i-parazier#primaryimage\",\"url\":\"https:\\\/\\\/www.edesia.al\\\/wp-content\\\/uploads\\\/2026\\\/02\\\/221038485-1.png\",\"contentUrl\":\"https:\\\/\\\/www.edesia.al\\\/wp-content\\\/uploads\\\/2026\\\/02\\\/221038485-1.png\",\"width\":350,\"height\":350},{\"@type\":\"BreadcrumbList\",\"@id\":\"https:\\\/\\\/www.edesia.al\\\/?product=oriz-i-parazier#breadcrumb\",\"itemListElement\":[{\"@type\":\"ListItem\",\"position\":1,\"name\":\"Home\",\"item\":\"https:\\\/\\\/www.edesia.al\\\/\"},{\"@type\":\"ListItem\",\"position\":2,\"name\":\"Dyqani\",\"item\":\"https:\\\/\\\/www.edesia.al\\\/?page_id=17\"},{\"@type\":\"ListItem\",\"position\":3,\"name\":\"Oriz i Parazier\"}]},{\"@type\":\"WebSite\",\"@id\":\"https:\\\/\\\/www.edesia.al\\\/#website\",\"url\":\"https:\\\/\\\/www.edesia.al\\\/\",\"name\":\"Edesia\",\"description\":\"\",\"publisher\":{\"@id\":\"https:\\\/\\\/www.edesia.al\\\/#organization\"},\"potentialAction\":[{\"@type\":\"SearchAction\",\"target\":{\"@type\":\"EntryPoint\",\"urlTemplate\":\"https:\\\/\\\/www.edesia.al\\\/?s={search_term_string}\"},\"query-input\":{\"@type\":\"PropertyValueSpecification\",\"valueRequired\":true,\"valueName\":\"search_term_string\"}}],\"inLanguage\":\"en-US\"},{\"@type\":\"Organization\",\"@id\":\"https:\\\/\\\/www.edesia.al\\\/#organization\",\"name\":\"Edesia\",\"url\":\"https:\\\/\\\/www.edesia.al\\\/\",\"logo\":{\"@type\":\"ImageObject\",\"inLanguage\":\"en-US\",\"@id\":\"https:\\\/\\\/www.edesia.al\\\/#\\\/schema\\\/logo\\\/image\\\/\",\"url\":\"https:\\\/\\\/www.edesia.al\\\/wp-content\\\/uploads\\\/2026\\\/02\\\/Logo-Edesia-no-background.png\",\"contentUrl\":\"https:\\\/\\\/www.edesia.al\\\/wp-content\\\/uploads\\\/2026\\\/02\\\/Logo-Edesia-no-background.png\",\"width\":293,\"height\":158,\"caption\":\"Edesia\"},\"image\":{\"@id\":\"https:\\\/\\\/www.edesia.al\\\/#\\\/schema\\\/logo\\\/image\\\/\"}}]}<\/script>\n<!-- \/ Yoast SEO plugin. -->","yoast_head_json":{"title":"Oriz i Parazier - Edesia","robots":{"index":"index","follow":"follow","max-snippet":"max-snippet:-1","max-image-preview":"max-image-preview:large","max-video-preview":"max-video-preview:-1"},"canonical":"https:\/\/www.edesia.al\/?product=oriz-i-parazier","og_locale":"en_US","og_type":"article","og_title":"Oriz i Parazier - Edesia","og_description":"Oriz parboiled bio-organik, i trajtuar natyralisht me avull p\u00ebr t\u00eb ruajtur vlerat ushqyese. Gatuhet leht\u00eb, nuk ngjitet dhe \u00ebsht\u00eb ideal p\u00ebr \u00e7do vakt.","og_url":"https:\/\/www.edesia.al\/?product=oriz-i-parazier","og_site_name":"Edesia","article_modified_time":"2026-02-25T17:12:50+00:00","og_image":[{"width":350,"height":350,"url":"https:\/\/www.edesia.al\/wp-content\/uploads\/2026\/02\/221038485-1.png","type":"image\/png"}],"twitter_card":"summary_large_image","twitter_misc":{"Est. reading time":"1 minute"},"schema":{"@context":"https:\/\/schema.org","@graph":[{"@type":"WebPage","@id":"https:\/\/www.edesia.al\/?product=oriz-i-parazier","url":"https:\/\/www.edesia.al\/?product=oriz-i-parazier","name":"Oriz i Parazier - Edesia","isPartOf":{"@id":"https:\/\/www.edesia.al\/#website"},"primaryImageOfPage":{"@id":"https:\/\/www.edesia.al\/?product=oriz-i-parazier#primaryimage"},"image":{"@id":"https:\/\/www.edesia.al\/?product=oriz-i-parazier#primaryimage"},"thumbnailUrl":"https:\/\/www.edesia.al\/wp-content\/uploads\/2026\/02\/221038485-1.png","datePublished":"2026-02-16T21:13:06+00:00","dateModified":"2026-02-25T17:12:50+00:00","breadcrumb":{"@id":"https:\/\/www.edesia.al\/?product=oriz-i-parazier#breadcrumb"},"inLanguage":"en-US","potentialAction":[{"@type":"ReadAction","target":["https:\/\/www.edesia.al\/?product=oriz-i-parazier"]}]},{"@type":"ImageObject","inLanguage":"en-US","@id":"https:\/\/www.edesia.al\/?product=oriz-i-parazier#primaryimage","url":"https:\/\/www.edesia.al\/wp-content\/uploads\/2026\/02\/221038485-1.png","contentUrl":"https:\/\/www.edesia.al\/wp-content\/uploads\/2026\/02\/221038485-1.png","width":350,"height":350},{"@type":"BreadcrumbList","@id":"https:\/\/www.edesia.al\/?product=oriz-i-parazier#breadcrumb","itemListElement":[{"@type":"ListItem","position":1,"name":"Home","item":"https:\/\/www.edesia.al\/"},{"@type":"ListItem","position":2,"name":"Dyqani","item":"https:\/\/www.edesia.al\/?page_id=17"},{"@type":"ListItem","position":3,"name":"Oriz i Parazier"}]},{"@type":"WebSite","@id":"https:\/\/www.edesia.al\/#website","url":"https:\/\/www.edesia.al\/","name":"Edesia","description":"","publisher":{"@id":"https:\/\/www.edesia.al\/#organization"},"potentialAction":[{"@type":"SearchAction","target":{"@type":"EntryPoint","urlTemplate":"https:\/\/www.edesia.al\/?s={search_term_string}"},"query-input":{"@type":"PropertyValueSpecification","valueRequired":true,"valueName":"search_term_string"}}],"inLanguage":"en-US"},{"@type":"Organization","@id":"https:\/\/www.edesia.al\/#organization","name":"Edesia","url":"https:\/\/www.edesia.al\/","logo":{"@type":"ImageObject","inLanguage":"en-US","@id":"https:\/\/www.edesia.al\/#\/schema\/logo\/image\/","url":"https:\/\/www.edesia.al\/wp-content\/uploads\/2026\/02\/Logo-Edesia-no-background.png","contentUrl":"https:\/\/www.edesia.al\/wp-content\/uploads\/2026\/02\/Logo-Edesia-no-background.png","width":293,"height":158,"caption":"Edesia"},"image":{"@id":"https:\/\/www.edesia.al\/#\/schema\/logo\/image\/"}}]}},"_links":{"self":[{"href":"https:\/\/www.edesia.al\/index.php?rest_route=\/wp\/v2\/product\/7105","targetHints":{"allow":["GET"]}}],"collection":[{"href":"https:\/\/www.edesia.al\/index.php?rest_route=\/wp\/v2\/product"}],"about":[{"href":"https:\/\/www.edesia.al\/index.php?rest_route=\/wp\/v2\/types\/product"}],"replies":[{"embeddable":true,"href":"https:\/\/www.edesia.al\/index.php?rest_route=%2Fwp%2Fv2%2Fcomments&post=7105"}],"wp:featuredmedia":[{"embeddable":true,"href":"https:\/\/www.edesia.al\/index.php?rest_route=\/wp\/v2\/media\/7131"}],"wp:attachment":[{"href":"https:\/\/www.edesia.al\/index.php?rest_route=%2Fwp%2Fv2%2Fmedia&parent=7105"}],"wp:term":[{"taxonomy":"kategori-sipas-dietave","embeddable":true,"href":"https:\/\/www.edesia.al\/index.php?rest_route=%2Fwp%2Fv2%2Fkategori-sipas-dietave&post=7105"},{"taxonomy":"kategori-sipas-problemeve-shende","embeddable":true,"href":"https:\/\/www.edesia.al\/index.php?rest_route=%2Fwp%2Fv2%2Fkategori-sipas-problemeve-shende&post=7105"},{"taxonomy":"product_brand","embeddable":true,"href":"https:\/\/www.edesia.al\/index.php?rest_route=%2Fwp%2Fv2%2Fproduct_brand&post=7105"},{"taxonomy":"product_cat","embeddable":true,"href":"https:\/\/www.edesia.al\/index.php?rest_route=%2Fwp%2Fv2%2Fproduct_cat&post=7105"},{"taxonomy":"product_tag","embeddable":true,"href":"https:\/\/www.edesia.al\/index.php?rest_route=%2Fwp%2Fv2%2Fproduct_tag&post=7105"}],"curies":[{"name":"wp","href":"https:\/\/api.w.org\/{rel}","templated":true}]}}