{"id":7112,"date":"2026-02-16T21:13:07","date_gmt":"2026-02-16T21:13:07","guid":{"rendered":"https:\/\/www.edesia.al\/?post_type=product&#038;p=7112"},"modified":"2026-02-25T17:21:55","modified_gmt":"2026-02-25T17:21:55","slug":"kolagjen-detar","status":"publish","type":"product","link":"https:\/\/www.edesia.al\/?product=kolagjen-detar","title":{"rendered":"Kolagjen Detar"},"content":{"rendered":"<h3>Kolagjen Detar 250gr<\/h3>\n<p><span>Kolagjeni \u00ebsht\u00eb nj\u00eb\u00a0<\/span><b class=\"\"><span>protein\u00eb strukturore<\/span><\/b><span>\u00a0e pranishme natyrsh\u00ebm n\u00eb trupin ton\u00eb n\u00eb indet lidh\u00ebse (l\u00ebkur\u00eb, k\u00ebrc, tendinat, ligamentet, etj.). Kolagjeni, ose m\u00eb mir\u00eb kolagjen\u00ebt sepse ka disa lloje, jan\u00eb makromolekulat, proteina t\u00eb m\u00ebdha t\u00eb cilat sigurojn\u00eb\u00a0<\/span><b class=\"\"><span>kohezionin, rezistenc\u00ebn dhe elasticitetin e indeve tona<\/span><\/b><span>\u00a0. Kolagjenet jan\u00eb proteinat m\u00eb t\u00eb p\u00ebrfaq\u00ebsuara n\u00eb trupin e njeriut. Dermisi yn\u00eb p\u00ebrmban af\u00ebrsisht 65-75% (pesha e that\u00eb) dhe tendinat tona 70-85% (pesha e that\u00eb).<\/span><\/p>\n<p><span>N\u00eb trupin ton\u00eb,\u00a0<\/span><b class=\"\"><span>fibrat e kolagjenit jan\u00eb p\u00ebrb\u00ebr\u00ebsit kryesor\u00eb t\u00eb matric\u00ebs jasht\u00ebqelizore, dometh\u00ebn\u00eb struktura q\u00eb organizon indet tona<\/span><\/b><span>\u00a0, lidh qelizat tona t\u00eb ndryshme s\u00eb bashku dhe siguron funksionimin e duhur t\u00eb indit. P\u00ebrve\u00e7 kolagjenit, kjo matric\u00eb jasht\u00ebqelizore p\u00ebrb\u00ebhet edhe nga elastina, proteoglikanet, glikoproteinat strukturore dhe\u00a0<\/span><b class=\"\"><span>acidi i famsh\u00ebm hialuronik<\/span><\/b><span>\u00a0, i cili siguron hidratim dhe lubrifikim t\u00eb mir\u00eb t\u00eb s\u00eb t\u00ebr\u00ebs. Kolagjeni dhe makromolekulat e tjera strukturore sintetizohen natyrsh\u00ebm nga qelizat tona.<\/span><\/p>\n<p><b class=\"\"><span>Q\u00eb nga mosha e rritur, sinteza natyrale e kolagjenit nga qelizat tona zvog\u00eblohet ndjesh\u00ebm<\/span><\/b><span>\u00a0dhe rinovimi i fibrave tona t\u00eb kolagjenit b\u00ebhet i ngadalsh\u00ebm. K\u00ebsaj i shtohet fakti se gjat\u00eb plakjes, enzimat e degradimit t\u00eb kolagjenit sekretohen nga qelizat tona, ve\u00e7an\u00ebrisht gjat\u00eb fazave inflamatore.\u00a0<\/span><b class=\"\"><span>Ekspozimi ndaj ultravjollc\u00ebs ose ndotjes gjithashtu p\u00ebrkeq\u00ebson degradimin e kolagjenit<\/span><\/b><span>\u00a0n\u00eb derm\u00eb dhe ndryshimin e struktur\u00ebs s\u00eb matric\u00ebs jasht\u00ebqelizore,\u00a0<\/span><b class=\"\"><span>duke nxitur k\u00ebshtu shfaqjen e rrudhave dhe humbjen e tonit t\u00eb l\u00ebkur\u00ebs<\/span><\/b><span>\u00a0. Po k\u00ebshtu, mosha, aktiviteti fizik intensiv, proceset inflamatore dhe disa patologji p\u00ebrshpejtojn\u00eb degradimin e rrjetit t\u00eb kolagjenit dhe degjenerimin e k\u00ebrceve t\u00eb ky\u00e7eve tona, por edhe t\u00eb tendinave t\u00eb cilat sigurojn\u00eb lidhjen mes muskujve dhe kockave tona.<\/span><\/p>\n<p><span>Nj\u00eb studim vler\u00ebsoi se kapitali yn\u00eb i kolagjenit zvog\u00eblohet me rreth 1% n\u00eb vit n\u00eb mosh\u00ebn madhore.<\/span><\/p>\n<p><strong>Kolagjeni detar<\/strong> \u00ebsht\u00eb kolagjeni i marr\u00eb duke p\u00ebrdorur bashk\u00ebprodukte nga peshqit e rritur ose t\u00eb kapur p\u00ebr p\u00ebrdorim ushqimor.<\/p>\n<div class=\"wrapper__expanded\" data-v-c460d782=\"\">\n<div data-v-41f9c88f=\"\" data-v-c460d782=\"\">\n<div class=\"container block-images-text render-content node-paragraph\" data-v-b5c83186=\"\" data-v-6b9741fa=\"\" data-v-a3dacdfc=\"\" data-v-41f9c88f=\"\">\n<div class=\"container__description\" data-v-b5c83186=\"\">\n<p><span>Kolagjeni i p\u00ebrthithur si nj\u00eb shtes\u00eb ushqimore nuk \u00ebsht\u00eb n\u00eb gjendje t\u00eb z\u00ebvend\u00ebsoj\u00eb kolagjenin ton\u00eb n\u00eb l\u00ebkur\u00eb, nyje ose tendina. Ai tretet dhe kalon n\u00eb qarkullimin e gjakut n\u00eb form\u00ebn e oligopeptideve (peptideve t\u00eb vogla) t\u00eb cilat do t\u00eb arrijn\u00eb n\u00eb l\u00ebkur\u00eb dhe inde t\u00eb ndryshme dhe do t\u00eb stimulojn\u00eb si l\u00ebvizshm\u00ebrin\u00eb dhe p\u00ebrhapjen e fibroblasteve, ashtu edhe sintez\u00ebn e kolagjenit nga fibroblastet. Kjo rezulton n\u00eb nj\u00eb rritje t\u00eb densitetit t\u00eb fibroblasteve dhe densitetit t\u00eb fibrave t\u00eb kolagjenit. Duket gjithashtu se kolagjeni i marr\u00eb nga goja zvog\u00eblon ndikimin e rrezeve UV n\u00eb\u00a0<\/span><b class=\"\"><span>zb\u00ebrthimin e kolagjenit n\u00eb l\u00ebkur\u00ebn ton\u00eb<\/span><\/b><span>\u00a0.<\/span><\/p>\n<p><span>Kolagjeni Detar konsiderohet\u00a0<\/span><b class=\"\"><span>kolagjeni m\u00eb i mir\u00eb p\u00ebr nj\u00eb trajtim si nj\u00eb shtes\u00eb diete<\/span><\/b><span>\u00a0, qoft\u00eb p\u00ebr bukurin\u00eb apo p\u00ebr atlet\u00ebt. \u00cbsht\u00eb gjithashtu forma m\u00eb e q\u00ebndrueshme e kolagjenit p\u00ebr sa i p\u00ebrket metodave t\u00eb prodhimit, me kusht q\u00eb sigurisht t\u00eb zgjidhni kolagjenin detar nga akuakultura e \u00e7ertifikuar e q\u00ebndrueshme.<\/span><\/p>\n<\/div>\n<p><strong>P\u00ebrfitimet e Kolagjenit:<\/strong><\/p>\n<ul>\n<li>Redukton dhimbjet e ky\u00e7eve<\/li>\n<li>P\u00ebrmir\u00ebson sh\u00ebndetin e l\u00ebkur\u00ebs dhe flok\u00ebve<\/li>\n<li>Ndihmon n\u00eb mbrojtjen ndaj Leaky Gut Syndrome (sindroma e p\u00ebrshkueshm\u00ebris\u00eb s\u00eb zorr\u00ebve)<\/li>\n<li>P\u00ebrshpejton metabolizmin, rrit mas\u00ebn muskulare dhe energjin\u00eb.<\/li>\n<li>Forcon flok\u00ebt, thonjt\u00eb dhe dh\u00ebmb\u00ebt<\/li>\n<li>P\u00ebrmir\u00ebson sh\u00ebndetin e m\u00ebl\u00e7is\u00eb<\/li>\n<li>Mbron sh\u00ebndetin kardiovaskular.<\/li>\n<\/ul>\n<\/div>\n<\/div>\n<\/div>\n<div class=\"wrapper__expanded\" data-v-c460d782=\"\">\n<div data-v-41f9c88f=\"\" data-v-c460d782=\"\">\n<div class=\"container block-images-text render-content node-paragraph\" data-v-b5c83186=\"\" data-v-6b9741fa=\"\" data-v-a3dacdfc=\"\" data-v-41f9c88f=\"\">\n<div class=\"container__description\" data-v-b5c83186=\"\">\n<p><strong>P\u00ebrdorimi: <\/strong>Doza e rekomanduar per efektivitet optimal 2,5 gr- 10 gr n\u00eb dit\u00eb (nga 1 lug\u00eb \u00e7aji deri n\u00eb dy lug\u00eb gjelle).<\/p>\n<p>Mund ta p\u00ebrdorni n\u00eb uj\u00eb, lengje frutash dhe perimesh, n\u00eb \u00e7aj apo kafe, por edhe n\u00eb smothie.<\/p>\n<p>&nbsp;<\/p>\n<\/div>\n<\/div>\n<\/div>\n<\/div>\n","protected":false},"excerpt":{"rendered":"<p>Kolagjen Detar 250gr Kolagjeni \u00ebsht\u00eb nj\u00eb\u00a0protein\u00eb strukturore\u00a0e pranishme natyrsh\u00ebm n\u00eb trupin ton\u00eb n\u00eb indet lidh\u00ebse (l\u00ebkur\u00eb, k\u00ebrc, tendinat, ligamentet, etj.). Kolagjeni, ose m\u00eb mir\u00eb kolagjen\u00ebt sepse ka disa lloje, jan\u00eb makromolekulat, proteina t\u00eb m\u00ebdha t\u00eb cilat sigurojn\u00eb\u00a0kohezionin, rezistenc\u00ebn dhe elasticitetin e indeve tona\u00a0. Kolagjenet jan\u00eb proteinat m\u00eb t\u00eb p\u00ebrfaq\u00ebsuara n\u00eb trupin e njeriut. Dermisi yn\u00eb[&#8230;]<\/p>\n","protected":false},"featured_media":7138,"comment_status":"open","ping_status":"closed","template":"","meta":{"_acf_changed":false,"inline_featured_image":false},"kategori-sipas-dietave":[],"kategori-sipas-problemeve-shende":[],"product_brand":[98],"product_cat":[79,28,26],"product_tag":[187],"class_list":{"0":"post-7112","1":"product","2":"type-product","3":"status-publish","4":"has-post-thumbnail","6":"product_brand-aroma-zone","7":"product_cat-kozmetike-kujdes-personal","8":"product_cat-superfoods","9":"product_cat-ushqime-bio","10":"product_tag-kolagjen-detar","12":"first","13":"instock","14":"taxable","15":"shipping-taxable","16":"purchasable","17":"product-type-simple"},"acf":[],"yoast_head":"<!-- This site is optimized with the Yoast SEO plugin v27.4 - https:\/\/yoast.com\/product\/yoast-seo-wordpress\/ -->\n<title>Kolagjen Detar - Edesia<\/title>\n<meta name=\"robots\" content=\"index, follow, max-snippet:-1, max-image-preview:large, max-video-preview:-1\" \/>\n<link rel=\"canonical\" href=\"https:\/\/www.edesia.al\/?product=kolagjen-detar\" \/>\n<meta property=\"og:locale\" content=\"en_US\" \/>\n<meta property=\"og:type\" content=\"article\" \/>\n<meta property=\"og:title\" content=\"Kolagjen Detar - Edesia\" \/>\n<meta property=\"og:description\" content=\"Kolagjen Detar 250gr Kolagjeni \u00ebsht\u00eb nj\u00eb\u00a0protein\u00eb strukturore\u00a0e pranishme natyrsh\u00ebm n\u00eb trupin ton\u00eb n\u00eb indet lidh\u00ebse (l\u00ebkur\u00eb, k\u00ebrc, tendinat, ligamentet, etj.). Kolagjeni, ose m\u00eb mir\u00eb kolagjen\u00ebt sepse ka disa lloje, jan\u00eb makromolekulat, proteina t\u00eb m\u00ebdha t\u00eb cilat sigurojn\u00eb\u00a0kohezionin, rezistenc\u00ebn dhe elasticitetin e indeve tona\u00a0. Kolagjenet jan\u00eb proteinat m\u00eb t\u00eb p\u00ebrfaq\u00ebsuara n\u00eb trupin e njeriut. Dermisi yn\u00eb[...]\" \/>\n<meta property=\"og:url\" content=\"https:\/\/www.edesia.al\/?product=kolagjen-detar\" \/>\n<meta property=\"og:site_name\" content=\"Edesia\" \/>\n<meta property=\"article:modified_time\" content=\"2026-02-25T17:21:55+00:00\" \/>\n<meta property=\"og:image\" content=\"https:\/\/www.edesia.al\/wp-content\/uploads\/2026\/02\/WhatsApp-Image-2024-04-22-at-12.39.55-PM-1.jpeg\" \/>\n\t<meta property=\"og:image:width\" content=\"1108\" \/>\n\t<meta property=\"og:image:height\" content=\"1280\" \/>\n\t<meta property=\"og:image:type\" content=\"image\/jpeg\" \/>\n<meta name=\"twitter:card\" content=\"summary_large_image\" \/>\n<meta name=\"twitter:label1\" content=\"Est. reading time\" \/>\n\t<meta name=\"twitter:data1\" content=\"3 minutes\" \/>\n<script type=\"application\/ld+json\" class=\"yoast-schema-graph\">{\"@context\":\"https:\\\/\\\/schema.org\",\"@graph\":[{\"@type\":\"WebPage\",\"@id\":\"https:\\\/\\\/www.edesia.al\\\/?product=kolagjen-detar\",\"url\":\"https:\\\/\\\/www.edesia.al\\\/?product=kolagjen-detar\",\"name\":\"Kolagjen Detar - Edesia\",\"isPartOf\":{\"@id\":\"https:\\\/\\\/www.edesia.al\\\/#website\"},\"primaryImageOfPage\":{\"@id\":\"https:\\\/\\\/www.edesia.al\\\/?product=kolagjen-detar#primaryimage\"},\"image\":{\"@id\":\"https:\\\/\\\/www.edesia.al\\\/?product=kolagjen-detar#primaryimage\"},\"thumbnailUrl\":\"https:\\\/\\\/www.edesia.al\\\/wp-content\\\/uploads\\\/2026\\\/02\\\/WhatsApp-Image-2024-04-22-at-12.39.55-PM-1.jpeg\",\"datePublished\":\"2026-02-16T21:13:07+00:00\",\"dateModified\":\"2026-02-25T17:21:55+00:00\",\"breadcrumb\":{\"@id\":\"https:\\\/\\\/www.edesia.al\\\/?product=kolagjen-detar#breadcrumb\"},\"inLanguage\":\"en-US\",\"potentialAction\":[{\"@type\":\"ReadAction\",\"target\":[\"https:\\\/\\\/www.edesia.al\\\/?product=kolagjen-detar\"]}]},{\"@type\":\"ImageObject\",\"inLanguage\":\"en-US\",\"@id\":\"https:\\\/\\\/www.edesia.al\\\/?product=kolagjen-detar#primaryimage\",\"url\":\"https:\\\/\\\/www.edesia.al\\\/wp-content\\\/uploads\\\/2026\\\/02\\\/WhatsApp-Image-2024-04-22-at-12.39.55-PM-1.jpeg\",\"contentUrl\":\"https:\\\/\\\/www.edesia.al\\\/wp-content\\\/uploads\\\/2026\\\/02\\\/WhatsApp-Image-2024-04-22-at-12.39.55-PM-1.jpeg\",\"width\":1108,\"height\":1280},{\"@type\":\"BreadcrumbList\",\"@id\":\"https:\\\/\\\/www.edesia.al\\\/?product=kolagjen-detar#breadcrumb\",\"itemListElement\":[{\"@type\":\"ListItem\",\"position\":1,\"name\":\"Home\",\"item\":\"https:\\\/\\\/www.edesia.al\\\/\"},{\"@type\":\"ListItem\",\"position\":2,\"name\":\"Dyqani\",\"item\":\"https:\\\/\\\/www.edesia.al\\\/?page_id=17\"},{\"@type\":\"ListItem\",\"position\":3,\"name\":\"Kolagjen Detar\"}]},{\"@type\":\"WebSite\",\"@id\":\"https:\\\/\\\/www.edesia.al\\\/#website\",\"url\":\"https:\\\/\\\/www.edesia.al\\\/\",\"name\":\"Edesia\",\"description\":\"\",\"publisher\":{\"@id\":\"https:\\\/\\\/www.edesia.al\\\/#organization\"},\"potentialAction\":[{\"@type\":\"SearchAction\",\"target\":{\"@type\":\"EntryPoint\",\"urlTemplate\":\"https:\\\/\\\/www.edesia.al\\\/?s={search_term_string}\"},\"query-input\":{\"@type\":\"PropertyValueSpecification\",\"valueRequired\":true,\"valueName\":\"search_term_string\"}}],\"inLanguage\":\"en-US\"},{\"@type\":\"Organization\",\"@id\":\"https:\\\/\\\/www.edesia.al\\\/#organization\",\"name\":\"Edesia\",\"url\":\"https:\\\/\\\/www.edesia.al\\\/\",\"logo\":{\"@type\":\"ImageObject\",\"inLanguage\":\"en-US\",\"@id\":\"https:\\\/\\\/www.edesia.al\\\/#\\\/schema\\\/logo\\\/image\\\/\",\"url\":\"https:\\\/\\\/www.edesia.al\\\/wp-content\\\/uploads\\\/2026\\\/02\\\/Logo-Edesia-no-background.png\",\"contentUrl\":\"https:\\\/\\\/www.edesia.al\\\/wp-content\\\/uploads\\\/2026\\\/02\\\/Logo-Edesia-no-background.png\",\"width\":293,\"height\":158,\"caption\":\"Edesia\"},\"image\":{\"@id\":\"https:\\\/\\\/www.edesia.al\\\/#\\\/schema\\\/logo\\\/image\\\/\"}}]}<\/script>\n<!-- \/ Yoast SEO plugin. -->","yoast_head_json":{"title":"Kolagjen Detar - Edesia","robots":{"index":"index","follow":"follow","max-snippet":"max-snippet:-1","max-image-preview":"max-image-preview:large","max-video-preview":"max-video-preview:-1"},"canonical":"https:\/\/www.edesia.al\/?product=kolagjen-detar","og_locale":"en_US","og_type":"article","og_title":"Kolagjen Detar - Edesia","og_description":"Kolagjen Detar 250gr Kolagjeni \u00ebsht\u00eb nj\u00eb\u00a0protein\u00eb strukturore\u00a0e pranishme natyrsh\u00ebm n\u00eb trupin ton\u00eb n\u00eb indet lidh\u00ebse (l\u00ebkur\u00eb, k\u00ebrc, tendinat, ligamentet, etj.). Kolagjeni, ose m\u00eb mir\u00eb kolagjen\u00ebt sepse ka disa lloje, jan\u00eb makromolekulat, proteina t\u00eb m\u00ebdha t\u00eb cilat sigurojn\u00eb\u00a0kohezionin, rezistenc\u00ebn dhe elasticitetin e indeve tona\u00a0. Kolagjenet jan\u00eb proteinat m\u00eb t\u00eb p\u00ebrfaq\u00ebsuara n\u00eb trupin e njeriut. Dermisi yn\u00eb[...]","og_url":"https:\/\/www.edesia.al\/?product=kolagjen-detar","og_site_name":"Edesia","article_modified_time":"2026-02-25T17:21:55+00:00","og_image":[{"width":1108,"height":1280,"url":"https:\/\/www.edesia.al\/wp-content\/uploads\/2026\/02\/WhatsApp-Image-2024-04-22-at-12.39.55-PM-1.jpeg","type":"image\/jpeg"}],"twitter_card":"summary_large_image","twitter_misc":{"Est. reading time":"3 minutes"},"schema":{"@context":"https:\/\/schema.org","@graph":[{"@type":"WebPage","@id":"https:\/\/www.edesia.al\/?product=kolagjen-detar","url":"https:\/\/www.edesia.al\/?product=kolagjen-detar","name":"Kolagjen Detar - Edesia","isPartOf":{"@id":"https:\/\/www.edesia.al\/#website"},"primaryImageOfPage":{"@id":"https:\/\/www.edesia.al\/?product=kolagjen-detar#primaryimage"},"image":{"@id":"https:\/\/www.edesia.al\/?product=kolagjen-detar#primaryimage"},"thumbnailUrl":"https:\/\/www.edesia.al\/wp-content\/uploads\/2026\/02\/WhatsApp-Image-2024-04-22-at-12.39.55-PM-1.jpeg","datePublished":"2026-02-16T21:13:07+00:00","dateModified":"2026-02-25T17:21:55+00:00","breadcrumb":{"@id":"https:\/\/www.edesia.al\/?product=kolagjen-detar#breadcrumb"},"inLanguage":"en-US","potentialAction":[{"@type":"ReadAction","target":["https:\/\/www.edesia.al\/?product=kolagjen-detar"]}]},{"@type":"ImageObject","inLanguage":"en-US","@id":"https:\/\/www.edesia.al\/?product=kolagjen-detar#primaryimage","url":"https:\/\/www.edesia.al\/wp-content\/uploads\/2026\/02\/WhatsApp-Image-2024-04-22-at-12.39.55-PM-1.jpeg","contentUrl":"https:\/\/www.edesia.al\/wp-content\/uploads\/2026\/02\/WhatsApp-Image-2024-04-22-at-12.39.55-PM-1.jpeg","width":1108,"height":1280},{"@type":"BreadcrumbList","@id":"https:\/\/www.edesia.al\/?product=kolagjen-detar#breadcrumb","itemListElement":[{"@type":"ListItem","position":1,"name":"Home","item":"https:\/\/www.edesia.al\/"},{"@type":"ListItem","position":2,"name":"Dyqani","item":"https:\/\/www.edesia.al\/?page_id=17"},{"@type":"ListItem","position":3,"name":"Kolagjen Detar"}]},{"@type":"WebSite","@id":"https:\/\/www.edesia.al\/#website","url":"https:\/\/www.edesia.al\/","name":"Edesia","description":"","publisher":{"@id":"https:\/\/www.edesia.al\/#organization"},"potentialAction":[{"@type":"SearchAction","target":{"@type":"EntryPoint","urlTemplate":"https:\/\/www.edesia.al\/?s={search_term_string}"},"query-input":{"@type":"PropertyValueSpecification","valueRequired":true,"valueName":"search_term_string"}}],"inLanguage":"en-US"},{"@type":"Organization","@id":"https:\/\/www.edesia.al\/#organization","name":"Edesia","url":"https:\/\/www.edesia.al\/","logo":{"@type":"ImageObject","inLanguage":"en-US","@id":"https:\/\/www.edesia.al\/#\/schema\/logo\/image\/","url":"https:\/\/www.edesia.al\/wp-content\/uploads\/2026\/02\/Logo-Edesia-no-background.png","contentUrl":"https:\/\/www.edesia.al\/wp-content\/uploads\/2026\/02\/Logo-Edesia-no-background.png","width":293,"height":158,"caption":"Edesia"},"image":{"@id":"https:\/\/www.edesia.al\/#\/schema\/logo\/image\/"}}]}},"_links":{"self":[{"href":"https:\/\/www.edesia.al\/index.php?rest_route=\/wp\/v2\/product\/7112","targetHints":{"allow":["GET"]}}],"collection":[{"href":"https:\/\/www.edesia.al\/index.php?rest_route=\/wp\/v2\/product"}],"about":[{"href":"https:\/\/www.edesia.al\/index.php?rest_route=\/wp\/v2\/types\/product"}],"replies":[{"embeddable":true,"href":"https:\/\/www.edesia.al\/index.php?rest_route=%2Fwp%2Fv2%2Fcomments&post=7112"}],"wp:featuredmedia":[{"embeddable":true,"href":"https:\/\/www.edesia.al\/index.php?rest_route=\/wp\/v2\/media\/7138"}],"wp:attachment":[{"href":"https:\/\/www.edesia.al\/index.php?rest_route=%2Fwp%2Fv2%2Fmedia&parent=7112"}],"wp:term":[{"taxonomy":"kategori-sipas-dietave","embeddable":true,"href":"https:\/\/www.edesia.al\/index.php?rest_route=%2Fwp%2Fv2%2Fkategori-sipas-dietave&post=7112"},{"taxonomy":"kategori-sipas-problemeve-shende","embeddable":true,"href":"https:\/\/www.edesia.al\/index.php?rest_route=%2Fwp%2Fv2%2Fkategori-sipas-problemeve-shende&post=7112"},{"taxonomy":"product_brand","embeddable":true,"href":"https:\/\/www.edesia.al\/index.php?rest_route=%2Fwp%2Fv2%2Fproduct_brand&post=7112"},{"taxonomy":"product_cat","embeddable":true,"href":"https:\/\/www.edesia.al\/index.php?rest_route=%2Fwp%2Fv2%2Fproduct_cat&post=7112"},{"taxonomy":"product_tag","embeddable":true,"href":"https:\/\/www.edesia.al\/index.php?rest_route=%2Fwp%2Fv2%2Fproduct_tag&post=7112"}],"curies":[{"name":"wp","href":"https:\/\/api.w.org\/{rel}","templated":true}]}}