{"id":7115,"date":"2026-02-16T21:13:08","date_gmt":"2026-02-16T21:13:08","guid":{"rendered":"https:\/\/www.edesia.al\/?post_type=product&#038;p=7115"},"modified":"2026-02-25T17:22:54","modified_gmt":"2026-02-25T17:22:54","slug":"argjile-e-bardhe","status":"publish","type":"product","link":"https:\/\/www.edesia.al\/?product=argjile-e-bardhe","title":{"rendered":"Argjil\u00eb e Bardh\u00eb"},"content":{"rendered":"<h3>Argjil\u00eb e Bardh\u00eb 250g<\/h3>\n<p>Argjila ka funksione t\u00eb r\u00ebnd\u00ebsishme p\u00ebr sh\u00ebndetin e l\u00ebkur\u00ebs. Ajo mund t\u00eb p\u00ebrmir\u00ebsoj\u00eb gjendjen e epiderm\u00ebs, duke ushqyer l\u00ebkur\u00ebn me substanca aktive dhe duke ndihmuar n\u00eb heqjen e toksinave t\u00eb mbledhura nga mjediset e ndryshme.<\/p>\n<p>P\u00ebrve\u00e7 k\u00ebsaj, argjila ka aft\u00ebsi absorbuese t\u00eb shk\u00eblqyera, duke ndihmuar organizmin t\u00eb largoj\u00eb molekulat apo mikroorganizmat e pad\u00ebshiruar. Ajo gjithashtu stimulon veprimet jet\u00ebsore t\u00eb l\u00ebkur\u00ebs dhe ndihmon n\u00eb ekuilibrin e saj. P\u00ebr shkak t\u00eb p\u00ebrb\u00ebrjes s\u00eb saj kimike, argjila ka aft\u00ebsi rimineralizuese dhe drenuese, duke ndihmuar n\u00eb detoksifikimin e l\u00ebkur\u00ebs dhe duke ulur dhimbjet dhe irritimet.<\/p>\n<p>P\u00ebrdorimi i argjil\u00ebs mund t\u00eb p\u00ebrforcohet edhe m\u00eb shum\u00eb duke shtuar vajra esencial\u00eb t\u00eb past\u00ebr ose duke p\u00ebrdorur uj\u00ebra aromatik\u00eb n\u00eb p\u00ebrgatitjen e maskave. Argjila e bardh\u00eb \u00ebsht\u00eb ve\u00e7an\u00ebrisht efektive p\u00ebr pastrimin dhe freskimin e l\u00ebkur\u00ebs s\u00eb that\u00eb, si dhe p\u00ebr trajtimin e strijave dhe rrudhave. Ajo gjithashtu p\u00ebrmban Silic, substanc\u00eb q\u00eb ndihmon n\u00eb eliminimin e toksinave nga l\u00ebkura.<\/p>\n<p>M\u00ebnyra ideale p\u00ebr p\u00ebrdorimin e argjil\u00ebs \u00ebsht\u00eb si:<\/p>\n<ul>\n<li>mask\u00eb p\u00ebr fytyr\u00ebn dhe qaf\u00ebn p\u00ebr t\u00eb parandaluar rrudhat,<\/li>\n<li>\u00a0pastrues p\u00ebr nj\u00eb pastrim t\u00eb thell\u00eb p\u00ebr l\u00ebkur\u00eb me pu\u00e7rra,<\/li>\n<li>mask\u00eb p\u00ebr vithe t\u00eb forta dhe t\u00eb l\u00ebmuara,<\/li>\n<li>mask\u00eb p\u00ebr uljen e barkut,<\/li>\n<li>\u00a0mask\u00eb p\u00ebr \u00e7arjet e l\u00ebkur\u00ebs dhe celulitin,<\/li>\n<li>\u00a0mask\u00eb p\u00ebr flok\u00ebt,<\/li>\n<\/ul>\n","protected":false},"excerpt":{"rendered":"<p>Argjil\u00eb e Bardh\u00eb 250g Argjila ka funksione t\u00eb r\u00ebnd\u00ebsishme p\u00ebr sh\u00ebndetin e l\u00ebkur\u00ebs. Ajo mund t\u00eb p\u00ebrmir\u00ebsoj\u00eb gjendjen e epiderm\u00ebs, duke ushqyer l\u00ebkur\u00ebn me substanca aktive dhe duke ndihmuar n\u00eb heqjen e toksinave t\u00eb mbledhura nga mjediset e ndryshme. P\u00ebrve\u00e7 k\u00ebsaj, argjila ka aft\u00ebsi absorbuese t\u00eb shk\u00eblqyera, duke ndihmuar organizmin t\u00eb largoj\u00eb molekulat apo mikroorganizmat[&#8230;]<\/p>\n","protected":false},"featured_media":7141,"comment_status":"open","ping_status":"closed","template":"","meta":{"_acf_changed":false,"inline_featured_image":false},"kategori-sipas-dietave":[],"kategori-sipas-problemeve-shende":[],"product_brand":[98],"product_cat":[76,79,23],"product_tag":[188],"class_list":{"0":"post-7115","1":"product","2":"type-product","3":"status-publish","4":"has-post-thumbnail","6":"product_brand-aroma-zone","7":"product_cat-argjile-kozmetike","8":"product_cat-kozmetike-kujdes-personal","9":"product_cat-vajra-kozmetike","10":"product_tag-argjile","12":"first","13":"instock","14":"taxable","15":"shipping-taxable","16":"purchasable","17":"product-type-simple"},"acf":[],"yoast_head":"<!-- This site is optimized with the Yoast SEO plugin v27.4 - https:\/\/yoast.com\/product\/yoast-seo-wordpress\/ -->\n<title>Argjil\u00eb e Bardh\u00eb - Edesia<\/title>\n<meta name=\"robots\" content=\"index, follow, max-snippet:-1, max-image-preview:large, max-video-preview:-1\" \/>\n<link rel=\"canonical\" href=\"https:\/\/www.edesia.al\/?product=argjile-e-bardhe\" \/>\n<meta property=\"og:locale\" content=\"en_US\" \/>\n<meta property=\"og:type\" content=\"article\" \/>\n<meta property=\"og:title\" content=\"Argjil\u00eb e Bardh\u00eb - Edesia\" \/>\n<meta property=\"og:description\" content=\"Argjil\u00eb e Bardh\u00eb 250g Argjila ka funksione t\u00eb r\u00ebnd\u00ebsishme p\u00ebr sh\u00ebndetin e l\u00ebkur\u00ebs. Ajo mund t\u00eb p\u00ebrmir\u00ebsoj\u00eb gjendjen e epiderm\u00ebs, duke ushqyer l\u00ebkur\u00ebn me substanca aktive dhe duke ndihmuar n\u00eb heqjen e toksinave t\u00eb mbledhura nga mjediset e ndryshme. P\u00ebrve\u00e7 k\u00ebsaj, argjila ka aft\u00ebsi absorbuese t\u00eb shk\u00eblqyera, duke ndihmuar organizmin t\u00eb largoj\u00eb molekulat apo mikroorganizmat[...]\" \/>\n<meta property=\"og:url\" content=\"https:\/\/www.edesia.al\/?product=argjile-e-bardhe\" \/>\n<meta property=\"og:site_name\" content=\"Edesia\" \/>\n<meta property=\"article:modified_time\" content=\"2026-02-25T17:22:54+00:00\" \/>\n<meta property=\"og:image\" content=\"https:\/\/www.edesia.al\/wp-content\/uploads\/2026\/02\/WhatsApp-Image-2024-04-23-at-3.31.39-PM-e1713884418490-1.jpeg\" \/>\n\t<meta property=\"og:image:width\" content=\"666\" \/>\n\t<meta property=\"og:image:height\" content=\"1093\" \/>\n\t<meta property=\"og:image:type\" content=\"image\/jpeg\" \/>\n<meta name=\"twitter:card\" content=\"summary_large_image\" \/>\n<meta name=\"twitter:label1\" content=\"Est. reading time\" \/>\n\t<meta name=\"twitter:data1\" content=\"1 minute\" \/>\n<script type=\"application\/ld+json\" class=\"yoast-schema-graph\">{\"@context\":\"https:\\\/\\\/schema.org\",\"@graph\":[{\"@type\":\"WebPage\",\"@id\":\"https:\\\/\\\/www.edesia.al\\\/?product=argjile-e-bardhe\",\"url\":\"https:\\\/\\\/www.edesia.al\\\/?product=argjile-e-bardhe\",\"name\":\"Argjil\u00eb e Bardh\u00eb - Edesia\",\"isPartOf\":{\"@id\":\"https:\\\/\\\/www.edesia.al\\\/#website\"},\"primaryImageOfPage\":{\"@id\":\"https:\\\/\\\/www.edesia.al\\\/?product=argjile-e-bardhe#primaryimage\"},\"image\":{\"@id\":\"https:\\\/\\\/www.edesia.al\\\/?product=argjile-e-bardhe#primaryimage\"},\"thumbnailUrl\":\"https:\\\/\\\/www.edesia.al\\\/wp-content\\\/uploads\\\/2026\\\/02\\\/WhatsApp-Image-2024-04-23-at-3.31.39-PM-e1713884418490-1.jpeg\",\"datePublished\":\"2026-02-16T21:13:08+00:00\",\"dateModified\":\"2026-02-25T17:22:54+00:00\",\"breadcrumb\":{\"@id\":\"https:\\\/\\\/www.edesia.al\\\/?product=argjile-e-bardhe#breadcrumb\"},\"inLanguage\":\"en-US\",\"potentialAction\":[{\"@type\":\"ReadAction\",\"target\":[\"https:\\\/\\\/www.edesia.al\\\/?product=argjile-e-bardhe\"]}]},{\"@type\":\"ImageObject\",\"inLanguage\":\"en-US\",\"@id\":\"https:\\\/\\\/www.edesia.al\\\/?product=argjile-e-bardhe#primaryimage\",\"url\":\"https:\\\/\\\/www.edesia.al\\\/wp-content\\\/uploads\\\/2026\\\/02\\\/WhatsApp-Image-2024-04-23-at-3.31.39-PM-e1713884418490-1.jpeg\",\"contentUrl\":\"https:\\\/\\\/www.edesia.al\\\/wp-content\\\/uploads\\\/2026\\\/02\\\/WhatsApp-Image-2024-04-23-at-3.31.39-PM-e1713884418490-1.jpeg\",\"width\":666,\"height\":1093},{\"@type\":\"BreadcrumbList\",\"@id\":\"https:\\\/\\\/www.edesia.al\\\/?product=argjile-e-bardhe#breadcrumb\",\"itemListElement\":[{\"@type\":\"ListItem\",\"position\":1,\"name\":\"Home\",\"item\":\"https:\\\/\\\/www.edesia.al\\\/\"},{\"@type\":\"ListItem\",\"position\":2,\"name\":\"Dyqani\",\"item\":\"https:\\\/\\\/www.edesia.al\\\/?page_id=17\"},{\"@type\":\"ListItem\",\"position\":3,\"name\":\"Argjil\u00eb e Bardh\u00eb\"}]},{\"@type\":\"WebSite\",\"@id\":\"https:\\\/\\\/www.edesia.al\\\/#website\",\"url\":\"https:\\\/\\\/www.edesia.al\\\/\",\"name\":\"Edesia\",\"description\":\"\",\"publisher\":{\"@id\":\"https:\\\/\\\/www.edesia.al\\\/#organization\"},\"potentialAction\":[{\"@type\":\"SearchAction\",\"target\":{\"@type\":\"EntryPoint\",\"urlTemplate\":\"https:\\\/\\\/www.edesia.al\\\/?s={search_term_string}\"},\"query-input\":{\"@type\":\"PropertyValueSpecification\",\"valueRequired\":true,\"valueName\":\"search_term_string\"}}],\"inLanguage\":\"en-US\"},{\"@type\":\"Organization\",\"@id\":\"https:\\\/\\\/www.edesia.al\\\/#organization\",\"name\":\"Edesia\",\"url\":\"https:\\\/\\\/www.edesia.al\\\/\",\"logo\":{\"@type\":\"ImageObject\",\"inLanguage\":\"en-US\",\"@id\":\"https:\\\/\\\/www.edesia.al\\\/#\\\/schema\\\/logo\\\/image\\\/\",\"url\":\"https:\\\/\\\/www.edesia.al\\\/wp-content\\\/uploads\\\/2026\\\/02\\\/Logo-Edesia-no-background.png\",\"contentUrl\":\"https:\\\/\\\/www.edesia.al\\\/wp-content\\\/uploads\\\/2026\\\/02\\\/Logo-Edesia-no-background.png\",\"width\":293,\"height\":158,\"caption\":\"Edesia\"},\"image\":{\"@id\":\"https:\\\/\\\/www.edesia.al\\\/#\\\/schema\\\/logo\\\/image\\\/\"}}]}<\/script>\n<!-- \/ Yoast SEO plugin. -->","yoast_head_json":{"title":"Argjil\u00eb e Bardh\u00eb - Edesia","robots":{"index":"index","follow":"follow","max-snippet":"max-snippet:-1","max-image-preview":"max-image-preview:large","max-video-preview":"max-video-preview:-1"},"canonical":"https:\/\/www.edesia.al\/?product=argjile-e-bardhe","og_locale":"en_US","og_type":"article","og_title":"Argjil\u00eb e Bardh\u00eb - Edesia","og_description":"Argjil\u00eb e Bardh\u00eb 250g Argjila ka funksione t\u00eb r\u00ebnd\u00ebsishme p\u00ebr sh\u00ebndetin e l\u00ebkur\u00ebs. Ajo mund t\u00eb p\u00ebrmir\u00ebsoj\u00eb gjendjen e epiderm\u00ebs, duke ushqyer l\u00ebkur\u00ebn me substanca aktive dhe duke ndihmuar n\u00eb heqjen e toksinave t\u00eb mbledhura nga mjediset e ndryshme. P\u00ebrve\u00e7 k\u00ebsaj, argjila ka aft\u00ebsi absorbuese t\u00eb shk\u00eblqyera, duke ndihmuar organizmin t\u00eb largoj\u00eb molekulat apo mikroorganizmat[...]","og_url":"https:\/\/www.edesia.al\/?product=argjile-e-bardhe","og_site_name":"Edesia","article_modified_time":"2026-02-25T17:22:54+00:00","og_image":[{"width":666,"height":1093,"url":"https:\/\/www.edesia.al\/wp-content\/uploads\/2026\/02\/WhatsApp-Image-2024-04-23-at-3.31.39-PM-e1713884418490-1.jpeg","type":"image\/jpeg"}],"twitter_card":"summary_large_image","twitter_misc":{"Est. reading time":"1 minute"},"schema":{"@context":"https:\/\/schema.org","@graph":[{"@type":"WebPage","@id":"https:\/\/www.edesia.al\/?product=argjile-e-bardhe","url":"https:\/\/www.edesia.al\/?product=argjile-e-bardhe","name":"Argjil\u00eb e Bardh\u00eb - Edesia","isPartOf":{"@id":"https:\/\/www.edesia.al\/#website"},"primaryImageOfPage":{"@id":"https:\/\/www.edesia.al\/?product=argjile-e-bardhe#primaryimage"},"image":{"@id":"https:\/\/www.edesia.al\/?product=argjile-e-bardhe#primaryimage"},"thumbnailUrl":"https:\/\/www.edesia.al\/wp-content\/uploads\/2026\/02\/WhatsApp-Image-2024-04-23-at-3.31.39-PM-e1713884418490-1.jpeg","datePublished":"2026-02-16T21:13:08+00:00","dateModified":"2026-02-25T17:22:54+00:00","breadcrumb":{"@id":"https:\/\/www.edesia.al\/?product=argjile-e-bardhe#breadcrumb"},"inLanguage":"en-US","potentialAction":[{"@type":"ReadAction","target":["https:\/\/www.edesia.al\/?product=argjile-e-bardhe"]}]},{"@type":"ImageObject","inLanguage":"en-US","@id":"https:\/\/www.edesia.al\/?product=argjile-e-bardhe#primaryimage","url":"https:\/\/www.edesia.al\/wp-content\/uploads\/2026\/02\/WhatsApp-Image-2024-04-23-at-3.31.39-PM-e1713884418490-1.jpeg","contentUrl":"https:\/\/www.edesia.al\/wp-content\/uploads\/2026\/02\/WhatsApp-Image-2024-04-23-at-3.31.39-PM-e1713884418490-1.jpeg","width":666,"height":1093},{"@type":"BreadcrumbList","@id":"https:\/\/www.edesia.al\/?product=argjile-e-bardhe#breadcrumb","itemListElement":[{"@type":"ListItem","position":1,"name":"Home","item":"https:\/\/www.edesia.al\/"},{"@type":"ListItem","position":2,"name":"Dyqani","item":"https:\/\/www.edesia.al\/?page_id=17"},{"@type":"ListItem","position":3,"name":"Argjil\u00eb e Bardh\u00eb"}]},{"@type":"WebSite","@id":"https:\/\/www.edesia.al\/#website","url":"https:\/\/www.edesia.al\/","name":"Edesia","description":"","publisher":{"@id":"https:\/\/www.edesia.al\/#organization"},"potentialAction":[{"@type":"SearchAction","target":{"@type":"EntryPoint","urlTemplate":"https:\/\/www.edesia.al\/?s={search_term_string}"},"query-input":{"@type":"PropertyValueSpecification","valueRequired":true,"valueName":"search_term_string"}}],"inLanguage":"en-US"},{"@type":"Organization","@id":"https:\/\/www.edesia.al\/#organization","name":"Edesia","url":"https:\/\/www.edesia.al\/","logo":{"@type":"ImageObject","inLanguage":"en-US","@id":"https:\/\/www.edesia.al\/#\/schema\/logo\/image\/","url":"https:\/\/www.edesia.al\/wp-content\/uploads\/2026\/02\/Logo-Edesia-no-background.png","contentUrl":"https:\/\/www.edesia.al\/wp-content\/uploads\/2026\/02\/Logo-Edesia-no-background.png","width":293,"height":158,"caption":"Edesia"},"image":{"@id":"https:\/\/www.edesia.al\/#\/schema\/logo\/image\/"}}]}},"_links":{"self":[{"href":"https:\/\/www.edesia.al\/index.php?rest_route=\/wp\/v2\/product\/7115","targetHints":{"allow":["GET"]}}],"collection":[{"href":"https:\/\/www.edesia.al\/index.php?rest_route=\/wp\/v2\/product"}],"about":[{"href":"https:\/\/www.edesia.al\/index.php?rest_route=\/wp\/v2\/types\/product"}],"replies":[{"embeddable":true,"href":"https:\/\/www.edesia.al\/index.php?rest_route=%2Fwp%2Fv2%2Fcomments&post=7115"}],"wp:featuredmedia":[{"embeddable":true,"href":"https:\/\/www.edesia.al\/index.php?rest_route=\/wp\/v2\/media\/7141"}],"wp:attachment":[{"href":"https:\/\/www.edesia.al\/index.php?rest_route=%2Fwp%2Fv2%2Fmedia&parent=7115"}],"wp:term":[{"taxonomy":"kategori-sipas-dietave","embeddable":true,"href":"https:\/\/www.edesia.al\/index.php?rest_route=%2Fwp%2Fv2%2Fkategori-sipas-dietave&post=7115"},{"taxonomy":"kategori-sipas-problemeve-shende","embeddable":true,"href":"https:\/\/www.edesia.al\/index.php?rest_route=%2Fwp%2Fv2%2Fkategori-sipas-problemeve-shende&post=7115"},{"taxonomy":"product_brand","embeddable":true,"href":"https:\/\/www.edesia.al\/index.php?rest_route=%2Fwp%2Fv2%2Fproduct_brand&post=7115"},{"taxonomy":"product_cat","embeddable":true,"href":"https:\/\/www.edesia.al\/index.php?rest_route=%2Fwp%2Fv2%2Fproduct_cat&post=7115"},{"taxonomy":"product_tag","embeddable":true,"href":"https:\/\/www.edesia.al\/index.php?rest_route=%2Fwp%2Fv2%2Fproduct_tag&post=7115"}],"curies":[{"name":"wp","href":"https:\/\/api.w.org\/{rel}","templated":true}]}}