{"id":7116,"date":"2026-02-16T21:13:08","date_gmt":"2026-02-16T21:13:08","guid":{"rendered":"https:\/\/www.edesia.al\/?post_type=product&#038;p=7116"},"modified":"2026-02-25T17:23:21","modified_gmt":"2026-02-25T17:23:21","slug":"argjile-roze","status":"publish","type":"product","link":"https:\/\/www.edesia.al\/?product=argjile-roze","title":{"rendered":"Argjil\u00eb Roz\u00eb"},"content":{"rendered":"<h3>Argjil\u00eb Roz\u00eb 250 gr<\/h3>\n<p>Balta roz\u00eb \u00ebsht\u00eb nj\u00eb p\u00ebrzierje e argjil\u00ebs ilite t\u00eb kuqe dhe montmorillonitit t\u00eb bardh\u00eb. K\u00ebto argjila jan\u00eb\u00a0\u00a0<strong>minerale natyrale<\/strong>\u00a0\u00a0nga familja filosilikat (si talk dhe mikas). \u00cbsht\u00eb i p\u00ebrb\u00ebr\u00eb nga silikat alumini t\u00eb hidratuar dhe oksid hekuri. Struktura e saj lamelare (n\u00eb flet\u00eb) i jep asaj\u00a0\u00a0<strong>veti t\u00eb mira absorbuese dhe mbuluese<\/strong>. Argjila ka vetin\u00eb t\u00eb\u00a0<strong>thith\u00eb l\u00ebngje t\u00eb tilla si uji<\/strong>\u00a0, duke u mbushur pak si nj\u00eb sfungjer.<\/p>\n<p><span data-v-030ec6a2=\"\">Argjila gjithashtu ka\u00a0\u00a0<strong>aft\u00ebsin\u00eb p\u00ebr t\u00eb absorbuar,<\/strong>\u00a0\u00a0dometh\u00ebn\u00eb p\u00ebr\u00a0\u00a0<strong>t\u00eb fiksuar molekulat n\u00eb sip\u00ebrfaqen e tyre<\/strong>\u00a0. Kjo aft\u00ebsi p\u00ebr t\u00eb rregulluar molekulat vjen nga fakti se\u00a0\u00a0<strong>argjila \u00ebsht\u00eb e ngarkuar negativisht<\/strong>\u00a0. Ngarkesa negative shpjegohet me pranin\u00eb e mineraleve (\u00a0<strong>sa m\u00eb shum\u00eb t\u00eb p\u00ebrqendrohet balta n\u00eb krip\u00ebra minerale, aq m\u00eb e ngarkuar negativisht do t\u00eb jet\u00eb<\/strong>\u00a0). Kur balta \u00ebsht\u00eb n\u00eb tret\u00ebsir\u00eb, ajo do t\u00eb\u00a0\u00a0<strong>t\u00ebrheq\u00eb jonet pozitive t\u00eb kund\u00ebrta<\/strong>\u00a0\u00a0nga kjo tret\u00ebsir\u00eb \u200b\u200bdhe do t\u00eb jet\u00eb n\u00eb gjendje t&#8217;i shk\u00ebmbej\u00eb ato pasi t\u00eb jen\u00eb n\u00eb kontakt me l\u00ebkur\u00ebn. Prandaj, balta do t\u00eb\u00a0\u00a0<strong>marr\u00eb pjes\u00eb n\u00eb remineralizimin dhe detoksifikimin e l\u00ebkur\u00ebs<\/strong>\u00a0, duke shk\u00ebmbyer krip\u00ebrat e saj minerale me toksinat dhe papast\u00ebrtit\u00eb e l\u00ebkur\u00ebs. Ky fenomen lejon q\u00eb balta t\u00eb\u00a0\u00a0<strong>p\u00ebrcjell\u00eb p\u00ebrb\u00ebr\u00ebsit aktiv\u00eb<\/strong> \u00a0dhe t&#8217;i kthej\u00eb ato n\u00eb l\u00ebkur\u00eb.<\/span><\/p>\n<p>Balta roz\u00eb p\u00ebrdoret si p\u00ebrb\u00ebr\u00ebs n\u00eb p\u00ebrgatitjet tuaja. \u00cbsht\u00eb i p\u00ebrshtatsh\u00ebm p\u00ebr\u00a0\u00a0<strong>t\u00eb gjitha llojet e l\u00ebkur\u00ebs, madje edhe m\u00eb t\u00eb ndjeshmet<\/strong>\u00a0. Ka nj\u00eb\u00a0 efekt\u00a0<strong>tonifikues dhe t\u00eb sh\u00ebndetsh\u00ebm<\/strong>\u00a0\u00a0p\u00ebr shkak t\u00eb pasuris\u00eb s\u00eb tij me minerale.<\/p>\n<p>&nbsp;<\/p>\n<p>PERDORIMI<\/p>\n<p>Pastimet e argjil\u00ebs nuk mund t\u00eb ruhen, ato duhet t\u00eb p\u00ebrdoren shpejt pas p\u00ebrgatitjes (koha maksimale e ruajtjes 48 or\u00eb n\u00eb frigorifer).N\u00ebse d\u00ebshironi t\u00eb p\u00ebrfshini vajra esencial\u00eb n\u00eb nj\u00eb paste balte, ju k\u00ebshillojm\u00eb t\u00eb shtoni nj\u00eb pjes\u00eb t\u00eb vog\u00ebl vaji ose Solubol p\u00ebr t&#8217;i tretur ato.P\u00ebr veprim m\u00eb t\u00eb mir\u00eb, mos e ngrohni argjil\u00ebn dhe shmangni kontaktin me metalin e oksiduesh\u00ebm.Ju mund t\u00eb p\u00ebrdorni \u00e7elik inox ose material plastik.P\u00ebr p\u00ebrzierje, p\u00ebrdorni nj\u00eb shpatull plastike.<\/p>\n<p>&nbsp;<\/p>\n<p>&nbsp;<\/p>\n","protected":false},"excerpt":{"rendered":"<p>Argjil\u00eb Roz\u00eb 250 gr Balta roz\u00eb \u00ebsht\u00eb nj\u00eb p\u00ebrzierje e argjil\u00ebs ilite t\u00eb kuqe dhe montmorillonitit t\u00eb bardh\u00eb. K\u00ebto argjila jan\u00eb\u00a0\u00a0minerale natyrale\u00a0\u00a0nga familja filosilikat (si talk dhe mikas). \u00cbsht\u00eb i p\u00ebrb\u00ebr\u00eb nga silikat alumini t\u00eb hidratuar dhe oksid hekuri. Struktura e saj lamelare (n\u00eb flet\u00eb) i jep asaj\u00a0\u00a0veti t\u00eb mira absorbuese dhe mbuluese. Argjila ka[&#8230;]<\/p>\n","protected":false},"featured_media":7142,"comment_status":"open","ping_status":"closed","template":"","meta":{"_acf_changed":false,"inline_featured_image":false},"kategori-sipas-dietave":[],"kategori-sipas-problemeve-shende":[],"product_brand":[98],"product_cat":[76,79,23],"product_tag":[188],"class_list":{"0":"post-7116","1":"product","2":"type-product","3":"status-publish","4":"has-post-thumbnail","6":"product_brand-aroma-zone","7":"product_cat-argjile-kozmetike","8":"product_cat-kozmetike-kujdes-personal","9":"product_cat-vajra-kozmetike","10":"product_tag-argjile","12":"first","13":"instock","14":"taxable","15":"shipping-taxable","16":"purchasable","17":"product-type-simple"},"acf":[],"yoast_head":"<!-- This site is optimized with the Yoast SEO plugin v27.4 - https:\/\/yoast.com\/product\/yoast-seo-wordpress\/ -->\n<title>Argjil\u00eb Roz\u00eb - Edesia<\/title>\n<meta name=\"robots\" content=\"index, follow, max-snippet:-1, max-image-preview:large, max-video-preview:-1\" \/>\n<link rel=\"canonical\" href=\"https:\/\/www.edesia.al\/?product=argjile-roze\" \/>\n<meta property=\"og:locale\" content=\"en_US\" \/>\n<meta property=\"og:type\" content=\"article\" \/>\n<meta property=\"og:title\" content=\"Argjil\u00eb Roz\u00eb - Edesia\" \/>\n<meta property=\"og:description\" content=\"Argjil\u00eb Roz\u00eb 250 gr Balta roz\u00eb \u00ebsht\u00eb nj\u00eb p\u00ebrzierje e argjil\u00ebs ilite t\u00eb kuqe dhe montmorillonitit t\u00eb bardh\u00eb. K\u00ebto argjila jan\u00eb\u00a0\u00a0minerale natyrale\u00a0\u00a0nga familja filosilikat (si talk dhe mikas). \u00cbsht\u00eb i p\u00ebrb\u00ebr\u00eb nga silikat alumini t\u00eb hidratuar dhe oksid hekuri. Struktura e saj lamelare (n\u00eb flet\u00eb) i jep asaj\u00a0\u00a0veti t\u00eb mira absorbuese dhe mbuluese. Argjila ka[...]\" \/>\n<meta property=\"og:url\" content=\"https:\/\/www.edesia.al\/?product=argjile-roze\" \/>\n<meta property=\"og:site_name\" content=\"Edesia\" \/>\n<meta property=\"article:modified_time\" content=\"2026-02-25T17:23:21+00:00\" \/>\n<meta property=\"og:image\" content=\"https:\/\/www.edesia.al\/wp-content\/uploads\/2026\/02\/WhatsApp-Image-2024-04-23-at-4.55.40-PM-1.jpeg\" \/>\n\t<meta property=\"og:image:width\" content=\"1242\" \/>\n\t<meta property=\"og:image:height\" content=\"1487\" \/>\n\t<meta property=\"og:image:type\" content=\"image\/jpeg\" \/>\n<meta name=\"twitter:card\" content=\"summary_large_image\" \/>\n<meta name=\"twitter:label1\" content=\"Est. reading time\" \/>\n\t<meta name=\"twitter:data1\" content=\"2 minutes\" \/>\n<script type=\"application\/ld+json\" class=\"yoast-schema-graph\">{\"@context\":\"https:\\\/\\\/schema.org\",\"@graph\":[{\"@type\":\"WebPage\",\"@id\":\"https:\\\/\\\/www.edesia.al\\\/?product=argjile-roze\",\"url\":\"https:\\\/\\\/www.edesia.al\\\/?product=argjile-roze\",\"name\":\"Argjil\u00eb Roz\u00eb - Edesia\",\"isPartOf\":{\"@id\":\"https:\\\/\\\/www.edesia.al\\\/#website\"},\"primaryImageOfPage\":{\"@id\":\"https:\\\/\\\/www.edesia.al\\\/?product=argjile-roze#primaryimage\"},\"image\":{\"@id\":\"https:\\\/\\\/www.edesia.al\\\/?product=argjile-roze#primaryimage\"},\"thumbnailUrl\":\"https:\\\/\\\/www.edesia.al\\\/wp-content\\\/uploads\\\/2026\\\/02\\\/WhatsApp-Image-2024-04-23-at-4.55.40-PM-1.jpeg\",\"datePublished\":\"2026-02-16T21:13:08+00:00\",\"dateModified\":\"2026-02-25T17:23:21+00:00\",\"breadcrumb\":{\"@id\":\"https:\\\/\\\/www.edesia.al\\\/?product=argjile-roze#breadcrumb\"},\"inLanguage\":\"en-US\",\"potentialAction\":[{\"@type\":\"ReadAction\",\"target\":[\"https:\\\/\\\/www.edesia.al\\\/?product=argjile-roze\"]}]},{\"@type\":\"ImageObject\",\"inLanguage\":\"en-US\",\"@id\":\"https:\\\/\\\/www.edesia.al\\\/?product=argjile-roze#primaryimage\",\"url\":\"https:\\\/\\\/www.edesia.al\\\/wp-content\\\/uploads\\\/2026\\\/02\\\/WhatsApp-Image-2024-04-23-at-4.55.40-PM-1.jpeg\",\"contentUrl\":\"https:\\\/\\\/www.edesia.al\\\/wp-content\\\/uploads\\\/2026\\\/02\\\/WhatsApp-Image-2024-04-23-at-4.55.40-PM-1.jpeg\",\"width\":1242,\"height\":1487},{\"@type\":\"BreadcrumbList\",\"@id\":\"https:\\\/\\\/www.edesia.al\\\/?product=argjile-roze#breadcrumb\",\"itemListElement\":[{\"@type\":\"ListItem\",\"position\":1,\"name\":\"Home\",\"item\":\"https:\\\/\\\/www.edesia.al\\\/\"},{\"@type\":\"ListItem\",\"position\":2,\"name\":\"Dyqani\",\"item\":\"https:\\\/\\\/www.edesia.al\\\/?page_id=17\"},{\"@type\":\"ListItem\",\"position\":3,\"name\":\"Argjil\u00eb Roz\u00eb\"}]},{\"@type\":\"WebSite\",\"@id\":\"https:\\\/\\\/www.edesia.al\\\/#website\",\"url\":\"https:\\\/\\\/www.edesia.al\\\/\",\"name\":\"Edesia\",\"description\":\"\",\"publisher\":{\"@id\":\"https:\\\/\\\/www.edesia.al\\\/#organization\"},\"potentialAction\":[{\"@type\":\"SearchAction\",\"target\":{\"@type\":\"EntryPoint\",\"urlTemplate\":\"https:\\\/\\\/www.edesia.al\\\/?s={search_term_string}\"},\"query-input\":{\"@type\":\"PropertyValueSpecification\",\"valueRequired\":true,\"valueName\":\"search_term_string\"}}],\"inLanguage\":\"en-US\"},{\"@type\":\"Organization\",\"@id\":\"https:\\\/\\\/www.edesia.al\\\/#organization\",\"name\":\"Edesia\",\"url\":\"https:\\\/\\\/www.edesia.al\\\/\",\"logo\":{\"@type\":\"ImageObject\",\"inLanguage\":\"en-US\",\"@id\":\"https:\\\/\\\/www.edesia.al\\\/#\\\/schema\\\/logo\\\/image\\\/\",\"url\":\"https:\\\/\\\/www.edesia.al\\\/wp-content\\\/uploads\\\/2026\\\/02\\\/Logo-Edesia-no-background.png\",\"contentUrl\":\"https:\\\/\\\/www.edesia.al\\\/wp-content\\\/uploads\\\/2026\\\/02\\\/Logo-Edesia-no-background.png\",\"width\":293,\"height\":158,\"caption\":\"Edesia\"},\"image\":{\"@id\":\"https:\\\/\\\/www.edesia.al\\\/#\\\/schema\\\/logo\\\/image\\\/\"}}]}<\/script>\n<!-- \/ Yoast SEO plugin. -->","yoast_head_json":{"title":"Argjil\u00eb Roz\u00eb - Edesia","robots":{"index":"index","follow":"follow","max-snippet":"max-snippet:-1","max-image-preview":"max-image-preview:large","max-video-preview":"max-video-preview:-1"},"canonical":"https:\/\/www.edesia.al\/?product=argjile-roze","og_locale":"en_US","og_type":"article","og_title":"Argjil\u00eb Roz\u00eb - Edesia","og_description":"Argjil\u00eb Roz\u00eb 250 gr Balta roz\u00eb \u00ebsht\u00eb nj\u00eb p\u00ebrzierje e argjil\u00ebs ilite t\u00eb kuqe dhe montmorillonitit t\u00eb bardh\u00eb. K\u00ebto argjila jan\u00eb\u00a0\u00a0minerale natyrale\u00a0\u00a0nga familja filosilikat (si talk dhe mikas). \u00cbsht\u00eb i p\u00ebrb\u00ebr\u00eb nga silikat alumini t\u00eb hidratuar dhe oksid hekuri. Struktura e saj lamelare (n\u00eb flet\u00eb) i jep asaj\u00a0\u00a0veti t\u00eb mira absorbuese dhe mbuluese. Argjila ka[...]","og_url":"https:\/\/www.edesia.al\/?product=argjile-roze","og_site_name":"Edesia","article_modified_time":"2026-02-25T17:23:21+00:00","og_image":[{"width":1242,"height":1487,"url":"https:\/\/www.edesia.al\/wp-content\/uploads\/2026\/02\/WhatsApp-Image-2024-04-23-at-4.55.40-PM-1.jpeg","type":"image\/jpeg"}],"twitter_card":"summary_large_image","twitter_misc":{"Est. reading time":"2 minutes"},"schema":{"@context":"https:\/\/schema.org","@graph":[{"@type":"WebPage","@id":"https:\/\/www.edesia.al\/?product=argjile-roze","url":"https:\/\/www.edesia.al\/?product=argjile-roze","name":"Argjil\u00eb Roz\u00eb - Edesia","isPartOf":{"@id":"https:\/\/www.edesia.al\/#website"},"primaryImageOfPage":{"@id":"https:\/\/www.edesia.al\/?product=argjile-roze#primaryimage"},"image":{"@id":"https:\/\/www.edesia.al\/?product=argjile-roze#primaryimage"},"thumbnailUrl":"https:\/\/www.edesia.al\/wp-content\/uploads\/2026\/02\/WhatsApp-Image-2024-04-23-at-4.55.40-PM-1.jpeg","datePublished":"2026-02-16T21:13:08+00:00","dateModified":"2026-02-25T17:23:21+00:00","breadcrumb":{"@id":"https:\/\/www.edesia.al\/?product=argjile-roze#breadcrumb"},"inLanguage":"en-US","potentialAction":[{"@type":"ReadAction","target":["https:\/\/www.edesia.al\/?product=argjile-roze"]}]},{"@type":"ImageObject","inLanguage":"en-US","@id":"https:\/\/www.edesia.al\/?product=argjile-roze#primaryimage","url":"https:\/\/www.edesia.al\/wp-content\/uploads\/2026\/02\/WhatsApp-Image-2024-04-23-at-4.55.40-PM-1.jpeg","contentUrl":"https:\/\/www.edesia.al\/wp-content\/uploads\/2026\/02\/WhatsApp-Image-2024-04-23-at-4.55.40-PM-1.jpeg","width":1242,"height":1487},{"@type":"BreadcrumbList","@id":"https:\/\/www.edesia.al\/?product=argjile-roze#breadcrumb","itemListElement":[{"@type":"ListItem","position":1,"name":"Home","item":"https:\/\/www.edesia.al\/"},{"@type":"ListItem","position":2,"name":"Dyqani","item":"https:\/\/www.edesia.al\/?page_id=17"},{"@type":"ListItem","position":3,"name":"Argjil\u00eb Roz\u00eb"}]},{"@type":"WebSite","@id":"https:\/\/www.edesia.al\/#website","url":"https:\/\/www.edesia.al\/","name":"Edesia","description":"","publisher":{"@id":"https:\/\/www.edesia.al\/#organization"},"potentialAction":[{"@type":"SearchAction","target":{"@type":"EntryPoint","urlTemplate":"https:\/\/www.edesia.al\/?s={search_term_string}"},"query-input":{"@type":"PropertyValueSpecification","valueRequired":true,"valueName":"search_term_string"}}],"inLanguage":"en-US"},{"@type":"Organization","@id":"https:\/\/www.edesia.al\/#organization","name":"Edesia","url":"https:\/\/www.edesia.al\/","logo":{"@type":"ImageObject","inLanguage":"en-US","@id":"https:\/\/www.edesia.al\/#\/schema\/logo\/image\/","url":"https:\/\/www.edesia.al\/wp-content\/uploads\/2026\/02\/Logo-Edesia-no-background.png","contentUrl":"https:\/\/www.edesia.al\/wp-content\/uploads\/2026\/02\/Logo-Edesia-no-background.png","width":293,"height":158,"caption":"Edesia"},"image":{"@id":"https:\/\/www.edesia.al\/#\/schema\/logo\/image\/"}}]}},"_links":{"self":[{"href":"https:\/\/www.edesia.al\/index.php?rest_route=\/wp\/v2\/product\/7116","targetHints":{"allow":["GET"]}}],"collection":[{"href":"https:\/\/www.edesia.al\/index.php?rest_route=\/wp\/v2\/product"}],"about":[{"href":"https:\/\/www.edesia.al\/index.php?rest_route=\/wp\/v2\/types\/product"}],"replies":[{"embeddable":true,"href":"https:\/\/www.edesia.al\/index.php?rest_route=%2Fwp%2Fv2%2Fcomments&post=7116"}],"wp:featuredmedia":[{"embeddable":true,"href":"https:\/\/www.edesia.al\/index.php?rest_route=\/wp\/v2\/media\/7142"}],"wp:attachment":[{"href":"https:\/\/www.edesia.al\/index.php?rest_route=%2Fwp%2Fv2%2Fmedia&parent=7116"}],"wp:term":[{"taxonomy":"kategori-sipas-dietave","embeddable":true,"href":"https:\/\/www.edesia.al\/index.php?rest_route=%2Fwp%2Fv2%2Fkategori-sipas-dietave&post=7116"},{"taxonomy":"kategori-sipas-problemeve-shende","embeddable":true,"href":"https:\/\/www.edesia.al\/index.php?rest_route=%2Fwp%2Fv2%2Fkategori-sipas-problemeve-shende&post=7116"},{"taxonomy":"product_brand","embeddable":true,"href":"https:\/\/www.edesia.al\/index.php?rest_route=%2Fwp%2Fv2%2Fproduct_brand&post=7116"},{"taxonomy":"product_cat","embeddable":true,"href":"https:\/\/www.edesia.al\/index.php?rest_route=%2Fwp%2Fv2%2Fproduct_cat&post=7116"},{"taxonomy":"product_tag","embeddable":true,"href":"https:\/\/www.edesia.al\/index.php?rest_route=%2Fwp%2Fv2%2Fproduct_tag&post=7116"}],"curies":[{"name":"wp","href":"https:\/\/api.w.org\/{rel}","templated":true}]}}