{"id":7117,"date":"2026-02-16T21:13:08","date_gmt":"2026-02-16T21:13:08","guid":{"rendered":"https:\/\/www.edesia.al\/?post_type=product&#038;p=7117"},"modified":"2026-02-25T17:23:55","modified_gmt":"2026-02-25T17:23:55","slug":"argjile-jeshile","status":"publish","type":"product","link":"https:\/\/www.edesia.al\/?product=argjile-jeshile","title":{"rendered":"Argjil\u00eb Jeshile"},"content":{"rendered":"<h3>Argjil\u00eb Jeshile 500 gr<\/h3>\n<p>Balta e gjelb\u00ebr ilite vjen nga nj\u00eb\u00a0 <strong>gurore natyrore e vendosur n\u00eb Auvergne<\/strong>\u00a0\u00a0dhe \u00ebsht\u00eb e nj\u00eb cil\u00ebsie t\u00eb shk\u00eblqyer, argjila \u00ebsht\u00eb e past\u00ebr. Kjo argjil\u00eb jeshile \u00ebsht\u00eb e pa rrezatuar dhe p\u00ebrputhet me standardet Ecocert dhe Nature &amp; Progr\u00e8s.\u00a0<strong>Nj\u00eb balt\u00eb e holl\u00eb me past\u00ebrti t\u00eb madhe.<\/strong><\/p>\n<p>Balta jeshile Illite bluhet p\u00ebr t\u00eb marr\u00eb nj\u00eb\u00a0\u00a0<strong>madh\u00ebsi grimcash t\u00eb imta dhe homogjene<\/strong>\u00a0, e p\u00ebrshtatshme n\u00eb m\u00ebnyr\u00eb t\u00eb p\u00ebrkryer p\u00ebr p\u00ebrdorim kozmetik dhe shum\u00eb e k\u00ebndshme p\u00ebr t&#8217;u aplikuar. Cil\u00ebsia e argjil\u00ebs kontrollohet rigorozisht, n\u00eb ve\u00e7anti\u00a0\u00a0<strong>p\u00ebrmbajtja e saj e papast\u00ebrtive<\/strong>\u00a0,\u00a0\u00a0<strong>past\u00ebrtia mikrobiologjike<\/strong>\u00a0dhe\u00a0<strong>homogjeniteti i pluhurit.<\/strong><\/p>\n<p>&nbsp;<\/p>\n<p>Si nj\u00eb p\u00ebrb\u00ebr\u00ebs kozmetik, argjila jeshile superfine\u00a0 njihet p\u00ebr k\u00ebto veti:<\/p>\n<ul>\n<li>Shum\u00eb\u00a0<strong>absorbues<\/strong> dhe eliminon sebumin e tep\u00ebrt dhe papast\u00ebrtit\u00eb.<\/li>\n<li><strong>Detoksifikues,<\/strong>\u00a0kontribuon n\u00eb remineralizimin e l\u00ebkur\u00ebs.<\/li>\n<li>Pastron but\u00ebsisht,\u00a0dhe dezinfekton epiderm\u00ebn<\/li>\n<li><strong>Dekongestant<\/strong><\/li>\n<\/ul>\n<p><strong>\u00a0<\/strong><\/p>\n<p><strong>PERDORIMI<\/strong><\/p>\n<p>Balta jeshile\u00a0 mund t\u00eb p\u00ebrdoret si p\u00ebrb\u00ebr\u00ebs n\u00eb p\u00ebrgatitjet tuaja:<\/p>\n<ol>\n<li>Mask\u00eb pastruese p\u00ebr l\u00ebkur\u00ebn e prirur ndaj akneve<\/li>\n<li>Locion matfikues p\u00ebr l\u00ebkur\u00eb t\u00eb yndyrshme<\/li>\n<li>Mb\u00ebshtjell\u00ebs dob\u00ebsimi<\/li>\n<li>Sapun pastrues balte&#8230;<\/li>\n<\/ol>\n","protected":false},"excerpt":{"rendered":"<p>Argjil\u00eb Jeshile 500 gr Balta e gjelb\u00ebr ilite vjen nga nj\u00eb\u00a0 gurore natyrore e vendosur n\u00eb Auvergne\u00a0\u00a0dhe \u00ebsht\u00eb e nj\u00eb cil\u00ebsie t\u00eb shk\u00eblqyer, argjila \u00ebsht\u00eb e past\u00ebr. Kjo argjil\u00eb jeshile \u00ebsht\u00eb e pa rrezatuar dhe p\u00ebrputhet me standardet Ecocert dhe Nature &amp; Progr\u00e8s.\u00a0Nj\u00eb balt\u00eb e holl\u00eb me past\u00ebrti t\u00eb madhe. Balta jeshile Illite bluhet p\u00ebr[&#8230;]<\/p>\n","protected":false},"featured_media":7143,"comment_status":"open","ping_status":"closed","template":"","meta":{"_acf_changed":false,"inline_featured_image":false},"kategori-sipas-dietave":[],"kategori-sipas-problemeve-shende":[],"product_brand":[98],"product_cat":[76,79,23],"product_tag":[188],"class_list":{"0":"post-7117","1":"product","2":"type-product","3":"status-publish","4":"has-post-thumbnail","6":"product_brand-aroma-zone","7":"product_cat-argjile-kozmetike","8":"product_cat-kozmetike-kujdes-personal","9":"product_cat-vajra-kozmetike","10":"product_tag-argjile","12":"first","13":"instock","14":"taxable","15":"shipping-taxable","16":"purchasable","17":"product-type-simple"},"acf":[],"yoast_head":"<!-- This site is optimized with the Yoast SEO plugin v27.4 - https:\/\/yoast.com\/product\/yoast-seo-wordpress\/ -->\n<title>Argjil\u00eb Jeshile - Edesia<\/title>\n<meta name=\"robots\" content=\"index, follow, max-snippet:-1, max-image-preview:large, max-video-preview:-1\" \/>\n<link rel=\"canonical\" href=\"https:\/\/www.edesia.al\/?product=argjile-jeshile\" \/>\n<meta property=\"og:locale\" content=\"en_US\" \/>\n<meta property=\"og:type\" content=\"article\" \/>\n<meta property=\"og:title\" content=\"Argjil\u00eb Jeshile - Edesia\" \/>\n<meta property=\"og:description\" content=\"Argjil\u00eb Jeshile 500 gr Balta e gjelb\u00ebr ilite vjen nga nj\u00eb\u00a0 gurore natyrore e vendosur n\u00eb Auvergne\u00a0\u00a0dhe \u00ebsht\u00eb e nj\u00eb cil\u00ebsie t\u00eb shk\u00eblqyer, argjila \u00ebsht\u00eb e past\u00ebr. Kjo argjil\u00eb jeshile \u00ebsht\u00eb e pa rrezatuar dhe p\u00ebrputhet me standardet Ecocert dhe Nature &amp; Progr\u00e8s.\u00a0Nj\u00eb balt\u00eb e holl\u00eb me past\u00ebrti t\u00eb madhe. Balta jeshile Illite bluhet p\u00ebr[...]\" \/>\n<meta property=\"og:url\" content=\"https:\/\/www.edesia.al\/?product=argjile-jeshile\" \/>\n<meta property=\"og:site_name\" content=\"Edesia\" \/>\n<meta property=\"article:modified_time\" content=\"2026-02-25T17:23:55+00:00\" \/>\n<meta property=\"og:image\" content=\"https:\/\/www.edesia.al\/wp-content\/uploads\/2026\/02\/Capture-2.jpg\" \/>\n\t<meta property=\"og:image:width\" content=\"681\" \/>\n\t<meta property=\"og:image:height\" content=\"776\" \/>\n\t<meta property=\"og:image:type\" content=\"image\/jpeg\" \/>\n<meta name=\"twitter:card\" content=\"summary_large_image\" \/>\n<meta name=\"twitter:label1\" content=\"Est. reading time\" \/>\n\t<meta name=\"twitter:data1\" content=\"1 minute\" \/>\n<script type=\"application\/ld+json\" class=\"yoast-schema-graph\">{\"@context\":\"https:\\\/\\\/schema.org\",\"@graph\":[{\"@type\":\"WebPage\",\"@id\":\"https:\\\/\\\/www.edesia.al\\\/?product=argjile-jeshile\",\"url\":\"https:\\\/\\\/www.edesia.al\\\/?product=argjile-jeshile\",\"name\":\"Argjil\u00eb Jeshile - Edesia\",\"isPartOf\":{\"@id\":\"https:\\\/\\\/www.edesia.al\\\/#website\"},\"primaryImageOfPage\":{\"@id\":\"https:\\\/\\\/www.edesia.al\\\/?product=argjile-jeshile#primaryimage\"},\"image\":{\"@id\":\"https:\\\/\\\/www.edesia.al\\\/?product=argjile-jeshile#primaryimage\"},\"thumbnailUrl\":\"https:\\\/\\\/www.edesia.al\\\/wp-content\\\/uploads\\\/2026\\\/02\\\/Capture-2.jpg\",\"datePublished\":\"2026-02-16T21:13:08+00:00\",\"dateModified\":\"2026-02-25T17:23:55+00:00\",\"breadcrumb\":{\"@id\":\"https:\\\/\\\/www.edesia.al\\\/?product=argjile-jeshile#breadcrumb\"},\"inLanguage\":\"en-US\",\"potentialAction\":[{\"@type\":\"ReadAction\",\"target\":[\"https:\\\/\\\/www.edesia.al\\\/?product=argjile-jeshile\"]}]},{\"@type\":\"ImageObject\",\"inLanguage\":\"en-US\",\"@id\":\"https:\\\/\\\/www.edesia.al\\\/?product=argjile-jeshile#primaryimage\",\"url\":\"https:\\\/\\\/www.edesia.al\\\/wp-content\\\/uploads\\\/2026\\\/02\\\/Capture-2.jpg\",\"contentUrl\":\"https:\\\/\\\/www.edesia.al\\\/wp-content\\\/uploads\\\/2026\\\/02\\\/Capture-2.jpg\",\"width\":681,\"height\":776},{\"@type\":\"BreadcrumbList\",\"@id\":\"https:\\\/\\\/www.edesia.al\\\/?product=argjile-jeshile#breadcrumb\",\"itemListElement\":[{\"@type\":\"ListItem\",\"position\":1,\"name\":\"Home\",\"item\":\"https:\\\/\\\/www.edesia.al\\\/\"},{\"@type\":\"ListItem\",\"position\":2,\"name\":\"Dyqani\",\"item\":\"https:\\\/\\\/www.edesia.al\\\/?page_id=17\"},{\"@type\":\"ListItem\",\"position\":3,\"name\":\"Argjil\u00eb Jeshile\"}]},{\"@type\":\"WebSite\",\"@id\":\"https:\\\/\\\/www.edesia.al\\\/#website\",\"url\":\"https:\\\/\\\/www.edesia.al\\\/\",\"name\":\"Edesia\",\"description\":\"\",\"publisher\":{\"@id\":\"https:\\\/\\\/www.edesia.al\\\/#organization\"},\"potentialAction\":[{\"@type\":\"SearchAction\",\"target\":{\"@type\":\"EntryPoint\",\"urlTemplate\":\"https:\\\/\\\/www.edesia.al\\\/?s={search_term_string}\"},\"query-input\":{\"@type\":\"PropertyValueSpecification\",\"valueRequired\":true,\"valueName\":\"search_term_string\"}}],\"inLanguage\":\"en-US\"},{\"@type\":\"Organization\",\"@id\":\"https:\\\/\\\/www.edesia.al\\\/#organization\",\"name\":\"Edesia\",\"url\":\"https:\\\/\\\/www.edesia.al\\\/\",\"logo\":{\"@type\":\"ImageObject\",\"inLanguage\":\"en-US\",\"@id\":\"https:\\\/\\\/www.edesia.al\\\/#\\\/schema\\\/logo\\\/image\\\/\",\"url\":\"https:\\\/\\\/www.edesia.al\\\/wp-content\\\/uploads\\\/2026\\\/02\\\/Logo-Edesia-no-background.png\",\"contentUrl\":\"https:\\\/\\\/www.edesia.al\\\/wp-content\\\/uploads\\\/2026\\\/02\\\/Logo-Edesia-no-background.png\",\"width\":293,\"height\":158,\"caption\":\"Edesia\"},\"image\":{\"@id\":\"https:\\\/\\\/www.edesia.al\\\/#\\\/schema\\\/logo\\\/image\\\/\"}}]}<\/script>\n<!-- \/ Yoast SEO plugin. -->","yoast_head_json":{"title":"Argjil\u00eb Jeshile - Edesia","robots":{"index":"index","follow":"follow","max-snippet":"max-snippet:-1","max-image-preview":"max-image-preview:large","max-video-preview":"max-video-preview:-1"},"canonical":"https:\/\/www.edesia.al\/?product=argjile-jeshile","og_locale":"en_US","og_type":"article","og_title":"Argjil\u00eb Jeshile - Edesia","og_description":"Argjil\u00eb Jeshile 500 gr Balta e gjelb\u00ebr ilite vjen nga nj\u00eb\u00a0 gurore natyrore e vendosur n\u00eb Auvergne\u00a0\u00a0dhe \u00ebsht\u00eb e nj\u00eb cil\u00ebsie t\u00eb shk\u00eblqyer, argjila \u00ebsht\u00eb e past\u00ebr. Kjo argjil\u00eb jeshile \u00ebsht\u00eb e pa rrezatuar dhe p\u00ebrputhet me standardet Ecocert dhe Nature &amp; Progr\u00e8s.\u00a0Nj\u00eb balt\u00eb e holl\u00eb me past\u00ebrti t\u00eb madhe. Balta jeshile Illite bluhet p\u00ebr[...]","og_url":"https:\/\/www.edesia.al\/?product=argjile-jeshile","og_site_name":"Edesia","article_modified_time":"2026-02-25T17:23:55+00:00","og_image":[{"width":681,"height":776,"url":"https:\/\/www.edesia.al\/wp-content\/uploads\/2026\/02\/Capture-2.jpg","type":"image\/jpeg"}],"twitter_card":"summary_large_image","twitter_misc":{"Est. reading time":"1 minute"},"schema":{"@context":"https:\/\/schema.org","@graph":[{"@type":"WebPage","@id":"https:\/\/www.edesia.al\/?product=argjile-jeshile","url":"https:\/\/www.edesia.al\/?product=argjile-jeshile","name":"Argjil\u00eb Jeshile - Edesia","isPartOf":{"@id":"https:\/\/www.edesia.al\/#website"},"primaryImageOfPage":{"@id":"https:\/\/www.edesia.al\/?product=argjile-jeshile#primaryimage"},"image":{"@id":"https:\/\/www.edesia.al\/?product=argjile-jeshile#primaryimage"},"thumbnailUrl":"https:\/\/www.edesia.al\/wp-content\/uploads\/2026\/02\/Capture-2.jpg","datePublished":"2026-02-16T21:13:08+00:00","dateModified":"2026-02-25T17:23:55+00:00","breadcrumb":{"@id":"https:\/\/www.edesia.al\/?product=argjile-jeshile#breadcrumb"},"inLanguage":"en-US","potentialAction":[{"@type":"ReadAction","target":["https:\/\/www.edesia.al\/?product=argjile-jeshile"]}]},{"@type":"ImageObject","inLanguage":"en-US","@id":"https:\/\/www.edesia.al\/?product=argjile-jeshile#primaryimage","url":"https:\/\/www.edesia.al\/wp-content\/uploads\/2026\/02\/Capture-2.jpg","contentUrl":"https:\/\/www.edesia.al\/wp-content\/uploads\/2026\/02\/Capture-2.jpg","width":681,"height":776},{"@type":"BreadcrumbList","@id":"https:\/\/www.edesia.al\/?product=argjile-jeshile#breadcrumb","itemListElement":[{"@type":"ListItem","position":1,"name":"Home","item":"https:\/\/www.edesia.al\/"},{"@type":"ListItem","position":2,"name":"Dyqani","item":"https:\/\/www.edesia.al\/?page_id=17"},{"@type":"ListItem","position":3,"name":"Argjil\u00eb Jeshile"}]},{"@type":"WebSite","@id":"https:\/\/www.edesia.al\/#website","url":"https:\/\/www.edesia.al\/","name":"Edesia","description":"","publisher":{"@id":"https:\/\/www.edesia.al\/#organization"},"potentialAction":[{"@type":"SearchAction","target":{"@type":"EntryPoint","urlTemplate":"https:\/\/www.edesia.al\/?s={search_term_string}"},"query-input":{"@type":"PropertyValueSpecification","valueRequired":true,"valueName":"search_term_string"}}],"inLanguage":"en-US"},{"@type":"Organization","@id":"https:\/\/www.edesia.al\/#organization","name":"Edesia","url":"https:\/\/www.edesia.al\/","logo":{"@type":"ImageObject","inLanguage":"en-US","@id":"https:\/\/www.edesia.al\/#\/schema\/logo\/image\/","url":"https:\/\/www.edesia.al\/wp-content\/uploads\/2026\/02\/Logo-Edesia-no-background.png","contentUrl":"https:\/\/www.edesia.al\/wp-content\/uploads\/2026\/02\/Logo-Edesia-no-background.png","width":293,"height":158,"caption":"Edesia"},"image":{"@id":"https:\/\/www.edesia.al\/#\/schema\/logo\/image\/"}}]}},"_links":{"self":[{"href":"https:\/\/www.edesia.al\/index.php?rest_route=\/wp\/v2\/product\/7117","targetHints":{"allow":["GET"]}}],"collection":[{"href":"https:\/\/www.edesia.al\/index.php?rest_route=\/wp\/v2\/product"}],"about":[{"href":"https:\/\/www.edesia.al\/index.php?rest_route=\/wp\/v2\/types\/product"}],"replies":[{"embeddable":true,"href":"https:\/\/www.edesia.al\/index.php?rest_route=%2Fwp%2Fv2%2Fcomments&post=7117"}],"wp:featuredmedia":[{"embeddable":true,"href":"https:\/\/www.edesia.al\/index.php?rest_route=\/wp\/v2\/media\/7143"}],"wp:attachment":[{"href":"https:\/\/www.edesia.al\/index.php?rest_route=%2Fwp%2Fv2%2Fmedia&parent=7117"}],"wp:term":[{"taxonomy":"kategori-sipas-dietave","embeddable":true,"href":"https:\/\/www.edesia.al\/index.php?rest_route=%2Fwp%2Fv2%2Fkategori-sipas-dietave&post=7117"},{"taxonomy":"kategori-sipas-problemeve-shende","embeddable":true,"href":"https:\/\/www.edesia.al\/index.php?rest_route=%2Fwp%2Fv2%2Fkategori-sipas-problemeve-shende&post=7117"},{"taxonomy":"product_brand","embeddable":true,"href":"https:\/\/www.edesia.al\/index.php?rest_route=%2Fwp%2Fv2%2Fproduct_brand&post=7117"},{"taxonomy":"product_cat","embeddable":true,"href":"https:\/\/www.edesia.al\/index.php?rest_route=%2Fwp%2Fv2%2Fproduct_cat&post=7117"},{"taxonomy":"product_tag","embeddable":true,"href":"https:\/\/www.edesia.al\/index.php?rest_route=%2Fwp%2Fv2%2Fproduct_tag&post=7117"}],"curies":[{"name":"wp","href":"https:\/\/api.w.org\/{rel}","templated":true}]}}