{"id":7118,"date":"2026-02-16T21:13:08","date_gmt":"2026-02-16T21:13:08","guid":{"rendered":"https:\/\/www.edesia.al\/?post_type=product&#038;p=7118"},"modified":"2026-02-25T17:24:43","modified_gmt":"2026-02-25T17:24:43","slug":"katam","status":"publish","type":"product","link":"https:\/\/www.edesia.al\/?product=katam","title":{"rendered":"Katam"},"content":{"rendered":"<h3>Katam (Kena per floket) 100g<\/h3>\n<p>Si nj\u00eb p\u00ebrb\u00ebr\u00ebs p\u00ebr ngjyrosjen e flok\u00ebve, boja e flok\u00ebve katam vegjetale njihet p\u00ebr k\u00ebto veti:<\/p>\n<ul>\n<li>\u00a0P\u00ebrshpejton zgjatjen e flok\u00ebve dhe i dend\u00ebson ato<\/li>\n<li dir=\"auto\">Largon zbokthin dhe yndyr\u00ebn n\u00eb skalp.<\/li>\n<li dir=\"auto\">\u00a0U jep flok\u00ebve shk\u00eblqim dhe volum.<\/li>\n<li dir=\"auto\">Ndalon r\u00ebnien e flok\u00ebve dhe i forcon ato.<\/li>\n<\/ul>\n<p>P\u00ebrdorimi: P\u00ebrzieni me uj\u00eb t\u00eb vak\u00ebt deri sa t\u00eb arrini nj\u00eb mas\u00eb homogjene, por mund t\u00eb shtoni edhe vaj esencial rozmarine si dhe vaj kastori, ulliri dhe kokosi p\u00ebr m\u00eb shum\u00eb p\u00ebrfitime p\u00ebr flok\u00ebt tuaj.<\/p>\n<p>&nbsp;<\/p>\n<p>&nbsp;<\/p>\n","protected":false},"excerpt":{"rendered":"<p>Katam (Kena per floket) 100g Si nj\u00eb p\u00ebrb\u00ebr\u00ebs p\u00ebr ngjyrosjen e flok\u00ebve, boja e flok\u00ebve katam vegjetale njihet p\u00ebr k\u00ebto veti: \u00a0P\u00ebrshpejton zgjatjen e flok\u00ebve dhe i dend\u00ebson ato Largon zbokthin dhe yndyr\u00ebn n\u00eb skalp. \u00a0U jep flok\u00ebve shk\u00eblqim dhe volum. Ndalon r\u00ebnien e flok\u00ebve dhe i forcon ato. P\u00ebrdorimi: P\u00ebrzieni me uj\u00eb t\u00eb vak\u00ebt[&#8230;]<\/p>\n","protected":false},"featured_media":7144,"comment_status":"open","ping_status":"closed","template":"","meta":{"_acf_changed":false,"inline_featured_image":false},"kategori-sipas-dietave":[],"kategori-sipas-problemeve-shende":[],"product_brand":[98],"product_cat":[65,79,23],"product_tag":[189],"class_list":{"0":"post-7118","1":"product","2":"type-product","3":"status-publish","4":"has-post-thumbnail","6":"product_brand-aroma-zone","7":"product_cat-henna-boje-bimore-per-floket","8":"product_cat-kozmetike-kujdes-personal","9":"product_cat-vajra-kozmetike","10":"product_tag-boje-bimore","12":"first","13":"instock","14":"taxable","15":"shipping-taxable","16":"purchasable","17":"product-type-simple"},"acf":[],"yoast_head":"<!-- This site is optimized with the Yoast SEO plugin v27.4 - https:\/\/yoast.com\/product\/yoast-seo-wordpress\/ -->\n<title>Katam - Edesia<\/title>\n<meta name=\"robots\" content=\"index, follow, max-snippet:-1, max-image-preview:large, max-video-preview:-1\" \/>\n<link rel=\"canonical\" href=\"https:\/\/www.edesia.al\/?product=katam\" \/>\n<meta property=\"og:locale\" content=\"en_US\" \/>\n<meta property=\"og:type\" content=\"article\" \/>\n<meta property=\"og:title\" content=\"Katam - Edesia\" \/>\n<meta property=\"og:description\" content=\"Katam (Kena per floket) 100g Si nj\u00eb p\u00ebrb\u00ebr\u00ebs p\u00ebr ngjyrosjen e flok\u00ebve, boja e flok\u00ebve katam vegjetale njihet p\u00ebr k\u00ebto veti: \u00a0P\u00ebrshpejton zgjatjen e flok\u00ebve dhe i dend\u00ebson ato Largon zbokthin dhe yndyr\u00ebn n\u00eb skalp. \u00a0U jep flok\u00ebve shk\u00eblqim dhe volum. Ndalon r\u00ebnien e flok\u00ebve dhe i forcon ato. P\u00ebrdorimi: P\u00ebrzieni me uj\u00eb t\u00eb vak\u00ebt[...]\" \/>\n<meta property=\"og:url\" content=\"https:\/\/www.edesia.al\/?product=katam\" \/>\n<meta property=\"og:site_name\" content=\"Edesia\" \/>\n<meta property=\"article:modified_time\" content=\"2026-02-25T17:24:43+00:00\" \/>\n<meta property=\"og:image\" content=\"https:\/\/www.edesia.al\/wp-content\/uploads\/2026\/02\/Capture-1-1.jpg\" \/>\n\t<meta property=\"og:image:width\" content=\"682\" \/>\n\t<meta property=\"og:image:height\" content=\"782\" \/>\n\t<meta property=\"og:image:type\" content=\"image\/jpeg\" \/>\n<meta name=\"twitter:card\" content=\"summary_large_image\" \/>\n<meta name=\"twitter:label1\" content=\"Est. reading time\" \/>\n\t<meta name=\"twitter:data1\" content=\"1 minute\" \/>\n<script type=\"application\/ld+json\" class=\"yoast-schema-graph\">{\"@context\":\"https:\\\/\\\/schema.org\",\"@graph\":[{\"@type\":\"WebPage\",\"@id\":\"https:\\\/\\\/www.edesia.al\\\/?product=katam\",\"url\":\"https:\\\/\\\/www.edesia.al\\\/?product=katam\",\"name\":\"Katam - Edesia\",\"isPartOf\":{\"@id\":\"https:\\\/\\\/www.edesia.al\\\/#website\"},\"primaryImageOfPage\":{\"@id\":\"https:\\\/\\\/www.edesia.al\\\/?product=katam#primaryimage\"},\"image\":{\"@id\":\"https:\\\/\\\/www.edesia.al\\\/?product=katam#primaryimage\"},\"thumbnailUrl\":\"https:\\\/\\\/www.edesia.al\\\/wp-content\\\/uploads\\\/2026\\\/02\\\/Capture-1-1.jpg\",\"datePublished\":\"2026-02-16T21:13:08+00:00\",\"dateModified\":\"2026-02-25T17:24:43+00:00\",\"breadcrumb\":{\"@id\":\"https:\\\/\\\/www.edesia.al\\\/?product=katam#breadcrumb\"},\"inLanguage\":\"en-US\",\"potentialAction\":[{\"@type\":\"ReadAction\",\"target\":[\"https:\\\/\\\/www.edesia.al\\\/?product=katam\"]}]},{\"@type\":\"ImageObject\",\"inLanguage\":\"en-US\",\"@id\":\"https:\\\/\\\/www.edesia.al\\\/?product=katam#primaryimage\",\"url\":\"https:\\\/\\\/www.edesia.al\\\/wp-content\\\/uploads\\\/2026\\\/02\\\/Capture-1-1.jpg\",\"contentUrl\":\"https:\\\/\\\/www.edesia.al\\\/wp-content\\\/uploads\\\/2026\\\/02\\\/Capture-1-1.jpg\",\"width\":682,\"height\":782},{\"@type\":\"BreadcrumbList\",\"@id\":\"https:\\\/\\\/www.edesia.al\\\/?product=katam#breadcrumb\",\"itemListElement\":[{\"@type\":\"ListItem\",\"position\":1,\"name\":\"Home\",\"item\":\"https:\\\/\\\/www.edesia.al\\\/\"},{\"@type\":\"ListItem\",\"position\":2,\"name\":\"Dyqani\",\"item\":\"https:\\\/\\\/www.edesia.al\\\/?page_id=17\"},{\"@type\":\"ListItem\",\"position\":3,\"name\":\"Katam\"}]},{\"@type\":\"WebSite\",\"@id\":\"https:\\\/\\\/www.edesia.al\\\/#website\",\"url\":\"https:\\\/\\\/www.edesia.al\\\/\",\"name\":\"Edesia\",\"description\":\"\",\"publisher\":{\"@id\":\"https:\\\/\\\/www.edesia.al\\\/#organization\"},\"potentialAction\":[{\"@type\":\"SearchAction\",\"target\":{\"@type\":\"EntryPoint\",\"urlTemplate\":\"https:\\\/\\\/www.edesia.al\\\/?s={search_term_string}\"},\"query-input\":{\"@type\":\"PropertyValueSpecification\",\"valueRequired\":true,\"valueName\":\"search_term_string\"}}],\"inLanguage\":\"en-US\"},{\"@type\":\"Organization\",\"@id\":\"https:\\\/\\\/www.edesia.al\\\/#organization\",\"name\":\"Edesia\",\"url\":\"https:\\\/\\\/www.edesia.al\\\/\",\"logo\":{\"@type\":\"ImageObject\",\"inLanguage\":\"en-US\",\"@id\":\"https:\\\/\\\/www.edesia.al\\\/#\\\/schema\\\/logo\\\/image\\\/\",\"url\":\"https:\\\/\\\/www.edesia.al\\\/wp-content\\\/uploads\\\/2026\\\/02\\\/Logo-Edesia-no-background.png\",\"contentUrl\":\"https:\\\/\\\/www.edesia.al\\\/wp-content\\\/uploads\\\/2026\\\/02\\\/Logo-Edesia-no-background.png\",\"width\":293,\"height\":158,\"caption\":\"Edesia\"},\"image\":{\"@id\":\"https:\\\/\\\/www.edesia.al\\\/#\\\/schema\\\/logo\\\/image\\\/\"}}]}<\/script>\n<!-- \/ Yoast SEO plugin. -->","yoast_head_json":{"title":"Katam - Edesia","robots":{"index":"index","follow":"follow","max-snippet":"max-snippet:-1","max-image-preview":"max-image-preview:large","max-video-preview":"max-video-preview:-1"},"canonical":"https:\/\/www.edesia.al\/?product=katam","og_locale":"en_US","og_type":"article","og_title":"Katam - Edesia","og_description":"Katam (Kena per floket) 100g Si nj\u00eb p\u00ebrb\u00ebr\u00ebs p\u00ebr ngjyrosjen e flok\u00ebve, boja e flok\u00ebve katam vegjetale njihet p\u00ebr k\u00ebto veti: \u00a0P\u00ebrshpejton zgjatjen e flok\u00ebve dhe i dend\u00ebson ato Largon zbokthin dhe yndyr\u00ebn n\u00eb skalp. \u00a0U jep flok\u00ebve shk\u00eblqim dhe volum. Ndalon r\u00ebnien e flok\u00ebve dhe i forcon ato. P\u00ebrdorimi: P\u00ebrzieni me uj\u00eb t\u00eb vak\u00ebt[...]","og_url":"https:\/\/www.edesia.al\/?product=katam","og_site_name":"Edesia","article_modified_time":"2026-02-25T17:24:43+00:00","og_image":[{"width":682,"height":782,"url":"https:\/\/www.edesia.al\/wp-content\/uploads\/2026\/02\/Capture-1-1.jpg","type":"image\/jpeg"}],"twitter_card":"summary_large_image","twitter_misc":{"Est. reading time":"1 minute"},"schema":{"@context":"https:\/\/schema.org","@graph":[{"@type":"WebPage","@id":"https:\/\/www.edesia.al\/?product=katam","url":"https:\/\/www.edesia.al\/?product=katam","name":"Katam - Edesia","isPartOf":{"@id":"https:\/\/www.edesia.al\/#website"},"primaryImageOfPage":{"@id":"https:\/\/www.edesia.al\/?product=katam#primaryimage"},"image":{"@id":"https:\/\/www.edesia.al\/?product=katam#primaryimage"},"thumbnailUrl":"https:\/\/www.edesia.al\/wp-content\/uploads\/2026\/02\/Capture-1-1.jpg","datePublished":"2026-02-16T21:13:08+00:00","dateModified":"2026-02-25T17:24:43+00:00","breadcrumb":{"@id":"https:\/\/www.edesia.al\/?product=katam#breadcrumb"},"inLanguage":"en-US","potentialAction":[{"@type":"ReadAction","target":["https:\/\/www.edesia.al\/?product=katam"]}]},{"@type":"ImageObject","inLanguage":"en-US","@id":"https:\/\/www.edesia.al\/?product=katam#primaryimage","url":"https:\/\/www.edesia.al\/wp-content\/uploads\/2026\/02\/Capture-1-1.jpg","contentUrl":"https:\/\/www.edesia.al\/wp-content\/uploads\/2026\/02\/Capture-1-1.jpg","width":682,"height":782},{"@type":"BreadcrumbList","@id":"https:\/\/www.edesia.al\/?product=katam#breadcrumb","itemListElement":[{"@type":"ListItem","position":1,"name":"Home","item":"https:\/\/www.edesia.al\/"},{"@type":"ListItem","position":2,"name":"Dyqani","item":"https:\/\/www.edesia.al\/?page_id=17"},{"@type":"ListItem","position":3,"name":"Katam"}]},{"@type":"WebSite","@id":"https:\/\/www.edesia.al\/#website","url":"https:\/\/www.edesia.al\/","name":"Edesia","description":"","publisher":{"@id":"https:\/\/www.edesia.al\/#organization"},"potentialAction":[{"@type":"SearchAction","target":{"@type":"EntryPoint","urlTemplate":"https:\/\/www.edesia.al\/?s={search_term_string}"},"query-input":{"@type":"PropertyValueSpecification","valueRequired":true,"valueName":"search_term_string"}}],"inLanguage":"en-US"},{"@type":"Organization","@id":"https:\/\/www.edesia.al\/#organization","name":"Edesia","url":"https:\/\/www.edesia.al\/","logo":{"@type":"ImageObject","inLanguage":"en-US","@id":"https:\/\/www.edesia.al\/#\/schema\/logo\/image\/","url":"https:\/\/www.edesia.al\/wp-content\/uploads\/2026\/02\/Logo-Edesia-no-background.png","contentUrl":"https:\/\/www.edesia.al\/wp-content\/uploads\/2026\/02\/Logo-Edesia-no-background.png","width":293,"height":158,"caption":"Edesia"},"image":{"@id":"https:\/\/www.edesia.al\/#\/schema\/logo\/image\/"}}]}},"_links":{"self":[{"href":"https:\/\/www.edesia.al\/index.php?rest_route=\/wp\/v2\/product\/7118","targetHints":{"allow":["GET"]}}],"collection":[{"href":"https:\/\/www.edesia.al\/index.php?rest_route=\/wp\/v2\/product"}],"about":[{"href":"https:\/\/www.edesia.al\/index.php?rest_route=\/wp\/v2\/types\/product"}],"replies":[{"embeddable":true,"href":"https:\/\/www.edesia.al\/index.php?rest_route=%2Fwp%2Fv2%2Fcomments&post=7118"}],"wp:featuredmedia":[{"embeddable":true,"href":"https:\/\/www.edesia.al\/index.php?rest_route=\/wp\/v2\/media\/7144"}],"wp:attachment":[{"href":"https:\/\/www.edesia.al\/index.php?rest_route=%2Fwp%2Fv2%2Fmedia&parent=7118"}],"wp:term":[{"taxonomy":"kategori-sipas-dietave","embeddable":true,"href":"https:\/\/www.edesia.al\/index.php?rest_route=%2Fwp%2Fv2%2Fkategori-sipas-dietave&post=7118"},{"taxonomy":"kategori-sipas-problemeve-shende","embeddable":true,"href":"https:\/\/www.edesia.al\/index.php?rest_route=%2Fwp%2Fv2%2Fkategori-sipas-problemeve-shende&post=7118"},{"taxonomy":"product_brand","embeddable":true,"href":"https:\/\/www.edesia.al\/index.php?rest_route=%2Fwp%2Fv2%2Fproduct_brand&post=7118"},{"taxonomy":"product_cat","embeddable":true,"href":"https:\/\/www.edesia.al\/index.php?rest_route=%2Fwp%2Fv2%2Fproduct_cat&post=7118"},{"taxonomy":"product_tag","embeddable":true,"href":"https:\/\/www.edesia.al\/index.php?rest_route=%2Fwp%2Fv2%2Fproduct_tag&post=7118"}],"curies":[{"name":"wp","href":"https:\/\/api.w.org\/{rel}","templated":true}]}}