{"id":7119,"date":"2026-02-16T21:13:09","date_gmt":"2026-02-16T21:13:09","guid":{"rendered":"https:\/\/www.edesia.al\/?post_type=product&#038;p=7119"},"modified":"2026-02-16T21:13:28","modified_gmt":"2026-02-16T21:13:28","slug":"kena-egjiptiane","status":"publish","type":"product","link":"https:\/\/www.edesia.al\/?product=kena-egjiptiane","title":{"rendered":"K\u00ebna egjiptiane"},"content":{"rendered":"<h3>K\u00ebna egjiptiane<\/h3>\n<p>Benefitet e k\u00ebnas egjiptiane jane:<\/p>\n<ul>\n<li>Ngjyrosje\u00a0<strong>natyrale e flok\u00ebve<\/strong><\/li>\n<li>Jep\u00a0<strong>theksime intensive t\u00eb kuqe<\/strong><\/li>\n<li>I b\u00ebn flok\u00ebt me\u00a0<strong>shk\u00eblqim<\/strong><\/li>\n<li>Lufton zbokthin dhe mbuluse e thinjave<\/li>\n<li>U jep volum dhe but\u00ebsi flok\u00ebve<\/li>\n<\/ul>\n<p>&nbsp;<\/p>\n<p>P\u00ebrdorimi: P\u00ebrzieni me uj\u00eb t\u00eb vak\u00ebt deri sa t\u00eb merrni nj\u00eb mas\u00eb homogjene, si dhe mund t\u00eb shtoni edhe vaj esencial rozmarine dhe vaj ulliri ose kastori p\u00ebr t\u00eb b\u00ebr\u00eb nj\u00ebkoh\u00ebsisht edhe mask\u00eb flok\u00ebve tuaj.<\/p>\n<p>&nbsp;<\/p>\n<p>&nbsp;<\/p>\n<p>&nbsp;<\/p>\n<p>&nbsp;<\/p>\n","protected":false},"excerpt":{"rendered":"<p>K\u00ebna egjiptiane Benefitet e k\u00ebnas egjiptiane jane: Ngjyrosje\u00a0natyrale e flok\u00ebve Jep\u00a0theksime intensive t\u00eb kuqe I b\u00ebn flok\u00ebt me\u00a0shk\u00eblqim Lufton zbokthin dhe mbuluse e thinjave U jep volum dhe but\u00ebsi flok\u00ebve &nbsp; P\u00ebrdorimi: P\u00ebrzieni me uj\u00eb t\u00eb vak\u00ebt deri sa t\u00eb merrni nj\u00eb mas\u00eb homogjene, si dhe mund t\u00eb shtoni edhe vaj esencial rozmarine dhe vaj[&#8230;]<\/p>\n","protected":false},"featured_media":0,"comment_status":"open","ping_status":"closed","template":"","meta":{"_acf_changed":false,"inline_featured_image":false},"kategori-sipas-dietave":[],"kategori-sipas-problemeve-shende":[],"product_brand":[],"product_cat":[23],"product_tag":[],"class_list":{"0":"post-7119","1":"product","2":"type-product","3":"status-publish","5":"product_cat-vajra-kozmetike","7":"first","8":"instock","9":"taxable","10":"shipping-taxable","11":"purchasable","12":"product-type-simple"},"acf":[],"yoast_head":"<!-- This site is optimized with the Yoast SEO plugin v27.4 - https:\/\/yoast.com\/product\/yoast-seo-wordpress\/ -->\n<title>K\u00ebna egjiptiane - Edesia<\/title>\n<meta name=\"robots\" content=\"index, follow, max-snippet:-1, max-image-preview:large, max-video-preview:-1\" \/>\n<link rel=\"canonical\" href=\"https:\/\/www.edesia.al\/?product=kena-egjiptiane\" \/>\n<meta property=\"og:locale\" content=\"en_US\" \/>\n<meta property=\"og:type\" content=\"article\" \/>\n<meta property=\"og:title\" content=\"K\u00ebna egjiptiane - Edesia\" \/>\n<meta property=\"og:description\" content=\"K\u00ebna egjiptiane Benefitet e k\u00ebnas egjiptiane jane: Ngjyrosje\u00a0natyrale e flok\u00ebve Jep\u00a0theksime intensive t\u00eb kuqe I b\u00ebn flok\u00ebt me\u00a0shk\u00eblqim Lufton zbokthin dhe mbuluse e thinjave U jep volum dhe but\u00ebsi flok\u00ebve &nbsp; P\u00ebrdorimi: P\u00ebrzieni me uj\u00eb t\u00eb vak\u00ebt deri sa t\u00eb merrni nj\u00eb mas\u00eb homogjene, si dhe mund t\u00eb shtoni edhe vaj esencial rozmarine dhe vaj[...]\" \/>\n<meta property=\"og:url\" content=\"https:\/\/www.edesia.al\/?product=kena-egjiptiane\" \/>\n<meta property=\"og:site_name\" content=\"Edesia\" \/>\n<meta property=\"article:modified_time\" content=\"2026-02-16T21:13:28+00:00\" \/>\n<meta name=\"twitter:card\" content=\"summary_large_image\" \/>\n<script type=\"application\/ld+json\" class=\"yoast-schema-graph\">{\"@context\":\"https:\\\/\\\/schema.org\",\"@graph\":[{\"@type\":\"WebPage\",\"@id\":\"https:\\\/\\\/www.edesia.al\\\/?product=kena-egjiptiane\",\"url\":\"https:\\\/\\\/www.edesia.al\\\/?product=kena-egjiptiane\",\"name\":\"K\u00ebna egjiptiane - Edesia\",\"isPartOf\":{\"@id\":\"https:\\\/\\\/www.edesia.al\\\/#website\"},\"datePublished\":\"2026-02-16T21:13:09+00:00\",\"dateModified\":\"2026-02-16T21:13:28+00:00\",\"breadcrumb\":{\"@id\":\"https:\\\/\\\/www.edesia.al\\\/?product=kena-egjiptiane#breadcrumb\"},\"inLanguage\":\"en-US\",\"potentialAction\":[{\"@type\":\"ReadAction\",\"target\":[\"https:\\\/\\\/www.edesia.al\\\/?product=kena-egjiptiane\"]}]},{\"@type\":\"BreadcrumbList\",\"@id\":\"https:\\\/\\\/www.edesia.al\\\/?product=kena-egjiptiane#breadcrumb\",\"itemListElement\":[{\"@type\":\"ListItem\",\"position\":1,\"name\":\"Home\",\"item\":\"https:\\\/\\\/www.edesia.al\\\/\"},{\"@type\":\"ListItem\",\"position\":2,\"name\":\"Dyqani\",\"item\":\"https:\\\/\\\/www.edesia.al\\\/?page_id=17\"},{\"@type\":\"ListItem\",\"position\":3,\"name\":\"K\u00ebna egjiptiane\"}]},{\"@type\":\"WebSite\",\"@id\":\"https:\\\/\\\/www.edesia.al\\\/#website\",\"url\":\"https:\\\/\\\/www.edesia.al\\\/\",\"name\":\"Edesia\",\"description\":\"\",\"publisher\":{\"@id\":\"https:\\\/\\\/www.edesia.al\\\/#organization\"},\"potentialAction\":[{\"@type\":\"SearchAction\",\"target\":{\"@type\":\"EntryPoint\",\"urlTemplate\":\"https:\\\/\\\/www.edesia.al\\\/?s={search_term_string}\"},\"query-input\":{\"@type\":\"PropertyValueSpecification\",\"valueRequired\":true,\"valueName\":\"search_term_string\"}}],\"inLanguage\":\"en-US\"},{\"@type\":\"Organization\",\"@id\":\"https:\\\/\\\/www.edesia.al\\\/#organization\",\"name\":\"Edesia\",\"url\":\"https:\\\/\\\/www.edesia.al\\\/\",\"logo\":{\"@type\":\"ImageObject\",\"inLanguage\":\"en-US\",\"@id\":\"https:\\\/\\\/www.edesia.al\\\/#\\\/schema\\\/logo\\\/image\\\/\",\"url\":\"https:\\\/\\\/www.edesia.al\\\/wp-content\\\/uploads\\\/2026\\\/02\\\/Logo-Edesia-no-background.png\",\"contentUrl\":\"https:\\\/\\\/www.edesia.al\\\/wp-content\\\/uploads\\\/2026\\\/02\\\/Logo-Edesia-no-background.png\",\"width\":293,\"height\":158,\"caption\":\"Edesia\"},\"image\":{\"@id\":\"https:\\\/\\\/www.edesia.al\\\/#\\\/schema\\\/logo\\\/image\\\/\"}}]}<\/script>\n<!-- \/ Yoast SEO plugin. -->","yoast_head_json":{"title":"K\u00ebna egjiptiane - Edesia","robots":{"index":"index","follow":"follow","max-snippet":"max-snippet:-1","max-image-preview":"max-image-preview:large","max-video-preview":"max-video-preview:-1"},"canonical":"https:\/\/www.edesia.al\/?product=kena-egjiptiane","og_locale":"en_US","og_type":"article","og_title":"K\u00ebna egjiptiane - Edesia","og_description":"K\u00ebna egjiptiane Benefitet e k\u00ebnas egjiptiane jane: Ngjyrosje\u00a0natyrale e flok\u00ebve Jep\u00a0theksime intensive t\u00eb kuqe I b\u00ebn flok\u00ebt me\u00a0shk\u00eblqim Lufton zbokthin dhe mbuluse e thinjave U jep volum dhe but\u00ebsi flok\u00ebve &nbsp; P\u00ebrdorimi: P\u00ebrzieni me uj\u00eb t\u00eb vak\u00ebt deri sa t\u00eb merrni nj\u00eb mas\u00eb homogjene, si dhe mund t\u00eb shtoni edhe vaj esencial rozmarine dhe vaj[...]","og_url":"https:\/\/www.edesia.al\/?product=kena-egjiptiane","og_site_name":"Edesia","article_modified_time":"2026-02-16T21:13:28+00:00","twitter_card":"summary_large_image","schema":{"@context":"https:\/\/schema.org","@graph":[{"@type":"WebPage","@id":"https:\/\/www.edesia.al\/?product=kena-egjiptiane","url":"https:\/\/www.edesia.al\/?product=kena-egjiptiane","name":"K\u00ebna egjiptiane - Edesia","isPartOf":{"@id":"https:\/\/www.edesia.al\/#website"},"datePublished":"2026-02-16T21:13:09+00:00","dateModified":"2026-02-16T21:13:28+00:00","breadcrumb":{"@id":"https:\/\/www.edesia.al\/?product=kena-egjiptiane#breadcrumb"},"inLanguage":"en-US","potentialAction":[{"@type":"ReadAction","target":["https:\/\/www.edesia.al\/?product=kena-egjiptiane"]}]},{"@type":"BreadcrumbList","@id":"https:\/\/www.edesia.al\/?product=kena-egjiptiane#breadcrumb","itemListElement":[{"@type":"ListItem","position":1,"name":"Home","item":"https:\/\/www.edesia.al\/"},{"@type":"ListItem","position":2,"name":"Dyqani","item":"https:\/\/www.edesia.al\/?page_id=17"},{"@type":"ListItem","position":3,"name":"K\u00ebna egjiptiane"}]},{"@type":"WebSite","@id":"https:\/\/www.edesia.al\/#website","url":"https:\/\/www.edesia.al\/","name":"Edesia","description":"","publisher":{"@id":"https:\/\/www.edesia.al\/#organization"},"potentialAction":[{"@type":"SearchAction","target":{"@type":"EntryPoint","urlTemplate":"https:\/\/www.edesia.al\/?s={search_term_string}"},"query-input":{"@type":"PropertyValueSpecification","valueRequired":true,"valueName":"search_term_string"}}],"inLanguage":"en-US"},{"@type":"Organization","@id":"https:\/\/www.edesia.al\/#organization","name":"Edesia","url":"https:\/\/www.edesia.al\/","logo":{"@type":"ImageObject","inLanguage":"en-US","@id":"https:\/\/www.edesia.al\/#\/schema\/logo\/image\/","url":"https:\/\/www.edesia.al\/wp-content\/uploads\/2026\/02\/Logo-Edesia-no-background.png","contentUrl":"https:\/\/www.edesia.al\/wp-content\/uploads\/2026\/02\/Logo-Edesia-no-background.png","width":293,"height":158,"caption":"Edesia"},"image":{"@id":"https:\/\/www.edesia.al\/#\/schema\/logo\/image\/"}}]}},"_links":{"self":[{"href":"https:\/\/www.edesia.al\/index.php?rest_route=\/wp\/v2\/product\/7119","targetHints":{"allow":["GET"]}}],"collection":[{"href":"https:\/\/www.edesia.al\/index.php?rest_route=\/wp\/v2\/product"}],"about":[{"href":"https:\/\/www.edesia.al\/index.php?rest_route=\/wp\/v2\/types\/product"}],"replies":[{"embeddable":true,"href":"https:\/\/www.edesia.al\/index.php?rest_route=%2Fwp%2Fv2%2Fcomments&post=7119"}],"wp:attachment":[{"href":"https:\/\/www.edesia.al\/index.php?rest_route=%2Fwp%2Fv2%2Fmedia&parent=7119"}],"wp:term":[{"taxonomy":"kategori-sipas-dietave","embeddable":true,"href":"https:\/\/www.edesia.al\/index.php?rest_route=%2Fwp%2Fv2%2Fkategori-sipas-dietave&post=7119"},{"taxonomy":"kategori-sipas-problemeve-shende","embeddable":true,"href":"https:\/\/www.edesia.al\/index.php?rest_route=%2Fwp%2Fv2%2Fkategori-sipas-problemeve-shende&post=7119"},{"taxonomy":"product_brand","embeddable":true,"href":"https:\/\/www.edesia.al\/index.php?rest_route=%2Fwp%2Fv2%2Fproduct_brand&post=7119"},{"taxonomy":"product_cat","embeddable":true,"href":"https:\/\/www.edesia.al\/index.php?rest_route=%2Fwp%2Fv2%2Fproduct_cat&post=7119"},{"taxonomy":"product_tag","embeddable":true,"href":"https:\/\/www.edesia.al\/index.php?rest_route=%2Fwp%2Fv2%2Fproduct_tag&post=7119"}],"curies":[{"name":"wp","href":"https:\/\/api.w.org\/{rel}","templated":true}]}}