{"id":7120,"date":"2026-02-16T21:13:09","date_gmt":"2026-02-16T21:13:09","guid":{"rendered":"https:\/\/www.edesia.al\/?post_type=product&#038;p=7120"},"modified":"2026-02-25T17:26:08","modified_gmt":"2026-02-25T17:26:08","slug":"caj-mente","status":"publish","type":"product","link":"https:\/\/www.edesia.al\/?product=caj-mente","title":{"rendered":"\u00c7aj Mente"},"content":{"rendered":"<h3>\u00c7aj Mente 50g<\/h3>\n<p>Menta \u00ebsht\u00eb nj\u00eb bim\u00eb q\u00eb njihet q\u00eb nga antikiteti p\u00ebr t\u00eb mirat e shumta q\u00eb i ofron sh\u00ebndetit ton\u00eb. I p\u00ebrket familjes labiate, t\u00eb llojit menta dhe \u00ebsht\u00eb n\u00eb forma t\u00eb ndryshme (peppermint, spermint dhe nenxhik)<\/p>\n<p>Ajo p\u00ebrmban uj\u00eb, fibra, proteina, shum\u00eb minerale (kalcium, kalium, magnez, fosfor, natrium), vitamina (t\u00eb grupit A, B, C e D) dhe aminoacide.<\/p>\n<p><strong>Disa nga p\u00ebrfitimet e \u00e7ajit t\u00eb mentes jane<\/strong>:<\/p>\n<ul>\n<li>Lufton infeksionet n\u00eb goj\u00eb dhe rrug\u00ebt e frym\u00ebmarrjes,<\/li>\n<li>Pastron mushk\u00ebrit\u00eb,<\/li>\n<li>Qet\u00ebson koll\u00ebn,<\/li>\n<li>Rrallon krizat e astm\u00ebs,<\/li>\n<li>Esht\u00eb analgjetik qet\u00ebson dhimbjet e kok\u00ebs dhe migren\u00ebs,<\/li>\n<li>Ka veti antiseptike dhe antiparazitare qe vjen nga p\u00ebrmbajtja e polifenolit n\u00eb t\u00eb.<\/li>\n<\/ul>\n<p><strong>P\u00ebrdorimi:<\/strong> Zieni\u00a0 2-3 lug\u00eb caji gjethet e mentes dhe mund ta konsumoni gjat\u00eb gjith\u00eb dit\u00ebs.<\/p>\n<p>&nbsp;<\/p>\n","protected":false},"excerpt":{"rendered":"<p>\u00c7aj Mente 50g Menta \u00ebsht\u00eb nj\u00eb bim\u00eb q\u00eb njihet q\u00eb nga antikiteti p\u00ebr t\u00eb mirat e shumta q\u00eb i ofron sh\u00ebndetit ton\u00eb. I p\u00ebrket familjes labiate, t\u00eb llojit menta dhe \u00ebsht\u00eb n\u00eb forma t\u00eb ndryshme (peppermint, spermint dhe nenxhik) Ajo p\u00ebrmban uj\u00eb, fibra, proteina, shum\u00eb minerale (kalcium, kalium, magnez, fosfor, natrium), vitamina (t\u00eb grupit A,[&#8230;]<\/p>\n","protected":false},"featured_media":7145,"comment_status":"open","ping_status":"closed","template":"","meta":{"_acf_changed":false,"inline_featured_image":false},"kategori-sipas-dietave":[],"kategori-sipas-problemeve-shende":[],"product_brand":[35],"product_cat":[27,81],"product_tag":[168,190],"class_list":{"0":"post-7120","1":"product","2":"type-product","3":"status-publish","4":"has-post-thumbnail","6":"product_brand-sonnentor-sh-p-k","7":"product_cat-bime-mjekesore","8":"product_cat-caj-bime-mjekesore","9":"product_tag-caj","10":"product_tag-mente","12":"first","13":"instock","14":"taxable","15":"shipping-taxable","16":"purchasable","17":"product-type-simple"},"acf":[],"yoast_head":"<!-- This site is optimized with the Yoast SEO plugin v27.4 - https:\/\/yoast.com\/product\/yoast-seo-wordpress\/ -->\n<title>\u00c7aj Mente - Edesia<\/title>\n<meta name=\"robots\" content=\"index, follow, max-snippet:-1, max-image-preview:large, max-video-preview:-1\" \/>\n<link rel=\"canonical\" href=\"https:\/\/www.edesia.al\/?product=caj-mente\" \/>\n<meta property=\"og:locale\" content=\"en_US\" \/>\n<meta property=\"og:type\" content=\"article\" \/>\n<meta property=\"og:title\" content=\"\u00c7aj Mente - Edesia\" \/>\n<meta property=\"og:description\" content=\"\u00c7aj Mente 50g Menta \u00ebsht\u00eb nj\u00eb bim\u00eb q\u00eb njihet q\u00eb nga antikiteti p\u00ebr t\u00eb mirat e shumta q\u00eb i ofron sh\u00ebndetit ton\u00eb. I p\u00ebrket familjes labiate, t\u00eb llojit menta dhe \u00ebsht\u00eb n\u00eb forma t\u00eb ndryshme (peppermint, spermint dhe nenxhik) Ajo p\u00ebrmban uj\u00eb, fibra, proteina, shum\u00eb minerale (kalcium, kalium, magnez, fosfor, natrium), vitamina (t\u00eb grupit A,[...]\" \/>\n<meta property=\"og:url\" content=\"https:\/\/www.edesia.al\/?product=caj-mente\" \/>\n<meta property=\"og:site_name\" content=\"Edesia\" \/>\n<meta property=\"article:modified_time\" content=\"2026-02-25T17:26:08+00:00\" \/>\n<meta property=\"og:image\" content=\"https:\/\/www.edesia.al\/wp-content\/uploads\/2026\/02\/00209_Pfefferminze-lose-1.webp\" \/>\n\t<meta property=\"og:image:width\" content=\"593\" \/>\n\t<meta property=\"og:image:height\" content=\"593\" \/>\n\t<meta property=\"og:image:type\" content=\"image\/webp\" \/>\n<meta name=\"twitter:card\" content=\"summary_large_image\" \/>\n<meta name=\"twitter:label1\" content=\"Est. reading time\" \/>\n\t<meta name=\"twitter:data1\" content=\"1 minute\" \/>\n<script type=\"application\/ld+json\" class=\"yoast-schema-graph\">{\"@context\":\"https:\\\/\\\/schema.org\",\"@graph\":[{\"@type\":\"WebPage\",\"@id\":\"https:\\\/\\\/www.edesia.al\\\/?product=caj-mente\",\"url\":\"https:\\\/\\\/www.edesia.al\\\/?product=caj-mente\",\"name\":\"\u00c7aj Mente - Edesia\",\"isPartOf\":{\"@id\":\"https:\\\/\\\/www.edesia.al\\\/#website\"},\"primaryImageOfPage\":{\"@id\":\"https:\\\/\\\/www.edesia.al\\\/?product=caj-mente#primaryimage\"},\"image\":{\"@id\":\"https:\\\/\\\/www.edesia.al\\\/?product=caj-mente#primaryimage\"},\"thumbnailUrl\":\"https:\\\/\\\/www.edesia.al\\\/wp-content\\\/uploads\\\/2026\\\/02\\\/00209_Pfefferminze-lose-1.webp\",\"datePublished\":\"2026-02-16T21:13:09+00:00\",\"dateModified\":\"2026-02-25T17:26:08+00:00\",\"breadcrumb\":{\"@id\":\"https:\\\/\\\/www.edesia.al\\\/?product=caj-mente#breadcrumb\"},\"inLanguage\":\"en-US\",\"potentialAction\":[{\"@type\":\"ReadAction\",\"target\":[\"https:\\\/\\\/www.edesia.al\\\/?product=caj-mente\"]}]},{\"@type\":\"ImageObject\",\"inLanguage\":\"en-US\",\"@id\":\"https:\\\/\\\/www.edesia.al\\\/?product=caj-mente#primaryimage\",\"url\":\"https:\\\/\\\/www.edesia.al\\\/wp-content\\\/uploads\\\/2026\\\/02\\\/00209_Pfefferminze-lose-1.webp\",\"contentUrl\":\"https:\\\/\\\/www.edesia.al\\\/wp-content\\\/uploads\\\/2026\\\/02\\\/00209_Pfefferminze-lose-1.webp\",\"width\":593,\"height\":593},{\"@type\":\"BreadcrumbList\",\"@id\":\"https:\\\/\\\/www.edesia.al\\\/?product=caj-mente#breadcrumb\",\"itemListElement\":[{\"@type\":\"ListItem\",\"position\":1,\"name\":\"Home\",\"item\":\"https:\\\/\\\/www.edesia.al\\\/\"},{\"@type\":\"ListItem\",\"position\":2,\"name\":\"Dyqani\",\"item\":\"https:\\\/\\\/www.edesia.al\\\/?page_id=17\"},{\"@type\":\"ListItem\",\"position\":3,\"name\":\"\u00c7aj Mente\"}]},{\"@type\":\"WebSite\",\"@id\":\"https:\\\/\\\/www.edesia.al\\\/#website\",\"url\":\"https:\\\/\\\/www.edesia.al\\\/\",\"name\":\"Edesia\",\"description\":\"\",\"publisher\":{\"@id\":\"https:\\\/\\\/www.edesia.al\\\/#organization\"},\"potentialAction\":[{\"@type\":\"SearchAction\",\"target\":{\"@type\":\"EntryPoint\",\"urlTemplate\":\"https:\\\/\\\/www.edesia.al\\\/?s={search_term_string}\"},\"query-input\":{\"@type\":\"PropertyValueSpecification\",\"valueRequired\":true,\"valueName\":\"search_term_string\"}}],\"inLanguage\":\"en-US\"},{\"@type\":\"Organization\",\"@id\":\"https:\\\/\\\/www.edesia.al\\\/#organization\",\"name\":\"Edesia\",\"url\":\"https:\\\/\\\/www.edesia.al\\\/\",\"logo\":{\"@type\":\"ImageObject\",\"inLanguage\":\"en-US\",\"@id\":\"https:\\\/\\\/www.edesia.al\\\/#\\\/schema\\\/logo\\\/image\\\/\",\"url\":\"https:\\\/\\\/www.edesia.al\\\/wp-content\\\/uploads\\\/2026\\\/02\\\/Logo-Edesia-no-background.png\",\"contentUrl\":\"https:\\\/\\\/www.edesia.al\\\/wp-content\\\/uploads\\\/2026\\\/02\\\/Logo-Edesia-no-background.png\",\"width\":293,\"height\":158,\"caption\":\"Edesia\"},\"image\":{\"@id\":\"https:\\\/\\\/www.edesia.al\\\/#\\\/schema\\\/logo\\\/image\\\/\"}}]}<\/script>\n<!-- \/ Yoast SEO plugin. -->","yoast_head_json":{"title":"\u00c7aj Mente - Edesia","robots":{"index":"index","follow":"follow","max-snippet":"max-snippet:-1","max-image-preview":"max-image-preview:large","max-video-preview":"max-video-preview:-1"},"canonical":"https:\/\/www.edesia.al\/?product=caj-mente","og_locale":"en_US","og_type":"article","og_title":"\u00c7aj Mente - Edesia","og_description":"\u00c7aj Mente 50g Menta \u00ebsht\u00eb nj\u00eb bim\u00eb q\u00eb njihet q\u00eb nga antikiteti p\u00ebr t\u00eb mirat e shumta q\u00eb i ofron sh\u00ebndetit ton\u00eb. I p\u00ebrket familjes labiate, t\u00eb llojit menta dhe \u00ebsht\u00eb n\u00eb forma t\u00eb ndryshme (peppermint, spermint dhe nenxhik) Ajo p\u00ebrmban uj\u00eb, fibra, proteina, shum\u00eb minerale (kalcium, kalium, magnez, fosfor, natrium), vitamina (t\u00eb grupit A,[...]","og_url":"https:\/\/www.edesia.al\/?product=caj-mente","og_site_name":"Edesia","article_modified_time":"2026-02-25T17:26:08+00:00","og_image":[{"width":593,"height":593,"url":"https:\/\/www.edesia.al\/wp-content\/uploads\/2026\/02\/00209_Pfefferminze-lose-1.webp","type":"image\/webp"}],"twitter_card":"summary_large_image","twitter_misc":{"Est. reading time":"1 minute"},"schema":{"@context":"https:\/\/schema.org","@graph":[{"@type":"WebPage","@id":"https:\/\/www.edesia.al\/?product=caj-mente","url":"https:\/\/www.edesia.al\/?product=caj-mente","name":"\u00c7aj Mente - Edesia","isPartOf":{"@id":"https:\/\/www.edesia.al\/#website"},"primaryImageOfPage":{"@id":"https:\/\/www.edesia.al\/?product=caj-mente#primaryimage"},"image":{"@id":"https:\/\/www.edesia.al\/?product=caj-mente#primaryimage"},"thumbnailUrl":"https:\/\/www.edesia.al\/wp-content\/uploads\/2026\/02\/00209_Pfefferminze-lose-1.webp","datePublished":"2026-02-16T21:13:09+00:00","dateModified":"2026-02-25T17:26:08+00:00","breadcrumb":{"@id":"https:\/\/www.edesia.al\/?product=caj-mente#breadcrumb"},"inLanguage":"en-US","potentialAction":[{"@type":"ReadAction","target":["https:\/\/www.edesia.al\/?product=caj-mente"]}]},{"@type":"ImageObject","inLanguage":"en-US","@id":"https:\/\/www.edesia.al\/?product=caj-mente#primaryimage","url":"https:\/\/www.edesia.al\/wp-content\/uploads\/2026\/02\/00209_Pfefferminze-lose-1.webp","contentUrl":"https:\/\/www.edesia.al\/wp-content\/uploads\/2026\/02\/00209_Pfefferminze-lose-1.webp","width":593,"height":593},{"@type":"BreadcrumbList","@id":"https:\/\/www.edesia.al\/?product=caj-mente#breadcrumb","itemListElement":[{"@type":"ListItem","position":1,"name":"Home","item":"https:\/\/www.edesia.al\/"},{"@type":"ListItem","position":2,"name":"Dyqani","item":"https:\/\/www.edesia.al\/?page_id=17"},{"@type":"ListItem","position":3,"name":"\u00c7aj Mente"}]},{"@type":"WebSite","@id":"https:\/\/www.edesia.al\/#website","url":"https:\/\/www.edesia.al\/","name":"Edesia","description":"","publisher":{"@id":"https:\/\/www.edesia.al\/#organization"},"potentialAction":[{"@type":"SearchAction","target":{"@type":"EntryPoint","urlTemplate":"https:\/\/www.edesia.al\/?s={search_term_string}"},"query-input":{"@type":"PropertyValueSpecification","valueRequired":true,"valueName":"search_term_string"}}],"inLanguage":"en-US"},{"@type":"Organization","@id":"https:\/\/www.edesia.al\/#organization","name":"Edesia","url":"https:\/\/www.edesia.al\/","logo":{"@type":"ImageObject","inLanguage":"en-US","@id":"https:\/\/www.edesia.al\/#\/schema\/logo\/image\/","url":"https:\/\/www.edesia.al\/wp-content\/uploads\/2026\/02\/Logo-Edesia-no-background.png","contentUrl":"https:\/\/www.edesia.al\/wp-content\/uploads\/2026\/02\/Logo-Edesia-no-background.png","width":293,"height":158,"caption":"Edesia"},"image":{"@id":"https:\/\/www.edesia.al\/#\/schema\/logo\/image\/"}}]}},"_links":{"self":[{"href":"https:\/\/www.edesia.al\/index.php?rest_route=\/wp\/v2\/product\/7120","targetHints":{"allow":["GET"]}}],"collection":[{"href":"https:\/\/www.edesia.al\/index.php?rest_route=\/wp\/v2\/product"}],"about":[{"href":"https:\/\/www.edesia.al\/index.php?rest_route=\/wp\/v2\/types\/product"}],"replies":[{"embeddable":true,"href":"https:\/\/www.edesia.al\/index.php?rest_route=%2Fwp%2Fv2%2Fcomments&post=7120"}],"wp:featuredmedia":[{"embeddable":true,"href":"https:\/\/www.edesia.al\/index.php?rest_route=\/wp\/v2\/media\/7145"}],"wp:attachment":[{"href":"https:\/\/www.edesia.al\/index.php?rest_route=%2Fwp%2Fv2%2Fmedia&parent=7120"}],"wp:term":[{"taxonomy":"kategori-sipas-dietave","embeddable":true,"href":"https:\/\/www.edesia.al\/index.php?rest_route=%2Fwp%2Fv2%2Fkategori-sipas-dietave&post=7120"},{"taxonomy":"kategori-sipas-problemeve-shende","embeddable":true,"href":"https:\/\/www.edesia.al\/index.php?rest_route=%2Fwp%2Fv2%2Fkategori-sipas-problemeve-shende&post=7120"},{"taxonomy":"product_brand","embeddable":true,"href":"https:\/\/www.edesia.al\/index.php?rest_route=%2Fwp%2Fv2%2Fproduct_brand&post=7120"},{"taxonomy":"product_cat","embeddable":true,"href":"https:\/\/www.edesia.al\/index.php?rest_route=%2Fwp%2Fv2%2Fproduct_cat&post=7120"},{"taxonomy":"product_tag","embeddable":true,"href":"https:\/\/www.edesia.al\/index.php?rest_route=%2Fwp%2Fv2%2Fproduct_tag&post=7120"}],"curies":[{"name":"wp","href":"https:\/\/api.w.org\/{rel}","templated":true}]}}