{"id":7123,"date":"2026-02-16T21:13:10","date_gmt":"2026-02-16T21:13:10","guid":{"rendered":"https:\/\/www.edesia.al\/?post_type=product&#038;p=7123"},"modified":"2026-02-16T21:13:36","modified_gmt":"2026-02-16T21:13:36","slug":"fiber-bizele","status":"publish","type":"product","link":"https:\/\/www.edesia.al\/?product=fiber-bizele","title":{"rendered":"Fib\u00ebr Bizele"},"content":{"rendered":"<h3>Fib\u00ebr Bizele 150 gr<\/h3>\n<p>Bizelet jan\u00eb nj\u00eb ushqim shum\u00eb i r\u00ebnd\u00ebsish\u00ebm p\u00ebr t\u00eb forcuar mbrojtjen natyrore t\u00eb organizmit, duke nxitur diurez\u00ebn, funksionimin e duhur intestinal dhe duke riekuilibruar pun\u00ebn e zemr\u00ebs.<\/p>\n<p>Bizelet ndihmojn\u00eb tretjen dhe p\u00ebrmir\u00ebsojn\u00eb nivelin e metabolizmit. Dieta e sh\u00ebndetshme dhe e pasur n\u00eb fibra pastron traktin digjestiv nga toksinat, p\u00ebrmir\u00ebson sh\u00ebndetin e zorr\u00ebve, trajton kapsll\u00ebkun dhe ul rrezikun p\u00ebr s\u00ebmundje gastrointestinale dhe kancerin e zorr\u00ebn s\u00eb trash\u00eb.<\/p>\n<p>Kjo Fib\u00ebr Bizele vjen n\u00eb form\u00eb pluhur q\u00eb rekomandohet t\u00eb shtohet si lidh\u00ebs n\u00eb miellrat pa gluten.<\/p>\n","protected":false},"excerpt":{"rendered":"<p>Fib\u00ebr Bizele 150 gr Bizelet jan\u00eb nj\u00eb ushqim shum\u00eb i r\u00ebnd\u00ebsish\u00ebm p\u00ebr t\u00eb forcuar mbrojtjen natyrore t\u00eb organizmit, duke nxitur diurez\u00ebn, funksionimin e duhur intestinal dhe duke riekuilibruar pun\u00ebn e zemr\u00ebs. Bizelet ndihmojn\u00eb tretjen dhe p\u00ebrmir\u00ebsojn\u00eb nivelin e metabolizmit. Dieta e sh\u00ebndetshme dhe e pasur n\u00eb fibra pastron traktin digjestiv nga toksinat, p\u00ebrmir\u00ebson sh\u00ebndetin e[&#8230;]<\/p>\n","protected":false},"featured_media":7175,"comment_status":"open","ping_status":"closed","template":"","meta":{"_acf_changed":false,"inline_featured_image":false},"kategori-sipas-dietave":[],"kategori-sipas-problemeve-shende":[],"product_brand":[],"product_cat":[26],"product_tag":[],"class_list":{"0":"post-7123","1":"product","2":"type-product","3":"status-publish","4":"has-post-thumbnail","6":"product_cat-ushqime-bio","8":"first","9":"instock","10":"taxable","11":"shipping-taxable","12":"purchasable","13":"product-type-simple"},"acf":[],"yoast_head":"<!-- This site is optimized with the Yoast SEO plugin v27.4 - https:\/\/yoast.com\/product\/yoast-seo-wordpress\/ -->\n<title>Fib\u00ebr Bizele - Edesia<\/title>\n<meta name=\"robots\" content=\"index, follow, max-snippet:-1, max-image-preview:large, max-video-preview:-1\" \/>\n<link rel=\"canonical\" href=\"https:\/\/www.edesia.al\/?product=fiber-bizele\" \/>\n<meta property=\"og:locale\" content=\"en_US\" \/>\n<meta property=\"og:type\" content=\"article\" \/>\n<meta property=\"og:title\" content=\"Fib\u00ebr Bizele - Edesia\" \/>\n<meta property=\"og:description\" content=\"Fib\u00ebr Bizele 150 gr Bizelet jan\u00eb nj\u00eb ushqim shum\u00eb i r\u00ebnd\u00ebsish\u00ebm p\u00ebr t\u00eb forcuar mbrojtjen natyrore t\u00eb organizmit, duke nxitur diurez\u00ebn, funksionimin e duhur intestinal dhe duke riekuilibruar pun\u00ebn e zemr\u00ebs. Bizelet ndihmojn\u00eb tretjen dhe p\u00ebrmir\u00ebsojn\u00eb nivelin e metabolizmit. Dieta e sh\u00ebndetshme dhe e pasur n\u00eb fibra pastron traktin digjestiv nga toksinat, p\u00ebrmir\u00ebson sh\u00ebndetin e[...]\" \/>\n<meta property=\"og:url\" content=\"https:\/\/www.edesia.al\/?product=fiber-bizele\" \/>\n<meta property=\"og:site_name\" content=\"Edesia\" \/>\n<meta property=\"article:modified_time\" content=\"2026-02-16T21:13:36+00:00\" \/>\n<meta property=\"og:image\" content=\"https:\/\/www.edesia.al\/wp-content\/uploads\/2026\/02\/221029881-1.png\" \/>\n\t<meta property=\"og:image:width\" content=\"500\" \/>\n\t<meta property=\"og:image:height\" content=\"500\" \/>\n\t<meta property=\"og:image:type\" content=\"image\/png\" \/>\n<meta name=\"twitter:card\" content=\"summary_large_image\" \/>\n<meta name=\"twitter:label1\" content=\"Est. reading time\" \/>\n\t<meta name=\"twitter:data1\" content=\"1 minute\" \/>\n<script type=\"application\/ld+json\" class=\"yoast-schema-graph\">{\"@context\":\"https:\\\/\\\/schema.org\",\"@graph\":[{\"@type\":\"WebPage\",\"@id\":\"https:\\\/\\\/www.edesia.al\\\/?product=fiber-bizele\",\"url\":\"https:\\\/\\\/www.edesia.al\\\/?product=fiber-bizele\",\"name\":\"Fib\u00ebr Bizele - Edesia\",\"isPartOf\":{\"@id\":\"https:\\\/\\\/www.edesia.al\\\/#website\"},\"primaryImageOfPage\":{\"@id\":\"https:\\\/\\\/www.edesia.al\\\/?product=fiber-bizele#primaryimage\"},\"image\":{\"@id\":\"https:\\\/\\\/www.edesia.al\\\/?product=fiber-bizele#primaryimage\"},\"thumbnailUrl\":\"https:\\\/\\\/www.edesia.al\\\/wp-content\\\/uploads\\\/2026\\\/02\\\/221029881-1.png\",\"datePublished\":\"2026-02-16T21:13:10+00:00\",\"dateModified\":\"2026-02-16T21:13:36+00:00\",\"breadcrumb\":{\"@id\":\"https:\\\/\\\/www.edesia.al\\\/?product=fiber-bizele#breadcrumb\"},\"inLanguage\":\"en-US\",\"potentialAction\":[{\"@type\":\"ReadAction\",\"target\":[\"https:\\\/\\\/www.edesia.al\\\/?product=fiber-bizele\"]}]},{\"@type\":\"ImageObject\",\"inLanguage\":\"en-US\",\"@id\":\"https:\\\/\\\/www.edesia.al\\\/?product=fiber-bizele#primaryimage\",\"url\":\"https:\\\/\\\/www.edesia.al\\\/wp-content\\\/uploads\\\/2026\\\/02\\\/221029881-1.png\",\"contentUrl\":\"https:\\\/\\\/www.edesia.al\\\/wp-content\\\/uploads\\\/2026\\\/02\\\/221029881-1.png\",\"width\":500,\"height\":500},{\"@type\":\"BreadcrumbList\",\"@id\":\"https:\\\/\\\/www.edesia.al\\\/?product=fiber-bizele#breadcrumb\",\"itemListElement\":[{\"@type\":\"ListItem\",\"position\":1,\"name\":\"Home\",\"item\":\"https:\\\/\\\/www.edesia.al\\\/\"},{\"@type\":\"ListItem\",\"position\":2,\"name\":\"Dyqani\",\"item\":\"https:\\\/\\\/www.edesia.al\\\/?page_id=17\"},{\"@type\":\"ListItem\",\"position\":3,\"name\":\"Fib\u00ebr Bizele\"}]},{\"@type\":\"WebSite\",\"@id\":\"https:\\\/\\\/www.edesia.al\\\/#website\",\"url\":\"https:\\\/\\\/www.edesia.al\\\/\",\"name\":\"Edesia\",\"description\":\"\",\"publisher\":{\"@id\":\"https:\\\/\\\/www.edesia.al\\\/#organization\"},\"potentialAction\":[{\"@type\":\"SearchAction\",\"target\":{\"@type\":\"EntryPoint\",\"urlTemplate\":\"https:\\\/\\\/www.edesia.al\\\/?s={search_term_string}\"},\"query-input\":{\"@type\":\"PropertyValueSpecification\",\"valueRequired\":true,\"valueName\":\"search_term_string\"}}],\"inLanguage\":\"en-US\"},{\"@type\":\"Organization\",\"@id\":\"https:\\\/\\\/www.edesia.al\\\/#organization\",\"name\":\"Edesia\",\"url\":\"https:\\\/\\\/www.edesia.al\\\/\",\"logo\":{\"@type\":\"ImageObject\",\"inLanguage\":\"en-US\",\"@id\":\"https:\\\/\\\/www.edesia.al\\\/#\\\/schema\\\/logo\\\/image\\\/\",\"url\":\"https:\\\/\\\/www.edesia.al\\\/wp-content\\\/uploads\\\/2026\\\/02\\\/Logo-Edesia-no-background.png\",\"contentUrl\":\"https:\\\/\\\/www.edesia.al\\\/wp-content\\\/uploads\\\/2026\\\/02\\\/Logo-Edesia-no-background.png\",\"width\":293,\"height\":158,\"caption\":\"Edesia\"},\"image\":{\"@id\":\"https:\\\/\\\/www.edesia.al\\\/#\\\/schema\\\/logo\\\/image\\\/\"}}]}<\/script>\n<!-- \/ Yoast SEO plugin. -->","yoast_head_json":{"title":"Fib\u00ebr Bizele - Edesia","robots":{"index":"index","follow":"follow","max-snippet":"max-snippet:-1","max-image-preview":"max-image-preview:large","max-video-preview":"max-video-preview:-1"},"canonical":"https:\/\/www.edesia.al\/?product=fiber-bizele","og_locale":"en_US","og_type":"article","og_title":"Fib\u00ebr Bizele - Edesia","og_description":"Fib\u00ebr Bizele 150 gr Bizelet jan\u00eb nj\u00eb ushqim shum\u00eb i r\u00ebnd\u00ebsish\u00ebm p\u00ebr t\u00eb forcuar mbrojtjen natyrore t\u00eb organizmit, duke nxitur diurez\u00ebn, funksionimin e duhur intestinal dhe duke riekuilibruar pun\u00ebn e zemr\u00ebs. Bizelet ndihmojn\u00eb tretjen dhe p\u00ebrmir\u00ebsojn\u00eb nivelin e metabolizmit. Dieta e sh\u00ebndetshme dhe e pasur n\u00eb fibra pastron traktin digjestiv nga toksinat, p\u00ebrmir\u00ebson sh\u00ebndetin e[...]","og_url":"https:\/\/www.edesia.al\/?product=fiber-bizele","og_site_name":"Edesia","article_modified_time":"2026-02-16T21:13:36+00:00","og_image":[{"width":500,"height":500,"url":"https:\/\/www.edesia.al\/wp-content\/uploads\/2026\/02\/221029881-1.png","type":"image\/png"}],"twitter_card":"summary_large_image","twitter_misc":{"Est. reading time":"1 minute"},"schema":{"@context":"https:\/\/schema.org","@graph":[{"@type":"WebPage","@id":"https:\/\/www.edesia.al\/?product=fiber-bizele","url":"https:\/\/www.edesia.al\/?product=fiber-bizele","name":"Fib\u00ebr Bizele - Edesia","isPartOf":{"@id":"https:\/\/www.edesia.al\/#website"},"primaryImageOfPage":{"@id":"https:\/\/www.edesia.al\/?product=fiber-bizele#primaryimage"},"image":{"@id":"https:\/\/www.edesia.al\/?product=fiber-bizele#primaryimage"},"thumbnailUrl":"https:\/\/www.edesia.al\/wp-content\/uploads\/2026\/02\/221029881-1.png","datePublished":"2026-02-16T21:13:10+00:00","dateModified":"2026-02-16T21:13:36+00:00","breadcrumb":{"@id":"https:\/\/www.edesia.al\/?product=fiber-bizele#breadcrumb"},"inLanguage":"en-US","potentialAction":[{"@type":"ReadAction","target":["https:\/\/www.edesia.al\/?product=fiber-bizele"]}]},{"@type":"ImageObject","inLanguage":"en-US","@id":"https:\/\/www.edesia.al\/?product=fiber-bizele#primaryimage","url":"https:\/\/www.edesia.al\/wp-content\/uploads\/2026\/02\/221029881-1.png","contentUrl":"https:\/\/www.edesia.al\/wp-content\/uploads\/2026\/02\/221029881-1.png","width":500,"height":500},{"@type":"BreadcrumbList","@id":"https:\/\/www.edesia.al\/?product=fiber-bizele#breadcrumb","itemListElement":[{"@type":"ListItem","position":1,"name":"Home","item":"https:\/\/www.edesia.al\/"},{"@type":"ListItem","position":2,"name":"Dyqani","item":"https:\/\/www.edesia.al\/?page_id=17"},{"@type":"ListItem","position":3,"name":"Fib\u00ebr Bizele"}]},{"@type":"WebSite","@id":"https:\/\/www.edesia.al\/#website","url":"https:\/\/www.edesia.al\/","name":"Edesia","description":"","publisher":{"@id":"https:\/\/www.edesia.al\/#organization"},"potentialAction":[{"@type":"SearchAction","target":{"@type":"EntryPoint","urlTemplate":"https:\/\/www.edesia.al\/?s={search_term_string}"},"query-input":{"@type":"PropertyValueSpecification","valueRequired":true,"valueName":"search_term_string"}}],"inLanguage":"en-US"},{"@type":"Organization","@id":"https:\/\/www.edesia.al\/#organization","name":"Edesia","url":"https:\/\/www.edesia.al\/","logo":{"@type":"ImageObject","inLanguage":"en-US","@id":"https:\/\/www.edesia.al\/#\/schema\/logo\/image\/","url":"https:\/\/www.edesia.al\/wp-content\/uploads\/2026\/02\/Logo-Edesia-no-background.png","contentUrl":"https:\/\/www.edesia.al\/wp-content\/uploads\/2026\/02\/Logo-Edesia-no-background.png","width":293,"height":158,"caption":"Edesia"},"image":{"@id":"https:\/\/www.edesia.al\/#\/schema\/logo\/image\/"}}]}},"_links":{"self":[{"href":"https:\/\/www.edesia.al\/index.php?rest_route=\/wp\/v2\/product\/7123","targetHints":{"allow":["GET"]}}],"collection":[{"href":"https:\/\/www.edesia.al\/index.php?rest_route=\/wp\/v2\/product"}],"about":[{"href":"https:\/\/www.edesia.al\/index.php?rest_route=\/wp\/v2\/types\/product"}],"replies":[{"embeddable":true,"href":"https:\/\/www.edesia.al\/index.php?rest_route=%2Fwp%2Fv2%2Fcomments&post=7123"}],"wp:featuredmedia":[{"embeddable":true,"href":"https:\/\/www.edesia.al\/index.php?rest_route=\/wp\/v2\/media\/7175"}],"wp:attachment":[{"href":"https:\/\/www.edesia.al\/index.php?rest_route=%2Fwp%2Fv2%2Fmedia&parent=7123"}],"wp:term":[{"taxonomy":"kategori-sipas-dietave","embeddable":true,"href":"https:\/\/www.edesia.al\/index.php?rest_route=%2Fwp%2Fv2%2Fkategori-sipas-dietave&post=7123"},{"taxonomy":"kategori-sipas-problemeve-shende","embeddable":true,"href":"https:\/\/www.edesia.al\/index.php?rest_route=%2Fwp%2Fv2%2Fkategori-sipas-problemeve-shende&post=7123"},{"taxonomy":"product_brand","embeddable":true,"href":"https:\/\/www.edesia.al\/index.php?rest_route=%2Fwp%2Fv2%2Fproduct_brand&post=7123"},{"taxonomy":"product_cat","embeddable":true,"href":"https:\/\/www.edesia.al\/index.php?rest_route=%2Fwp%2Fv2%2Fproduct_cat&post=7123"},{"taxonomy":"product_tag","embeddable":true,"href":"https:\/\/www.edesia.al\/index.php?rest_route=%2Fwp%2Fv2%2Fproduct_tag&post=7123"}],"curies":[{"name":"wp","href":"https:\/\/api.w.org\/{rel}","templated":true}]}}