{"id":7151,"date":"2026-02-16T21:13:31","date_gmt":"2026-02-16T21:13:31","guid":{"rendered":"https:\/\/www.edesia.al\/?post_type=product&#038;p=7151"},"modified":"2026-02-25T17:31:12","modified_gmt":"2026-02-25T17:31:12","slug":"vaj-jojoba","status":"publish","type":"product","link":"https:\/\/www.edesia.al\/?product=vaj-jojoba","title":{"rendered":"Vaj Jojoba"},"content":{"rendered":"<h3>Vaj Jojoba 100 ml<\/h3>\n<p>Vaj Jojoba ( Vaji i Far\u00ebs Simmondsia Chinensis) prodhohet duke p\u00ebrdorur metod\u00ebn e presimit n\u00eb t\u00eb ftoht\u00eb.<\/p>\n<p>Vaji jojoba \u00ebsht\u00eb nj\u00eb nga vajrat m\u00eb t\u00eb vlefsh\u00ebm t\u00eb kujdesit dhe bukuris\u00eb, p\u00ebrthithet shpejt dhe thell\u00eb nga l\u00ebkura, pa gjurm\u00eb yndyre, ka nj\u00eb aft\u00ebsi t\u00eb madhe p\u00ebrhapjeje, rregullon yndyr\u00ebn e l\u00ebkur\u00ebs dhe ruan hidratimin e saj. P\u00ebrmbajtja e tij e lart\u00eb e n\u00ebnprodukteve yndyrore dhe vitamin\u00ebs E ofron mbrojtje dhe but\u00ebs p\u00ebr l\u00ebkuren.<\/p>\n<p>Disa p\u00ebrfitime nga Vaj Jojoba:<\/p>\n<ul>\n<li>\u00a0Vaji Jojoba mbron nga dehidratim dhe vonon humbjen e ujit t\u00eb qelizave t\u00eb l\u00ebkur\u00ebs<\/li>\n<li style=\"font-weight: 400;\">Ushqyes, dep\u00ebrton thell\u00eb n\u00eb l\u00ebkur\u00eb pa l\u00ebn\u00eb n\u00eb sip\u00ebrfaqe yndyr\u00eb.<\/li>\n<li style=\"font-weight: 400;\">Vaj Jojoba \u00ebsht\u00eb njohur p\u00ebr efektin qet\u00ebsues dhe sh\u00ebrues.<\/li>\n<li style=\"font-weight: 400;\">Mbrojt\u00ebs, zbut\u00ebs dhe qet\u00ebsues, ai \u00ebsht\u00eb i p\u00ebrshtatsh\u00ebm p\u00ebr l\u00ebkurat e ndjeshme.<\/li>\n<li style=\"font-weight: 400;\">Efekti rigjenerues dhe anti-rrudh\u00eb q\u00eb ka vaji jojoba, mund\u00ebson mbajtjen e fleksibilitetit dhe elasticitetit t\u00eb l\u00ebkur\u00ebs .<\/li>\n<\/ul>\n<p>P\u00ebrdorimi: Mund t\u00eb p\u00ebrdoret si masazh p\u00ebr fytyr\u00ebn dhe p\u00ebr flok\u00ebt, si dhe p\u00ebr kujdesin pas depilimit.<\/p>\n","protected":false},"excerpt":{"rendered":"<p>Vaj Jojoba 100 ml Vaj Jojoba ( Vaji i Far\u00ebs Simmondsia Chinensis) prodhohet duke p\u00ebrdorur metod\u00ebn e presimit n\u00eb t\u00eb ftoht\u00eb. Vaji jojoba \u00ebsht\u00eb nj\u00eb nga vajrat m\u00eb t\u00eb vlefsh\u00ebm t\u00eb kujdesit dhe bukuris\u00eb, p\u00ebrthithet shpejt dhe thell\u00eb nga l\u00ebkura, pa gjurm\u00eb yndyre, ka nj\u00eb aft\u00ebsi t\u00eb madhe p\u00ebrhapjeje, rregullon yndyr\u00ebn e l\u00ebkur\u00ebs dhe ruan[&#8230;]<\/p>\n","protected":false},"featured_media":7179,"comment_status":"open","ping_status":"closed","template":"","meta":{"_acf_changed":false,"inline_featured_image":false},"kategori-sipas-dietave":[],"kategori-sipas-problemeve-shende":[],"product_brand":[96],"product_cat":[79,23],"product_tag":[193,192],"class_list":{"0":"post-7151","1":"product","2":"type-product","3":"status-publish","4":"has-post-thumbnail","6":"product_brand-beauty-life","7":"product_cat-kozmetike-kujdes-personal","8":"product_cat-vajra-kozmetike","9":"product_tag-jojoba","10":"product_tag-vajra-kozmetike","12":"first","13":"instock","14":"taxable","15":"shipping-taxable","16":"purchasable","17":"product-type-simple"},"acf":[],"yoast_head":"<!-- This site is optimized with the Yoast SEO plugin v27.4 - https:\/\/yoast.com\/product\/yoast-seo-wordpress\/ -->\n<title>Vaj Jojoba - Edesia<\/title>\n<meta name=\"robots\" content=\"index, follow, max-snippet:-1, max-image-preview:large, max-video-preview:-1\" \/>\n<link rel=\"canonical\" href=\"https:\/\/www.edesia.al\/?product=vaj-jojoba\" \/>\n<meta property=\"og:locale\" content=\"en_US\" \/>\n<meta property=\"og:type\" content=\"article\" \/>\n<meta property=\"og:title\" content=\"Vaj Jojoba - Edesia\" \/>\n<meta property=\"og:description\" content=\"Vaj Jojoba 100 ml Vaj Jojoba ( Vaji i Far\u00ebs Simmondsia Chinensis) prodhohet duke p\u00ebrdorur metod\u00ebn e presimit n\u00eb t\u00eb ftoht\u00eb. Vaji jojoba \u00ebsht\u00eb nj\u00eb nga vajrat m\u00eb t\u00eb vlefsh\u00ebm t\u00eb kujdesit dhe bukuris\u00eb, p\u00ebrthithet shpejt dhe thell\u00eb nga l\u00ebkura, pa gjurm\u00eb yndyre, ka nj\u00eb aft\u00ebsi t\u00eb madhe p\u00ebrhapjeje, rregullon yndyr\u00ebn e l\u00ebkur\u00ebs dhe ruan[...]\" \/>\n<meta property=\"og:url\" content=\"https:\/\/www.edesia.al\/?product=vaj-jojoba\" \/>\n<meta property=\"og:site_name\" content=\"Edesia\" \/>\n<meta property=\"article:modified_time\" content=\"2026-02-25T17:31:12+00:00\" \/>\n<meta property=\"og:image\" content=\"https:\/\/www.edesia.al\/wp-content\/uploads\/2026\/02\/Jojoba-1-600x600-1-1.jpg\" \/>\n\t<meta property=\"og:image:width\" content=\"500\" \/>\n\t<meta property=\"og:image:height\" content=\"500\" \/>\n\t<meta property=\"og:image:type\" content=\"image\/jpeg\" \/>\n<meta name=\"twitter:card\" content=\"summary_large_image\" \/>\n<meta name=\"twitter:label1\" content=\"Est. reading time\" \/>\n\t<meta name=\"twitter:data1\" content=\"1 minute\" \/>\n<script type=\"application\/ld+json\" class=\"yoast-schema-graph\">{\"@context\":\"https:\\\/\\\/schema.org\",\"@graph\":[{\"@type\":\"WebPage\",\"@id\":\"https:\\\/\\\/www.edesia.al\\\/?product=vaj-jojoba\",\"url\":\"https:\\\/\\\/www.edesia.al\\\/?product=vaj-jojoba\",\"name\":\"Vaj Jojoba - Edesia\",\"isPartOf\":{\"@id\":\"https:\\\/\\\/www.edesia.al\\\/#website\"},\"primaryImageOfPage\":{\"@id\":\"https:\\\/\\\/www.edesia.al\\\/?product=vaj-jojoba#primaryimage\"},\"image\":{\"@id\":\"https:\\\/\\\/www.edesia.al\\\/?product=vaj-jojoba#primaryimage\"},\"thumbnailUrl\":\"https:\\\/\\\/www.edesia.al\\\/wp-content\\\/uploads\\\/2026\\\/02\\\/Jojoba-1-600x600-1-1.jpg\",\"datePublished\":\"2026-02-16T21:13:31+00:00\",\"dateModified\":\"2026-02-25T17:31:12+00:00\",\"breadcrumb\":{\"@id\":\"https:\\\/\\\/www.edesia.al\\\/?product=vaj-jojoba#breadcrumb\"},\"inLanguage\":\"en-US\",\"potentialAction\":[{\"@type\":\"ReadAction\",\"target\":[\"https:\\\/\\\/www.edesia.al\\\/?product=vaj-jojoba\"]}]},{\"@type\":\"ImageObject\",\"inLanguage\":\"en-US\",\"@id\":\"https:\\\/\\\/www.edesia.al\\\/?product=vaj-jojoba#primaryimage\",\"url\":\"https:\\\/\\\/www.edesia.al\\\/wp-content\\\/uploads\\\/2026\\\/02\\\/Jojoba-1-600x600-1-1.jpg\",\"contentUrl\":\"https:\\\/\\\/www.edesia.al\\\/wp-content\\\/uploads\\\/2026\\\/02\\\/Jojoba-1-600x600-1-1.jpg\",\"width\":500,\"height\":500},{\"@type\":\"BreadcrumbList\",\"@id\":\"https:\\\/\\\/www.edesia.al\\\/?product=vaj-jojoba#breadcrumb\",\"itemListElement\":[{\"@type\":\"ListItem\",\"position\":1,\"name\":\"Home\",\"item\":\"https:\\\/\\\/www.edesia.al\\\/\"},{\"@type\":\"ListItem\",\"position\":2,\"name\":\"Dyqani\",\"item\":\"https:\\\/\\\/www.edesia.al\\\/?page_id=17\"},{\"@type\":\"ListItem\",\"position\":3,\"name\":\"Vaj Jojoba\"}]},{\"@type\":\"WebSite\",\"@id\":\"https:\\\/\\\/www.edesia.al\\\/#website\",\"url\":\"https:\\\/\\\/www.edesia.al\\\/\",\"name\":\"Edesia\",\"description\":\"\",\"publisher\":{\"@id\":\"https:\\\/\\\/www.edesia.al\\\/#organization\"},\"potentialAction\":[{\"@type\":\"SearchAction\",\"target\":{\"@type\":\"EntryPoint\",\"urlTemplate\":\"https:\\\/\\\/www.edesia.al\\\/?s={search_term_string}\"},\"query-input\":{\"@type\":\"PropertyValueSpecification\",\"valueRequired\":true,\"valueName\":\"search_term_string\"}}],\"inLanguage\":\"en-US\"},{\"@type\":\"Organization\",\"@id\":\"https:\\\/\\\/www.edesia.al\\\/#organization\",\"name\":\"Edesia\",\"url\":\"https:\\\/\\\/www.edesia.al\\\/\",\"logo\":{\"@type\":\"ImageObject\",\"inLanguage\":\"en-US\",\"@id\":\"https:\\\/\\\/www.edesia.al\\\/#\\\/schema\\\/logo\\\/image\\\/\",\"url\":\"https:\\\/\\\/www.edesia.al\\\/wp-content\\\/uploads\\\/2026\\\/02\\\/Logo-Edesia-no-background.png\",\"contentUrl\":\"https:\\\/\\\/www.edesia.al\\\/wp-content\\\/uploads\\\/2026\\\/02\\\/Logo-Edesia-no-background.png\",\"width\":293,\"height\":158,\"caption\":\"Edesia\"},\"image\":{\"@id\":\"https:\\\/\\\/www.edesia.al\\\/#\\\/schema\\\/logo\\\/image\\\/\"}}]}<\/script>\n<!-- \/ Yoast SEO plugin. -->","yoast_head_json":{"title":"Vaj Jojoba - Edesia","robots":{"index":"index","follow":"follow","max-snippet":"max-snippet:-1","max-image-preview":"max-image-preview:large","max-video-preview":"max-video-preview:-1"},"canonical":"https:\/\/www.edesia.al\/?product=vaj-jojoba","og_locale":"en_US","og_type":"article","og_title":"Vaj Jojoba - Edesia","og_description":"Vaj Jojoba 100 ml Vaj Jojoba ( Vaji i Far\u00ebs Simmondsia Chinensis) prodhohet duke p\u00ebrdorur metod\u00ebn e presimit n\u00eb t\u00eb ftoht\u00eb. Vaji jojoba \u00ebsht\u00eb nj\u00eb nga vajrat m\u00eb t\u00eb vlefsh\u00ebm t\u00eb kujdesit dhe bukuris\u00eb, p\u00ebrthithet shpejt dhe thell\u00eb nga l\u00ebkura, pa gjurm\u00eb yndyre, ka nj\u00eb aft\u00ebsi t\u00eb madhe p\u00ebrhapjeje, rregullon yndyr\u00ebn e l\u00ebkur\u00ebs dhe ruan[...]","og_url":"https:\/\/www.edesia.al\/?product=vaj-jojoba","og_site_name":"Edesia","article_modified_time":"2026-02-25T17:31:12+00:00","og_image":[{"width":500,"height":500,"url":"https:\/\/www.edesia.al\/wp-content\/uploads\/2026\/02\/Jojoba-1-600x600-1-1.jpg","type":"image\/jpeg"}],"twitter_card":"summary_large_image","twitter_misc":{"Est. reading time":"1 minute"},"schema":{"@context":"https:\/\/schema.org","@graph":[{"@type":"WebPage","@id":"https:\/\/www.edesia.al\/?product=vaj-jojoba","url":"https:\/\/www.edesia.al\/?product=vaj-jojoba","name":"Vaj Jojoba - Edesia","isPartOf":{"@id":"https:\/\/www.edesia.al\/#website"},"primaryImageOfPage":{"@id":"https:\/\/www.edesia.al\/?product=vaj-jojoba#primaryimage"},"image":{"@id":"https:\/\/www.edesia.al\/?product=vaj-jojoba#primaryimage"},"thumbnailUrl":"https:\/\/www.edesia.al\/wp-content\/uploads\/2026\/02\/Jojoba-1-600x600-1-1.jpg","datePublished":"2026-02-16T21:13:31+00:00","dateModified":"2026-02-25T17:31:12+00:00","breadcrumb":{"@id":"https:\/\/www.edesia.al\/?product=vaj-jojoba#breadcrumb"},"inLanguage":"en-US","potentialAction":[{"@type":"ReadAction","target":["https:\/\/www.edesia.al\/?product=vaj-jojoba"]}]},{"@type":"ImageObject","inLanguage":"en-US","@id":"https:\/\/www.edesia.al\/?product=vaj-jojoba#primaryimage","url":"https:\/\/www.edesia.al\/wp-content\/uploads\/2026\/02\/Jojoba-1-600x600-1-1.jpg","contentUrl":"https:\/\/www.edesia.al\/wp-content\/uploads\/2026\/02\/Jojoba-1-600x600-1-1.jpg","width":500,"height":500},{"@type":"BreadcrumbList","@id":"https:\/\/www.edesia.al\/?product=vaj-jojoba#breadcrumb","itemListElement":[{"@type":"ListItem","position":1,"name":"Home","item":"https:\/\/www.edesia.al\/"},{"@type":"ListItem","position":2,"name":"Dyqani","item":"https:\/\/www.edesia.al\/?page_id=17"},{"@type":"ListItem","position":3,"name":"Vaj Jojoba"}]},{"@type":"WebSite","@id":"https:\/\/www.edesia.al\/#website","url":"https:\/\/www.edesia.al\/","name":"Edesia","description":"","publisher":{"@id":"https:\/\/www.edesia.al\/#organization"},"potentialAction":[{"@type":"SearchAction","target":{"@type":"EntryPoint","urlTemplate":"https:\/\/www.edesia.al\/?s={search_term_string}"},"query-input":{"@type":"PropertyValueSpecification","valueRequired":true,"valueName":"search_term_string"}}],"inLanguage":"en-US"},{"@type":"Organization","@id":"https:\/\/www.edesia.al\/#organization","name":"Edesia","url":"https:\/\/www.edesia.al\/","logo":{"@type":"ImageObject","inLanguage":"en-US","@id":"https:\/\/www.edesia.al\/#\/schema\/logo\/image\/","url":"https:\/\/www.edesia.al\/wp-content\/uploads\/2026\/02\/Logo-Edesia-no-background.png","contentUrl":"https:\/\/www.edesia.al\/wp-content\/uploads\/2026\/02\/Logo-Edesia-no-background.png","width":293,"height":158,"caption":"Edesia"},"image":{"@id":"https:\/\/www.edesia.al\/#\/schema\/logo\/image\/"}}]}},"_links":{"self":[{"href":"https:\/\/www.edesia.al\/index.php?rest_route=\/wp\/v2\/product\/7151","targetHints":{"allow":["GET"]}}],"collection":[{"href":"https:\/\/www.edesia.al\/index.php?rest_route=\/wp\/v2\/product"}],"about":[{"href":"https:\/\/www.edesia.al\/index.php?rest_route=\/wp\/v2\/types\/product"}],"replies":[{"embeddable":true,"href":"https:\/\/www.edesia.al\/index.php?rest_route=%2Fwp%2Fv2%2Fcomments&post=7151"}],"wp:featuredmedia":[{"embeddable":true,"href":"https:\/\/www.edesia.al\/index.php?rest_route=\/wp\/v2\/media\/7179"}],"wp:attachment":[{"href":"https:\/\/www.edesia.al\/index.php?rest_route=%2Fwp%2Fv2%2Fmedia&parent=7151"}],"wp:term":[{"taxonomy":"kategori-sipas-dietave","embeddable":true,"href":"https:\/\/www.edesia.al\/index.php?rest_route=%2Fwp%2Fv2%2Fkategori-sipas-dietave&post=7151"},{"taxonomy":"kategori-sipas-problemeve-shende","embeddable":true,"href":"https:\/\/www.edesia.al\/index.php?rest_route=%2Fwp%2Fv2%2Fkategori-sipas-problemeve-shende&post=7151"},{"taxonomy":"product_brand","embeddable":true,"href":"https:\/\/www.edesia.al\/index.php?rest_route=%2Fwp%2Fv2%2Fproduct_brand&post=7151"},{"taxonomy":"product_cat","embeddable":true,"href":"https:\/\/www.edesia.al\/index.php?rest_route=%2Fwp%2Fv2%2Fproduct_cat&post=7151"},{"taxonomy":"product_tag","embeddable":true,"href":"https:\/\/www.edesia.al\/index.php?rest_route=%2Fwp%2Fv2%2Fproduct_tag&post=7151"}],"curies":[{"name":"wp","href":"https:\/\/api.w.org\/{rel}","templated":true}]}}