{"id":7153,"date":"2026-02-16T21:13:31","date_gmt":"2026-02-16T21:13:31","guid":{"rendered":"https:\/\/www.edesia.al\/?post_type=product&#038;p=7153"},"modified":"2026-02-25T17:32:28","modified_gmt":"2026-02-25T17:32:28","slug":"deodorant-mighty-mint","status":"publish","type":"product","link":"https:\/\/www.edesia.al\/?product=deodorant-mighty-mint","title":{"rendered":"Deodorant &#8220;Mighty Mint&#8221;"},"content":{"rendered":"<h3>Deodorant &#8220;Mighty Mint&#8221; 58 ml<\/h3>\n<p data-start=\"184\" data-end=\"519\">&#8220;Mighty Mint&#8221; \u00ebsht\u00eb nj\u00eb deodorant natyral me nj\u00eb arom\u00eb t\u00eb fresk\u00ebt e mente. Ideal p\u00ebr ata q\u00eb duan nj\u00eb ndjesi t\u00eb past\u00ebr\u00a0 gjat\u00eb gjith\u00eb dit\u00ebs. Ky deodorant stick p\u00ebrmban p\u00ebrb\u00ebr\u00ebs <strong data-start=\"423\" data-end=\"440\">100% natyral\u00eb<\/strong> dhe <strong data-start=\"445\" data-end=\"457\">organik\u00eb<\/strong>,\u00a0 kujdesen p\u00ebr l\u00ebkur\u00ebn pa e irrituar dhe pa bllokuar poret.<\/p>\n<p data-start=\"521\" data-end=\"550\">\ud83c\udf31 <strong data-start=\"524\" data-end=\"548\">P\u00ebrb\u00ebr\u00ebsit kryesor\u00eb:<\/strong><\/p>\n<ul data-start=\"551\" data-end=\"852\">\n<li data-start=\"551\" data-end=\"603\">\n<p data-start=\"553\" data-end=\"603\"><strong data-start=\"553\" data-end=\"575\">Vaj kokosi organik<\/strong> \u2013 ushqen dhe zbut l\u00ebkur\u00ebn<\/p>\n<\/li>\n<li data-start=\"604\" data-end=\"652\">\n<p data-start=\"606\" data-end=\"652\"><strong data-start=\"606\" data-end=\"619\">Soda buke<\/strong> \u2013 neutralizon aromat natyrsh\u00ebm<\/p>\n<\/li>\n<li data-start=\"653\" data-end=\"716\">\n<p data-start=\"655\" data-end=\"716\"><strong data-start=\"655\" data-end=\"673\">Niseshte misri<\/strong> \u2013 p\u00ebrthith lag\u00ebshtin\u00eb pa e thar\u00eb l\u00ebkur\u00ebn<\/p>\n<\/li>\n<li data-start=\"717\" data-end=\"770\">\n<p data-start=\"719\" data-end=\"770\"><strong data-start=\"719\" data-end=\"742\">Dyll\u00eb blete natyral<\/strong> \u2013 mbron but\u00ebsisht l\u00ebkur\u00ebn<\/p>\n<\/li>\n<li data-start=\"771\" data-end=\"852\">\n<p data-start=\"773\" data-end=\"852\"><strong data-start=\"773\" data-end=\"807\">Vaj esencial mente &amp; rozmarine<\/strong> \u2013 p\u00ebr nj\u00eb ndjesi t\u00eb fresket<\/p>\n<\/li>\n<\/ul>\n<p data-start=\"854\" data-end=\"885\">\u2705 <strong data-start=\"856\" data-end=\"883\">\u00c7far\u00eb e b\u00ebn t\u00eb ve\u00e7ant\u00eb:<\/strong><\/p>\n<ul data-start=\"886\" data-end=\"1134\">\n<li data-start=\"886\" data-end=\"914\">\n<p data-start=\"888\" data-end=\"914\"><strong data-start=\"888\" data-end=\"912\">100% bio dhe natyral<\/strong><\/p>\n<\/li>\n<li data-start=\"915\" data-end=\"964\">\n<p data-start=\"917\" data-end=\"964\"><strong data-start=\"917\" data-end=\"930\">Pa alumin<\/strong>, <strong data-start=\"932\" data-end=\"947\">pa parabene<\/strong>, <strong data-start=\"949\" data-end=\"962\">pa alkool<\/strong><\/p>\n<\/li>\n<li data-start=\"965\" data-end=\"1012\">\n<p data-start=\"967\" data-end=\"1012\"><strong data-start=\"967\" data-end=\"1010\">Efektiv p\u00ebr mbrojtje gjat\u00eb gjith\u00eb dit\u00ebs<\/strong><\/p>\n<\/li>\n<li data-start=\"1013\" data-end=\"1072\">\n<p data-start=\"1015\" data-end=\"1072\"><strong data-start=\"1015\" data-end=\"1040\">Arom\u00eb freskuese mente<\/strong> \u2013 perfekte p\u00ebr sport dhe ver\u00eb<\/p>\n<\/li>\n<li data-start=\"1073\" data-end=\"1134\">\n<p data-start=\"1075\" data-end=\"1134\"><strong data-start=\"1075\" data-end=\"1097\">Ambalazh ekologjik<\/strong> \u2013 zero plastik\u00eb, miq\u00ebsor me mjedisin<\/p>\n<\/li>\n<\/ul>\n<p data-start=\"1136\" data-end=\"1221\">\ud83d\udc9a Nj\u00eb zgjedhje e sh\u00ebndetshme, e freksket dhe e nd\u00ebrgjegjshme p\u00ebr trupin dhe planetin.<\/p>\n","protected":false},"excerpt":{"rendered":"<p>Deodorant bio n\u00eb stick me mente dhe rozmarin\u00eb. 100% natyral, pa alumin, me vaj kokosi dhe soda buke p\u00ebr mbrojtje freskuese dhe efektive gjat\u00eb gjith\u00eb dit\u00ebs.<\/p>\n","protected":false},"featured_media":7181,"comment_status":"open","ping_status":"closed","template":"","meta":{"_acf_changed":false,"inline_featured_image":false},"kategori-sipas-dietave":[],"kategori-sipas-problemeve-shende":[],"product_brand":[96],"product_cat":[24,79,23],"product_tag":[195],"class_list":{"0":"post-7153","1":"product","2":"type-product","3":"status-publish","4":"has-post-thumbnail","6":"product_brand-beauty-life","7":"product_cat-deodorante-natyrale","8":"product_cat-kozmetike-kujdes-personal","9":"product_cat-vajra-kozmetike","10":"product_tag-deodorante-natyral","12":"first","13":"instock","14":"taxable","15":"shipping-taxable","16":"purchasable","17":"product-type-simple"},"acf":[],"yoast_head":"<!-- This site is optimized with the Yoast SEO plugin v27.4 - https:\/\/yoast.com\/product\/yoast-seo-wordpress\/ -->\n<title>Deodorant &quot;Mighty Mint&quot; - Edesia<\/title>\n<meta name=\"robots\" content=\"index, follow, max-snippet:-1, max-image-preview:large, max-video-preview:-1\" \/>\n<link rel=\"canonical\" href=\"https:\/\/www.edesia.al\/?product=deodorant-mighty-mint\" \/>\n<meta property=\"og:locale\" content=\"en_US\" \/>\n<meta property=\"og:type\" content=\"article\" \/>\n<meta property=\"og:title\" content=\"Deodorant &quot;Mighty Mint&quot; - Edesia\" \/>\n<meta property=\"og:description\" content=\"Deodorant bio n\u00eb stick me mente dhe rozmarin\u00eb. 100% natyral, pa alumin, me vaj kokosi dhe soda buke p\u00ebr mbrojtje freskuese dhe efektive gjat\u00eb gjith\u00eb dit\u00ebs.\" \/>\n<meta property=\"og:url\" content=\"https:\/\/www.edesia.al\/?product=deodorant-mighty-mint\" \/>\n<meta property=\"og:site_name\" content=\"Edesia\" \/>\n<meta property=\"article:modified_time\" content=\"2026-02-25T17:32:28+00:00\" \/>\n<meta property=\"og:image\" content=\"https:\/\/www.edesia.al\/wp-content\/uploads\/2026\/02\/pol_pl_Dezodorant-w-sztyfcie-MIGHTY-MINT-We-love-the-planet-1580_1-1.jpg\" \/>\n\t<meta property=\"og:image:width\" content=\"448\" \/>\n\t<meta property=\"og:image:height\" content=\"519\" \/>\n\t<meta property=\"og:image:type\" content=\"image\/jpeg\" \/>\n<meta name=\"twitter:card\" content=\"summary_large_image\" \/>\n<meta name=\"twitter:label1\" content=\"Est. reading time\" \/>\n\t<meta name=\"twitter:data1\" content=\"1 minute\" \/>\n<script type=\"application\/ld+json\" class=\"yoast-schema-graph\">{\"@context\":\"https:\\\/\\\/schema.org\",\"@graph\":[{\"@type\":\"WebPage\",\"@id\":\"https:\\\/\\\/www.edesia.al\\\/?product=deodorant-mighty-mint\",\"url\":\"https:\\\/\\\/www.edesia.al\\\/?product=deodorant-mighty-mint\",\"name\":\"Deodorant \\\"Mighty Mint\\\" - Edesia\",\"isPartOf\":{\"@id\":\"https:\\\/\\\/www.edesia.al\\\/#website\"},\"primaryImageOfPage\":{\"@id\":\"https:\\\/\\\/www.edesia.al\\\/?product=deodorant-mighty-mint#primaryimage\"},\"image\":{\"@id\":\"https:\\\/\\\/www.edesia.al\\\/?product=deodorant-mighty-mint#primaryimage\"},\"thumbnailUrl\":\"https:\\\/\\\/www.edesia.al\\\/wp-content\\\/uploads\\\/2026\\\/02\\\/pol_pl_Dezodorant-w-sztyfcie-MIGHTY-MINT-We-love-the-planet-1580_1-1.jpg\",\"datePublished\":\"2026-02-16T21:13:31+00:00\",\"dateModified\":\"2026-02-25T17:32:28+00:00\",\"breadcrumb\":{\"@id\":\"https:\\\/\\\/www.edesia.al\\\/?product=deodorant-mighty-mint#breadcrumb\"},\"inLanguage\":\"en-US\",\"potentialAction\":[{\"@type\":\"ReadAction\",\"target\":[\"https:\\\/\\\/www.edesia.al\\\/?product=deodorant-mighty-mint\"]}]},{\"@type\":\"ImageObject\",\"inLanguage\":\"en-US\",\"@id\":\"https:\\\/\\\/www.edesia.al\\\/?product=deodorant-mighty-mint#primaryimage\",\"url\":\"https:\\\/\\\/www.edesia.al\\\/wp-content\\\/uploads\\\/2026\\\/02\\\/pol_pl_Dezodorant-w-sztyfcie-MIGHTY-MINT-We-love-the-planet-1580_1-1.jpg\",\"contentUrl\":\"https:\\\/\\\/www.edesia.al\\\/wp-content\\\/uploads\\\/2026\\\/02\\\/pol_pl_Dezodorant-w-sztyfcie-MIGHTY-MINT-We-love-the-planet-1580_1-1.jpg\",\"width\":448,\"height\":519},{\"@type\":\"BreadcrumbList\",\"@id\":\"https:\\\/\\\/www.edesia.al\\\/?product=deodorant-mighty-mint#breadcrumb\",\"itemListElement\":[{\"@type\":\"ListItem\",\"position\":1,\"name\":\"Home\",\"item\":\"https:\\\/\\\/www.edesia.al\\\/\"},{\"@type\":\"ListItem\",\"position\":2,\"name\":\"Dyqani\",\"item\":\"https:\\\/\\\/www.edesia.al\\\/?page_id=17\"},{\"@type\":\"ListItem\",\"position\":3,\"name\":\"Deodorant &#8220;Mighty Mint&#8221;\"}]},{\"@type\":\"WebSite\",\"@id\":\"https:\\\/\\\/www.edesia.al\\\/#website\",\"url\":\"https:\\\/\\\/www.edesia.al\\\/\",\"name\":\"Edesia\",\"description\":\"\",\"publisher\":{\"@id\":\"https:\\\/\\\/www.edesia.al\\\/#organization\"},\"potentialAction\":[{\"@type\":\"SearchAction\",\"target\":{\"@type\":\"EntryPoint\",\"urlTemplate\":\"https:\\\/\\\/www.edesia.al\\\/?s={search_term_string}\"},\"query-input\":{\"@type\":\"PropertyValueSpecification\",\"valueRequired\":true,\"valueName\":\"search_term_string\"}}],\"inLanguage\":\"en-US\"},{\"@type\":\"Organization\",\"@id\":\"https:\\\/\\\/www.edesia.al\\\/#organization\",\"name\":\"Edesia\",\"url\":\"https:\\\/\\\/www.edesia.al\\\/\",\"logo\":{\"@type\":\"ImageObject\",\"inLanguage\":\"en-US\",\"@id\":\"https:\\\/\\\/www.edesia.al\\\/#\\\/schema\\\/logo\\\/image\\\/\",\"url\":\"https:\\\/\\\/www.edesia.al\\\/wp-content\\\/uploads\\\/2026\\\/02\\\/Logo-Edesia-no-background.png\",\"contentUrl\":\"https:\\\/\\\/www.edesia.al\\\/wp-content\\\/uploads\\\/2026\\\/02\\\/Logo-Edesia-no-background.png\",\"width\":293,\"height\":158,\"caption\":\"Edesia\"},\"image\":{\"@id\":\"https:\\\/\\\/www.edesia.al\\\/#\\\/schema\\\/logo\\\/image\\\/\"}}]}<\/script>\n<!-- \/ Yoast SEO plugin. -->","yoast_head_json":{"title":"Deodorant \"Mighty Mint\" - Edesia","robots":{"index":"index","follow":"follow","max-snippet":"max-snippet:-1","max-image-preview":"max-image-preview:large","max-video-preview":"max-video-preview:-1"},"canonical":"https:\/\/www.edesia.al\/?product=deodorant-mighty-mint","og_locale":"en_US","og_type":"article","og_title":"Deodorant \"Mighty Mint\" - Edesia","og_description":"Deodorant bio n\u00eb stick me mente dhe rozmarin\u00eb. 100% natyral, pa alumin, me vaj kokosi dhe soda buke p\u00ebr mbrojtje freskuese dhe efektive gjat\u00eb gjith\u00eb dit\u00ebs.","og_url":"https:\/\/www.edesia.al\/?product=deodorant-mighty-mint","og_site_name":"Edesia","article_modified_time":"2026-02-25T17:32:28+00:00","og_image":[{"width":448,"height":519,"url":"https:\/\/www.edesia.al\/wp-content\/uploads\/2026\/02\/pol_pl_Dezodorant-w-sztyfcie-MIGHTY-MINT-We-love-the-planet-1580_1-1.jpg","type":"image\/jpeg"}],"twitter_card":"summary_large_image","twitter_misc":{"Est. reading time":"1 minute"},"schema":{"@context":"https:\/\/schema.org","@graph":[{"@type":"WebPage","@id":"https:\/\/www.edesia.al\/?product=deodorant-mighty-mint","url":"https:\/\/www.edesia.al\/?product=deodorant-mighty-mint","name":"Deodorant \"Mighty Mint\" - Edesia","isPartOf":{"@id":"https:\/\/www.edesia.al\/#website"},"primaryImageOfPage":{"@id":"https:\/\/www.edesia.al\/?product=deodorant-mighty-mint#primaryimage"},"image":{"@id":"https:\/\/www.edesia.al\/?product=deodorant-mighty-mint#primaryimage"},"thumbnailUrl":"https:\/\/www.edesia.al\/wp-content\/uploads\/2026\/02\/pol_pl_Dezodorant-w-sztyfcie-MIGHTY-MINT-We-love-the-planet-1580_1-1.jpg","datePublished":"2026-02-16T21:13:31+00:00","dateModified":"2026-02-25T17:32:28+00:00","breadcrumb":{"@id":"https:\/\/www.edesia.al\/?product=deodorant-mighty-mint#breadcrumb"},"inLanguage":"en-US","potentialAction":[{"@type":"ReadAction","target":["https:\/\/www.edesia.al\/?product=deodorant-mighty-mint"]}]},{"@type":"ImageObject","inLanguage":"en-US","@id":"https:\/\/www.edesia.al\/?product=deodorant-mighty-mint#primaryimage","url":"https:\/\/www.edesia.al\/wp-content\/uploads\/2026\/02\/pol_pl_Dezodorant-w-sztyfcie-MIGHTY-MINT-We-love-the-planet-1580_1-1.jpg","contentUrl":"https:\/\/www.edesia.al\/wp-content\/uploads\/2026\/02\/pol_pl_Dezodorant-w-sztyfcie-MIGHTY-MINT-We-love-the-planet-1580_1-1.jpg","width":448,"height":519},{"@type":"BreadcrumbList","@id":"https:\/\/www.edesia.al\/?product=deodorant-mighty-mint#breadcrumb","itemListElement":[{"@type":"ListItem","position":1,"name":"Home","item":"https:\/\/www.edesia.al\/"},{"@type":"ListItem","position":2,"name":"Dyqani","item":"https:\/\/www.edesia.al\/?page_id=17"},{"@type":"ListItem","position":3,"name":"Deodorant &#8220;Mighty Mint&#8221;"}]},{"@type":"WebSite","@id":"https:\/\/www.edesia.al\/#website","url":"https:\/\/www.edesia.al\/","name":"Edesia","description":"","publisher":{"@id":"https:\/\/www.edesia.al\/#organization"},"potentialAction":[{"@type":"SearchAction","target":{"@type":"EntryPoint","urlTemplate":"https:\/\/www.edesia.al\/?s={search_term_string}"},"query-input":{"@type":"PropertyValueSpecification","valueRequired":true,"valueName":"search_term_string"}}],"inLanguage":"en-US"},{"@type":"Organization","@id":"https:\/\/www.edesia.al\/#organization","name":"Edesia","url":"https:\/\/www.edesia.al\/","logo":{"@type":"ImageObject","inLanguage":"en-US","@id":"https:\/\/www.edesia.al\/#\/schema\/logo\/image\/","url":"https:\/\/www.edesia.al\/wp-content\/uploads\/2026\/02\/Logo-Edesia-no-background.png","contentUrl":"https:\/\/www.edesia.al\/wp-content\/uploads\/2026\/02\/Logo-Edesia-no-background.png","width":293,"height":158,"caption":"Edesia"},"image":{"@id":"https:\/\/www.edesia.al\/#\/schema\/logo\/image\/"}}]}},"_links":{"self":[{"href":"https:\/\/www.edesia.al\/index.php?rest_route=\/wp\/v2\/product\/7153","targetHints":{"allow":["GET"]}}],"collection":[{"href":"https:\/\/www.edesia.al\/index.php?rest_route=\/wp\/v2\/product"}],"about":[{"href":"https:\/\/www.edesia.al\/index.php?rest_route=\/wp\/v2\/types\/product"}],"replies":[{"embeddable":true,"href":"https:\/\/www.edesia.al\/index.php?rest_route=%2Fwp%2Fv2%2Fcomments&post=7153"}],"wp:featuredmedia":[{"embeddable":true,"href":"https:\/\/www.edesia.al\/index.php?rest_route=\/wp\/v2\/media\/7181"}],"wp:attachment":[{"href":"https:\/\/www.edesia.al\/index.php?rest_route=%2Fwp%2Fv2%2Fmedia&parent=7153"}],"wp:term":[{"taxonomy":"kategori-sipas-dietave","embeddable":true,"href":"https:\/\/www.edesia.al\/index.php?rest_route=%2Fwp%2Fv2%2Fkategori-sipas-dietave&post=7153"},{"taxonomy":"kategori-sipas-problemeve-shende","embeddable":true,"href":"https:\/\/www.edesia.al\/index.php?rest_route=%2Fwp%2Fv2%2Fkategori-sipas-problemeve-shende&post=7153"},{"taxonomy":"product_brand","embeddable":true,"href":"https:\/\/www.edesia.al\/index.php?rest_route=%2Fwp%2Fv2%2Fproduct_brand&post=7153"},{"taxonomy":"product_cat","embeddable":true,"href":"https:\/\/www.edesia.al\/index.php?rest_route=%2Fwp%2Fv2%2Fproduct_cat&post=7153"},{"taxonomy":"product_tag","embeddable":true,"href":"https:\/\/www.edesia.al\/index.php?rest_route=%2Fwp%2Fv2%2Fproduct_tag&post=7153"}],"curies":[{"name":"wp","href":"https:\/\/api.w.org\/{rel}","templated":true}]}}