{"id":7157,"date":"2026-02-16T21:13:32","date_gmt":"2026-02-16T21:13:32","guid":{"rendered":"https:\/\/www.edesia.al\/?post_type=product&#038;p=7157"},"modified":"2026-02-25T17:35:50","modified_gmt":"2026-02-25T17:35:50","slug":"roll-on-deo-me-trendafil","status":"publish","type":"product","link":"https:\/\/www.edesia.al\/?product=roll-on-deo-me-trendafil","title":{"rendered":"Roll-On Deo me Tr\u00ebndafil\u00a0"},"content":{"rendered":"<h3>Roll-On Deo me Tr\u00ebndafil\u00a0 (50 ml)<\/h3>\n<p>Marka daneze Urtekram, \u00ebsht\u00eb e njohur p\u00ebr prodhimin\u00a0 produkteve natyrale dhe organike per kujdesin ndaj vetes.\u00a0 Ka sjell nj\u00eb koleksion t\u00eb pasur me antidjersa t\u00eb cilat\u00a0 kan\u00eb perberje organike dhe jo t\u00eb d\u00ebmshme p\u00ebr sh\u00ebndetin\u00a0 Ky deodorant natyral ofron mbrojtje efektive gjat\u00eb gjith\u00eb dit\u00ebs, duke p\u00ebrzier arom\u00ebn e fresk\u00ebt t\u00eb tr\u00ebndafilave me p\u00ebrb\u00ebr\u00ebs organik\u00eb q\u00eb kujdesen p\u00ebr l\u00ebkur\u00ebn tuaj. Formuluar pa alumini dhe parabene, ai mban sqetullat tuaja t\u00eb fresk\u00ebta dhe t\u00eb buta, dhe parandalon er\u00ebn e keqe.<\/p>\n<p>Ideal p\u00ebr l\u00ebkur\u00eb t\u00eb ndjeshme dhe t\u00eb gjitha llojet e l\u00ebkur\u00ebs, ky deodorant ju dhuron nj\u00eb ndjenj\u00eb freskie dhe mir\u00ebqenieje \u00e7do dit\u00eb.<\/p>\n<h4>Nuk p\u00ebrmban:<\/h4>\n<ul>\n<li>Metale t\u00eb r\u00ebnda si alumini<\/li>\n<li>Parabene<\/li>\n<li>Ngjyrues artificial<\/li>\n<li>Arome artificiale sintetike<\/li>\n<\/ul>\n<h4>*I certifikuar Organik<\/h4>\n","protected":false},"excerpt":{"rendered":"<p>Roll-On Deo me Tr\u00ebndafil\u00a0 (50 ml) Marka daneze Urtekram, \u00ebsht\u00eb e njohur p\u00ebr prodhimin\u00a0 produkteve natyrale dhe organike per kujdesin ndaj vetes.\u00a0 Ka sjell nj\u00eb koleksion t\u00eb pasur me antidjersa t\u00eb cilat\u00a0 kan\u00eb perberje organike dhe jo t\u00eb d\u00ebmshme p\u00ebr sh\u00ebndetin\u00a0 Ky deodorant natyral ofron mbrojtje efektive gjat\u00eb gjith\u00eb dit\u00ebs, duke p\u00ebrzier arom\u00ebn e fresk\u00ebt[&#8230;]<\/p>\n","protected":false},"featured_media":7185,"comment_status":"open","ping_status":"closed","template":"","meta":{"_acf_changed":false,"inline_featured_image":false},"kategori-sipas-dietave":[],"kategori-sipas-problemeve-shende":[],"product_brand":[96],"product_cat":[24,79,23],"product_tag":[195],"class_list":{"0":"post-7157","1":"product","2":"type-product","3":"status-publish","4":"has-post-thumbnail","6":"product_brand-beauty-life","7":"product_cat-deodorante-natyrale","8":"product_cat-kozmetike-kujdes-personal","9":"product_cat-vajra-kozmetike","10":"product_tag-deodorante-natyral","12":"first","13":"instock","14":"taxable","15":"shipping-taxable","16":"purchasable","17":"product-type-simple"},"acf":[],"yoast_head":"<!-- This site is optimized with the Yoast SEO plugin v27.4 - https:\/\/yoast.com\/product\/yoast-seo-wordpress\/ -->\n<title>Roll-On Deo me Tr\u00ebndafil\u00a0 - Edesia<\/title>\n<meta name=\"robots\" content=\"index, follow, max-snippet:-1, max-image-preview:large, max-video-preview:-1\" \/>\n<link rel=\"canonical\" href=\"https:\/\/www.edesia.al\/?product=roll-on-deo-me-trendafil\" \/>\n<meta property=\"og:locale\" content=\"en_US\" \/>\n<meta property=\"og:type\" content=\"article\" \/>\n<meta property=\"og:title\" content=\"Roll-On Deo me Tr\u00ebndafil\u00a0 - Edesia\" \/>\n<meta property=\"og:description\" content=\"Roll-On Deo me Tr\u00ebndafil\u00a0 (50 ml) Marka daneze Urtekram, \u00ebsht\u00eb e njohur p\u00ebr prodhimin\u00a0 produkteve natyrale dhe organike per kujdesin ndaj vetes.\u00a0 Ka sjell nj\u00eb koleksion t\u00eb pasur me antidjersa t\u00eb cilat\u00a0 kan\u00eb perberje organike dhe jo t\u00eb d\u00ebmshme p\u00ebr sh\u00ebndetin\u00a0 Ky deodorant natyral ofron mbrojtje efektive gjat\u00eb gjith\u00eb dit\u00ebs, duke p\u00ebrzier arom\u00ebn e fresk\u00ebt[...]\" \/>\n<meta property=\"og:url\" content=\"https:\/\/www.edesia.al\/?product=roll-on-deo-me-trendafil\" \/>\n<meta property=\"og:site_name\" content=\"Edesia\" \/>\n<meta property=\"article:modified_time\" content=\"2026-02-25T17:35:50+00:00\" \/>\n<meta property=\"og:image\" content=\"https:\/\/www.edesia.al\/wp-content\/uploads\/2026\/02\/50828-1.jpg\" \/>\n\t<meta property=\"og:image:width\" content=\"535\" \/>\n\t<meta property=\"og:image:height\" content=\"535\" \/>\n\t<meta property=\"og:image:type\" content=\"image\/jpeg\" \/>\n<meta name=\"twitter:card\" content=\"summary_large_image\" \/>\n<meta name=\"twitter:label1\" content=\"Est. reading time\" \/>\n\t<meta name=\"twitter:data1\" content=\"1 minute\" \/>\n<script type=\"application\/ld+json\" class=\"yoast-schema-graph\">{\"@context\":\"https:\\\/\\\/schema.org\",\"@graph\":[{\"@type\":\"WebPage\",\"@id\":\"https:\\\/\\\/www.edesia.al\\\/?product=roll-on-deo-me-trendafil\",\"url\":\"https:\\\/\\\/www.edesia.al\\\/?product=roll-on-deo-me-trendafil\",\"name\":\"Roll-On Deo me Tr\u00ebndafil\u00a0 - Edesia\",\"isPartOf\":{\"@id\":\"https:\\\/\\\/www.edesia.al\\\/#website\"},\"primaryImageOfPage\":{\"@id\":\"https:\\\/\\\/www.edesia.al\\\/?product=roll-on-deo-me-trendafil#primaryimage\"},\"image\":{\"@id\":\"https:\\\/\\\/www.edesia.al\\\/?product=roll-on-deo-me-trendafil#primaryimage\"},\"thumbnailUrl\":\"https:\\\/\\\/www.edesia.al\\\/wp-content\\\/uploads\\\/2026\\\/02\\\/50828-1.jpg\",\"datePublished\":\"2026-02-16T21:13:32+00:00\",\"dateModified\":\"2026-02-25T17:35:50+00:00\",\"breadcrumb\":{\"@id\":\"https:\\\/\\\/www.edesia.al\\\/?product=roll-on-deo-me-trendafil#breadcrumb\"},\"inLanguage\":\"en-US\",\"potentialAction\":[{\"@type\":\"ReadAction\",\"target\":[\"https:\\\/\\\/www.edesia.al\\\/?product=roll-on-deo-me-trendafil\"]}]},{\"@type\":\"ImageObject\",\"inLanguage\":\"en-US\",\"@id\":\"https:\\\/\\\/www.edesia.al\\\/?product=roll-on-deo-me-trendafil#primaryimage\",\"url\":\"https:\\\/\\\/www.edesia.al\\\/wp-content\\\/uploads\\\/2026\\\/02\\\/50828-1.jpg\",\"contentUrl\":\"https:\\\/\\\/www.edesia.al\\\/wp-content\\\/uploads\\\/2026\\\/02\\\/50828-1.jpg\",\"width\":535,\"height\":535},{\"@type\":\"BreadcrumbList\",\"@id\":\"https:\\\/\\\/www.edesia.al\\\/?product=roll-on-deo-me-trendafil#breadcrumb\",\"itemListElement\":[{\"@type\":\"ListItem\",\"position\":1,\"name\":\"Home\",\"item\":\"https:\\\/\\\/www.edesia.al\\\/\"},{\"@type\":\"ListItem\",\"position\":2,\"name\":\"Dyqani\",\"item\":\"https:\\\/\\\/www.edesia.al\\\/?page_id=17\"},{\"@type\":\"ListItem\",\"position\":3,\"name\":\"Roll-On Deo me Tr\u00ebndafil\u00a0\"}]},{\"@type\":\"WebSite\",\"@id\":\"https:\\\/\\\/www.edesia.al\\\/#website\",\"url\":\"https:\\\/\\\/www.edesia.al\\\/\",\"name\":\"Edesia\",\"description\":\"\",\"publisher\":{\"@id\":\"https:\\\/\\\/www.edesia.al\\\/#organization\"},\"potentialAction\":[{\"@type\":\"SearchAction\",\"target\":{\"@type\":\"EntryPoint\",\"urlTemplate\":\"https:\\\/\\\/www.edesia.al\\\/?s={search_term_string}\"},\"query-input\":{\"@type\":\"PropertyValueSpecification\",\"valueRequired\":true,\"valueName\":\"search_term_string\"}}],\"inLanguage\":\"en-US\"},{\"@type\":\"Organization\",\"@id\":\"https:\\\/\\\/www.edesia.al\\\/#organization\",\"name\":\"Edesia\",\"url\":\"https:\\\/\\\/www.edesia.al\\\/\",\"logo\":{\"@type\":\"ImageObject\",\"inLanguage\":\"en-US\",\"@id\":\"https:\\\/\\\/www.edesia.al\\\/#\\\/schema\\\/logo\\\/image\\\/\",\"url\":\"https:\\\/\\\/www.edesia.al\\\/wp-content\\\/uploads\\\/2026\\\/02\\\/Logo-Edesia-no-background.png\",\"contentUrl\":\"https:\\\/\\\/www.edesia.al\\\/wp-content\\\/uploads\\\/2026\\\/02\\\/Logo-Edesia-no-background.png\",\"width\":293,\"height\":158,\"caption\":\"Edesia\"},\"image\":{\"@id\":\"https:\\\/\\\/www.edesia.al\\\/#\\\/schema\\\/logo\\\/image\\\/\"}}]}<\/script>\n<!-- \/ Yoast SEO plugin. -->","yoast_head_json":{"title":"Roll-On Deo me Tr\u00ebndafil\u00a0 - Edesia","robots":{"index":"index","follow":"follow","max-snippet":"max-snippet:-1","max-image-preview":"max-image-preview:large","max-video-preview":"max-video-preview:-1"},"canonical":"https:\/\/www.edesia.al\/?product=roll-on-deo-me-trendafil","og_locale":"en_US","og_type":"article","og_title":"Roll-On Deo me Tr\u00ebndafil\u00a0 - Edesia","og_description":"Roll-On Deo me Tr\u00ebndafil\u00a0 (50 ml) Marka daneze Urtekram, \u00ebsht\u00eb e njohur p\u00ebr prodhimin\u00a0 produkteve natyrale dhe organike per kujdesin ndaj vetes.\u00a0 Ka sjell nj\u00eb koleksion t\u00eb pasur me antidjersa t\u00eb cilat\u00a0 kan\u00eb perberje organike dhe jo t\u00eb d\u00ebmshme p\u00ebr sh\u00ebndetin\u00a0 Ky deodorant natyral ofron mbrojtje efektive gjat\u00eb gjith\u00eb dit\u00ebs, duke p\u00ebrzier arom\u00ebn e fresk\u00ebt[...]","og_url":"https:\/\/www.edesia.al\/?product=roll-on-deo-me-trendafil","og_site_name":"Edesia","article_modified_time":"2026-02-25T17:35:50+00:00","og_image":[{"width":535,"height":535,"url":"https:\/\/www.edesia.al\/wp-content\/uploads\/2026\/02\/50828-1.jpg","type":"image\/jpeg"}],"twitter_card":"summary_large_image","twitter_misc":{"Est. reading time":"1 minute"},"schema":{"@context":"https:\/\/schema.org","@graph":[{"@type":"WebPage","@id":"https:\/\/www.edesia.al\/?product=roll-on-deo-me-trendafil","url":"https:\/\/www.edesia.al\/?product=roll-on-deo-me-trendafil","name":"Roll-On Deo me Tr\u00ebndafil\u00a0 - Edesia","isPartOf":{"@id":"https:\/\/www.edesia.al\/#website"},"primaryImageOfPage":{"@id":"https:\/\/www.edesia.al\/?product=roll-on-deo-me-trendafil#primaryimage"},"image":{"@id":"https:\/\/www.edesia.al\/?product=roll-on-deo-me-trendafil#primaryimage"},"thumbnailUrl":"https:\/\/www.edesia.al\/wp-content\/uploads\/2026\/02\/50828-1.jpg","datePublished":"2026-02-16T21:13:32+00:00","dateModified":"2026-02-25T17:35:50+00:00","breadcrumb":{"@id":"https:\/\/www.edesia.al\/?product=roll-on-deo-me-trendafil#breadcrumb"},"inLanguage":"en-US","potentialAction":[{"@type":"ReadAction","target":["https:\/\/www.edesia.al\/?product=roll-on-deo-me-trendafil"]}]},{"@type":"ImageObject","inLanguage":"en-US","@id":"https:\/\/www.edesia.al\/?product=roll-on-deo-me-trendafil#primaryimage","url":"https:\/\/www.edesia.al\/wp-content\/uploads\/2026\/02\/50828-1.jpg","contentUrl":"https:\/\/www.edesia.al\/wp-content\/uploads\/2026\/02\/50828-1.jpg","width":535,"height":535},{"@type":"BreadcrumbList","@id":"https:\/\/www.edesia.al\/?product=roll-on-deo-me-trendafil#breadcrumb","itemListElement":[{"@type":"ListItem","position":1,"name":"Home","item":"https:\/\/www.edesia.al\/"},{"@type":"ListItem","position":2,"name":"Dyqani","item":"https:\/\/www.edesia.al\/?page_id=17"},{"@type":"ListItem","position":3,"name":"Roll-On Deo me Tr\u00ebndafil\u00a0"}]},{"@type":"WebSite","@id":"https:\/\/www.edesia.al\/#website","url":"https:\/\/www.edesia.al\/","name":"Edesia","description":"","publisher":{"@id":"https:\/\/www.edesia.al\/#organization"},"potentialAction":[{"@type":"SearchAction","target":{"@type":"EntryPoint","urlTemplate":"https:\/\/www.edesia.al\/?s={search_term_string}"},"query-input":{"@type":"PropertyValueSpecification","valueRequired":true,"valueName":"search_term_string"}}],"inLanguage":"en-US"},{"@type":"Organization","@id":"https:\/\/www.edesia.al\/#organization","name":"Edesia","url":"https:\/\/www.edesia.al\/","logo":{"@type":"ImageObject","inLanguage":"en-US","@id":"https:\/\/www.edesia.al\/#\/schema\/logo\/image\/","url":"https:\/\/www.edesia.al\/wp-content\/uploads\/2026\/02\/Logo-Edesia-no-background.png","contentUrl":"https:\/\/www.edesia.al\/wp-content\/uploads\/2026\/02\/Logo-Edesia-no-background.png","width":293,"height":158,"caption":"Edesia"},"image":{"@id":"https:\/\/www.edesia.al\/#\/schema\/logo\/image\/"}}]}},"_links":{"self":[{"href":"https:\/\/www.edesia.al\/index.php?rest_route=\/wp\/v2\/product\/7157","targetHints":{"allow":["GET"]}}],"collection":[{"href":"https:\/\/www.edesia.al\/index.php?rest_route=\/wp\/v2\/product"}],"about":[{"href":"https:\/\/www.edesia.al\/index.php?rest_route=\/wp\/v2\/types\/product"}],"replies":[{"embeddable":true,"href":"https:\/\/www.edesia.al\/index.php?rest_route=%2Fwp%2Fv2%2Fcomments&post=7157"}],"wp:featuredmedia":[{"embeddable":true,"href":"https:\/\/www.edesia.al\/index.php?rest_route=\/wp\/v2\/media\/7185"}],"wp:attachment":[{"href":"https:\/\/www.edesia.al\/index.php?rest_route=%2Fwp%2Fv2%2Fmedia&parent=7157"}],"wp:term":[{"taxonomy":"kategori-sipas-dietave","embeddable":true,"href":"https:\/\/www.edesia.al\/index.php?rest_route=%2Fwp%2Fv2%2Fkategori-sipas-dietave&post=7157"},{"taxonomy":"kategori-sipas-problemeve-shende","embeddable":true,"href":"https:\/\/www.edesia.al\/index.php?rest_route=%2Fwp%2Fv2%2Fkategori-sipas-problemeve-shende&post=7157"},{"taxonomy":"product_brand","embeddable":true,"href":"https:\/\/www.edesia.al\/index.php?rest_route=%2Fwp%2Fv2%2Fproduct_brand&post=7157"},{"taxonomy":"product_cat","embeddable":true,"href":"https:\/\/www.edesia.al\/index.php?rest_route=%2Fwp%2Fv2%2Fproduct_cat&post=7157"},{"taxonomy":"product_tag","embeddable":true,"href":"https:\/\/www.edesia.al\/index.php?rest_route=%2Fwp%2Fv2%2Fproduct_tag&post=7157"}],"curies":[{"name":"wp","href":"https:\/\/api.w.org\/{rel}","templated":true}]}}