{"id":7162,"date":"2026-02-16T21:13:32","date_gmt":"2026-02-16T21:13:32","guid":{"rendered":"https:\/\/www.edesia.al\/?post_type=product&#038;p=7162"},"modified":"2026-02-25T18:10:05","modified_gmt":"2026-02-25T18:10:05","slug":"krem-fytyre-per-lekure-te-thate","status":"publish","type":"product","link":"https:\/\/www.edesia.al\/?product=krem-fytyre-per-lekure-te-thate","title":{"rendered":"Krem Fytyre P\u00ebr L\u00ebkur\u00eb T\u00eb That\u00eb"},"content":{"rendered":"<h3>Krem Fytyre P\u00ebr L\u00ebkur\u00eb T\u00eb That\u00eb 50 ml<\/h3>\n<p>Ky krem \u200b\u200bhidratues\u00a0 ushqen l\u00ebkur\u00ebn dhe ndihmon n\u00eb luftimin e plakjes s\u00eb parakohshme.<\/p>\n<p>I pasur me qum\u00ebsht gomarice dhe gjalp shea b\u00ebn t\u00eb mundur q\u00eb l\u00ebkura juaj t\u00eb shk\u00eblqeje.<\/p>\n<p>Rekomandohet p\u00ebr l\u00ebkura t\u00eb thata dhe shum\u00eb t\u00eb thata.<\/p>\n","protected":false},"excerpt":{"rendered":"<p>Krem Fytyre P\u00ebr L\u00ebkur\u00eb T\u00eb That\u00eb 50 ml Ky krem \u200b\u200bhidratues\u00a0 ushqen l\u00ebkur\u00ebn dhe ndihmon n\u00eb luftimin e plakjes s\u00eb parakohshme. I pasur me qum\u00ebsht gomarice dhe gjalp shea b\u00ebn t\u00eb mundur q\u00eb l\u00ebkura juaj t\u00eb shk\u00eblqeje. Rekomandohet p\u00ebr l\u00ebkura t\u00eb thata dhe shum\u00eb t\u00eb thata.<\/p>\n","protected":false},"featured_media":7190,"comment_status":"open","ping_status":"closed","template":"","meta":{"_acf_changed":false,"inline_featured_image":false},"kategori-sipas-dietave":[],"kategori-sipas-problemeve-shende":[],"product_brand":[100],"product_cat":[79,74],"product_tag":[196],"class_list":{"0":"post-7162","1":"product","2":"type-product","3":"status-publish","4":"has-post-thumbnail","6":"product_brand-sobio-etic","7":"product_cat-kozmetike-kujdes-personal","8":"product_cat-kremra-per-lekuren","9":"product_tag-kremra-per-lekuren","11":"first","12":"instock","13":"taxable","14":"shipping-taxable","15":"purchasable","16":"product-type-simple"},"acf":[],"yoast_head":"<!-- This site is optimized with the Yoast SEO plugin v27.4 - https:\/\/yoast.com\/product\/yoast-seo-wordpress\/ -->\n<title>Krem Fytyre P\u00ebr L\u00ebkur\u00eb T\u00eb That\u00eb - Edesia<\/title>\n<meta name=\"robots\" content=\"index, follow, max-snippet:-1, max-image-preview:large, max-video-preview:-1\" \/>\n<link rel=\"canonical\" href=\"https:\/\/www.edesia.al\/?product=krem-fytyre-per-lekure-te-thate\" \/>\n<meta property=\"og:locale\" content=\"en_US\" \/>\n<meta property=\"og:type\" content=\"article\" \/>\n<meta property=\"og:title\" content=\"Krem Fytyre P\u00ebr L\u00ebkur\u00eb T\u00eb That\u00eb - Edesia\" \/>\n<meta property=\"og:description\" content=\"Krem Fytyre P\u00ebr L\u00ebkur\u00eb T\u00eb That\u00eb 50 ml Ky krem \u200b\u200bhidratues\u00a0 ushqen l\u00ebkur\u00ebn dhe ndihmon n\u00eb luftimin e plakjes s\u00eb parakohshme. I pasur me qum\u00ebsht gomarice dhe gjalp shea b\u00ebn t\u00eb mundur q\u00eb l\u00ebkura juaj t\u00eb shk\u00eblqeje. Rekomandohet p\u00ebr l\u00ebkura t\u00eb thata dhe shum\u00eb t\u00eb thata.\" \/>\n<meta property=\"og:url\" content=\"https:\/\/www.edesia.al\/?product=krem-fytyre-per-lekure-te-thate\" \/>\n<meta property=\"og:site_name\" content=\"Edesia\" \/>\n<meta property=\"article:modified_time\" content=\"2026-02-25T18:10:05+00:00\" \/>\n<meta property=\"og:image\" content=\"https:\/\/www.edesia.al\/wp-content\/uploads\/2026\/02\/rich-nourishing-organic-cream-1.png\" \/>\n\t<meta property=\"og:image:width\" content=\"400\" \/>\n\t<meta property=\"og:image:height\" content=\"400\" \/>\n\t<meta property=\"og:image:type\" content=\"image\/png\" \/>\n<meta name=\"twitter:card\" content=\"summary_large_image\" \/>\n<script type=\"application\/ld+json\" class=\"yoast-schema-graph\">{\"@context\":\"https:\\\/\\\/schema.org\",\"@graph\":[{\"@type\":\"WebPage\",\"@id\":\"https:\\\/\\\/www.edesia.al\\\/?product=krem-fytyre-per-lekure-te-thate\",\"url\":\"https:\\\/\\\/www.edesia.al\\\/?product=krem-fytyre-per-lekure-te-thate\",\"name\":\"Krem Fytyre P\u00ebr L\u00ebkur\u00eb T\u00eb That\u00eb - Edesia\",\"isPartOf\":{\"@id\":\"https:\\\/\\\/www.edesia.al\\\/#website\"},\"primaryImageOfPage\":{\"@id\":\"https:\\\/\\\/www.edesia.al\\\/?product=krem-fytyre-per-lekure-te-thate#primaryimage\"},\"image\":{\"@id\":\"https:\\\/\\\/www.edesia.al\\\/?product=krem-fytyre-per-lekure-te-thate#primaryimage\"},\"thumbnailUrl\":\"https:\\\/\\\/www.edesia.al\\\/wp-content\\\/uploads\\\/2026\\\/02\\\/rich-nourishing-organic-cream-1.png\",\"datePublished\":\"2026-02-16T21:13:32+00:00\",\"dateModified\":\"2026-02-25T18:10:05+00:00\",\"breadcrumb\":{\"@id\":\"https:\\\/\\\/www.edesia.al\\\/?product=krem-fytyre-per-lekure-te-thate#breadcrumb\"},\"inLanguage\":\"en-US\",\"potentialAction\":[{\"@type\":\"ReadAction\",\"target\":[\"https:\\\/\\\/www.edesia.al\\\/?product=krem-fytyre-per-lekure-te-thate\"]}]},{\"@type\":\"ImageObject\",\"inLanguage\":\"en-US\",\"@id\":\"https:\\\/\\\/www.edesia.al\\\/?product=krem-fytyre-per-lekure-te-thate#primaryimage\",\"url\":\"https:\\\/\\\/www.edesia.al\\\/wp-content\\\/uploads\\\/2026\\\/02\\\/rich-nourishing-organic-cream-1.png\",\"contentUrl\":\"https:\\\/\\\/www.edesia.al\\\/wp-content\\\/uploads\\\/2026\\\/02\\\/rich-nourishing-organic-cream-1.png\",\"width\":400,\"height\":400},{\"@type\":\"BreadcrumbList\",\"@id\":\"https:\\\/\\\/www.edesia.al\\\/?product=krem-fytyre-per-lekure-te-thate#breadcrumb\",\"itemListElement\":[{\"@type\":\"ListItem\",\"position\":1,\"name\":\"Home\",\"item\":\"https:\\\/\\\/www.edesia.al\\\/\"},{\"@type\":\"ListItem\",\"position\":2,\"name\":\"Dyqani\",\"item\":\"https:\\\/\\\/www.edesia.al\\\/?page_id=17\"},{\"@type\":\"ListItem\",\"position\":3,\"name\":\"Krem Fytyre P\u00ebr L\u00ebkur\u00eb T\u00eb That\u00eb\"}]},{\"@type\":\"WebSite\",\"@id\":\"https:\\\/\\\/www.edesia.al\\\/#website\",\"url\":\"https:\\\/\\\/www.edesia.al\\\/\",\"name\":\"Edesia\",\"description\":\"\",\"publisher\":{\"@id\":\"https:\\\/\\\/www.edesia.al\\\/#organization\"},\"potentialAction\":[{\"@type\":\"SearchAction\",\"target\":{\"@type\":\"EntryPoint\",\"urlTemplate\":\"https:\\\/\\\/www.edesia.al\\\/?s={search_term_string}\"},\"query-input\":{\"@type\":\"PropertyValueSpecification\",\"valueRequired\":true,\"valueName\":\"search_term_string\"}}],\"inLanguage\":\"en-US\"},{\"@type\":\"Organization\",\"@id\":\"https:\\\/\\\/www.edesia.al\\\/#organization\",\"name\":\"Edesia\",\"url\":\"https:\\\/\\\/www.edesia.al\\\/\",\"logo\":{\"@type\":\"ImageObject\",\"inLanguage\":\"en-US\",\"@id\":\"https:\\\/\\\/www.edesia.al\\\/#\\\/schema\\\/logo\\\/image\\\/\",\"url\":\"https:\\\/\\\/www.edesia.al\\\/wp-content\\\/uploads\\\/2026\\\/02\\\/Logo-Edesia-no-background.png\",\"contentUrl\":\"https:\\\/\\\/www.edesia.al\\\/wp-content\\\/uploads\\\/2026\\\/02\\\/Logo-Edesia-no-background.png\",\"width\":293,\"height\":158,\"caption\":\"Edesia\"},\"image\":{\"@id\":\"https:\\\/\\\/www.edesia.al\\\/#\\\/schema\\\/logo\\\/image\\\/\"}}]}<\/script>\n<!-- \/ Yoast SEO plugin. -->","yoast_head_json":{"title":"Krem Fytyre P\u00ebr L\u00ebkur\u00eb T\u00eb That\u00eb - Edesia","robots":{"index":"index","follow":"follow","max-snippet":"max-snippet:-1","max-image-preview":"max-image-preview:large","max-video-preview":"max-video-preview:-1"},"canonical":"https:\/\/www.edesia.al\/?product=krem-fytyre-per-lekure-te-thate","og_locale":"en_US","og_type":"article","og_title":"Krem Fytyre P\u00ebr L\u00ebkur\u00eb T\u00eb That\u00eb - Edesia","og_description":"Krem Fytyre P\u00ebr L\u00ebkur\u00eb T\u00eb That\u00eb 50 ml Ky krem \u200b\u200bhidratues\u00a0 ushqen l\u00ebkur\u00ebn dhe ndihmon n\u00eb luftimin e plakjes s\u00eb parakohshme. I pasur me qum\u00ebsht gomarice dhe gjalp shea b\u00ebn t\u00eb mundur q\u00eb l\u00ebkura juaj t\u00eb shk\u00eblqeje. Rekomandohet p\u00ebr l\u00ebkura t\u00eb thata dhe shum\u00eb t\u00eb thata.","og_url":"https:\/\/www.edesia.al\/?product=krem-fytyre-per-lekure-te-thate","og_site_name":"Edesia","article_modified_time":"2026-02-25T18:10:05+00:00","og_image":[{"width":400,"height":400,"url":"https:\/\/www.edesia.al\/wp-content\/uploads\/2026\/02\/rich-nourishing-organic-cream-1.png","type":"image\/png"}],"twitter_card":"summary_large_image","schema":{"@context":"https:\/\/schema.org","@graph":[{"@type":"WebPage","@id":"https:\/\/www.edesia.al\/?product=krem-fytyre-per-lekure-te-thate","url":"https:\/\/www.edesia.al\/?product=krem-fytyre-per-lekure-te-thate","name":"Krem Fytyre P\u00ebr L\u00ebkur\u00eb T\u00eb That\u00eb - Edesia","isPartOf":{"@id":"https:\/\/www.edesia.al\/#website"},"primaryImageOfPage":{"@id":"https:\/\/www.edesia.al\/?product=krem-fytyre-per-lekure-te-thate#primaryimage"},"image":{"@id":"https:\/\/www.edesia.al\/?product=krem-fytyre-per-lekure-te-thate#primaryimage"},"thumbnailUrl":"https:\/\/www.edesia.al\/wp-content\/uploads\/2026\/02\/rich-nourishing-organic-cream-1.png","datePublished":"2026-02-16T21:13:32+00:00","dateModified":"2026-02-25T18:10:05+00:00","breadcrumb":{"@id":"https:\/\/www.edesia.al\/?product=krem-fytyre-per-lekure-te-thate#breadcrumb"},"inLanguage":"en-US","potentialAction":[{"@type":"ReadAction","target":["https:\/\/www.edesia.al\/?product=krem-fytyre-per-lekure-te-thate"]}]},{"@type":"ImageObject","inLanguage":"en-US","@id":"https:\/\/www.edesia.al\/?product=krem-fytyre-per-lekure-te-thate#primaryimage","url":"https:\/\/www.edesia.al\/wp-content\/uploads\/2026\/02\/rich-nourishing-organic-cream-1.png","contentUrl":"https:\/\/www.edesia.al\/wp-content\/uploads\/2026\/02\/rich-nourishing-organic-cream-1.png","width":400,"height":400},{"@type":"BreadcrumbList","@id":"https:\/\/www.edesia.al\/?product=krem-fytyre-per-lekure-te-thate#breadcrumb","itemListElement":[{"@type":"ListItem","position":1,"name":"Home","item":"https:\/\/www.edesia.al\/"},{"@type":"ListItem","position":2,"name":"Dyqani","item":"https:\/\/www.edesia.al\/?page_id=17"},{"@type":"ListItem","position":3,"name":"Krem Fytyre P\u00ebr L\u00ebkur\u00eb T\u00eb That\u00eb"}]},{"@type":"WebSite","@id":"https:\/\/www.edesia.al\/#website","url":"https:\/\/www.edesia.al\/","name":"Edesia","description":"","publisher":{"@id":"https:\/\/www.edesia.al\/#organization"},"potentialAction":[{"@type":"SearchAction","target":{"@type":"EntryPoint","urlTemplate":"https:\/\/www.edesia.al\/?s={search_term_string}"},"query-input":{"@type":"PropertyValueSpecification","valueRequired":true,"valueName":"search_term_string"}}],"inLanguage":"en-US"},{"@type":"Organization","@id":"https:\/\/www.edesia.al\/#organization","name":"Edesia","url":"https:\/\/www.edesia.al\/","logo":{"@type":"ImageObject","inLanguage":"en-US","@id":"https:\/\/www.edesia.al\/#\/schema\/logo\/image\/","url":"https:\/\/www.edesia.al\/wp-content\/uploads\/2026\/02\/Logo-Edesia-no-background.png","contentUrl":"https:\/\/www.edesia.al\/wp-content\/uploads\/2026\/02\/Logo-Edesia-no-background.png","width":293,"height":158,"caption":"Edesia"},"image":{"@id":"https:\/\/www.edesia.al\/#\/schema\/logo\/image\/"}}]}},"_links":{"self":[{"href":"https:\/\/www.edesia.al\/index.php?rest_route=\/wp\/v2\/product\/7162","targetHints":{"allow":["GET"]}}],"collection":[{"href":"https:\/\/www.edesia.al\/index.php?rest_route=\/wp\/v2\/product"}],"about":[{"href":"https:\/\/www.edesia.al\/index.php?rest_route=\/wp\/v2\/types\/product"}],"replies":[{"embeddable":true,"href":"https:\/\/www.edesia.al\/index.php?rest_route=%2Fwp%2Fv2%2Fcomments&post=7162"}],"wp:featuredmedia":[{"embeddable":true,"href":"https:\/\/www.edesia.al\/index.php?rest_route=\/wp\/v2\/media\/7190"}],"wp:attachment":[{"href":"https:\/\/www.edesia.al\/index.php?rest_route=%2Fwp%2Fv2%2Fmedia&parent=7162"}],"wp:term":[{"taxonomy":"kategori-sipas-dietave","embeddable":true,"href":"https:\/\/www.edesia.al\/index.php?rest_route=%2Fwp%2Fv2%2Fkategori-sipas-dietave&post=7162"},{"taxonomy":"kategori-sipas-problemeve-shende","embeddable":true,"href":"https:\/\/www.edesia.al\/index.php?rest_route=%2Fwp%2Fv2%2Fkategori-sipas-problemeve-shende&post=7162"},{"taxonomy":"product_brand","embeddable":true,"href":"https:\/\/www.edesia.al\/index.php?rest_route=%2Fwp%2Fv2%2Fproduct_brand&post=7162"},{"taxonomy":"product_cat","embeddable":true,"href":"https:\/\/www.edesia.al\/index.php?rest_route=%2Fwp%2Fv2%2Fproduct_cat&post=7162"},{"taxonomy":"product_tag","embeddable":true,"href":"https:\/\/www.edesia.al\/index.php?rest_route=%2Fwp%2Fv2%2Fproduct_tag&post=7162"}],"curies":[{"name":"wp","href":"https:\/\/api.w.org\/{rel}","templated":true}]}}