{"id":7163,"date":"2026-02-16T21:13:33","date_gmt":"2026-02-16T21:13:33","guid":{"rendered":"https:\/\/www.edesia.al\/?post_type=product&#038;p=7163"},"modified":"2026-02-25T18:11:29","modified_gmt":"2026-02-25T18:11:29","slug":"krem-nate-anti-rudhe-liftgrenade","status":"publish","type":"product","link":"https:\/\/www.edesia.al\/?product=krem-nate-anti-rudhe-liftgrenade","title":{"rendered":"Krem Nate Anti-rudh\u00eb \u00a0&#8220;Lift&#8217;grenade&#8221;"},"content":{"rendered":"<h3>Krem Nate Anti-rudh\u00eb\u00a0 \u00a0&#8220;Lift&#8217;grenade&#8221; (50 ml)<\/h3>\n<p>Linja So&#8217;Bio Etic ka mbledhur n\u00eb nj\u00eb krem t\u00eb vet\u00ebm ushqyes t\u00eb gjith\u00eb p\u00ebrb\u00ebr\u00ebsit organik\u00eb anti-rrudh\u00eb.<\/p>\n<p><strong>Ekstrakti i sheg\u00ebs<\/strong> organike vepron si nj\u00eb antioksidant i fuqish\u00ebm duke kapur radikalet e lira dhe eliminuar vijat e holla t\u00eb rrudhave t\u00eb para. Gjithashtu zbut rrudhat e thella duke e l\u00ebn\u00eb l\u00ebkur\u00ebn t\u00eb hidratuar dhe me shk\u00eblqim.<\/p>\n<p><strong>Retinoli<\/strong> \u00ebsht\u00eb nj\u00eb nga format m\u00eb t\u00eb p\u00ebrqendruara t\u00eb vitamin\u00ebs A, i cili stimulon prodhimin e kolagjenit, rip\u00ebrt\u00ebrin qelizat e l\u00ebkur\u00ebs dhe ruan lag\u00ebshtin\u00eb. K\u00ebta dy p\u00ebrb\u00ebr\u00ebs, si dhe t\u00eb tjer\u00eb si acidi hialuronik q\u00eb ky krem ka n\u00eb p\u00ebrmbajtje, b\u00ebjn\u00eb t\u00eb mundur q\u00eb t\u00eb zgjoheni n\u00eb m\u00ebngjes me nj\u00eb l\u00ebkur\u00eb t\u00eb fresk\u00ebt, pa rrudha dhe plot jet\u00eb.<\/p>\n<ul>\n<li>99% e p\u00ebrb\u00ebr\u00ebsve t\u00eb tij kan\u00eb origjin\u00eb natyrale, organike<\/li>\n<li>Nuk p\u00ebrmban silikon dhe minerale t\u00eb d\u00ebmshme<\/li>\n<li>Nuk p\u00ebrmban ngjyrues sintetik<\/li>\n<\/ul>\n<p><strong>P\u00ebrdorimi:<\/strong><\/p>\n<p>P\u00ebrdoreni \u00e7do dark\u00eb n\u00eb l\u00ebkur\u00eb t\u00eb past\u00ebr.<\/p>\n","protected":false},"excerpt":{"rendered":"<p>Krem Nate Anti-rudh\u00eb\u00a0 \u00a0&#8220;Lift&#8217;grenade&#8221; (50 ml) Linja So&#8217;Bio Etic ka mbledhur n\u00eb nj\u00eb krem t\u00eb vet\u00ebm ushqyes t\u00eb gjith\u00eb p\u00ebrb\u00ebr\u00ebsit organik\u00eb anti-rrudh\u00eb. Ekstrakti i sheg\u00ebs organike vepron si nj\u00eb antioksidant i fuqish\u00ebm duke kapur radikalet e lira dhe eliminuar vijat e holla t\u00eb rrudhave t\u00eb para. Gjithashtu zbut rrudhat e thella duke e l\u00ebn\u00eb l\u00ebkur\u00ebn[&#8230;]<\/p>\n","protected":false},"featured_media":7193,"comment_status":"open","ping_status":"closed","template":"","meta":{"_acf_changed":false,"inline_featured_image":false},"kategori-sipas-dietave":[],"kategori-sipas-problemeve-shende":[],"product_brand":[100],"product_cat":[79,74],"product_tag":[196],"class_list":{"0":"post-7163","1":"product","2":"type-product","3":"status-publish","4":"has-post-thumbnail","6":"product_brand-sobio-etic","7":"product_cat-kozmetike-kujdes-personal","8":"product_cat-kremra-per-lekuren","9":"product_tag-kremra-per-lekuren","11":"first","12":"instock","13":"taxable","14":"shipping-taxable","15":"purchasable","16":"product-type-simple"},"acf":[],"yoast_head":"<!-- This site is optimized with the Yoast SEO plugin v27.4 - https:\/\/yoast.com\/product\/yoast-seo-wordpress\/ -->\n<title>Krem Nate Anti-rudh\u00eb \u00a0&quot;Lift&#039;grenade&quot; - Edesia<\/title>\n<meta name=\"robots\" content=\"index, follow, max-snippet:-1, max-image-preview:large, max-video-preview:-1\" \/>\n<link rel=\"canonical\" href=\"https:\/\/www.edesia.al\/?product=krem-nate-anti-rudhe-liftgrenade\" \/>\n<meta property=\"og:locale\" content=\"en_US\" \/>\n<meta property=\"og:type\" content=\"article\" \/>\n<meta property=\"og:title\" content=\"Krem Nate Anti-rudh\u00eb \u00a0&quot;Lift&#039;grenade&quot; - Edesia\" \/>\n<meta property=\"og:description\" content=\"Krem Nate Anti-rudh\u00eb\u00a0 \u00a0&#8220;Lift&#8217;grenade&#8221; (50 ml) Linja So&#8217;Bio Etic ka mbledhur n\u00eb nj\u00eb krem t\u00eb vet\u00ebm ushqyes t\u00eb gjith\u00eb p\u00ebrb\u00ebr\u00ebsit organik\u00eb anti-rrudh\u00eb. Ekstrakti i sheg\u00ebs organike vepron si nj\u00eb antioksidant i fuqish\u00ebm duke kapur radikalet e lira dhe eliminuar vijat e holla t\u00eb rrudhave t\u00eb para. Gjithashtu zbut rrudhat e thella duke e l\u00ebn\u00eb l\u00ebkur\u00ebn[...]\" \/>\n<meta property=\"og:url\" content=\"https:\/\/www.edesia.al\/?product=krem-nate-anti-rudhe-liftgrenade\" \/>\n<meta property=\"og:site_name\" content=\"Edesia\" \/>\n<meta property=\"article:modified_time\" content=\"2026-02-25T18:11:29+00:00\" \/>\n<meta property=\"og:image\" content=\"https:\/\/www.edesia.al\/wp-content\/uploads\/2026\/02\/soin-repulpant-lissant-eclat-lift-grenade-1.png\" \/>\n\t<meta property=\"og:image:width\" content=\"400\" \/>\n\t<meta property=\"og:image:height\" content=\"400\" \/>\n\t<meta property=\"og:image:type\" content=\"image\/png\" \/>\n<meta name=\"twitter:card\" content=\"summary_large_image\" \/>\n<meta name=\"twitter:label1\" content=\"Est. reading time\" \/>\n\t<meta name=\"twitter:data1\" content=\"1 minute\" \/>\n<script type=\"application\/ld+json\" class=\"yoast-schema-graph\">{\"@context\":\"https:\\\/\\\/schema.org\",\"@graph\":[{\"@type\":\"WebPage\",\"@id\":\"https:\\\/\\\/www.edesia.al\\\/?product=krem-nate-anti-rudhe-liftgrenade\",\"url\":\"https:\\\/\\\/www.edesia.al\\\/?product=krem-nate-anti-rudhe-liftgrenade\",\"name\":\"Krem Nate Anti-rudh\u00eb \u00a0\\\"Lift'grenade\\\" - Edesia\",\"isPartOf\":{\"@id\":\"https:\\\/\\\/www.edesia.al\\\/#website\"},\"primaryImageOfPage\":{\"@id\":\"https:\\\/\\\/www.edesia.al\\\/?product=krem-nate-anti-rudhe-liftgrenade#primaryimage\"},\"image\":{\"@id\":\"https:\\\/\\\/www.edesia.al\\\/?product=krem-nate-anti-rudhe-liftgrenade#primaryimage\"},\"thumbnailUrl\":\"https:\\\/\\\/www.edesia.al\\\/wp-content\\\/uploads\\\/2026\\\/02\\\/soin-repulpant-lissant-eclat-lift-grenade-1.png\",\"datePublished\":\"2026-02-16T21:13:33+00:00\",\"dateModified\":\"2026-02-25T18:11:29+00:00\",\"breadcrumb\":{\"@id\":\"https:\\\/\\\/www.edesia.al\\\/?product=krem-nate-anti-rudhe-liftgrenade#breadcrumb\"},\"inLanguage\":\"en-US\",\"potentialAction\":[{\"@type\":\"ReadAction\",\"target\":[\"https:\\\/\\\/www.edesia.al\\\/?product=krem-nate-anti-rudhe-liftgrenade\"]}]},{\"@type\":\"ImageObject\",\"inLanguage\":\"en-US\",\"@id\":\"https:\\\/\\\/www.edesia.al\\\/?product=krem-nate-anti-rudhe-liftgrenade#primaryimage\",\"url\":\"https:\\\/\\\/www.edesia.al\\\/wp-content\\\/uploads\\\/2026\\\/02\\\/soin-repulpant-lissant-eclat-lift-grenade-1.png\",\"contentUrl\":\"https:\\\/\\\/www.edesia.al\\\/wp-content\\\/uploads\\\/2026\\\/02\\\/soin-repulpant-lissant-eclat-lift-grenade-1.png\",\"width\":400,\"height\":400},{\"@type\":\"BreadcrumbList\",\"@id\":\"https:\\\/\\\/www.edesia.al\\\/?product=krem-nate-anti-rudhe-liftgrenade#breadcrumb\",\"itemListElement\":[{\"@type\":\"ListItem\",\"position\":1,\"name\":\"Home\",\"item\":\"https:\\\/\\\/www.edesia.al\\\/\"},{\"@type\":\"ListItem\",\"position\":2,\"name\":\"Dyqani\",\"item\":\"https:\\\/\\\/www.edesia.al\\\/?page_id=17\"},{\"@type\":\"ListItem\",\"position\":3,\"name\":\"Krem Nate Anti-rudh\u00eb \u00a0&#8220;Lift&#8217;grenade&#8221;\"}]},{\"@type\":\"WebSite\",\"@id\":\"https:\\\/\\\/www.edesia.al\\\/#website\",\"url\":\"https:\\\/\\\/www.edesia.al\\\/\",\"name\":\"Edesia\",\"description\":\"\",\"publisher\":{\"@id\":\"https:\\\/\\\/www.edesia.al\\\/#organization\"},\"potentialAction\":[{\"@type\":\"SearchAction\",\"target\":{\"@type\":\"EntryPoint\",\"urlTemplate\":\"https:\\\/\\\/www.edesia.al\\\/?s={search_term_string}\"},\"query-input\":{\"@type\":\"PropertyValueSpecification\",\"valueRequired\":true,\"valueName\":\"search_term_string\"}}],\"inLanguage\":\"en-US\"},{\"@type\":\"Organization\",\"@id\":\"https:\\\/\\\/www.edesia.al\\\/#organization\",\"name\":\"Edesia\",\"url\":\"https:\\\/\\\/www.edesia.al\\\/\",\"logo\":{\"@type\":\"ImageObject\",\"inLanguage\":\"en-US\",\"@id\":\"https:\\\/\\\/www.edesia.al\\\/#\\\/schema\\\/logo\\\/image\\\/\",\"url\":\"https:\\\/\\\/www.edesia.al\\\/wp-content\\\/uploads\\\/2026\\\/02\\\/Logo-Edesia-no-background.png\",\"contentUrl\":\"https:\\\/\\\/www.edesia.al\\\/wp-content\\\/uploads\\\/2026\\\/02\\\/Logo-Edesia-no-background.png\",\"width\":293,\"height\":158,\"caption\":\"Edesia\"},\"image\":{\"@id\":\"https:\\\/\\\/www.edesia.al\\\/#\\\/schema\\\/logo\\\/image\\\/\"}}]}<\/script>\n<!-- \/ Yoast SEO plugin. -->","yoast_head_json":{"title":"Krem Nate Anti-rudh\u00eb \u00a0\"Lift'grenade\" - Edesia","robots":{"index":"index","follow":"follow","max-snippet":"max-snippet:-1","max-image-preview":"max-image-preview:large","max-video-preview":"max-video-preview:-1"},"canonical":"https:\/\/www.edesia.al\/?product=krem-nate-anti-rudhe-liftgrenade","og_locale":"en_US","og_type":"article","og_title":"Krem Nate Anti-rudh\u00eb \u00a0\"Lift'grenade\" - Edesia","og_description":"Krem Nate Anti-rudh\u00eb\u00a0 \u00a0&#8220;Lift&#8217;grenade&#8221; (50 ml) Linja So&#8217;Bio Etic ka mbledhur n\u00eb nj\u00eb krem t\u00eb vet\u00ebm ushqyes t\u00eb gjith\u00eb p\u00ebrb\u00ebr\u00ebsit organik\u00eb anti-rrudh\u00eb. Ekstrakti i sheg\u00ebs organike vepron si nj\u00eb antioksidant i fuqish\u00ebm duke kapur radikalet e lira dhe eliminuar vijat e holla t\u00eb rrudhave t\u00eb para. Gjithashtu zbut rrudhat e thella duke e l\u00ebn\u00eb l\u00ebkur\u00ebn[...]","og_url":"https:\/\/www.edesia.al\/?product=krem-nate-anti-rudhe-liftgrenade","og_site_name":"Edesia","article_modified_time":"2026-02-25T18:11:29+00:00","og_image":[{"width":400,"height":400,"url":"https:\/\/www.edesia.al\/wp-content\/uploads\/2026\/02\/soin-repulpant-lissant-eclat-lift-grenade-1.png","type":"image\/png"}],"twitter_card":"summary_large_image","twitter_misc":{"Est. reading time":"1 minute"},"schema":{"@context":"https:\/\/schema.org","@graph":[{"@type":"WebPage","@id":"https:\/\/www.edesia.al\/?product=krem-nate-anti-rudhe-liftgrenade","url":"https:\/\/www.edesia.al\/?product=krem-nate-anti-rudhe-liftgrenade","name":"Krem Nate Anti-rudh\u00eb \u00a0\"Lift'grenade\" - Edesia","isPartOf":{"@id":"https:\/\/www.edesia.al\/#website"},"primaryImageOfPage":{"@id":"https:\/\/www.edesia.al\/?product=krem-nate-anti-rudhe-liftgrenade#primaryimage"},"image":{"@id":"https:\/\/www.edesia.al\/?product=krem-nate-anti-rudhe-liftgrenade#primaryimage"},"thumbnailUrl":"https:\/\/www.edesia.al\/wp-content\/uploads\/2026\/02\/soin-repulpant-lissant-eclat-lift-grenade-1.png","datePublished":"2026-02-16T21:13:33+00:00","dateModified":"2026-02-25T18:11:29+00:00","breadcrumb":{"@id":"https:\/\/www.edesia.al\/?product=krem-nate-anti-rudhe-liftgrenade#breadcrumb"},"inLanguage":"en-US","potentialAction":[{"@type":"ReadAction","target":["https:\/\/www.edesia.al\/?product=krem-nate-anti-rudhe-liftgrenade"]}]},{"@type":"ImageObject","inLanguage":"en-US","@id":"https:\/\/www.edesia.al\/?product=krem-nate-anti-rudhe-liftgrenade#primaryimage","url":"https:\/\/www.edesia.al\/wp-content\/uploads\/2026\/02\/soin-repulpant-lissant-eclat-lift-grenade-1.png","contentUrl":"https:\/\/www.edesia.al\/wp-content\/uploads\/2026\/02\/soin-repulpant-lissant-eclat-lift-grenade-1.png","width":400,"height":400},{"@type":"BreadcrumbList","@id":"https:\/\/www.edesia.al\/?product=krem-nate-anti-rudhe-liftgrenade#breadcrumb","itemListElement":[{"@type":"ListItem","position":1,"name":"Home","item":"https:\/\/www.edesia.al\/"},{"@type":"ListItem","position":2,"name":"Dyqani","item":"https:\/\/www.edesia.al\/?page_id=17"},{"@type":"ListItem","position":3,"name":"Krem Nate Anti-rudh\u00eb \u00a0&#8220;Lift&#8217;grenade&#8221;"}]},{"@type":"WebSite","@id":"https:\/\/www.edesia.al\/#website","url":"https:\/\/www.edesia.al\/","name":"Edesia","description":"","publisher":{"@id":"https:\/\/www.edesia.al\/#organization"},"potentialAction":[{"@type":"SearchAction","target":{"@type":"EntryPoint","urlTemplate":"https:\/\/www.edesia.al\/?s={search_term_string}"},"query-input":{"@type":"PropertyValueSpecification","valueRequired":true,"valueName":"search_term_string"}}],"inLanguage":"en-US"},{"@type":"Organization","@id":"https:\/\/www.edesia.al\/#organization","name":"Edesia","url":"https:\/\/www.edesia.al\/","logo":{"@type":"ImageObject","inLanguage":"en-US","@id":"https:\/\/www.edesia.al\/#\/schema\/logo\/image\/","url":"https:\/\/www.edesia.al\/wp-content\/uploads\/2026\/02\/Logo-Edesia-no-background.png","contentUrl":"https:\/\/www.edesia.al\/wp-content\/uploads\/2026\/02\/Logo-Edesia-no-background.png","width":293,"height":158,"caption":"Edesia"},"image":{"@id":"https:\/\/www.edesia.al\/#\/schema\/logo\/image\/"}}]}},"_links":{"self":[{"href":"https:\/\/www.edesia.al\/index.php?rest_route=\/wp\/v2\/product\/7163","targetHints":{"allow":["GET"]}}],"collection":[{"href":"https:\/\/www.edesia.al\/index.php?rest_route=\/wp\/v2\/product"}],"about":[{"href":"https:\/\/www.edesia.al\/index.php?rest_route=\/wp\/v2\/types\/product"}],"replies":[{"embeddable":true,"href":"https:\/\/www.edesia.al\/index.php?rest_route=%2Fwp%2Fv2%2Fcomments&post=7163"}],"wp:featuredmedia":[{"embeddable":true,"href":"https:\/\/www.edesia.al\/index.php?rest_route=\/wp\/v2\/media\/7193"}],"wp:attachment":[{"href":"https:\/\/www.edesia.al\/index.php?rest_route=%2Fwp%2Fv2%2Fmedia&parent=7163"}],"wp:term":[{"taxonomy":"kategori-sipas-dietave","embeddable":true,"href":"https:\/\/www.edesia.al\/index.php?rest_route=%2Fwp%2Fv2%2Fkategori-sipas-dietave&post=7163"},{"taxonomy":"kategori-sipas-problemeve-shende","embeddable":true,"href":"https:\/\/www.edesia.al\/index.php?rest_route=%2Fwp%2Fv2%2Fkategori-sipas-problemeve-shende&post=7163"},{"taxonomy":"product_brand","embeddable":true,"href":"https:\/\/www.edesia.al\/index.php?rest_route=%2Fwp%2Fv2%2Fproduct_brand&post=7163"},{"taxonomy":"product_cat","embeddable":true,"href":"https:\/\/www.edesia.al\/index.php?rest_route=%2Fwp%2Fv2%2Fproduct_cat&post=7163"},{"taxonomy":"product_tag","embeddable":true,"href":"https:\/\/www.edesia.al\/index.php?rest_route=%2Fwp%2Fv2%2Fproduct_tag&post=7163"}],"curies":[{"name":"wp","href":"https:\/\/api.w.org\/{rel}","templated":true}]}}