{"id":7166,"date":"2026-02-16T21:13:33","date_gmt":"2026-02-16T21:13:33","guid":{"rendered":"https:\/\/www.edesia.al\/?post_type=product&#038;p=7166"},"modified":"2026-02-25T18:12:28","modified_gmt":"2026-02-25T18:12:28","slug":"serum-hidratues","status":"publish","type":"product","link":"https:\/\/www.edesia.al\/?product=serum-hidratues","title":{"rendered":"Serum Hidratues"},"content":{"rendered":"<h3>Serum\u00a0 Hidratues (40 ml)<\/h3>\n<p>Serumi hidratues me tekstur\u00eb t\u00eb plot\u00eb nga SO&#8217;BIO \u00e9tic njihet si nj\u00eb &#8220;arm\u00eb&#8221; kozmetike kund\u00ebr pap\u00ebrsosm\u00ebrive t\u00eb l\u00ebkur\u00ebs. Ka nj\u00eb struktur\u00eb p\u00ebrb\u00ebr\u00ebse tep\u00ebr t\u00eb ve\u00e7ant\u00eb, e cila \u00ebsht\u00eb konsistente por nj\u00ebkoh\u00ebsisht p\u00ebrthithet shum\u00eb leht\u00eb nga fytyra.<\/p>\n<h4>P\u00ebrmban:<\/h4>\n<p>Zinc PCA \u00ebsht\u00eb nj\u00eb p\u00ebrb\u00ebr\u00ebs i shk\u00eblqyer sidomos p\u00ebr l\u00ebkurat akneike, \u00ebsht\u00eb antiinflamator i cili ndihmon n\u00eb uljen e \u00ebnjtjeve, skuqjeve dhe gjithashtu zbeh njollat q\u00eb l\u00ebn\u00eb aknet.<\/p>\n<p>Prebiotik i cili ndihmon l\u00ebkur\u00ebn t\u00eb formoj\u00eb nj\u00eb mburoj\u00eb mbrojt\u00ebse natyrale kund\u00ebr ndot\u00ebsve t\u00eb mjedisit, duke reduktuar ndjeshm\u00ebrin\u00eb, inflamacionin dhe acarimin.<\/p>\n<ul>\n<li>99% e p\u00ebrb\u00ebr\u00ebsve t\u00eb tij kan\u00eb origjin\u00eb natyrale, organike<\/li>\n<li>Nuk p\u00ebrmban silikon dhe minerale t\u00eb d\u00ebmshme<\/li>\n<li>Nuk p\u00ebrmban ngjyrues sintetik<\/li>\n<\/ul>\n<h4>P\u00ebrdorimi:<\/h4>\n<p>Aplikojeni n\u00eb l\u00ebkur\u00eb t\u00eb past\u00ebr n\u00eb m\u00ebngjes.<\/p>\n","protected":false},"excerpt":{"rendered":"<p>Serum\u00a0 Hidratues (40 ml) Serumi hidratues me tekstur\u00eb t\u00eb plot\u00eb nga SO&#8217;BIO \u00e9tic njihet si nj\u00eb &#8220;arm\u00eb&#8221; kozmetike kund\u00ebr pap\u00ebrsosm\u00ebrive t\u00eb l\u00ebkur\u00ebs. Ka nj\u00eb struktur\u00eb p\u00ebrb\u00ebr\u00ebse tep\u00ebr t\u00eb ve\u00e7ant\u00eb, e cila \u00ebsht\u00eb konsistente por nj\u00ebkoh\u00ebsisht p\u00ebrthithet shum\u00eb leht\u00eb nga fytyra. P\u00ebrmban: Zinc PCA \u00ebsht\u00eb nj\u00eb p\u00ebrb\u00ebr\u00ebs i shk\u00eblqyer sidomos p\u00ebr l\u00ebkurat akneike, \u00ebsht\u00eb antiinflamator i[&#8230;]<\/p>\n","protected":false},"featured_media":7195,"comment_status":"open","ping_status":"closed","template":"","meta":{"_acf_changed":false,"inline_featured_image":false},"kategori-sipas-dietave":[],"kategori-sipas-problemeve-shende":[],"product_brand":[100],"product_cat":[79,23],"product_tag":[192],"class_list":{"0":"post-7166","1":"product","2":"type-product","3":"status-publish","4":"has-post-thumbnail","6":"product_brand-sobio-etic","7":"product_cat-kozmetike-kujdes-personal","8":"product_cat-vajra-kozmetike","9":"product_tag-vajra-kozmetike","11":"first","12":"instock","13":"taxable","14":"shipping-taxable","15":"purchasable","16":"product-type-simple"},"acf":[],"yoast_head":"<!-- This site is optimized with the Yoast SEO plugin v27.4 - https:\/\/yoast.com\/product\/yoast-seo-wordpress\/ -->\n<title>Serum Hidratues - Edesia<\/title>\n<meta name=\"robots\" content=\"index, follow, max-snippet:-1, max-image-preview:large, max-video-preview:-1\" \/>\n<link rel=\"canonical\" href=\"https:\/\/www.edesia.al\/?product=serum-hidratues\" \/>\n<meta property=\"og:locale\" content=\"en_US\" \/>\n<meta property=\"og:type\" content=\"article\" \/>\n<meta property=\"og:title\" content=\"Serum Hidratues - Edesia\" \/>\n<meta property=\"og:description\" content=\"Serum\u00a0 Hidratues (40 ml) Serumi hidratues me tekstur\u00eb t\u00eb plot\u00eb nga SO&#8217;BIO \u00e9tic njihet si nj\u00eb &#8220;arm\u00eb&#8221; kozmetike kund\u00ebr pap\u00ebrsosm\u00ebrive t\u00eb l\u00ebkur\u00ebs. Ka nj\u00eb struktur\u00eb p\u00ebrb\u00ebr\u00ebse tep\u00ebr t\u00eb ve\u00e7ant\u00eb, e cila \u00ebsht\u00eb konsistente por nj\u00ebkoh\u00ebsisht p\u00ebrthithet shum\u00eb leht\u00eb nga fytyra. P\u00ebrmban: Zinc PCA \u00ebsht\u00eb nj\u00eb p\u00ebrb\u00ebr\u00ebs i shk\u00eblqyer sidomos p\u00ebr l\u00ebkurat akneike, \u00ebsht\u00eb antiinflamator i[...]\" \/>\n<meta property=\"og:url\" content=\"https:\/\/www.edesia.al\/?product=serum-hidratues\" \/>\n<meta property=\"og:site_name\" content=\"Edesia\" \/>\n<meta property=\"article:modified_time\" content=\"2026-02-25T18:12:28+00:00\" \/>\n<meta property=\"og:image\" content=\"https:\/\/www.edesia.al\/wp-content\/uploads\/2026\/02\/100251_ff5b1f13.512x512-1.png\" \/>\n\t<meta property=\"og:image:width\" content=\"535\" \/>\n\t<meta property=\"og:image:height\" content=\"535\" \/>\n\t<meta property=\"og:image:type\" content=\"image\/png\" \/>\n<meta name=\"twitter:card\" content=\"summary_large_image\" \/>\n<meta name=\"twitter:label1\" content=\"Est. reading time\" \/>\n\t<meta name=\"twitter:data1\" content=\"1 minute\" \/>\n<script type=\"application\/ld+json\" class=\"yoast-schema-graph\">{\"@context\":\"https:\\\/\\\/schema.org\",\"@graph\":[{\"@type\":\"WebPage\",\"@id\":\"https:\\\/\\\/www.edesia.al\\\/?product=serum-hidratues\",\"url\":\"https:\\\/\\\/www.edesia.al\\\/?product=serum-hidratues\",\"name\":\"Serum Hidratues - Edesia\",\"isPartOf\":{\"@id\":\"https:\\\/\\\/www.edesia.al\\\/#website\"},\"primaryImageOfPage\":{\"@id\":\"https:\\\/\\\/www.edesia.al\\\/?product=serum-hidratues#primaryimage\"},\"image\":{\"@id\":\"https:\\\/\\\/www.edesia.al\\\/?product=serum-hidratues#primaryimage\"},\"thumbnailUrl\":\"https:\\\/\\\/www.edesia.al\\\/wp-content\\\/uploads\\\/2026\\\/02\\\/100251_ff5b1f13.512x512-1.png\",\"datePublished\":\"2026-02-16T21:13:33+00:00\",\"dateModified\":\"2026-02-25T18:12:28+00:00\",\"breadcrumb\":{\"@id\":\"https:\\\/\\\/www.edesia.al\\\/?product=serum-hidratues#breadcrumb\"},\"inLanguage\":\"en-US\",\"potentialAction\":[{\"@type\":\"ReadAction\",\"target\":[\"https:\\\/\\\/www.edesia.al\\\/?product=serum-hidratues\"]}]},{\"@type\":\"ImageObject\",\"inLanguage\":\"en-US\",\"@id\":\"https:\\\/\\\/www.edesia.al\\\/?product=serum-hidratues#primaryimage\",\"url\":\"https:\\\/\\\/www.edesia.al\\\/wp-content\\\/uploads\\\/2026\\\/02\\\/100251_ff5b1f13.512x512-1.png\",\"contentUrl\":\"https:\\\/\\\/www.edesia.al\\\/wp-content\\\/uploads\\\/2026\\\/02\\\/100251_ff5b1f13.512x512-1.png\",\"width\":535,\"height\":535},{\"@type\":\"BreadcrumbList\",\"@id\":\"https:\\\/\\\/www.edesia.al\\\/?product=serum-hidratues#breadcrumb\",\"itemListElement\":[{\"@type\":\"ListItem\",\"position\":1,\"name\":\"Home\",\"item\":\"https:\\\/\\\/www.edesia.al\\\/\"},{\"@type\":\"ListItem\",\"position\":2,\"name\":\"Dyqani\",\"item\":\"https:\\\/\\\/www.edesia.al\\\/?page_id=17\"},{\"@type\":\"ListItem\",\"position\":3,\"name\":\"Serum Hidratues\"}]},{\"@type\":\"WebSite\",\"@id\":\"https:\\\/\\\/www.edesia.al\\\/#website\",\"url\":\"https:\\\/\\\/www.edesia.al\\\/\",\"name\":\"Edesia\",\"description\":\"\",\"publisher\":{\"@id\":\"https:\\\/\\\/www.edesia.al\\\/#organization\"},\"potentialAction\":[{\"@type\":\"SearchAction\",\"target\":{\"@type\":\"EntryPoint\",\"urlTemplate\":\"https:\\\/\\\/www.edesia.al\\\/?s={search_term_string}\"},\"query-input\":{\"@type\":\"PropertyValueSpecification\",\"valueRequired\":true,\"valueName\":\"search_term_string\"}}],\"inLanguage\":\"en-US\"},{\"@type\":\"Organization\",\"@id\":\"https:\\\/\\\/www.edesia.al\\\/#organization\",\"name\":\"Edesia\",\"url\":\"https:\\\/\\\/www.edesia.al\\\/\",\"logo\":{\"@type\":\"ImageObject\",\"inLanguage\":\"en-US\",\"@id\":\"https:\\\/\\\/www.edesia.al\\\/#\\\/schema\\\/logo\\\/image\\\/\",\"url\":\"https:\\\/\\\/www.edesia.al\\\/wp-content\\\/uploads\\\/2026\\\/02\\\/Logo-Edesia-no-background.png\",\"contentUrl\":\"https:\\\/\\\/www.edesia.al\\\/wp-content\\\/uploads\\\/2026\\\/02\\\/Logo-Edesia-no-background.png\",\"width\":293,\"height\":158,\"caption\":\"Edesia\"},\"image\":{\"@id\":\"https:\\\/\\\/www.edesia.al\\\/#\\\/schema\\\/logo\\\/image\\\/\"}}]}<\/script>\n<!-- \/ Yoast SEO plugin. -->","yoast_head_json":{"title":"Serum Hidratues - Edesia","robots":{"index":"index","follow":"follow","max-snippet":"max-snippet:-1","max-image-preview":"max-image-preview:large","max-video-preview":"max-video-preview:-1"},"canonical":"https:\/\/www.edesia.al\/?product=serum-hidratues","og_locale":"en_US","og_type":"article","og_title":"Serum Hidratues - Edesia","og_description":"Serum\u00a0 Hidratues (40 ml) Serumi hidratues me tekstur\u00eb t\u00eb plot\u00eb nga SO&#8217;BIO \u00e9tic njihet si nj\u00eb &#8220;arm\u00eb&#8221; kozmetike kund\u00ebr pap\u00ebrsosm\u00ebrive t\u00eb l\u00ebkur\u00ebs. Ka nj\u00eb struktur\u00eb p\u00ebrb\u00ebr\u00ebse tep\u00ebr t\u00eb ve\u00e7ant\u00eb, e cila \u00ebsht\u00eb konsistente por nj\u00ebkoh\u00ebsisht p\u00ebrthithet shum\u00eb leht\u00eb nga fytyra. P\u00ebrmban: Zinc PCA \u00ebsht\u00eb nj\u00eb p\u00ebrb\u00ebr\u00ebs i shk\u00eblqyer sidomos p\u00ebr l\u00ebkurat akneike, \u00ebsht\u00eb antiinflamator i[...]","og_url":"https:\/\/www.edesia.al\/?product=serum-hidratues","og_site_name":"Edesia","article_modified_time":"2026-02-25T18:12:28+00:00","og_image":[{"width":535,"height":535,"url":"https:\/\/www.edesia.al\/wp-content\/uploads\/2026\/02\/100251_ff5b1f13.512x512-1.png","type":"image\/png"}],"twitter_card":"summary_large_image","twitter_misc":{"Est. reading time":"1 minute"},"schema":{"@context":"https:\/\/schema.org","@graph":[{"@type":"WebPage","@id":"https:\/\/www.edesia.al\/?product=serum-hidratues","url":"https:\/\/www.edesia.al\/?product=serum-hidratues","name":"Serum Hidratues - Edesia","isPartOf":{"@id":"https:\/\/www.edesia.al\/#website"},"primaryImageOfPage":{"@id":"https:\/\/www.edesia.al\/?product=serum-hidratues#primaryimage"},"image":{"@id":"https:\/\/www.edesia.al\/?product=serum-hidratues#primaryimage"},"thumbnailUrl":"https:\/\/www.edesia.al\/wp-content\/uploads\/2026\/02\/100251_ff5b1f13.512x512-1.png","datePublished":"2026-02-16T21:13:33+00:00","dateModified":"2026-02-25T18:12:28+00:00","breadcrumb":{"@id":"https:\/\/www.edesia.al\/?product=serum-hidratues#breadcrumb"},"inLanguage":"en-US","potentialAction":[{"@type":"ReadAction","target":["https:\/\/www.edesia.al\/?product=serum-hidratues"]}]},{"@type":"ImageObject","inLanguage":"en-US","@id":"https:\/\/www.edesia.al\/?product=serum-hidratues#primaryimage","url":"https:\/\/www.edesia.al\/wp-content\/uploads\/2026\/02\/100251_ff5b1f13.512x512-1.png","contentUrl":"https:\/\/www.edesia.al\/wp-content\/uploads\/2026\/02\/100251_ff5b1f13.512x512-1.png","width":535,"height":535},{"@type":"BreadcrumbList","@id":"https:\/\/www.edesia.al\/?product=serum-hidratues#breadcrumb","itemListElement":[{"@type":"ListItem","position":1,"name":"Home","item":"https:\/\/www.edesia.al\/"},{"@type":"ListItem","position":2,"name":"Dyqani","item":"https:\/\/www.edesia.al\/?page_id=17"},{"@type":"ListItem","position":3,"name":"Serum Hidratues"}]},{"@type":"WebSite","@id":"https:\/\/www.edesia.al\/#website","url":"https:\/\/www.edesia.al\/","name":"Edesia","description":"","publisher":{"@id":"https:\/\/www.edesia.al\/#organization"},"potentialAction":[{"@type":"SearchAction","target":{"@type":"EntryPoint","urlTemplate":"https:\/\/www.edesia.al\/?s={search_term_string}"},"query-input":{"@type":"PropertyValueSpecification","valueRequired":true,"valueName":"search_term_string"}}],"inLanguage":"en-US"},{"@type":"Organization","@id":"https:\/\/www.edesia.al\/#organization","name":"Edesia","url":"https:\/\/www.edesia.al\/","logo":{"@type":"ImageObject","inLanguage":"en-US","@id":"https:\/\/www.edesia.al\/#\/schema\/logo\/image\/","url":"https:\/\/www.edesia.al\/wp-content\/uploads\/2026\/02\/Logo-Edesia-no-background.png","contentUrl":"https:\/\/www.edesia.al\/wp-content\/uploads\/2026\/02\/Logo-Edesia-no-background.png","width":293,"height":158,"caption":"Edesia"},"image":{"@id":"https:\/\/www.edesia.al\/#\/schema\/logo\/image\/"}}]}},"_links":{"self":[{"href":"https:\/\/www.edesia.al\/index.php?rest_route=\/wp\/v2\/product\/7166","targetHints":{"allow":["GET"]}}],"collection":[{"href":"https:\/\/www.edesia.al\/index.php?rest_route=\/wp\/v2\/product"}],"about":[{"href":"https:\/\/www.edesia.al\/index.php?rest_route=\/wp\/v2\/types\/product"}],"replies":[{"embeddable":true,"href":"https:\/\/www.edesia.al\/index.php?rest_route=%2Fwp%2Fv2%2Fcomments&post=7166"}],"wp:featuredmedia":[{"embeddable":true,"href":"https:\/\/www.edesia.al\/index.php?rest_route=\/wp\/v2\/media\/7195"}],"wp:attachment":[{"href":"https:\/\/www.edesia.al\/index.php?rest_route=%2Fwp%2Fv2%2Fmedia&parent=7166"}],"wp:term":[{"taxonomy":"kategori-sipas-dietave","embeddable":true,"href":"https:\/\/www.edesia.al\/index.php?rest_route=%2Fwp%2Fv2%2Fkategori-sipas-dietave&post=7166"},{"taxonomy":"kategori-sipas-problemeve-shende","embeddable":true,"href":"https:\/\/www.edesia.al\/index.php?rest_route=%2Fwp%2Fv2%2Fkategori-sipas-problemeve-shende&post=7166"},{"taxonomy":"product_brand","embeddable":true,"href":"https:\/\/www.edesia.al\/index.php?rest_route=%2Fwp%2Fv2%2Fproduct_brand&post=7166"},{"taxonomy":"product_cat","embeddable":true,"href":"https:\/\/www.edesia.al\/index.php?rest_route=%2Fwp%2Fv2%2Fproduct_cat&post=7166"},{"taxonomy":"product_tag","embeddable":true,"href":"https:\/\/www.edesia.al\/index.php?rest_route=%2Fwp%2Fv2%2Fproduct_tag&post=7166"}],"curies":[{"name":"wp","href":"https:\/\/api.w.org\/{rel}","templated":true}]}}