{"id":7167,"date":"2026-02-16T21:13:33","date_gmt":"2026-02-16T21:13:33","guid":{"rendered":"https:\/\/www.edesia.al\/?post_type=product&#038;p=7167"},"modified":"2026-02-25T18:13:15","modified_gmt":"2026-02-25T18:13:15","slug":"qumesht-pastrues-sobio-etic","status":"publish","type":"product","link":"https:\/\/www.edesia.al\/?product=qumesht-pastrues-sobio-etic","title":{"rendered":"Qum\u00ebsht Pastrues So&#8217;Bio Etic"},"content":{"rendered":"<h3>Qum\u00ebsht pastrues (200ml)<\/h3>\n<p>So&#8217;Bio Etic ka krijuar nj\u00eb formul\u00eb unike p\u00ebr pastrimin delikat t\u00eb l\u00ebkur\u00ebs nga make-up-i dhe papast\u00ebrtit\u00eb.<\/p>\n<p>P\u00ebrb\u00ebr\u00ebsit kryesor\u00eb jan\u00eb qum\u00ebshti i gomarit dhe ekstrakti i lule kamomilit. T\u00eb dyja k\u00ebto p\u00ebrb\u00ebr\u00ebs mund\u00ebsojn\u00eb q\u00eb barriera e l\u00ebkur\u00ebs t\u00eb mbetet e pad\u00ebmtuar, duke qet\u00ebsuar dhe hidratuar gjat\u00eb pastrimit.<\/p>\n<p>Mund t\u00eb p\u00ebrdoret p\u00ebr t\u00eb gjitha llojet e l\u00ebkur\u00ebs (t\u00eb that\u00eb, t\u00eb yndyrshme apo mikse). Aq sa \u00ebsht\u00eb i but\u00eb me l\u00ebkur\u00ebn, \u00ebsht\u00eb agresiv me papast\u00ebrtit\u00eb, duke hequr 100% \u00e7do papast\u00ebrti n\u00eb l\u00ebkur\u00eb. Tekstura e tij e leht\u00eb dhe jo e yndyrshme e l\u00eb l\u00ebkur\u00ebn t\u00eb past\u00ebr, t\u00eb but\u00eb dhe t\u00eb hidratuar!<\/p>\n<ul>\n<li>99% e p\u00ebrb\u00ebr\u00ebsve t\u00eb tij kan\u00eb origjin\u00eb natyrale, organike<\/li>\n<li>Nuk p\u00ebrmban silikon dhe minerale t\u00eb d\u00ebmshme<\/li>\n<li>Nuk p\u00ebrmban ngjyrues sintetik<\/li>\n<\/ul>\n<h4><strong>P\u00ebrdorimi:<\/strong><\/h4>\n<p>Aplikojeni mbi nj\u00eb tampon pambuku dhe pastroni but\u00ebsisht fytyr\u00ebn, syt\u00eb dhe buz\u00ebt.<\/p>\n<p>&nbsp;<\/p>\n","protected":false},"excerpt":{"rendered":"<p>Qum\u00ebsht pastrues (200ml) So&#8217;Bio Etic ka krijuar nj\u00eb formul\u00eb unike p\u00ebr pastrimin delikat t\u00eb l\u00ebkur\u00ebs nga make-up-i dhe papast\u00ebrtit\u00eb. P\u00ebrb\u00ebr\u00ebsit kryesor\u00eb jan\u00eb qum\u00ebshti i gomarit dhe ekstrakti i lule kamomilit. T\u00eb dyja k\u00ebto p\u00ebrb\u00ebr\u00ebs mund\u00ebsojn\u00eb q\u00eb barriera e l\u00ebkur\u00ebs t\u00eb mbetet e pad\u00ebmtuar, duke qet\u00ebsuar dhe hidratuar gjat\u00eb pastrimit. Mund t\u00eb p\u00ebrdoret p\u00ebr t\u00eb gjitha[&#8230;]<\/p>\n","protected":false},"featured_media":7196,"comment_status":"closed","ping_status":"closed","template":"","meta":{"_acf_changed":false,"inline_featured_image":false},"kategori-sipas-dietave":[],"kategori-sipas-problemeve-shende":[],"product_brand":[100],"product_cat":[79,74],"product_tag":[196],"class_list":{"0":"post-7167","1":"product","2":"type-product","3":"status-publish","4":"has-post-thumbnail","6":"product_brand-sobio-etic","7":"product_cat-kozmetike-kujdes-personal","8":"product_cat-kremra-per-lekuren","9":"product_tag-kremra-per-lekuren","11":"first","12":"instock","13":"taxable","14":"shipping-taxable","15":"purchasable","16":"product-type-simple"},"acf":[],"yoast_head":"<!-- This site is optimized with the Yoast SEO plugin v27.4 - https:\/\/yoast.com\/product\/yoast-seo-wordpress\/ -->\n<title>Qum\u00ebsht Pastrues So&#039;Bio Etic - Edesia<\/title>\n<meta name=\"robots\" content=\"index, follow, max-snippet:-1, max-image-preview:large, max-video-preview:-1\" \/>\n<link rel=\"canonical\" href=\"https:\/\/www.edesia.al\/?product=qumesht-pastrues-sobio-etic\" \/>\n<meta property=\"og:locale\" content=\"en_US\" \/>\n<meta property=\"og:type\" content=\"article\" \/>\n<meta property=\"og:title\" content=\"Qum\u00ebsht Pastrues So&#039;Bio Etic - Edesia\" \/>\n<meta property=\"og:description\" content=\"Qum\u00ebsht pastrues (200ml) So&#8217;Bio Etic ka krijuar nj\u00eb formul\u00eb unike p\u00ebr pastrimin delikat t\u00eb l\u00ebkur\u00ebs nga make-up-i dhe papast\u00ebrtit\u00eb. P\u00ebrb\u00ebr\u00ebsit kryesor\u00eb jan\u00eb qum\u00ebshti i gomarit dhe ekstrakti i lule kamomilit. T\u00eb dyja k\u00ebto p\u00ebrb\u00ebr\u00ebs mund\u00ebsojn\u00eb q\u00eb barriera e l\u00ebkur\u00ebs t\u00eb mbetet e pad\u00ebmtuar, duke qet\u00ebsuar dhe hidratuar gjat\u00eb pastrimit. Mund t\u00eb p\u00ebrdoret p\u00ebr t\u00eb gjitha[...]\" \/>\n<meta property=\"og:url\" content=\"https:\/\/www.edesia.al\/?product=qumesht-pastrues-sobio-etic\" \/>\n<meta property=\"og:site_name\" content=\"Edesia\" \/>\n<meta property=\"article:modified_time\" content=\"2026-02-25T18:13:15+00:00\" \/>\n<meta property=\"og:image\" content=\"https:\/\/www.edesia.al\/wp-content\/uploads\/2026\/02\/1332693-lait-demaquillant-lait-anesse-lea-nature-so-bio-etic-2-1.png\" \/>\n\t<meta property=\"og:image:width\" content=\"535\" \/>\n\t<meta property=\"og:image:height\" content=\"535\" \/>\n\t<meta property=\"og:image:type\" content=\"image\/png\" \/>\n<meta name=\"twitter:card\" content=\"summary_large_image\" \/>\n<meta name=\"twitter:label1\" content=\"Est. reading time\" \/>\n\t<meta name=\"twitter:data1\" content=\"1 minute\" \/>\n<script type=\"application\/ld+json\" class=\"yoast-schema-graph\">{\"@context\":\"https:\\\/\\\/schema.org\",\"@graph\":[{\"@type\":\"WebPage\",\"@id\":\"https:\\\/\\\/www.edesia.al\\\/?product=qumesht-pastrues-sobio-etic\",\"url\":\"https:\\\/\\\/www.edesia.al\\\/?product=qumesht-pastrues-sobio-etic\",\"name\":\"Qum\u00ebsht Pastrues So'Bio Etic - Edesia\",\"isPartOf\":{\"@id\":\"https:\\\/\\\/www.edesia.al\\\/#website\"},\"primaryImageOfPage\":{\"@id\":\"https:\\\/\\\/www.edesia.al\\\/?product=qumesht-pastrues-sobio-etic#primaryimage\"},\"image\":{\"@id\":\"https:\\\/\\\/www.edesia.al\\\/?product=qumesht-pastrues-sobio-etic#primaryimage\"},\"thumbnailUrl\":\"https:\\\/\\\/www.edesia.al\\\/wp-content\\\/uploads\\\/2026\\\/02\\\/1332693-lait-demaquillant-lait-anesse-lea-nature-so-bio-etic-2-1.png\",\"datePublished\":\"2026-02-16T21:13:33+00:00\",\"dateModified\":\"2026-02-25T18:13:15+00:00\",\"breadcrumb\":{\"@id\":\"https:\\\/\\\/www.edesia.al\\\/?product=qumesht-pastrues-sobio-etic#breadcrumb\"},\"inLanguage\":\"en-US\",\"potentialAction\":[{\"@type\":\"ReadAction\",\"target\":[\"https:\\\/\\\/www.edesia.al\\\/?product=qumesht-pastrues-sobio-etic\"]}]},{\"@type\":\"ImageObject\",\"inLanguage\":\"en-US\",\"@id\":\"https:\\\/\\\/www.edesia.al\\\/?product=qumesht-pastrues-sobio-etic#primaryimage\",\"url\":\"https:\\\/\\\/www.edesia.al\\\/wp-content\\\/uploads\\\/2026\\\/02\\\/1332693-lait-demaquillant-lait-anesse-lea-nature-so-bio-etic-2-1.png\",\"contentUrl\":\"https:\\\/\\\/www.edesia.al\\\/wp-content\\\/uploads\\\/2026\\\/02\\\/1332693-lait-demaquillant-lait-anesse-lea-nature-so-bio-etic-2-1.png\",\"width\":535,\"height\":535},{\"@type\":\"BreadcrumbList\",\"@id\":\"https:\\\/\\\/www.edesia.al\\\/?product=qumesht-pastrues-sobio-etic#breadcrumb\",\"itemListElement\":[{\"@type\":\"ListItem\",\"position\":1,\"name\":\"Home\",\"item\":\"https:\\\/\\\/www.edesia.al\\\/\"},{\"@type\":\"ListItem\",\"position\":2,\"name\":\"Dyqani\",\"item\":\"https:\\\/\\\/www.edesia.al\\\/?page_id=17\"},{\"@type\":\"ListItem\",\"position\":3,\"name\":\"Qum\u00ebsht Pastrues So&#8217;Bio Etic\"}]},{\"@type\":\"WebSite\",\"@id\":\"https:\\\/\\\/www.edesia.al\\\/#website\",\"url\":\"https:\\\/\\\/www.edesia.al\\\/\",\"name\":\"Edesia\",\"description\":\"\",\"publisher\":{\"@id\":\"https:\\\/\\\/www.edesia.al\\\/#organization\"},\"potentialAction\":[{\"@type\":\"SearchAction\",\"target\":{\"@type\":\"EntryPoint\",\"urlTemplate\":\"https:\\\/\\\/www.edesia.al\\\/?s={search_term_string}\"},\"query-input\":{\"@type\":\"PropertyValueSpecification\",\"valueRequired\":true,\"valueName\":\"search_term_string\"}}],\"inLanguage\":\"en-US\"},{\"@type\":\"Organization\",\"@id\":\"https:\\\/\\\/www.edesia.al\\\/#organization\",\"name\":\"Edesia\",\"url\":\"https:\\\/\\\/www.edesia.al\\\/\",\"logo\":{\"@type\":\"ImageObject\",\"inLanguage\":\"en-US\",\"@id\":\"https:\\\/\\\/www.edesia.al\\\/#\\\/schema\\\/logo\\\/image\\\/\",\"url\":\"https:\\\/\\\/www.edesia.al\\\/wp-content\\\/uploads\\\/2026\\\/02\\\/Logo-Edesia-no-background.png\",\"contentUrl\":\"https:\\\/\\\/www.edesia.al\\\/wp-content\\\/uploads\\\/2026\\\/02\\\/Logo-Edesia-no-background.png\",\"width\":293,\"height\":158,\"caption\":\"Edesia\"},\"image\":{\"@id\":\"https:\\\/\\\/www.edesia.al\\\/#\\\/schema\\\/logo\\\/image\\\/\"}}]}<\/script>\n<!-- \/ Yoast SEO plugin. -->","yoast_head_json":{"title":"Qum\u00ebsht Pastrues So'Bio Etic - Edesia","robots":{"index":"index","follow":"follow","max-snippet":"max-snippet:-1","max-image-preview":"max-image-preview:large","max-video-preview":"max-video-preview:-1"},"canonical":"https:\/\/www.edesia.al\/?product=qumesht-pastrues-sobio-etic","og_locale":"en_US","og_type":"article","og_title":"Qum\u00ebsht Pastrues So'Bio Etic - Edesia","og_description":"Qum\u00ebsht pastrues (200ml) So&#8217;Bio Etic ka krijuar nj\u00eb formul\u00eb unike p\u00ebr pastrimin delikat t\u00eb l\u00ebkur\u00ebs nga make-up-i dhe papast\u00ebrtit\u00eb. P\u00ebrb\u00ebr\u00ebsit kryesor\u00eb jan\u00eb qum\u00ebshti i gomarit dhe ekstrakti i lule kamomilit. T\u00eb dyja k\u00ebto p\u00ebrb\u00ebr\u00ebs mund\u00ebsojn\u00eb q\u00eb barriera e l\u00ebkur\u00ebs t\u00eb mbetet e pad\u00ebmtuar, duke qet\u00ebsuar dhe hidratuar gjat\u00eb pastrimit. Mund t\u00eb p\u00ebrdoret p\u00ebr t\u00eb gjitha[...]","og_url":"https:\/\/www.edesia.al\/?product=qumesht-pastrues-sobio-etic","og_site_name":"Edesia","article_modified_time":"2026-02-25T18:13:15+00:00","og_image":[{"width":535,"height":535,"url":"https:\/\/www.edesia.al\/wp-content\/uploads\/2026\/02\/1332693-lait-demaquillant-lait-anesse-lea-nature-so-bio-etic-2-1.png","type":"image\/png"}],"twitter_card":"summary_large_image","twitter_misc":{"Est. reading time":"1 minute"},"schema":{"@context":"https:\/\/schema.org","@graph":[{"@type":"WebPage","@id":"https:\/\/www.edesia.al\/?product=qumesht-pastrues-sobio-etic","url":"https:\/\/www.edesia.al\/?product=qumesht-pastrues-sobio-etic","name":"Qum\u00ebsht Pastrues So'Bio Etic - Edesia","isPartOf":{"@id":"https:\/\/www.edesia.al\/#website"},"primaryImageOfPage":{"@id":"https:\/\/www.edesia.al\/?product=qumesht-pastrues-sobio-etic#primaryimage"},"image":{"@id":"https:\/\/www.edesia.al\/?product=qumesht-pastrues-sobio-etic#primaryimage"},"thumbnailUrl":"https:\/\/www.edesia.al\/wp-content\/uploads\/2026\/02\/1332693-lait-demaquillant-lait-anesse-lea-nature-so-bio-etic-2-1.png","datePublished":"2026-02-16T21:13:33+00:00","dateModified":"2026-02-25T18:13:15+00:00","breadcrumb":{"@id":"https:\/\/www.edesia.al\/?product=qumesht-pastrues-sobio-etic#breadcrumb"},"inLanguage":"en-US","potentialAction":[{"@type":"ReadAction","target":["https:\/\/www.edesia.al\/?product=qumesht-pastrues-sobio-etic"]}]},{"@type":"ImageObject","inLanguage":"en-US","@id":"https:\/\/www.edesia.al\/?product=qumesht-pastrues-sobio-etic#primaryimage","url":"https:\/\/www.edesia.al\/wp-content\/uploads\/2026\/02\/1332693-lait-demaquillant-lait-anesse-lea-nature-so-bio-etic-2-1.png","contentUrl":"https:\/\/www.edesia.al\/wp-content\/uploads\/2026\/02\/1332693-lait-demaquillant-lait-anesse-lea-nature-so-bio-etic-2-1.png","width":535,"height":535},{"@type":"BreadcrumbList","@id":"https:\/\/www.edesia.al\/?product=qumesht-pastrues-sobio-etic#breadcrumb","itemListElement":[{"@type":"ListItem","position":1,"name":"Home","item":"https:\/\/www.edesia.al\/"},{"@type":"ListItem","position":2,"name":"Dyqani","item":"https:\/\/www.edesia.al\/?page_id=17"},{"@type":"ListItem","position":3,"name":"Qum\u00ebsht Pastrues So&#8217;Bio Etic"}]},{"@type":"WebSite","@id":"https:\/\/www.edesia.al\/#website","url":"https:\/\/www.edesia.al\/","name":"Edesia","description":"","publisher":{"@id":"https:\/\/www.edesia.al\/#organization"},"potentialAction":[{"@type":"SearchAction","target":{"@type":"EntryPoint","urlTemplate":"https:\/\/www.edesia.al\/?s={search_term_string}"},"query-input":{"@type":"PropertyValueSpecification","valueRequired":true,"valueName":"search_term_string"}}],"inLanguage":"en-US"},{"@type":"Organization","@id":"https:\/\/www.edesia.al\/#organization","name":"Edesia","url":"https:\/\/www.edesia.al\/","logo":{"@type":"ImageObject","inLanguage":"en-US","@id":"https:\/\/www.edesia.al\/#\/schema\/logo\/image\/","url":"https:\/\/www.edesia.al\/wp-content\/uploads\/2026\/02\/Logo-Edesia-no-background.png","contentUrl":"https:\/\/www.edesia.al\/wp-content\/uploads\/2026\/02\/Logo-Edesia-no-background.png","width":293,"height":158,"caption":"Edesia"},"image":{"@id":"https:\/\/www.edesia.al\/#\/schema\/logo\/image\/"}}]}},"_links":{"self":[{"href":"https:\/\/www.edesia.al\/index.php?rest_route=\/wp\/v2\/product\/7167","targetHints":{"allow":["GET"]}}],"collection":[{"href":"https:\/\/www.edesia.al\/index.php?rest_route=\/wp\/v2\/product"}],"about":[{"href":"https:\/\/www.edesia.al\/index.php?rest_route=\/wp\/v2\/types\/product"}],"replies":[{"embeddable":true,"href":"https:\/\/www.edesia.al\/index.php?rest_route=%2Fwp%2Fv2%2Fcomments&post=7167"}],"wp:featuredmedia":[{"embeddable":true,"href":"https:\/\/www.edesia.al\/index.php?rest_route=\/wp\/v2\/media\/7196"}],"wp:attachment":[{"href":"https:\/\/www.edesia.al\/index.php?rest_route=%2Fwp%2Fv2%2Fmedia&parent=7167"}],"wp:term":[{"taxonomy":"kategori-sipas-dietave","embeddable":true,"href":"https:\/\/www.edesia.al\/index.php?rest_route=%2Fwp%2Fv2%2Fkategori-sipas-dietave&post=7167"},{"taxonomy":"kategori-sipas-problemeve-shende","embeddable":true,"href":"https:\/\/www.edesia.al\/index.php?rest_route=%2Fwp%2Fv2%2Fkategori-sipas-problemeve-shende&post=7167"},{"taxonomy":"product_brand","embeddable":true,"href":"https:\/\/www.edesia.al\/index.php?rest_route=%2Fwp%2Fv2%2Fproduct_brand&post=7167"},{"taxonomy":"product_cat","embeddable":true,"href":"https:\/\/www.edesia.al\/index.php?rest_route=%2Fwp%2Fv2%2Fproduct_cat&post=7167"},{"taxonomy":"product_tag","embeddable":true,"href":"https:\/\/www.edesia.al\/index.php?rest_route=%2Fwp%2Fv2%2Fproduct_tag&post=7167"}],"curies":[{"name":"wp","href":"https:\/\/api.w.org\/{rel}","templated":true}]}}