{"id":7170,"date":"2026-02-16T21:13:34","date_gmt":"2026-02-16T21:13:34","guid":{"rendered":"https:\/\/www.edesia.al\/?post_type=product&#038;p=7170"},"modified":"2026-02-25T18:14:04","modified_gmt":"2026-02-25T18:14:04","slug":"vaj-esencial-rozmarine-2","status":"publish","type":"product","link":"https:\/\/www.edesia.al\/?product=vaj-esencial-rozmarine-2","title":{"rendered":"Vaj Esencial Rozmarine"},"content":{"rendered":"<h3>Vaj Esencial Rozmarine (10 ml)<\/h3>\n<p>Vaji esencial i rozmarin\u00ebs \u00ebsht\u00eb nj\u00eb nga vajrat m\u00eb t\u00eb p\u00ebrmendur p\u00ebr vetit\u00eb e tij estetike dhe aromaterapeutike. Q\u00eb n\u00eb lasht\u00ebsi \u00ebsht\u00eb p\u00ebrdorur nga grek\u00ebt dhe romak\u00ebt n\u00eb ritualet e tyre fetare, por gjithashtu si bim\u00eb medicinale. Sot gjen nj\u00eb p\u00ebrdorim t\u00eb gjer\u00eb n\u00eb kuzhin\u00eb, kozmetik\u00eb dhe farmaceutik\u00eb.<\/p>\n<p>Vaji esencial i rozmarin\u00ebs p\u00ebrdoret kryesisht p\u00ebr p\u00ebrdorim t\u00eb jasht\u00ebm, por nuk duhen n\u00ebnvler\u00ebsuar vetit\u00eb e tij fantastike p\u00ebr organizmin.<\/p>\n<p><strong>Benefitet sh\u00ebndet\u00ebsore t\u00eb vajit esencial t\u00eb rozmarin\u00ebs:<\/strong><\/p>\n<ol>\n<li><strong>Stimulues i trurit:<\/strong> P\u00ebrdoret si aromaterapi p\u00ebr t\u00eb rritur vigjilenc\u00ebn mendore, qart\u00ebsin\u00eb dhe aft\u00ebsin\u00eb nx\u00ebn\u00ebse.<\/li>\n<li><strong>Leht\u00ebsim i dhimbjes:<\/strong> P\u00ebrdoret n\u00eb masazh p\u00ebr t\u00eb leht\u00ebsuar dhimbjen nga artriti dhe problemet reumatizmale pasi ka veti anti-inflamatore.<\/li>\n<li><strong>Antimikrobial dhe Antifungal:<\/strong> Ka treguar t\u00eb jet\u00eb efektiv kund\u00ebr nj\u00eb s\u00ebr\u00eb bakteresh dhe k\u00ebrpudhash, duke e b\u00ebr\u00eb t\u00eb dobish\u00ebm p\u00ebr trajtimin e infeksioneve t\u00eb l\u00ebkur\u00ebs dhe p\u00ebr dezinfektimin e mjedisit.<\/li>\n<li><strong>Kund\u00ebr r\u00ebnies s\u00eb flok\u00ebve:<\/strong> \u00cbsht\u00eb vaj num\u00ebr 1 p\u00ebr r\u00ebnien e flok\u00ebve, pastrimin e zbokthit, forcimin dhe rritjen e tyre.<\/li>\n<li><strong>Detoksifikim:<\/strong> Mund t\u00eb konsumohet dhe ndihmon n\u00eb pastrimin e trupit nga toksinat dhe n\u00eb p\u00ebrmir\u00ebsimin e funksionit t\u00eb m\u00ebl\u00e7is\u00eb dhe veshkave.<\/li>\n<li><strong>Efekt diuretik:<\/strong> Ndihmon n\u00eb eliminimin e mbeturinave dhe uj\u00ebrave t\u00eb tep\u00ebrta nga trupi.<\/li>\n<li><strong>Leht\u00ebsim i dhimbjeve menstruale dhe problemeve t\u00eb tretjes:<\/strong> P\u00ebrdoret p\u00ebr t\u00eb leht\u00ebsuar dhimbjet menstruale dhe krampet e stomakut.<\/li>\n<\/ol>\n<p><strong>P\u00ebrdorimi:<\/strong><\/p>\n<p>Vaji esencial p\u00ebr p\u00ebrdorim kozmetik hollohet gjithmon\u00eb me nj\u00eb vaj tjet\u00ebr q\u00eb mund t\u00eb jet\u00eb vaj kokosi apo vaj ulliri. Pasi e keni p\u00ebrzier, mund ta p\u00ebrdorni si mask\u00eb p\u00ebr flok\u00ebt apo t\u00eb masazhoni vendet problematike n\u00eb l\u00ebkur\u00eb. P\u00ebr konsumim duhet t\u00eb jemi t\u00eb kujdessh\u00ebm: vet\u00ebm 1-2 pika n\u00eb dit\u00eb t\u00eb tretura n\u00eb uj\u00eb ose n\u00eb l\u00ebng, jo m\u00eb gjat\u00eb se 5 dit\u00eb.**<\/p>\n","protected":false},"excerpt":{"rendered":"<p>Vaj Esencial Rozmarine (10 ml) Vaji esencial i rozmarin\u00ebs \u00ebsht\u00eb nj\u00eb nga vajrat m\u00eb t\u00eb p\u00ebrmendur p\u00ebr vetit\u00eb e tij estetike dhe aromaterapeutike. Q\u00eb n\u00eb lasht\u00ebsi \u00ebsht\u00eb p\u00ebrdorur nga grek\u00ebt dhe romak\u00ebt n\u00eb ritualet e tyre fetare, por gjithashtu si bim\u00eb medicinale. Sot gjen nj\u00eb p\u00ebrdorim t\u00eb gjer\u00eb n\u00eb kuzhin\u00eb, kozmetik\u00eb dhe farmaceutik\u00eb. Vaji esencial[&#8230;]<\/p>\n","protected":false},"featured_media":7199,"comment_status":"open","ping_status":"closed","template":"","meta":{"_acf_changed":false,"inline_featured_image":false},"kategori-sipas-dietave":[],"kategori-sipas-problemeve-shende":[],"product_brand":[32,35],"product_cat":[44,45],"product_tag":[182],"class_list":{"0":"post-7170","1":"product","2":"type-product","3":"status-publish","4":"has-post-thumbnail","6":"product_brand-bioagros","7":"product_brand-sonnentor-sh-p-k","8":"product_cat-shtepi-stil-jetese","9":"product_cat-vajra-esenciale","10":"product_tag-vajra-esencial","12":"first","13":"instock","14":"taxable","15":"shipping-taxable","16":"purchasable","17":"product-type-simple"},"acf":[],"yoast_head":"<!-- This site is optimized with the Yoast SEO plugin v27.4 - https:\/\/yoast.com\/product\/yoast-seo-wordpress\/ -->\n<title>Vaj Esencial Rozmarine - Edesia<\/title>\n<meta name=\"robots\" content=\"index, follow, max-snippet:-1, max-image-preview:large, max-video-preview:-1\" \/>\n<link rel=\"canonical\" href=\"https:\/\/www.edesia.al\/?product=vaj-esencial-rozmarine-2\" \/>\n<meta property=\"og:locale\" content=\"en_US\" \/>\n<meta property=\"og:type\" content=\"article\" \/>\n<meta property=\"og:title\" content=\"Vaj Esencial Rozmarine - Edesia\" \/>\n<meta property=\"og:description\" content=\"Vaj Esencial Rozmarine (10 ml) Vaji esencial i rozmarin\u00ebs \u00ebsht\u00eb nj\u00eb nga vajrat m\u00eb t\u00eb p\u00ebrmendur p\u00ebr vetit\u00eb e tij estetike dhe aromaterapeutike. Q\u00eb n\u00eb lasht\u00ebsi \u00ebsht\u00eb p\u00ebrdorur nga grek\u00ebt dhe romak\u00ebt n\u00eb ritualet e tyre fetare, por gjithashtu si bim\u00eb medicinale. Sot gjen nj\u00eb p\u00ebrdorim t\u00eb gjer\u00eb n\u00eb kuzhin\u00eb, kozmetik\u00eb dhe farmaceutik\u00eb. Vaji esencial[...]\" \/>\n<meta property=\"og:url\" content=\"https:\/\/www.edesia.al\/?product=vaj-esencial-rozmarine-2\" \/>\n<meta property=\"og:site_name\" content=\"Edesia\" \/>\n<meta property=\"article:modified_time\" content=\"2026-02-25T18:14:04+00:00\" \/>\n<meta property=\"og:image\" content=\"https:\/\/www.edesia.al\/wp-content\/uploads\/2026\/02\/121041515-1-1.png\" \/>\n\t<meta property=\"og:image:width\" content=\"535\" \/>\n\t<meta property=\"og:image:height\" content=\"535\" \/>\n\t<meta property=\"og:image:type\" content=\"image\/png\" \/>\n<meta name=\"twitter:card\" content=\"summary_large_image\" \/>\n<meta name=\"twitter:label1\" content=\"Est. reading time\" \/>\n\t<meta name=\"twitter:data1\" content=\"2 minutes\" \/>\n<script type=\"application\/ld+json\" class=\"yoast-schema-graph\">{\"@context\":\"https:\\\/\\\/schema.org\",\"@graph\":[{\"@type\":\"WebPage\",\"@id\":\"https:\\\/\\\/www.edesia.al\\\/?product=vaj-esencial-rozmarine-2\",\"url\":\"https:\\\/\\\/www.edesia.al\\\/?product=vaj-esencial-rozmarine-2\",\"name\":\"Vaj Esencial Rozmarine - Edesia\",\"isPartOf\":{\"@id\":\"https:\\\/\\\/www.edesia.al\\\/#website\"},\"primaryImageOfPage\":{\"@id\":\"https:\\\/\\\/www.edesia.al\\\/?product=vaj-esencial-rozmarine-2#primaryimage\"},\"image\":{\"@id\":\"https:\\\/\\\/www.edesia.al\\\/?product=vaj-esencial-rozmarine-2#primaryimage\"},\"thumbnailUrl\":\"https:\\\/\\\/www.edesia.al\\\/wp-content\\\/uploads\\\/2026\\\/02\\\/121041515-1-1.png\",\"datePublished\":\"2026-02-16T21:13:34+00:00\",\"dateModified\":\"2026-02-25T18:14:04+00:00\",\"breadcrumb\":{\"@id\":\"https:\\\/\\\/www.edesia.al\\\/?product=vaj-esencial-rozmarine-2#breadcrumb\"},\"inLanguage\":\"en-US\",\"potentialAction\":[{\"@type\":\"ReadAction\",\"target\":[\"https:\\\/\\\/www.edesia.al\\\/?product=vaj-esencial-rozmarine-2\"]}]},{\"@type\":\"ImageObject\",\"inLanguage\":\"en-US\",\"@id\":\"https:\\\/\\\/www.edesia.al\\\/?product=vaj-esencial-rozmarine-2#primaryimage\",\"url\":\"https:\\\/\\\/www.edesia.al\\\/wp-content\\\/uploads\\\/2026\\\/02\\\/121041515-1-1.png\",\"contentUrl\":\"https:\\\/\\\/www.edesia.al\\\/wp-content\\\/uploads\\\/2026\\\/02\\\/121041515-1-1.png\",\"width\":535,\"height\":535},{\"@type\":\"BreadcrumbList\",\"@id\":\"https:\\\/\\\/www.edesia.al\\\/?product=vaj-esencial-rozmarine-2#breadcrumb\",\"itemListElement\":[{\"@type\":\"ListItem\",\"position\":1,\"name\":\"Home\",\"item\":\"https:\\\/\\\/www.edesia.al\\\/\"},{\"@type\":\"ListItem\",\"position\":2,\"name\":\"Dyqani\",\"item\":\"https:\\\/\\\/www.edesia.al\\\/?page_id=17\"},{\"@type\":\"ListItem\",\"position\":3,\"name\":\"Vaj Esencial Rozmarine\"}]},{\"@type\":\"WebSite\",\"@id\":\"https:\\\/\\\/www.edesia.al\\\/#website\",\"url\":\"https:\\\/\\\/www.edesia.al\\\/\",\"name\":\"Edesia\",\"description\":\"\",\"publisher\":{\"@id\":\"https:\\\/\\\/www.edesia.al\\\/#organization\"},\"potentialAction\":[{\"@type\":\"SearchAction\",\"target\":{\"@type\":\"EntryPoint\",\"urlTemplate\":\"https:\\\/\\\/www.edesia.al\\\/?s={search_term_string}\"},\"query-input\":{\"@type\":\"PropertyValueSpecification\",\"valueRequired\":true,\"valueName\":\"search_term_string\"}}],\"inLanguage\":\"en-US\"},{\"@type\":\"Organization\",\"@id\":\"https:\\\/\\\/www.edesia.al\\\/#organization\",\"name\":\"Edesia\",\"url\":\"https:\\\/\\\/www.edesia.al\\\/\",\"logo\":{\"@type\":\"ImageObject\",\"inLanguage\":\"en-US\",\"@id\":\"https:\\\/\\\/www.edesia.al\\\/#\\\/schema\\\/logo\\\/image\\\/\",\"url\":\"https:\\\/\\\/www.edesia.al\\\/wp-content\\\/uploads\\\/2026\\\/02\\\/Logo-Edesia-no-background.png\",\"contentUrl\":\"https:\\\/\\\/www.edesia.al\\\/wp-content\\\/uploads\\\/2026\\\/02\\\/Logo-Edesia-no-background.png\",\"width\":293,\"height\":158,\"caption\":\"Edesia\"},\"image\":{\"@id\":\"https:\\\/\\\/www.edesia.al\\\/#\\\/schema\\\/logo\\\/image\\\/\"}}]}<\/script>\n<!-- \/ Yoast SEO plugin. -->","yoast_head_json":{"title":"Vaj Esencial Rozmarine - Edesia","robots":{"index":"index","follow":"follow","max-snippet":"max-snippet:-1","max-image-preview":"max-image-preview:large","max-video-preview":"max-video-preview:-1"},"canonical":"https:\/\/www.edesia.al\/?product=vaj-esencial-rozmarine-2","og_locale":"en_US","og_type":"article","og_title":"Vaj Esencial Rozmarine - Edesia","og_description":"Vaj Esencial Rozmarine (10 ml) Vaji esencial i rozmarin\u00ebs \u00ebsht\u00eb nj\u00eb nga vajrat m\u00eb t\u00eb p\u00ebrmendur p\u00ebr vetit\u00eb e tij estetike dhe aromaterapeutike. Q\u00eb n\u00eb lasht\u00ebsi \u00ebsht\u00eb p\u00ebrdorur nga grek\u00ebt dhe romak\u00ebt n\u00eb ritualet e tyre fetare, por gjithashtu si bim\u00eb medicinale. Sot gjen nj\u00eb p\u00ebrdorim t\u00eb gjer\u00eb n\u00eb kuzhin\u00eb, kozmetik\u00eb dhe farmaceutik\u00eb. Vaji esencial[...]","og_url":"https:\/\/www.edesia.al\/?product=vaj-esencial-rozmarine-2","og_site_name":"Edesia","article_modified_time":"2026-02-25T18:14:04+00:00","og_image":[{"width":535,"height":535,"url":"https:\/\/www.edesia.al\/wp-content\/uploads\/2026\/02\/121041515-1-1.png","type":"image\/png"}],"twitter_card":"summary_large_image","twitter_misc":{"Est. reading time":"2 minutes"},"schema":{"@context":"https:\/\/schema.org","@graph":[{"@type":"WebPage","@id":"https:\/\/www.edesia.al\/?product=vaj-esencial-rozmarine-2","url":"https:\/\/www.edesia.al\/?product=vaj-esencial-rozmarine-2","name":"Vaj Esencial Rozmarine - Edesia","isPartOf":{"@id":"https:\/\/www.edesia.al\/#website"},"primaryImageOfPage":{"@id":"https:\/\/www.edesia.al\/?product=vaj-esencial-rozmarine-2#primaryimage"},"image":{"@id":"https:\/\/www.edesia.al\/?product=vaj-esencial-rozmarine-2#primaryimage"},"thumbnailUrl":"https:\/\/www.edesia.al\/wp-content\/uploads\/2026\/02\/121041515-1-1.png","datePublished":"2026-02-16T21:13:34+00:00","dateModified":"2026-02-25T18:14:04+00:00","breadcrumb":{"@id":"https:\/\/www.edesia.al\/?product=vaj-esencial-rozmarine-2#breadcrumb"},"inLanguage":"en-US","potentialAction":[{"@type":"ReadAction","target":["https:\/\/www.edesia.al\/?product=vaj-esencial-rozmarine-2"]}]},{"@type":"ImageObject","inLanguage":"en-US","@id":"https:\/\/www.edesia.al\/?product=vaj-esencial-rozmarine-2#primaryimage","url":"https:\/\/www.edesia.al\/wp-content\/uploads\/2026\/02\/121041515-1-1.png","contentUrl":"https:\/\/www.edesia.al\/wp-content\/uploads\/2026\/02\/121041515-1-1.png","width":535,"height":535},{"@type":"BreadcrumbList","@id":"https:\/\/www.edesia.al\/?product=vaj-esencial-rozmarine-2#breadcrumb","itemListElement":[{"@type":"ListItem","position":1,"name":"Home","item":"https:\/\/www.edesia.al\/"},{"@type":"ListItem","position":2,"name":"Dyqani","item":"https:\/\/www.edesia.al\/?page_id=17"},{"@type":"ListItem","position":3,"name":"Vaj Esencial Rozmarine"}]},{"@type":"WebSite","@id":"https:\/\/www.edesia.al\/#website","url":"https:\/\/www.edesia.al\/","name":"Edesia","description":"","publisher":{"@id":"https:\/\/www.edesia.al\/#organization"},"potentialAction":[{"@type":"SearchAction","target":{"@type":"EntryPoint","urlTemplate":"https:\/\/www.edesia.al\/?s={search_term_string}"},"query-input":{"@type":"PropertyValueSpecification","valueRequired":true,"valueName":"search_term_string"}}],"inLanguage":"en-US"},{"@type":"Organization","@id":"https:\/\/www.edesia.al\/#organization","name":"Edesia","url":"https:\/\/www.edesia.al\/","logo":{"@type":"ImageObject","inLanguage":"en-US","@id":"https:\/\/www.edesia.al\/#\/schema\/logo\/image\/","url":"https:\/\/www.edesia.al\/wp-content\/uploads\/2026\/02\/Logo-Edesia-no-background.png","contentUrl":"https:\/\/www.edesia.al\/wp-content\/uploads\/2026\/02\/Logo-Edesia-no-background.png","width":293,"height":158,"caption":"Edesia"},"image":{"@id":"https:\/\/www.edesia.al\/#\/schema\/logo\/image\/"}}]}},"_links":{"self":[{"href":"https:\/\/www.edesia.al\/index.php?rest_route=\/wp\/v2\/product\/7170","targetHints":{"allow":["GET"]}}],"collection":[{"href":"https:\/\/www.edesia.al\/index.php?rest_route=\/wp\/v2\/product"}],"about":[{"href":"https:\/\/www.edesia.al\/index.php?rest_route=\/wp\/v2\/types\/product"}],"replies":[{"embeddable":true,"href":"https:\/\/www.edesia.al\/index.php?rest_route=%2Fwp%2Fv2%2Fcomments&post=7170"}],"wp:featuredmedia":[{"embeddable":true,"href":"https:\/\/www.edesia.al\/index.php?rest_route=\/wp\/v2\/media\/7199"}],"wp:attachment":[{"href":"https:\/\/www.edesia.al\/index.php?rest_route=%2Fwp%2Fv2%2Fmedia&parent=7170"}],"wp:term":[{"taxonomy":"kategori-sipas-dietave","embeddable":true,"href":"https:\/\/www.edesia.al\/index.php?rest_route=%2Fwp%2Fv2%2Fkategori-sipas-dietave&post=7170"},{"taxonomy":"kategori-sipas-problemeve-shende","embeddable":true,"href":"https:\/\/www.edesia.al\/index.php?rest_route=%2Fwp%2Fv2%2Fkategori-sipas-problemeve-shende&post=7170"},{"taxonomy":"product_brand","embeddable":true,"href":"https:\/\/www.edesia.al\/index.php?rest_route=%2Fwp%2Fv2%2Fproduct_brand&post=7170"},{"taxonomy":"product_cat","embeddable":true,"href":"https:\/\/www.edesia.al\/index.php?rest_route=%2Fwp%2Fv2%2Fproduct_cat&post=7170"},{"taxonomy":"product_tag","embeddable":true,"href":"https:\/\/www.edesia.al\/index.php?rest_route=%2Fwp%2Fv2%2Fproduct_tag&post=7170"}],"curies":[{"name":"wp","href":"https:\/\/api.w.org\/{rel}","templated":true}]}}