{"id":7174,"date":"2026-02-16T21:13:35","date_gmt":"2026-02-16T21:13:35","guid":{"rendered":"https:\/\/www.edesia.al\/?post_type=product&#038;p=7174"},"modified":"2026-02-25T18:15:22","modified_gmt":"2026-02-25T18:15:22","slug":"gjalpe-farash-kungulli-100-organik","status":"publish","type":"product","link":"https:\/\/www.edesia.al\/?product=gjalpe-farash-kungulli-100-organik","title":{"rendered":"Gjalp\u00eb Farash Kungulli \u2013 100% Organik"},"content":{"rendered":"<h3>Gjalp\u00eb Farash Kungulli \u2013 100% Organik 250g<\/h3>\n<p data-start=\"142\" data-end=\"545\">Ky gjalp\u00eb\u00a0 \u00ebsht\u00eb b\u00ebr\u00eb <strong data-start=\"204\" data-end=\"257\">vet\u00ebm nga fara kungulli t\u00eb kultivuara organikisht<\/strong>, pa asnj\u00eb shtes\u00eb apo p\u00ebrpunim t\u00eb panevojsh\u00ebm. I <strong data-start=\"306\" data-end=\"334\">pasur me proteina bimore<\/strong>, <strong data-start=\"336\" data-end=\"362\">yndyrna t\u00eb sh\u00ebndetshme<\/strong>, <strong data-start=\"364\" data-end=\"372\">zink<\/strong> dhe <strong data-start=\"377\" data-end=\"387\">magnez<\/strong>, ky superushqim natyral \u00ebsht\u00eb ideal p\u00ebr t\u00eb forcuar sistemin imunitar, p\u00ebrmir\u00ebsuar sh\u00ebndetin e prostat\u00ebs dhe p\u00ebr t\u00eb ushqyer organizmin n\u00eb m\u00ebnyr\u00eb t\u00eb balancuar.<\/p>\n<p data-start=\"685\" data-end=\"716\">\u2705 <strong data-start=\"687\" data-end=\"714\">\u00c7far\u00eb e b\u00ebn t\u00eb ve\u00e7ant\u00eb:<\/strong><\/p>\n<ul data-start=\"717\" data-end=\"983\">\n<li data-start=\"717\" data-end=\"803\">\n<p data-start=\"719\" data-end=\"803\"><strong data-start=\"719\" data-end=\"801\">100% organik \u2013 pa krip\u00eb t\u00eb shtuar, pa konservant\u00eb, pa ngjyrues, pa stabilizues<\/strong><\/p>\n<\/li>\n<li data-start=\"804\" data-end=\"862\">\n<p data-start=\"806\" data-end=\"862\">I <strong data-start=\"808\" data-end=\"835\">pasur me l\u00ebnd\u00eb ushqyese<\/strong> thelb\u00ebsore p\u00ebr sh\u00ebndetin<\/p>\n<\/li>\n<li data-start=\"863\" data-end=\"913\">\n<p data-start=\"865\" data-end=\"913\">I <strong data-start=\"867\" data-end=\"911\">p\u00ebrshtatsh\u00ebm p\u00ebr vegjetarian\u00eb dhe vegan\u00eb<\/strong><\/p>\n<\/li>\n<li data-start=\"914\" data-end=\"983\">\n<p data-start=\"916\" data-end=\"983\">I <strong data-start=\"918\" data-end=\"945\">pap\u00ebrpunuar dhe natyral<\/strong> \u2013 asgj\u00eb m\u00eb shum\u00eb, vet\u00ebm fara kungulli<\/p>\n<\/li>\n<\/ul>\n<p data-start=\"985\" data-end=\"1167\">\ud83c\udf74 <strong data-start=\"988\" data-end=\"1002\">P\u00ebrdorimi:<\/strong><br data-start=\"1002\" data-end=\"1005\" \/>Me tekstur\u00eb t\u00eb but\u00eb dhe shije intensive, \u00ebsht\u00eb perfekt p\u00ebr n\u00eb buk\u00eb, smoothie, granola apo si p\u00ebrb\u00ebr\u00ebs n\u00eb receta t\u00eb kripura dhe t\u00eb \u00ebmbla.a.<\/p>\n","protected":false},"excerpt":{"rendered":"<p>Gjalp\u00eb nga fara kungulli 100% organik. Pa krip\u00eb t\u00eb shtuar, pa konservant\u00eb, pa ngjyrues e stabilizues. I pasur me proteina, zink dhe yndyrna t\u00eb sh\u00ebndetshme \u2013 ideal p\u00ebr nj\u00eb stil jete t\u00eb balancuar.<\/p>\n","protected":false},"featured_media":7201,"comment_status":"open","ping_status":"closed","template":"","meta":{"_acf_changed":false,"inline_featured_image":false},"kategori-sipas-dietave":[],"kategori-sipas-problemeve-shende":[],"product_brand":[32],"product_cat":[61,26],"product_tag":[197,198],"class_list":{"0":"post-7174","1":"product","2":"type-product","3":"status-publish","4":"has-post-thumbnail","6":"product_brand-bioagros","7":"product_cat-gjalp-bimore","8":"product_cat-ushqime-bio","9":"product_tag-gjalp-bimore","10":"product_tag-kungull","12":"first","13":"instock","14":"taxable","15":"shipping-taxable","16":"purchasable","17":"product-type-simple"},"acf":[],"yoast_head":"<!-- This site is optimized with the Yoast SEO plugin v27.4 - https:\/\/yoast.com\/product\/yoast-seo-wordpress\/ -->\n<title>Gjalp\u00eb Farash Kungulli \u2013 100% Organik - Edesia<\/title>\n<meta name=\"robots\" content=\"index, follow, max-snippet:-1, max-image-preview:large, max-video-preview:-1\" \/>\n<link rel=\"canonical\" href=\"https:\/\/www.edesia.al\/?product=gjalpe-farash-kungulli-100-organik\" \/>\n<meta property=\"og:locale\" content=\"en_US\" \/>\n<meta property=\"og:type\" content=\"article\" \/>\n<meta property=\"og:title\" content=\"Gjalp\u00eb Farash Kungulli \u2013 100% Organik - Edesia\" \/>\n<meta property=\"og:description\" content=\"Gjalp\u00eb nga fara kungulli 100% organik. Pa krip\u00eb t\u00eb shtuar, pa konservant\u00eb, pa ngjyrues e stabilizues. I pasur me proteina, zink dhe yndyrna t\u00eb sh\u00ebndetshme \u2013 ideal p\u00ebr nj\u00eb stil jete t\u00eb balancuar.\" \/>\n<meta property=\"og:url\" content=\"https:\/\/www.edesia.al\/?product=gjalpe-farash-kungulli-100-organik\" \/>\n<meta property=\"og:site_name\" content=\"Edesia\" \/>\n<meta property=\"article:modified_time\" content=\"2026-02-25T18:15:22+00:00\" \/>\n<meta property=\"og:image\" content=\"https:\/\/www.edesia.al\/wp-content\/uploads\/2026\/02\/221009191-1.png\" \/>\n\t<meta property=\"og:image:width\" content=\"250\" \/>\n\t<meta property=\"og:image:height\" content=\"296\" \/>\n\t<meta property=\"og:image:type\" content=\"image\/png\" \/>\n<meta name=\"twitter:card\" content=\"summary_large_image\" \/>\n<meta name=\"twitter:label1\" content=\"Est. reading time\" \/>\n\t<meta name=\"twitter:data1\" content=\"1 minute\" \/>\n<script type=\"application\/ld+json\" class=\"yoast-schema-graph\">{\"@context\":\"https:\\\/\\\/schema.org\",\"@graph\":[{\"@type\":\"WebPage\",\"@id\":\"https:\\\/\\\/www.edesia.al\\\/?product=gjalpe-farash-kungulli-100-organik\",\"url\":\"https:\\\/\\\/www.edesia.al\\\/?product=gjalpe-farash-kungulli-100-organik\",\"name\":\"Gjalp\u00eb Farash Kungulli \u2013 100% Organik - Edesia\",\"isPartOf\":{\"@id\":\"https:\\\/\\\/www.edesia.al\\\/#website\"},\"primaryImageOfPage\":{\"@id\":\"https:\\\/\\\/www.edesia.al\\\/?product=gjalpe-farash-kungulli-100-organik#primaryimage\"},\"image\":{\"@id\":\"https:\\\/\\\/www.edesia.al\\\/?product=gjalpe-farash-kungulli-100-organik#primaryimage\"},\"thumbnailUrl\":\"https:\\\/\\\/www.edesia.al\\\/wp-content\\\/uploads\\\/2026\\\/02\\\/221009191-1.png\",\"datePublished\":\"2026-02-16T21:13:35+00:00\",\"dateModified\":\"2026-02-25T18:15:22+00:00\",\"breadcrumb\":{\"@id\":\"https:\\\/\\\/www.edesia.al\\\/?product=gjalpe-farash-kungulli-100-organik#breadcrumb\"},\"inLanguage\":\"en-US\",\"potentialAction\":[{\"@type\":\"ReadAction\",\"target\":[\"https:\\\/\\\/www.edesia.al\\\/?product=gjalpe-farash-kungulli-100-organik\"]}]},{\"@type\":\"ImageObject\",\"inLanguage\":\"en-US\",\"@id\":\"https:\\\/\\\/www.edesia.al\\\/?product=gjalpe-farash-kungulli-100-organik#primaryimage\",\"url\":\"https:\\\/\\\/www.edesia.al\\\/wp-content\\\/uploads\\\/2026\\\/02\\\/221009191-1.png\",\"contentUrl\":\"https:\\\/\\\/www.edesia.al\\\/wp-content\\\/uploads\\\/2026\\\/02\\\/221009191-1.png\",\"width\":250,\"height\":296},{\"@type\":\"BreadcrumbList\",\"@id\":\"https:\\\/\\\/www.edesia.al\\\/?product=gjalpe-farash-kungulli-100-organik#breadcrumb\",\"itemListElement\":[{\"@type\":\"ListItem\",\"position\":1,\"name\":\"Home\",\"item\":\"https:\\\/\\\/www.edesia.al\\\/\"},{\"@type\":\"ListItem\",\"position\":2,\"name\":\"Dyqani\",\"item\":\"https:\\\/\\\/www.edesia.al\\\/?page_id=17\"},{\"@type\":\"ListItem\",\"position\":3,\"name\":\"Gjalp\u00eb Farash Kungulli \u2013 100% Organik\"}]},{\"@type\":\"WebSite\",\"@id\":\"https:\\\/\\\/www.edesia.al\\\/#website\",\"url\":\"https:\\\/\\\/www.edesia.al\\\/\",\"name\":\"Edesia\",\"description\":\"\",\"publisher\":{\"@id\":\"https:\\\/\\\/www.edesia.al\\\/#organization\"},\"potentialAction\":[{\"@type\":\"SearchAction\",\"target\":{\"@type\":\"EntryPoint\",\"urlTemplate\":\"https:\\\/\\\/www.edesia.al\\\/?s={search_term_string}\"},\"query-input\":{\"@type\":\"PropertyValueSpecification\",\"valueRequired\":true,\"valueName\":\"search_term_string\"}}],\"inLanguage\":\"en-US\"},{\"@type\":\"Organization\",\"@id\":\"https:\\\/\\\/www.edesia.al\\\/#organization\",\"name\":\"Edesia\",\"url\":\"https:\\\/\\\/www.edesia.al\\\/\",\"logo\":{\"@type\":\"ImageObject\",\"inLanguage\":\"en-US\",\"@id\":\"https:\\\/\\\/www.edesia.al\\\/#\\\/schema\\\/logo\\\/image\\\/\",\"url\":\"https:\\\/\\\/www.edesia.al\\\/wp-content\\\/uploads\\\/2026\\\/02\\\/Logo-Edesia-no-background.png\",\"contentUrl\":\"https:\\\/\\\/www.edesia.al\\\/wp-content\\\/uploads\\\/2026\\\/02\\\/Logo-Edesia-no-background.png\",\"width\":293,\"height\":158,\"caption\":\"Edesia\"},\"image\":{\"@id\":\"https:\\\/\\\/www.edesia.al\\\/#\\\/schema\\\/logo\\\/image\\\/\"}}]}<\/script>\n<!-- \/ Yoast SEO plugin. -->","yoast_head_json":{"title":"Gjalp\u00eb Farash Kungulli \u2013 100% Organik - Edesia","robots":{"index":"index","follow":"follow","max-snippet":"max-snippet:-1","max-image-preview":"max-image-preview:large","max-video-preview":"max-video-preview:-1"},"canonical":"https:\/\/www.edesia.al\/?product=gjalpe-farash-kungulli-100-organik","og_locale":"en_US","og_type":"article","og_title":"Gjalp\u00eb Farash Kungulli \u2013 100% Organik - Edesia","og_description":"Gjalp\u00eb nga fara kungulli 100% organik. Pa krip\u00eb t\u00eb shtuar, pa konservant\u00eb, pa ngjyrues e stabilizues. I pasur me proteina, zink dhe yndyrna t\u00eb sh\u00ebndetshme \u2013 ideal p\u00ebr nj\u00eb stil jete t\u00eb balancuar.","og_url":"https:\/\/www.edesia.al\/?product=gjalpe-farash-kungulli-100-organik","og_site_name":"Edesia","article_modified_time":"2026-02-25T18:15:22+00:00","og_image":[{"width":250,"height":296,"url":"https:\/\/www.edesia.al\/wp-content\/uploads\/2026\/02\/221009191-1.png","type":"image\/png"}],"twitter_card":"summary_large_image","twitter_misc":{"Est. reading time":"1 minute"},"schema":{"@context":"https:\/\/schema.org","@graph":[{"@type":"WebPage","@id":"https:\/\/www.edesia.al\/?product=gjalpe-farash-kungulli-100-organik","url":"https:\/\/www.edesia.al\/?product=gjalpe-farash-kungulli-100-organik","name":"Gjalp\u00eb Farash Kungulli \u2013 100% Organik - Edesia","isPartOf":{"@id":"https:\/\/www.edesia.al\/#website"},"primaryImageOfPage":{"@id":"https:\/\/www.edesia.al\/?product=gjalpe-farash-kungulli-100-organik#primaryimage"},"image":{"@id":"https:\/\/www.edesia.al\/?product=gjalpe-farash-kungulli-100-organik#primaryimage"},"thumbnailUrl":"https:\/\/www.edesia.al\/wp-content\/uploads\/2026\/02\/221009191-1.png","datePublished":"2026-02-16T21:13:35+00:00","dateModified":"2026-02-25T18:15:22+00:00","breadcrumb":{"@id":"https:\/\/www.edesia.al\/?product=gjalpe-farash-kungulli-100-organik#breadcrumb"},"inLanguage":"en-US","potentialAction":[{"@type":"ReadAction","target":["https:\/\/www.edesia.al\/?product=gjalpe-farash-kungulli-100-organik"]}]},{"@type":"ImageObject","inLanguage":"en-US","@id":"https:\/\/www.edesia.al\/?product=gjalpe-farash-kungulli-100-organik#primaryimage","url":"https:\/\/www.edesia.al\/wp-content\/uploads\/2026\/02\/221009191-1.png","contentUrl":"https:\/\/www.edesia.al\/wp-content\/uploads\/2026\/02\/221009191-1.png","width":250,"height":296},{"@type":"BreadcrumbList","@id":"https:\/\/www.edesia.al\/?product=gjalpe-farash-kungulli-100-organik#breadcrumb","itemListElement":[{"@type":"ListItem","position":1,"name":"Home","item":"https:\/\/www.edesia.al\/"},{"@type":"ListItem","position":2,"name":"Dyqani","item":"https:\/\/www.edesia.al\/?page_id=17"},{"@type":"ListItem","position":3,"name":"Gjalp\u00eb Farash Kungulli \u2013 100% Organik"}]},{"@type":"WebSite","@id":"https:\/\/www.edesia.al\/#website","url":"https:\/\/www.edesia.al\/","name":"Edesia","description":"","publisher":{"@id":"https:\/\/www.edesia.al\/#organization"},"potentialAction":[{"@type":"SearchAction","target":{"@type":"EntryPoint","urlTemplate":"https:\/\/www.edesia.al\/?s={search_term_string}"},"query-input":{"@type":"PropertyValueSpecification","valueRequired":true,"valueName":"search_term_string"}}],"inLanguage":"en-US"},{"@type":"Organization","@id":"https:\/\/www.edesia.al\/#organization","name":"Edesia","url":"https:\/\/www.edesia.al\/","logo":{"@type":"ImageObject","inLanguage":"en-US","@id":"https:\/\/www.edesia.al\/#\/schema\/logo\/image\/","url":"https:\/\/www.edesia.al\/wp-content\/uploads\/2026\/02\/Logo-Edesia-no-background.png","contentUrl":"https:\/\/www.edesia.al\/wp-content\/uploads\/2026\/02\/Logo-Edesia-no-background.png","width":293,"height":158,"caption":"Edesia"},"image":{"@id":"https:\/\/www.edesia.al\/#\/schema\/logo\/image\/"}}]}},"_links":{"self":[{"href":"https:\/\/www.edesia.al\/index.php?rest_route=\/wp\/v2\/product\/7174","targetHints":{"allow":["GET"]}}],"collection":[{"href":"https:\/\/www.edesia.al\/index.php?rest_route=\/wp\/v2\/product"}],"about":[{"href":"https:\/\/www.edesia.al\/index.php?rest_route=\/wp\/v2\/types\/product"}],"replies":[{"embeddable":true,"href":"https:\/\/www.edesia.al\/index.php?rest_route=%2Fwp%2Fv2%2Fcomments&post=7174"}],"wp:featuredmedia":[{"embeddable":true,"href":"https:\/\/www.edesia.al\/index.php?rest_route=\/wp\/v2\/media\/7201"}],"wp:attachment":[{"href":"https:\/\/www.edesia.al\/index.php?rest_route=%2Fwp%2Fv2%2Fmedia&parent=7174"}],"wp:term":[{"taxonomy":"kategori-sipas-dietave","embeddable":true,"href":"https:\/\/www.edesia.al\/index.php?rest_route=%2Fwp%2Fv2%2Fkategori-sipas-dietave&post=7174"},{"taxonomy":"kategori-sipas-problemeve-shende","embeddable":true,"href":"https:\/\/www.edesia.al\/index.php?rest_route=%2Fwp%2Fv2%2Fkategori-sipas-problemeve-shende&post=7174"},{"taxonomy":"product_brand","embeddable":true,"href":"https:\/\/www.edesia.al\/index.php?rest_route=%2Fwp%2Fv2%2Fproduct_brand&post=7174"},{"taxonomy":"product_cat","embeddable":true,"href":"https:\/\/www.edesia.al\/index.php?rest_route=%2Fwp%2Fv2%2Fproduct_cat&post=7174"},{"taxonomy":"product_tag","embeddable":true,"href":"https:\/\/www.edesia.al\/index.php?rest_route=%2Fwp%2Fv2%2Fproduct_tag&post=7174"}],"curies":[{"name":"wp","href":"https:\/\/api.w.org\/{rel}","templated":true}]}}