{"id":7203,"date":"2026-02-16T21:13:57","date_gmt":"2026-02-16T21:13:57","guid":{"rendered":"https:\/\/www.edesia.al\/?post_type=product&#038;p=7203"},"modified":"2026-02-25T18:22:31","modified_gmt":"2026-02-25T18:22:31","slug":"caj-per-qetesimin-e-stomakut","status":"publish","type":"product","link":"https:\/\/www.edesia.al\/?product=caj-per-qetesimin-e-stomakut","title":{"rendered":"\u00c7aj p\u00ebr Qet\u00ebsimin e Stomakut"},"content":{"rendered":"<h3>\u00c7aj p\u00ebr Qet\u00ebsimin e Stomakut 50g<\/h3>\n<p>\u00c7aj p\u00ebr qet\u00ebsimin e stomakut ose si\u00e7 mund quhet ndryshe &#8220;Gjith\u00eb dashuria p\u00ebr stomakun&#8221; \u00ebsht\u00eb nj\u00eb p\u00ebrzierje gjethesh s\u00eb k\u00ebrpit, nenxhikut, majdanozit, lemon verbana dhe tr\u00ebndafilit q\u00eb ndihmojn\u00eb dhe kan\u00eb nj\u00eb s\u00ebr\u00eb benefitesh p\u00ebr trupin por ve\u00e7anerisht p\u00ebr stomakun.<\/p>\n<p><strong>Benefitet shendet\u00ebsore<\/strong>:<\/p>\n<h3>\u00a0 \u00a0 \u00a01. P\u00ebrmireson tretjen:<\/h3>\n<ul>\n<li><strong>Gjethet e k\u00ebrpit<\/strong> ndihmojn\u00eb n\u00eb qet\u00ebsimin e inflamacionit n\u00eb traktin tret\u00ebs dhe p\u00ebrmir\u00ebsojn\u00eb tretjen n\u00eb p\u00ebrgjith\u00ebsi.<\/li>\n<li><strong>Lemon Verbana<\/strong>\u00a0p\u00ebrmir\u00ebson funksionin e stomakut, ul gazrat dhe fryrjen pas vakteve.<\/li>\n<li><strong>Majdanozi<\/strong> ndihmon n\u00eb leht\u00ebsimin e dispepsis\u00eb (tretje e ngadalt\u00eb) dhe p\u00ebrshpejton procesin e tretjes s\u00eb ushqimit.<\/li>\n<\/ul>\n<h3>\u00a0 \u00a0 \u00a02. Leht\u00ebson shqet\u00ebsimet e stomakut<\/h3>\n<ul>\n<li><strong>\u00a0Nenexhiku<\/strong>\u00a0\u00ebsht\u00eb i njohur p\u00ebr vetit\u00eb e tij qet\u00ebsuese, t\u00eb cilat ndihmojn\u00eb n\u00eb leht\u00ebsimin e spazmave t\u00eb stomakut, dhimbjeve t\u00eb stomakut dhe gazrave.<\/li>\n<li><strong>Petalet e tr\u00ebndafilit<\/strong> ndihmojn\u00eb n\u00eb qet\u00ebsimin e traktit t\u00eb tretjes, duke p\u00ebrmir\u00ebsuar qet\u00ebsimin e irritimeve dhe ulcerave t\u00eb mundshme.<\/li>\n<\/ul>\n<h3>\u00a0\u00a0\u00a0 \u00a03. Ka veti detoksifikuese dhe qet\u00ebsuese<\/h3>\n<ul>\n<li><strong>Majdanozi<\/strong> dhe <strong>petalet e tr\u00ebndafilit<\/strong> kan\u00eb veti detoksifikuese q\u00eb pastrojn\u00eb trupin nga toksinat dhe p\u00ebrmir\u00ebsojn\u00eb funksionin e zorr\u00ebve dhe stomakut.<\/li>\n<li><strong>Gjethet e k\u00ebrpit<\/strong> dhe<strong> nenxhiku<\/strong> kan\u00eb veti anti-inflamatore dhe relaksuese q\u00eb qet\u00ebsojn\u00eb inflamacionin dhe irritimet n\u00eb traktin tret\u00ebs, duke sjell\u00eb nj\u00eb ndjesi qet\u00ebsuese p\u00ebr stomakun.<\/li>\n<\/ul>\n<p>&nbsp;<\/p>\n<p><strong>P\u00ebrgatitja<\/strong>: Pasi ta zieni l\u00ebreni rreth 10-15 minuta dhe konsumojeni. Rekomandohet 1-2 gota n\u00eb dit\u00eb.<\/p>\n<ul>\n<li style=\"list-style-type: none;\"><\/li>\n<\/ul>\n","protected":false},"excerpt":{"rendered":"<p>\u00c7aj p\u00ebr Qet\u00ebsimin e Stomakut 50g \u00c7aj p\u00ebr qet\u00ebsimin e stomakut ose si\u00e7 mund quhet ndryshe &#8220;Gjith\u00eb dashuria p\u00ebr stomakun&#8221; \u00ebsht\u00eb nj\u00eb p\u00ebrzierje gjethesh s\u00eb k\u00ebrpit, nenxhikut, majdanozit, lemon verbana dhe tr\u00ebndafilit q\u00eb ndihmojn\u00eb dhe kan\u00eb nj\u00eb s\u00ebr\u00eb benefitesh p\u00ebr trupin por ve\u00e7anerisht p\u00ebr stomakun. Benefitet shendet\u00ebsore: \u00a0 \u00a0 \u00a01. P\u00ebrmireson tretjen: Gjethet e k\u00ebrpit[&#8230;]<\/p>\n","protected":false},"featured_media":7230,"comment_status":"open","ping_status":"closed","template":"","meta":{"_acf_changed":false,"inline_featured_image":false},"kategori-sipas-dietave":[],"kategori-sipas-problemeve-shende":[83],"product_brand":[35],"product_cat":[81,43],"product_tag":[168],"class_list":{"0":"post-7203","1":"product","2":"type-product","3":"status-publish","4":"has-post-thumbnail","6":"kategori-sipas-problemeve-shende-tretje-detox","7":"product_brand-sonnentor-sh-p-k","8":"product_cat-caj-bime-mjekesore","9":"product_cat-cajra","10":"product_tag-caj","12":"first","13":"instock","14":"taxable","15":"shipping-taxable","16":"purchasable","17":"product-type-simple"},"acf":[],"yoast_head":"<!-- This site is optimized with the Yoast SEO plugin v27.4 - https:\/\/yoast.com\/product\/yoast-seo-wordpress\/ -->\n<title>\u00c7aj p\u00ebr Qet\u00ebsimin e Stomakut - Edesia<\/title>\n<meta name=\"robots\" content=\"index, follow, max-snippet:-1, max-image-preview:large, max-video-preview:-1\" \/>\n<link rel=\"canonical\" href=\"https:\/\/www.edesia.al\/?product=caj-per-qetesimin-e-stomakut\" \/>\n<meta property=\"og:locale\" content=\"en_US\" \/>\n<meta property=\"og:type\" content=\"article\" \/>\n<meta property=\"og:title\" content=\"\u00c7aj p\u00ebr Qet\u00ebsimin e Stomakut - Edesia\" \/>\n<meta property=\"og:description\" content=\"\u00c7aj p\u00ebr Qet\u00ebsimin e Stomakut 50g \u00c7aj p\u00ebr qet\u00ebsimin e stomakut ose si\u00e7 mund quhet ndryshe &#8220;Gjith\u00eb dashuria p\u00ebr stomakun&#8221; \u00ebsht\u00eb nj\u00eb p\u00ebrzierje gjethesh s\u00eb k\u00ebrpit, nenxhikut, majdanozit, lemon verbana dhe tr\u00ebndafilit q\u00eb ndihmojn\u00eb dhe kan\u00eb nj\u00eb s\u00ebr\u00eb benefitesh p\u00ebr trupin por ve\u00e7anerisht p\u00ebr stomakun. Benefitet shendet\u00ebsore: \u00a0 \u00a0 \u00a01. P\u00ebrmireson tretjen: Gjethet e k\u00ebrpit[...]\" \/>\n<meta property=\"og:url\" content=\"https:\/\/www.edesia.al\/?product=caj-per-qetesimin-e-stomakut\" \/>\n<meta property=\"og:site_name\" content=\"Edesia\" \/>\n<meta property=\"article:modified_time\" content=\"2026-02-25T18:22:31+00:00\" \/>\n<meta property=\"og:image\" content=\"https:\/\/www.edesia.al\/wp-content\/uploads\/2026\/02\/00520_Alles-Liebe-Krautertee-lose.271f17c3-1.jpg\" \/>\n\t<meta property=\"og:image:width\" content=\"400\" \/>\n\t<meta property=\"og:image:height\" content=\"400\" \/>\n\t<meta property=\"og:image:type\" content=\"image\/jpeg\" \/>\n<meta name=\"twitter:card\" content=\"summary_large_image\" \/>\n<meta name=\"twitter:label1\" content=\"Est. reading time\" \/>\n\t<meta name=\"twitter:data1\" content=\"1 minute\" \/>\n<script type=\"application\/ld+json\" class=\"yoast-schema-graph\">{\"@context\":\"https:\\\/\\\/schema.org\",\"@graph\":[{\"@type\":\"WebPage\",\"@id\":\"https:\\\/\\\/www.edesia.al\\\/?product=caj-per-qetesimin-e-stomakut\",\"url\":\"https:\\\/\\\/www.edesia.al\\\/?product=caj-per-qetesimin-e-stomakut\",\"name\":\"\u00c7aj p\u00ebr Qet\u00ebsimin e Stomakut - Edesia\",\"isPartOf\":{\"@id\":\"https:\\\/\\\/www.edesia.al\\\/#website\"},\"primaryImageOfPage\":{\"@id\":\"https:\\\/\\\/www.edesia.al\\\/?product=caj-per-qetesimin-e-stomakut#primaryimage\"},\"image\":{\"@id\":\"https:\\\/\\\/www.edesia.al\\\/?product=caj-per-qetesimin-e-stomakut#primaryimage\"},\"thumbnailUrl\":\"https:\\\/\\\/www.edesia.al\\\/wp-content\\\/uploads\\\/2026\\\/02\\\/00520_Alles-Liebe-Krautertee-lose.271f17c3-1.jpg\",\"datePublished\":\"2026-02-16T21:13:57+00:00\",\"dateModified\":\"2026-02-25T18:22:31+00:00\",\"breadcrumb\":{\"@id\":\"https:\\\/\\\/www.edesia.al\\\/?product=caj-per-qetesimin-e-stomakut#breadcrumb\"},\"inLanguage\":\"en-US\",\"potentialAction\":[{\"@type\":\"ReadAction\",\"target\":[\"https:\\\/\\\/www.edesia.al\\\/?product=caj-per-qetesimin-e-stomakut\"]}]},{\"@type\":\"ImageObject\",\"inLanguage\":\"en-US\",\"@id\":\"https:\\\/\\\/www.edesia.al\\\/?product=caj-per-qetesimin-e-stomakut#primaryimage\",\"url\":\"https:\\\/\\\/www.edesia.al\\\/wp-content\\\/uploads\\\/2026\\\/02\\\/00520_Alles-Liebe-Krautertee-lose.271f17c3-1.jpg\",\"contentUrl\":\"https:\\\/\\\/www.edesia.al\\\/wp-content\\\/uploads\\\/2026\\\/02\\\/00520_Alles-Liebe-Krautertee-lose.271f17c3-1.jpg\",\"width\":400,\"height\":400},{\"@type\":\"BreadcrumbList\",\"@id\":\"https:\\\/\\\/www.edesia.al\\\/?product=caj-per-qetesimin-e-stomakut#breadcrumb\",\"itemListElement\":[{\"@type\":\"ListItem\",\"position\":1,\"name\":\"Home\",\"item\":\"https:\\\/\\\/www.edesia.al\\\/\"},{\"@type\":\"ListItem\",\"position\":2,\"name\":\"Dyqani\",\"item\":\"https:\\\/\\\/www.edesia.al\\\/?page_id=17\"},{\"@type\":\"ListItem\",\"position\":3,\"name\":\"\u00c7aj p\u00ebr Qet\u00ebsimin e Stomakut\"}]},{\"@type\":\"WebSite\",\"@id\":\"https:\\\/\\\/www.edesia.al\\\/#website\",\"url\":\"https:\\\/\\\/www.edesia.al\\\/\",\"name\":\"Edesia\",\"description\":\"\",\"publisher\":{\"@id\":\"https:\\\/\\\/www.edesia.al\\\/#organization\"},\"potentialAction\":[{\"@type\":\"SearchAction\",\"target\":{\"@type\":\"EntryPoint\",\"urlTemplate\":\"https:\\\/\\\/www.edesia.al\\\/?s={search_term_string}\"},\"query-input\":{\"@type\":\"PropertyValueSpecification\",\"valueRequired\":true,\"valueName\":\"search_term_string\"}}],\"inLanguage\":\"en-US\"},{\"@type\":\"Organization\",\"@id\":\"https:\\\/\\\/www.edesia.al\\\/#organization\",\"name\":\"Edesia\",\"url\":\"https:\\\/\\\/www.edesia.al\\\/\",\"logo\":{\"@type\":\"ImageObject\",\"inLanguage\":\"en-US\",\"@id\":\"https:\\\/\\\/www.edesia.al\\\/#\\\/schema\\\/logo\\\/image\\\/\",\"url\":\"https:\\\/\\\/www.edesia.al\\\/wp-content\\\/uploads\\\/2026\\\/02\\\/Logo-Edesia-no-background.png\",\"contentUrl\":\"https:\\\/\\\/www.edesia.al\\\/wp-content\\\/uploads\\\/2026\\\/02\\\/Logo-Edesia-no-background.png\",\"width\":293,\"height\":158,\"caption\":\"Edesia\"},\"image\":{\"@id\":\"https:\\\/\\\/www.edesia.al\\\/#\\\/schema\\\/logo\\\/image\\\/\"}}]}<\/script>\n<!-- \/ Yoast SEO plugin. -->","yoast_head_json":{"title":"\u00c7aj p\u00ebr Qet\u00ebsimin e Stomakut - Edesia","robots":{"index":"index","follow":"follow","max-snippet":"max-snippet:-1","max-image-preview":"max-image-preview:large","max-video-preview":"max-video-preview:-1"},"canonical":"https:\/\/www.edesia.al\/?product=caj-per-qetesimin-e-stomakut","og_locale":"en_US","og_type":"article","og_title":"\u00c7aj p\u00ebr Qet\u00ebsimin e Stomakut - Edesia","og_description":"\u00c7aj p\u00ebr Qet\u00ebsimin e Stomakut 50g \u00c7aj p\u00ebr qet\u00ebsimin e stomakut ose si\u00e7 mund quhet ndryshe &#8220;Gjith\u00eb dashuria p\u00ebr stomakun&#8221; \u00ebsht\u00eb nj\u00eb p\u00ebrzierje gjethesh s\u00eb k\u00ebrpit, nenxhikut, majdanozit, lemon verbana dhe tr\u00ebndafilit q\u00eb ndihmojn\u00eb dhe kan\u00eb nj\u00eb s\u00ebr\u00eb benefitesh p\u00ebr trupin por ve\u00e7anerisht p\u00ebr stomakun. Benefitet shendet\u00ebsore: \u00a0 \u00a0 \u00a01. P\u00ebrmireson tretjen: Gjethet e k\u00ebrpit[...]","og_url":"https:\/\/www.edesia.al\/?product=caj-per-qetesimin-e-stomakut","og_site_name":"Edesia","article_modified_time":"2026-02-25T18:22:31+00:00","og_image":[{"width":400,"height":400,"url":"https:\/\/www.edesia.al\/wp-content\/uploads\/2026\/02\/00520_Alles-Liebe-Krautertee-lose.271f17c3-1.jpg","type":"image\/jpeg"}],"twitter_card":"summary_large_image","twitter_misc":{"Est. reading time":"1 minute"},"schema":{"@context":"https:\/\/schema.org","@graph":[{"@type":"WebPage","@id":"https:\/\/www.edesia.al\/?product=caj-per-qetesimin-e-stomakut","url":"https:\/\/www.edesia.al\/?product=caj-per-qetesimin-e-stomakut","name":"\u00c7aj p\u00ebr Qet\u00ebsimin e Stomakut - Edesia","isPartOf":{"@id":"https:\/\/www.edesia.al\/#website"},"primaryImageOfPage":{"@id":"https:\/\/www.edesia.al\/?product=caj-per-qetesimin-e-stomakut#primaryimage"},"image":{"@id":"https:\/\/www.edesia.al\/?product=caj-per-qetesimin-e-stomakut#primaryimage"},"thumbnailUrl":"https:\/\/www.edesia.al\/wp-content\/uploads\/2026\/02\/00520_Alles-Liebe-Krautertee-lose.271f17c3-1.jpg","datePublished":"2026-02-16T21:13:57+00:00","dateModified":"2026-02-25T18:22:31+00:00","breadcrumb":{"@id":"https:\/\/www.edesia.al\/?product=caj-per-qetesimin-e-stomakut#breadcrumb"},"inLanguage":"en-US","potentialAction":[{"@type":"ReadAction","target":["https:\/\/www.edesia.al\/?product=caj-per-qetesimin-e-stomakut"]}]},{"@type":"ImageObject","inLanguage":"en-US","@id":"https:\/\/www.edesia.al\/?product=caj-per-qetesimin-e-stomakut#primaryimage","url":"https:\/\/www.edesia.al\/wp-content\/uploads\/2026\/02\/00520_Alles-Liebe-Krautertee-lose.271f17c3-1.jpg","contentUrl":"https:\/\/www.edesia.al\/wp-content\/uploads\/2026\/02\/00520_Alles-Liebe-Krautertee-lose.271f17c3-1.jpg","width":400,"height":400},{"@type":"BreadcrumbList","@id":"https:\/\/www.edesia.al\/?product=caj-per-qetesimin-e-stomakut#breadcrumb","itemListElement":[{"@type":"ListItem","position":1,"name":"Home","item":"https:\/\/www.edesia.al\/"},{"@type":"ListItem","position":2,"name":"Dyqani","item":"https:\/\/www.edesia.al\/?page_id=17"},{"@type":"ListItem","position":3,"name":"\u00c7aj p\u00ebr Qet\u00ebsimin e Stomakut"}]},{"@type":"WebSite","@id":"https:\/\/www.edesia.al\/#website","url":"https:\/\/www.edesia.al\/","name":"Edesia","description":"","publisher":{"@id":"https:\/\/www.edesia.al\/#organization"},"potentialAction":[{"@type":"SearchAction","target":{"@type":"EntryPoint","urlTemplate":"https:\/\/www.edesia.al\/?s={search_term_string}"},"query-input":{"@type":"PropertyValueSpecification","valueRequired":true,"valueName":"search_term_string"}}],"inLanguage":"en-US"},{"@type":"Organization","@id":"https:\/\/www.edesia.al\/#organization","name":"Edesia","url":"https:\/\/www.edesia.al\/","logo":{"@type":"ImageObject","inLanguage":"en-US","@id":"https:\/\/www.edesia.al\/#\/schema\/logo\/image\/","url":"https:\/\/www.edesia.al\/wp-content\/uploads\/2026\/02\/Logo-Edesia-no-background.png","contentUrl":"https:\/\/www.edesia.al\/wp-content\/uploads\/2026\/02\/Logo-Edesia-no-background.png","width":293,"height":158,"caption":"Edesia"},"image":{"@id":"https:\/\/www.edesia.al\/#\/schema\/logo\/image\/"}}]}},"_links":{"self":[{"href":"https:\/\/www.edesia.al\/index.php?rest_route=\/wp\/v2\/product\/7203","targetHints":{"allow":["GET"]}}],"collection":[{"href":"https:\/\/www.edesia.al\/index.php?rest_route=\/wp\/v2\/product"}],"about":[{"href":"https:\/\/www.edesia.al\/index.php?rest_route=\/wp\/v2\/types\/product"}],"replies":[{"embeddable":true,"href":"https:\/\/www.edesia.al\/index.php?rest_route=%2Fwp%2Fv2%2Fcomments&post=7203"}],"wp:featuredmedia":[{"embeddable":true,"href":"https:\/\/www.edesia.al\/index.php?rest_route=\/wp\/v2\/media\/7230"}],"wp:attachment":[{"href":"https:\/\/www.edesia.al\/index.php?rest_route=%2Fwp%2Fv2%2Fmedia&parent=7203"}],"wp:term":[{"taxonomy":"kategori-sipas-dietave","embeddable":true,"href":"https:\/\/www.edesia.al\/index.php?rest_route=%2Fwp%2Fv2%2Fkategori-sipas-dietave&post=7203"},{"taxonomy":"kategori-sipas-problemeve-shende","embeddable":true,"href":"https:\/\/www.edesia.al\/index.php?rest_route=%2Fwp%2Fv2%2Fkategori-sipas-problemeve-shende&post=7203"},{"taxonomy":"product_brand","embeddable":true,"href":"https:\/\/www.edesia.al\/index.php?rest_route=%2Fwp%2Fv2%2Fproduct_brand&post=7203"},{"taxonomy":"product_cat","embeddable":true,"href":"https:\/\/www.edesia.al\/index.php?rest_route=%2Fwp%2Fv2%2Fproduct_cat&post=7203"},{"taxonomy":"product_tag","embeddable":true,"href":"https:\/\/www.edesia.al\/index.php?rest_route=%2Fwp%2Fv2%2Fproduct_tag&post=7203"}],"curies":[{"name":"wp","href":"https:\/\/api.w.org\/{rel}","templated":true}]}}