{"id":7204,"date":"2026-02-16T21:13:57","date_gmt":"2026-02-16T21:13:57","guid":{"rendered":"https:\/\/www.edesia.al\/?post_type=product&#038;p=7204"},"modified":"2026-02-25T18:23:27","modified_gmt":"2026-02-25T18:23:27","slug":"caj-fruta-murrizi","status":"publish","type":"product","link":"https:\/\/www.edesia.al\/?product=caj-fruta-murrizi","title":{"rendered":"\u00c7aj Fruta Murrizi"},"content":{"rendered":"<h2>\u00c7aj Fruta Murrizi (30 gr)<\/h2>\n<p><strong>Murrizi<\/strong>, ose <strong>lulja e Majit<\/strong> p\u00ebr shkak t\u00eb lul\u00ebzimit t\u00eb saj maksimal n\u00eb k\u00ebt\u00eb periudh\u00eb, \u00ebsht\u00eb nj\u00eb bim\u00eb q\u00eb i p\u00ebrket familjes Rosaceae. Gjat\u00eb Mesjet\u00ebs, frutat e murrizit p\u00ebrdoreshin p\u00ebr trajtimin e tensionit t\u00eb lart\u00eb t\u00eb gjakut. K\u00ebto fruta t\u00eb thata p\u00ebrmbajn\u00eb antioksidant\u00eb, flavonoide dhe fibra, t\u00eb cilat mb\u00ebshtesin sh\u00ebndetin e zemr\u00ebs dhe t\u00eb sistemit tret\u00ebs.<\/p>\n<p>Fruti i murrizit \u00ebsht\u00eb ngjyr\u00eb e kuqe e ndezur, por p\u00ebr t&#8217;u p\u00ebrdorur si \u00e7aj , kalon procesin e tharjes q\u00eb i jep ngjy\u00ebn kafe t\u00eb err\u00ebt.<\/p>\n<h4>P\u00ebrfitimet sh\u00ebndet\u00ebsore t\u00eb \u00e7ajit t\u00eb murrizit:<\/h4>\n<ul>\n<li><strong>Antioksidant\u00eb t\u00eb fuqish\u00ebm:<\/strong> Murrizi \u00ebsht\u00eb i pasur me polifenole, t\u00eb cilat ndihmojn\u00eb n\u00eb neutralizimin e radikaleve t\u00eb lira dhe parandalimin e d\u00ebmtimit qelizor. Si rrjedhoj\u00eb ul rrezikun t\u00eb disa lloje tumoresh, diabetin e tipit 2, astm\u00ebn, dhe probleme t\u00eb tjera kardiake.<\/li>\n<li><strong>Vetit\u00eb anti-inflamatore:<\/strong> Murrizi ndihmon n\u00eb uljen e inflamacionit dhe mbrojtjen kund\u00ebr inflamacionit kronik, duke reduktuar rrezikun p\u00ebr s\u00ebmundje si obeziteti, sindromi metabolik dhe diabeti i tipit 2.<\/li>\n<li><strong>Ul tensionin e gjakut:<\/strong> P\u00ebrdoret shpesh n\u00eb mjek\u00ebsin\u00eb tradicionale kineze p\u00ebr t\u00eb ulur presionin e gjakut. Efekti vazodilatator relakson en\u00ebt e gjakut dhe ndihmon n\u00eb uljen e tensionit.<\/li>\n<li><strong>P\u00ebrmir\u00ebson nivelet e kolesterolit:<\/strong> Disa studime tregojn\u00eb se \u00e7aji i murrizit mund t\u00eb ndihmoj\u00eb n\u00eb p\u00ebrmir\u00ebsimin e niveleve t\u00eb kolesterolit n\u00eb gjak, fal\u00eb flavonoideve dhe pektin\u00ebs, nj\u00eb lloj fibra q\u00eb ndihmon n\u00eb metabolizmin e kolesterolit dhe ul rrezikun p\u00ebr arterioskleroz\u00eb.<\/li>\n<li><strong>Ndihmon n\u00eb tretje:<\/strong> Murrizi \u00ebsht\u00eb p\u00ebrdorur p\u00ebr shekuj me radh\u00eb p\u00ebr t\u00eb trajtuar problemet e tretjes, sidomos kapsll\u00ebkun dhe dhimbjet e stomakut. Ai p\u00ebrmban fibra q\u00eb ndihmojn\u00eb tretjen dhe veprojn\u00eb si prebiotik, duke ushqyer bakteret e dobishme t\u00eb zorr\u00ebve.<\/li>\n<li><strong>Parandalon plakjen e parakohshme:<\/strong> P\u00ebrmbajtja e tij e lart\u00eb antioksiduese ndihmon n\u00eb parandalimin e degradimit t\u00eb kolagjenit q\u00eb shkaktohet nga ekspozimi i tep\u00ebrt ndaj diellit ose rrezeve UV, duke mbajtur l\u00ebkur\u00ebn t\u00eb sh\u00ebndetshme dhe t\u00eb re.<\/li>\n<li><strong>Rregullon nivelin e sheqerit n\u00eb gjak:<\/strong> Murrizi ndihmon n\u00eb rregullimin e nivelit t\u00eb sheqerit n\u00eb gjak dhe sekretimin e insulin\u00ebs, duke p\u00ebrmir\u00ebsuar sh\u00ebndetin e disa qelizave n\u00eb pankreas.<\/li>\n<\/ul>\n<h4>P\u00ebrdorimi:<\/h4>\n<p>\u00c7aji i murrizit p\u00ebrgatitet thjesht duke shtuar disa kokrra t\u00eb thara t\u00eb murrizit n\u00eb nj\u00eb en\u00eb me uj\u00eb dhe l\u00ebreni t\u00eb vloj\u00eb. Mbulojeni dhe l\u00ebreni t\u00eb q\u00ebndroj\u00eb p\u00ebr 5-7 minuta, pastaj kullojeni.<\/p>\n<h4>Kujdes!<\/h4>\n<p>Murrizi mund t\u00eb nd\u00ebrveprojn\u00eb negativisht me disa medikamente p\u00ebr zemr\u00ebn. N\u00ebse po merrni k\u00ebto medikamente, konsultohuni me nj\u00eb mjek  dietolog\u00a0 p\u00ebrpara p\u00ebrdorimit.<\/p>\n<p>&nbsp;<\/p>\n<p>&nbsp;<\/p>\n","protected":false},"excerpt":{"rendered":"<p>\u00c7aj Fruta Murrizi (30 gr) Murrizi, ose lulja e Majit p\u00ebr shkak t\u00eb lul\u00ebzimit t\u00eb saj maksimal n\u00eb k\u00ebt\u00eb periudh\u00eb, \u00ebsht\u00eb nj\u00eb bim\u00eb q\u00eb i p\u00ebrket familjes Rosaceae. Gjat\u00eb Mesjet\u00ebs, frutat e murrizit p\u00ebrdoreshin p\u00ebr trajtimin e tensionit t\u00eb lart\u00eb t\u00eb gjakut. K\u00ebto fruta t\u00eb thata p\u00ebrmbajn\u00eb antioksidant\u00eb, flavonoide dhe fibra, t\u00eb cilat mb\u00ebshtesin sh\u00ebndetin[&#8230;]<\/p>\n","protected":false},"featured_media":7231,"comment_status":"open","ping_status":"closed","template":"","meta":{"_acf_changed":false,"inline_featured_image":false},"kategori-sipas-dietave":[],"kategori-sipas-problemeve-shende":[85],"product_brand":[32],"product_cat":[81,43,28],"product_tag":[168],"class_list":{"0":"post-7204","1":"product","2":"type-product","3":"status-publish","4":"has-post-thumbnail","6":"kategori-sipas-problemeve-shende-imuniteti","7":"product_brand-bioagros","8":"product_cat-caj-bime-mjekesore","9":"product_cat-cajra","10":"product_cat-superfoods","11":"product_tag-caj","13":"first","14":"instock","15":"taxable","16":"shipping-taxable","17":"purchasable","18":"product-type-simple"},"acf":[],"yoast_head":"<!-- This site is optimized with the Yoast SEO plugin v27.4 - https:\/\/yoast.com\/product\/yoast-seo-wordpress\/ -->\n<title>\u00c7aj Fruta Murrizi - Edesia<\/title>\n<meta name=\"robots\" content=\"index, follow, max-snippet:-1, max-image-preview:large, max-video-preview:-1\" \/>\n<link rel=\"canonical\" href=\"https:\/\/www.edesia.al\/?product=caj-fruta-murrizi\" \/>\n<meta property=\"og:locale\" content=\"en_US\" \/>\n<meta property=\"og:type\" content=\"article\" \/>\n<meta property=\"og:title\" content=\"\u00c7aj Fruta Murrizi - Edesia\" \/>\n<meta property=\"og:description\" content=\"\u00c7aj Fruta Murrizi (30 gr) Murrizi, ose lulja e Majit p\u00ebr shkak t\u00eb lul\u00ebzimit t\u00eb saj maksimal n\u00eb k\u00ebt\u00eb periudh\u00eb, \u00ebsht\u00eb nj\u00eb bim\u00eb q\u00eb i p\u00ebrket familjes Rosaceae. Gjat\u00eb Mesjet\u00ebs, frutat e murrizit p\u00ebrdoreshin p\u00ebr trajtimin e tensionit t\u00eb lart\u00eb t\u00eb gjakut. K\u00ebto fruta t\u00eb thata p\u00ebrmbajn\u00eb antioksidant\u00eb, flavonoide dhe fibra, t\u00eb cilat mb\u00ebshtesin sh\u00ebndetin[...]\" \/>\n<meta property=\"og:url\" content=\"https:\/\/www.edesia.al\/?product=caj-fruta-murrizi\" \/>\n<meta property=\"og:site_name\" content=\"Edesia\" \/>\n<meta property=\"article:modified_time\" content=\"2026-02-25T18:23:27+00:00\" \/>\n<meta property=\"og:image\" content=\"https:\/\/www.edesia.al\/wp-content\/uploads\/2026\/02\/221121094-1.png\" \/>\n\t<meta property=\"og:image:width\" content=\"600\" \/>\n\t<meta property=\"og:image:height\" content=\"600\" \/>\n\t<meta property=\"og:image:type\" content=\"image\/png\" \/>\n<meta name=\"twitter:card\" content=\"summary_large_image\" \/>\n<meta name=\"twitter:label1\" content=\"Est. reading time\" \/>\n\t<meta name=\"twitter:data1\" content=\"2 minutes\" \/>\n<script type=\"application\/ld+json\" class=\"yoast-schema-graph\">{\"@context\":\"https:\\\/\\\/schema.org\",\"@graph\":[{\"@type\":\"WebPage\",\"@id\":\"https:\\\/\\\/www.edesia.al\\\/?product=caj-fruta-murrizi\",\"url\":\"https:\\\/\\\/www.edesia.al\\\/?product=caj-fruta-murrizi\",\"name\":\"\u00c7aj Fruta Murrizi - Edesia\",\"isPartOf\":{\"@id\":\"https:\\\/\\\/www.edesia.al\\\/#website\"},\"primaryImageOfPage\":{\"@id\":\"https:\\\/\\\/www.edesia.al\\\/?product=caj-fruta-murrizi#primaryimage\"},\"image\":{\"@id\":\"https:\\\/\\\/www.edesia.al\\\/?product=caj-fruta-murrizi#primaryimage\"},\"thumbnailUrl\":\"https:\\\/\\\/www.edesia.al\\\/wp-content\\\/uploads\\\/2026\\\/02\\\/221121094-1.png\",\"datePublished\":\"2026-02-16T21:13:57+00:00\",\"dateModified\":\"2026-02-25T18:23:27+00:00\",\"breadcrumb\":{\"@id\":\"https:\\\/\\\/www.edesia.al\\\/?product=caj-fruta-murrizi#breadcrumb\"},\"inLanguage\":\"en-US\",\"potentialAction\":[{\"@type\":\"ReadAction\",\"target\":[\"https:\\\/\\\/www.edesia.al\\\/?product=caj-fruta-murrizi\"]}]},{\"@type\":\"ImageObject\",\"inLanguage\":\"en-US\",\"@id\":\"https:\\\/\\\/www.edesia.al\\\/?product=caj-fruta-murrizi#primaryimage\",\"url\":\"https:\\\/\\\/www.edesia.al\\\/wp-content\\\/uploads\\\/2026\\\/02\\\/221121094-1.png\",\"contentUrl\":\"https:\\\/\\\/www.edesia.al\\\/wp-content\\\/uploads\\\/2026\\\/02\\\/221121094-1.png\",\"width\":600,\"height\":600},{\"@type\":\"BreadcrumbList\",\"@id\":\"https:\\\/\\\/www.edesia.al\\\/?product=caj-fruta-murrizi#breadcrumb\",\"itemListElement\":[{\"@type\":\"ListItem\",\"position\":1,\"name\":\"Home\",\"item\":\"https:\\\/\\\/www.edesia.al\\\/\"},{\"@type\":\"ListItem\",\"position\":2,\"name\":\"Dyqani\",\"item\":\"https:\\\/\\\/www.edesia.al\\\/?page_id=17\"},{\"@type\":\"ListItem\",\"position\":3,\"name\":\"\u00c7aj Fruta Murrizi\"}]},{\"@type\":\"WebSite\",\"@id\":\"https:\\\/\\\/www.edesia.al\\\/#website\",\"url\":\"https:\\\/\\\/www.edesia.al\\\/\",\"name\":\"Edesia\",\"description\":\"\",\"publisher\":{\"@id\":\"https:\\\/\\\/www.edesia.al\\\/#organization\"},\"potentialAction\":[{\"@type\":\"SearchAction\",\"target\":{\"@type\":\"EntryPoint\",\"urlTemplate\":\"https:\\\/\\\/www.edesia.al\\\/?s={search_term_string}\"},\"query-input\":{\"@type\":\"PropertyValueSpecification\",\"valueRequired\":true,\"valueName\":\"search_term_string\"}}],\"inLanguage\":\"en-US\"},{\"@type\":\"Organization\",\"@id\":\"https:\\\/\\\/www.edesia.al\\\/#organization\",\"name\":\"Edesia\",\"url\":\"https:\\\/\\\/www.edesia.al\\\/\",\"logo\":{\"@type\":\"ImageObject\",\"inLanguage\":\"en-US\",\"@id\":\"https:\\\/\\\/www.edesia.al\\\/#\\\/schema\\\/logo\\\/image\\\/\",\"url\":\"https:\\\/\\\/www.edesia.al\\\/wp-content\\\/uploads\\\/2026\\\/02\\\/Logo-Edesia-no-background.png\",\"contentUrl\":\"https:\\\/\\\/www.edesia.al\\\/wp-content\\\/uploads\\\/2026\\\/02\\\/Logo-Edesia-no-background.png\",\"width\":293,\"height\":158,\"caption\":\"Edesia\"},\"image\":{\"@id\":\"https:\\\/\\\/www.edesia.al\\\/#\\\/schema\\\/logo\\\/image\\\/\"}}]}<\/script>\n<!-- \/ Yoast SEO plugin. -->","yoast_head_json":{"title":"\u00c7aj Fruta Murrizi - Edesia","robots":{"index":"index","follow":"follow","max-snippet":"max-snippet:-1","max-image-preview":"max-image-preview:large","max-video-preview":"max-video-preview:-1"},"canonical":"https:\/\/www.edesia.al\/?product=caj-fruta-murrizi","og_locale":"en_US","og_type":"article","og_title":"\u00c7aj Fruta Murrizi - Edesia","og_description":"\u00c7aj Fruta Murrizi (30 gr) Murrizi, ose lulja e Majit p\u00ebr shkak t\u00eb lul\u00ebzimit t\u00eb saj maksimal n\u00eb k\u00ebt\u00eb periudh\u00eb, \u00ebsht\u00eb nj\u00eb bim\u00eb q\u00eb i p\u00ebrket familjes Rosaceae. Gjat\u00eb Mesjet\u00ebs, frutat e murrizit p\u00ebrdoreshin p\u00ebr trajtimin e tensionit t\u00eb lart\u00eb t\u00eb gjakut. K\u00ebto fruta t\u00eb thata p\u00ebrmbajn\u00eb antioksidant\u00eb, flavonoide dhe fibra, t\u00eb cilat mb\u00ebshtesin sh\u00ebndetin[...]","og_url":"https:\/\/www.edesia.al\/?product=caj-fruta-murrizi","og_site_name":"Edesia","article_modified_time":"2026-02-25T18:23:27+00:00","og_image":[{"width":600,"height":600,"url":"https:\/\/www.edesia.al\/wp-content\/uploads\/2026\/02\/221121094-1.png","type":"image\/png"}],"twitter_card":"summary_large_image","twitter_misc":{"Est. reading time":"2 minutes"},"schema":{"@context":"https:\/\/schema.org","@graph":[{"@type":"WebPage","@id":"https:\/\/www.edesia.al\/?product=caj-fruta-murrizi","url":"https:\/\/www.edesia.al\/?product=caj-fruta-murrizi","name":"\u00c7aj Fruta Murrizi - Edesia","isPartOf":{"@id":"https:\/\/www.edesia.al\/#website"},"primaryImageOfPage":{"@id":"https:\/\/www.edesia.al\/?product=caj-fruta-murrizi#primaryimage"},"image":{"@id":"https:\/\/www.edesia.al\/?product=caj-fruta-murrizi#primaryimage"},"thumbnailUrl":"https:\/\/www.edesia.al\/wp-content\/uploads\/2026\/02\/221121094-1.png","datePublished":"2026-02-16T21:13:57+00:00","dateModified":"2026-02-25T18:23:27+00:00","breadcrumb":{"@id":"https:\/\/www.edesia.al\/?product=caj-fruta-murrizi#breadcrumb"},"inLanguage":"en-US","potentialAction":[{"@type":"ReadAction","target":["https:\/\/www.edesia.al\/?product=caj-fruta-murrizi"]}]},{"@type":"ImageObject","inLanguage":"en-US","@id":"https:\/\/www.edesia.al\/?product=caj-fruta-murrizi#primaryimage","url":"https:\/\/www.edesia.al\/wp-content\/uploads\/2026\/02\/221121094-1.png","contentUrl":"https:\/\/www.edesia.al\/wp-content\/uploads\/2026\/02\/221121094-1.png","width":600,"height":600},{"@type":"BreadcrumbList","@id":"https:\/\/www.edesia.al\/?product=caj-fruta-murrizi#breadcrumb","itemListElement":[{"@type":"ListItem","position":1,"name":"Home","item":"https:\/\/www.edesia.al\/"},{"@type":"ListItem","position":2,"name":"Dyqani","item":"https:\/\/www.edesia.al\/?page_id=17"},{"@type":"ListItem","position":3,"name":"\u00c7aj Fruta Murrizi"}]},{"@type":"WebSite","@id":"https:\/\/www.edesia.al\/#website","url":"https:\/\/www.edesia.al\/","name":"Edesia","description":"","publisher":{"@id":"https:\/\/www.edesia.al\/#organization"},"potentialAction":[{"@type":"SearchAction","target":{"@type":"EntryPoint","urlTemplate":"https:\/\/www.edesia.al\/?s={search_term_string}"},"query-input":{"@type":"PropertyValueSpecification","valueRequired":true,"valueName":"search_term_string"}}],"inLanguage":"en-US"},{"@type":"Organization","@id":"https:\/\/www.edesia.al\/#organization","name":"Edesia","url":"https:\/\/www.edesia.al\/","logo":{"@type":"ImageObject","inLanguage":"en-US","@id":"https:\/\/www.edesia.al\/#\/schema\/logo\/image\/","url":"https:\/\/www.edesia.al\/wp-content\/uploads\/2026\/02\/Logo-Edesia-no-background.png","contentUrl":"https:\/\/www.edesia.al\/wp-content\/uploads\/2026\/02\/Logo-Edesia-no-background.png","width":293,"height":158,"caption":"Edesia"},"image":{"@id":"https:\/\/www.edesia.al\/#\/schema\/logo\/image\/"}}]}},"_links":{"self":[{"href":"https:\/\/www.edesia.al\/index.php?rest_route=\/wp\/v2\/product\/7204","targetHints":{"allow":["GET"]}}],"collection":[{"href":"https:\/\/www.edesia.al\/index.php?rest_route=\/wp\/v2\/product"}],"about":[{"href":"https:\/\/www.edesia.al\/index.php?rest_route=\/wp\/v2\/types\/product"}],"replies":[{"embeddable":true,"href":"https:\/\/www.edesia.al\/index.php?rest_route=%2Fwp%2Fv2%2Fcomments&post=7204"}],"wp:featuredmedia":[{"embeddable":true,"href":"https:\/\/www.edesia.al\/index.php?rest_route=\/wp\/v2\/media\/7231"}],"wp:attachment":[{"href":"https:\/\/www.edesia.al\/index.php?rest_route=%2Fwp%2Fv2%2Fmedia&parent=7204"}],"wp:term":[{"taxonomy":"kategori-sipas-dietave","embeddable":true,"href":"https:\/\/www.edesia.al\/index.php?rest_route=%2Fwp%2Fv2%2Fkategori-sipas-dietave&post=7204"},{"taxonomy":"kategori-sipas-problemeve-shende","embeddable":true,"href":"https:\/\/www.edesia.al\/index.php?rest_route=%2Fwp%2Fv2%2Fkategori-sipas-problemeve-shende&post=7204"},{"taxonomy":"product_brand","embeddable":true,"href":"https:\/\/www.edesia.al\/index.php?rest_route=%2Fwp%2Fv2%2Fproduct_brand&post=7204"},{"taxonomy":"product_cat","embeddable":true,"href":"https:\/\/www.edesia.al\/index.php?rest_route=%2Fwp%2Fv2%2Fproduct_cat&post=7204"},{"taxonomy":"product_tag","embeddable":true,"href":"https:\/\/www.edesia.al\/index.php?rest_route=%2Fwp%2Fv2%2Fproduct_tag&post=7204"}],"curies":[{"name":"wp","href":"https:\/\/api.w.org\/{rel}","templated":true}]}}