{"id":7208,"date":"2026-02-16T21:13:58","date_gmt":"2026-02-16T21:13:58","guid":{"rendered":"https:\/\/www.edesia.al\/?post_type=product&#038;p=7208"},"modified":"2026-02-25T18:26:50","modified_gmt":"2026-02-25T18:26:50","slug":"lengu-i-frutit-noni","status":"publish","type":"product","link":"https:\/\/www.edesia.al\/?product=lengu-i-frutit-noni","title":{"rendered":"L\u00ebngu i Frutit Noni"},"content":{"rendered":"<h2>L\u00ebngu i Frutit Noni (1000 mL)<\/h2>\n<p>Fruti Noni \u00ebsht\u00eb nj\u00eb frut tropikal q\u00eb rritet n\u00eb pem\u00ebn Noni, e cila b\u00ebn pjes\u00eb n\u00eb familjen e pem\u00ebs s\u00eb kafes\u00eb dhe shpesh gjendet n\u00eb rajone tropikale dhe subtropikale. Ky frut \u00ebsht\u00eb shum\u00eb i njohur p\u00ebr p\u00ebrdorimet e tij tradicionale dhe benefitet sh\u00ebndet\u00ebsore. Pema e Noni rritet shpesh n\u00eb toka vullkanike dhe \u00ebsht\u00eb p\u00ebrdorur p\u00ebr shekuj me radh\u00eb n\u00eb mjek\u00ebsin\u00eb popullore n\u00eb Azin\u00eb Juglindore, Polinezi, dhe rajone t\u00eb tjera tropikale.<\/p>\n<h4>Benefitet kryesore t\u00eb L\u00ebngut Noni:<\/h4>\n<ul>\n<li>Forcon\u00a0 sistemin imunitar, duke nxitur prodhimin e qelizave t\u00eb imunitetit.<\/li>\n<li>Mbron ADN-n\u00eb nga d\u00ebmtimi i tymit t\u00eb cigares.<\/li>\n<li>Normalizon presionin e lart\u00eb t\u00eb gjakut duke zgjeruar en\u00ebt e gjakut.<\/li>\n<li>Ul nivelet t\u00eb yndyrnave t\u00eb k\u00ebqija n\u00eb gjak.<\/li>\n<li>Ndihmon me dhimbjet e kok\u00ebs, kockave, nyjeve dhe t\u00eb shtyll\u00ebs kurrizore, me an\u00eb t\u00eb vetive antiinflamatore.<\/li>\n<li>\u00cbsht\u00eb i pasur me antioksidant\u00eb, ndaj ul riskun p\u00ebr s\u00ebmundje tumoriale.<\/li>\n<li>Mbron qelizat nga plakja.<\/li>\n<li>Nxit prodhimin e kolagjenit.<\/li>\n<li>Rrit performanc\u00ebn fizike dhe energjin\u00eb n\u00eb m\u00ebnyr\u00eb natyrale.<\/li>\n<li>P\u00ebrmir\u00ebsimi i tretjes p\u00eb shkak t\u00eb p\u00ebrmbajtjes s\u00eb lart\u00eb n\u00eb fibra.<\/li>\n<\/ul>\n<h4>P\u00ebrdorimi:<\/h4>\n<p>L\u00ebngu Noni mund t\u00eb konsumohet n\u00eb momente t\u00eb caktuara gjat\u00eb dit\u00ebs n\u00eb var\u00ebsi t\u00eb efekteve q\u00eb d\u00ebshironi t\u00eb potenconi:<\/p>\n<ul>\n<li><strong>N\u00eb m\u00ebngjes<\/strong>: Pija e l\u00ebngut t\u00eb Noni n\u00eb m\u00ebngjes mund t\u00eb jet\u00eb nj\u00eb m\u00ebnyr\u00eb e shk\u00eblqyer p\u00ebr t\u00eb nisur dit\u00ebn dhe p\u00ebr t\u00eb stimuluar sistemin tuaj imunitar. P\u00ebr m\u00eb tep\u00ebr, mund t\u00eb kontribuoni n\u00eb p\u00ebrmir\u00ebsimin e energjis\u00eb dhe performanc\u00ebs fizike gjat\u00eb dit\u00ebs.<\/li>\n<li><strong>N\u00eb stomak bosh<\/strong>: Pija e l\u00ebngut t\u00eb Noni n\u00eb stomak bosh mund t\u00eb jet\u00eb m\u00eb efektive, pasi mund t\u00eb absorbohet m\u00eb shpejt dhe mund t\u00eb ndihmoj\u00eb n\u00eb p\u00ebrfitime m\u00eb t\u00eb mira nga antioksidant\u00ebt dhe komponent\u00ebt e tjer\u00eb t\u00eb frutit.<\/li>\n<li><strong>Pas ushqimit<\/strong>: L\u00ebngu mund t\u00eb pihet gjithashtu pas ushqimit, ve\u00e7an\u00ebrisht n\u00ebse keni probleme t\u00eb tretjes, pasi ndihmon n\u00eb leht\u00ebsimin e proceseve t\u00eb tretjes dhe mund t\u00eb ul\u00eb inflamacionin.<\/li>\n<\/ul>\n<p>Zakonisht, rekomandohet t\u00eb pihet rreth <strong>30-60 ml<\/strong> (1-2 lug\u00eb) l\u00ebng Noni n\u00eb dit\u00eb. Ky doz\u00eb \u00ebsht\u00eb e mjaftueshme p\u00ebr t\u00eb marr\u00eb p\u00ebrfitimet e tij.<\/p>\n<h4>Kujdes:<\/h4>\n<p>K\u00ebshillohuni me mjekun tuaj para p\u00ebrdorimit n\u00ebse:<\/p>\n<ul>\n<li>Jeni shtatz\u00ebn\u00eb ose ushqeni me gji.<\/li>\n<li>Noni ka nj\u00eb efekt pastrues dhe ndihmon n\u00eb mbrojtjen e m\u00ebl\u00e7is\u00eb, por n\u00ebse keni tashm\u00eb probleme me funksionin e m\u00ebl\u00e7is\u00eb (p.sh., s\u00ebmundje t\u00eb m\u00ebl\u00e7is\u00eb ose ciroz\u00eb), duhet t\u00eb jeni t\u00eb kujdessh\u00ebm dhe t\u00eb konsultoheni me mjekun tuaj p\u00ebrpara p\u00ebrdorimit.<\/li>\n<li>P\u00ebrdorni medikamente p\u00ebr trajtimin e presionit t\u00eb lart\u00eb t\u00eb gjakut, diabetit ose n\u00ebse merrni hollues gjaku.<\/li>\n<li>Keni alergji ndaj tij.<\/li>\n<\/ul>\n","protected":false},"excerpt":{"rendered":"<p>L\u00ebngu i Frutit Noni (1000 mL) Fruti Noni \u00ebsht\u00eb nj\u00eb frut tropikal q\u00eb rritet n\u00eb pem\u00ebn Noni, e cila b\u00ebn pjes\u00eb n\u00eb familjen e pem\u00ebs s\u00eb kafes\u00eb dhe shpesh gjendet n\u00eb rajone tropikale dhe subtropikale. Ky frut \u00ebsht\u00eb shum\u00eb i njohur p\u00ebr p\u00ebrdorimet e tij tradicionale dhe benefitet sh\u00ebndet\u00ebsore. Pema e Noni rritet shpesh n\u00eb[&#8230;]<\/p>\n","protected":false},"featured_media":7234,"comment_status":"open","ping_status":"closed","template":"","meta":{"_acf_changed":false,"inline_featured_image":false},"kategori-sipas-dietave":[],"kategori-sipas-problemeve-shende":[83],"product_brand":[32],"product_cat":[38,26],"product_tag":[162,201],"class_list":{"0":"post-7208","1":"product","2":"type-product","3":"status-publish","4":"has-post-thumbnail","6":"kategori-sipas-problemeve-shende-tretje-detox","7":"product_brand-bioagros","8":"product_cat-uje-dhe-lengje-ushqime-bio","9":"product_cat-ushqime-bio","10":"product_tag-lengje","11":"product_tag-noni","13":"first","14":"instock","15":"taxable","16":"shipping-taxable","17":"purchasable","18":"product-type-simple"},"acf":[],"yoast_head":"<!-- This site is optimized with the Yoast SEO plugin v27.4 - https:\/\/yoast.com\/product\/yoast-seo-wordpress\/ -->\n<title>L\u00ebngu i Frutit Noni - Edesia<\/title>\n<meta name=\"robots\" content=\"index, follow, max-snippet:-1, max-image-preview:large, max-video-preview:-1\" \/>\n<link rel=\"canonical\" href=\"https:\/\/www.edesia.al\/?product=lengu-i-frutit-noni\" \/>\n<meta property=\"og:locale\" content=\"en_US\" \/>\n<meta property=\"og:type\" content=\"article\" \/>\n<meta property=\"og:title\" content=\"L\u00ebngu i Frutit Noni - Edesia\" \/>\n<meta property=\"og:description\" content=\"L\u00ebngu i Frutit Noni (1000 mL) Fruti Noni \u00ebsht\u00eb nj\u00eb frut tropikal q\u00eb rritet n\u00eb pem\u00ebn Noni, e cila b\u00ebn pjes\u00eb n\u00eb familjen e pem\u00ebs s\u00eb kafes\u00eb dhe shpesh gjendet n\u00eb rajone tropikale dhe subtropikale. Ky frut \u00ebsht\u00eb shum\u00eb i njohur p\u00ebr p\u00ebrdorimet e tij tradicionale dhe benefitet sh\u00ebndet\u00ebsore. Pema e Noni rritet shpesh n\u00eb[...]\" \/>\n<meta property=\"og:url\" content=\"https:\/\/www.edesia.al\/?product=lengu-i-frutit-noni\" \/>\n<meta property=\"og:site_name\" content=\"Edesia\" \/>\n<meta property=\"article:modified_time\" content=\"2026-02-25T18:26:50+00:00\" \/>\n<meta property=\"og:image\" content=\"https:\/\/www.edesia.al\/wp-content\/uploads\/2026\/02\/lengnoni-1.png\" \/>\n\t<meta property=\"og:image:width\" content=\"500\" \/>\n\t<meta property=\"og:image:height\" content=\"500\" \/>\n\t<meta property=\"og:image:type\" content=\"image\/png\" \/>\n<meta name=\"twitter:card\" content=\"summary_large_image\" \/>\n<meta name=\"twitter:label1\" content=\"Est. reading time\" \/>\n\t<meta name=\"twitter:data1\" content=\"2 minutes\" \/>\n<script type=\"application\/ld+json\" class=\"yoast-schema-graph\">{\"@context\":\"https:\\\/\\\/schema.org\",\"@graph\":[{\"@type\":\"WebPage\",\"@id\":\"https:\\\/\\\/www.edesia.al\\\/?product=lengu-i-frutit-noni\",\"url\":\"https:\\\/\\\/www.edesia.al\\\/?product=lengu-i-frutit-noni\",\"name\":\"L\u00ebngu i Frutit Noni - Edesia\",\"isPartOf\":{\"@id\":\"https:\\\/\\\/www.edesia.al\\\/#website\"},\"primaryImageOfPage\":{\"@id\":\"https:\\\/\\\/www.edesia.al\\\/?product=lengu-i-frutit-noni#primaryimage\"},\"image\":{\"@id\":\"https:\\\/\\\/www.edesia.al\\\/?product=lengu-i-frutit-noni#primaryimage\"},\"thumbnailUrl\":\"https:\\\/\\\/www.edesia.al\\\/wp-content\\\/uploads\\\/2026\\\/02\\\/lengnoni-1.png\",\"datePublished\":\"2026-02-16T21:13:58+00:00\",\"dateModified\":\"2026-02-25T18:26:50+00:00\",\"breadcrumb\":{\"@id\":\"https:\\\/\\\/www.edesia.al\\\/?product=lengu-i-frutit-noni#breadcrumb\"},\"inLanguage\":\"en-US\",\"potentialAction\":[{\"@type\":\"ReadAction\",\"target\":[\"https:\\\/\\\/www.edesia.al\\\/?product=lengu-i-frutit-noni\"]}]},{\"@type\":\"ImageObject\",\"inLanguage\":\"en-US\",\"@id\":\"https:\\\/\\\/www.edesia.al\\\/?product=lengu-i-frutit-noni#primaryimage\",\"url\":\"https:\\\/\\\/www.edesia.al\\\/wp-content\\\/uploads\\\/2026\\\/02\\\/lengnoni-1.png\",\"contentUrl\":\"https:\\\/\\\/www.edesia.al\\\/wp-content\\\/uploads\\\/2026\\\/02\\\/lengnoni-1.png\",\"width\":500,\"height\":500},{\"@type\":\"BreadcrumbList\",\"@id\":\"https:\\\/\\\/www.edesia.al\\\/?product=lengu-i-frutit-noni#breadcrumb\",\"itemListElement\":[{\"@type\":\"ListItem\",\"position\":1,\"name\":\"Home\",\"item\":\"https:\\\/\\\/www.edesia.al\\\/\"},{\"@type\":\"ListItem\",\"position\":2,\"name\":\"Dyqani\",\"item\":\"https:\\\/\\\/www.edesia.al\\\/?page_id=17\"},{\"@type\":\"ListItem\",\"position\":3,\"name\":\"L\u00ebngu i Frutit Noni\"}]},{\"@type\":\"WebSite\",\"@id\":\"https:\\\/\\\/www.edesia.al\\\/#website\",\"url\":\"https:\\\/\\\/www.edesia.al\\\/\",\"name\":\"Edesia\",\"description\":\"\",\"publisher\":{\"@id\":\"https:\\\/\\\/www.edesia.al\\\/#organization\"},\"potentialAction\":[{\"@type\":\"SearchAction\",\"target\":{\"@type\":\"EntryPoint\",\"urlTemplate\":\"https:\\\/\\\/www.edesia.al\\\/?s={search_term_string}\"},\"query-input\":{\"@type\":\"PropertyValueSpecification\",\"valueRequired\":true,\"valueName\":\"search_term_string\"}}],\"inLanguage\":\"en-US\"},{\"@type\":\"Organization\",\"@id\":\"https:\\\/\\\/www.edesia.al\\\/#organization\",\"name\":\"Edesia\",\"url\":\"https:\\\/\\\/www.edesia.al\\\/\",\"logo\":{\"@type\":\"ImageObject\",\"inLanguage\":\"en-US\",\"@id\":\"https:\\\/\\\/www.edesia.al\\\/#\\\/schema\\\/logo\\\/image\\\/\",\"url\":\"https:\\\/\\\/www.edesia.al\\\/wp-content\\\/uploads\\\/2026\\\/02\\\/Logo-Edesia-no-background.png\",\"contentUrl\":\"https:\\\/\\\/www.edesia.al\\\/wp-content\\\/uploads\\\/2026\\\/02\\\/Logo-Edesia-no-background.png\",\"width\":293,\"height\":158,\"caption\":\"Edesia\"},\"image\":{\"@id\":\"https:\\\/\\\/www.edesia.al\\\/#\\\/schema\\\/logo\\\/image\\\/\"}}]}<\/script>\n<!-- \/ Yoast SEO plugin. -->","yoast_head_json":{"title":"L\u00ebngu i Frutit Noni - Edesia","robots":{"index":"index","follow":"follow","max-snippet":"max-snippet:-1","max-image-preview":"max-image-preview:large","max-video-preview":"max-video-preview:-1"},"canonical":"https:\/\/www.edesia.al\/?product=lengu-i-frutit-noni","og_locale":"en_US","og_type":"article","og_title":"L\u00ebngu i Frutit Noni - Edesia","og_description":"L\u00ebngu i Frutit Noni (1000 mL) Fruti Noni \u00ebsht\u00eb nj\u00eb frut tropikal q\u00eb rritet n\u00eb pem\u00ebn Noni, e cila b\u00ebn pjes\u00eb n\u00eb familjen e pem\u00ebs s\u00eb kafes\u00eb dhe shpesh gjendet n\u00eb rajone tropikale dhe subtropikale. Ky frut \u00ebsht\u00eb shum\u00eb i njohur p\u00ebr p\u00ebrdorimet e tij tradicionale dhe benefitet sh\u00ebndet\u00ebsore. Pema e Noni rritet shpesh n\u00eb[...]","og_url":"https:\/\/www.edesia.al\/?product=lengu-i-frutit-noni","og_site_name":"Edesia","article_modified_time":"2026-02-25T18:26:50+00:00","og_image":[{"width":500,"height":500,"url":"https:\/\/www.edesia.al\/wp-content\/uploads\/2026\/02\/lengnoni-1.png","type":"image\/png"}],"twitter_card":"summary_large_image","twitter_misc":{"Est. reading time":"2 minutes"},"schema":{"@context":"https:\/\/schema.org","@graph":[{"@type":"WebPage","@id":"https:\/\/www.edesia.al\/?product=lengu-i-frutit-noni","url":"https:\/\/www.edesia.al\/?product=lengu-i-frutit-noni","name":"L\u00ebngu i Frutit Noni - Edesia","isPartOf":{"@id":"https:\/\/www.edesia.al\/#website"},"primaryImageOfPage":{"@id":"https:\/\/www.edesia.al\/?product=lengu-i-frutit-noni#primaryimage"},"image":{"@id":"https:\/\/www.edesia.al\/?product=lengu-i-frutit-noni#primaryimage"},"thumbnailUrl":"https:\/\/www.edesia.al\/wp-content\/uploads\/2026\/02\/lengnoni-1.png","datePublished":"2026-02-16T21:13:58+00:00","dateModified":"2026-02-25T18:26:50+00:00","breadcrumb":{"@id":"https:\/\/www.edesia.al\/?product=lengu-i-frutit-noni#breadcrumb"},"inLanguage":"en-US","potentialAction":[{"@type":"ReadAction","target":["https:\/\/www.edesia.al\/?product=lengu-i-frutit-noni"]}]},{"@type":"ImageObject","inLanguage":"en-US","@id":"https:\/\/www.edesia.al\/?product=lengu-i-frutit-noni#primaryimage","url":"https:\/\/www.edesia.al\/wp-content\/uploads\/2026\/02\/lengnoni-1.png","contentUrl":"https:\/\/www.edesia.al\/wp-content\/uploads\/2026\/02\/lengnoni-1.png","width":500,"height":500},{"@type":"BreadcrumbList","@id":"https:\/\/www.edesia.al\/?product=lengu-i-frutit-noni#breadcrumb","itemListElement":[{"@type":"ListItem","position":1,"name":"Home","item":"https:\/\/www.edesia.al\/"},{"@type":"ListItem","position":2,"name":"Dyqani","item":"https:\/\/www.edesia.al\/?page_id=17"},{"@type":"ListItem","position":3,"name":"L\u00ebngu i Frutit Noni"}]},{"@type":"WebSite","@id":"https:\/\/www.edesia.al\/#website","url":"https:\/\/www.edesia.al\/","name":"Edesia","description":"","publisher":{"@id":"https:\/\/www.edesia.al\/#organization"},"potentialAction":[{"@type":"SearchAction","target":{"@type":"EntryPoint","urlTemplate":"https:\/\/www.edesia.al\/?s={search_term_string}"},"query-input":{"@type":"PropertyValueSpecification","valueRequired":true,"valueName":"search_term_string"}}],"inLanguage":"en-US"},{"@type":"Organization","@id":"https:\/\/www.edesia.al\/#organization","name":"Edesia","url":"https:\/\/www.edesia.al\/","logo":{"@type":"ImageObject","inLanguage":"en-US","@id":"https:\/\/www.edesia.al\/#\/schema\/logo\/image\/","url":"https:\/\/www.edesia.al\/wp-content\/uploads\/2026\/02\/Logo-Edesia-no-background.png","contentUrl":"https:\/\/www.edesia.al\/wp-content\/uploads\/2026\/02\/Logo-Edesia-no-background.png","width":293,"height":158,"caption":"Edesia"},"image":{"@id":"https:\/\/www.edesia.al\/#\/schema\/logo\/image\/"}}]}},"_links":{"self":[{"href":"https:\/\/www.edesia.al\/index.php?rest_route=\/wp\/v2\/product\/7208","targetHints":{"allow":["GET"]}}],"collection":[{"href":"https:\/\/www.edesia.al\/index.php?rest_route=\/wp\/v2\/product"}],"about":[{"href":"https:\/\/www.edesia.al\/index.php?rest_route=\/wp\/v2\/types\/product"}],"replies":[{"embeddable":true,"href":"https:\/\/www.edesia.al\/index.php?rest_route=%2Fwp%2Fv2%2Fcomments&post=7208"}],"wp:featuredmedia":[{"embeddable":true,"href":"https:\/\/www.edesia.al\/index.php?rest_route=\/wp\/v2\/media\/7234"}],"wp:attachment":[{"href":"https:\/\/www.edesia.al\/index.php?rest_route=%2Fwp%2Fv2%2Fmedia&parent=7208"}],"wp:term":[{"taxonomy":"kategori-sipas-dietave","embeddable":true,"href":"https:\/\/www.edesia.al\/index.php?rest_route=%2Fwp%2Fv2%2Fkategori-sipas-dietave&post=7208"},{"taxonomy":"kategori-sipas-problemeve-shende","embeddable":true,"href":"https:\/\/www.edesia.al\/index.php?rest_route=%2Fwp%2Fv2%2Fkategori-sipas-problemeve-shende&post=7208"},{"taxonomy":"product_brand","embeddable":true,"href":"https:\/\/www.edesia.al\/index.php?rest_route=%2Fwp%2Fv2%2Fproduct_brand&post=7208"},{"taxonomy":"product_cat","embeddable":true,"href":"https:\/\/www.edesia.al\/index.php?rest_route=%2Fwp%2Fv2%2Fproduct_cat&post=7208"},{"taxonomy":"product_tag","embeddable":true,"href":"https:\/\/www.edesia.al\/index.php?rest_route=%2Fwp%2Fv2%2Fproduct_tag&post=7208"}],"curies":[{"name":"wp","href":"https:\/\/api.w.org\/{rel}","templated":true}]}}