{"id":7209,"date":"2026-02-16T21:13:58","date_gmt":"2026-02-16T21:13:58","guid":{"rendered":"https:\/\/www.edesia.al\/?post_type=product&#038;p=7209"},"modified":"2026-02-25T18:30:14","modified_gmt":"2026-02-25T18:30:14","slug":"vaj-rigoni-tretur-ne-vaj-ulliri-ekstra-te-virgjer","status":"publish","type":"product","link":"https:\/\/www.edesia.al\/?product=vaj-rigoni-tretur-ne-vaj-ulliri-ekstra-te-virgjer","title":{"rendered":"Vaj Rigoni (Tretur n\u00eb Vaj Ulliri Ekstra t\u00eb Virgj\u00ebr)"},"content":{"rendered":"<h2>Vaj Rigoni (Tretur n\u00eb Vaj Ulliri Ekstra t\u00eb Virgj\u00ebr) (100 mL)<\/h2>\n<p>Vaji i rigonit, vjen nga gjethet e bim\u00ebs s\u00eb rigonit dhe \u00ebsht\u00eb p\u00ebrdorur prej shekujsh p\u00ebr t\u00eb luftuar infeksionet dhe ftohjen e zakonshme, pavar\u00ebsisht nga shija e tij e hidhur. Ky format i vajit te rigonit (99% vaj ulliri ekstra i virgj\u00ebr &amp; 1% vaj esencial rigoni) \u00ebsht\u00eb 100% bioorganik , megjithat\u00eb, i ndrysh\u00ebm nga vaji esencial i rigonit, i cili \u00ebsht\u00eb shum\u00eb m\u00eb i koncentruar dhe jo i sigurt p\u00ebr konsum, pa u holluar fillimisht n\u00eb nj\u00eb vaj tjet\u00ebr.<\/p>\n<p>Rigoni n\u00eb vetvete p\u00ebrmban p\u00ebrb\u00ebr\u00ebs t\u00eb quajtur <strong>Fenole<\/strong>, <strong>Terpene<\/strong> dhe <strong>Terpenoide<\/strong>, t\u00eb cil\u00ebt kan\u00eb veti t\u00eb fuqishme antioksiduese dhe jan\u00eb p\u00ebrgjegj\u00ebs p\u00ebr arom\u00ebn e tij.<\/p>\n<p>Fenoli m\u00eb i bollsh\u00ebm n\u00eb rigon<strong> ,Karvakroli<\/strong>, \u00ebsht\u00eb v\u00ebrtetuar se ndalon rritjen e disa llojeve t\u00eb ndryshme t\u00eb baktereve.<br \/>\n<strong>Timoli <\/strong>nga ana tjet\u00ebr vepron si agjent natyral anti-mykotik, gjithashtu mund t\u00eb mb\u00ebshtes\u00eb sistemin imunitar dhe t\u00eb mbroj\u00eb ndaj toksinave.<br \/>\nNd\u00ebrsa<strong> Acidi rozmarinik <\/strong>\u00ebsht\u00eb nj\u00eb antioksidant i fuqish\u00ebm q\u00eb ndihmon n\u00eb mbrojtjen kund\u00ebr d\u00ebmeve t\u00eb shkaktuara nga radikalet e lira.<\/p>\n<h4><strong>P\u00ebrfitimet Sh\u00ebndet\u00ebsore<\/strong>:<\/h4>\n<ul>\n<li>Ka veti t\u00eb fuqishme antibakteriale, lufton baktere t\u00eb tilla si Stafilokoku dhe kontrollon rritjen bakteriale n\u00eb zorr\u00ebn e holl\u00eb.<\/li>\n<li>Vaji i rigonit p\u00ebrmban shum\u00eb polifenole (karvakrolin dhe timolin): k\u00ebta p\u00ebrb\u00ebr\u00ebs aktiv\u00eb ndihmojn\u00eb n\u00eb uljen e kolesterolit total.<\/li>\n<li>Vaji i rigonit \u00ebsht\u00eb nj\u00eb antioksidant i fuqish\u00ebm, q\u00eb mbron organizmin nga d\u00ebmtimet e shkaktuara nga stresi oksidativ &amp; radikalet e lira.<\/li>\n<li>Vaji i rigonit gjithashtu \u00ebsht\u00eb nj\u00eb agjent anti-mykotik sidomos kund\u00ebr Candidas. Sugjerohet konsumi nga goja p\u00ebr mykun n\u00eb traktin tret\u00ebs &amp; aplikimi i jasht\u00ebm p\u00ebr mykun n\u00eb l\u00ebkur\u00eb\/thonj.<\/li>\n<li>Qet\u00ebson simptomat e alergjive, p\u00ebr shkak t\u00eb funksionit t\u00eb tij antihistaminik.<\/li>\n<li>Vepron si anti-inflamator : Leht\u00ebson mukoz\u00ebn e inflamuar t\u00eb fytit n\u00eb raste virozash ose infeksionesh t\u00eb tjera.<\/li>\n<li>Vaji i rigonit mund t\u00eb jet\u00eb gjithashtu nj\u00eb mjet i dobish\u00ebm p\u00ebr njer\u00ebzit q\u00eb k\u00ebrkojn\u00eb t\u00eb humbin pesh\u00eb, pasi Karvakroli, p\u00ebrb\u00ebr\u00ebsi kryesor n\u00eb vajin e rigonit, d\u00ebmton nj\u00eb pjes\u00eb t\u00eb procesit q\u00eb \u00e7on n\u00eb krijimin dhe akumulimin e indit dhjamor.<\/li>\n<li>Vaji i rigonit \u00ebsht\u00eb nj\u00eb aleat i mir\u00eb i personave fizikisht aktiv\u00eb sepse leht\u00ebson ng\u00ebr\u00e7et , dhimbjet e muskujve &amp; ndihmon sh\u00ebrimin ndrydhjeve , tendinitit.<\/li>\n<\/ul>\n<h4><strong>Si ta p\u00ebrdorni Vajin e rigonit t\u00eb tretur n\u00eb vaj ulliri?<\/strong><\/h4>\n<ul>\n<li>P\u00ebr t\u00eb mb\u00ebshtetur sh\u00ebndetin e zorr\u00ebve: Pini <strong>1 deri n\u00eb 2 pika<\/strong> t\u00eb vajit t\u00eb rigonit t\u00eb tretur, duke e vendosur n\u00ebn gjuh\u00eb ose duke e p\u00ebrzier me uj\u00eb ose l\u00ebng.<\/li>\n<li><strong>Kund\u00ebr infeksioneve t\u00eb l\u00ebkur\u00ebs <\/strong>:\u00a0 Aplikoni <strong>pak vaj<\/strong> direkt mbi zon\u00ebn e prekur, por testoni fillimisht n\u00eb nj\u00eb pjes\u00eb t\u00eb vog\u00ebl t\u00eb l\u00ebkur\u00ebs p\u00ebr t\u00eb shmangur irritimet.<\/li>\n<li><strong>P\u00ebr masazh relaksues<\/strong>: Masazhoni zonat me dhimbje muskulore ose ky\u00e7e duke p\u00ebrdorur k\u00ebt\u00eb vaj p\u00ebr shkak t\u00eb vetive anti-inflamatore t\u00eb rigonit.<\/li>\n<\/ul>\n<h4><strong>Kujdes!<\/strong><\/h4>\n<ul>\n<li>K\u00ebshillojm\u00eb konsult\u00ebn me mjekun : n\u00ebse merrni medikamente t\u00eb tjera, n\u00ebse jeni shtat\u00ebzan\u00eb ose n\u00eb gjidh\u00ebnie, n\u00ebse d\u00ebshironi ta nisni si kur\u00eb p\u00ebr f\u00ebmij\u00ebt e vegj\u00ebl, n\u00ebse jeni t\u00eb diagnostikuar me s\u00ebmundje gastrike.<\/li>\n<li>Shmangni kontaktin me syt\u00eb .<\/li>\n<\/ul>\n","protected":false},"excerpt":{"rendered":"<p>Vaj Rigoni (Tretur n\u00eb Vaj Ulliri Ekstra t\u00eb Virgj\u00ebr) (100 mL) Vaji i rigonit, vjen nga gjethet e bim\u00ebs s\u00eb rigonit dhe \u00ebsht\u00eb p\u00ebrdorur prej shekujsh p\u00ebr t\u00eb luftuar infeksionet dhe ftohjen e zakonshme, pavar\u00ebsisht nga shija e tij e hidhur. Ky format i vajit te rigonit (99% vaj ulliri ekstra i virgj\u00ebr &amp; 1%[&#8230;]<\/p>\n","protected":false},"featured_media":7236,"comment_status":"open","ping_status":"closed","template":"","meta":{"_acf_changed":false,"inline_featured_image":false},"kategori-sipas-dietave":[95],"kategori-sipas-problemeve-shende":[83],"product_brand":[96],"product_cat":[26,41],"product_tag":[145],"class_list":{"0":"post-7209","1":"product","2":"type-product","3":"status-publish","4":"has-post-thumbnail","6":"kategori-sipas-dietave-pa-gluten","7":"kategori-sipas-problemeve-shende-tretje-detox","8":"product_brand-beauty-life","9":"product_cat-ushqime-bio","10":"product_cat-vajra-te-presuar-ne-te-ftohte","11":"product_tag-organic-vajra-te-presuar-ne-te-ftohte","13":"first","14":"instock","15":"taxable","16":"shipping-taxable","17":"purchasable","18":"product-type-simple"},"acf":[],"yoast_head":"<!-- This site is optimized with the Yoast SEO plugin v27.4 - https:\/\/yoast.com\/product\/yoast-seo-wordpress\/ -->\n<title>Vaj Rigoni (Tretur n\u00eb Vaj Ulliri Ekstra t\u00eb Virgj\u00ebr) - Edesia<\/title>\n<meta name=\"robots\" content=\"index, follow, max-snippet:-1, max-image-preview:large, max-video-preview:-1\" \/>\n<link rel=\"canonical\" href=\"https:\/\/www.edesia.al\/?product=vaj-rigoni-tretur-ne-vaj-ulliri-ekstra-te-virgjer\" \/>\n<meta property=\"og:locale\" content=\"en_US\" \/>\n<meta property=\"og:type\" content=\"article\" \/>\n<meta property=\"og:title\" content=\"Vaj Rigoni (Tretur n\u00eb Vaj Ulliri Ekstra t\u00eb Virgj\u00ebr) - Edesia\" \/>\n<meta property=\"og:description\" content=\"Vaj Rigoni (Tretur n\u00eb Vaj Ulliri Ekstra t\u00eb Virgj\u00ebr) (100 mL) Vaji i rigonit, vjen nga gjethet e bim\u00ebs s\u00eb rigonit dhe \u00ebsht\u00eb p\u00ebrdorur prej shekujsh p\u00ebr t\u00eb luftuar infeksionet dhe ftohjen e zakonshme, pavar\u00ebsisht nga shija e tij e hidhur. Ky format i vajit te rigonit (99% vaj ulliri ekstra i virgj\u00ebr &amp; 1%[...]\" \/>\n<meta property=\"og:url\" content=\"https:\/\/www.edesia.al\/?product=vaj-rigoni-tretur-ne-vaj-ulliri-ekstra-te-virgjer\" \/>\n<meta property=\"og:site_name\" content=\"Edesia\" \/>\n<meta property=\"article:modified_time\" content=\"2026-02-25T18:30:14+00:00\" \/>\n<meta property=\"og:image\" content=\"https:\/\/www.edesia.al\/wp-content\/uploads\/2026\/02\/vajrigoni-1.jpg\" \/>\n\t<meta property=\"og:image:width\" content=\"500\" \/>\n\t<meta property=\"og:image:height\" content=\"500\" \/>\n\t<meta property=\"og:image:type\" content=\"image\/jpeg\" \/>\n<meta name=\"twitter:card\" content=\"summary_large_image\" \/>\n<meta name=\"twitter:label1\" content=\"Est. reading time\" \/>\n\t<meta name=\"twitter:data1\" content=\"3 minutes\" \/>\n<script type=\"application\/ld+json\" class=\"yoast-schema-graph\">{\"@context\":\"https:\\\/\\\/schema.org\",\"@graph\":[{\"@type\":\"WebPage\",\"@id\":\"https:\\\/\\\/www.edesia.al\\\/?product=vaj-rigoni-tretur-ne-vaj-ulliri-ekstra-te-virgjer\",\"url\":\"https:\\\/\\\/www.edesia.al\\\/?product=vaj-rigoni-tretur-ne-vaj-ulliri-ekstra-te-virgjer\",\"name\":\"Vaj Rigoni (Tretur n\u00eb Vaj Ulliri Ekstra t\u00eb Virgj\u00ebr) - Edesia\",\"isPartOf\":{\"@id\":\"https:\\\/\\\/www.edesia.al\\\/#website\"},\"primaryImageOfPage\":{\"@id\":\"https:\\\/\\\/www.edesia.al\\\/?product=vaj-rigoni-tretur-ne-vaj-ulliri-ekstra-te-virgjer#primaryimage\"},\"image\":{\"@id\":\"https:\\\/\\\/www.edesia.al\\\/?product=vaj-rigoni-tretur-ne-vaj-ulliri-ekstra-te-virgjer#primaryimage\"},\"thumbnailUrl\":\"https:\\\/\\\/www.edesia.al\\\/wp-content\\\/uploads\\\/2026\\\/02\\\/vajrigoni-1.jpg\",\"datePublished\":\"2026-02-16T21:13:58+00:00\",\"dateModified\":\"2026-02-25T18:30:14+00:00\",\"breadcrumb\":{\"@id\":\"https:\\\/\\\/www.edesia.al\\\/?product=vaj-rigoni-tretur-ne-vaj-ulliri-ekstra-te-virgjer#breadcrumb\"},\"inLanguage\":\"en-US\",\"potentialAction\":[{\"@type\":\"ReadAction\",\"target\":[\"https:\\\/\\\/www.edesia.al\\\/?product=vaj-rigoni-tretur-ne-vaj-ulliri-ekstra-te-virgjer\"]}]},{\"@type\":\"ImageObject\",\"inLanguage\":\"en-US\",\"@id\":\"https:\\\/\\\/www.edesia.al\\\/?product=vaj-rigoni-tretur-ne-vaj-ulliri-ekstra-te-virgjer#primaryimage\",\"url\":\"https:\\\/\\\/www.edesia.al\\\/wp-content\\\/uploads\\\/2026\\\/02\\\/vajrigoni-1.jpg\",\"contentUrl\":\"https:\\\/\\\/www.edesia.al\\\/wp-content\\\/uploads\\\/2026\\\/02\\\/vajrigoni-1.jpg\",\"width\":500,\"height\":500},{\"@type\":\"BreadcrumbList\",\"@id\":\"https:\\\/\\\/www.edesia.al\\\/?product=vaj-rigoni-tretur-ne-vaj-ulliri-ekstra-te-virgjer#breadcrumb\",\"itemListElement\":[{\"@type\":\"ListItem\",\"position\":1,\"name\":\"Home\",\"item\":\"https:\\\/\\\/www.edesia.al\\\/\"},{\"@type\":\"ListItem\",\"position\":2,\"name\":\"Dyqani\",\"item\":\"https:\\\/\\\/www.edesia.al\\\/?page_id=17\"},{\"@type\":\"ListItem\",\"position\":3,\"name\":\"Vaj Rigoni (Tretur n\u00eb Vaj Ulliri Ekstra t\u00eb Virgj\u00ebr)\"}]},{\"@type\":\"WebSite\",\"@id\":\"https:\\\/\\\/www.edesia.al\\\/#website\",\"url\":\"https:\\\/\\\/www.edesia.al\\\/\",\"name\":\"Edesia\",\"description\":\"\",\"publisher\":{\"@id\":\"https:\\\/\\\/www.edesia.al\\\/#organization\"},\"potentialAction\":[{\"@type\":\"SearchAction\",\"target\":{\"@type\":\"EntryPoint\",\"urlTemplate\":\"https:\\\/\\\/www.edesia.al\\\/?s={search_term_string}\"},\"query-input\":{\"@type\":\"PropertyValueSpecification\",\"valueRequired\":true,\"valueName\":\"search_term_string\"}}],\"inLanguage\":\"en-US\"},{\"@type\":\"Organization\",\"@id\":\"https:\\\/\\\/www.edesia.al\\\/#organization\",\"name\":\"Edesia\",\"url\":\"https:\\\/\\\/www.edesia.al\\\/\",\"logo\":{\"@type\":\"ImageObject\",\"inLanguage\":\"en-US\",\"@id\":\"https:\\\/\\\/www.edesia.al\\\/#\\\/schema\\\/logo\\\/image\\\/\",\"url\":\"https:\\\/\\\/www.edesia.al\\\/wp-content\\\/uploads\\\/2026\\\/02\\\/Logo-Edesia-no-background.png\",\"contentUrl\":\"https:\\\/\\\/www.edesia.al\\\/wp-content\\\/uploads\\\/2026\\\/02\\\/Logo-Edesia-no-background.png\",\"width\":293,\"height\":158,\"caption\":\"Edesia\"},\"image\":{\"@id\":\"https:\\\/\\\/www.edesia.al\\\/#\\\/schema\\\/logo\\\/image\\\/\"}}]}<\/script>\n<!-- \/ Yoast SEO plugin. -->","yoast_head_json":{"title":"Vaj Rigoni (Tretur n\u00eb Vaj Ulliri Ekstra t\u00eb Virgj\u00ebr) - Edesia","robots":{"index":"index","follow":"follow","max-snippet":"max-snippet:-1","max-image-preview":"max-image-preview:large","max-video-preview":"max-video-preview:-1"},"canonical":"https:\/\/www.edesia.al\/?product=vaj-rigoni-tretur-ne-vaj-ulliri-ekstra-te-virgjer","og_locale":"en_US","og_type":"article","og_title":"Vaj Rigoni (Tretur n\u00eb Vaj Ulliri Ekstra t\u00eb Virgj\u00ebr) - Edesia","og_description":"Vaj Rigoni (Tretur n\u00eb Vaj Ulliri Ekstra t\u00eb Virgj\u00ebr) (100 mL) Vaji i rigonit, vjen nga gjethet e bim\u00ebs s\u00eb rigonit dhe \u00ebsht\u00eb p\u00ebrdorur prej shekujsh p\u00ebr t\u00eb luftuar infeksionet dhe ftohjen e zakonshme, pavar\u00ebsisht nga shija e tij e hidhur. Ky format i vajit te rigonit (99% vaj ulliri ekstra i virgj\u00ebr &amp; 1%[...]","og_url":"https:\/\/www.edesia.al\/?product=vaj-rigoni-tretur-ne-vaj-ulliri-ekstra-te-virgjer","og_site_name":"Edesia","article_modified_time":"2026-02-25T18:30:14+00:00","og_image":[{"width":500,"height":500,"url":"https:\/\/www.edesia.al\/wp-content\/uploads\/2026\/02\/vajrigoni-1.jpg","type":"image\/jpeg"}],"twitter_card":"summary_large_image","twitter_misc":{"Est. reading time":"3 minutes"},"schema":{"@context":"https:\/\/schema.org","@graph":[{"@type":"WebPage","@id":"https:\/\/www.edesia.al\/?product=vaj-rigoni-tretur-ne-vaj-ulliri-ekstra-te-virgjer","url":"https:\/\/www.edesia.al\/?product=vaj-rigoni-tretur-ne-vaj-ulliri-ekstra-te-virgjer","name":"Vaj Rigoni (Tretur n\u00eb Vaj Ulliri Ekstra t\u00eb Virgj\u00ebr) - Edesia","isPartOf":{"@id":"https:\/\/www.edesia.al\/#website"},"primaryImageOfPage":{"@id":"https:\/\/www.edesia.al\/?product=vaj-rigoni-tretur-ne-vaj-ulliri-ekstra-te-virgjer#primaryimage"},"image":{"@id":"https:\/\/www.edesia.al\/?product=vaj-rigoni-tretur-ne-vaj-ulliri-ekstra-te-virgjer#primaryimage"},"thumbnailUrl":"https:\/\/www.edesia.al\/wp-content\/uploads\/2026\/02\/vajrigoni-1.jpg","datePublished":"2026-02-16T21:13:58+00:00","dateModified":"2026-02-25T18:30:14+00:00","breadcrumb":{"@id":"https:\/\/www.edesia.al\/?product=vaj-rigoni-tretur-ne-vaj-ulliri-ekstra-te-virgjer#breadcrumb"},"inLanguage":"en-US","potentialAction":[{"@type":"ReadAction","target":["https:\/\/www.edesia.al\/?product=vaj-rigoni-tretur-ne-vaj-ulliri-ekstra-te-virgjer"]}]},{"@type":"ImageObject","inLanguage":"en-US","@id":"https:\/\/www.edesia.al\/?product=vaj-rigoni-tretur-ne-vaj-ulliri-ekstra-te-virgjer#primaryimage","url":"https:\/\/www.edesia.al\/wp-content\/uploads\/2026\/02\/vajrigoni-1.jpg","contentUrl":"https:\/\/www.edesia.al\/wp-content\/uploads\/2026\/02\/vajrigoni-1.jpg","width":500,"height":500},{"@type":"BreadcrumbList","@id":"https:\/\/www.edesia.al\/?product=vaj-rigoni-tretur-ne-vaj-ulliri-ekstra-te-virgjer#breadcrumb","itemListElement":[{"@type":"ListItem","position":1,"name":"Home","item":"https:\/\/www.edesia.al\/"},{"@type":"ListItem","position":2,"name":"Dyqani","item":"https:\/\/www.edesia.al\/?page_id=17"},{"@type":"ListItem","position":3,"name":"Vaj Rigoni (Tretur n\u00eb Vaj Ulliri Ekstra t\u00eb Virgj\u00ebr)"}]},{"@type":"WebSite","@id":"https:\/\/www.edesia.al\/#website","url":"https:\/\/www.edesia.al\/","name":"Edesia","description":"","publisher":{"@id":"https:\/\/www.edesia.al\/#organization"},"potentialAction":[{"@type":"SearchAction","target":{"@type":"EntryPoint","urlTemplate":"https:\/\/www.edesia.al\/?s={search_term_string}"},"query-input":{"@type":"PropertyValueSpecification","valueRequired":true,"valueName":"search_term_string"}}],"inLanguage":"en-US"},{"@type":"Organization","@id":"https:\/\/www.edesia.al\/#organization","name":"Edesia","url":"https:\/\/www.edesia.al\/","logo":{"@type":"ImageObject","inLanguage":"en-US","@id":"https:\/\/www.edesia.al\/#\/schema\/logo\/image\/","url":"https:\/\/www.edesia.al\/wp-content\/uploads\/2026\/02\/Logo-Edesia-no-background.png","contentUrl":"https:\/\/www.edesia.al\/wp-content\/uploads\/2026\/02\/Logo-Edesia-no-background.png","width":293,"height":158,"caption":"Edesia"},"image":{"@id":"https:\/\/www.edesia.al\/#\/schema\/logo\/image\/"}}]}},"_links":{"self":[{"href":"https:\/\/www.edesia.al\/index.php?rest_route=\/wp\/v2\/product\/7209","targetHints":{"allow":["GET"]}}],"collection":[{"href":"https:\/\/www.edesia.al\/index.php?rest_route=\/wp\/v2\/product"}],"about":[{"href":"https:\/\/www.edesia.al\/index.php?rest_route=\/wp\/v2\/types\/product"}],"replies":[{"embeddable":true,"href":"https:\/\/www.edesia.al\/index.php?rest_route=%2Fwp%2Fv2%2Fcomments&post=7209"}],"wp:featuredmedia":[{"embeddable":true,"href":"https:\/\/www.edesia.al\/index.php?rest_route=\/wp\/v2\/media\/7236"}],"wp:attachment":[{"href":"https:\/\/www.edesia.al\/index.php?rest_route=%2Fwp%2Fv2%2Fmedia&parent=7209"}],"wp:term":[{"taxonomy":"kategori-sipas-dietave","embeddable":true,"href":"https:\/\/www.edesia.al\/index.php?rest_route=%2Fwp%2Fv2%2Fkategori-sipas-dietave&post=7209"},{"taxonomy":"kategori-sipas-problemeve-shende","embeddable":true,"href":"https:\/\/www.edesia.al\/index.php?rest_route=%2Fwp%2Fv2%2Fkategori-sipas-problemeve-shende&post=7209"},{"taxonomy":"product_brand","embeddable":true,"href":"https:\/\/www.edesia.al\/index.php?rest_route=%2Fwp%2Fv2%2Fproduct_brand&post=7209"},{"taxonomy":"product_cat","embeddable":true,"href":"https:\/\/www.edesia.al\/index.php?rest_route=%2Fwp%2Fv2%2Fproduct_cat&post=7209"},{"taxonomy":"product_tag","embeddable":true,"href":"https:\/\/www.edesia.al\/index.php?rest_route=%2Fwp%2Fv2%2Fproduct_tag&post=7209"}],"curies":[{"name":"wp","href":"https:\/\/api.w.org\/{rel}","templated":true}]}}