{"id":7211,"date":"2026-02-16T21:13:58","date_gmt":"2026-02-16T21:13:58","guid":{"rendered":"https:\/\/www.edesia.al\/?post_type=product&#038;p=7211"},"modified":"2026-02-25T18:31:22","modified_gmt":"2026-02-25T18:31:22","slug":"nisehte-tapioka","status":"publish","type":"product","link":"https:\/\/www.edesia.al\/?product=nisehte-tapioka","title":{"rendered":"Nisehte Tapioka"},"content":{"rendered":"<h2>Nisehte Tapioka 350 gr<\/h2>\n<p>Niseshteja e tapiok\u00ebs, vjen nga rr\u00ebnja e bim\u00ebs s\u00eb kasav\u00ebs, me origjin\u00eb nga Amerika e Jugut. Prodhuesit e lajn\u00eb rr\u00ebnj\u00ebn e kasav\u00ebs, e grimcojn\u00eb at\u00eb n\u00eb nj\u00eb mas\u00eb t\u00eb but\u00eb, dhe m\u00eb pas e shtypin p\u00ebr t\u00eb nxjerr\u00eb l\u00ebngun. Kur l\u00ebngu avullohet, pluhuri i bardh\u00eb dhe super i im\u00ebt q\u00eb mbetet (i cili \u00ebsht\u00eb niseshte e past\u00ebr) njihet si niseshte tapioka.<\/p>\n<h4>P\u00ebrfitimet sh\u00ebndet\u00ebsore t\u00eb niseshtes\u00eb tapioka:<\/h4>\n<ul>\n<li><strong>Pa alergjen\u00ebt e zakonsh\u00ebm:<\/strong> Tapioka \u00ebsht\u00eb pa gluten, arra dhe drithra, prandaj nuk do t\u00eb shkaktoj\u00eb reaksione tek personat me s\u00ebmundje celiake, ndjeshm\u00ebri ndaj glutenit dhe alergji ndaj arrave.<\/li>\n<li><strong>E leht\u00eb p\u00ebr t&#8217;u tretur:<\/strong> Tapioka paraqitet e but\u00eb p\u00ebr stomakun. Shum\u00eb njer\u00ebz e kan\u00eb m\u00eb t\u00eb leht\u00eb p\u00ebr ta tretur krahasuar me miellin q\u00eb prodhuesit e b\u00ebr\u00eb nga drith\u00ebrat.<\/li>\n<li><strong>Burim kalciumi dhe hekuri.<\/strong><\/li>\n<li><strong>Nivele t\u00eb ul\u00ebta t\u00eb Natriumit: <\/strong>E k\u00ebshillueshme pasi nj\u00eb diet\u00eb me sasi t\u00eb lart\u00eb natriumi lidhet me presion t\u00eb lart\u00eb t\u00eb gjakut, s\u00ebmundje t\u00eb zemr\u00ebs dhe goditje n\u00eb tru.<\/li>\n<li><strong>Nivele t\u00eb pap\u00ebrfillshme yndyrnash:<\/strong> Nuk p\u00ebrmban yndyrna, duke e b\u00ebr\u00eb nj\u00eb zgjedhje t\u00eb sh\u00ebndetshme p\u00ebr ata q\u00eb monitorojn\u00eb bilancin e yndyrnave n\u00eb gjak dhe marrjen dietike t\u00eb yndyrnave t\u00eb ngopura dhe duke mbrojtur n\u00eb k\u00ebt\u00eb m\u00ebnyre sh\u00ebndetin e trurit dhe zemr\u00ebs.<\/li>\n<\/ul>\n<h4>P\u00ebrdorimi:<\/h4>\n<ul>\n<li><strong>Gatime pa gluten dhe pa drith\u00ebra:<\/strong> Buk\u00eb pa gluten, brum pice jan\u00eb disa shembuj t\u00eb p\u00ebrdorimit t\u00eb tapiok\u00ebs, megjith\u00ebse shpesh kombinohet me miellra t\u00eb tjera.<\/li>\n<li><strong>Puding dhe \u00ebmb\u00eblsira:<\/strong> Tapioka p\u00ebrdoret n\u00eb puding, duke i dh\u00ebn\u00eb nj\u00eb tekstur\u00eb t\u00eb but\u00eb dhe duke lidhur s\u00eb bashku t\u00eb gjith\u00eb p\u00ebrb\u00ebr\u00ebsit e tjer\u00eb. Mund t\u00eb p\u00ebrdoret n\u00eb p\u00ebrgatitjen e pancakes, cupcakes dhe waffles.<\/li>\n<li><strong>Trash\u00ebs:<\/strong> Mund t\u00eb p\u00ebrdoret si trash\u00ebs p\u00ebr supa dhe salca. Ka shije neutrale dhe ka fuqi t\u00eb shk\u00eblqyer p\u00ebr t\u00eb mpiksur.<\/li>\n<li><strong>Agjent lidh\u00ebs:<\/strong> Mund t\u00eb p\u00ebrdoret p\u00ebr t\u00eb p\u00ebrmir\u00ebsuar tekstur\u00ebn dhe thithur lag\u00ebshtin\u00eb e brumit.<\/li>\n<\/ul>\n<h4>Kujdes!<\/h4>\n<p>Tapioka ka nj\u00eb indeks glicemik t\u00eb lart\u00eb, q\u00eb do t\u00eb thot\u00eb se ajo mund t\u00eb shkaktoj\u00eb nj\u00eb rritje t\u00eb niveleve t\u00eb sheqerit n\u00eb gjak pas konsumimit, ndaj diabetik\u00ebt duhet t\u00eb jen\u00eb t\u00eb kujdessh\u00ebm dhe t\u00eb monitorojn\u00eb sasin\u00eb q\u00eb konsumojn\u00eb.<\/p>\n","protected":false},"excerpt":{"rendered":"<p>Nisehte Tapioka 350 gr Niseshteja e tapiok\u00ebs, vjen nga rr\u00ebnja e bim\u00ebs s\u00eb kasav\u00ebs, me origjin\u00eb nga Amerika e Jugut. Prodhuesit e lajn\u00eb rr\u00ebnj\u00ebn e kasav\u00ebs, e grimcojn\u00eb at\u00eb n\u00eb nj\u00eb mas\u00eb t\u00eb but\u00eb, dhe m\u00eb pas e shtypin p\u00ebr t\u00eb nxjerr\u00eb l\u00ebngun. Kur l\u00ebngu avullohet, pluhuri i bardh\u00eb dhe super i im\u00ebt q\u00eb mbetet[&#8230;]<\/p>\n","protected":false},"featured_media":7237,"comment_status":"open","ping_status":"closed","template":"","meta":{"_acf_changed":false,"inline_featured_image":false},"kategori-sipas-dietave":[95],"kategori-sipas-problemeve-shende":[87],"product_brand":[32],"product_cat":[47,26],"product_tag":[185],"class_list":{"0":"post-7211","1":"product","2":"type-product","3":"status-publish","4":"has-post-thumbnail","6":"kategori-sipas-dietave-pa-gluten","7":"kategori-sipas-problemeve-shende-gluten-free-intolerant","8":"product_brand-bioagros","9":"product_cat-miell","10":"product_cat-ushqime-bio","11":"product_tag-organic-miell","13":"first","14":"instock","15":"taxable","16":"shipping-taxable","17":"purchasable","18":"product-type-simple"},"acf":[],"yoast_head":"<!-- This site is optimized with the Yoast SEO plugin v27.4 - https:\/\/yoast.com\/product\/yoast-seo-wordpress\/ -->\n<title>Nisehte Tapioka - Edesia<\/title>\n<meta name=\"robots\" content=\"index, follow, max-snippet:-1, max-image-preview:large, max-video-preview:-1\" \/>\n<link rel=\"canonical\" href=\"https:\/\/www.edesia.al\/?product=nisehte-tapioka\" \/>\n<meta property=\"og:locale\" content=\"en_US\" \/>\n<meta property=\"og:type\" content=\"article\" \/>\n<meta property=\"og:title\" content=\"Nisehte Tapioka - Edesia\" \/>\n<meta property=\"og:description\" content=\"Nisehte Tapioka 350 gr Niseshteja e tapiok\u00ebs, vjen nga rr\u00ebnja e bim\u00ebs s\u00eb kasav\u00ebs, me origjin\u00eb nga Amerika e Jugut. Prodhuesit e lajn\u00eb rr\u00ebnj\u00ebn e kasav\u00ebs, e grimcojn\u00eb at\u00eb n\u00eb nj\u00eb mas\u00eb t\u00eb but\u00eb, dhe m\u00eb pas e shtypin p\u00ebr t\u00eb nxjerr\u00eb l\u00ebngun. Kur l\u00ebngu avullohet, pluhuri i bardh\u00eb dhe super i im\u00ebt q\u00eb mbetet[...]\" \/>\n<meta property=\"og:url\" content=\"https:\/\/www.edesia.al\/?product=nisehte-tapioka\" \/>\n<meta property=\"og:site_name\" content=\"Edesia\" \/>\n<meta property=\"article:modified_time\" content=\"2026-02-25T18:31:22+00:00\" \/>\n<meta property=\"og:image\" content=\"https:\/\/www.edesia.al\/wp-content\/uploads\/2026\/02\/nisheste-topakia-1.png\" \/>\n\t<meta property=\"og:image:width\" content=\"500\" \/>\n\t<meta property=\"og:image:height\" content=\"500\" \/>\n\t<meta property=\"og:image:type\" content=\"image\/png\" \/>\n<meta name=\"twitter:card\" content=\"summary_large_image\" \/>\n<meta name=\"twitter:label1\" content=\"Est. reading time\" \/>\n\t<meta name=\"twitter:data1\" content=\"2 minutes\" \/>\n<script type=\"application\/ld+json\" class=\"yoast-schema-graph\">{\"@context\":\"https:\\\/\\\/schema.org\",\"@graph\":[{\"@type\":\"WebPage\",\"@id\":\"https:\\\/\\\/www.edesia.al\\\/?product=nisehte-tapioka\",\"url\":\"https:\\\/\\\/www.edesia.al\\\/?product=nisehte-tapioka\",\"name\":\"Nisehte Tapioka - Edesia\",\"isPartOf\":{\"@id\":\"https:\\\/\\\/www.edesia.al\\\/#website\"},\"primaryImageOfPage\":{\"@id\":\"https:\\\/\\\/www.edesia.al\\\/?product=nisehte-tapioka#primaryimage\"},\"image\":{\"@id\":\"https:\\\/\\\/www.edesia.al\\\/?product=nisehte-tapioka#primaryimage\"},\"thumbnailUrl\":\"https:\\\/\\\/www.edesia.al\\\/wp-content\\\/uploads\\\/2026\\\/02\\\/nisheste-topakia-1.png\",\"datePublished\":\"2026-02-16T21:13:58+00:00\",\"dateModified\":\"2026-02-25T18:31:22+00:00\",\"breadcrumb\":{\"@id\":\"https:\\\/\\\/www.edesia.al\\\/?product=nisehte-tapioka#breadcrumb\"},\"inLanguage\":\"en-US\",\"potentialAction\":[{\"@type\":\"ReadAction\",\"target\":[\"https:\\\/\\\/www.edesia.al\\\/?product=nisehte-tapioka\"]}]},{\"@type\":\"ImageObject\",\"inLanguage\":\"en-US\",\"@id\":\"https:\\\/\\\/www.edesia.al\\\/?product=nisehte-tapioka#primaryimage\",\"url\":\"https:\\\/\\\/www.edesia.al\\\/wp-content\\\/uploads\\\/2026\\\/02\\\/nisheste-topakia-1.png\",\"contentUrl\":\"https:\\\/\\\/www.edesia.al\\\/wp-content\\\/uploads\\\/2026\\\/02\\\/nisheste-topakia-1.png\",\"width\":500,\"height\":500},{\"@type\":\"BreadcrumbList\",\"@id\":\"https:\\\/\\\/www.edesia.al\\\/?product=nisehte-tapioka#breadcrumb\",\"itemListElement\":[{\"@type\":\"ListItem\",\"position\":1,\"name\":\"Home\",\"item\":\"https:\\\/\\\/www.edesia.al\\\/\"},{\"@type\":\"ListItem\",\"position\":2,\"name\":\"Dyqani\",\"item\":\"https:\\\/\\\/www.edesia.al\\\/?page_id=17\"},{\"@type\":\"ListItem\",\"position\":3,\"name\":\"Nisehte Tapioka\"}]},{\"@type\":\"WebSite\",\"@id\":\"https:\\\/\\\/www.edesia.al\\\/#website\",\"url\":\"https:\\\/\\\/www.edesia.al\\\/\",\"name\":\"Edesia\",\"description\":\"\",\"publisher\":{\"@id\":\"https:\\\/\\\/www.edesia.al\\\/#organization\"},\"potentialAction\":[{\"@type\":\"SearchAction\",\"target\":{\"@type\":\"EntryPoint\",\"urlTemplate\":\"https:\\\/\\\/www.edesia.al\\\/?s={search_term_string}\"},\"query-input\":{\"@type\":\"PropertyValueSpecification\",\"valueRequired\":true,\"valueName\":\"search_term_string\"}}],\"inLanguage\":\"en-US\"},{\"@type\":\"Organization\",\"@id\":\"https:\\\/\\\/www.edesia.al\\\/#organization\",\"name\":\"Edesia\",\"url\":\"https:\\\/\\\/www.edesia.al\\\/\",\"logo\":{\"@type\":\"ImageObject\",\"inLanguage\":\"en-US\",\"@id\":\"https:\\\/\\\/www.edesia.al\\\/#\\\/schema\\\/logo\\\/image\\\/\",\"url\":\"https:\\\/\\\/www.edesia.al\\\/wp-content\\\/uploads\\\/2026\\\/02\\\/Logo-Edesia-no-background.png\",\"contentUrl\":\"https:\\\/\\\/www.edesia.al\\\/wp-content\\\/uploads\\\/2026\\\/02\\\/Logo-Edesia-no-background.png\",\"width\":293,\"height\":158,\"caption\":\"Edesia\"},\"image\":{\"@id\":\"https:\\\/\\\/www.edesia.al\\\/#\\\/schema\\\/logo\\\/image\\\/\"}}]}<\/script>\n<!-- \/ Yoast SEO plugin. -->","yoast_head_json":{"title":"Nisehte Tapioka - Edesia","robots":{"index":"index","follow":"follow","max-snippet":"max-snippet:-1","max-image-preview":"max-image-preview:large","max-video-preview":"max-video-preview:-1"},"canonical":"https:\/\/www.edesia.al\/?product=nisehte-tapioka","og_locale":"en_US","og_type":"article","og_title":"Nisehte Tapioka - Edesia","og_description":"Nisehte Tapioka 350 gr Niseshteja e tapiok\u00ebs, vjen nga rr\u00ebnja e bim\u00ebs s\u00eb kasav\u00ebs, me origjin\u00eb nga Amerika e Jugut. Prodhuesit e lajn\u00eb rr\u00ebnj\u00ebn e kasav\u00ebs, e grimcojn\u00eb at\u00eb n\u00eb nj\u00eb mas\u00eb t\u00eb but\u00eb, dhe m\u00eb pas e shtypin p\u00ebr t\u00eb nxjerr\u00eb l\u00ebngun. Kur l\u00ebngu avullohet, pluhuri i bardh\u00eb dhe super i im\u00ebt q\u00eb mbetet[...]","og_url":"https:\/\/www.edesia.al\/?product=nisehte-tapioka","og_site_name":"Edesia","article_modified_time":"2026-02-25T18:31:22+00:00","og_image":[{"width":500,"height":500,"url":"https:\/\/www.edesia.al\/wp-content\/uploads\/2026\/02\/nisheste-topakia-1.png","type":"image\/png"}],"twitter_card":"summary_large_image","twitter_misc":{"Est. reading time":"2 minutes"},"schema":{"@context":"https:\/\/schema.org","@graph":[{"@type":"WebPage","@id":"https:\/\/www.edesia.al\/?product=nisehte-tapioka","url":"https:\/\/www.edesia.al\/?product=nisehte-tapioka","name":"Nisehte Tapioka - Edesia","isPartOf":{"@id":"https:\/\/www.edesia.al\/#website"},"primaryImageOfPage":{"@id":"https:\/\/www.edesia.al\/?product=nisehte-tapioka#primaryimage"},"image":{"@id":"https:\/\/www.edesia.al\/?product=nisehte-tapioka#primaryimage"},"thumbnailUrl":"https:\/\/www.edesia.al\/wp-content\/uploads\/2026\/02\/nisheste-topakia-1.png","datePublished":"2026-02-16T21:13:58+00:00","dateModified":"2026-02-25T18:31:22+00:00","breadcrumb":{"@id":"https:\/\/www.edesia.al\/?product=nisehte-tapioka#breadcrumb"},"inLanguage":"en-US","potentialAction":[{"@type":"ReadAction","target":["https:\/\/www.edesia.al\/?product=nisehte-tapioka"]}]},{"@type":"ImageObject","inLanguage":"en-US","@id":"https:\/\/www.edesia.al\/?product=nisehte-tapioka#primaryimage","url":"https:\/\/www.edesia.al\/wp-content\/uploads\/2026\/02\/nisheste-topakia-1.png","contentUrl":"https:\/\/www.edesia.al\/wp-content\/uploads\/2026\/02\/nisheste-topakia-1.png","width":500,"height":500},{"@type":"BreadcrumbList","@id":"https:\/\/www.edesia.al\/?product=nisehte-tapioka#breadcrumb","itemListElement":[{"@type":"ListItem","position":1,"name":"Home","item":"https:\/\/www.edesia.al\/"},{"@type":"ListItem","position":2,"name":"Dyqani","item":"https:\/\/www.edesia.al\/?page_id=17"},{"@type":"ListItem","position":3,"name":"Nisehte Tapioka"}]},{"@type":"WebSite","@id":"https:\/\/www.edesia.al\/#website","url":"https:\/\/www.edesia.al\/","name":"Edesia","description":"","publisher":{"@id":"https:\/\/www.edesia.al\/#organization"},"potentialAction":[{"@type":"SearchAction","target":{"@type":"EntryPoint","urlTemplate":"https:\/\/www.edesia.al\/?s={search_term_string}"},"query-input":{"@type":"PropertyValueSpecification","valueRequired":true,"valueName":"search_term_string"}}],"inLanguage":"en-US"},{"@type":"Organization","@id":"https:\/\/www.edesia.al\/#organization","name":"Edesia","url":"https:\/\/www.edesia.al\/","logo":{"@type":"ImageObject","inLanguage":"en-US","@id":"https:\/\/www.edesia.al\/#\/schema\/logo\/image\/","url":"https:\/\/www.edesia.al\/wp-content\/uploads\/2026\/02\/Logo-Edesia-no-background.png","contentUrl":"https:\/\/www.edesia.al\/wp-content\/uploads\/2026\/02\/Logo-Edesia-no-background.png","width":293,"height":158,"caption":"Edesia"},"image":{"@id":"https:\/\/www.edesia.al\/#\/schema\/logo\/image\/"}}]}},"_links":{"self":[{"href":"https:\/\/www.edesia.al\/index.php?rest_route=\/wp\/v2\/product\/7211","targetHints":{"allow":["GET"]}}],"collection":[{"href":"https:\/\/www.edesia.al\/index.php?rest_route=\/wp\/v2\/product"}],"about":[{"href":"https:\/\/www.edesia.al\/index.php?rest_route=\/wp\/v2\/types\/product"}],"replies":[{"embeddable":true,"href":"https:\/\/www.edesia.al\/index.php?rest_route=%2Fwp%2Fv2%2Fcomments&post=7211"}],"wp:featuredmedia":[{"embeddable":true,"href":"https:\/\/www.edesia.al\/index.php?rest_route=\/wp\/v2\/media\/7237"}],"wp:attachment":[{"href":"https:\/\/www.edesia.al\/index.php?rest_route=%2Fwp%2Fv2%2Fmedia&parent=7211"}],"wp:term":[{"taxonomy":"kategori-sipas-dietave","embeddable":true,"href":"https:\/\/www.edesia.al\/index.php?rest_route=%2Fwp%2Fv2%2Fkategori-sipas-dietave&post=7211"},{"taxonomy":"kategori-sipas-problemeve-shende","embeddable":true,"href":"https:\/\/www.edesia.al\/index.php?rest_route=%2Fwp%2Fv2%2Fkategori-sipas-problemeve-shende&post=7211"},{"taxonomy":"product_brand","embeddable":true,"href":"https:\/\/www.edesia.al\/index.php?rest_route=%2Fwp%2Fv2%2Fproduct_brand&post=7211"},{"taxonomy":"product_cat","embeddable":true,"href":"https:\/\/www.edesia.al\/index.php?rest_route=%2Fwp%2Fv2%2Fproduct_cat&post=7211"},{"taxonomy":"product_tag","embeddable":true,"href":"https:\/\/www.edesia.al\/index.php?rest_route=%2Fwp%2Fv2%2Fproduct_tag&post=7211"}],"curies":[{"name":"wp","href":"https:\/\/api.w.org\/{rel}","templated":true}]}}