{"id":7215,"date":"2026-02-16T21:13:59","date_gmt":"2026-02-16T21:13:59","guid":{"rendered":"https:\/\/www.edesia.al\/?post_type=product&#038;p=7215"},"modified":"2026-02-25T18:33:38","modified_gmt":"2026-02-25T18:33:38","slug":"caj-love-for-life","status":"publish","type":"product","link":"https:\/\/www.edesia.al\/?product=caj-love-for-life","title":{"rendered":"\u00c7aj &#8220;Love for Life&#8221;"},"content":{"rendered":"<h2>\u00c7aj &#8220;Love for Life&#8221;\u00a0 kokoa, kardamom &amp; portokall &#8211; 16 bustina<\/h2>\n<p data-start=\"0\" data-end=\"204\">\u00c7aji \u201cLove for Life\u201d bazuar n\u00eb filozofin\u00eb e jog\u00ebs ku balanca e element\u00ebve fizik p\u00ebrcakton thelbin e shpirtit, vjen si nj\u00eb p\u00ebrzierje e balancuar e l\u00ebvores s\u00eb kakaos, kardamomit, portokallit, rooibos, kanell\u00ebs, karafilit dhe gjeteve t\u00eb stevias, perfekte p\u00ebr t\u00eb nisur nj\u00eb dit\u00eb me energjin\u00eb dhe p\u00ebr t&#8217;u zhytur n\u00eb k\u00ebnaq\u00ebsit\u00eb e saj.<\/p>\n<h4 data-start=\"0\" data-end=\"204\">P\u00ebrfitimet:<\/h4>\n<ul>\n<li data-start=\"238\" data-end=\"485\">\n<p data-start=\"156\" data-end=\"166\"><strong data-start=\"156\" data-end=\"166\">Kakao: <\/strong>Kakaoja \u00ebsht\u00eb e pasur me flavonoide, t\u00eb cilat ndihmojn\u00eb n\u00eb p\u00ebrmir\u00ebsimin e qarkullimit t\u00eb gjakut dhe rritjen e energjis\u00eb. P\u00ebrmban gjithashtu teobromin\u00eb dhe kafein\u00eb, dy stimuj natyral\u00eb q\u00eb mund t\u00eb p\u00ebrmir\u00ebsojn\u00eb vigjilenc\u00ebn dhe humorin. P\u00ebr m\u00eb tep\u00ebr, kakaoja stimulon prodhimin e endorfinave, hormoneve t\u00eb lumturis\u00eb, duke kontribuar n\u00eb nj\u00eb gjendje shpirt\u00ebrore m\u00eb t\u00eb mir\u00eb.<\/p>\n<\/li>\n<li data-start=\"238\" data-end=\"485\">\n<p data-start=\"156\" data-end=\"166\"><strong data-start=\"536\" data-end=\"549\">Kardamom: <\/strong>Kardamomi \u00ebsht\u00eb nj\u00eb er\u00ebz q\u00eb ka veti stimuluese dhe ndihmon n\u00eb p\u00ebrmir\u00ebsimin e energjis\u00eb dhe qart\u00ebsis\u00eb mendore. Ai gjithashtu ka veti antioksiduese dhe redukton stresin, duke kontribuar n\u00eb nj\u00eb humor m\u00eb t\u00eb mir\u00eb. P\u00ebr m\u00eb tep\u00ebr, kardamomi mb\u00ebshtet p\u00ebrmir\u00ebsimin e tretjes dhe redukton lodhjen.<\/p>\n<\/li>\n<li data-start=\"238\" data-end=\"485\">\n<p data-start=\"156\" data-end=\"166\"><strong data-start=\"887\" data-end=\"901\">Portokall:<\/strong> I pasur n\u00eb vitamin\u00eb C, e njohur p\u00ebr aft\u00ebsin\u00eb e saj p\u00ebr t\u00eb luftuar lodhjen dhe p\u00ebr t\u00eb p\u00ebrmir\u00ebsuar energjin\u00eb. P\u00ebrmban gjithashtu flavonoide, t\u00eb cilat kan\u00eb veti antioksiduese dhe ndihmojn\u00eb n\u00eb p\u00ebrmir\u00ebsimin e humorit dhe reduktimin e stresit. P\u00ebr m\u00eb tep\u00ebr, portokalli ndihmon n\u00eb p\u00ebrmir\u00ebsimin e funksionit t\u00eb trurit dhe mbrojtjen nga plakja e parakohshme.<\/p>\n<\/li>\n<\/ul>\n<h4>P\u00ebrdorimi:<\/h4>\n<p>P\u00ebr t\u00eb p\u00ebrfituar maksimalisht nga ky kombinim natyral i kakaos, kardamomit dhe portokallit p\u00ebr energji dhe vigijilen\u00eb t\u00eb lart\u00eb, konsumojeni k\u00ebt\u00eb \u00e7aj n\u00eb m\u00ebngjes ose gjat\u00eb dit\u00ebs.<\/p>\n","protected":false},"excerpt":{"rendered":"<p>\u00c7aj &#8220;Love for Life&#8221;\u00a0 kokoa, kardamom &amp; portokall &#8211; 16 bustina \u00c7aji \u201cLove for Life\u201d bazuar n\u00eb filozofin\u00eb e jog\u00ebs ku balanca e element\u00ebve fizik p\u00ebrcakton thelbin e shpirtit, vjen si nj\u00eb p\u00ebrzierje e balancuar e l\u00ebvores s\u00eb kakaos, kardamomit, portokallit, rooibos, kanell\u00ebs, karafilit dhe gjeteve t\u00eb stevias, perfekte p\u00ebr t\u00eb nisur nj\u00eb dit\u00eb me[&#8230;]<\/p>\n","protected":false},"featured_media":7240,"comment_status":"open","ping_status":"closed","template":"","meta":{"_acf_changed":false,"inline_featured_image":false},"kategori-sipas-dietave":[],"kategori-sipas-problemeve-shende":[],"product_brand":[32],"product_cat":[81,43],"product_tag":[168],"class_list":{"0":"post-7215","1":"product","2":"type-product","3":"status-publish","4":"has-post-thumbnail","6":"product_brand-bioagros","7":"product_cat-caj-bime-mjekesore","8":"product_cat-cajra","9":"product_tag-caj","11":"first","12":"instock","13":"taxable","14":"shipping-taxable","15":"purchasable","16":"product-type-simple"},"acf":[],"yoast_head":"<!-- This site is optimized with the Yoast SEO plugin v27.4 - https:\/\/yoast.com\/product\/yoast-seo-wordpress\/ -->\n<title>\u00c7aj &quot;Love for Life&quot; - Edesia<\/title>\n<meta name=\"robots\" content=\"index, follow, max-snippet:-1, max-image-preview:large, max-video-preview:-1\" \/>\n<link rel=\"canonical\" href=\"https:\/\/www.edesia.al\/?product=caj-love-for-life\" \/>\n<meta property=\"og:locale\" content=\"en_US\" \/>\n<meta property=\"og:type\" content=\"article\" \/>\n<meta property=\"og:title\" content=\"\u00c7aj &quot;Love for Life&quot; - Edesia\" \/>\n<meta property=\"og:description\" content=\"\u00c7aj &#8220;Love for Life&#8221;\u00a0 kokoa, kardamom &amp; portokall &#8211; 16 bustina \u00c7aji \u201cLove for Life\u201d bazuar n\u00eb filozofin\u00eb e jog\u00ebs ku balanca e element\u00ebve fizik p\u00ebrcakton thelbin e shpirtit, vjen si nj\u00eb p\u00ebrzierje e balancuar e l\u00ebvores s\u00eb kakaos, kardamomit, portokallit, rooibos, kanell\u00ebs, karafilit dhe gjeteve t\u00eb stevias, perfekte p\u00ebr t\u00eb nisur nj\u00eb dit\u00eb me[...]\" \/>\n<meta property=\"og:url\" content=\"https:\/\/www.edesia.al\/?product=caj-love-for-life\" \/>\n<meta property=\"og:site_name\" content=\"Edesia\" \/>\n<meta property=\"article:modified_time\" content=\"2026-02-25T18:33:38+00:00\" \/>\n<meta property=\"og:image\" content=\"https:\/\/www.edesia.al\/wp-content\/uploads\/2026\/02\/ShotimaaLoveforlife-1.png\" \/>\n\t<meta property=\"og:image:width\" content=\"416\" \/>\n\t<meta property=\"og:image:height\" content=\"458\" \/>\n\t<meta property=\"og:image:type\" content=\"image\/png\" \/>\n<meta name=\"twitter:card\" content=\"summary_large_image\" \/>\n<meta name=\"twitter:label1\" content=\"Est. reading time\" \/>\n\t<meta name=\"twitter:data1\" content=\"1 minute\" \/>\n<script type=\"application\/ld+json\" class=\"yoast-schema-graph\">{\"@context\":\"https:\\\/\\\/schema.org\",\"@graph\":[{\"@type\":\"WebPage\",\"@id\":\"https:\\\/\\\/www.edesia.al\\\/?product=caj-love-for-life\",\"url\":\"https:\\\/\\\/www.edesia.al\\\/?product=caj-love-for-life\",\"name\":\"\u00c7aj \\\"Love for Life\\\" - Edesia\",\"isPartOf\":{\"@id\":\"https:\\\/\\\/www.edesia.al\\\/#website\"},\"primaryImageOfPage\":{\"@id\":\"https:\\\/\\\/www.edesia.al\\\/?product=caj-love-for-life#primaryimage\"},\"image\":{\"@id\":\"https:\\\/\\\/www.edesia.al\\\/?product=caj-love-for-life#primaryimage\"},\"thumbnailUrl\":\"https:\\\/\\\/www.edesia.al\\\/wp-content\\\/uploads\\\/2026\\\/02\\\/ShotimaaLoveforlife-1.png\",\"datePublished\":\"2026-02-16T21:13:59+00:00\",\"dateModified\":\"2026-02-25T18:33:38+00:00\",\"breadcrumb\":{\"@id\":\"https:\\\/\\\/www.edesia.al\\\/?product=caj-love-for-life#breadcrumb\"},\"inLanguage\":\"en-US\",\"potentialAction\":[{\"@type\":\"ReadAction\",\"target\":[\"https:\\\/\\\/www.edesia.al\\\/?product=caj-love-for-life\"]}]},{\"@type\":\"ImageObject\",\"inLanguage\":\"en-US\",\"@id\":\"https:\\\/\\\/www.edesia.al\\\/?product=caj-love-for-life#primaryimage\",\"url\":\"https:\\\/\\\/www.edesia.al\\\/wp-content\\\/uploads\\\/2026\\\/02\\\/ShotimaaLoveforlife-1.png\",\"contentUrl\":\"https:\\\/\\\/www.edesia.al\\\/wp-content\\\/uploads\\\/2026\\\/02\\\/ShotimaaLoveforlife-1.png\",\"width\":416,\"height\":458},{\"@type\":\"BreadcrumbList\",\"@id\":\"https:\\\/\\\/www.edesia.al\\\/?product=caj-love-for-life#breadcrumb\",\"itemListElement\":[{\"@type\":\"ListItem\",\"position\":1,\"name\":\"Home\",\"item\":\"https:\\\/\\\/www.edesia.al\\\/\"},{\"@type\":\"ListItem\",\"position\":2,\"name\":\"Dyqani\",\"item\":\"https:\\\/\\\/www.edesia.al\\\/?page_id=17\"},{\"@type\":\"ListItem\",\"position\":3,\"name\":\"\u00c7aj &#8220;Love for Life&#8221;\"}]},{\"@type\":\"WebSite\",\"@id\":\"https:\\\/\\\/www.edesia.al\\\/#website\",\"url\":\"https:\\\/\\\/www.edesia.al\\\/\",\"name\":\"Edesia\",\"description\":\"\",\"publisher\":{\"@id\":\"https:\\\/\\\/www.edesia.al\\\/#organization\"},\"potentialAction\":[{\"@type\":\"SearchAction\",\"target\":{\"@type\":\"EntryPoint\",\"urlTemplate\":\"https:\\\/\\\/www.edesia.al\\\/?s={search_term_string}\"},\"query-input\":{\"@type\":\"PropertyValueSpecification\",\"valueRequired\":true,\"valueName\":\"search_term_string\"}}],\"inLanguage\":\"en-US\"},{\"@type\":\"Organization\",\"@id\":\"https:\\\/\\\/www.edesia.al\\\/#organization\",\"name\":\"Edesia\",\"url\":\"https:\\\/\\\/www.edesia.al\\\/\",\"logo\":{\"@type\":\"ImageObject\",\"inLanguage\":\"en-US\",\"@id\":\"https:\\\/\\\/www.edesia.al\\\/#\\\/schema\\\/logo\\\/image\\\/\",\"url\":\"https:\\\/\\\/www.edesia.al\\\/wp-content\\\/uploads\\\/2026\\\/02\\\/Logo-Edesia-no-background.png\",\"contentUrl\":\"https:\\\/\\\/www.edesia.al\\\/wp-content\\\/uploads\\\/2026\\\/02\\\/Logo-Edesia-no-background.png\",\"width\":293,\"height\":158,\"caption\":\"Edesia\"},\"image\":{\"@id\":\"https:\\\/\\\/www.edesia.al\\\/#\\\/schema\\\/logo\\\/image\\\/\"}}]}<\/script>\n<!-- \/ Yoast SEO plugin. -->","yoast_head_json":{"title":"\u00c7aj \"Love for Life\" - Edesia","robots":{"index":"index","follow":"follow","max-snippet":"max-snippet:-1","max-image-preview":"max-image-preview:large","max-video-preview":"max-video-preview:-1"},"canonical":"https:\/\/www.edesia.al\/?product=caj-love-for-life","og_locale":"en_US","og_type":"article","og_title":"\u00c7aj \"Love for Life\" - Edesia","og_description":"\u00c7aj &#8220;Love for Life&#8221;\u00a0 kokoa, kardamom &amp; portokall &#8211; 16 bustina \u00c7aji \u201cLove for Life\u201d bazuar n\u00eb filozofin\u00eb e jog\u00ebs ku balanca e element\u00ebve fizik p\u00ebrcakton thelbin e shpirtit, vjen si nj\u00eb p\u00ebrzierje e balancuar e l\u00ebvores s\u00eb kakaos, kardamomit, portokallit, rooibos, kanell\u00ebs, karafilit dhe gjeteve t\u00eb stevias, perfekte p\u00ebr t\u00eb nisur nj\u00eb dit\u00eb me[...]","og_url":"https:\/\/www.edesia.al\/?product=caj-love-for-life","og_site_name":"Edesia","article_modified_time":"2026-02-25T18:33:38+00:00","og_image":[{"width":416,"height":458,"url":"https:\/\/www.edesia.al\/wp-content\/uploads\/2026\/02\/ShotimaaLoveforlife-1.png","type":"image\/png"}],"twitter_card":"summary_large_image","twitter_misc":{"Est. reading time":"1 minute"},"schema":{"@context":"https:\/\/schema.org","@graph":[{"@type":"WebPage","@id":"https:\/\/www.edesia.al\/?product=caj-love-for-life","url":"https:\/\/www.edesia.al\/?product=caj-love-for-life","name":"\u00c7aj \"Love for Life\" - Edesia","isPartOf":{"@id":"https:\/\/www.edesia.al\/#website"},"primaryImageOfPage":{"@id":"https:\/\/www.edesia.al\/?product=caj-love-for-life#primaryimage"},"image":{"@id":"https:\/\/www.edesia.al\/?product=caj-love-for-life#primaryimage"},"thumbnailUrl":"https:\/\/www.edesia.al\/wp-content\/uploads\/2026\/02\/ShotimaaLoveforlife-1.png","datePublished":"2026-02-16T21:13:59+00:00","dateModified":"2026-02-25T18:33:38+00:00","breadcrumb":{"@id":"https:\/\/www.edesia.al\/?product=caj-love-for-life#breadcrumb"},"inLanguage":"en-US","potentialAction":[{"@type":"ReadAction","target":["https:\/\/www.edesia.al\/?product=caj-love-for-life"]}]},{"@type":"ImageObject","inLanguage":"en-US","@id":"https:\/\/www.edesia.al\/?product=caj-love-for-life#primaryimage","url":"https:\/\/www.edesia.al\/wp-content\/uploads\/2026\/02\/ShotimaaLoveforlife-1.png","contentUrl":"https:\/\/www.edesia.al\/wp-content\/uploads\/2026\/02\/ShotimaaLoveforlife-1.png","width":416,"height":458},{"@type":"BreadcrumbList","@id":"https:\/\/www.edesia.al\/?product=caj-love-for-life#breadcrumb","itemListElement":[{"@type":"ListItem","position":1,"name":"Home","item":"https:\/\/www.edesia.al\/"},{"@type":"ListItem","position":2,"name":"Dyqani","item":"https:\/\/www.edesia.al\/?page_id=17"},{"@type":"ListItem","position":3,"name":"\u00c7aj &#8220;Love for Life&#8221;"}]},{"@type":"WebSite","@id":"https:\/\/www.edesia.al\/#website","url":"https:\/\/www.edesia.al\/","name":"Edesia","description":"","publisher":{"@id":"https:\/\/www.edesia.al\/#organization"},"potentialAction":[{"@type":"SearchAction","target":{"@type":"EntryPoint","urlTemplate":"https:\/\/www.edesia.al\/?s={search_term_string}"},"query-input":{"@type":"PropertyValueSpecification","valueRequired":true,"valueName":"search_term_string"}}],"inLanguage":"en-US"},{"@type":"Organization","@id":"https:\/\/www.edesia.al\/#organization","name":"Edesia","url":"https:\/\/www.edesia.al\/","logo":{"@type":"ImageObject","inLanguage":"en-US","@id":"https:\/\/www.edesia.al\/#\/schema\/logo\/image\/","url":"https:\/\/www.edesia.al\/wp-content\/uploads\/2026\/02\/Logo-Edesia-no-background.png","contentUrl":"https:\/\/www.edesia.al\/wp-content\/uploads\/2026\/02\/Logo-Edesia-no-background.png","width":293,"height":158,"caption":"Edesia"},"image":{"@id":"https:\/\/www.edesia.al\/#\/schema\/logo\/image\/"}}]}},"_links":{"self":[{"href":"https:\/\/www.edesia.al\/index.php?rest_route=\/wp\/v2\/product\/7215","targetHints":{"allow":["GET"]}}],"collection":[{"href":"https:\/\/www.edesia.al\/index.php?rest_route=\/wp\/v2\/product"}],"about":[{"href":"https:\/\/www.edesia.al\/index.php?rest_route=\/wp\/v2\/types\/product"}],"replies":[{"embeddable":true,"href":"https:\/\/www.edesia.al\/index.php?rest_route=%2Fwp%2Fv2%2Fcomments&post=7215"}],"wp:featuredmedia":[{"embeddable":true,"href":"https:\/\/www.edesia.al\/index.php?rest_route=\/wp\/v2\/media\/7240"}],"wp:attachment":[{"href":"https:\/\/www.edesia.al\/index.php?rest_route=%2Fwp%2Fv2%2Fmedia&parent=7215"}],"wp:term":[{"taxonomy":"kategori-sipas-dietave","embeddable":true,"href":"https:\/\/www.edesia.al\/index.php?rest_route=%2Fwp%2Fv2%2Fkategori-sipas-dietave&post=7215"},{"taxonomy":"kategori-sipas-problemeve-shende","embeddable":true,"href":"https:\/\/www.edesia.al\/index.php?rest_route=%2Fwp%2Fv2%2Fkategori-sipas-problemeve-shende&post=7215"},{"taxonomy":"product_brand","embeddable":true,"href":"https:\/\/www.edesia.al\/index.php?rest_route=%2Fwp%2Fv2%2Fproduct_brand&post=7215"},{"taxonomy":"product_cat","embeddable":true,"href":"https:\/\/www.edesia.al\/index.php?rest_route=%2Fwp%2Fv2%2Fproduct_cat&post=7215"},{"taxonomy":"product_tag","embeddable":true,"href":"https:\/\/www.edesia.al\/index.php?rest_route=%2Fwp%2Fv2%2Fproduct_tag&post=7215"}],"curies":[{"name":"wp","href":"https:\/\/api.w.org\/{rel}","templated":true}]}}