{"id":7216,"date":"2026-02-16T21:13:59","date_gmt":"2026-02-16T21:13:59","guid":{"rendered":"https:\/\/www.edesia.al\/?post_type=product&#038;p=7216"},"modified":"2026-02-25T18:34:35","modified_gmt":"2026-02-25T18:34:35","slug":"rosehip-pluhur","status":"publish","type":"product","link":"https:\/\/www.edesia.al\/?product=rosehip-pluhur","title":{"rendered":"Rosehip Pluhur"},"content":{"rendered":"<h2>Rosehip Pluhur &#8211; 100 gr<\/h2>\n<p>Pluhuri i tr\u00ebndafilit t\u00eb eg\u00ebr (rosehip powder) \u00ebsht\u00eb nj\u00eb pluhur i marr\u00eb nga frutat e tr\u00ebndafilit t\u00eb eg\u00ebr, ve\u00e7an\u00ebrisht nga lloji <em data-start=\"128\" data-end=\"141\">Rosa canina<\/em>. Ky pluhur \u00ebsht\u00eb i njohur p\u00ebr p\u00ebrmbajtjen e lart\u00eb t\u00eb vitamin\u00ebs C dhe antioksidant\u00ebve t\u00eb tjer\u00eb, duke e b\u00ebr\u00eb at\u00eb nj\u00eb shtes\u00eb t\u00eb vlefshme n\u00eb diet\u00eb dhe kujdesin e l\u00ebkur\u00ebs.<\/p>\n<h4>P\u00ebrfitimet:<\/h4>\n<ul>\n<li><strong data-start=\"153\" data-end=\"194\">Leht\u00ebsimi i Dhimbjeve t\u00eb Artritit:<\/strong> Pluhuri rosehip ka treguar aft\u00ebsin\u00eb p\u00ebr t\u00eb leht\u00ebsuar dhimbjet e lidhura me osteoartritin dhe ngurt\u00ebsin\u00eb e nyjave, duke p\u00ebrmir\u00ebsuar l\u00ebvizshm\u00ebrin\u00eb.<\/li>\n<li data-start=\"405\" data-end=\"730\"><strong data-start=\"405\" data-end=\"436\">Sh\u00ebndeti Kardiovaskular:<\/strong> Konsumimi i rregullt i pluhurit rosehip kontribuon n\u00eb sh\u00ebndetin e zemr\u00ebs duke ulur presionin e gjakut dhe nivelet e kolesterolit. Nga ana tjet\u00ebr redukton kolesterolin total dhe LDL (kolesterolin e keq), duke ulur k\u00ebshtu rrezikun e s\u00ebmundjeve t\u00eb zemr\u00ebs.<\/li>\n<li data-start=\"732\" data-end=\"1105\"><strong data-start=\"732\" data-end=\"773\">Sh\u00ebndeti i L\u00ebkur\u00ebs dhe Anti-Aging:<\/strong> I pasur me vitamin\u00eb C dhe antioksidant\u00eb, pluhuri rosehip mb\u00ebshtet sh\u00ebndetin e l\u00ebkur\u00ebs duke promovuar prodhimin e kolagjenit, i cili \u00ebsht\u00eb thelb\u00ebsor p\u00ebr elasticitetin e l\u00ebkur\u00ebs dhe reduktimin e rrudhave. Ai gjithashtu ndihmon n\u00eb luft\u00ebn kund\u00ebr\u00a0 stresit oksidativ, nj\u00eb faktor q\u00eb kontribuon n\u00eb plakjen e parakohshme t\u00eb l\u00ebkur\u00ebs.<\/li>\n<li data-start=\"1107\" data-end=\"1336\"><strong data-start=\"1107\" data-end=\"1147\">Mb\u00ebshtetje p\u00ebr Sistemin Imunitar:<\/strong> P\u00ebrmbajtja e lart\u00eb e vitamin\u00ebs C forcon sistemin imunitar, duke ndihmuar n\u00eb parandalimin e s\u00ebmundjeve t\u00eb zakonshme dhe p\u00ebrmir\u00ebsuar sh\u00ebndetin e p\u00ebrgjithsh\u00ebm.<\/li>\n<li data-start=\"1338\" data-end=\"1624\"><strong data-start=\"1338\" data-end=\"1364\">Menaxhimi i Pesh\u00ebs: <\/strong>Balancon metabolizmin e yndyr\u00ebs dhe reduktuon depozitimin e saj n\u00eb inde.<\/li>\n<li data-start=\"1626\" data-end=\"1840\"><strong data-start=\"1626\" data-end=\"1652\">Sh\u00ebndeti i Traktit Gastro-Intestinal:<\/strong> Rposehip pluhur p\u00ebrmban fibra dietike, t\u00eb cilat ndihmojn\u00eb n\u00eb tretje dhe promovojn\u00eb l\u00ebvizshm\u00ebrin\u00eb e rregullt t\u00eb zorr\u00ebve, duke kontribuar n\u00eb sh\u00ebndetin e p\u00ebrgjithsh\u00ebm t\u00eb tretjes.<\/li>\n<li data-start=\"1842\" data-end=\"2033\"><strong data-start=\"1842\" data-end=\"1868\">Veti Antioksiduese:<\/strong> Antioksidant\u00ebt ndihmojn\u00eb n\u00eb neutralizimin e radikal\u00ebve t\u00eb lir\u00eb, duke reduktuar inflamacionin dhe ulur rrezikun e s\u00ebmundjeve kronike.<\/li>\n<li data-start=\"2035\" data-end=\"2204\"><strong data-start=\"2035\" data-end=\"2061\">Sh\u00ebndeti i Kockave:<\/strong> Ofron nutrient\u00ebt e nevojshme p\u00ebr ruajtjen densitetit dhe q\u00ebndrueshm\u00ebris\u00eb e kockave.<\/li>\n<\/ul>\n<h4>P\u00ebrdorimi:<\/h4>\n<ul>\n<li data-start=\"1060\" data-end=\"1216\"><strong data-start=\"1060\" data-end=\"1082\">N\u00eb \u00e7ajra dhe pije:<\/strong> Pluhuri mund t\u00eb shtohet n\u00eb \u00e7ajra t\u00eb ndrysh\u00ebm p\u00ebr t\u00eb p\u00ebrmir\u00ebsuar shijen dhe p\u00ebrfitimet ushqyese si dhe n\u00eb smoothie.<\/li>\n<li data-start=\"1220\" data-end=\"1334\"><strong data-start=\"1220\" data-end=\"1246\">N\u00eb receta t\u00eb ndryshme:<\/strong> P\u00ebrdoret n\u00eb p\u00ebrgatitjen e re\u00e7elave dhe \u00ebmb\u00eblsirave.<\/li>\n<li data-start=\"1338\" data-end=\"1494\"><strong data-start=\"1338\" data-end=\"1364\">N\u00eb kujdesin e l\u00ebkur\u00ebs:<\/strong> Pluhuri mund t\u00eb p\u00ebrdoret n\u00eb maska fytyre dhe kremra p\u00ebr t\u00eb p\u00ebrmir\u00ebsuar sh\u00ebndetin e l\u00ebkur\u00ebs.<\/li>\n<\/ul>\n<h4>Kujdes!<\/h4>\n<p data-start=\"1496\" data-end=\"1537\"><strong data-start=\"1496\" data-end=\"1537\">Kund\u00ebrindikacione dhe masa paraprake:<\/strong><\/p>\n<ul data-start=\"1539\" data-end=\"2019\">\n<li data-start=\"1539\" data-end=\"1660\">\n<p data-start=\"1541\" data-end=\"1660\"><strong data-start=\"1541\" data-end=\"1555\">Alergjit\u00eb:<\/strong> Personat me ndjeshm\u00ebri ndaj tr\u00ebndafilave ose bim\u00ebve t\u00eb ngjashme duhet t\u00eb shmangin p\u00ebrdorimin e pluhurit.<\/p>\n<\/li>\n<li data-start=\"1539\" data-end=\"1660\">\n<p data-start=\"1541\" data-end=\"1660\"><strong data-start=\"1664\" data-end=\"1711\">Grat\u00eb shtatz\u00ebna dhe ato q\u00eb ushqejn\u00eb me gji:<\/strong> \u00cbsht\u00eb e rekomandueshme t\u00eb konsultoheni me nj\u00eb profesionist sh\u00ebndet\u00ebsor para p\u00ebrdorimit.<\/p>\n<\/li>\n<li data-start=\"1539\" data-end=\"1660\"><strong data-start=\"1803\" data-end=\"1835\">Bashk\u00ebveprime me medikamente:<\/strong> P\u00ebr shkak t\u00eb p\u00ebrmbajtjes s\u00eb lart\u00eb t\u00eb vitamin\u00ebs C, p\u00ebrdorimi i tep\u00ebrt mund t\u00eb ndikoj\u00eb n\u00eb efektivitetin e disa ila\u00e7eve. Konsultohuni me mjekun tuaj n\u00ebse jeni n\u00eb terapi medikamentoze.\n<div class=\"h-[60px]\"><\/div>\n<p data-start=\"1803\" data-end=\"2019\">\n<\/li>\n<\/ul>\n","protected":false},"excerpt":{"rendered":"<p>Rosehip Pluhur &#8211; 100 gr Pluhuri i tr\u00ebndafilit t\u00eb eg\u00ebr (rosehip powder) \u00ebsht\u00eb nj\u00eb pluhur i marr\u00eb nga frutat e tr\u00ebndafilit t\u00eb eg\u00ebr, ve\u00e7an\u00ebrisht nga lloji Rosa canina. Ky pluhur \u00ebsht\u00eb i njohur p\u00ebr p\u00ebrmbajtjen e lart\u00eb t\u00eb vitamin\u00ebs C dhe antioksidant\u00ebve t\u00eb tjer\u00eb, duke e b\u00ebr\u00eb at\u00eb nj\u00eb shtes\u00eb t\u00eb vlefshme n\u00eb diet\u00eb dhe[&#8230;]<\/p>\n","protected":false},"featured_media":7241,"comment_status":"open","ping_status":"closed","template":"","meta":{"_acf_changed":false,"inline_featured_image":false},"kategori-sipas-dietave":[89],"kategori-sipas-problemeve-shende":[85],"product_brand":[32],"product_cat":[80,42],"product_tag":[203,169],"class_list":{"0":"post-7216","1":"product","2":"type-product","3":"status-publish","4":"has-post-thumbnail","6":"kategori-sipas-dietave-vegan","7":"kategori-sipas-problemeve-shende-imuniteti","8":"product_brand-bioagros","9":"product_cat-suplemente-superfoods","10":"product_cat-suplemente-bio","11":"product_tag-rosehip","12":"product_tag-superfood","14":"first","15":"instock","16":"taxable","17":"shipping-taxable","18":"purchasable","19":"product-type-simple"},"acf":[],"yoast_head":"<!-- This site is optimized with the Yoast SEO plugin v27.4 - https:\/\/yoast.com\/product\/yoast-seo-wordpress\/ -->\n<title>Rosehip Pluhur - Edesia<\/title>\n<meta name=\"robots\" content=\"index, follow, max-snippet:-1, max-image-preview:large, max-video-preview:-1\" \/>\n<link rel=\"canonical\" href=\"https:\/\/www.edesia.al\/?product=rosehip-pluhur\" \/>\n<meta property=\"og:locale\" content=\"en_US\" \/>\n<meta property=\"og:type\" content=\"article\" \/>\n<meta property=\"og:title\" content=\"Rosehip Pluhur - Edesia\" \/>\n<meta property=\"og:description\" content=\"Rosehip Pluhur &#8211; 100 gr Pluhuri i tr\u00ebndafilit t\u00eb eg\u00ebr (rosehip powder) \u00ebsht\u00eb nj\u00eb pluhur i marr\u00eb nga frutat e tr\u00ebndafilit t\u00eb eg\u00ebr, ve\u00e7an\u00ebrisht nga lloji Rosa canina. Ky pluhur \u00ebsht\u00eb i njohur p\u00ebr p\u00ebrmbajtjen e lart\u00eb t\u00eb vitamin\u00ebs C dhe antioksidant\u00ebve t\u00eb tjer\u00eb, duke e b\u00ebr\u00eb at\u00eb nj\u00eb shtes\u00eb t\u00eb vlefshme n\u00eb diet\u00eb dhe[...]\" \/>\n<meta property=\"og:url\" content=\"https:\/\/www.edesia.al\/?product=rosehip-pluhur\" \/>\n<meta property=\"og:site_name\" content=\"Edesia\" \/>\n<meta property=\"article:modified_time\" content=\"2026-02-25T18:34:35+00:00\" \/>\n<meta property=\"og:image\" content=\"https:\/\/www.edesia.al\/wp-content\/uploads\/2026\/02\/221029569-1.png\" \/>\n\t<meta property=\"og:image:width\" content=\"500\" \/>\n\t<meta property=\"og:image:height\" content=\"500\" \/>\n\t<meta property=\"og:image:type\" content=\"image\/png\" \/>\n<meta name=\"twitter:card\" content=\"summary_large_image\" \/>\n<meta name=\"twitter:label1\" content=\"Est. reading time\" \/>\n\t<meta name=\"twitter:data1\" content=\"3 minutes\" \/>\n<script type=\"application\/ld+json\" class=\"yoast-schema-graph\">{\"@context\":\"https:\\\/\\\/schema.org\",\"@graph\":[{\"@type\":\"WebPage\",\"@id\":\"https:\\\/\\\/www.edesia.al\\\/?product=rosehip-pluhur\",\"url\":\"https:\\\/\\\/www.edesia.al\\\/?product=rosehip-pluhur\",\"name\":\"Rosehip Pluhur - Edesia\",\"isPartOf\":{\"@id\":\"https:\\\/\\\/www.edesia.al\\\/#website\"},\"primaryImageOfPage\":{\"@id\":\"https:\\\/\\\/www.edesia.al\\\/?product=rosehip-pluhur#primaryimage\"},\"image\":{\"@id\":\"https:\\\/\\\/www.edesia.al\\\/?product=rosehip-pluhur#primaryimage\"},\"thumbnailUrl\":\"https:\\\/\\\/www.edesia.al\\\/wp-content\\\/uploads\\\/2026\\\/02\\\/221029569-1.png\",\"datePublished\":\"2026-02-16T21:13:59+00:00\",\"dateModified\":\"2026-02-25T18:34:35+00:00\",\"breadcrumb\":{\"@id\":\"https:\\\/\\\/www.edesia.al\\\/?product=rosehip-pluhur#breadcrumb\"},\"inLanguage\":\"en-US\",\"potentialAction\":[{\"@type\":\"ReadAction\",\"target\":[\"https:\\\/\\\/www.edesia.al\\\/?product=rosehip-pluhur\"]}]},{\"@type\":\"ImageObject\",\"inLanguage\":\"en-US\",\"@id\":\"https:\\\/\\\/www.edesia.al\\\/?product=rosehip-pluhur#primaryimage\",\"url\":\"https:\\\/\\\/www.edesia.al\\\/wp-content\\\/uploads\\\/2026\\\/02\\\/221029569-1.png\",\"contentUrl\":\"https:\\\/\\\/www.edesia.al\\\/wp-content\\\/uploads\\\/2026\\\/02\\\/221029569-1.png\",\"width\":500,\"height\":500},{\"@type\":\"BreadcrumbList\",\"@id\":\"https:\\\/\\\/www.edesia.al\\\/?product=rosehip-pluhur#breadcrumb\",\"itemListElement\":[{\"@type\":\"ListItem\",\"position\":1,\"name\":\"Home\",\"item\":\"https:\\\/\\\/www.edesia.al\\\/\"},{\"@type\":\"ListItem\",\"position\":2,\"name\":\"Dyqani\",\"item\":\"https:\\\/\\\/www.edesia.al\\\/?page_id=17\"},{\"@type\":\"ListItem\",\"position\":3,\"name\":\"Rosehip Pluhur\"}]},{\"@type\":\"WebSite\",\"@id\":\"https:\\\/\\\/www.edesia.al\\\/#website\",\"url\":\"https:\\\/\\\/www.edesia.al\\\/\",\"name\":\"Edesia\",\"description\":\"\",\"publisher\":{\"@id\":\"https:\\\/\\\/www.edesia.al\\\/#organization\"},\"potentialAction\":[{\"@type\":\"SearchAction\",\"target\":{\"@type\":\"EntryPoint\",\"urlTemplate\":\"https:\\\/\\\/www.edesia.al\\\/?s={search_term_string}\"},\"query-input\":{\"@type\":\"PropertyValueSpecification\",\"valueRequired\":true,\"valueName\":\"search_term_string\"}}],\"inLanguage\":\"en-US\"},{\"@type\":\"Organization\",\"@id\":\"https:\\\/\\\/www.edesia.al\\\/#organization\",\"name\":\"Edesia\",\"url\":\"https:\\\/\\\/www.edesia.al\\\/\",\"logo\":{\"@type\":\"ImageObject\",\"inLanguage\":\"en-US\",\"@id\":\"https:\\\/\\\/www.edesia.al\\\/#\\\/schema\\\/logo\\\/image\\\/\",\"url\":\"https:\\\/\\\/www.edesia.al\\\/wp-content\\\/uploads\\\/2026\\\/02\\\/Logo-Edesia-no-background.png\",\"contentUrl\":\"https:\\\/\\\/www.edesia.al\\\/wp-content\\\/uploads\\\/2026\\\/02\\\/Logo-Edesia-no-background.png\",\"width\":293,\"height\":158,\"caption\":\"Edesia\"},\"image\":{\"@id\":\"https:\\\/\\\/www.edesia.al\\\/#\\\/schema\\\/logo\\\/image\\\/\"}}]}<\/script>\n<!-- \/ Yoast SEO plugin. -->","yoast_head_json":{"title":"Rosehip Pluhur - Edesia","robots":{"index":"index","follow":"follow","max-snippet":"max-snippet:-1","max-image-preview":"max-image-preview:large","max-video-preview":"max-video-preview:-1"},"canonical":"https:\/\/www.edesia.al\/?product=rosehip-pluhur","og_locale":"en_US","og_type":"article","og_title":"Rosehip Pluhur - Edesia","og_description":"Rosehip Pluhur &#8211; 100 gr Pluhuri i tr\u00ebndafilit t\u00eb eg\u00ebr (rosehip powder) \u00ebsht\u00eb nj\u00eb pluhur i marr\u00eb nga frutat e tr\u00ebndafilit t\u00eb eg\u00ebr, ve\u00e7an\u00ebrisht nga lloji Rosa canina. Ky pluhur \u00ebsht\u00eb i njohur p\u00ebr p\u00ebrmbajtjen e lart\u00eb t\u00eb vitamin\u00ebs C dhe antioksidant\u00ebve t\u00eb tjer\u00eb, duke e b\u00ebr\u00eb at\u00eb nj\u00eb shtes\u00eb t\u00eb vlefshme n\u00eb diet\u00eb dhe[...]","og_url":"https:\/\/www.edesia.al\/?product=rosehip-pluhur","og_site_name":"Edesia","article_modified_time":"2026-02-25T18:34:35+00:00","og_image":[{"width":500,"height":500,"url":"https:\/\/www.edesia.al\/wp-content\/uploads\/2026\/02\/221029569-1.png","type":"image\/png"}],"twitter_card":"summary_large_image","twitter_misc":{"Est. reading time":"3 minutes"},"schema":{"@context":"https:\/\/schema.org","@graph":[{"@type":"WebPage","@id":"https:\/\/www.edesia.al\/?product=rosehip-pluhur","url":"https:\/\/www.edesia.al\/?product=rosehip-pluhur","name":"Rosehip Pluhur - Edesia","isPartOf":{"@id":"https:\/\/www.edesia.al\/#website"},"primaryImageOfPage":{"@id":"https:\/\/www.edesia.al\/?product=rosehip-pluhur#primaryimage"},"image":{"@id":"https:\/\/www.edesia.al\/?product=rosehip-pluhur#primaryimage"},"thumbnailUrl":"https:\/\/www.edesia.al\/wp-content\/uploads\/2026\/02\/221029569-1.png","datePublished":"2026-02-16T21:13:59+00:00","dateModified":"2026-02-25T18:34:35+00:00","breadcrumb":{"@id":"https:\/\/www.edesia.al\/?product=rosehip-pluhur#breadcrumb"},"inLanguage":"en-US","potentialAction":[{"@type":"ReadAction","target":["https:\/\/www.edesia.al\/?product=rosehip-pluhur"]}]},{"@type":"ImageObject","inLanguage":"en-US","@id":"https:\/\/www.edesia.al\/?product=rosehip-pluhur#primaryimage","url":"https:\/\/www.edesia.al\/wp-content\/uploads\/2026\/02\/221029569-1.png","contentUrl":"https:\/\/www.edesia.al\/wp-content\/uploads\/2026\/02\/221029569-1.png","width":500,"height":500},{"@type":"BreadcrumbList","@id":"https:\/\/www.edesia.al\/?product=rosehip-pluhur#breadcrumb","itemListElement":[{"@type":"ListItem","position":1,"name":"Home","item":"https:\/\/www.edesia.al\/"},{"@type":"ListItem","position":2,"name":"Dyqani","item":"https:\/\/www.edesia.al\/?page_id=17"},{"@type":"ListItem","position":3,"name":"Rosehip Pluhur"}]},{"@type":"WebSite","@id":"https:\/\/www.edesia.al\/#website","url":"https:\/\/www.edesia.al\/","name":"Edesia","description":"","publisher":{"@id":"https:\/\/www.edesia.al\/#organization"},"potentialAction":[{"@type":"SearchAction","target":{"@type":"EntryPoint","urlTemplate":"https:\/\/www.edesia.al\/?s={search_term_string}"},"query-input":{"@type":"PropertyValueSpecification","valueRequired":true,"valueName":"search_term_string"}}],"inLanguage":"en-US"},{"@type":"Organization","@id":"https:\/\/www.edesia.al\/#organization","name":"Edesia","url":"https:\/\/www.edesia.al\/","logo":{"@type":"ImageObject","inLanguage":"en-US","@id":"https:\/\/www.edesia.al\/#\/schema\/logo\/image\/","url":"https:\/\/www.edesia.al\/wp-content\/uploads\/2026\/02\/Logo-Edesia-no-background.png","contentUrl":"https:\/\/www.edesia.al\/wp-content\/uploads\/2026\/02\/Logo-Edesia-no-background.png","width":293,"height":158,"caption":"Edesia"},"image":{"@id":"https:\/\/www.edesia.al\/#\/schema\/logo\/image\/"}}]}},"_links":{"self":[{"href":"https:\/\/www.edesia.al\/index.php?rest_route=\/wp\/v2\/product\/7216","targetHints":{"allow":["GET"]}}],"collection":[{"href":"https:\/\/www.edesia.al\/index.php?rest_route=\/wp\/v2\/product"}],"about":[{"href":"https:\/\/www.edesia.al\/index.php?rest_route=\/wp\/v2\/types\/product"}],"replies":[{"embeddable":true,"href":"https:\/\/www.edesia.al\/index.php?rest_route=%2Fwp%2Fv2%2Fcomments&post=7216"}],"wp:featuredmedia":[{"embeddable":true,"href":"https:\/\/www.edesia.al\/index.php?rest_route=\/wp\/v2\/media\/7241"}],"wp:attachment":[{"href":"https:\/\/www.edesia.al\/index.php?rest_route=%2Fwp%2Fv2%2Fmedia&parent=7216"}],"wp:term":[{"taxonomy":"kategori-sipas-dietave","embeddable":true,"href":"https:\/\/www.edesia.al\/index.php?rest_route=%2Fwp%2Fv2%2Fkategori-sipas-dietave&post=7216"},{"taxonomy":"kategori-sipas-problemeve-shende","embeddable":true,"href":"https:\/\/www.edesia.al\/index.php?rest_route=%2Fwp%2Fv2%2Fkategori-sipas-problemeve-shende&post=7216"},{"taxonomy":"product_brand","embeddable":true,"href":"https:\/\/www.edesia.al\/index.php?rest_route=%2Fwp%2Fv2%2Fproduct_brand&post=7216"},{"taxonomy":"product_cat","embeddable":true,"href":"https:\/\/www.edesia.al\/index.php?rest_route=%2Fwp%2Fv2%2Fproduct_cat&post=7216"},{"taxonomy":"product_tag","embeddable":true,"href":"https:\/\/www.edesia.al\/index.php?rest_route=%2Fwp%2Fv2%2Fproduct_tag&post=7216"}],"curies":[{"name":"wp","href":"https:\/\/api.w.org\/{rel}","templated":true}]}}