{"id":7217,"date":"2026-02-16T21:13:59","date_gmt":"2026-02-16T21:13:59","guid":{"rendered":"https:\/\/www.edesia.al\/?post_type=product&#038;p=7217"},"modified":"2026-02-25T18:35:08","modified_gmt":"2026-02-25T18:35:08","slug":"caj-chakra-vision","status":"publish","type":"product","link":"https:\/\/www.edesia.al\/?product=caj-chakra-vision","title":{"rendered":"Caj &#8220;Chakra Vision&#8221;"},"content":{"rendered":"<h2><span style=\"font-weight: bold;\">Caj &#8220;Chakra Vision&#8221; turmerik, ginger, limon &#8211; 16 bustina<\/span><\/h2>\n<p>Sipas tradit\u00ebs s\u00eb lasht\u00eb, \u00c7akrat njihen si qendrat e energjis\u00eb shpirt\u00ebrore, p\u00ebrmes t\u00eb cilave projektohet fuqia e jet\u00ebs. Kjo p\u00ebrzierje e ekuilibruar e turmerikut, ginger, limonit, piperit t\u00eb zi, lemon verbena \u00ebsht\u00eb formuluar me kujdes p\u00ebr t\u00eb aktivizuar shqisat tuaja dhe p\u00ebr t\u00eb p\u00ebrmir\u00ebsuar natyr\u00ebn e secil\u00ebs \u00c7ak\u00ebr!<\/p>\n<p>Pik\u00ebrisht \u00c7akra 6 &amp; 7 prezantojn\u00eb qart\u00ebsin\u00eb mendore dhe paqen shpirt\u00ebrore. Ato ju ndihmojn\u00eb t\u00eb jeni intuitiv duke ju zgjuar ndjeisn\u00eb e k\u00ebnaq\u00ebsis\u00eb dhe liris\u00eb<\/p>\n<h4>P\u00ebrfitimet:<\/h4>\n<ul>\n<li>Ky \u00e7aj \u00ebsht\u00eb ideal p\u00ebr ata q\u00eb duan <strong data-start=\"2497\" data-end=\"2588\">qart\u00ebsi mendore, paqe shpirt\u00ebrore dhe nj\u00eb lidhje m\u00eb t\u00eb thell\u00eb me vetveten dhe universin<\/strong>.<\/li>\n<li>\n<p data-start=\"428\" data-end=\"509\"><strong data-start=\"432\" data-end=\"507\">Turmeriku \u2013 Aktivizues i \u00c7akr\u00ebs s\u00eb 6-t\u00eb dhe 7-t\u00eb. <\/strong>I njohur p\u00ebr vetit\u00eb e tij <strong data-start=\"538\" data-end=\"572\">anti-inflamatore dhe pastruese<\/strong>, turmeriku ndihmon n\u00eb <strong data-start=\"595\" data-end=\"638\">p\u00ebrmir\u00ebsimin e qarkullimit t\u00eb energjis\u00eb<\/strong> n\u00eb trup dhe n\u00eb balancimin e mendjes. P\u00ebr shkak t\u00eb vetive t\u00eb tij detoksifikuese, ai <strong data-start=\"726\" data-end=\"780\">ndihmon n\u00eb pastrimin e gjakut dhe qelizave nervore<\/strong>, duke rritur qart\u00ebsin\u00eb mendore dhe p\u00ebrmir\u00ebsuar p\u00ebrqendrimin, gj\u00eb q\u00eb \u00ebsht\u00eb thelb\u00ebsore p\u00ebr aktivizimin e <strong data-start=\"884\" data-end=\"924\">\u00c7akr\u00ebs s\u00eb 6-t\u00eb (Ajna \u2013 Syri i Tret\u00eb)<\/strong>. P\u00ebr m\u00eb tep\u00ebr, turmeriku besohet se ndihmon n\u00eb <strong data-start=\"976\" data-end=\"1016\">harmonizimin e energjis\u00eb shpirt\u00ebrore<\/strong> dhe n\u00eb lidhjen me nivelet m\u00eb t\u00eb larta t\u00eb nd\u00ebrgjegjes, nj\u00eb aspekt i r\u00ebnd\u00ebsish\u00ebm i <strong data-start=\"1098\" data-end=\"1137\">\u00c7akr\u00ebs s\u00eb 7-t\u00eb (Sahasrara \u2013 Kurora)<\/strong>.<\/p>\n<\/li>\n<li>\n<p data-start=\"1142\" data-end=\"1202\"><strong data-start=\"1146\" data-end=\"1200\">Ginger\u2013 Fuqizimi i Energjis\u00eb dhe Intuit\u00ebs. <\/strong>Ginger njihet p\u00ebr aft\u00ebsin\u00eb e tij p\u00ebr t\u00eb <strong data-start=\"1250\" data-end=\"1298\">stimuluar qarkullimin e gjakut dhe energjis\u00eb<\/strong>, duke ndihmuar n\u00eb largimin e bllokimeve q\u00eb pengojn\u00eb rrjedh\u00ebn e lir\u00eb t\u00eb energjis\u00eb n\u00eb trup. Ai rrit <strong data-start=\"1401\" data-end=\"1449\">ndjeshm\u00ebrin\u00eb intuitive dhe qart\u00ebsin\u00eb mendore<\/strong>, duke nxitur aktivitetin e <strong data-start=\"1477\" data-end=\"1495\">\u00c7akr\u00ebs s\u00eb 6-t\u00eb<\/strong>. Gjithashtu, si nj\u00eb bim\u00eb me veti t\u00eb fuqishme pastruese ,ndihmon n\u00eb <strong data-start=\"1601\" data-end=\"1643\">thellimin e meditimit dhe p\u00ebrqendrimit<\/strong>, duke mb\u00ebshtetur hapjen e <strong data-start=\"1670\" data-end=\"1688\">\u00c7akr\u00ebs s\u00eb 7-t\u00eb<\/strong>.<\/p>\n<\/li>\n<li>\n<p data-start=\"1693\" data-end=\"1756\"><strong data-start=\"1697\" data-end=\"1754\">Limoni \u2013 Pastrimi dhe Rritja e Vibrimit Energjik. n<\/strong>Limoni ka <strong data-start=\"1769\" data-end=\"1808\">efekte pastruese dhe detoksifikuese<\/strong> si n\u00eb trup ashtu edhe n\u00eb mendje, duke ndihmuar n\u00eb eliminimin e toksinave q\u00eb mund t\u00eb pengojn\u00eb rrjedh\u00ebn e lir\u00eb t\u00eb energjis\u00eb shpirt\u00ebrore. Acidi citrik dhe vetit\u00eb e tij ndihmojn\u00eb n\u00eb ruajtjen e nj\u00eb ekuilibri t\u00eb sh\u00ebndetsh\u00ebm t\u00eb energjis\u00eb, duke mb\u00ebshtetur zgjerimin e nd\u00ebrgjegjes dhe harmonizimin e <strong data-start=\"2120\" data-end=\"2138\">\u00c7akr\u00ebs s\u00eb 7-t\u00eb<\/strong>. Rrit <strong data-start=\"2149\" data-end=\"2186\">gjall\u00ebrin\u00eb dhe past\u00ebrtin\u00eb mendore<\/strong>, duke ndihmuar n\u00eb p\u00ebrforcimin e <strong data-start=\"2219\" data-end=\"2261\">intuit\u00ebs dhe men\u00e7uris\u00eb s\u00eb brendshme<\/strong>.<\/p>\n<\/li>\n<li><strong>Lemon Verbana<\/strong> &#8211; P\u00ebr shkak t\u00eb efektit t\u00eb saj qet\u00ebsues, ndikon n\u00eb <strong data-start=\"2688\" data-end=\"2715\">\u00e7akr\u00ebn e tret\u00eb t\u00eb syrit<\/strong> (\u00c7akra Nr. 6), duke p\u00ebrmir\u00ebsuar fokusin dhe qart\u00ebsin\u00eb shpirt\u00ebrore.<\/li>\n<\/ul>\n<h4>P\u00ebrdorimi:<\/h4>\n<p>Pini k\u00ebt\u00eb \u00e7aj n\u00eb m\u00ebngjes p\u00ebr nj\u00eb fillim energjik ose n\u00eb mbr\u00ebmje p\u00ebr nj\u00eb pastrim t\u00eb but\u00eb t\u00eb trupit dhe mendjes.<\/p>\n<h4>Kujdes!<\/h4>\n<ul>\n<li>Personat q\u00eb vuajn\u00eb nga hipertensioni duhet t\u00eb shmangin konsumimin e tep\u00ebrt.<\/li>\n<li>P\u00ebr gjendje specifike sh\u00ebndet\u00ebsore, ose n\u00ebse jeni n\u00eb nj\u00eb terapi medikametoze, sugjerojm\u00eb konsult\u00ebn me specialist\u00ebt e kujdesit sh\u00ebndet\u00ebsor.<\/li>\n<\/ul>\n","protected":false},"excerpt":{"rendered":"<p>Caj &#8220;Chakra Vision&#8221; turmerik, ginger, limon &#8211; 16 bustina Sipas tradit\u00ebs s\u00eb lasht\u00eb, \u00c7akrat njihen si qendrat e energjis\u00eb shpirt\u00ebrore, p\u00ebrmes t\u00eb cilave projektohet fuqia e jet\u00ebs. Kjo p\u00ebrzierje e ekuilibruar e turmerikut, ginger, limonit, piperit t\u00eb zi, lemon verbena \u00ebsht\u00eb formuluar me kujdes p\u00ebr t\u00eb aktivizuar shqisat tuaja dhe p\u00ebr t\u00eb p\u00ebrmir\u00ebsuar natyr\u00ebn e[&#8230;]<\/p>\n","protected":false},"featured_media":7242,"comment_status":"open","ping_status":"closed","template":"","meta":{"_acf_changed":false,"inline_featured_image":false},"kategori-sipas-dietave":[],"kategori-sipas-problemeve-shende":[],"product_brand":[32],"product_cat":[81,43],"product_tag":[168],"class_list":{"0":"post-7217","1":"product","2":"type-product","3":"status-publish","4":"has-post-thumbnail","6":"product_brand-bioagros","7":"product_cat-caj-bime-mjekesore","8":"product_cat-cajra","9":"product_tag-caj","11":"first","12":"instock","13":"taxable","14":"shipping-taxable","15":"purchasable","16":"product-type-simple"},"acf":[],"yoast_head":"<!-- This site is optimized with the Yoast SEO plugin v27.4 - https:\/\/yoast.com\/product\/yoast-seo-wordpress\/ -->\n<title>Caj &quot;Chakra Vision&quot; - Edesia<\/title>\n<meta name=\"robots\" content=\"index, follow, max-snippet:-1, max-image-preview:large, max-video-preview:-1\" \/>\n<link rel=\"canonical\" href=\"https:\/\/www.edesia.al\/?product=caj-chakra-vision\" \/>\n<meta property=\"og:locale\" content=\"en_US\" \/>\n<meta property=\"og:type\" content=\"article\" \/>\n<meta property=\"og:title\" content=\"Caj &quot;Chakra Vision&quot; - Edesia\" \/>\n<meta property=\"og:description\" content=\"Caj &#8220;Chakra Vision&#8221; turmerik, ginger, limon &#8211; 16 bustina Sipas tradit\u00ebs s\u00eb lasht\u00eb, \u00c7akrat njihen si qendrat e energjis\u00eb shpirt\u00ebrore, p\u00ebrmes t\u00eb cilave projektohet fuqia e jet\u00ebs. Kjo p\u00ebrzierje e ekuilibruar e turmerikut, ginger, limonit, piperit t\u00eb zi, lemon verbena \u00ebsht\u00eb formuluar me kujdes p\u00ebr t\u00eb aktivizuar shqisat tuaja dhe p\u00ebr t\u00eb p\u00ebrmir\u00ebsuar natyr\u00ebn e[...]\" \/>\n<meta property=\"og:url\" content=\"https:\/\/www.edesia.al\/?product=caj-chakra-vision\" \/>\n<meta property=\"og:site_name\" content=\"Edesia\" \/>\n<meta property=\"article:modified_time\" content=\"2026-02-25T18:35:08+00:00\" \/>\n<meta property=\"og:image\" content=\"https:\/\/www.edesia.al\/wp-content\/uploads\/2026\/02\/221009833-1.png\" \/>\n\t<meta property=\"og:image:width\" content=\"600\" \/>\n\t<meta property=\"og:image:height\" content=\"600\" \/>\n\t<meta property=\"og:image:type\" content=\"image\/png\" \/>\n<meta name=\"twitter:card\" content=\"summary_large_image\" \/>\n<meta name=\"twitter:label1\" content=\"Est. reading time\" \/>\n\t<meta name=\"twitter:data1\" content=\"3 minutes\" \/>\n<script type=\"application\/ld+json\" class=\"yoast-schema-graph\">{\"@context\":\"https:\\\/\\\/schema.org\",\"@graph\":[{\"@type\":\"WebPage\",\"@id\":\"https:\\\/\\\/www.edesia.al\\\/?product=caj-chakra-vision\",\"url\":\"https:\\\/\\\/www.edesia.al\\\/?product=caj-chakra-vision\",\"name\":\"Caj \\\"Chakra Vision\\\" - Edesia\",\"isPartOf\":{\"@id\":\"https:\\\/\\\/www.edesia.al\\\/#website\"},\"primaryImageOfPage\":{\"@id\":\"https:\\\/\\\/www.edesia.al\\\/?product=caj-chakra-vision#primaryimage\"},\"image\":{\"@id\":\"https:\\\/\\\/www.edesia.al\\\/?product=caj-chakra-vision#primaryimage\"},\"thumbnailUrl\":\"https:\\\/\\\/www.edesia.al\\\/wp-content\\\/uploads\\\/2026\\\/02\\\/221009833-1.png\",\"datePublished\":\"2026-02-16T21:13:59+00:00\",\"dateModified\":\"2026-02-25T18:35:08+00:00\",\"breadcrumb\":{\"@id\":\"https:\\\/\\\/www.edesia.al\\\/?product=caj-chakra-vision#breadcrumb\"},\"inLanguage\":\"en-US\",\"potentialAction\":[{\"@type\":\"ReadAction\",\"target\":[\"https:\\\/\\\/www.edesia.al\\\/?product=caj-chakra-vision\"]}]},{\"@type\":\"ImageObject\",\"inLanguage\":\"en-US\",\"@id\":\"https:\\\/\\\/www.edesia.al\\\/?product=caj-chakra-vision#primaryimage\",\"url\":\"https:\\\/\\\/www.edesia.al\\\/wp-content\\\/uploads\\\/2026\\\/02\\\/221009833-1.png\",\"contentUrl\":\"https:\\\/\\\/www.edesia.al\\\/wp-content\\\/uploads\\\/2026\\\/02\\\/221009833-1.png\",\"width\":600,\"height\":600},{\"@type\":\"BreadcrumbList\",\"@id\":\"https:\\\/\\\/www.edesia.al\\\/?product=caj-chakra-vision#breadcrumb\",\"itemListElement\":[{\"@type\":\"ListItem\",\"position\":1,\"name\":\"Home\",\"item\":\"https:\\\/\\\/www.edesia.al\\\/\"},{\"@type\":\"ListItem\",\"position\":2,\"name\":\"Dyqani\",\"item\":\"https:\\\/\\\/www.edesia.al\\\/?page_id=17\"},{\"@type\":\"ListItem\",\"position\":3,\"name\":\"Caj &#8220;Chakra Vision&#8221;\"}]},{\"@type\":\"WebSite\",\"@id\":\"https:\\\/\\\/www.edesia.al\\\/#website\",\"url\":\"https:\\\/\\\/www.edesia.al\\\/\",\"name\":\"Edesia\",\"description\":\"\",\"publisher\":{\"@id\":\"https:\\\/\\\/www.edesia.al\\\/#organization\"},\"potentialAction\":[{\"@type\":\"SearchAction\",\"target\":{\"@type\":\"EntryPoint\",\"urlTemplate\":\"https:\\\/\\\/www.edesia.al\\\/?s={search_term_string}\"},\"query-input\":{\"@type\":\"PropertyValueSpecification\",\"valueRequired\":true,\"valueName\":\"search_term_string\"}}],\"inLanguage\":\"en-US\"},{\"@type\":\"Organization\",\"@id\":\"https:\\\/\\\/www.edesia.al\\\/#organization\",\"name\":\"Edesia\",\"url\":\"https:\\\/\\\/www.edesia.al\\\/\",\"logo\":{\"@type\":\"ImageObject\",\"inLanguage\":\"en-US\",\"@id\":\"https:\\\/\\\/www.edesia.al\\\/#\\\/schema\\\/logo\\\/image\\\/\",\"url\":\"https:\\\/\\\/www.edesia.al\\\/wp-content\\\/uploads\\\/2026\\\/02\\\/Logo-Edesia-no-background.png\",\"contentUrl\":\"https:\\\/\\\/www.edesia.al\\\/wp-content\\\/uploads\\\/2026\\\/02\\\/Logo-Edesia-no-background.png\",\"width\":293,\"height\":158,\"caption\":\"Edesia\"},\"image\":{\"@id\":\"https:\\\/\\\/www.edesia.al\\\/#\\\/schema\\\/logo\\\/image\\\/\"}}]}<\/script>\n<!-- \/ Yoast SEO plugin. -->","yoast_head_json":{"title":"Caj \"Chakra Vision\" - Edesia","robots":{"index":"index","follow":"follow","max-snippet":"max-snippet:-1","max-image-preview":"max-image-preview:large","max-video-preview":"max-video-preview:-1"},"canonical":"https:\/\/www.edesia.al\/?product=caj-chakra-vision","og_locale":"en_US","og_type":"article","og_title":"Caj \"Chakra Vision\" - Edesia","og_description":"Caj &#8220;Chakra Vision&#8221; turmerik, ginger, limon &#8211; 16 bustina Sipas tradit\u00ebs s\u00eb lasht\u00eb, \u00c7akrat njihen si qendrat e energjis\u00eb shpirt\u00ebrore, p\u00ebrmes t\u00eb cilave projektohet fuqia e jet\u00ebs. Kjo p\u00ebrzierje e ekuilibruar e turmerikut, ginger, limonit, piperit t\u00eb zi, lemon verbena \u00ebsht\u00eb formuluar me kujdes p\u00ebr t\u00eb aktivizuar shqisat tuaja dhe p\u00ebr t\u00eb p\u00ebrmir\u00ebsuar natyr\u00ebn e[...]","og_url":"https:\/\/www.edesia.al\/?product=caj-chakra-vision","og_site_name":"Edesia","article_modified_time":"2026-02-25T18:35:08+00:00","og_image":[{"width":600,"height":600,"url":"https:\/\/www.edesia.al\/wp-content\/uploads\/2026\/02\/221009833-1.png","type":"image\/png"}],"twitter_card":"summary_large_image","twitter_misc":{"Est. reading time":"3 minutes"},"schema":{"@context":"https:\/\/schema.org","@graph":[{"@type":"WebPage","@id":"https:\/\/www.edesia.al\/?product=caj-chakra-vision","url":"https:\/\/www.edesia.al\/?product=caj-chakra-vision","name":"Caj \"Chakra Vision\" - Edesia","isPartOf":{"@id":"https:\/\/www.edesia.al\/#website"},"primaryImageOfPage":{"@id":"https:\/\/www.edesia.al\/?product=caj-chakra-vision#primaryimage"},"image":{"@id":"https:\/\/www.edesia.al\/?product=caj-chakra-vision#primaryimage"},"thumbnailUrl":"https:\/\/www.edesia.al\/wp-content\/uploads\/2026\/02\/221009833-1.png","datePublished":"2026-02-16T21:13:59+00:00","dateModified":"2026-02-25T18:35:08+00:00","breadcrumb":{"@id":"https:\/\/www.edesia.al\/?product=caj-chakra-vision#breadcrumb"},"inLanguage":"en-US","potentialAction":[{"@type":"ReadAction","target":["https:\/\/www.edesia.al\/?product=caj-chakra-vision"]}]},{"@type":"ImageObject","inLanguage":"en-US","@id":"https:\/\/www.edesia.al\/?product=caj-chakra-vision#primaryimage","url":"https:\/\/www.edesia.al\/wp-content\/uploads\/2026\/02\/221009833-1.png","contentUrl":"https:\/\/www.edesia.al\/wp-content\/uploads\/2026\/02\/221009833-1.png","width":600,"height":600},{"@type":"BreadcrumbList","@id":"https:\/\/www.edesia.al\/?product=caj-chakra-vision#breadcrumb","itemListElement":[{"@type":"ListItem","position":1,"name":"Home","item":"https:\/\/www.edesia.al\/"},{"@type":"ListItem","position":2,"name":"Dyqani","item":"https:\/\/www.edesia.al\/?page_id=17"},{"@type":"ListItem","position":3,"name":"Caj &#8220;Chakra Vision&#8221;"}]},{"@type":"WebSite","@id":"https:\/\/www.edesia.al\/#website","url":"https:\/\/www.edesia.al\/","name":"Edesia","description":"","publisher":{"@id":"https:\/\/www.edesia.al\/#organization"},"potentialAction":[{"@type":"SearchAction","target":{"@type":"EntryPoint","urlTemplate":"https:\/\/www.edesia.al\/?s={search_term_string}"},"query-input":{"@type":"PropertyValueSpecification","valueRequired":true,"valueName":"search_term_string"}}],"inLanguage":"en-US"},{"@type":"Organization","@id":"https:\/\/www.edesia.al\/#organization","name":"Edesia","url":"https:\/\/www.edesia.al\/","logo":{"@type":"ImageObject","inLanguage":"en-US","@id":"https:\/\/www.edesia.al\/#\/schema\/logo\/image\/","url":"https:\/\/www.edesia.al\/wp-content\/uploads\/2026\/02\/Logo-Edesia-no-background.png","contentUrl":"https:\/\/www.edesia.al\/wp-content\/uploads\/2026\/02\/Logo-Edesia-no-background.png","width":293,"height":158,"caption":"Edesia"},"image":{"@id":"https:\/\/www.edesia.al\/#\/schema\/logo\/image\/"}}]}},"_links":{"self":[{"href":"https:\/\/www.edesia.al\/index.php?rest_route=\/wp\/v2\/product\/7217","targetHints":{"allow":["GET"]}}],"collection":[{"href":"https:\/\/www.edesia.al\/index.php?rest_route=\/wp\/v2\/product"}],"about":[{"href":"https:\/\/www.edesia.al\/index.php?rest_route=\/wp\/v2\/types\/product"}],"replies":[{"embeddable":true,"href":"https:\/\/www.edesia.al\/index.php?rest_route=%2Fwp%2Fv2%2Fcomments&post=7217"}],"wp:featuredmedia":[{"embeddable":true,"href":"https:\/\/www.edesia.al\/index.php?rest_route=\/wp\/v2\/media\/7242"}],"wp:attachment":[{"href":"https:\/\/www.edesia.al\/index.php?rest_route=%2Fwp%2Fv2%2Fmedia&parent=7217"}],"wp:term":[{"taxonomy":"kategori-sipas-dietave","embeddable":true,"href":"https:\/\/www.edesia.al\/index.php?rest_route=%2Fwp%2Fv2%2Fkategori-sipas-dietave&post=7217"},{"taxonomy":"kategori-sipas-problemeve-shende","embeddable":true,"href":"https:\/\/www.edesia.al\/index.php?rest_route=%2Fwp%2Fv2%2Fkategori-sipas-problemeve-shende&post=7217"},{"taxonomy":"product_brand","embeddable":true,"href":"https:\/\/www.edesia.al\/index.php?rest_route=%2Fwp%2Fv2%2Fproduct_brand&post=7217"},{"taxonomy":"product_cat","embeddable":true,"href":"https:\/\/www.edesia.al\/index.php?rest_route=%2Fwp%2Fv2%2Fproduct_cat&post=7217"},{"taxonomy":"product_tag","embeddable":true,"href":"https:\/\/www.edesia.al\/index.php?rest_route=%2Fwp%2Fv2%2Fproduct_tag&post=7217"}],"curies":[{"name":"wp","href":"https:\/\/api.w.org\/{rel}","templated":true}]}}