{"id":7218,"date":"2026-02-16T21:14:00","date_gmt":"2026-02-16T21:14:00","guid":{"rendered":"https:\/\/www.edesia.al\/?post_type=product&#038;p=7218"},"modified":"2026-02-25T18:35:50","modified_gmt":"2026-02-25T18:35:50","slug":"caj-emotional-clarity","status":"publish","type":"product","link":"https:\/\/www.edesia.al\/?product=caj-emotional-clarity","title":{"rendered":"\u00c7aj &#8220;Emotional Clarity&#8221;"},"content":{"rendered":"<h2>\u00c7aj &#8220;Emotional Clarity&#8221; hibiskus , mente &#8211; 16 bustina<\/h2>\n<p data-start=\"27\" data-end=\"308\">Sipas bazave t\u00eb Ayurved\u00ebs, gjith\u00e7ka n\u00eb jet\u00eb p\u00ebrb\u00ebhet nga 5 element\u00eb \u2013 <strong data-start=\"97\" data-end=\"134\">Ajri, Uji, Eteri, Zjarri dhe Toka<\/strong>. Meqen\u00ebse edhe ne jemi t\u00eb p\u00ebrb\u00ebr\u00eb nga k\u00ebto element\u00eb, do t\u00eb duhet t\u2019i mbajm\u00eb n\u00eb ekuilib\u00ebr ata. <strong data-start=\"219\" data-end=\"306\">Elementi juaj dominues p\u00ebrcakton karakterin tuaj si individ, thelbin e asaj qe ju jeni realisht dhe si i till\u00eb ndikon n\u00eb mir\u00ebqenien tuaj emocionale.<\/strong><\/p>\n<p data-start=\"310\" data-end=\"572\">N\u00ebse prireni drejt <strong data-start=\"328\" data-end=\"349\">elementit t\u00eb Ujit<\/strong>, nj\u00eb kombinim i <strong data-start=\"366\" data-end=\"404\">Hibiskusit, Mentes <\/strong>, karafilit, kardamom , piperit t\u00eb zi do t&#8217;ju\u00a0 ndihmoj\u00eb t\u00eb p\u00ebrballoni dhe t&#8217;i \u00e7lironi emocionet m\u00eb leht\u00eb. Sa her\u00eb q\u00eb ndjeni se t\u00ebju mungon kjo ndjesi, b\u00ebni nj\u00eb pushim me nj\u00eb filxhan <strong data-start=\"544\" data-end=\"569\">\u00e7aj Emotional Clarity<\/strong>.<\/p>\n<h4 data-start=\"310\" data-end=\"572\">P\u00ebrfitimet:<\/h4>\n<ul>\n<li><strong>Hibiskus &#8211;\u00a0<\/strong>Ka nj\u00eb efekt <strong data-start=\"665\" data-end=\"687\">balancues n\u00eb humor<\/strong>, duke ndihmuar n\u00eb largimin e ndjenjave negative si tensioni emocional dhe lodhja mendore. Konsumimi i tij mund t\u00eb ndihmoj\u00eb n\u00eb <strong data-start=\"818\" data-end=\"856\">largimin e emocioneve t\u00eb bllokuara<\/strong>, duke sjell\u00eb qet\u00ebsi dhe qart\u00ebsi n\u00eb vendimmarrje. Ai\u00a0\u00ebsht\u00eb i pasur me <strong data-start=\"964\" data-end=\"981\">antioksidant\u00eb<\/strong>, t\u00eb cil\u00ebt luftojn\u00eb radikalet e lira dhe mb\u00ebshtesin <strong data-start=\"1033\" data-end=\"1055\">sh\u00ebndetin e zemr\u00ebs<\/strong>. Ul <strong data-start=\"1064\" data-end=\"1086\">presionin e gjakut<\/strong> dhe ndihmon n\u00eb p\u00ebrmir\u00ebsimin e <strong data-start=\"1117\" data-end=\"1142\">qarkullimit t\u00eb gjakut<\/strong>, duke krijuar nj\u00eb ndjesi leht\u00ebsie dhe relaksi.<\/li>\n<li><strong>Mente<\/strong> &#8211; P\u00ebrmir\u00ebson<strong data-start=\"1551\" data-end=\"1579\">\u00a0p\u00ebrqendrimin<\/strong>, duke ndihmuar n\u00eb kthjellt\u00ebsin\u00eb mendore. Rrit ndjenj\u00ebn e <strong data-start=\"1641\" data-end=\"1667\">lirshm\u00ebris\u00eb emocionale<\/strong>, duke ndihmuar n\u00eb p\u00ebrballimin e emocioneve t\u00eb forta dhe tensioneve. Ka veti <strong data-start=\"1893\" data-end=\"1932\">anti-inflamatore dhe antibakteriale<\/strong>, t\u00eb cilat ndihmojn\u00eb n\u00eb forcimin e sistemit imunita &amp; leht\u00ebson <strong data-start=\"1776\" data-end=\"1800\">problemet me tretjen<\/strong>, si fryrja dhe dispepsia, duke ndihmuar n\u00eb p\u00ebrthithjen m\u00eb t\u00eb mir\u00eb t\u00eb l\u00ebnd\u00ebve ushqyese.<\/li>\n<\/ul>\n<h4>P\u00ebrdorimi:<\/h4>\n<ul>\n<li><strong data-start=\"150\" data-end=\"162\">N\u00eb m\u00ebngjes<\/strong> \u2013 P\u00ebr nj\u00eb fillim t\u00eb fresk\u00ebt dhe t\u00eb qet\u00eb t\u00eb dit\u00ebs, ve\u00e7an\u00ebrisht n\u00ebse ndiheni emocionalisht t\u00eb r\u00ebnduar.<\/li>\n<li><strong data-start=\"269\" data-end=\"280\">Pasdite<\/strong> \u2013 P\u00ebr t\u00eb rivendosur ekuilibrin emocional dhe p\u00ebr t\u00eb ndihmuar n\u00eb p\u00ebrpunimin e ndjenjave.<\/li>\n<li><strong data-start=\"374\" data-end=\"385\">N\u00eb mbr\u00ebmje<\/strong> \u2013 P\u00ebr nj\u00eb qet\u00ebsim para gjumit, duke leht\u00ebsuar stresin e dit\u00ebs.<\/li>\n<\/ul>\n<h4>Kujdes!<\/h4>\n<ul>\n<li>Personat q\u00eb vuajn\u00eb nga hipertensioni duhet t\u00eb shmangin konsumimin e tep\u00ebrt.<\/li>\n<li>P\u00ebr gjendje specifike sh\u00ebndet\u00ebsore, ose n\u00ebse jeni n\u00eb nj\u00eb terapi medikametoze, sugjerojm\u00eb konsult\u00ebn me specialist\u00ebt e kujdsit sh\u00ebndet\u00ebsor.<\/li>\n<\/ul>\n","protected":false},"excerpt":{"rendered":"<p>\u00c7aj &#8220;Emotional Clarity&#8221; hibiskus , mente &#8211; 16 bustina Sipas bazave t\u00eb Ayurved\u00ebs, gjith\u00e7ka n\u00eb jet\u00eb p\u00ebrb\u00ebhet nga 5 element\u00eb \u2013 Ajri, Uji, Eteri, Zjarri dhe Toka. Meqen\u00ebse edhe ne jemi t\u00eb p\u00ebrb\u00ebr\u00eb nga k\u00ebto element\u00eb, do t\u00eb duhet t\u2019i mbajm\u00eb n\u00eb ekuilib\u00ebr ata. Elementi juaj dominues p\u00ebrcakton karakterin tuaj si individ, thelbin e asaj[&#8230;]<\/p>\n","protected":false},"featured_media":7243,"comment_status":"open","ping_status":"closed","template":"","meta":{"_acf_changed":false,"inline_featured_image":false},"kategori-sipas-dietave":[],"kategori-sipas-problemeve-shende":[],"product_brand":[32],"product_cat":[81,43],"product_tag":[168],"class_list":{"0":"post-7218","1":"product","2":"type-product","3":"status-publish","4":"has-post-thumbnail","6":"product_brand-bioagros","7":"product_cat-caj-bime-mjekesore","8":"product_cat-cajra","9":"product_tag-caj","11":"first","12":"instock","13":"taxable","14":"shipping-taxable","15":"purchasable","16":"product-type-simple"},"acf":[],"yoast_head":"<!-- This site is optimized with the Yoast SEO plugin v27.4 - https:\/\/yoast.com\/product\/yoast-seo-wordpress\/ -->\n<title>\u00c7aj &quot;Emotional Clarity&quot; - Edesia<\/title>\n<meta name=\"robots\" content=\"index, follow, max-snippet:-1, max-image-preview:large, max-video-preview:-1\" \/>\n<link rel=\"canonical\" href=\"https:\/\/www.edesia.al\/?product=caj-emotional-clarity\" \/>\n<meta property=\"og:locale\" content=\"en_US\" \/>\n<meta property=\"og:type\" content=\"article\" \/>\n<meta property=\"og:title\" content=\"\u00c7aj &quot;Emotional Clarity&quot; - Edesia\" \/>\n<meta property=\"og:description\" content=\"\u00c7aj &#8220;Emotional Clarity&#8221; hibiskus , mente &#8211; 16 bustina Sipas bazave t\u00eb Ayurved\u00ebs, gjith\u00e7ka n\u00eb jet\u00eb p\u00ebrb\u00ebhet nga 5 element\u00eb \u2013 Ajri, Uji, Eteri, Zjarri dhe Toka. Meqen\u00ebse edhe ne jemi t\u00eb p\u00ebrb\u00ebr\u00eb nga k\u00ebto element\u00eb, do t\u00eb duhet t\u2019i mbajm\u00eb n\u00eb ekuilib\u00ebr ata. Elementi juaj dominues p\u00ebrcakton karakterin tuaj si individ, thelbin e asaj[...]\" \/>\n<meta property=\"og:url\" content=\"https:\/\/www.edesia.al\/?product=caj-emotional-clarity\" \/>\n<meta property=\"og:site_name\" content=\"Edesia\" \/>\n<meta property=\"article:modified_time\" content=\"2026-02-25T18:35:50+00:00\" \/>\n<meta property=\"og:image\" content=\"https:\/\/www.edesia.al\/wp-content\/uploads\/2026\/02\/221009828-1.png\" \/>\n\t<meta property=\"og:image:width\" content=\"500\" \/>\n\t<meta property=\"og:image:height\" content=\"500\" \/>\n\t<meta property=\"og:image:type\" content=\"image\/png\" \/>\n<meta name=\"twitter:card\" content=\"summary_large_image\" \/>\n<meta name=\"twitter:label1\" content=\"Est. reading time\" \/>\n\t<meta name=\"twitter:data1\" content=\"2 minutes\" \/>\n<script type=\"application\/ld+json\" class=\"yoast-schema-graph\">{\"@context\":\"https:\\\/\\\/schema.org\",\"@graph\":[{\"@type\":\"WebPage\",\"@id\":\"https:\\\/\\\/www.edesia.al\\\/?product=caj-emotional-clarity\",\"url\":\"https:\\\/\\\/www.edesia.al\\\/?product=caj-emotional-clarity\",\"name\":\"\u00c7aj \\\"Emotional Clarity\\\" - Edesia\",\"isPartOf\":{\"@id\":\"https:\\\/\\\/www.edesia.al\\\/#website\"},\"primaryImageOfPage\":{\"@id\":\"https:\\\/\\\/www.edesia.al\\\/?product=caj-emotional-clarity#primaryimage\"},\"image\":{\"@id\":\"https:\\\/\\\/www.edesia.al\\\/?product=caj-emotional-clarity#primaryimage\"},\"thumbnailUrl\":\"https:\\\/\\\/www.edesia.al\\\/wp-content\\\/uploads\\\/2026\\\/02\\\/221009828-1.png\",\"datePublished\":\"2026-02-16T21:14:00+00:00\",\"dateModified\":\"2026-02-25T18:35:50+00:00\",\"breadcrumb\":{\"@id\":\"https:\\\/\\\/www.edesia.al\\\/?product=caj-emotional-clarity#breadcrumb\"},\"inLanguage\":\"en-US\",\"potentialAction\":[{\"@type\":\"ReadAction\",\"target\":[\"https:\\\/\\\/www.edesia.al\\\/?product=caj-emotional-clarity\"]}]},{\"@type\":\"ImageObject\",\"inLanguage\":\"en-US\",\"@id\":\"https:\\\/\\\/www.edesia.al\\\/?product=caj-emotional-clarity#primaryimage\",\"url\":\"https:\\\/\\\/www.edesia.al\\\/wp-content\\\/uploads\\\/2026\\\/02\\\/221009828-1.png\",\"contentUrl\":\"https:\\\/\\\/www.edesia.al\\\/wp-content\\\/uploads\\\/2026\\\/02\\\/221009828-1.png\",\"width\":500,\"height\":500},{\"@type\":\"BreadcrumbList\",\"@id\":\"https:\\\/\\\/www.edesia.al\\\/?product=caj-emotional-clarity#breadcrumb\",\"itemListElement\":[{\"@type\":\"ListItem\",\"position\":1,\"name\":\"Home\",\"item\":\"https:\\\/\\\/www.edesia.al\\\/\"},{\"@type\":\"ListItem\",\"position\":2,\"name\":\"Dyqani\",\"item\":\"https:\\\/\\\/www.edesia.al\\\/?page_id=17\"},{\"@type\":\"ListItem\",\"position\":3,\"name\":\"\u00c7aj &#8220;Emotional Clarity&#8221;\"}]},{\"@type\":\"WebSite\",\"@id\":\"https:\\\/\\\/www.edesia.al\\\/#website\",\"url\":\"https:\\\/\\\/www.edesia.al\\\/\",\"name\":\"Edesia\",\"description\":\"\",\"publisher\":{\"@id\":\"https:\\\/\\\/www.edesia.al\\\/#organization\"},\"potentialAction\":[{\"@type\":\"SearchAction\",\"target\":{\"@type\":\"EntryPoint\",\"urlTemplate\":\"https:\\\/\\\/www.edesia.al\\\/?s={search_term_string}\"},\"query-input\":{\"@type\":\"PropertyValueSpecification\",\"valueRequired\":true,\"valueName\":\"search_term_string\"}}],\"inLanguage\":\"en-US\"},{\"@type\":\"Organization\",\"@id\":\"https:\\\/\\\/www.edesia.al\\\/#organization\",\"name\":\"Edesia\",\"url\":\"https:\\\/\\\/www.edesia.al\\\/\",\"logo\":{\"@type\":\"ImageObject\",\"inLanguage\":\"en-US\",\"@id\":\"https:\\\/\\\/www.edesia.al\\\/#\\\/schema\\\/logo\\\/image\\\/\",\"url\":\"https:\\\/\\\/www.edesia.al\\\/wp-content\\\/uploads\\\/2026\\\/02\\\/Logo-Edesia-no-background.png\",\"contentUrl\":\"https:\\\/\\\/www.edesia.al\\\/wp-content\\\/uploads\\\/2026\\\/02\\\/Logo-Edesia-no-background.png\",\"width\":293,\"height\":158,\"caption\":\"Edesia\"},\"image\":{\"@id\":\"https:\\\/\\\/www.edesia.al\\\/#\\\/schema\\\/logo\\\/image\\\/\"}}]}<\/script>\n<!-- \/ Yoast SEO plugin. -->","yoast_head_json":{"title":"\u00c7aj \"Emotional Clarity\" - Edesia","robots":{"index":"index","follow":"follow","max-snippet":"max-snippet:-1","max-image-preview":"max-image-preview:large","max-video-preview":"max-video-preview:-1"},"canonical":"https:\/\/www.edesia.al\/?product=caj-emotional-clarity","og_locale":"en_US","og_type":"article","og_title":"\u00c7aj \"Emotional Clarity\" - Edesia","og_description":"\u00c7aj &#8220;Emotional Clarity&#8221; hibiskus , mente &#8211; 16 bustina Sipas bazave t\u00eb Ayurved\u00ebs, gjith\u00e7ka n\u00eb jet\u00eb p\u00ebrb\u00ebhet nga 5 element\u00eb \u2013 Ajri, Uji, Eteri, Zjarri dhe Toka. Meqen\u00ebse edhe ne jemi t\u00eb p\u00ebrb\u00ebr\u00eb nga k\u00ebto element\u00eb, do t\u00eb duhet t\u2019i mbajm\u00eb n\u00eb ekuilib\u00ebr ata. Elementi juaj dominues p\u00ebrcakton karakterin tuaj si individ, thelbin e asaj[...]","og_url":"https:\/\/www.edesia.al\/?product=caj-emotional-clarity","og_site_name":"Edesia","article_modified_time":"2026-02-25T18:35:50+00:00","og_image":[{"width":500,"height":500,"url":"https:\/\/www.edesia.al\/wp-content\/uploads\/2026\/02\/221009828-1.png","type":"image\/png"}],"twitter_card":"summary_large_image","twitter_misc":{"Est. reading time":"2 minutes"},"schema":{"@context":"https:\/\/schema.org","@graph":[{"@type":"WebPage","@id":"https:\/\/www.edesia.al\/?product=caj-emotional-clarity","url":"https:\/\/www.edesia.al\/?product=caj-emotional-clarity","name":"\u00c7aj \"Emotional Clarity\" - Edesia","isPartOf":{"@id":"https:\/\/www.edesia.al\/#website"},"primaryImageOfPage":{"@id":"https:\/\/www.edesia.al\/?product=caj-emotional-clarity#primaryimage"},"image":{"@id":"https:\/\/www.edesia.al\/?product=caj-emotional-clarity#primaryimage"},"thumbnailUrl":"https:\/\/www.edesia.al\/wp-content\/uploads\/2026\/02\/221009828-1.png","datePublished":"2026-02-16T21:14:00+00:00","dateModified":"2026-02-25T18:35:50+00:00","breadcrumb":{"@id":"https:\/\/www.edesia.al\/?product=caj-emotional-clarity#breadcrumb"},"inLanguage":"en-US","potentialAction":[{"@type":"ReadAction","target":["https:\/\/www.edesia.al\/?product=caj-emotional-clarity"]}]},{"@type":"ImageObject","inLanguage":"en-US","@id":"https:\/\/www.edesia.al\/?product=caj-emotional-clarity#primaryimage","url":"https:\/\/www.edesia.al\/wp-content\/uploads\/2026\/02\/221009828-1.png","contentUrl":"https:\/\/www.edesia.al\/wp-content\/uploads\/2026\/02\/221009828-1.png","width":500,"height":500},{"@type":"BreadcrumbList","@id":"https:\/\/www.edesia.al\/?product=caj-emotional-clarity#breadcrumb","itemListElement":[{"@type":"ListItem","position":1,"name":"Home","item":"https:\/\/www.edesia.al\/"},{"@type":"ListItem","position":2,"name":"Dyqani","item":"https:\/\/www.edesia.al\/?page_id=17"},{"@type":"ListItem","position":3,"name":"\u00c7aj &#8220;Emotional Clarity&#8221;"}]},{"@type":"WebSite","@id":"https:\/\/www.edesia.al\/#website","url":"https:\/\/www.edesia.al\/","name":"Edesia","description":"","publisher":{"@id":"https:\/\/www.edesia.al\/#organization"},"potentialAction":[{"@type":"SearchAction","target":{"@type":"EntryPoint","urlTemplate":"https:\/\/www.edesia.al\/?s={search_term_string}"},"query-input":{"@type":"PropertyValueSpecification","valueRequired":true,"valueName":"search_term_string"}}],"inLanguage":"en-US"},{"@type":"Organization","@id":"https:\/\/www.edesia.al\/#organization","name":"Edesia","url":"https:\/\/www.edesia.al\/","logo":{"@type":"ImageObject","inLanguage":"en-US","@id":"https:\/\/www.edesia.al\/#\/schema\/logo\/image\/","url":"https:\/\/www.edesia.al\/wp-content\/uploads\/2026\/02\/Logo-Edesia-no-background.png","contentUrl":"https:\/\/www.edesia.al\/wp-content\/uploads\/2026\/02\/Logo-Edesia-no-background.png","width":293,"height":158,"caption":"Edesia"},"image":{"@id":"https:\/\/www.edesia.al\/#\/schema\/logo\/image\/"}}]}},"_links":{"self":[{"href":"https:\/\/www.edesia.al\/index.php?rest_route=\/wp\/v2\/product\/7218","targetHints":{"allow":["GET"]}}],"collection":[{"href":"https:\/\/www.edesia.al\/index.php?rest_route=\/wp\/v2\/product"}],"about":[{"href":"https:\/\/www.edesia.al\/index.php?rest_route=\/wp\/v2\/types\/product"}],"replies":[{"embeddable":true,"href":"https:\/\/www.edesia.al\/index.php?rest_route=%2Fwp%2Fv2%2Fcomments&post=7218"}],"wp:featuredmedia":[{"embeddable":true,"href":"https:\/\/www.edesia.al\/index.php?rest_route=\/wp\/v2\/media\/7243"}],"wp:attachment":[{"href":"https:\/\/www.edesia.al\/index.php?rest_route=%2Fwp%2Fv2%2Fmedia&parent=7218"}],"wp:term":[{"taxonomy":"kategori-sipas-dietave","embeddable":true,"href":"https:\/\/www.edesia.al\/index.php?rest_route=%2Fwp%2Fv2%2Fkategori-sipas-dietave&post=7218"},{"taxonomy":"kategori-sipas-problemeve-shende","embeddable":true,"href":"https:\/\/www.edesia.al\/index.php?rest_route=%2Fwp%2Fv2%2Fkategori-sipas-problemeve-shende&post=7218"},{"taxonomy":"product_brand","embeddable":true,"href":"https:\/\/www.edesia.al\/index.php?rest_route=%2Fwp%2Fv2%2Fproduct_brand&post=7218"},{"taxonomy":"product_cat","embeddable":true,"href":"https:\/\/www.edesia.al\/index.php?rest_route=%2Fwp%2Fv2%2Fproduct_cat&post=7218"},{"taxonomy":"product_tag","embeddable":true,"href":"https:\/\/www.edesia.al\/index.php?rest_route=%2Fwp%2Fv2%2Fproduct_tag&post=7218"}],"curies":[{"name":"wp","href":"https:\/\/api.w.org\/{rel}","templated":true}]}}