{"id":7219,"date":"2026-02-16T21:14:00","date_gmt":"2026-02-16T21:14:00","guid":{"rendered":"https:\/\/www.edesia.al\/?post_type=product&#038;p=7219"},"modified":"2026-02-25T18:38:06","modified_gmt":"2026-02-25T18:38:06","slug":"caj-peppermint-i-paster","status":"publish","type":"product","link":"https:\/\/www.edesia.al\/?product=caj-peppermint-i-paster","title":{"rendered":"\u00c7aj Peppermint i past\u00ebr"},"content":{"rendered":"<h2>\u00c7aj Peppermint i past\u00ebr (12&#215;1.5g) 18g Thamma Bio<\/h2>\n<p>Shijoni vetit\u00eb ushqyese t\u00eb mentes organike THAMMA, nj\u00eb antioksidant natyral, q\u00eb gjithashtu ndihmon n\u00eb p\u00ebrmir\u00ebsimin procesit t\u00eb tretjes .<\/p>\n<h4>P\u00ebrfitimet:<\/h4>\n<ul>\n<li><strong data-start=\"70\" data-end=\"92\">\u00a0P\u00ebrmir\u00ebson tretjen<\/strong> \u2013 Relakson muskujt e traktit tret\u00ebs dhe ndihmon n\u00eb leht\u00ebsimin e fryrjes, gazrave dhe dhimbjeve abdominale.<\/li>\n<li>\u00a0<strong data-start=\"206\" data-end=\"230\">Freskon frym\u00ebmarrjen<\/strong> \u2013 Ka efekt antibakterial dhe arom\u00eb t\u00eb fort\u00eb q\u00eb neutralizon er\u00ebn e keqe t\u00eb goj\u00ebs.<\/li>\n<li><strong data-start=\"317\" data-end=\"361\">Ndihmon p\u00ebrqendrimin dhe freskon mendjen<\/strong> \u2013 Aroma e saj ka efekt stimulues dhe mund t\u00eb p\u00ebrmir\u00ebsoj\u00eb fokusin.<\/li>\n<li>\u00a0<strong data-start=\"433\" data-end=\"476\">Leht\u00ebson simptomat e ftohjes dhe gripit<\/strong> \u2013 P\u00ebrmban mentol, q\u00eb ndihmon n\u00eb hapjen e rrug\u00ebve t\u00eb frym\u00ebmarrjes.<\/li>\n<li>\u00a0<strong data-start=\"548\" data-end=\"592\">Ka veti anti-inflamatore dhe analgjezike<\/strong> \u2013 Mund t\u00eb ndihmoj\u00eb n\u00eb leht\u00ebsimin e dhimbjeve t\u00eb kok\u00ebs ose muskujve (n\u00eb form\u00eb vajore).<\/li>\n<li>\u00a0<strong data-start=\"684\" data-end=\"723\">Qet\u00ebson trupin dhe redukton stresin<\/strong> \u2013 Konsumimi i \u00e7ajit t\u00eb peppermint-it ka efekt relaksues dhe qet\u00ebsues.<\/li>\n<\/ul>\n","protected":false},"excerpt":{"rendered":"<p>\u00c7aj Peppermint i past\u00ebr (12&#215;1.5g) 18g Thamma Bio Shijoni vetit\u00eb ushqyese t\u00eb mentes organike THAMMA, nj\u00eb antioksidant natyral, q\u00eb gjithashtu ndihmon n\u00eb p\u00ebrmir\u00ebsimin procesit t\u00eb tretjes . P\u00ebrfitimet: \u00a0P\u00ebrmir\u00ebson tretjen \u2013 Relakson muskujt e traktit tret\u00ebs dhe ndihmon n\u00eb leht\u00ebsimin e fryrjes, gazrave dhe dhimbjeve abdominale. \u00a0Freskon frym\u00ebmarrjen \u2013 Ka efekt antibakterial dhe arom\u00eb t\u00eb[&#8230;]<\/p>\n","protected":false},"featured_media":7246,"comment_status":"open","ping_status":"closed","template":"","meta":{"_acf_changed":false,"inline_featured_image":false},"kategori-sipas-dietave":[],"kategori-sipas-problemeve-shende":[],"product_brand":[32],"product_cat":[81,43],"product_tag":[168],"class_list":{"0":"post-7219","1":"product","2":"type-product","3":"status-publish","4":"has-post-thumbnail","6":"product_brand-bioagros","7":"product_cat-caj-bime-mjekesore","8":"product_cat-cajra","9":"product_tag-caj","11":"first","12":"instock","13":"taxable","14":"shipping-taxable","15":"purchasable","16":"product-type-simple"},"acf":[],"yoast_head":"<!-- This site is optimized with the Yoast SEO plugin v27.4 - https:\/\/yoast.com\/product\/yoast-seo-wordpress\/ -->\n<title>\u00c7aj Peppermint i past\u00ebr - Edesia<\/title>\n<meta name=\"robots\" content=\"index, follow, max-snippet:-1, max-image-preview:large, max-video-preview:-1\" \/>\n<link rel=\"canonical\" href=\"https:\/\/www.edesia.al\/?product=caj-peppermint-i-paster\" \/>\n<meta property=\"og:locale\" content=\"en_US\" \/>\n<meta property=\"og:type\" content=\"article\" \/>\n<meta property=\"og:title\" content=\"\u00c7aj Peppermint i past\u00ebr - Edesia\" \/>\n<meta property=\"og:description\" content=\"\u00c7aj Peppermint i past\u00ebr (12&#215;1.5g) 18g Thamma Bio Shijoni vetit\u00eb ushqyese t\u00eb mentes organike THAMMA, nj\u00eb antioksidant natyral, q\u00eb gjithashtu ndihmon n\u00eb p\u00ebrmir\u00ebsimin procesit t\u00eb tretjes . P\u00ebrfitimet: \u00a0P\u00ebrmir\u00ebson tretjen \u2013 Relakson muskujt e traktit tret\u00ebs dhe ndihmon n\u00eb leht\u00ebsimin e fryrjes, gazrave dhe dhimbjeve abdominale. \u00a0Freskon frym\u00ebmarrjen \u2013 Ka efekt antibakterial dhe arom\u00eb t\u00eb[...]\" \/>\n<meta property=\"og:url\" content=\"https:\/\/www.edesia.al\/?product=caj-peppermint-i-paster\" \/>\n<meta property=\"og:site_name\" content=\"Edesia\" \/>\n<meta property=\"article:modified_time\" content=\"2026-02-25T18:38:06+00:00\" \/>\n<meta property=\"og:image\" content=\"https:\/\/www.edesia.al\/wp-content\/uploads\/2026\/02\/221030385-1.png\" \/>\n\t<meta property=\"og:image:width\" content=\"500\" \/>\n\t<meta property=\"og:image:height\" content=\"500\" \/>\n\t<meta property=\"og:image:type\" content=\"image\/png\" \/>\n<meta name=\"twitter:card\" content=\"summary_large_image\" \/>\n<meta name=\"twitter:label1\" content=\"Est. reading time\" \/>\n\t<meta name=\"twitter:data1\" content=\"1 minute\" \/>\n<script type=\"application\/ld+json\" class=\"yoast-schema-graph\">{\"@context\":\"https:\\\/\\\/schema.org\",\"@graph\":[{\"@type\":\"WebPage\",\"@id\":\"https:\\\/\\\/www.edesia.al\\\/?product=caj-peppermint-i-paster\",\"url\":\"https:\\\/\\\/www.edesia.al\\\/?product=caj-peppermint-i-paster\",\"name\":\"\u00c7aj Peppermint i past\u00ebr - Edesia\",\"isPartOf\":{\"@id\":\"https:\\\/\\\/www.edesia.al\\\/#website\"},\"primaryImageOfPage\":{\"@id\":\"https:\\\/\\\/www.edesia.al\\\/?product=caj-peppermint-i-paster#primaryimage\"},\"image\":{\"@id\":\"https:\\\/\\\/www.edesia.al\\\/?product=caj-peppermint-i-paster#primaryimage\"},\"thumbnailUrl\":\"https:\\\/\\\/www.edesia.al\\\/wp-content\\\/uploads\\\/2026\\\/02\\\/221030385-1.png\",\"datePublished\":\"2026-02-16T21:14:00+00:00\",\"dateModified\":\"2026-02-25T18:38:06+00:00\",\"breadcrumb\":{\"@id\":\"https:\\\/\\\/www.edesia.al\\\/?product=caj-peppermint-i-paster#breadcrumb\"},\"inLanguage\":\"en-US\",\"potentialAction\":[{\"@type\":\"ReadAction\",\"target\":[\"https:\\\/\\\/www.edesia.al\\\/?product=caj-peppermint-i-paster\"]}]},{\"@type\":\"ImageObject\",\"inLanguage\":\"en-US\",\"@id\":\"https:\\\/\\\/www.edesia.al\\\/?product=caj-peppermint-i-paster#primaryimage\",\"url\":\"https:\\\/\\\/www.edesia.al\\\/wp-content\\\/uploads\\\/2026\\\/02\\\/221030385-1.png\",\"contentUrl\":\"https:\\\/\\\/www.edesia.al\\\/wp-content\\\/uploads\\\/2026\\\/02\\\/221030385-1.png\",\"width\":500,\"height\":500},{\"@type\":\"BreadcrumbList\",\"@id\":\"https:\\\/\\\/www.edesia.al\\\/?product=caj-peppermint-i-paster#breadcrumb\",\"itemListElement\":[{\"@type\":\"ListItem\",\"position\":1,\"name\":\"Home\",\"item\":\"https:\\\/\\\/www.edesia.al\\\/\"},{\"@type\":\"ListItem\",\"position\":2,\"name\":\"Dyqani\",\"item\":\"https:\\\/\\\/www.edesia.al\\\/?page_id=17\"},{\"@type\":\"ListItem\",\"position\":3,\"name\":\"\u00c7aj Peppermint i past\u00ebr\"}]},{\"@type\":\"WebSite\",\"@id\":\"https:\\\/\\\/www.edesia.al\\\/#website\",\"url\":\"https:\\\/\\\/www.edesia.al\\\/\",\"name\":\"Edesia\",\"description\":\"\",\"publisher\":{\"@id\":\"https:\\\/\\\/www.edesia.al\\\/#organization\"},\"potentialAction\":[{\"@type\":\"SearchAction\",\"target\":{\"@type\":\"EntryPoint\",\"urlTemplate\":\"https:\\\/\\\/www.edesia.al\\\/?s={search_term_string}\"},\"query-input\":{\"@type\":\"PropertyValueSpecification\",\"valueRequired\":true,\"valueName\":\"search_term_string\"}}],\"inLanguage\":\"en-US\"},{\"@type\":\"Organization\",\"@id\":\"https:\\\/\\\/www.edesia.al\\\/#organization\",\"name\":\"Edesia\",\"url\":\"https:\\\/\\\/www.edesia.al\\\/\",\"logo\":{\"@type\":\"ImageObject\",\"inLanguage\":\"en-US\",\"@id\":\"https:\\\/\\\/www.edesia.al\\\/#\\\/schema\\\/logo\\\/image\\\/\",\"url\":\"https:\\\/\\\/www.edesia.al\\\/wp-content\\\/uploads\\\/2026\\\/02\\\/Logo-Edesia-no-background.png\",\"contentUrl\":\"https:\\\/\\\/www.edesia.al\\\/wp-content\\\/uploads\\\/2026\\\/02\\\/Logo-Edesia-no-background.png\",\"width\":293,\"height\":158,\"caption\":\"Edesia\"},\"image\":{\"@id\":\"https:\\\/\\\/www.edesia.al\\\/#\\\/schema\\\/logo\\\/image\\\/\"}}]}<\/script>\n<!-- \/ Yoast SEO plugin. -->","yoast_head_json":{"title":"\u00c7aj Peppermint i past\u00ebr - Edesia","robots":{"index":"index","follow":"follow","max-snippet":"max-snippet:-1","max-image-preview":"max-image-preview:large","max-video-preview":"max-video-preview:-1"},"canonical":"https:\/\/www.edesia.al\/?product=caj-peppermint-i-paster","og_locale":"en_US","og_type":"article","og_title":"\u00c7aj Peppermint i past\u00ebr - Edesia","og_description":"\u00c7aj Peppermint i past\u00ebr (12&#215;1.5g) 18g Thamma Bio Shijoni vetit\u00eb ushqyese t\u00eb mentes organike THAMMA, nj\u00eb antioksidant natyral, q\u00eb gjithashtu ndihmon n\u00eb p\u00ebrmir\u00ebsimin procesit t\u00eb tretjes . P\u00ebrfitimet: \u00a0P\u00ebrmir\u00ebson tretjen \u2013 Relakson muskujt e traktit tret\u00ebs dhe ndihmon n\u00eb leht\u00ebsimin e fryrjes, gazrave dhe dhimbjeve abdominale. \u00a0Freskon frym\u00ebmarrjen \u2013 Ka efekt antibakterial dhe arom\u00eb t\u00eb[...]","og_url":"https:\/\/www.edesia.al\/?product=caj-peppermint-i-paster","og_site_name":"Edesia","article_modified_time":"2026-02-25T18:38:06+00:00","og_image":[{"width":500,"height":500,"url":"https:\/\/www.edesia.al\/wp-content\/uploads\/2026\/02\/221030385-1.png","type":"image\/png"}],"twitter_card":"summary_large_image","twitter_misc":{"Est. reading time":"1 minute"},"schema":{"@context":"https:\/\/schema.org","@graph":[{"@type":"WebPage","@id":"https:\/\/www.edesia.al\/?product=caj-peppermint-i-paster","url":"https:\/\/www.edesia.al\/?product=caj-peppermint-i-paster","name":"\u00c7aj Peppermint i past\u00ebr - Edesia","isPartOf":{"@id":"https:\/\/www.edesia.al\/#website"},"primaryImageOfPage":{"@id":"https:\/\/www.edesia.al\/?product=caj-peppermint-i-paster#primaryimage"},"image":{"@id":"https:\/\/www.edesia.al\/?product=caj-peppermint-i-paster#primaryimage"},"thumbnailUrl":"https:\/\/www.edesia.al\/wp-content\/uploads\/2026\/02\/221030385-1.png","datePublished":"2026-02-16T21:14:00+00:00","dateModified":"2026-02-25T18:38:06+00:00","breadcrumb":{"@id":"https:\/\/www.edesia.al\/?product=caj-peppermint-i-paster#breadcrumb"},"inLanguage":"en-US","potentialAction":[{"@type":"ReadAction","target":["https:\/\/www.edesia.al\/?product=caj-peppermint-i-paster"]}]},{"@type":"ImageObject","inLanguage":"en-US","@id":"https:\/\/www.edesia.al\/?product=caj-peppermint-i-paster#primaryimage","url":"https:\/\/www.edesia.al\/wp-content\/uploads\/2026\/02\/221030385-1.png","contentUrl":"https:\/\/www.edesia.al\/wp-content\/uploads\/2026\/02\/221030385-1.png","width":500,"height":500},{"@type":"BreadcrumbList","@id":"https:\/\/www.edesia.al\/?product=caj-peppermint-i-paster#breadcrumb","itemListElement":[{"@type":"ListItem","position":1,"name":"Home","item":"https:\/\/www.edesia.al\/"},{"@type":"ListItem","position":2,"name":"Dyqani","item":"https:\/\/www.edesia.al\/?page_id=17"},{"@type":"ListItem","position":3,"name":"\u00c7aj Peppermint i past\u00ebr"}]},{"@type":"WebSite","@id":"https:\/\/www.edesia.al\/#website","url":"https:\/\/www.edesia.al\/","name":"Edesia","description":"","publisher":{"@id":"https:\/\/www.edesia.al\/#organization"},"potentialAction":[{"@type":"SearchAction","target":{"@type":"EntryPoint","urlTemplate":"https:\/\/www.edesia.al\/?s={search_term_string}"},"query-input":{"@type":"PropertyValueSpecification","valueRequired":true,"valueName":"search_term_string"}}],"inLanguage":"en-US"},{"@type":"Organization","@id":"https:\/\/www.edesia.al\/#organization","name":"Edesia","url":"https:\/\/www.edesia.al\/","logo":{"@type":"ImageObject","inLanguage":"en-US","@id":"https:\/\/www.edesia.al\/#\/schema\/logo\/image\/","url":"https:\/\/www.edesia.al\/wp-content\/uploads\/2026\/02\/Logo-Edesia-no-background.png","contentUrl":"https:\/\/www.edesia.al\/wp-content\/uploads\/2026\/02\/Logo-Edesia-no-background.png","width":293,"height":158,"caption":"Edesia"},"image":{"@id":"https:\/\/www.edesia.al\/#\/schema\/logo\/image\/"}}]}},"_links":{"self":[{"href":"https:\/\/www.edesia.al\/index.php?rest_route=\/wp\/v2\/product\/7219","targetHints":{"allow":["GET"]}}],"collection":[{"href":"https:\/\/www.edesia.al\/index.php?rest_route=\/wp\/v2\/product"}],"about":[{"href":"https:\/\/www.edesia.al\/index.php?rest_route=\/wp\/v2\/types\/product"}],"replies":[{"embeddable":true,"href":"https:\/\/www.edesia.al\/index.php?rest_route=%2Fwp%2Fv2%2Fcomments&post=7219"}],"wp:featuredmedia":[{"embeddable":true,"href":"https:\/\/www.edesia.al\/index.php?rest_route=\/wp\/v2\/media\/7246"}],"wp:attachment":[{"href":"https:\/\/www.edesia.al\/index.php?rest_route=%2Fwp%2Fv2%2Fmedia&parent=7219"}],"wp:term":[{"taxonomy":"kategori-sipas-dietave","embeddable":true,"href":"https:\/\/www.edesia.al\/index.php?rest_route=%2Fwp%2Fv2%2Fkategori-sipas-dietave&post=7219"},{"taxonomy":"kategori-sipas-problemeve-shende","embeddable":true,"href":"https:\/\/www.edesia.al\/index.php?rest_route=%2Fwp%2Fv2%2Fkategori-sipas-problemeve-shende&post=7219"},{"taxonomy":"product_brand","embeddable":true,"href":"https:\/\/www.edesia.al\/index.php?rest_route=%2Fwp%2Fv2%2Fproduct_brand&post=7219"},{"taxonomy":"product_cat","embeddable":true,"href":"https:\/\/www.edesia.al\/index.php?rest_route=%2Fwp%2Fv2%2Fproduct_cat&post=7219"},{"taxonomy":"product_tag","embeddable":true,"href":"https:\/\/www.edesia.al\/index.php?rest_route=%2Fwp%2Fv2%2Fproduct_tag&post=7219"}],"curies":[{"name":"wp","href":"https:\/\/api.w.org\/{rel}","templated":true}]}}