{"id":7220,"date":"2026-02-16T21:14:00","date_gmt":"2026-02-16T21:14:00","guid":{"rendered":"https:\/\/www.edesia.al\/?post_type=product&#038;p=7220"},"modified":"2026-02-25T18:39:51","modified_gmt":"2026-02-25T18:39:51","slug":"biskota-digestive-me-boronice-g-f-pa-sheqer","status":"publish","type":"product","link":"https:\/\/www.edesia.al\/?product=biskota-digestive-me-boronice-g-f-pa-sheqer","title":{"rendered":"Biskota Digestive me Boronice \u2013 G\/F &#038; Pa Sheqer"},"content":{"rendered":"<h2>Biskota Digestive me Boronice \u2013 G\/F &amp; Pa Sheqer 150g<\/h2>\n<p>K\u00ebto biskota jan\u00eb nj\u00eb alternativ\u00eb e sh\u00ebndetshme p\u00ebr nj\u00eb snack t\u00eb p\u00ebrditsh\u00ebm \u2013 pa gluten, pa sheqer t\u00eb shtuar dhe t\u00eb pasura me fibra bimore q\u00eb mb\u00ebshtesin tretjen. T\u00ebrsh\u00ebra dhe farat ofrojn\u00eb energji t\u00eb q\u00ebndrueshme, nd\u00ebrsa boronicat shtojn\u00eb antioksidant\u00eb natyral\u00eb q\u00eb ndihmojn\u00eb n\u00eb forcimin e imunitetit. Ideale p\u00ebr ata q\u00eb ndjekin nj\u00eb stil jetese t\u00eb balancuar apo q\u00eb shmangin glutenin dhe sheqerin.<\/p>\n","protected":false},"excerpt":{"rendered":"<p>Biskota Digestive me Boronice \u2013 G\/F &amp; Pa Sheqer 150g K\u00ebto biskota jan\u00eb nj\u00eb alternativ\u00eb e sh\u00ebndetshme p\u00ebr nj\u00eb snack t\u00eb p\u00ebrditsh\u00ebm \u2013 pa gluten, pa sheqer t\u00eb shtuar dhe t\u00eb pasura me fibra bimore q\u00eb mb\u00ebshtesin tretjen. T\u00ebrsh\u00ebra dhe farat ofrojn\u00eb energji t\u00eb q\u00ebndrueshme, nd\u00ebrsa boronicat shtojn\u00eb antioksidant\u00eb natyral\u00eb q\u00eb ndihmojn\u00eb n\u00eb forcimin e[&#8230;]<\/p>\n","protected":false},"featured_media":7247,"comment_status":"open","ping_status":"closed","template":"","meta":{"_acf_changed":false,"inline_featured_image":false},"kategori-sipas-dietave":[95],"kategori-sipas-problemeve-shende":[88],"product_brand":[32],"product_cat":[48,26],"product_tag":[206],"class_list":{"0":"post-7220","1":"product","2":"type-product","3":"status-publish","4":"has-post-thumbnail","6":"kategori-sipas-dietave-pa-gluten","7":"kategori-sipas-problemeve-shende-gluten-free-celiak-alergjik","8":"product_brand-bioagros","9":"product_cat-snacks-cokollata","10":"product_cat-ushqime-bio","11":"product_tag-biskote","13":"first","14":"instock","15":"taxable","16":"shipping-taxable","17":"purchasable","18":"product-type-simple"},"acf":[],"yoast_head":"<!-- This site is optimized with the Yoast SEO plugin v27.4 - https:\/\/yoast.com\/product\/yoast-seo-wordpress\/ -->\n<title>Biskota Digestive me Boronice \u2013 G\/F &amp; Pa Sheqer - Edesia<\/title>\n<meta name=\"robots\" content=\"index, follow, max-snippet:-1, max-image-preview:large, max-video-preview:-1\" \/>\n<link rel=\"canonical\" href=\"https:\/\/www.edesia.al\/?product=biskota-digestive-me-boronice-g-f-pa-sheqer\" \/>\n<meta property=\"og:locale\" content=\"en_US\" \/>\n<meta property=\"og:type\" content=\"article\" \/>\n<meta property=\"og:title\" content=\"Biskota Digestive me Boronice \u2013 G\/F &amp; Pa Sheqer - Edesia\" \/>\n<meta property=\"og:description\" content=\"Biskota Digestive me Boronice \u2013 G\/F &amp; Pa Sheqer 150g K\u00ebto biskota jan\u00eb nj\u00eb alternativ\u00eb e sh\u00ebndetshme p\u00ebr nj\u00eb snack t\u00eb p\u00ebrditsh\u00ebm \u2013 pa gluten, pa sheqer t\u00eb shtuar dhe t\u00eb pasura me fibra bimore q\u00eb mb\u00ebshtesin tretjen. T\u00ebrsh\u00ebra dhe farat ofrojn\u00eb energji t\u00eb q\u00ebndrueshme, nd\u00ebrsa boronicat shtojn\u00eb antioksidant\u00eb natyral\u00eb q\u00eb ndihmojn\u00eb n\u00eb forcimin e[...]\" \/>\n<meta property=\"og:url\" content=\"https:\/\/www.edesia.al\/?product=biskota-digestive-me-boronice-g-f-pa-sheqer\" \/>\n<meta property=\"og:site_name\" content=\"Edesia\" \/>\n<meta property=\"article:modified_time\" content=\"2026-02-25T18:39:51+00:00\" \/>\n<meta property=\"og:image\" content=\"https:\/\/www.edesia.al\/wp-content\/uploads\/2026\/02\/221029463-1.png\" \/>\n\t<meta property=\"og:image:width\" content=\"500\" \/>\n\t<meta property=\"og:image:height\" content=\"500\" \/>\n\t<meta property=\"og:image:type\" content=\"image\/png\" \/>\n<meta name=\"twitter:card\" content=\"summary_large_image\" \/>\n<script type=\"application\/ld+json\" class=\"yoast-schema-graph\">{\"@context\":\"https:\\\/\\\/schema.org\",\"@graph\":[{\"@type\":\"WebPage\",\"@id\":\"https:\\\/\\\/www.edesia.al\\\/?product=biskota-digestive-me-boronice-g-f-pa-sheqer\",\"url\":\"https:\\\/\\\/www.edesia.al\\\/?product=biskota-digestive-me-boronice-g-f-pa-sheqer\",\"name\":\"Biskota Digestive me Boronice \u2013 G\\\/F & Pa Sheqer - Edesia\",\"isPartOf\":{\"@id\":\"https:\\\/\\\/www.edesia.al\\\/#website\"},\"primaryImageOfPage\":{\"@id\":\"https:\\\/\\\/www.edesia.al\\\/?product=biskota-digestive-me-boronice-g-f-pa-sheqer#primaryimage\"},\"image\":{\"@id\":\"https:\\\/\\\/www.edesia.al\\\/?product=biskota-digestive-me-boronice-g-f-pa-sheqer#primaryimage\"},\"thumbnailUrl\":\"https:\\\/\\\/www.edesia.al\\\/wp-content\\\/uploads\\\/2026\\\/02\\\/221029463-1.png\",\"datePublished\":\"2026-02-16T21:14:00+00:00\",\"dateModified\":\"2026-02-25T18:39:51+00:00\",\"breadcrumb\":{\"@id\":\"https:\\\/\\\/www.edesia.al\\\/?product=biskota-digestive-me-boronice-g-f-pa-sheqer#breadcrumb\"},\"inLanguage\":\"en-US\",\"potentialAction\":[{\"@type\":\"ReadAction\",\"target\":[\"https:\\\/\\\/www.edesia.al\\\/?product=biskota-digestive-me-boronice-g-f-pa-sheqer\"]}]},{\"@type\":\"ImageObject\",\"inLanguage\":\"en-US\",\"@id\":\"https:\\\/\\\/www.edesia.al\\\/?product=biskota-digestive-me-boronice-g-f-pa-sheqer#primaryimage\",\"url\":\"https:\\\/\\\/www.edesia.al\\\/wp-content\\\/uploads\\\/2026\\\/02\\\/221029463-1.png\",\"contentUrl\":\"https:\\\/\\\/www.edesia.al\\\/wp-content\\\/uploads\\\/2026\\\/02\\\/221029463-1.png\",\"width\":500,\"height\":500},{\"@type\":\"BreadcrumbList\",\"@id\":\"https:\\\/\\\/www.edesia.al\\\/?product=biskota-digestive-me-boronice-g-f-pa-sheqer#breadcrumb\",\"itemListElement\":[{\"@type\":\"ListItem\",\"position\":1,\"name\":\"Home\",\"item\":\"https:\\\/\\\/www.edesia.al\\\/\"},{\"@type\":\"ListItem\",\"position\":2,\"name\":\"Dyqani\",\"item\":\"https:\\\/\\\/www.edesia.al\\\/?page_id=17\"},{\"@type\":\"ListItem\",\"position\":3,\"name\":\"Biskota Digestive me Boronice \u2013 G\\\/F &#038; Pa Sheqer\"}]},{\"@type\":\"WebSite\",\"@id\":\"https:\\\/\\\/www.edesia.al\\\/#website\",\"url\":\"https:\\\/\\\/www.edesia.al\\\/\",\"name\":\"Edesia\",\"description\":\"\",\"publisher\":{\"@id\":\"https:\\\/\\\/www.edesia.al\\\/#organization\"},\"potentialAction\":[{\"@type\":\"SearchAction\",\"target\":{\"@type\":\"EntryPoint\",\"urlTemplate\":\"https:\\\/\\\/www.edesia.al\\\/?s={search_term_string}\"},\"query-input\":{\"@type\":\"PropertyValueSpecification\",\"valueRequired\":true,\"valueName\":\"search_term_string\"}}],\"inLanguage\":\"en-US\"},{\"@type\":\"Organization\",\"@id\":\"https:\\\/\\\/www.edesia.al\\\/#organization\",\"name\":\"Edesia\",\"url\":\"https:\\\/\\\/www.edesia.al\\\/\",\"logo\":{\"@type\":\"ImageObject\",\"inLanguage\":\"en-US\",\"@id\":\"https:\\\/\\\/www.edesia.al\\\/#\\\/schema\\\/logo\\\/image\\\/\",\"url\":\"https:\\\/\\\/www.edesia.al\\\/wp-content\\\/uploads\\\/2026\\\/02\\\/Logo-Edesia-no-background.png\",\"contentUrl\":\"https:\\\/\\\/www.edesia.al\\\/wp-content\\\/uploads\\\/2026\\\/02\\\/Logo-Edesia-no-background.png\",\"width\":293,\"height\":158,\"caption\":\"Edesia\"},\"image\":{\"@id\":\"https:\\\/\\\/www.edesia.al\\\/#\\\/schema\\\/logo\\\/image\\\/\"}}]}<\/script>\n<!-- \/ Yoast SEO plugin. -->","yoast_head_json":{"title":"Biskota Digestive me Boronice \u2013 G\/F & Pa Sheqer - Edesia","robots":{"index":"index","follow":"follow","max-snippet":"max-snippet:-1","max-image-preview":"max-image-preview:large","max-video-preview":"max-video-preview:-1"},"canonical":"https:\/\/www.edesia.al\/?product=biskota-digestive-me-boronice-g-f-pa-sheqer","og_locale":"en_US","og_type":"article","og_title":"Biskota Digestive me Boronice \u2013 G\/F & Pa Sheqer - Edesia","og_description":"Biskota Digestive me Boronice \u2013 G\/F &amp; Pa Sheqer 150g K\u00ebto biskota jan\u00eb nj\u00eb alternativ\u00eb e sh\u00ebndetshme p\u00ebr nj\u00eb snack t\u00eb p\u00ebrditsh\u00ebm \u2013 pa gluten, pa sheqer t\u00eb shtuar dhe t\u00eb pasura me fibra bimore q\u00eb mb\u00ebshtesin tretjen. T\u00ebrsh\u00ebra dhe farat ofrojn\u00eb energji t\u00eb q\u00ebndrueshme, nd\u00ebrsa boronicat shtojn\u00eb antioksidant\u00eb natyral\u00eb q\u00eb ndihmojn\u00eb n\u00eb forcimin e[...]","og_url":"https:\/\/www.edesia.al\/?product=biskota-digestive-me-boronice-g-f-pa-sheqer","og_site_name":"Edesia","article_modified_time":"2026-02-25T18:39:51+00:00","og_image":[{"width":500,"height":500,"url":"https:\/\/www.edesia.al\/wp-content\/uploads\/2026\/02\/221029463-1.png","type":"image\/png"}],"twitter_card":"summary_large_image","schema":{"@context":"https:\/\/schema.org","@graph":[{"@type":"WebPage","@id":"https:\/\/www.edesia.al\/?product=biskota-digestive-me-boronice-g-f-pa-sheqer","url":"https:\/\/www.edesia.al\/?product=biskota-digestive-me-boronice-g-f-pa-sheqer","name":"Biskota Digestive me Boronice \u2013 G\/F & Pa Sheqer - Edesia","isPartOf":{"@id":"https:\/\/www.edesia.al\/#website"},"primaryImageOfPage":{"@id":"https:\/\/www.edesia.al\/?product=biskota-digestive-me-boronice-g-f-pa-sheqer#primaryimage"},"image":{"@id":"https:\/\/www.edesia.al\/?product=biskota-digestive-me-boronice-g-f-pa-sheqer#primaryimage"},"thumbnailUrl":"https:\/\/www.edesia.al\/wp-content\/uploads\/2026\/02\/221029463-1.png","datePublished":"2026-02-16T21:14:00+00:00","dateModified":"2026-02-25T18:39:51+00:00","breadcrumb":{"@id":"https:\/\/www.edesia.al\/?product=biskota-digestive-me-boronice-g-f-pa-sheqer#breadcrumb"},"inLanguage":"en-US","potentialAction":[{"@type":"ReadAction","target":["https:\/\/www.edesia.al\/?product=biskota-digestive-me-boronice-g-f-pa-sheqer"]}]},{"@type":"ImageObject","inLanguage":"en-US","@id":"https:\/\/www.edesia.al\/?product=biskota-digestive-me-boronice-g-f-pa-sheqer#primaryimage","url":"https:\/\/www.edesia.al\/wp-content\/uploads\/2026\/02\/221029463-1.png","contentUrl":"https:\/\/www.edesia.al\/wp-content\/uploads\/2026\/02\/221029463-1.png","width":500,"height":500},{"@type":"BreadcrumbList","@id":"https:\/\/www.edesia.al\/?product=biskota-digestive-me-boronice-g-f-pa-sheqer#breadcrumb","itemListElement":[{"@type":"ListItem","position":1,"name":"Home","item":"https:\/\/www.edesia.al\/"},{"@type":"ListItem","position":2,"name":"Dyqani","item":"https:\/\/www.edesia.al\/?page_id=17"},{"@type":"ListItem","position":3,"name":"Biskota Digestive me Boronice \u2013 G\/F &#038; Pa Sheqer"}]},{"@type":"WebSite","@id":"https:\/\/www.edesia.al\/#website","url":"https:\/\/www.edesia.al\/","name":"Edesia","description":"","publisher":{"@id":"https:\/\/www.edesia.al\/#organization"},"potentialAction":[{"@type":"SearchAction","target":{"@type":"EntryPoint","urlTemplate":"https:\/\/www.edesia.al\/?s={search_term_string}"},"query-input":{"@type":"PropertyValueSpecification","valueRequired":true,"valueName":"search_term_string"}}],"inLanguage":"en-US"},{"@type":"Organization","@id":"https:\/\/www.edesia.al\/#organization","name":"Edesia","url":"https:\/\/www.edesia.al\/","logo":{"@type":"ImageObject","inLanguage":"en-US","@id":"https:\/\/www.edesia.al\/#\/schema\/logo\/image\/","url":"https:\/\/www.edesia.al\/wp-content\/uploads\/2026\/02\/Logo-Edesia-no-background.png","contentUrl":"https:\/\/www.edesia.al\/wp-content\/uploads\/2026\/02\/Logo-Edesia-no-background.png","width":293,"height":158,"caption":"Edesia"},"image":{"@id":"https:\/\/www.edesia.al\/#\/schema\/logo\/image\/"}}]}},"_links":{"self":[{"href":"https:\/\/www.edesia.al\/index.php?rest_route=\/wp\/v2\/product\/7220","targetHints":{"allow":["GET"]}}],"collection":[{"href":"https:\/\/www.edesia.al\/index.php?rest_route=\/wp\/v2\/product"}],"about":[{"href":"https:\/\/www.edesia.al\/index.php?rest_route=\/wp\/v2\/types\/product"}],"replies":[{"embeddable":true,"href":"https:\/\/www.edesia.al\/index.php?rest_route=%2Fwp%2Fv2%2Fcomments&post=7220"}],"wp:featuredmedia":[{"embeddable":true,"href":"https:\/\/www.edesia.al\/index.php?rest_route=\/wp\/v2\/media\/7247"}],"wp:attachment":[{"href":"https:\/\/www.edesia.al\/index.php?rest_route=%2Fwp%2Fv2%2Fmedia&parent=7220"}],"wp:term":[{"taxonomy":"kategori-sipas-dietave","embeddable":true,"href":"https:\/\/www.edesia.al\/index.php?rest_route=%2Fwp%2Fv2%2Fkategori-sipas-dietave&post=7220"},{"taxonomy":"kategori-sipas-problemeve-shende","embeddable":true,"href":"https:\/\/www.edesia.al\/index.php?rest_route=%2Fwp%2Fv2%2Fkategori-sipas-problemeve-shende&post=7220"},{"taxonomy":"product_brand","embeddable":true,"href":"https:\/\/www.edesia.al\/index.php?rest_route=%2Fwp%2Fv2%2Fproduct_brand&post=7220"},{"taxonomy":"product_cat","embeddable":true,"href":"https:\/\/www.edesia.al\/index.php?rest_route=%2Fwp%2Fv2%2Fproduct_cat&post=7220"},{"taxonomy":"product_tag","embeddable":true,"href":"https:\/\/www.edesia.al\/index.php?rest_route=%2Fwp%2Fv2%2Fproduct_tag&post=7220"}],"curies":[{"name":"wp","href":"https:\/\/api.w.org\/{rel}","templated":true}]}}