{"id":7221,"date":"2026-02-16T21:14:00","date_gmt":"2026-02-16T21:14:00","guid":{"rendered":"https:\/\/www.edesia.al\/?post_type=product&#038;p=7221"},"modified":"2026-02-25T18:40:37","modified_gmt":"2026-02-25T18:40:37","slug":"chips-banane","status":"publish","type":"product","link":"https:\/\/www.edesia.al\/?product=chips-banane","title":{"rendered":"Chips Banane"},"content":{"rendered":"<h2><strong data-start=\"0\" data-end=\"36\" data-is-only-node=\"\">Chips <\/strong><strong data-start=\"0\" data-end=\"36\" data-is-only-node=\"\">Banane <\/strong><strong data-start=\"0\" data-end=\"36\" data-is-only-node=\"\">150g<\/strong><\/h2>\n<p><br data-start=\"36\" data-end=\"39\" \/>Snacks t\u00eb \u00ebmbla dhe t\u00eb sh\u00ebndetshme \u2013 nj\u00eb alternativ\u00eb ideale ndaj \u00ebmb\u00eblsirave klasike.<br data-start=\"124\" data-end=\"127\" \/>I shtoni leht\u00ebsisht n\u00eb qum\u00ebsht, kos apo me drith\u00ebra p\u00ebr nj\u00eb m\u00ebngjes t\u00eb shijsh\u00ebm. Provoni t\u2019i kombinoni me mjalt\u00eb dhe arra, ose me \u00e7okollat\u00eb t\u00eb shkrir\u00eb.<br data-start=\"278\" data-end=\"281\" \/>T\u00eb lehta n\u00eb kalori dhe plot shije, mund t\u00eb p\u00ebrdoren edhe si mbushje n\u00eb \u00ebmb\u00eblsira apo byrek\u00eb t\u00eb \u00ebmb\u00ebl.<\/p>\n","protected":false},"excerpt":{"rendered":"<p>Chips Banane 150g Snacks t\u00eb \u00ebmbla dhe t\u00eb sh\u00ebndetshme \u2013 nj\u00eb alternativ\u00eb ideale ndaj \u00ebmb\u00eblsirave klasike.I shtoni leht\u00ebsisht n\u00eb qum\u00ebsht, kos apo me drith\u00ebra p\u00ebr nj\u00eb m\u00ebngjes t\u00eb shijsh\u00ebm. Provoni t\u2019i kombinoni me mjalt\u00eb dhe arra, ose me \u00e7okollat\u00eb t\u00eb shkrir\u00eb.T\u00eb lehta n\u00eb kalori dhe plot shije, mund t\u00eb p\u00ebrdoren edhe si mbushje n\u00eb \u00ebmb\u00eblsira[&#8230;]<\/p>\n","protected":false},"featured_media":7248,"comment_status":"open","ping_status":"closed","template":"","meta":{"_acf_changed":false,"inline_featured_image":false},"kategori-sipas-dietave":[],"kategori-sipas-problemeve-shende":[],"product_brand":[32],"product_cat":[31,26],"product_tag":[207],"class_list":{"0":"post-7221","1":"product","2":"type-product","3":"status-publish","4":"has-post-thumbnail","6":"product_brand-bioagros","7":"product_cat-fruta-te-thata","8":"product_cat-ushqime-bio","9":"product_tag-fruta-te-thata-organike","11":"first","12":"instock","13":"taxable","14":"shipping-taxable","15":"purchasable","16":"product-type-simple"},"acf":[],"yoast_head":"<!-- This site is optimized with the Yoast SEO plugin v27.4 - https:\/\/yoast.com\/product\/yoast-seo-wordpress\/ -->\n<title>Chips Banane - Edesia<\/title>\n<meta name=\"robots\" content=\"index, follow, max-snippet:-1, max-image-preview:large, max-video-preview:-1\" \/>\n<link rel=\"canonical\" href=\"https:\/\/www.edesia.al\/?product=chips-banane\" \/>\n<meta property=\"og:locale\" content=\"en_US\" \/>\n<meta property=\"og:type\" content=\"article\" \/>\n<meta property=\"og:title\" content=\"Chips Banane - Edesia\" \/>\n<meta property=\"og:description\" content=\"Chips Banane 150g Snacks t\u00eb \u00ebmbla dhe t\u00eb sh\u00ebndetshme \u2013 nj\u00eb alternativ\u00eb ideale ndaj \u00ebmb\u00eblsirave klasike.I shtoni leht\u00ebsisht n\u00eb qum\u00ebsht, kos apo me drith\u00ebra p\u00ebr nj\u00eb m\u00ebngjes t\u00eb shijsh\u00ebm. Provoni t\u2019i kombinoni me mjalt\u00eb dhe arra, ose me \u00e7okollat\u00eb t\u00eb shkrir\u00eb.T\u00eb lehta n\u00eb kalori dhe plot shije, mund t\u00eb p\u00ebrdoren edhe si mbushje n\u00eb \u00ebmb\u00eblsira[...]\" \/>\n<meta property=\"og:url\" content=\"https:\/\/www.edesia.al\/?product=chips-banane\" \/>\n<meta property=\"og:site_name\" content=\"Edesia\" \/>\n<meta property=\"article:modified_time\" content=\"2026-02-25T18:40:37+00:00\" \/>\n<meta property=\"og:image\" content=\"https:\/\/www.edesia.al\/wp-content\/uploads\/2026\/02\/221038502-1.png\" \/>\n\t<meta property=\"og:image:width\" content=\"500\" \/>\n\t<meta property=\"og:image:height\" content=\"500\" \/>\n\t<meta property=\"og:image:type\" content=\"image\/png\" \/>\n<meta name=\"twitter:card\" content=\"summary_large_image\" \/>\n<script type=\"application\/ld+json\" class=\"yoast-schema-graph\">{\"@context\":\"https:\\\/\\\/schema.org\",\"@graph\":[{\"@type\":\"WebPage\",\"@id\":\"https:\\\/\\\/www.edesia.al\\\/?product=chips-banane\",\"url\":\"https:\\\/\\\/www.edesia.al\\\/?product=chips-banane\",\"name\":\"Chips Banane - Edesia\",\"isPartOf\":{\"@id\":\"https:\\\/\\\/www.edesia.al\\\/#website\"},\"primaryImageOfPage\":{\"@id\":\"https:\\\/\\\/www.edesia.al\\\/?product=chips-banane#primaryimage\"},\"image\":{\"@id\":\"https:\\\/\\\/www.edesia.al\\\/?product=chips-banane#primaryimage\"},\"thumbnailUrl\":\"https:\\\/\\\/www.edesia.al\\\/wp-content\\\/uploads\\\/2026\\\/02\\\/221038502-1.png\",\"datePublished\":\"2026-02-16T21:14:00+00:00\",\"dateModified\":\"2026-02-25T18:40:37+00:00\",\"breadcrumb\":{\"@id\":\"https:\\\/\\\/www.edesia.al\\\/?product=chips-banane#breadcrumb\"},\"inLanguage\":\"en-US\",\"potentialAction\":[{\"@type\":\"ReadAction\",\"target\":[\"https:\\\/\\\/www.edesia.al\\\/?product=chips-banane\"]}]},{\"@type\":\"ImageObject\",\"inLanguage\":\"en-US\",\"@id\":\"https:\\\/\\\/www.edesia.al\\\/?product=chips-banane#primaryimage\",\"url\":\"https:\\\/\\\/www.edesia.al\\\/wp-content\\\/uploads\\\/2026\\\/02\\\/221038502-1.png\",\"contentUrl\":\"https:\\\/\\\/www.edesia.al\\\/wp-content\\\/uploads\\\/2026\\\/02\\\/221038502-1.png\",\"width\":500,\"height\":500},{\"@type\":\"BreadcrumbList\",\"@id\":\"https:\\\/\\\/www.edesia.al\\\/?product=chips-banane#breadcrumb\",\"itemListElement\":[{\"@type\":\"ListItem\",\"position\":1,\"name\":\"Home\",\"item\":\"https:\\\/\\\/www.edesia.al\\\/\"},{\"@type\":\"ListItem\",\"position\":2,\"name\":\"Dyqani\",\"item\":\"https:\\\/\\\/www.edesia.al\\\/?page_id=17\"},{\"@type\":\"ListItem\",\"position\":3,\"name\":\"Chips Banane\"}]},{\"@type\":\"WebSite\",\"@id\":\"https:\\\/\\\/www.edesia.al\\\/#website\",\"url\":\"https:\\\/\\\/www.edesia.al\\\/\",\"name\":\"Edesia\",\"description\":\"\",\"publisher\":{\"@id\":\"https:\\\/\\\/www.edesia.al\\\/#organization\"},\"potentialAction\":[{\"@type\":\"SearchAction\",\"target\":{\"@type\":\"EntryPoint\",\"urlTemplate\":\"https:\\\/\\\/www.edesia.al\\\/?s={search_term_string}\"},\"query-input\":{\"@type\":\"PropertyValueSpecification\",\"valueRequired\":true,\"valueName\":\"search_term_string\"}}],\"inLanguage\":\"en-US\"},{\"@type\":\"Organization\",\"@id\":\"https:\\\/\\\/www.edesia.al\\\/#organization\",\"name\":\"Edesia\",\"url\":\"https:\\\/\\\/www.edesia.al\\\/\",\"logo\":{\"@type\":\"ImageObject\",\"inLanguage\":\"en-US\",\"@id\":\"https:\\\/\\\/www.edesia.al\\\/#\\\/schema\\\/logo\\\/image\\\/\",\"url\":\"https:\\\/\\\/www.edesia.al\\\/wp-content\\\/uploads\\\/2026\\\/02\\\/Logo-Edesia-no-background.png\",\"contentUrl\":\"https:\\\/\\\/www.edesia.al\\\/wp-content\\\/uploads\\\/2026\\\/02\\\/Logo-Edesia-no-background.png\",\"width\":293,\"height\":158,\"caption\":\"Edesia\"},\"image\":{\"@id\":\"https:\\\/\\\/www.edesia.al\\\/#\\\/schema\\\/logo\\\/image\\\/\"}}]}<\/script>\n<!-- \/ Yoast SEO plugin. -->","yoast_head_json":{"title":"Chips Banane - Edesia","robots":{"index":"index","follow":"follow","max-snippet":"max-snippet:-1","max-image-preview":"max-image-preview:large","max-video-preview":"max-video-preview:-1"},"canonical":"https:\/\/www.edesia.al\/?product=chips-banane","og_locale":"en_US","og_type":"article","og_title":"Chips Banane - Edesia","og_description":"Chips Banane 150g Snacks t\u00eb \u00ebmbla dhe t\u00eb sh\u00ebndetshme \u2013 nj\u00eb alternativ\u00eb ideale ndaj \u00ebmb\u00eblsirave klasike.I shtoni leht\u00ebsisht n\u00eb qum\u00ebsht, kos apo me drith\u00ebra p\u00ebr nj\u00eb m\u00ebngjes t\u00eb shijsh\u00ebm. Provoni t\u2019i kombinoni me mjalt\u00eb dhe arra, ose me \u00e7okollat\u00eb t\u00eb shkrir\u00eb.T\u00eb lehta n\u00eb kalori dhe plot shije, mund t\u00eb p\u00ebrdoren edhe si mbushje n\u00eb \u00ebmb\u00eblsira[...]","og_url":"https:\/\/www.edesia.al\/?product=chips-banane","og_site_name":"Edesia","article_modified_time":"2026-02-25T18:40:37+00:00","og_image":[{"width":500,"height":500,"url":"https:\/\/www.edesia.al\/wp-content\/uploads\/2026\/02\/221038502-1.png","type":"image\/png"}],"twitter_card":"summary_large_image","schema":{"@context":"https:\/\/schema.org","@graph":[{"@type":"WebPage","@id":"https:\/\/www.edesia.al\/?product=chips-banane","url":"https:\/\/www.edesia.al\/?product=chips-banane","name":"Chips Banane - Edesia","isPartOf":{"@id":"https:\/\/www.edesia.al\/#website"},"primaryImageOfPage":{"@id":"https:\/\/www.edesia.al\/?product=chips-banane#primaryimage"},"image":{"@id":"https:\/\/www.edesia.al\/?product=chips-banane#primaryimage"},"thumbnailUrl":"https:\/\/www.edesia.al\/wp-content\/uploads\/2026\/02\/221038502-1.png","datePublished":"2026-02-16T21:14:00+00:00","dateModified":"2026-02-25T18:40:37+00:00","breadcrumb":{"@id":"https:\/\/www.edesia.al\/?product=chips-banane#breadcrumb"},"inLanguage":"en-US","potentialAction":[{"@type":"ReadAction","target":["https:\/\/www.edesia.al\/?product=chips-banane"]}]},{"@type":"ImageObject","inLanguage":"en-US","@id":"https:\/\/www.edesia.al\/?product=chips-banane#primaryimage","url":"https:\/\/www.edesia.al\/wp-content\/uploads\/2026\/02\/221038502-1.png","contentUrl":"https:\/\/www.edesia.al\/wp-content\/uploads\/2026\/02\/221038502-1.png","width":500,"height":500},{"@type":"BreadcrumbList","@id":"https:\/\/www.edesia.al\/?product=chips-banane#breadcrumb","itemListElement":[{"@type":"ListItem","position":1,"name":"Home","item":"https:\/\/www.edesia.al\/"},{"@type":"ListItem","position":2,"name":"Dyqani","item":"https:\/\/www.edesia.al\/?page_id=17"},{"@type":"ListItem","position":3,"name":"Chips Banane"}]},{"@type":"WebSite","@id":"https:\/\/www.edesia.al\/#website","url":"https:\/\/www.edesia.al\/","name":"Edesia","description":"","publisher":{"@id":"https:\/\/www.edesia.al\/#organization"},"potentialAction":[{"@type":"SearchAction","target":{"@type":"EntryPoint","urlTemplate":"https:\/\/www.edesia.al\/?s={search_term_string}"},"query-input":{"@type":"PropertyValueSpecification","valueRequired":true,"valueName":"search_term_string"}}],"inLanguage":"en-US"},{"@type":"Organization","@id":"https:\/\/www.edesia.al\/#organization","name":"Edesia","url":"https:\/\/www.edesia.al\/","logo":{"@type":"ImageObject","inLanguage":"en-US","@id":"https:\/\/www.edesia.al\/#\/schema\/logo\/image\/","url":"https:\/\/www.edesia.al\/wp-content\/uploads\/2026\/02\/Logo-Edesia-no-background.png","contentUrl":"https:\/\/www.edesia.al\/wp-content\/uploads\/2026\/02\/Logo-Edesia-no-background.png","width":293,"height":158,"caption":"Edesia"},"image":{"@id":"https:\/\/www.edesia.al\/#\/schema\/logo\/image\/"}}]}},"_links":{"self":[{"href":"https:\/\/www.edesia.al\/index.php?rest_route=\/wp\/v2\/product\/7221","targetHints":{"allow":["GET"]}}],"collection":[{"href":"https:\/\/www.edesia.al\/index.php?rest_route=\/wp\/v2\/product"}],"about":[{"href":"https:\/\/www.edesia.al\/index.php?rest_route=\/wp\/v2\/types\/product"}],"replies":[{"embeddable":true,"href":"https:\/\/www.edesia.al\/index.php?rest_route=%2Fwp%2Fv2%2Fcomments&post=7221"}],"wp:featuredmedia":[{"embeddable":true,"href":"https:\/\/www.edesia.al\/index.php?rest_route=\/wp\/v2\/media\/7248"}],"wp:attachment":[{"href":"https:\/\/www.edesia.al\/index.php?rest_route=%2Fwp%2Fv2%2Fmedia&parent=7221"}],"wp:term":[{"taxonomy":"kategori-sipas-dietave","embeddable":true,"href":"https:\/\/www.edesia.al\/index.php?rest_route=%2Fwp%2Fv2%2Fkategori-sipas-dietave&post=7221"},{"taxonomy":"kategori-sipas-problemeve-shende","embeddable":true,"href":"https:\/\/www.edesia.al\/index.php?rest_route=%2Fwp%2Fv2%2Fkategori-sipas-problemeve-shende&post=7221"},{"taxonomy":"product_brand","embeddable":true,"href":"https:\/\/www.edesia.al\/index.php?rest_route=%2Fwp%2Fv2%2Fproduct_brand&post=7221"},{"taxonomy":"product_cat","embeddable":true,"href":"https:\/\/www.edesia.al\/index.php?rest_route=%2Fwp%2Fv2%2Fproduct_cat&post=7221"},{"taxonomy":"product_tag","embeddable":true,"href":"https:\/\/www.edesia.al\/index.php?rest_route=%2Fwp%2Fv2%2Fproduct_tag&post=7221"}],"curies":[{"name":"wp","href":"https:\/\/api.w.org\/{rel}","templated":true}]}}