{"id":7222,"date":"2026-02-16T21:14:01","date_gmt":"2026-02-16T21:14:01","guid":{"rendered":"https:\/\/www.edesia.al\/?post_type=product&#038;p=7222"},"modified":"2026-02-25T18:41:26","modified_gmt":"2026-02-25T18:41:26","slug":"panxhar-pluhur","status":"publish","type":"product","link":"https:\/\/www.edesia.al\/?product=panxhar-pluhur","title":{"rendered":"Panxhar Pluhur"},"content":{"rendered":"<h2>Panxhar Pluhur 150 gr<\/h2>\n<article class=\"text-token-text-primary w-full\" dir=\"auto\" data-testid=\"conversation-turn-20\" data-scroll-anchor=\"true\">\n<div class=\"text-base my-auto mx-auto py-5 [--thread-content-margin:--spacing(4)] @[37rem]:[--thread-content-margin:--spacing(6)] @[70rem]:[--thread-content-margin:--spacing(12)] px-(--thread-content-margin)\">\n<div class=\"[--thread-content-max-width:32rem] @[34rem]:[--thread-content-max-width:40rem] @[64rem]:[--thread-content-max-width:48rem] mx-auto flex max-w-(--thread-content-max-width) flex-1 text-base gap-4 md:gap-5 lg:gap-6 group\/turn-messages focus-visible:outline-hidden\" tabindex=\"-1\">\n<div class=\"group\/conversation-turn relative flex w-full min-w-0 flex-col agent-turn\">\n<div class=\"relative flex-col gap-1 md:gap-3\">\n<div class=\"flex max-w-full flex-col grow\">\n<div class=\"min-h-8 text-message relative flex w-full flex-col items-end gap-2 text-start break-words whitespace-normal [.text-message+&amp;]:mt-5\" dir=\"auto\" data-message-author-role=\"assistant\" data-message-id=\"ba129fd2-247a-4297-8b12-5aef3ee0b78a\" data-message-model-slug=\"gpt-4o\">\n<div class=\"flex w-full flex-col gap-1 empty:hidden first:pt-[3px]\">\n<div class=\"markdown prose dark:prose-invert w-full break-words light\">\n<p class=\"\" data-start=\"0\" data-end=\"41\"><strong data-start=\"0\" data-end=\"39\">P\u00ebrfitimet:<\/strong><\/p>\n<ul data-start=\"43\" data-end=\"634\">\n<li class=\"\" data-start=\"43\" data-end=\"163\">\n<p class=\"\" data-start=\"45\" data-end=\"163\">Mb\u00ebshtet <strong data-start=\"54\" data-end=\"78\">qarkullimin e gjakut<\/strong> dhe <strong data-start=\"83\" data-end=\"113\">uljen e tensionit arterial<\/strong>, fal\u00eb p\u00ebrmbajtjes s\u00eb lart\u00eb n\u00eb nitrate natyrale.<\/p>\n<\/li>\n<li class=\"\" data-start=\"164\" data-end=\"275\">\n<p class=\"\" data-start=\"166\" data-end=\"275\">P\u00ebrmir\u00ebson <strong data-start=\"177\" data-end=\"220\">performanc\u00ebn fizike dhe q\u00ebndrueshm\u00ebrin\u00eb<\/strong>, duke ndihmuar n\u00eb furnizimin e muskujve me oksigjen.<\/p>\n<\/li>\n<li class=\"\" data-start=\"276\" data-end=\"365\">\n<p class=\"\" data-start=\"278\" data-end=\"365\">Ka veti <strong data-start=\"286\" data-end=\"324\">anti-inflamatore dhe antioksiduese<\/strong>, q\u00eb ndihmojn\u00eb n\u00eb mbrojtjen e qelizave.<\/p>\n<\/li>\n<li class=\"\" data-start=\"366\" data-end=\"452\">\n<p class=\"\" data-start=\"368\" data-end=\"452\">P\u00ebrmban <strong data-start=\"376\" data-end=\"385\">hekur<\/strong>, i dobish\u00ebm p\u00ebr parandalimin e anemis\u00eb dhe forcimin e energjis\u00eb.<\/p>\n<\/li>\n<li class=\"\" data-start=\"453\" data-end=\"524\">\n<p class=\"\" data-start=\"455\" data-end=\"524\">Ndihmon n\u00eb <strong data-start=\"466\" data-end=\"494\">detoksifikimin e m\u00ebl\u00e7is\u00eb<\/strong> dhe pastrimin e organizmit.<\/p>\n<\/li>\n<li class=\"\" data-start=\"525\" data-end=\"634\">\n<p class=\"\" data-start=\"527\" data-end=\"634\">\u00cbsht\u00eb i pasur me <strong data-start=\"544\" data-end=\"568\">vitamina t\u00eb grupit B<\/strong>, kalium dhe fibra, duke mb\u00ebshtetur tretjen dhe funksionin nervor.<\/p>\n<\/li>\n<\/ul>\n<p class=\"\" data-start=\"636\" data-end=\"722\">I p\u00ebrshtatsh\u00ebm p\u00ebr vegan\u00eb dhe t\u00eb gjith\u00eb ata q\u00eb ndjekin nj\u00eb stil jetese t\u00eb sh\u00ebndetsh\u00ebm.<\/p>\n<p><strong>P\u00ebrdorimi:<\/strong><br \/>\nP\u00ebrziejeni me uj\u00eb p\u00ebr p\u00ebrgatitjen e pijeve (dy lug\u00eb gjelle n\u00eb dit\u00eb).<br \/>\nShija natyrale e panxharit kombinohet n\u00eb m\u00ebnyr\u00eb perfekte me smoothie dhe l\u00ebngje frutash.<\/p>\n<\/div>\n<\/div>\n<\/div>\n<\/div>\n<\/div>\n<div class=\"absolute\">\n<div class=\"flex items-center justify-center\"><\/div>\n<\/div>\n<\/div>\n<\/div>\n<\/div>\n<\/article>\n<div class=\"pointer-events-none h-px w-px\" aria-hidden=\"true\" data-edge=\"true\"><\/div>\n","protected":false},"excerpt":{"rendered":"<p>Panxhar Pluhur 150 gr P\u00ebrfitimet: Mb\u00ebshtet qarkullimin e gjakut dhe uljen e tensionit arterial, fal\u00eb p\u00ebrmbajtjes s\u00eb lart\u00eb n\u00eb nitrate natyrale. P\u00ebrmir\u00ebson performanc\u00ebn fizike dhe q\u00ebndrueshm\u00ebrin\u00eb, duke ndihmuar n\u00eb furnizimin e muskujve me oksigjen. Ka veti anti-inflamatore dhe antioksiduese, q\u00eb ndihmojn\u00eb n\u00eb mbrojtjen e qelizave. P\u00ebrmban hekur, i dobish\u00ebm p\u00ebr parandalimin e anemis\u00eb dhe forcimin[&#8230;]<\/p>\n","protected":false},"featured_media":7249,"comment_status":"open","ping_status":"closed","template":"","meta":{"_acf_changed":false,"inline_featured_image":false},"kategori-sipas-dietave":[93],"kategori-sipas-problemeve-shende":[85],"product_brand":[32],"product_cat":[28,80],"product_tag":[169],"class_list":{"0":"post-7222","1":"product","2":"type-product","3":"status-publish","4":"has-post-thumbnail","6":"kategori-sipas-dietave-high-fiber","7":"kategori-sipas-problemeve-shende-imuniteti","8":"product_brand-bioagros","9":"product_cat-superfoods","10":"product_cat-suplemente-superfoods","11":"product_tag-superfood","13":"first","14":"instock","15":"taxable","16":"shipping-taxable","17":"purchasable","18":"product-type-simple"},"acf":[],"yoast_head":"<!-- This site is optimized with the Yoast SEO plugin v27.4 - https:\/\/yoast.com\/product\/yoast-seo-wordpress\/ -->\n<title>Panxhar Pluhur - Edesia<\/title>\n<meta name=\"robots\" content=\"index, follow, max-snippet:-1, max-image-preview:large, max-video-preview:-1\" \/>\n<link rel=\"canonical\" href=\"https:\/\/www.edesia.al\/?product=panxhar-pluhur\" \/>\n<meta property=\"og:locale\" content=\"en_US\" \/>\n<meta property=\"og:type\" content=\"article\" \/>\n<meta property=\"og:title\" content=\"Panxhar Pluhur - Edesia\" \/>\n<meta property=\"og:description\" content=\"Panxhar Pluhur 150 gr P\u00ebrfitimet: Mb\u00ebshtet qarkullimin e gjakut dhe uljen e tensionit arterial, fal\u00eb p\u00ebrmbajtjes s\u00eb lart\u00eb n\u00eb nitrate natyrale. P\u00ebrmir\u00ebson performanc\u00ebn fizike dhe q\u00ebndrueshm\u00ebrin\u00eb, duke ndihmuar n\u00eb furnizimin e muskujve me oksigjen. Ka veti anti-inflamatore dhe antioksiduese, q\u00eb ndihmojn\u00eb n\u00eb mbrojtjen e qelizave. P\u00ebrmban hekur, i dobish\u00ebm p\u00ebr parandalimin e anemis\u00eb dhe forcimin[...]\" \/>\n<meta property=\"og:url\" content=\"https:\/\/www.edesia.al\/?product=panxhar-pluhur\" \/>\n<meta property=\"og:site_name\" content=\"Edesia\" \/>\n<meta property=\"article:modified_time\" content=\"2026-02-25T18:41:26+00:00\" \/>\n<meta property=\"og:image\" content=\"https:\/\/www.edesia.al\/wp-content\/uploads\/2026\/02\/221200097-1.png\" \/>\n\t<meta property=\"og:image:width\" content=\"500\" \/>\n\t<meta property=\"og:image:height\" content=\"500\" \/>\n\t<meta property=\"og:image:type\" content=\"image\/png\" \/>\n<meta name=\"twitter:card\" content=\"summary_large_image\" \/>\n<meta name=\"twitter:label1\" content=\"Est. reading time\" \/>\n\t<meta name=\"twitter:data1\" content=\"1 minute\" \/>\n<script type=\"application\/ld+json\" class=\"yoast-schema-graph\">{\"@context\":\"https:\\\/\\\/schema.org\",\"@graph\":[{\"@type\":\"WebPage\",\"@id\":\"https:\\\/\\\/www.edesia.al\\\/?product=panxhar-pluhur\",\"url\":\"https:\\\/\\\/www.edesia.al\\\/?product=panxhar-pluhur\",\"name\":\"Panxhar Pluhur - Edesia\",\"isPartOf\":{\"@id\":\"https:\\\/\\\/www.edesia.al\\\/#website\"},\"primaryImageOfPage\":{\"@id\":\"https:\\\/\\\/www.edesia.al\\\/?product=panxhar-pluhur#primaryimage\"},\"image\":{\"@id\":\"https:\\\/\\\/www.edesia.al\\\/?product=panxhar-pluhur#primaryimage\"},\"thumbnailUrl\":\"https:\\\/\\\/www.edesia.al\\\/wp-content\\\/uploads\\\/2026\\\/02\\\/221200097-1.png\",\"datePublished\":\"2026-02-16T21:14:01+00:00\",\"dateModified\":\"2026-02-25T18:41:26+00:00\",\"breadcrumb\":{\"@id\":\"https:\\\/\\\/www.edesia.al\\\/?product=panxhar-pluhur#breadcrumb\"},\"inLanguage\":\"en-US\",\"potentialAction\":[{\"@type\":\"ReadAction\",\"target\":[\"https:\\\/\\\/www.edesia.al\\\/?product=panxhar-pluhur\"]}]},{\"@type\":\"ImageObject\",\"inLanguage\":\"en-US\",\"@id\":\"https:\\\/\\\/www.edesia.al\\\/?product=panxhar-pluhur#primaryimage\",\"url\":\"https:\\\/\\\/www.edesia.al\\\/wp-content\\\/uploads\\\/2026\\\/02\\\/221200097-1.png\",\"contentUrl\":\"https:\\\/\\\/www.edesia.al\\\/wp-content\\\/uploads\\\/2026\\\/02\\\/221200097-1.png\",\"width\":500,\"height\":500},{\"@type\":\"BreadcrumbList\",\"@id\":\"https:\\\/\\\/www.edesia.al\\\/?product=panxhar-pluhur#breadcrumb\",\"itemListElement\":[{\"@type\":\"ListItem\",\"position\":1,\"name\":\"Home\",\"item\":\"https:\\\/\\\/www.edesia.al\\\/\"},{\"@type\":\"ListItem\",\"position\":2,\"name\":\"Dyqani\",\"item\":\"https:\\\/\\\/www.edesia.al\\\/?page_id=17\"},{\"@type\":\"ListItem\",\"position\":3,\"name\":\"Panxhar Pluhur\"}]},{\"@type\":\"WebSite\",\"@id\":\"https:\\\/\\\/www.edesia.al\\\/#website\",\"url\":\"https:\\\/\\\/www.edesia.al\\\/\",\"name\":\"Edesia\",\"description\":\"\",\"publisher\":{\"@id\":\"https:\\\/\\\/www.edesia.al\\\/#organization\"},\"potentialAction\":[{\"@type\":\"SearchAction\",\"target\":{\"@type\":\"EntryPoint\",\"urlTemplate\":\"https:\\\/\\\/www.edesia.al\\\/?s={search_term_string}\"},\"query-input\":{\"@type\":\"PropertyValueSpecification\",\"valueRequired\":true,\"valueName\":\"search_term_string\"}}],\"inLanguage\":\"en-US\"},{\"@type\":\"Organization\",\"@id\":\"https:\\\/\\\/www.edesia.al\\\/#organization\",\"name\":\"Edesia\",\"url\":\"https:\\\/\\\/www.edesia.al\\\/\",\"logo\":{\"@type\":\"ImageObject\",\"inLanguage\":\"en-US\",\"@id\":\"https:\\\/\\\/www.edesia.al\\\/#\\\/schema\\\/logo\\\/image\\\/\",\"url\":\"https:\\\/\\\/www.edesia.al\\\/wp-content\\\/uploads\\\/2026\\\/02\\\/Logo-Edesia-no-background.png\",\"contentUrl\":\"https:\\\/\\\/www.edesia.al\\\/wp-content\\\/uploads\\\/2026\\\/02\\\/Logo-Edesia-no-background.png\",\"width\":293,\"height\":158,\"caption\":\"Edesia\"},\"image\":{\"@id\":\"https:\\\/\\\/www.edesia.al\\\/#\\\/schema\\\/logo\\\/image\\\/\"}}]}<\/script>\n<!-- \/ Yoast SEO plugin. -->","yoast_head_json":{"title":"Panxhar Pluhur - Edesia","robots":{"index":"index","follow":"follow","max-snippet":"max-snippet:-1","max-image-preview":"max-image-preview:large","max-video-preview":"max-video-preview:-1"},"canonical":"https:\/\/www.edesia.al\/?product=panxhar-pluhur","og_locale":"en_US","og_type":"article","og_title":"Panxhar Pluhur - Edesia","og_description":"Panxhar Pluhur 150 gr P\u00ebrfitimet: Mb\u00ebshtet qarkullimin e gjakut dhe uljen e tensionit arterial, fal\u00eb p\u00ebrmbajtjes s\u00eb lart\u00eb n\u00eb nitrate natyrale. P\u00ebrmir\u00ebson performanc\u00ebn fizike dhe q\u00ebndrueshm\u00ebrin\u00eb, duke ndihmuar n\u00eb furnizimin e muskujve me oksigjen. Ka veti anti-inflamatore dhe antioksiduese, q\u00eb ndihmojn\u00eb n\u00eb mbrojtjen e qelizave. P\u00ebrmban hekur, i dobish\u00ebm p\u00ebr parandalimin e anemis\u00eb dhe forcimin[...]","og_url":"https:\/\/www.edesia.al\/?product=panxhar-pluhur","og_site_name":"Edesia","article_modified_time":"2026-02-25T18:41:26+00:00","og_image":[{"width":500,"height":500,"url":"https:\/\/www.edesia.al\/wp-content\/uploads\/2026\/02\/221200097-1.png","type":"image\/png"}],"twitter_card":"summary_large_image","twitter_misc":{"Est. reading time":"1 minute"},"schema":{"@context":"https:\/\/schema.org","@graph":[{"@type":"WebPage","@id":"https:\/\/www.edesia.al\/?product=panxhar-pluhur","url":"https:\/\/www.edesia.al\/?product=panxhar-pluhur","name":"Panxhar Pluhur - Edesia","isPartOf":{"@id":"https:\/\/www.edesia.al\/#website"},"primaryImageOfPage":{"@id":"https:\/\/www.edesia.al\/?product=panxhar-pluhur#primaryimage"},"image":{"@id":"https:\/\/www.edesia.al\/?product=panxhar-pluhur#primaryimage"},"thumbnailUrl":"https:\/\/www.edesia.al\/wp-content\/uploads\/2026\/02\/221200097-1.png","datePublished":"2026-02-16T21:14:01+00:00","dateModified":"2026-02-25T18:41:26+00:00","breadcrumb":{"@id":"https:\/\/www.edesia.al\/?product=panxhar-pluhur#breadcrumb"},"inLanguage":"en-US","potentialAction":[{"@type":"ReadAction","target":["https:\/\/www.edesia.al\/?product=panxhar-pluhur"]}]},{"@type":"ImageObject","inLanguage":"en-US","@id":"https:\/\/www.edesia.al\/?product=panxhar-pluhur#primaryimage","url":"https:\/\/www.edesia.al\/wp-content\/uploads\/2026\/02\/221200097-1.png","contentUrl":"https:\/\/www.edesia.al\/wp-content\/uploads\/2026\/02\/221200097-1.png","width":500,"height":500},{"@type":"BreadcrumbList","@id":"https:\/\/www.edesia.al\/?product=panxhar-pluhur#breadcrumb","itemListElement":[{"@type":"ListItem","position":1,"name":"Home","item":"https:\/\/www.edesia.al\/"},{"@type":"ListItem","position":2,"name":"Dyqani","item":"https:\/\/www.edesia.al\/?page_id=17"},{"@type":"ListItem","position":3,"name":"Panxhar Pluhur"}]},{"@type":"WebSite","@id":"https:\/\/www.edesia.al\/#website","url":"https:\/\/www.edesia.al\/","name":"Edesia","description":"","publisher":{"@id":"https:\/\/www.edesia.al\/#organization"},"potentialAction":[{"@type":"SearchAction","target":{"@type":"EntryPoint","urlTemplate":"https:\/\/www.edesia.al\/?s={search_term_string}"},"query-input":{"@type":"PropertyValueSpecification","valueRequired":true,"valueName":"search_term_string"}}],"inLanguage":"en-US"},{"@type":"Organization","@id":"https:\/\/www.edesia.al\/#organization","name":"Edesia","url":"https:\/\/www.edesia.al\/","logo":{"@type":"ImageObject","inLanguage":"en-US","@id":"https:\/\/www.edesia.al\/#\/schema\/logo\/image\/","url":"https:\/\/www.edesia.al\/wp-content\/uploads\/2026\/02\/Logo-Edesia-no-background.png","contentUrl":"https:\/\/www.edesia.al\/wp-content\/uploads\/2026\/02\/Logo-Edesia-no-background.png","width":293,"height":158,"caption":"Edesia"},"image":{"@id":"https:\/\/www.edesia.al\/#\/schema\/logo\/image\/"}}]}},"_links":{"self":[{"href":"https:\/\/www.edesia.al\/index.php?rest_route=\/wp\/v2\/product\/7222","targetHints":{"allow":["GET"]}}],"collection":[{"href":"https:\/\/www.edesia.al\/index.php?rest_route=\/wp\/v2\/product"}],"about":[{"href":"https:\/\/www.edesia.al\/index.php?rest_route=\/wp\/v2\/types\/product"}],"replies":[{"embeddable":true,"href":"https:\/\/www.edesia.al\/index.php?rest_route=%2Fwp%2Fv2%2Fcomments&post=7222"}],"wp:featuredmedia":[{"embeddable":true,"href":"https:\/\/www.edesia.al\/index.php?rest_route=\/wp\/v2\/media\/7249"}],"wp:attachment":[{"href":"https:\/\/www.edesia.al\/index.php?rest_route=%2Fwp%2Fv2%2Fmedia&parent=7222"}],"wp:term":[{"taxonomy":"kategori-sipas-dietave","embeddable":true,"href":"https:\/\/www.edesia.al\/index.php?rest_route=%2Fwp%2Fv2%2Fkategori-sipas-dietave&post=7222"},{"taxonomy":"kategori-sipas-problemeve-shende","embeddable":true,"href":"https:\/\/www.edesia.al\/index.php?rest_route=%2Fwp%2Fv2%2Fkategori-sipas-problemeve-shende&post=7222"},{"taxonomy":"product_brand","embeddable":true,"href":"https:\/\/www.edesia.al\/index.php?rest_route=%2Fwp%2Fv2%2Fproduct_brand&post=7222"},{"taxonomy":"product_cat","embeddable":true,"href":"https:\/\/www.edesia.al\/index.php?rest_route=%2Fwp%2Fv2%2Fproduct_cat&post=7222"},{"taxonomy":"product_tag","embeddable":true,"href":"https:\/\/www.edesia.al\/index.php?rest_route=%2Fwp%2Fv2%2Fproduct_tag&post=7222"}],"curies":[{"name":"wp","href":"https:\/\/api.w.org\/{rel}","templated":true}]}}