{"id":7224,"date":"2026-02-16T21:14:01","date_gmt":"2026-02-16T21:14:01","guid":{"rendered":"https:\/\/www.edesia.al\/?post_type=product&#038;p=7224"},"modified":"2026-02-25T18:43:33","modified_gmt":"2026-02-25T18:43:33","slug":"super-green-mix","status":"publish","type":"product","link":"https:\/\/www.edesia.al\/?product=super-green-mix","title":{"rendered":"Super Green Mix"},"content":{"rendered":"<h2>Super Green Mix (200 gr)<\/h2>\n<p>Ky superfood vjen si nj\u00eb p\u00ebrzierje ideale mes Spirulin\u00ebs (25%), Chlorell\u00ebs (25%), Pluhur bari elbit (25%) &amp; Pluhur bari gruri (25%).<\/p>\n<h4>P\u00ebrfitimet:<\/h4>\n<ul>\n<li data-start=\"139\" data-end=\"189\">Pastrim dhe detoksifikim i organizmit : <strong>Chlorella<\/strong> lidhet me metalet e r\u00ebnda dhe ndihmon n\u00eb eliminimin e tyre nga trupi. <strong>Bari i grurit dhe elbit<\/strong> p\u00ebrmbajn\u00eb klorofil, i cili ndihmon n\u00eb pastrimin e gjakut dhe m\u00ebl\u00e7is\u00eb.<\/li>\n<li data-start=\"139\" data-end=\"189\">Rrit energjin\u00eb dhe p\u00ebrmir\u00ebson q\u00ebndrueshm\u00ebrin\u00eb fizike: <strong>Spirulina<\/strong> \u00ebsht\u00eb e pasur me proteina dhe aminoacide esenciale, duke furnizuar trupin me energji t\u00eb q\u00ebndrueshme. P\u00ebrmir\u00ebson oksigjenimin e qelizave dhe funksionin mitokondrial.<\/li>\n<li data-start=\"139\" data-end=\"189\">Mb\u00ebshtet sistemin imunitar: <strong>T\u00eb kat\u00ebr<\/strong> p\u00ebrb\u00ebr\u00ebsit jan\u00eb t\u00eb pasur me vitamina A, C, E dhe zink, q\u00eb forcojn\u00eb rezistenc\u00ebn ndaj infeksioneve. <strong>Chlorella<\/strong> nxit prodhimin e qelizave natyrore mbrojt\u00ebse (NK cells).<\/li>\n<li data-start=\"139\" data-end=\"189\">P\u00ebrmir\u00ebson sh\u00ebndetin e tretjes: <strong>Fibrat natyrale dhe enzimat<\/strong> q\u00eb p\u00ebrmbajn\u00eb , ndihmojn\u00eb n\u00eb qarkullimin e rregullt t\u00eb zorr\u00ebve. <strong>Klorofili<\/strong> ndihmon n\u00eb reduktimin e er\u00ebs s\u00eb pak\u00ebndshme dhe bakterieve n\u00eb traktin tret\u00ebs.<\/li>\n<li data-start=\"139\" data-end=\"189\">Burim i shk\u00eblqyer i hekurit dhe kund\u00ebr anemis\u00eb: <strong>Spirulina<\/strong> dhe <strong>chlorella<\/strong> jan\u00eb nd\u00ebr burimet bimore m\u00eb t\u00eb pasura me hekur t\u00eb biodisponuesh\u00ebm, duke ndihmuar n\u00eb rritjen e nivelit t\u00eb hemoglobin\u00ebs.<\/li>\n<li data-start=\"139\" data-end=\"189\">Veprim anti-inflamator dhe antioksidues : T\u00eb pasura me antioksidant\u00eb si beta-karoteni, zeaksantina, flavonoid\u00eb, q\u00eb neutralizojn\u00eb radikalet e lira. Ndihmojn\u00eb n\u00eb uljen e inflamacionit kronik, q\u00eb lidhet me shum\u00eb s\u00ebmundje moderne.<\/li>\n<li data-start=\"139\" data-end=\"189\">Mb\u00ebshtet sh\u00ebndetin e l\u00ebkur\u00ebs dhe flok\u00ebve: Vitaminat dhe mineralet nxisin rigjenerimin e qelizave t\u00eb l\u00ebkur\u00ebs. <strong>Klorofili <\/strong>dhe proteinat ndihmojn\u00eb n\u00eb pastrimin e akneve dhe ruajtjen e shk\u00eblqimit natyral t\u00eb l\u00ebkur\u00ebs.<\/li>\n<\/ul>\n<h4 data-start=\"0\" data-end=\"271\">P\u00ebrdorimi:<\/h4>\n<p class=\"\" data-start=\"0\" data-end=\"271\">P\u00ebrziejeni me uj\u00eb p\u00ebr p\u00ebrgatitjen e pijeve (max: 2 lug\u00eb gjelle n\u00eb dit\u00eb). Shija natyrale e algave dhe barishteve kombinohet n\u00eb m\u00ebnyr\u00eb t\u00eb shk\u00eblqyer me l\u00ebng portokalli apo qitro t\u00eb fresk\u00ebt.<\/p>\n<p class=\"\" data-start=\"273\" data-end=\"404\">\n","protected":false},"excerpt":{"rendered":"<p>Super Green Mix (200 gr) Ky superfood vjen si nj\u00eb p\u00ebrzierje ideale mes Spirulin\u00ebs (25%), Chlorell\u00ebs (25%), Pluhur bari elbit (25%) &amp; Pluhur bari gruri (25%). P\u00ebrfitimet: Pastrim dhe detoksifikim i organizmit : Chlorella lidhet me metalet e r\u00ebnda dhe ndihmon n\u00eb eliminimin e tyre nga trupi. Bari i grurit dhe elbit p\u00ebrmbajn\u00eb klorofil, i[&#8230;]<\/p>\n","protected":false},"featured_media":7277,"comment_status":"open","ping_status":"closed","template":"","meta":{"_acf_changed":false,"inline_featured_image":false},"kategori-sipas-dietave":[],"kategori-sipas-problemeve-shende":[83],"product_brand":[32],"product_cat":[28,80],"product_tag":[171,169],"class_list":{"0":"post-7224","1":"product","2":"type-product","3":"status-publish","4":"has-post-thumbnail","6":"kategori-sipas-problemeve-shende-tretje-detox","7":"product_brand-bioagros","8":"product_cat-superfoods","9":"product_cat-suplemente-superfoods","10":"product_tag-green","11":"product_tag-superfood","13":"first","14":"instock","15":"taxable","16":"shipping-taxable","17":"purchasable","18":"product-type-simple"},"acf":[],"yoast_head":"<!-- This site is optimized with the Yoast SEO plugin v27.4 - https:\/\/yoast.com\/product\/yoast-seo-wordpress\/ -->\n<title>Super Green Mix - Edesia<\/title>\n<meta name=\"robots\" content=\"index, follow, max-snippet:-1, max-image-preview:large, max-video-preview:-1\" \/>\n<link rel=\"canonical\" href=\"https:\/\/www.edesia.al\/?product=super-green-mix\" \/>\n<meta property=\"og:locale\" content=\"en_US\" \/>\n<meta property=\"og:type\" content=\"article\" \/>\n<meta property=\"og:title\" content=\"Super Green Mix - Edesia\" \/>\n<meta property=\"og:description\" content=\"Super Green Mix (200 gr) Ky superfood vjen si nj\u00eb p\u00ebrzierje ideale mes Spirulin\u00ebs (25%), Chlorell\u00ebs (25%), Pluhur bari elbit (25%) &amp; Pluhur bari gruri (25%). P\u00ebrfitimet: Pastrim dhe detoksifikim i organizmit : Chlorella lidhet me metalet e r\u00ebnda dhe ndihmon n\u00eb eliminimin e tyre nga trupi. Bari i grurit dhe elbit p\u00ebrmbajn\u00eb klorofil, i[...]\" \/>\n<meta property=\"og:url\" content=\"https:\/\/www.edesia.al\/?product=super-green-mix\" \/>\n<meta property=\"og:site_name\" content=\"Edesia\" \/>\n<meta property=\"article:modified_time\" content=\"2026-02-25T18:43:33+00:00\" \/>\n<meta property=\"og:image\" content=\"https:\/\/www.edesia.al\/wp-content\/uploads\/2026\/02\/221009560-1.webp\" \/>\n\t<meta property=\"og:image:width\" content=\"1772\" \/>\n\t<meta property=\"og:image:height\" content=\"1772\" \/>\n\t<meta property=\"og:image:type\" content=\"image\/webp\" \/>\n<meta name=\"twitter:card\" content=\"summary_large_image\" \/>\n<meta name=\"twitter:label1\" content=\"Est. reading time\" \/>\n\t<meta name=\"twitter:data1\" content=\"2 minutes\" \/>\n<script type=\"application\/ld+json\" class=\"yoast-schema-graph\">{\"@context\":\"https:\\\/\\\/schema.org\",\"@graph\":[{\"@type\":\"WebPage\",\"@id\":\"https:\\\/\\\/www.edesia.al\\\/?product=super-green-mix\",\"url\":\"https:\\\/\\\/www.edesia.al\\\/?product=super-green-mix\",\"name\":\"Super Green Mix - Edesia\",\"isPartOf\":{\"@id\":\"https:\\\/\\\/www.edesia.al\\\/#website\"},\"primaryImageOfPage\":{\"@id\":\"https:\\\/\\\/www.edesia.al\\\/?product=super-green-mix#primaryimage\"},\"image\":{\"@id\":\"https:\\\/\\\/www.edesia.al\\\/?product=super-green-mix#primaryimage\"},\"thumbnailUrl\":\"https:\\\/\\\/www.edesia.al\\\/wp-content\\\/uploads\\\/2026\\\/02\\\/221009560-1.webp\",\"datePublished\":\"2026-02-16T21:14:01+00:00\",\"dateModified\":\"2026-02-25T18:43:33+00:00\",\"breadcrumb\":{\"@id\":\"https:\\\/\\\/www.edesia.al\\\/?product=super-green-mix#breadcrumb\"},\"inLanguage\":\"en-US\",\"potentialAction\":[{\"@type\":\"ReadAction\",\"target\":[\"https:\\\/\\\/www.edesia.al\\\/?product=super-green-mix\"]}]},{\"@type\":\"ImageObject\",\"inLanguage\":\"en-US\",\"@id\":\"https:\\\/\\\/www.edesia.al\\\/?product=super-green-mix#primaryimage\",\"url\":\"https:\\\/\\\/www.edesia.al\\\/wp-content\\\/uploads\\\/2026\\\/02\\\/221009560-1.webp\",\"contentUrl\":\"https:\\\/\\\/www.edesia.al\\\/wp-content\\\/uploads\\\/2026\\\/02\\\/221009560-1.webp\",\"width\":1772,\"height\":1772},{\"@type\":\"BreadcrumbList\",\"@id\":\"https:\\\/\\\/www.edesia.al\\\/?product=super-green-mix#breadcrumb\",\"itemListElement\":[{\"@type\":\"ListItem\",\"position\":1,\"name\":\"Home\",\"item\":\"https:\\\/\\\/www.edesia.al\\\/\"},{\"@type\":\"ListItem\",\"position\":2,\"name\":\"Dyqani\",\"item\":\"https:\\\/\\\/www.edesia.al\\\/?page_id=17\"},{\"@type\":\"ListItem\",\"position\":3,\"name\":\"Super Green Mix\"}]},{\"@type\":\"WebSite\",\"@id\":\"https:\\\/\\\/www.edesia.al\\\/#website\",\"url\":\"https:\\\/\\\/www.edesia.al\\\/\",\"name\":\"Edesia\",\"description\":\"\",\"publisher\":{\"@id\":\"https:\\\/\\\/www.edesia.al\\\/#organization\"},\"potentialAction\":[{\"@type\":\"SearchAction\",\"target\":{\"@type\":\"EntryPoint\",\"urlTemplate\":\"https:\\\/\\\/www.edesia.al\\\/?s={search_term_string}\"},\"query-input\":{\"@type\":\"PropertyValueSpecification\",\"valueRequired\":true,\"valueName\":\"search_term_string\"}}],\"inLanguage\":\"en-US\"},{\"@type\":\"Organization\",\"@id\":\"https:\\\/\\\/www.edesia.al\\\/#organization\",\"name\":\"Edesia\",\"url\":\"https:\\\/\\\/www.edesia.al\\\/\",\"logo\":{\"@type\":\"ImageObject\",\"inLanguage\":\"en-US\",\"@id\":\"https:\\\/\\\/www.edesia.al\\\/#\\\/schema\\\/logo\\\/image\\\/\",\"url\":\"https:\\\/\\\/www.edesia.al\\\/wp-content\\\/uploads\\\/2026\\\/02\\\/Logo-Edesia-no-background.png\",\"contentUrl\":\"https:\\\/\\\/www.edesia.al\\\/wp-content\\\/uploads\\\/2026\\\/02\\\/Logo-Edesia-no-background.png\",\"width\":293,\"height\":158,\"caption\":\"Edesia\"},\"image\":{\"@id\":\"https:\\\/\\\/www.edesia.al\\\/#\\\/schema\\\/logo\\\/image\\\/\"}}]}<\/script>\n<!-- \/ Yoast SEO plugin. -->","yoast_head_json":{"title":"Super Green Mix - Edesia","robots":{"index":"index","follow":"follow","max-snippet":"max-snippet:-1","max-image-preview":"max-image-preview:large","max-video-preview":"max-video-preview:-1"},"canonical":"https:\/\/www.edesia.al\/?product=super-green-mix","og_locale":"en_US","og_type":"article","og_title":"Super Green Mix - Edesia","og_description":"Super Green Mix (200 gr) Ky superfood vjen si nj\u00eb p\u00ebrzierje ideale mes Spirulin\u00ebs (25%), Chlorell\u00ebs (25%), Pluhur bari elbit (25%) &amp; Pluhur bari gruri (25%). P\u00ebrfitimet: Pastrim dhe detoksifikim i organizmit : Chlorella lidhet me metalet e r\u00ebnda dhe ndihmon n\u00eb eliminimin e tyre nga trupi. Bari i grurit dhe elbit p\u00ebrmbajn\u00eb klorofil, i[...]","og_url":"https:\/\/www.edesia.al\/?product=super-green-mix","og_site_name":"Edesia","article_modified_time":"2026-02-25T18:43:33+00:00","og_image":[{"width":1772,"height":1772,"url":"https:\/\/www.edesia.al\/wp-content\/uploads\/2026\/02\/221009560-1.webp","type":"image\/webp"}],"twitter_card":"summary_large_image","twitter_misc":{"Est. reading time":"2 minutes"},"schema":{"@context":"https:\/\/schema.org","@graph":[{"@type":"WebPage","@id":"https:\/\/www.edesia.al\/?product=super-green-mix","url":"https:\/\/www.edesia.al\/?product=super-green-mix","name":"Super Green Mix - Edesia","isPartOf":{"@id":"https:\/\/www.edesia.al\/#website"},"primaryImageOfPage":{"@id":"https:\/\/www.edesia.al\/?product=super-green-mix#primaryimage"},"image":{"@id":"https:\/\/www.edesia.al\/?product=super-green-mix#primaryimage"},"thumbnailUrl":"https:\/\/www.edesia.al\/wp-content\/uploads\/2026\/02\/221009560-1.webp","datePublished":"2026-02-16T21:14:01+00:00","dateModified":"2026-02-25T18:43:33+00:00","breadcrumb":{"@id":"https:\/\/www.edesia.al\/?product=super-green-mix#breadcrumb"},"inLanguage":"en-US","potentialAction":[{"@type":"ReadAction","target":["https:\/\/www.edesia.al\/?product=super-green-mix"]}]},{"@type":"ImageObject","inLanguage":"en-US","@id":"https:\/\/www.edesia.al\/?product=super-green-mix#primaryimage","url":"https:\/\/www.edesia.al\/wp-content\/uploads\/2026\/02\/221009560-1.webp","contentUrl":"https:\/\/www.edesia.al\/wp-content\/uploads\/2026\/02\/221009560-1.webp","width":1772,"height":1772},{"@type":"BreadcrumbList","@id":"https:\/\/www.edesia.al\/?product=super-green-mix#breadcrumb","itemListElement":[{"@type":"ListItem","position":1,"name":"Home","item":"https:\/\/www.edesia.al\/"},{"@type":"ListItem","position":2,"name":"Dyqani","item":"https:\/\/www.edesia.al\/?page_id=17"},{"@type":"ListItem","position":3,"name":"Super Green Mix"}]},{"@type":"WebSite","@id":"https:\/\/www.edesia.al\/#website","url":"https:\/\/www.edesia.al\/","name":"Edesia","description":"","publisher":{"@id":"https:\/\/www.edesia.al\/#organization"},"potentialAction":[{"@type":"SearchAction","target":{"@type":"EntryPoint","urlTemplate":"https:\/\/www.edesia.al\/?s={search_term_string}"},"query-input":{"@type":"PropertyValueSpecification","valueRequired":true,"valueName":"search_term_string"}}],"inLanguage":"en-US"},{"@type":"Organization","@id":"https:\/\/www.edesia.al\/#organization","name":"Edesia","url":"https:\/\/www.edesia.al\/","logo":{"@type":"ImageObject","inLanguage":"en-US","@id":"https:\/\/www.edesia.al\/#\/schema\/logo\/image\/","url":"https:\/\/www.edesia.al\/wp-content\/uploads\/2026\/02\/Logo-Edesia-no-background.png","contentUrl":"https:\/\/www.edesia.al\/wp-content\/uploads\/2026\/02\/Logo-Edesia-no-background.png","width":293,"height":158,"caption":"Edesia"},"image":{"@id":"https:\/\/www.edesia.al\/#\/schema\/logo\/image\/"}}]}},"_links":{"self":[{"href":"https:\/\/www.edesia.al\/index.php?rest_route=\/wp\/v2\/product\/7224","targetHints":{"allow":["GET"]}}],"collection":[{"href":"https:\/\/www.edesia.al\/index.php?rest_route=\/wp\/v2\/product"}],"about":[{"href":"https:\/\/www.edesia.al\/index.php?rest_route=\/wp\/v2\/types\/product"}],"replies":[{"embeddable":true,"href":"https:\/\/www.edesia.al\/index.php?rest_route=%2Fwp%2Fv2%2Fcomments&post=7224"}],"wp:featuredmedia":[{"embeddable":true,"href":"https:\/\/www.edesia.al\/index.php?rest_route=\/wp\/v2\/media\/7277"}],"wp:attachment":[{"href":"https:\/\/www.edesia.al\/index.php?rest_route=%2Fwp%2Fv2%2Fmedia&parent=7224"}],"wp:term":[{"taxonomy":"kategori-sipas-dietave","embeddable":true,"href":"https:\/\/www.edesia.al\/index.php?rest_route=%2Fwp%2Fv2%2Fkategori-sipas-dietave&post=7224"},{"taxonomy":"kategori-sipas-problemeve-shende","embeddable":true,"href":"https:\/\/www.edesia.al\/index.php?rest_route=%2Fwp%2Fv2%2Fkategori-sipas-problemeve-shende&post=7224"},{"taxonomy":"product_brand","embeddable":true,"href":"https:\/\/www.edesia.al\/index.php?rest_route=%2Fwp%2Fv2%2Fproduct_brand&post=7224"},{"taxonomy":"product_cat","embeddable":true,"href":"https:\/\/www.edesia.al\/index.php?rest_route=%2Fwp%2Fv2%2Fproduct_cat&post=7224"},{"taxonomy":"product_tag","embeddable":true,"href":"https:\/\/www.edesia.al\/index.php?rest_route=%2Fwp%2Fv2%2Fproduct_tag&post=7224"}],"curies":[{"name":"wp","href":"https:\/\/api.w.org\/{rel}","templated":true}]}}