{"id":7225,"date":"2026-02-16T21:14:01","date_gmt":"2026-02-16T21:14:01","guid":{"rendered":"https:\/\/www.edesia.al\/?post_type=product&#038;p=7225"},"modified":"2026-02-25T18:44:30","modified_gmt":"2026-02-25T18:44:30","slug":"msm-pluhur","status":"publish","type":"product","link":"https:\/\/www.edesia.al\/?product=msm-pluhur","title":{"rendered":"MSM Pluhur"},"content":{"rendered":"<h2>MSM Pluhur (100 gr)<\/h2>\n<p>MSM (Metilsulfonilmetani) \u00ebsht\u00eb nj\u00eb suplement natyral me baz\u00eb squfuri \u2013 nj\u00eb p\u00ebrb\u00ebr\u00ebs thelb\u00ebsor p\u00ebr nd\u00ebrtimin e qelizave dhe indeve t\u00eb sh\u00ebndetshme. \u00cbsht\u00eb nj\u00eb p\u00ebrb\u00ebrje organike, e past\u00ebr, pa er\u00eb, me struktur\u00eb kristalore t\u00eb bardh\u00eb dhe t\u00eb tretshme n\u00eb uj\u00eb.<\/p>\n<h4>P\u00ebrfitimet:<\/h4>\n<article class=\"text-token-text-primary w-full\" dir=\"auto\" data-testid=\"conversation-turn-30\" data-scroll-anchor=\"true\">\n<div class=\"text-base my-auto mx-auto py-5 [--thread-content-margin:--spacing(4)] @[37rem]:[--thread-content-margin:--spacing(6)] @[70rem]:[--thread-content-margin:--spacing(12)] px-(--thread-content-margin)\">\n<div class=\"[--thread-content-max-width:32rem] @[34rem]:[--thread-content-max-width:40rem] @[64rem]:[--thread-content-max-width:48rem] mx-auto flex max-w-(--thread-content-max-width) flex-1 text-base gap-4 md:gap-5 lg:gap-6 group\/turn-messages focus-visible:outline-hidden\" tabindex=\"-1\">\n<div class=\"group\/conversation-turn relative flex w-full min-w-0 flex-col agent-turn\">\n<div class=\"relative flex-col gap-1 md:gap-3\">\n<div class=\"flex max-w-full flex-col grow\">\n<div class=\"min-h-8 text-message relative flex w-full flex-col items-end gap-2 text-start break-words whitespace-normal [.text-message+&amp;]:mt-5\" dir=\"auto\" data-message-author-role=\"assistant\" data-message-id=\"21cb9846-26ab-44d1-804a-6d1953244a21\" data-message-model-slug=\"gpt-4o\">\n<div class=\"flex w-full flex-col gap-1 empty:hidden first:pt-[3px]\">\n<div class=\"markdown prose dark:prose-invert w-full break-words light\">\n<ul data-start=\"508\" data-end=\"1230\">\n<li class=\"\" data-start=\"508\" data-end=\"657\"><strong data-start=\"510\" data-end=\"581\">P\u00ebrmir\u00ebson sh\u00ebndetin e ky\u00e7eve dhe ndihmon n\u00eb reduktimin e dhimbjeve<\/strong> \u2013 Vepron si anti-inflamator dhe ndihmon n\u00eb rigjenerimin e indeve lidh\u00ebse.<\/li>\n<li class=\"\" data-start=\"658\" data-end=\"768\"><strong data-start=\"660\" data-end=\"698\">Forcon flok\u00ebt, thonjt\u00eb dhe l\u00ebkur\u00ebn<\/strong> \u2013 Squfuri \u00ebsht\u00eb thelb\u00ebsor p\u00ebr prodhimin e kolagjenit dhe keratin\u00ebs.<\/li>\n<li class=\"\" data-start=\"769\" data-end=\"871\"><strong data-start=\"771\" data-end=\"816\">Mb\u00ebshtet detoksifikimin natyral t\u00eb trupit<\/strong> \u2013 Rrit kapacitetin e trupit p\u00ebr t\u00eb larguar toksinat.<\/li>\n<li class=\"\" data-start=\"872\" data-end=\"970\"><strong data-start=\"874\" data-end=\"913\">Rrit p\u00ebrthithjen e l\u00ebnd\u00ebve ushqyese<\/strong> \u2013 Leht\u00ebson funksionin qelizor dhe balanc\u00ebn metabolike.<\/li>\n<li class=\"\" data-start=\"971\" data-end=\"1111\"><strong data-start=\"973\" data-end=\"1029\">Ul inflamacionin dhe p\u00ebrmir\u00ebson qarkullimin e gjakut<\/strong> \u2013 Ndihmon n\u00eb rikuperimin pas aktivitetit fizik dhe zvog\u00eblon dhimbjet muskulare.<\/li>\n<li class=\"\" data-start=\"1112\" data-end=\"1230\"><strong data-start=\"1114\" data-end=\"1157\">Leht\u00ebson simptomat e alergjive sezonale<\/strong> \u2013 Ka efekt stabilizues ndaj reaksioneve t\u00eb tep\u00ebrta t\u00eb sistemit imunitar.<\/li>\n<\/ul>\n<h4 data-start=\"1232\" data-end=\"1328\">P\u00ebrdorimi:<\/h4>\n<p data-start=\"1232\" data-end=\"1328\">I p\u00ebrshtatsh\u00ebm p\u00ebr p\u00ebrdorim t\u00eb p\u00ebrditsh\u00ebm si pjes\u00eb e nj\u00eb stili jetese aktive dhe t\u00eb ekuilibruar.<\/p>\n<p data-start=\"1232\" data-end=\"1328\">Konsumoni dy her\u00eb n\u00eb dit\u00eb nga nj\u00eb lug\u00eb e vog\u00ebl (\u00e7aj). P\u00ebr nj\u00eb shije m\u00eb t\u00eb k\u00ebndshme mund t\u00eb p\u00ebrzihet me l\u00ebng frutash apo smoothie.<\/p>\n<\/div>\n<\/div>\n<\/div>\n<\/div>\n<div class=\"flex justify-start\"><\/div>\n<div class=\"mt-3 w-full empty:hidden\">\n<div class=\"text-center\"><\/div>\n<\/div>\n<\/div>\n<div class=\"absolute\">\n<div class=\"flex items-center justify-center\"><\/div>\n<\/div>\n<\/div>\n<\/div>\n<\/div>\n<\/article>\n<div class=\"pointer-events-none h-px w-px\" aria-hidden=\"true\" data-edge=\"true\"><\/div>\n","protected":false},"excerpt":{"rendered":"<p>MSM Pluhur (100 gr) MSM (Metilsulfonilmetani) \u00ebsht\u00eb nj\u00eb suplement natyral me baz\u00eb squfuri \u2013 nj\u00eb p\u00ebrb\u00ebr\u00ebs thelb\u00ebsor p\u00ebr nd\u00ebrtimin e qelizave dhe indeve t\u00eb sh\u00ebndetshme. \u00cbsht\u00eb nj\u00eb p\u00ebrb\u00ebrje organike, e past\u00ebr, pa er\u00eb, me struktur\u00eb kristalore t\u00eb bardh\u00eb dhe t\u00eb tretshme n\u00eb uj\u00eb. P\u00ebrfitimet: P\u00ebrmir\u00ebson sh\u00ebndetin e ky\u00e7eve dhe ndihmon n\u00eb reduktimin e dhimbjeve \u2013[&#8230;]<\/p>\n","protected":false},"featured_media":7278,"comment_status":"open","ping_status":"closed","template":"","meta":{"_acf_changed":false,"inline_featured_image":false},"kategori-sipas-dietave":[],"kategori-sipas-problemeve-shende":[83],"product_brand":[32],"product_cat":[28,80],"product_tag":[169],"class_list":{"0":"post-7225","1":"product","2":"type-product","3":"status-publish","4":"has-post-thumbnail","6":"kategori-sipas-problemeve-shende-tretje-detox","7":"product_brand-bioagros","8":"product_cat-superfoods","9":"product_cat-suplemente-superfoods","10":"product_tag-superfood","12":"first","13":"instock","14":"taxable","15":"shipping-taxable","16":"purchasable","17":"product-type-simple"},"acf":[],"yoast_head":"<!-- This site is optimized with the Yoast SEO plugin v27.4 - https:\/\/yoast.com\/product\/yoast-seo-wordpress\/ -->\n<title>MSM Pluhur - Edesia<\/title>\n<meta name=\"robots\" content=\"index, follow, max-snippet:-1, max-image-preview:large, max-video-preview:-1\" \/>\n<link rel=\"canonical\" href=\"https:\/\/www.edesia.al\/?product=msm-pluhur\" \/>\n<meta property=\"og:locale\" content=\"en_US\" \/>\n<meta property=\"og:type\" content=\"article\" \/>\n<meta property=\"og:title\" content=\"MSM Pluhur - Edesia\" \/>\n<meta property=\"og:description\" content=\"MSM Pluhur (100 gr) MSM (Metilsulfonilmetani) \u00ebsht\u00eb nj\u00eb suplement natyral me baz\u00eb squfuri \u2013 nj\u00eb p\u00ebrb\u00ebr\u00ebs thelb\u00ebsor p\u00ebr nd\u00ebrtimin e qelizave dhe indeve t\u00eb sh\u00ebndetshme. \u00cbsht\u00eb nj\u00eb p\u00ebrb\u00ebrje organike, e past\u00ebr, pa er\u00eb, me struktur\u00eb kristalore t\u00eb bardh\u00eb dhe t\u00eb tretshme n\u00eb uj\u00eb. P\u00ebrfitimet: P\u00ebrmir\u00ebson sh\u00ebndetin e ky\u00e7eve dhe ndihmon n\u00eb reduktimin e dhimbjeve \u2013[...]\" \/>\n<meta property=\"og:url\" content=\"https:\/\/www.edesia.al\/?product=msm-pluhur\" \/>\n<meta property=\"og:site_name\" content=\"Edesia\" \/>\n<meta property=\"article:modified_time\" content=\"2026-02-25T18:44:30+00:00\" \/>\n<meta property=\"og:image\" content=\"https:\/\/www.edesia.al\/wp-content\/uploads\/2026\/02\/221012713-1.png\" \/>\n\t<meta property=\"og:image:width\" content=\"500\" \/>\n\t<meta property=\"og:image:height\" content=\"500\" \/>\n\t<meta property=\"og:image:type\" content=\"image\/png\" \/>\n<meta name=\"twitter:card\" content=\"summary_large_image\" \/>\n<meta name=\"twitter:label1\" content=\"Est. reading time\" \/>\n\t<meta name=\"twitter:data1\" content=\"1 minute\" \/>\n<script type=\"application\/ld+json\" class=\"yoast-schema-graph\">{\"@context\":\"https:\\\/\\\/schema.org\",\"@graph\":[{\"@type\":\"WebPage\",\"@id\":\"https:\\\/\\\/www.edesia.al\\\/?product=msm-pluhur\",\"url\":\"https:\\\/\\\/www.edesia.al\\\/?product=msm-pluhur\",\"name\":\"MSM Pluhur - Edesia\",\"isPartOf\":{\"@id\":\"https:\\\/\\\/www.edesia.al\\\/#website\"},\"primaryImageOfPage\":{\"@id\":\"https:\\\/\\\/www.edesia.al\\\/?product=msm-pluhur#primaryimage\"},\"image\":{\"@id\":\"https:\\\/\\\/www.edesia.al\\\/?product=msm-pluhur#primaryimage\"},\"thumbnailUrl\":\"https:\\\/\\\/www.edesia.al\\\/wp-content\\\/uploads\\\/2026\\\/02\\\/221012713-1.png\",\"datePublished\":\"2026-02-16T21:14:01+00:00\",\"dateModified\":\"2026-02-25T18:44:30+00:00\",\"breadcrumb\":{\"@id\":\"https:\\\/\\\/www.edesia.al\\\/?product=msm-pluhur#breadcrumb\"},\"inLanguage\":\"en-US\",\"potentialAction\":[{\"@type\":\"ReadAction\",\"target\":[\"https:\\\/\\\/www.edesia.al\\\/?product=msm-pluhur\"]}]},{\"@type\":\"ImageObject\",\"inLanguage\":\"en-US\",\"@id\":\"https:\\\/\\\/www.edesia.al\\\/?product=msm-pluhur#primaryimage\",\"url\":\"https:\\\/\\\/www.edesia.al\\\/wp-content\\\/uploads\\\/2026\\\/02\\\/221012713-1.png\",\"contentUrl\":\"https:\\\/\\\/www.edesia.al\\\/wp-content\\\/uploads\\\/2026\\\/02\\\/221012713-1.png\",\"width\":500,\"height\":500},{\"@type\":\"BreadcrumbList\",\"@id\":\"https:\\\/\\\/www.edesia.al\\\/?product=msm-pluhur#breadcrumb\",\"itemListElement\":[{\"@type\":\"ListItem\",\"position\":1,\"name\":\"Home\",\"item\":\"https:\\\/\\\/www.edesia.al\\\/\"},{\"@type\":\"ListItem\",\"position\":2,\"name\":\"Dyqani\",\"item\":\"https:\\\/\\\/www.edesia.al\\\/?page_id=17\"},{\"@type\":\"ListItem\",\"position\":3,\"name\":\"MSM Pluhur\"}]},{\"@type\":\"WebSite\",\"@id\":\"https:\\\/\\\/www.edesia.al\\\/#website\",\"url\":\"https:\\\/\\\/www.edesia.al\\\/\",\"name\":\"Edesia\",\"description\":\"\",\"publisher\":{\"@id\":\"https:\\\/\\\/www.edesia.al\\\/#organization\"},\"potentialAction\":[{\"@type\":\"SearchAction\",\"target\":{\"@type\":\"EntryPoint\",\"urlTemplate\":\"https:\\\/\\\/www.edesia.al\\\/?s={search_term_string}\"},\"query-input\":{\"@type\":\"PropertyValueSpecification\",\"valueRequired\":true,\"valueName\":\"search_term_string\"}}],\"inLanguage\":\"en-US\"},{\"@type\":\"Organization\",\"@id\":\"https:\\\/\\\/www.edesia.al\\\/#organization\",\"name\":\"Edesia\",\"url\":\"https:\\\/\\\/www.edesia.al\\\/\",\"logo\":{\"@type\":\"ImageObject\",\"inLanguage\":\"en-US\",\"@id\":\"https:\\\/\\\/www.edesia.al\\\/#\\\/schema\\\/logo\\\/image\\\/\",\"url\":\"https:\\\/\\\/www.edesia.al\\\/wp-content\\\/uploads\\\/2026\\\/02\\\/Logo-Edesia-no-background.png\",\"contentUrl\":\"https:\\\/\\\/www.edesia.al\\\/wp-content\\\/uploads\\\/2026\\\/02\\\/Logo-Edesia-no-background.png\",\"width\":293,\"height\":158,\"caption\":\"Edesia\"},\"image\":{\"@id\":\"https:\\\/\\\/www.edesia.al\\\/#\\\/schema\\\/logo\\\/image\\\/\"}}]}<\/script>\n<!-- \/ Yoast SEO plugin. -->","yoast_head_json":{"title":"MSM Pluhur - Edesia","robots":{"index":"index","follow":"follow","max-snippet":"max-snippet:-1","max-image-preview":"max-image-preview:large","max-video-preview":"max-video-preview:-1"},"canonical":"https:\/\/www.edesia.al\/?product=msm-pluhur","og_locale":"en_US","og_type":"article","og_title":"MSM Pluhur - Edesia","og_description":"MSM Pluhur (100 gr) MSM (Metilsulfonilmetani) \u00ebsht\u00eb nj\u00eb suplement natyral me baz\u00eb squfuri \u2013 nj\u00eb p\u00ebrb\u00ebr\u00ebs thelb\u00ebsor p\u00ebr nd\u00ebrtimin e qelizave dhe indeve t\u00eb sh\u00ebndetshme. \u00cbsht\u00eb nj\u00eb p\u00ebrb\u00ebrje organike, e past\u00ebr, pa er\u00eb, me struktur\u00eb kristalore t\u00eb bardh\u00eb dhe t\u00eb tretshme n\u00eb uj\u00eb. P\u00ebrfitimet: P\u00ebrmir\u00ebson sh\u00ebndetin e ky\u00e7eve dhe ndihmon n\u00eb reduktimin e dhimbjeve \u2013[...]","og_url":"https:\/\/www.edesia.al\/?product=msm-pluhur","og_site_name":"Edesia","article_modified_time":"2026-02-25T18:44:30+00:00","og_image":[{"width":500,"height":500,"url":"https:\/\/www.edesia.al\/wp-content\/uploads\/2026\/02\/221012713-1.png","type":"image\/png"}],"twitter_card":"summary_large_image","twitter_misc":{"Est. reading time":"1 minute"},"schema":{"@context":"https:\/\/schema.org","@graph":[{"@type":"WebPage","@id":"https:\/\/www.edesia.al\/?product=msm-pluhur","url":"https:\/\/www.edesia.al\/?product=msm-pluhur","name":"MSM Pluhur - Edesia","isPartOf":{"@id":"https:\/\/www.edesia.al\/#website"},"primaryImageOfPage":{"@id":"https:\/\/www.edesia.al\/?product=msm-pluhur#primaryimage"},"image":{"@id":"https:\/\/www.edesia.al\/?product=msm-pluhur#primaryimage"},"thumbnailUrl":"https:\/\/www.edesia.al\/wp-content\/uploads\/2026\/02\/221012713-1.png","datePublished":"2026-02-16T21:14:01+00:00","dateModified":"2026-02-25T18:44:30+00:00","breadcrumb":{"@id":"https:\/\/www.edesia.al\/?product=msm-pluhur#breadcrumb"},"inLanguage":"en-US","potentialAction":[{"@type":"ReadAction","target":["https:\/\/www.edesia.al\/?product=msm-pluhur"]}]},{"@type":"ImageObject","inLanguage":"en-US","@id":"https:\/\/www.edesia.al\/?product=msm-pluhur#primaryimage","url":"https:\/\/www.edesia.al\/wp-content\/uploads\/2026\/02\/221012713-1.png","contentUrl":"https:\/\/www.edesia.al\/wp-content\/uploads\/2026\/02\/221012713-1.png","width":500,"height":500},{"@type":"BreadcrumbList","@id":"https:\/\/www.edesia.al\/?product=msm-pluhur#breadcrumb","itemListElement":[{"@type":"ListItem","position":1,"name":"Home","item":"https:\/\/www.edesia.al\/"},{"@type":"ListItem","position":2,"name":"Dyqani","item":"https:\/\/www.edesia.al\/?page_id=17"},{"@type":"ListItem","position":3,"name":"MSM Pluhur"}]},{"@type":"WebSite","@id":"https:\/\/www.edesia.al\/#website","url":"https:\/\/www.edesia.al\/","name":"Edesia","description":"","publisher":{"@id":"https:\/\/www.edesia.al\/#organization"},"potentialAction":[{"@type":"SearchAction","target":{"@type":"EntryPoint","urlTemplate":"https:\/\/www.edesia.al\/?s={search_term_string}"},"query-input":{"@type":"PropertyValueSpecification","valueRequired":true,"valueName":"search_term_string"}}],"inLanguage":"en-US"},{"@type":"Organization","@id":"https:\/\/www.edesia.al\/#organization","name":"Edesia","url":"https:\/\/www.edesia.al\/","logo":{"@type":"ImageObject","inLanguage":"en-US","@id":"https:\/\/www.edesia.al\/#\/schema\/logo\/image\/","url":"https:\/\/www.edesia.al\/wp-content\/uploads\/2026\/02\/Logo-Edesia-no-background.png","contentUrl":"https:\/\/www.edesia.al\/wp-content\/uploads\/2026\/02\/Logo-Edesia-no-background.png","width":293,"height":158,"caption":"Edesia"},"image":{"@id":"https:\/\/www.edesia.al\/#\/schema\/logo\/image\/"}}]}},"_links":{"self":[{"href":"https:\/\/www.edesia.al\/index.php?rest_route=\/wp\/v2\/product\/7225","targetHints":{"allow":["GET"]}}],"collection":[{"href":"https:\/\/www.edesia.al\/index.php?rest_route=\/wp\/v2\/product"}],"about":[{"href":"https:\/\/www.edesia.al\/index.php?rest_route=\/wp\/v2\/types\/product"}],"replies":[{"embeddable":true,"href":"https:\/\/www.edesia.al\/index.php?rest_route=%2Fwp%2Fv2%2Fcomments&post=7225"}],"wp:featuredmedia":[{"embeddable":true,"href":"https:\/\/www.edesia.al\/index.php?rest_route=\/wp\/v2\/media\/7278"}],"wp:attachment":[{"href":"https:\/\/www.edesia.al\/index.php?rest_route=%2Fwp%2Fv2%2Fmedia&parent=7225"}],"wp:term":[{"taxonomy":"kategori-sipas-dietave","embeddable":true,"href":"https:\/\/www.edesia.al\/index.php?rest_route=%2Fwp%2Fv2%2Fkategori-sipas-dietave&post=7225"},{"taxonomy":"kategori-sipas-problemeve-shende","embeddable":true,"href":"https:\/\/www.edesia.al\/index.php?rest_route=%2Fwp%2Fv2%2Fkategori-sipas-problemeve-shende&post=7225"},{"taxonomy":"product_brand","embeddable":true,"href":"https:\/\/www.edesia.al\/index.php?rest_route=%2Fwp%2Fv2%2Fproduct_brand&post=7225"},{"taxonomy":"product_cat","embeddable":true,"href":"https:\/\/www.edesia.al\/index.php?rest_route=%2Fwp%2Fv2%2Fproduct_cat&post=7225"},{"taxonomy":"product_tag","embeddable":true,"href":"https:\/\/www.edesia.al\/index.php?rest_route=%2Fwp%2Fv2%2Fproduct_tag&post=7225"}],"curies":[{"name":"wp","href":"https:\/\/api.w.org\/{rel}","templated":true}]}}