{"id":7226,"date":"2026-02-16T21:14:02","date_gmt":"2026-02-16T21:14:02","guid":{"rendered":"https:\/\/www.edesia.al\/?post_type=product&#038;p=7226"},"modified":"2026-02-25T18:45:19","modified_gmt":"2026-02-25T18:45:19","slug":"leng-molle-i-pafiltruar-pa-sheqer-te-shtuar","status":"publish","type":"product","link":"https:\/\/www.edesia.al\/?product=leng-molle-i-pafiltruar-pa-sheqer-te-shtuar","title":{"rendered":"L\u00ebng Molle i Pafiltruar pa Sheqer t\u00eb shtuar"},"content":{"rendered":"<h2 data-start=\"40\" data-end=\"85\"><strong data-start=\"40\" data-end=\"85\">L\u00ebng Molle i Pafiltruar pa Sheqer t\u00eb shtuar (0,7 l)<\/strong><\/h2>\n<p class=\"\" data-start=\"87\" data-end=\"331\">Ky l\u00ebng molle i pafiltruar \u00ebsht\u00eb nj\u00eb pije e past\u00ebr dhe natyrale, e cila ruan t\u00eb gjitha p\u00ebrb\u00ebr\u00ebsit ushqyes t\u00eb frut\u00ebs s\u00eb fresk\u00ebt. P\u00ebrgatitur nga moll\u00eb t\u00eb zgjedhura me kujdes, pa shtesa , ky l\u00ebng ofron nj\u00eb shije t\u00eb pasur dhe autentike.<\/p>\n<p class=\"\" data-start=\"333\" data-end=\"361\"><strong data-start=\"333\" data-end=\"361\">P\u00ebrfitimet :<\/strong><\/p>\n<ul>\n<li data-start=\"365\" data-end=\"606\"><strong data-start=\"365\" data-end=\"394\">I pasur me antioksidant\u00eb:<\/strong> L\u00ebngu i turbullt i moll\u00ebs p\u00ebrmban nivele m\u00eb t\u00eb larta t\u00eb polifenoleve dhe vitamin\u00ebs C krahasuar me l\u00ebngun e qart\u00eb, duke ndihmuar n\u00eb mbrojtjen e qelizave nga stresi oksidativ .<\/li>\n<li data-start=\"610\" data-end=\"878\"><strong data-start=\"610\" data-end=\"648\">Mb\u00ebshtet sh\u00ebndetin kardiovaskular:<\/strong> Konsumimi i moderuar i l\u00ebngut t\u00eb turbullt t\u00eb moll\u00ebs \u00ebsht\u00eb lidhur me p\u00ebrmir\u00ebsimin e parametrave t\u00eb sh\u00ebndetit t\u00eb zemr\u00ebs, si reduktimi i kolesterolit LDL dhe p\u00ebrmir\u00ebsimi i funksionit endotelial .<\/li>\n<li data-start=\"882\" data-end=\"1094\"><strong data-start=\"882\" data-end=\"904\">Ndihmon n\u00eb tretje:<\/strong> Prania e fibrave natyrale dhe pektin\u00ebs n\u00eb l\u00ebngun e turbullt ndihmon n\u00eb funksionimin e rregullt t\u00eb sistemit tret\u00ebs dhe mb\u00ebshtet mikrobiom\u00ebn intestinale .<\/li>\n<li data-start=\"1098\" data-end=\"1373\"><strong data-start=\"1098\" data-end=\"1130\">Mbron barrier\u00ebn intestinale:<\/strong> Studimet tregojn\u00eb se konsumimi i l\u00ebngut t\u00eb turbullt t\u00eb moll\u00ebs nuk shkakton endotoksemi post-prandiale, ndryshe nga pijet e \u00ebmb\u00eblsuara me sheqer, duke treguar nj\u00eb efekt mbrojt\u00ebs ndaj funksionit t\u00eb zorr\u00ebve .<\/li>\n<li data-start=\"1377\" data-end=\"1595\"><strong data-start=\"1377\" data-end=\"1418\">P\u00ebrmir\u00ebson mir\u00ebqenien e p\u00ebrgjithshme:<\/strong> P\u00ebrmbajtja e lart\u00eb e vitamin\u00ebs C dhe antioksidant\u00ebve kontribuon n\u00eb forcimin e sistemit imunitar dhe n\u00eb reduktimin e inflamacionit n\u00eb trup .<\/li>\n<\/ul>\n<h4 data-start=\"1597\" data-end=\"1819\">P\u00ebrdorimi:<\/h4>\n<p class=\"\" data-start=\"1597\" data-end=\"1819\">Ky l\u00ebng \u00ebsht\u00eb i p\u00ebrshtatsh\u00ebm p\u00ebr konsum t\u00eb p\u00ebrditsh\u00ebm dhe mund t\u00eb shijohet i ftoht\u00eb ose n\u00eb kombinim me pije t\u00eb tjera natyrale. P\u00ebr nj\u00eb p\u00ebrvoj\u00eb m\u00eb t\u00eb mir\u00eb, tundeni mir\u00eb p\u00ebrpara p\u00ebrdorimit p\u00ebr t\u00eb p\u00ebrzier p\u00ebrb\u00ebr\u00ebsit natyral\u00eb.<\/p>\n","protected":false},"excerpt":{"rendered":"<p>L\u00ebng Molle i Pafiltruar pa Sheqer t\u00eb shtuar (0,7 l) Ky l\u00ebng molle i pafiltruar \u00ebsht\u00eb nj\u00eb pije e past\u00ebr dhe natyrale, e cila ruan t\u00eb gjitha p\u00ebrb\u00ebr\u00ebsit ushqyes t\u00eb frut\u00ebs s\u00eb fresk\u00ebt. P\u00ebrgatitur nga moll\u00eb t\u00eb zgjedhura me kujdes, pa shtesa , ky l\u00ebng ofron nj\u00eb shije t\u00eb pasur dhe autentike. P\u00ebrfitimet : I[&#8230;]<\/p>\n","protected":false},"featured_media":7279,"comment_status":"open","ping_status":"closed","template":"","meta":{"_acf_changed":false,"inline_featured_image":false},"kategori-sipas-dietave":[],"kategori-sipas-problemeve-shende":[],"product_brand":[32],"product_cat":[38,26],"product_tag":[162],"class_list":{"0":"post-7226","1":"product","2":"type-product","3":"status-publish","4":"has-post-thumbnail","6":"product_brand-bioagros","7":"product_cat-uje-dhe-lengje-ushqime-bio","8":"product_cat-ushqime-bio","9":"product_tag-lengje","11":"first","12":"instock","13":"taxable","14":"shipping-taxable","15":"purchasable","16":"product-type-simple"},"acf":[],"yoast_head":"<!-- This site is optimized with the Yoast SEO plugin v27.4 - https:\/\/yoast.com\/product\/yoast-seo-wordpress\/ -->\n<title>L\u00ebng Molle i Pafiltruar pa Sheqer t\u00eb shtuar - Edesia<\/title>\n<meta name=\"robots\" content=\"index, follow, max-snippet:-1, max-image-preview:large, max-video-preview:-1\" \/>\n<link rel=\"canonical\" href=\"https:\/\/www.edesia.al\/?product=leng-molle-i-pafiltruar-pa-sheqer-te-shtuar\" \/>\n<meta property=\"og:locale\" content=\"en_US\" \/>\n<meta property=\"og:type\" content=\"article\" \/>\n<meta property=\"og:title\" content=\"L\u00ebng Molle i Pafiltruar pa Sheqer t\u00eb shtuar - Edesia\" \/>\n<meta property=\"og:description\" content=\"L\u00ebng Molle i Pafiltruar pa Sheqer t\u00eb shtuar (0,7 l) Ky l\u00ebng molle i pafiltruar \u00ebsht\u00eb nj\u00eb pije e past\u00ebr dhe natyrale, e cila ruan t\u00eb gjitha p\u00ebrb\u00ebr\u00ebsit ushqyes t\u00eb frut\u00ebs s\u00eb fresk\u00ebt. P\u00ebrgatitur nga moll\u00eb t\u00eb zgjedhura me kujdes, pa shtesa , ky l\u00ebng ofron nj\u00eb shije t\u00eb pasur dhe autentike. P\u00ebrfitimet : I[...]\" \/>\n<meta property=\"og:url\" content=\"https:\/\/www.edesia.al\/?product=leng-molle-i-pafiltruar-pa-sheqer-te-shtuar\" \/>\n<meta property=\"og:site_name\" content=\"Edesia\" \/>\n<meta property=\"article:modified_time\" content=\"2026-02-25T18:45:19+00:00\" \/>\n<meta property=\"og:image\" content=\"https:\/\/www.edesia.al\/wp-content\/uploads\/2026\/02\/eyJrZXki-1.webp\" \/>\n\t<meta property=\"og:image:width\" content=\"800\" \/>\n\t<meta property=\"og:image:height\" content=\"800\" \/>\n\t<meta property=\"og:image:type\" content=\"image\/webp\" \/>\n<meta name=\"twitter:card\" content=\"summary_large_image\" \/>\n<meta name=\"twitter:label1\" content=\"Est. reading time\" \/>\n\t<meta name=\"twitter:data1\" content=\"1 minute\" \/>\n<script type=\"application\/ld+json\" class=\"yoast-schema-graph\">{\"@context\":\"https:\\\/\\\/schema.org\",\"@graph\":[{\"@type\":\"WebPage\",\"@id\":\"https:\\\/\\\/www.edesia.al\\\/?product=leng-molle-i-pafiltruar-pa-sheqer-te-shtuar\",\"url\":\"https:\\\/\\\/www.edesia.al\\\/?product=leng-molle-i-pafiltruar-pa-sheqer-te-shtuar\",\"name\":\"L\u00ebng Molle i Pafiltruar pa Sheqer t\u00eb shtuar - Edesia\",\"isPartOf\":{\"@id\":\"https:\\\/\\\/www.edesia.al\\\/#website\"},\"primaryImageOfPage\":{\"@id\":\"https:\\\/\\\/www.edesia.al\\\/?product=leng-molle-i-pafiltruar-pa-sheqer-te-shtuar#primaryimage\"},\"image\":{\"@id\":\"https:\\\/\\\/www.edesia.al\\\/?product=leng-molle-i-pafiltruar-pa-sheqer-te-shtuar#primaryimage\"},\"thumbnailUrl\":\"https:\\\/\\\/www.edesia.al\\\/wp-content\\\/uploads\\\/2026\\\/02\\\/eyJrZXki-1.webp\",\"datePublished\":\"2026-02-16T21:14:02+00:00\",\"dateModified\":\"2026-02-25T18:45:19+00:00\",\"breadcrumb\":{\"@id\":\"https:\\\/\\\/www.edesia.al\\\/?product=leng-molle-i-pafiltruar-pa-sheqer-te-shtuar#breadcrumb\"},\"inLanguage\":\"en-US\",\"potentialAction\":[{\"@type\":\"ReadAction\",\"target\":[\"https:\\\/\\\/www.edesia.al\\\/?product=leng-molle-i-pafiltruar-pa-sheqer-te-shtuar\"]}]},{\"@type\":\"ImageObject\",\"inLanguage\":\"en-US\",\"@id\":\"https:\\\/\\\/www.edesia.al\\\/?product=leng-molle-i-pafiltruar-pa-sheqer-te-shtuar#primaryimage\",\"url\":\"https:\\\/\\\/www.edesia.al\\\/wp-content\\\/uploads\\\/2026\\\/02\\\/eyJrZXki-1.webp\",\"contentUrl\":\"https:\\\/\\\/www.edesia.al\\\/wp-content\\\/uploads\\\/2026\\\/02\\\/eyJrZXki-1.webp\",\"width\":800,\"height\":800},{\"@type\":\"BreadcrumbList\",\"@id\":\"https:\\\/\\\/www.edesia.al\\\/?product=leng-molle-i-pafiltruar-pa-sheqer-te-shtuar#breadcrumb\",\"itemListElement\":[{\"@type\":\"ListItem\",\"position\":1,\"name\":\"Home\",\"item\":\"https:\\\/\\\/www.edesia.al\\\/\"},{\"@type\":\"ListItem\",\"position\":2,\"name\":\"Dyqani\",\"item\":\"https:\\\/\\\/www.edesia.al\\\/?page_id=17\"},{\"@type\":\"ListItem\",\"position\":3,\"name\":\"L\u00ebng Molle i Pafiltruar pa Sheqer t\u00eb shtuar\"}]},{\"@type\":\"WebSite\",\"@id\":\"https:\\\/\\\/www.edesia.al\\\/#website\",\"url\":\"https:\\\/\\\/www.edesia.al\\\/\",\"name\":\"Edesia\",\"description\":\"\",\"publisher\":{\"@id\":\"https:\\\/\\\/www.edesia.al\\\/#organization\"},\"potentialAction\":[{\"@type\":\"SearchAction\",\"target\":{\"@type\":\"EntryPoint\",\"urlTemplate\":\"https:\\\/\\\/www.edesia.al\\\/?s={search_term_string}\"},\"query-input\":{\"@type\":\"PropertyValueSpecification\",\"valueRequired\":true,\"valueName\":\"search_term_string\"}}],\"inLanguage\":\"en-US\"},{\"@type\":\"Organization\",\"@id\":\"https:\\\/\\\/www.edesia.al\\\/#organization\",\"name\":\"Edesia\",\"url\":\"https:\\\/\\\/www.edesia.al\\\/\",\"logo\":{\"@type\":\"ImageObject\",\"inLanguage\":\"en-US\",\"@id\":\"https:\\\/\\\/www.edesia.al\\\/#\\\/schema\\\/logo\\\/image\\\/\",\"url\":\"https:\\\/\\\/www.edesia.al\\\/wp-content\\\/uploads\\\/2026\\\/02\\\/Logo-Edesia-no-background.png\",\"contentUrl\":\"https:\\\/\\\/www.edesia.al\\\/wp-content\\\/uploads\\\/2026\\\/02\\\/Logo-Edesia-no-background.png\",\"width\":293,\"height\":158,\"caption\":\"Edesia\"},\"image\":{\"@id\":\"https:\\\/\\\/www.edesia.al\\\/#\\\/schema\\\/logo\\\/image\\\/\"}}]}<\/script>\n<!-- \/ Yoast SEO plugin. -->","yoast_head_json":{"title":"L\u00ebng Molle i Pafiltruar pa Sheqer t\u00eb shtuar - Edesia","robots":{"index":"index","follow":"follow","max-snippet":"max-snippet:-1","max-image-preview":"max-image-preview:large","max-video-preview":"max-video-preview:-1"},"canonical":"https:\/\/www.edesia.al\/?product=leng-molle-i-pafiltruar-pa-sheqer-te-shtuar","og_locale":"en_US","og_type":"article","og_title":"L\u00ebng Molle i Pafiltruar pa Sheqer t\u00eb shtuar - Edesia","og_description":"L\u00ebng Molle i Pafiltruar pa Sheqer t\u00eb shtuar (0,7 l) Ky l\u00ebng molle i pafiltruar \u00ebsht\u00eb nj\u00eb pije e past\u00ebr dhe natyrale, e cila ruan t\u00eb gjitha p\u00ebrb\u00ebr\u00ebsit ushqyes t\u00eb frut\u00ebs s\u00eb fresk\u00ebt. P\u00ebrgatitur nga moll\u00eb t\u00eb zgjedhura me kujdes, pa shtesa , ky l\u00ebng ofron nj\u00eb shije t\u00eb pasur dhe autentike. P\u00ebrfitimet : I[...]","og_url":"https:\/\/www.edesia.al\/?product=leng-molle-i-pafiltruar-pa-sheqer-te-shtuar","og_site_name":"Edesia","article_modified_time":"2026-02-25T18:45:19+00:00","og_image":[{"width":800,"height":800,"url":"https:\/\/www.edesia.al\/wp-content\/uploads\/2026\/02\/eyJrZXki-1.webp","type":"image\/webp"}],"twitter_card":"summary_large_image","twitter_misc":{"Est. reading time":"1 minute"},"schema":{"@context":"https:\/\/schema.org","@graph":[{"@type":"WebPage","@id":"https:\/\/www.edesia.al\/?product=leng-molle-i-pafiltruar-pa-sheqer-te-shtuar","url":"https:\/\/www.edesia.al\/?product=leng-molle-i-pafiltruar-pa-sheqer-te-shtuar","name":"L\u00ebng Molle i Pafiltruar pa Sheqer t\u00eb shtuar - Edesia","isPartOf":{"@id":"https:\/\/www.edesia.al\/#website"},"primaryImageOfPage":{"@id":"https:\/\/www.edesia.al\/?product=leng-molle-i-pafiltruar-pa-sheqer-te-shtuar#primaryimage"},"image":{"@id":"https:\/\/www.edesia.al\/?product=leng-molle-i-pafiltruar-pa-sheqer-te-shtuar#primaryimage"},"thumbnailUrl":"https:\/\/www.edesia.al\/wp-content\/uploads\/2026\/02\/eyJrZXki-1.webp","datePublished":"2026-02-16T21:14:02+00:00","dateModified":"2026-02-25T18:45:19+00:00","breadcrumb":{"@id":"https:\/\/www.edesia.al\/?product=leng-molle-i-pafiltruar-pa-sheqer-te-shtuar#breadcrumb"},"inLanguage":"en-US","potentialAction":[{"@type":"ReadAction","target":["https:\/\/www.edesia.al\/?product=leng-molle-i-pafiltruar-pa-sheqer-te-shtuar"]}]},{"@type":"ImageObject","inLanguage":"en-US","@id":"https:\/\/www.edesia.al\/?product=leng-molle-i-pafiltruar-pa-sheqer-te-shtuar#primaryimage","url":"https:\/\/www.edesia.al\/wp-content\/uploads\/2026\/02\/eyJrZXki-1.webp","contentUrl":"https:\/\/www.edesia.al\/wp-content\/uploads\/2026\/02\/eyJrZXki-1.webp","width":800,"height":800},{"@type":"BreadcrumbList","@id":"https:\/\/www.edesia.al\/?product=leng-molle-i-pafiltruar-pa-sheqer-te-shtuar#breadcrumb","itemListElement":[{"@type":"ListItem","position":1,"name":"Home","item":"https:\/\/www.edesia.al\/"},{"@type":"ListItem","position":2,"name":"Dyqani","item":"https:\/\/www.edesia.al\/?page_id=17"},{"@type":"ListItem","position":3,"name":"L\u00ebng Molle i Pafiltruar pa Sheqer t\u00eb shtuar"}]},{"@type":"WebSite","@id":"https:\/\/www.edesia.al\/#website","url":"https:\/\/www.edesia.al\/","name":"Edesia","description":"","publisher":{"@id":"https:\/\/www.edesia.al\/#organization"},"potentialAction":[{"@type":"SearchAction","target":{"@type":"EntryPoint","urlTemplate":"https:\/\/www.edesia.al\/?s={search_term_string}"},"query-input":{"@type":"PropertyValueSpecification","valueRequired":true,"valueName":"search_term_string"}}],"inLanguage":"en-US"},{"@type":"Organization","@id":"https:\/\/www.edesia.al\/#organization","name":"Edesia","url":"https:\/\/www.edesia.al\/","logo":{"@type":"ImageObject","inLanguage":"en-US","@id":"https:\/\/www.edesia.al\/#\/schema\/logo\/image\/","url":"https:\/\/www.edesia.al\/wp-content\/uploads\/2026\/02\/Logo-Edesia-no-background.png","contentUrl":"https:\/\/www.edesia.al\/wp-content\/uploads\/2026\/02\/Logo-Edesia-no-background.png","width":293,"height":158,"caption":"Edesia"},"image":{"@id":"https:\/\/www.edesia.al\/#\/schema\/logo\/image\/"}}]}},"_links":{"self":[{"href":"https:\/\/www.edesia.al\/index.php?rest_route=\/wp\/v2\/product\/7226","targetHints":{"allow":["GET"]}}],"collection":[{"href":"https:\/\/www.edesia.al\/index.php?rest_route=\/wp\/v2\/product"}],"about":[{"href":"https:\/\/www.edesia.al\/index.php?rest_route=\/wp\/v2\/types\/product"}],"replies":[{"embeddable":true,"href":"https:\/\/www.edesia.al\/index.php?rest_route=%2Fwp%2Fv2%2Fcomments&post=7226"}],"wp:featuredmedia":[{"embeddable":true,"href":"https:\/\/www.edesia.al\/index.php?rest_route=\/wp\/v2\/media\/7279"}],"wp:attachment":[{"href":"https:\/\/www.edesia.al\/index.php?rest_route=%2Fwp%2Fv2%2Fmedia&parent=7226"}],"wp:term":[{"taxonomy":"kategori-sipas-dietave","embeddable":true,"href":"https:\/\/www.edesia.al\/index.php?rest_route=%2Fwp%2Fv2%2Fkategori-sipas-dietave&post=7226"},{"taxonomy":"kategori-sipas-problemeve-shende","embeddable":true,"href":"https:\/\/www.edesia.al\/index.php?rest_route=%2Fwp%2Fv2%2Fkategori-sipas-problemeve-shende&post=7226"},{"taxonomy":"product_brand","embeddable":true,"href":"https:\/\/www.edesia.al\/index.php?rest_route=%2Fwp%2Fv2%2Fproduct_brand&post=7226"},{"taxonomy":"product_cat","embeddable":true,"href":"https:\/\/www.edesia.al\/index.php?rest_route=%2Fwp%2Fv2%2Fproduct_cat&post=7226"},{"taxonomy":"product_tag","embeddable":true,"href":"https:\/\/www.edesia.al\/index.php?rest_route=%2Fwp%2Fv2%2Fproduct_tag&post=7226"}],"curies":[{"name":"wp","href":"https:\/\/api.w.org\/{rel}","templated":true}]}}