{"id":7253,"date":"2026-02-16T21:14:24","date_gmt":"2026-02-16T21:14:24","guid":{"rendered":"https:\/\/www.edesia.al\/?post_type=product&#038;p=7253"},"modified":"2026-02-26T11:52:05","modified_gmt":"2026-02-26T11:52:05","slug":"caj-kurkuma-e-arte","status":"publish","type":"product","link":"https:\/\/www.edesia.al\/?product=caj-kurkuma-e-arte","title":{"rendered":"\u00c7aj Kurkuma e Art\u00eb"},"content":{"rendered":"<h3>\u00c7aj Kurkuma e Art\u00eb\u00a0 (18*2g) 36g<\/h3>\n<p>Ky \u00e7aj aromatik me bustina \u00ebsht\u00eb nj\u00eb p\u00ebrzierje e balancuar e <strong data-start=\"332\" data-end=\"361\">kurkum\u00ebs organike (49%)<\/strong>, kardamomit, kanell\u00ebs, xhinxherit, koriandr\u00ebs, koperit, piperit t\u00eb zi dhe karafilit \u2013 t\u00eb gjitha t\u00eb certifikuara <strong data-start=\"474\" data-end=\"490\">bio-organike<\/strong> dhe pa shtesa artificiale.<\/p>\n<p><strong>P\u00ebrfitimet:<\/strong><\/p>\n<ul>\n<li>\u00a0<strong>Kurkuma<\/strong> &#8211; ndihmon ne rritjen e sistemin imunitar dhe detoksifikimin e trupit fal\u00eb vetive anti-inflamatore.<\/li>\n<li data-start=\"497\" data-end=\"591\">\n<p data-start=\"499\" data-end=\"591\"><strong data-start=\"499\" data-end=\"511\">Xhinxher<\/strong> \u2013 ndihmon n\u00eb qet\u00ebsimin e stomakut, redukton fryrjen dhe stimulon qarkullimin.<\/p>\n<\/li>\n<li data-start=\"592\" data-end=\"689\">\n<p data-start=\"594\" data-end=\"689\"><strong data-start=\"594\" data-end=\"616\">Kardamom &amp; kanell\u00eb<\/strong> \u2013 p\u00ebrmir\u00ebsojn\u00eb metabolizmin dhe balancojn\u00eb nivelet e sheqerit n\u00eb gjak.<\/p>\n<\/li>\n<li data-start=\"690\" data-end=\"786\">\n<p data-start=\"692\" data-end=\"786\"><strong data-start=\"692\" data-end=\"713\">Koper &amp; koriand\u00ebr<\/strong> \u2013 qet\u00ebsojn\u00eb aparatin tret\u00ebs dhe ulin ndjesin\u00eb e r\u00ebndes\u00ebs pas ushqimit.<\/p>\n<\/li>\n<li data-start=\"787\" data-end=\"880\">\n<p data-start=\"789\" data-end=\"880\"><strong data-start=\"789\" data-end=\"803\">Piper i zi<\/strong> \u2013 p\u00ebrthithje m\u00eb e mir\u00eb e kurkum\u00ebs (p\u00ebr shkak t\u00eb p\u00ebrmbajtjes s\u00eb piperin\u00ebs).<\/p>\n<\/li>\n<li data-start=\"881\" data-end=\"952\">\n<p data-start=\"883\" data-end=\"952\"><strong data-start=\"883\" data-end=\"894\">Karafil<\/strong> \u2013 antibakterial natyral dhe qet\u00ebsues p\u00ebr sistemin tret\u00ebs.<\/p>\n<\/li>\n<\/ul>\n<p data-start=\"954\" data-end=\"1146\">Ky \u00e7aj \u00ebsht\u00eb nj\u00eb zgjedhje e shk\u00eblqyer p\u00ebr ta konsumuar <strong data-start=\"1012\" data-end=\"1027\">pas vakteve<\/strong> ose n\u00eb <strong data-start=\"1035\" data-end=\"1046\">m\u00ebngjes<\/strong>, p\u00ebr t\u00eb ndihmuar tretjen, p\u00ebr t\u00eb larguar toksinat dhe p\u00ebr t\u00eb fuqizuar mbrojtjen natyrale t\u00eb trupit.<\/p>\n<p data-start=\"1148\" data-end=\"1305\">\u2705 <strong data-start=\"1150\" data-end=\"1179\">I certifikuar Bio &amp; Vegan<\/strong><br data-start=\"1179\" data-end=\"1182\" \/>\u2705 Pa kafein\u00eb, pa aditiv\u00eb<br data-start=\"1206\" data-end=\"1209\" \/>\u2705 Ideal p\u00ebr p\u00ebrdorim t\u00eb p\u00ebrditsh\u00ebm<br data-start=\"1243\" data-end=\"1246\" \/>\u2705 Ndihmon n\u00eb qet\u00ebsimin e barkut dhe uljen e inflamacionit<\/p>\n<p data-start=\"1307\" data-end=\"1436\"><strong data-start=\"1307\" data-end=\"1329\">\ud83d\udca1 Si ta p\u00ebrdorni:<\/strong><\/p>\n<p data-start=\"1307\" data-end=\"1436\">Nj\u00eb bustin\u00eb n\u00eb 200 ml uj\u00eb t\u00eb valuar. L\u00ebreni p\u00ebr 5\u20137 minuta. Pini 1\u20132 her\u00eb n\u00eb dit\u00eb, sidomos pas ushqimit.<\/p>\n","protected":false},"excerpt":{"rendered":"<article class=\"text-token-text-primary w-full\" dir=\"auto\" data-testid=\"conversation-turn-12\" data-scroll-anchor=\"true\">\n<div class=\"text-base my-auto mx-auto py-5 [--thread-content-margin:--spacing(4)] @[37rem]:[--thread-content-margin:--spacing(6)] @[72rem]:[--thread-content-margin:--spacing(16)] px-(--thread-content-margin)\">\n<div class=\"[--thread-content-max-width:32rem] @[34rem]:[--thread-content-max-width:40rem] @[64rem]:[--thread-content-max-width:48rem] mx-auto flex max-w-(--thread-content-max-width) flex-1 text-base gap-4 md:gap-5 lg:gap-6 group\/turn-messages focus-visible:outline-hidden\" tabindex=\"-1\">\n<div class=\"group\/conversation-turn relative flex w-full min-w-0 flex-col agent-turn\">\n<div class=\"relative flex-col gap-1 md:gap-3\">\n<div class=\"flex max-w-full flex-col grow\">\n<div class=\"min-h-8 text-message relative flex w-full flex-col items-end gap-2 text-start break-words whitespace-normal [.text-message+&amp;]:mt-5\" dir=\"auto\" data-message-author-role=\"assistant\" data-message-id=\"2d293d68-33be-491b-998a-e8df35165aaf\" data-message-model-slug=\"gpt-4o\">\n<div class=\"flex w-full flex-col gap-1 empty:hidden first:pt-[3px]\">\n<div class=\"markdown prose dark:prose-invert w-full break-words light\">\n<p data-start=\"59\" data-end=\"259\" data-is-last-node=\"\" data-is-only-node=\"\"><strong data-start=\"59\" data-end=\"259\" data-is-last-node=\"\">\u00c7aj bio me kurkum\u00eb (49%) dhe p\u00ebrzierje er\u00ebzash si xhinxher, kanell\u00eb, kardamom, koper e karafil. <\/strong><\/p>\n<p data-start=\"59\" data-end=\"259\" data-is-last-node=\"\" data-is-only-node=\"\"><strong data-start=\"59\" data-end=\"259\" data-is-last-node=\"\">Pa kafein\u00eb. <\/strong><strong data-start=\"59\" data-end=\"259\" data-is-last-node=\"\">Mb\u00ebshtet tretjen, redukton inflamacionin dhe forcon imunitetin. <\/strong><\/p>\n<p data-start=\"59\" data-end=\"259\" data-is-last-node=\"\" data-is-only-node=\"\"><strong data-start=\"59\" data-end=\"259\" data-is-last-node=\"\">I certifikuar organik.<\/strong><\/p>\n<\/div>\n<\/div>\n<\/div>\n<\/div>\n<div class=\"flex min-h-[46px] justify-start\">\n<div class=\"touch:-me-2 touch:-ms-3.5 -ms-2.5 -me-1 flex items-center p-1 select-none -mt-1 w-full duration-[1.5s] focus-within:transition-none hover:transition-none pointer-events-none [mask-image:linear-gradient(to_right,black_33%,transparent_66%)] [mask-size:300%_100%] [mask-position:100%_0%] motion-safe:transition-[mask-position] group-hover\/turn-messages:pointer-events-auto group-hover\/turn-messages:[mask-position:0_0] group-focus-within\/turn-messages:pointer-events-auto group-focus-within\/turn-messages:[mask-position:0_0] has-data-[state=open]:pointer-events-auto has-data-[state=open]:[mask-position:0_0]\">\n<p>&nbsp;<\/p>\n<div class=\"flex items-center\"><\/div>\n<\/div>\n<\/div>\n<div class=\"mt-3 w-full empty:hidden\">\n<div class=\"text-center\"><\/div>\n<\/div>\n<\/div>\n<\/div>\n<\/div>\n<\/div>\n<\/article>\n<div class=\"pointer-events-none h-px w-px\" aria-hidden=\"true\" data-edge=\"true\"><\/div>\n","protected":false},"featured_media":7284,"comment_status":"open","ping_status":"closed","template":"","meta":{"_acf_changed":false,"inline_featured_image":false},"kategori-sipas-dietave":[],"kategori-sipas-problemeve-shende":[83],"product_brand":[35],"product_cat":[81,34],"product_tag":[],"class_list":{"0":"post-7253","1":"product","2":"type-product","3":"status-publish","4":"has-post-thumbnail","6":"kategori-sipas-problemeve-shende-tretje-detox","7":"product_brand-sonnentor-sh-p-k","8":"product_cat-caj-bime-mjekesore","9":"product_cat-ereza-bime-aromatike","11":"first","12":"instock","13":"taxable","14":"shipping-taxable","15":"purchasable","16":"product-type-simple"},"acf":[],"yoast_head":"<!-- This site is optimized with the Yoast SEO plugin v27.4 - https:\/\/yoast.com\/product\/yoast-seo-wordpress\/ -->\n<title>\u00c7aj Kurkuma e Art\u00eb - Edesia<\/title>\n<meta name=\"robots\" content=\"index, follow, max-snippet:-1, max-image-preview:large, max-video-preview:-1\" \/>\n<link rel=\"canonical\" href=\"https:\/\/www.edesia.al\/?product=caj-kurkuma-e-arte\" \/>\n<meta property=\"og:locale\" content=\"en_US\" \/>\n<meta property=\"og:type\" content=\"article\" \/>\n<meta property=\"og:title\" content=\"\u00c7aj Kurkuma e Art\u00eb - Edesia\" \/>\n<meta property=\"og:description\" content=\"\u00c7aj bio me kurkum\u00eb (49%) dhe p\u00ebrzierje er\u00ebzash si xhinxher, kanell\u00eb, kardamom, koper e karafil. Pa kafein\u00eb. Mb\u00ebshtet tretjen, redukton inflamacionin dhe forcon imunitetin. I certifikuar organik.     &nbsp;\" \/>\n<meta property=\"og:url\" content=\"https:\/\/www.edesia.al\/?product=caj-kurkuma-e-arte\" \/>\n<meta property=\"og:site_name\" content=\"Edesia\" \/>\n<meta property=\"article:modified_time\" content=\"2026-02-26T11:52:05+00:00\" \/>\n<meta property=\"og:image\" content=\"https:\/\/www.edesia.al\/wp-content\/uploads\/2026\/02\/02517_Goldener_Kurkuma.d8680003-1.jpg\" \/>\n\t<meta property=\"og:image:width\" content=\"593\" \/>\n\t<meta property=\"og:image:height\" content=\"593\" \/>\n\t<meta property=\"og:image:type\" content=\"image\/jpeg\" \/>\n<meta name=\"twitter:card\" content=\"summary_large_image\" \/>\n<meta name=\"twitter:label1\" content=\"Est. reading time\" \/>\n\t<meta name=\"twitter:data1\" content=\"1 minute\" \/>\n<script type=\"application\/ld+json\" class=\"yoast-schema-graph\">{\"@context\":\"https:\\\/\\\/schema.org\",\"@graph\":[{\"@type\":\"WebPage\",\"@id\":\"https:\\\/\\\/www.edesia.al\\\/?product=caj-kurkuma-e-arte\",\"url\":\"https:\\\/\\\/www.edesia.al\\\/?product=caj-kurkuma-e-arte\",\"name\":\"\u00c7aj Kurkuma e Art\u00eb - Edesia\",\"isPartOf\":{\"@id\":\"https:\\\/\\\/www.edesia.al\\\/#website\"},\"primaryImageOfPage\":{\"@id\":\"https:\\\/\\\/www.edesia.al\\\/?product=caj-kurkuma-e-arte#primaryimage\"},\"image\":{\"@id\":\"https:\\\/\\\/www.edesia.al\\\/?product=caj-kurkuma-e-arte#primaryimage\"},\"thumbnailUrl\":\"https:\\\/\\\/www.edesia.al\\\/wp-content\\\/uploads\\\/2026\\\/02\\\/02517_Goldener_Kurkuma.d8680003-1.jpg\",\"datePublished\":\"2026-02-16T21:14:24+00:00\",\"dateModified\":\"2026-02-26T11:52:05+00:00\",\"breadcrumb\":{\"@id\":\"https:\\\/\\\/www.edesia.al\\\/?product=caj-kurkuma-e-arte#breadcrumb\"},\"inLanguage\":\"en-US\",\"potentialAction\":[{\"@type\":\"ReadAction\",\"target\":[\"https:\\\/\\\/www.edesia.al\\\/?product=caj-kurkuma-e-arte\"]}]},{\"@type\":\"ImageObject\",\"inLanguage\":\"en-US\",\"@id\":\"https:\\\/\\\/www.edesia.al\\\/?product=caj-kurkuma-e-arte#primaryimage\",\"url\":\"https:\\\/\\\/www.edesia.al\\\/wp-content\\\/uploads\\\/2026\\\/02\\\/02517_Goldener_Kurkuma.d8680003-1.jpg\",\"contentUrl\":\"https:\\\/\\\/www.edesia.al\\\/wp-content\\\/uploads\\\/2026\\\/02\\\/02517_Goldener_Kurkuma.d8680003-1.jpg\",\"width\":593,\"height\":593},{\"@type\":\"BreadcrumbList\",\"@id\":\"https:\\\/\\\/www.edesia.al\\\/?product=caj-kurkuma-e-arte#breadcrumb\",\"itemListElement\":[{\"@type\":\"ListItem\",\"position\":1,\"name\":\"Home\",\"item\":\"https:\\\/\\\/www.edesia.al\\\/\"},{\"@type\":\"ListItem\",\"position\":2,\"name\":\"Dyqani\",\"item\":\"https:\\\/\\\/www.edesia.al\\\/?page_id=17\"},{\"@type\":\"ListItem\",\"position\":3,\"name\":\"\u00c7aj Kurkuma e Art\u00eb\"}]},{\"@type\":\"WebSite\",\"@id\":\"https:\\\/\\\/www.edesia.al\\\/#website\",\"url\":\"https:\\\/\\\/www.edesia.al\\\/\",\"name\":\"Edesia\",\"description\":\"\",\"publisher\":{\"@id\":\"https:\\\/\\\/www.edesia.al\\\/#organization\"},\"potentialAction\":[{\"@type\":\"SearchAction\",\"target\":{\"@type\":\"EntryPoint\",\"urlTemplate\":\"https:\\\/\\\/www.edesia.al\\\/?s={search_term_string}\"},\"query-input\":{\"@type\":\"PropertyValueSpecification\",\"valueRequired\":true,\"valueName\":\"search_term_string\"}}],\"inLanguage\":\"en-US\"},{\"@type\":\"Organization\",\"@id\":\"https:\\\/\\\/www.edesia.al\\\/#organization\",\"name\":\"Edesia\",\"url\":\"https:\\\/\\\/www.edesia.al\\\/\",\"logo\":{\"@type\":\"ImageObject\",\"inLanguage\":\"en-US\",\"@id\":\"https:\\\/\\\/www.edesia.al\\\/#\\\/schema\\\/logo\\\/image\\\/\",\"url\":\"https:\\\/\\\/www.edesia.al\\\/wp-content\\\/uploads\\\/2026\\\/02\\\/Logo-Edesia-no-background.png\",\"contentUrl\":\"https:\\\/\\\/www.edesia.al\\\/wp-content\\\/uploads\\\/2026\\\/02\\\/Logo-Edesia-no-background.png\",\"width\":293,\"height\":158,\"caption\":\"Edesia\"},\"image\":{\"@id\":\"https:\\\/\\\/www.edesia.al\\\/#\\\/schema\\\/logo\\\/image\\\/\"}}]}<\/script>\n<!-- \/ Yoast SEO plugin. -->","yoast_head_json":{"title":"\u00c7aj Kurkuma e Art\u00eb - Edesia","robots":{"index":"index","follow":"follow","max-snippet":"max-snippet:-1","max-image-preview":"max-image-preview:large","max-video-preview":"max-video-preview:-1"},"canonical":"https:\/\/www.edesia.al\/?product=caj-kurkuma-e-arte","og_locale":"en_US","og_type":"article","og_title":"\u00c7aj Kurkuma e Art\u00eb - Edesia","og_description":"\u00c7aj bio me kurkum\u00eb (49%) dhe p\u00ebrzierje er\u00ebzash si xhinxher, kanell\u00eb, kardamom, koper e karafil. Pa kafein\u00eb. Mb\u00ebshtet tretjen, redukton inflamacionin dhe forcon imunitetin. I certifikuar organik.     &nbsp;","og_url":"https:\/\/www.edesia.al\/?product=caj-kurkuma-e-arte","og_site_name":"Edesia","article_modified_time":"2026-02-26T11:52:05+00:00","og_image":[{"width":593,"height":593,"url":"https:\/\/www.edesia.al\/wp-content\/uploads\/2026\/02\/02517_Goldener_Kurkuma.d8680003-1.jpg","type":"image\/jpeg"}],"twitter_card":"summary_large_image","twitter_misc":{"Est. reading time":"1 minute"},"schema":{"@context":"https:\/\/schema.org","@graph":[{"@type":"WebPage","@id":"https:\/\/www.edesia.al\/?product=caj-kurkuma-e-arte","url":"https:\/\/www.edesia.al\/?product=caj-kurkuma-e-arte","name":"\u00c7aj Kurkuma e Art\u00eb - Edesia","isPartOf":{"@id":"https:\/\/www.edesia.al\/#website"},"primaryImageOfPage":{"@id":"https:\/\/www.edesia.al\/?product=caj-kurkuma-e-arte#primaryimage"},"image":{"@id":"https:\/\/www.edesia.al\/?product=caj-kurkuma-e-arte#primaryimage"},"thumbnailUrl":"https:\/\/www.edesia.al\/wp-content\/uploads\/2026\/02\/02517_Goldener_Kurkuma.d8680003-1.jpg","datePublished":"2026-02-16T21:14:24+00:00","dateModified":"2026-02-26T11:52:05+00:00","breadcrumb":{"@id":"https:\/\/www.edesia.al\/?product=caj-kurkuma-e-arte#breadcrumb"},"inLanguage":"en-US","potentialAction":[{"@type":"ReadAction","target":["https:\/\/www.edesia.al\/?product=caj-kurkuma-e-arte"]}]},{"@type":"ImageObject","inLanguage":"en-US","@id":"https:\/\/www.edesia.al\/?product=caj-kurkuma-e-arte#primaryimage","url":"https:\/\/www.edesia.al\/wp-content\/uploads\/2026\/02\/02517_Goldener_Kurkuma.d8680003-1.jpg","contentUrl":"https:\/\/www.edesia.al\/wp-content\/uploads\/2026\/02\/02517_Goldener_Kurkuma.d8680003-1.jpg","width":593,"height":593},{"@type":"BreadcrumbList","@id":"https:\/\/www.edesia.al\/?product=caj-kurkuma-e-arte#breadcrumb","itemListElement":[{"@type":"ListItem","position":1,"name":"Home","item":"https:\/\/www.edesia.al\/"},{"@type":"ListItem","position":2,"name":"Dyqani","item":"https:\/\/www.edesia.al\/?page_id=17"},{"@type":"ListItem","position":3,"name":"\u00c7aj Kurkuma e Art\u00eb"}]},{"@type":"WebSite","@id":"https:\/\/www.edesia.al\/#website","url":"https:\/\/www.edesia.al\/","name":"Edesia","description":"","publisher":{"@id":"https:\/\/www.edesia.al\/#organization"},"potentialAction":[{"@type":"SearchAction","target":{"@type":"EntryPoint","urlTemplate":"https:\/\/www.edesia.al\/?s={search_term_string}"},"query-input":{"@type":"PropertyValueSpecification","valueRequired":true,"valueName":"search_term_string"}}],"inLanguage":"en-US"},{"@type":"Organization","@id":"https:\/\/www.edesia.al\/#organization","name":"Edesia","url":"https:\/\/www.edesia.al\/","logo":{"@type":"ImageObject","inLanguage":"en-US","@id":"https:\/\/www.edesia.al\/#\/schema\/logo\/image\/","url":"https:\/\/www.edesia.al\/wp-content\/uploads\/2026\/02\/Logo-Edesia-no-background.png","contentUrl":"https:\/\/www.edesia.al\/wp-content\/uploads\/2026\/02\/Logo-Edesia-no-background.png","width":293,"height":158,"caption":"Edesia"},"image":{"@id":"https:\/\/www.edesia.al\/#\/schema\/logo\/image\/"}}]}},"_links":{"self":[{"href":"https:\/\/www.edesia.al\/index.php?rest_route=\/wp\/v2\/product\/7253","targetHints":{"allow":["GET"]}}],"collection":[{"href":"https:\/\/www.edesia.al\/index.php?rest_route=\/wp\/v2\/product"}],"about":[{"href":"https:\/\/www.edesia.al\/index.php?rest_route=\/wp\/v2\/types\/product"}],"replies":[{"embeddable":true,"href":"https:\/\/www.edesia.al\/index.php?rest_route=%2Fwp%2Fv2%2Fcomments&post=7253"}],"wp:featuredmedia":[{"embeddable":true,"href":"https:\/\/www.edesia.al\/index.php?rest_route=\/wp\/v2\/media\/7284"}],"wp:attachment":[{"href":"https:\/\/www.edesia.al\/index.php?rest_route=%2Fwp%2Fv2%2Fmedia&parent=7253"}],"wp:term":[{"taxonomy":"kategori-sipas-dietave","embeddable":true,"href":"https:\/\/www.edesia.al\/index.php?rest_route=%2Fwp%2Fv2%2Fkategori-sipas-dietave&post=7253"},{"taxonomy":"kategori-sipas-problemeve-shende","embeddable":true,"href":"https:\/\/www.edesia.al\/index.php?rest_route=%2Fwp%2Fv2%2Fkategori-sipas-problemeve-shende&post=7253"},{"taxonomy":"product_brand","embeddable":true,"href":"https:\/\/www.edesia.al\/index.php?rest_route=%2Fwp%2Fv2%2Fproduct_brand&post=7253"},{"taxonomy":"product_cat","embeddable":true,"href":"https:\/\/www.edesia.al\/index.php?rest_route=%2Fwp%2Fv2%2Fproduct_cat&post=7253"},{"taxonomy":"product_tag","embeddable":true,"href":"https:\/\/www.edesia.al\/index.php?rest_route=%2Fwp%2Fv2%2Fproduct_tag&post=7253"}],"curies":[{"name":"wp","href":"https:\/\/api.w.org\/{rel}","templated":true}]}}