{"id":7275,"date":"2026-02-16T21:14:28","date_gmt":"2026-02-16T21:14:28","guid":{"rendered":"https:\/\/www.edesia.al\/?post_type=product&#038;p=7275"},"modified":"2026-02-26T12:33:59","modified_gmt":"2026-02-26T12:33:59","slug":"fara-e-zeze-nigella-sativa","status":"publish","type":"product","link":"https:\/\/www.edesia.al\/?product=fara-e-zeze-nigella-sativa","title":{"rendered":"Fara e Zez\u00eb (Nigella sativa)"},"content":{"rendered":"<h3><strong data-start=\"101\" data-end=\"133\">Fara e Zez\u00eb (Nigella sativa)\u00a0<\/strong> ( 40 gr)<\/h3>\n<p>\ud83c\udf3f <strong data-start=\"139\" data-end=\"203\">Superushqim i fuqish\u00ebm me p\u00ebrdorim tradicional prej shekujsh<\/strong><\/p>\n<p data-start=\"205\" data-end=\"493\">\u2022 Me <strong data-start=\"210\" data-end=\"233\">veprim antioksidues<\/strong>, anti-inflamator dhe p\u00ebrforcues t\u00eb imunitetit<br data-start=\"279\" data-end=\"282\" \/>\u2022 Mb\u00ebshtet <strong data-start=\"293\" data-end=\"304\">tretjen<\/strong>, <strong data-start=\"306\" data-end=\"322\">frym\u00ebmarrjen<\/strong> dhe <strong data-start=\"327\" data-end=\"349\">balanc\u00ebn hormonale<\/strong><br data-start=\"349\" data-end=\"352\" \/>\u2022 E pasur me <strong data-start=\"365\" data-end=\"393\">acide yndyrore esenciale<\/strong> dhe p\u00ebrb\u00ebr\u00ebs aktiv\u00eb natyral\u00eb<br data-start=\"422\" data-end=\"425\" \/>\u2022 Ideale p\u00ebr p\u00ebrdorim t\u00eb p\u00ebrditsh\u00ebm n\u00eb dieta natyrale ose suplemente<\/p>\n<p data-start=\"495\" data-end=\"566\">\u2705 <strong data-start=\"497\" data-end=\"526\">Produkt i certifikuar BIO<\/strong> \u2013 cil\u00ebsi e garantuar p\u00ebr sh\u00ebndetin tuaj<\/p>\n","protected":false},"excerpt":{"rendered":"<p>Fara e Zez\u00eb (Nigella sativa)\u00a0 ( 40 gr) \ud83c\udf3f Superushqim i fuqish\u00ebm me p\u00ebrdorim tradicional prej shekujsh \u2022 Me veprim antioksidues, anti-inflamator dhe p\u00ebrforcues t\u00eb imunitetit\u2022 Mb\u00ebshtet tretjen, frym\u00ebmarrjen dhe balanc\u00ebn hormonale\u2022 E pasur me acide yndyrore esenciale dhe p\u00ebrb\u00ebr\u00ebs aktiv\u00eb natyral\u00eb\u2022 Ideale p\u00ebr p\u00ebrdorim t\u00eb p\u00ebrditsh\u00ebm n\u00eb dieta natyrale ose suplemente \u2705 Produkt i[&#8230;]<\/p>\n","protected":false},"featured_media":7331,"comment_status":"open","ping_status":"closed","template":"","meta":{"_acf_changed":false,"inline_featured_image":false},"kategori-sipas-dietave":[89],"kategori-sipas-problemeve-shende":[85],"product_brand":[32],"product_cat":[33,26],"product_tag":[],"class_list":{"0":"post-7275","1":"product","2":"type-product","3":"status-publish","4":"has-post-thumbnail","6":"kategori-sipas-dietave-vegan","7":"kategori-sipas-problemeve-shende-imuniteti","8":"product_brand-bioagros","9":"product_cat-fara-bio","10":"product_cat-ushqime-bio","12":"first","13":"instock","14":"taxable","15":"shipping-taxable","16":"purchasable","17":"product-type-simple"},"acf":[],"yoast_head":"<!-- This site is optimized with the Yoast SEO plugin v27.4 - https:\/\/yoast.com\/product\/yoast-seo-wordpress\/ -->\n<title>Fara e Zez\u00eb (Nigella sativa) - Edesia<\/title>\n<meta name=\"robots\" content=\"index, follow, max-snippet:-1, max-image-preview:large, max-video-preview:-1\" \/>\n<link rel=\"canonical\" href=\"https:\/\/www.edesia.al\/?product=fara-e-zeze-nigella-sativa\" \/>\n<meta property=\"og:locale\" content=\"en_US\" \/>\n<meta property=\"og:type\" content=\"article\" \/>\n<meta property=\"og:title\" content=\"Fara e Zez\u00eb (Nigella sativa) - Edesia\" \/>\n<meta property=\"og:description\" content=\"Fara e Zez\u00eb (Nigella sativa)\u00a0 ( 40 gr) \ud83c\udf3f Superushqim i fuqish\u00ebm me p\u00ebrdorim tradicional prej shekujsh \u2022 Me veprim antioksidues, anti-inflamator dhe p\u00ebrforcues t\u00eb imunitetit\u2022 Mb\u00ebshtet tretjen, frym\u00ebmarrjen dhe balanc\u00ebn hormonale\u2022 E pasur me acide yndyrore esenciale dhe p\u00ebrb\u00ebr\u00ebs aktiv\u00eb natyral\u00eb\u2022 Ideale p\u00ebr p\u00ebrdorim t\u00eb p\u00ebrditsh\u00ebm n\u00eb dieta natyrale ose suplemente \u2705 Produkt i[...]\" \/>\n<meta property=\"og:url\" content=\"https:\/\/www.edesia.al\/?product=fara-e-zeze-nigella-sativa\" \/>\n<meta property=\"og:site_name\" content=\"Edesia\" \/>\n<meta property=\"article:modified_time\" content=\"2026-02-26T12:33:59+00:00\" \/>\n<meta property=\"og:image\" content=\"https:\/\/www.edesia.al\/wp-content\/uploads\/2026\/02\/211011641-1.png\" \/>\n\t<meta property=\"og:image:width\" content=\"600\" \/>\n\t<meta property=\"og:image:height\" content=\"600\" \/>\n\t<meta property=\"og:image:type\" content=\"image\/png\" \/>\n<meta name=\"twitter:card\" content=\"summary_large_image\" \/>\n<script type=\"application\/ld+json\" class=\"yoast-schema-graph\">{\"@context\":\"https:\\\/\\\/schema.org\",\"@graph\":[{\"@type\":\"WebPage\",\"@id\":\"https:\\\/\\\/www.edesia.al\\\/?product=fara-e-zeze-nigella-sativa\",\"url\":\"https:\\\/\\\/www.edesia.al\\\/?product=fara-e-zeze-nigella-sativa\",\"name\":\"Fara e Zez\u00eb (Nigella sativa) - Edesia\",\"isPartOf\":{\"@id\":\"https:\\\/\\\/www.edesia.al\\\/#website\"},\"primaryImageOfPage\":{\"@id\":\"https:\\\/\\\/www.edesia.al\\\/?product=fara-e-zeze-nigella-sativa#primaryimage\"},\"image\":{\"@id\":\"https:\\\/\\\/www.edesia.al\\\/?product=fara-e-zeze-nigella-sativa#primaryimage\"},\"thumbnailUrl\":\"https:\\\/\\\/www.edesia.al\\\/wp-content\\\/uploads\\\/2026\\\/02\\\/211011641-1.png\",\"datePublished\":\"2026-02-16T21:14:28+00:00\",\"dateModified\":\"2026-02-26T12:33:59+00:00\",\"breadcrumb\":{\"@id\":\"https:\\\/\\\/www.edesia.al\\\/?product=fara-e-zeze-nigella-sativa#breadcrumb\"},\"inLanguage\":\"en-US\",\"potentialAction\":[{\"@type\":\"ReadAction\",\"target\":[\"https:\\\/\\\/www.edesia.al\\\/?product=fara-e-zeze-nigella-sativa\"]}]},{\"@type\":\"ImageObject\",\"inLanguage\":\"en-US\",\"@id\":\"https:\\\/\\\/www.edesia.al\\\/?product=fara-e-zeze-nigella-sativa#primaryimage\",\"url\":\"https:\\\/\\\/www.edesia.al\\\/wp-content\\\/uploads\\\/2026\\\/02\\\/211011641-1.png\",\"contentUrl\":\"https:\\\/\\\/www.edesia.al\\\/wp-content\\\/uploads\\\/2026\\\/02\\\/211011641-1.png\",\"width\":600,\"height\":600},{\"@type\":\"BreadcrumbList\",\"@id\":\"https:\\\/\\\/www.edesia.al\\\/?product=fara-e-zeze-nigella-sativa#breadcrumb\",\"itemListElement\":[{\"@type\":\"ListItem\",\"position\":1,\"name\":\"Home\",\"item\":\"https:\\\/\\\/www.edesia.al\\\/\"},{\"@type\":\"ListItem\",\"position\":2,\"name\":\"Dyqani\",\"item\":\"https:\\\/\\\/www.edesia.al\\\/?page_id=17\"},{\"@type\":\"ListItem\",\"position\":3,\"name\":\"Fara e Zez\u00eb (Nigella sativa)\"}]},{\"@type\":\"WebSite\",\"@id\":\"https:\\\/\\\/www.edesia.al\\\/#website\",\"url\":\"https:\\\/\\\/www.edesia.al\\\/\",\"name\":\"Edesia\",\"description\":\"\",\"publisher\":{\"@id\":\"https:\\\/\\\/www.edesia.al\\\/#organization\"},\"potentialAction\":[{\"@type\":\"SearchAction\",\"target\":{\"@type\":\"EntryPoint\",\"urlTemplate\":\"https:\\\/\\\/www.edesia.al\\\/?s={search_term_string}\"},\"query-input\":{\"@type\":\"PropertyValueSpecification\",\"valueRequired\":true,\"valueName\":\"search_term_string\"}}],\"inLanguage\":\"en-US\"},{\"@type\":\"Organization\",\"@id\":\"https:\\\/\\\/www.edesia.al\\\/#organization\",\"name\":\"Edesia\",\"url\":\"https:\\\/\\\/www.edesia.al\\\/\",\"logo\":{\"@type\":\"ImageObject\",\"inLanguage\":\"en-US\",\"@id\":\"https:\\\/\\\/www.edesia.al\\\/#\\\/schema\\\/logo\\\/image\\\/\",\"url\":\"https:\\\/\\\/www.edesia.al\\\/wp-content\\\/uploads\\\/2026\\\/02\\\/Logo-Edesia-no-background.png\",\"contentUrl\":\"https:\\\/\\\/www.edesia.al\\\/wp-content\\\/uploads\\\/2026\\\/02\\\/Logo-Edesia-no-background.png\",\"width\":293,\"height\":158,\"caption\":\"Edesia\"},\"image\":{\"@id\":\"https:\\\/\\\/www.edesia.al\\\/#\\\/schema\\\/logo\\\/image\\\/\"}}]}<\/script>\n<!-- \/ Yoast SEO plugin. -->","yoast_head_json":{"title":"Fara e Zez\u00eb (Nigella sativa) - Edesia","robots":{"index":"index","follow":"follow","max-snippet":"max-snippet:-1","max-image-preview":"max-image-preview:large","max-video-preview":"max-video-preview:-1"},"canonical":"https:\/\/www.edesia.al\/?product=fara-e-zeze-nigella-sativa","og_locale":"en_US","og_type":"article","og_title":"Fara e Zez\u00eb (Nigella sativa) - Edesia","og_description":"Fara e Zez\u00eb (Nigella sativa)\u00a0 ( 40 gr) \ud83c\udf3f Superushqim i fuqish\u00ebm me p\u00ebrdorim tradicional prej shekujsh \u2022 Me veprim antioksidues, anti-inflamator dhe p\u00ebrforcues t\u00eb imunitetit\u2022 Mb\u00ebshtet tretjen, frym\u00ebmarrjen dhe balanc\u00ebn hormonale\u2022 E pasur me acide yndyrore esenciale dhe p\u00ebrb\u00ebr\u00ebs aktiv\u00eb natyral\u00eb\u2022 Ideale p\u00ebr p\u00ebrdorim t\u00eb p\u00ebrditsh\u00ebm n\u00eb dieta natyrale ose suplemente \u2705 Produkt i[...]","og_url":"https:\/\/www.edesia.al\/?product=fara-e-zeze-nigella-sativa","og_site_name":"Edesia","article_modified_time":"2026-02-26T12:33:59+00:00","og_image":[{"width":600,"height":600,"url":"https:\/\/www.edesia.al\/wp-content\/uploads\/2026\/02\/211011641-1.png","type":"image\/png"}],"twitter_card":"summary_large_image","schema":{"@context":"https:\/\/schema.org","@graph":[{"@type":"WebPage","@id":"https:\/\/www.edesia.al\/?product=fara-e-zeze-nigella-sativa","url":"https:\/\/www.edesia.al\/?product=fara-e-zeze-nigella-sativa","name":"Fara e Zez\u00eb (Nigella sativa) - Edesia","isPartOf":{"@id":"https:\/\/www.edesia.al\/#website"},"primaryImageOfPage":{"@id":"https:\/\/www.edesia.al\/?product=fara-e-zeze-nigella-sativa#primaryimage"},"image":{"@id":"https:\/\/www.edesia.al\/?product=fara-e-zeze-nigella-sativa#primaryimage"},"thumbnailUrl":"https:\/\/www.edesia.al\/wp-content\/uploads\/2026\/02\/211011641-1.png","datePublished":"2026-02-16T21:14:28+00:00","dateModified":"2026-02-26T12:33:59+00:00","breadcrumb":{"@id":"https:\/\/www.edesia.al\/?product=fara-e-zeze-nigella-sativa#breadcrumb"},"inLanguage":"en-US","potentialAction":[{"@type":"ReadAction","target":["https:\/\/www.edesia.al\/?product=fara-e-zeze-nigella-sativa"]}]},{"@type":"ImageObject","inLanguage":"en-US","@id":"https:\/\/www.edesia.al\/?product=fara-e-zeze-nigella-sativa#primaryimage","url":"https:\/\/www.edesia.al\/wp-content\/uploads\/2026\/02\/211011641-1.png","contentUrl":"https:\/\/www.edesia.al\/wp-content\/uploads\/2026\/02\/211011641-1.png","width":600,"height":600},{"@type":"BreadcrumbList","@id":"https:\/\/www.edesia.al\/?product=fara-e-zeze-nigella-sativa#breadcrumb","itemListElement":[{"@type":"ListItem","position":1,"name":"Home","item":"https:\/\/www.edesia.al\/"},{"@type":"ListItem","position":2,"name":"Dyqani","item":"https:\/\/www.edesia.al\/?page_id=17"},{"@type":"ListItem","position":3,"name":"Fara e Zez\u00eb (Nigella sativa)"}]},{"@type":"WebSite","@id":"https:\/\/www.edesia.al\/#website","url":"https:\/\/www.edesia.al\/","name":"Edesia","description":"","publisher":{"@id":"https:\/\/www.edesia.al\/#organization"},"potentialAction":[{"@type":"SearchAction","target":{"@type":"EntryPoint","urlTemplate":"https:\/\/www.edesia.al\/?s={search_term_string}"},"query-input":{"@type":"PropertyValueSpecification","valueRequired":true,"valueName":"search_term_string"}}],"inLanguage":"en-US"},{"@type":"Organization","@id":"https:\/\/www.edesia.al\/#organization","name":"Edesia","url":"https:\/\/www.edesia.al\/","logo":{"@type":"ImageObject","inLanguage":"en-US","@id":"https:\/\/www.edesia.al\/#\/schema\/logo\/image\/","url":"https:\/\/www.edesia.al\/wp-content\/uploads\/2026\/02\/Logo-Edesia-no-background.png","contentUrl":"https:\/\/www.edesia.al\/wp-content\/uploads\/2026\/02\/Logo-Edesia-no-background.png","width":293,"height":158,"caption":"Edesia"},"image":{"@id":"https:\/\/www.edesia.al\/#\/schema\/logo\/image\/"}}]}},"_links":{"self":[{"href":"https:\/\/www.edesia.al\/index.php?rest_route=\/wp\/v2\/product\/7275","targetHints":{"allow":["GET"]}}],"collection":[{"href":"https:\/\/www.edesia.al\/index.php?rest_route=\/wp\/v2\/product"}],"about":[{"href":"https:\/\/www.edesia.al\/index.php?rest_route=\/wp\/v2\/types\/product"}],"replies":[{"embeddable":true,"href":"https:\/\/www.edesia.al\/index.php?rest_route=%2Fwp%2Fv2%2Fcomments&post=7275"}],"wp:featuredmedia":[{"embeddable":true,"href":"https:\/\/www.edesia.al\/index.php?rest_route=\/wp\/v2\/media\/7331"}],"wp:attachment":[{"href":"https:\/\/www.edesia.al\/index.php?rest_route=%2Fwp%2Fv2%2Fmedia&parent=7275"}],"wp:term":[{"taxonomy":"kategori-sipas-dietave","embeddable":true,"href":"https:\/\/www.edesia.al\/index.php?rest_route=%2Fwp%2Fv2%2Fkategori-sipas-dietave&post=7275"},{"taxonomy":"kategori-sipas-problemeve-shende","embeddable":true,"href":"https:\/\/www.edesia.al\/index.php?rest_route=%2Fwp%2Fv2%2Fkategori-sipas-problemeve-shende&post=7275"},{"taxonomy":"product_brand","embeddable":true,"href":"https:\/\/www.edesia.al\/index.php?rest_route=%2Fwp%2Fv2%2Fproduct_brand&post=7275"},{"taxonomy":"product_cat","embeddable":true,"href":"https:\/\/www.edesia.al\/index.php?rest_route=%2Fwp%2Fv2%2Fproduct_cat&post=7275"},{"taxonomy":"product_tag","embeddable":true,"href":"https:\/\/www.edesia.al\/index.php?rest_route=%2Fwp%2Fv2%2Fproduct_tag&post=7275"}],"curies":[{"name":"wp","href":"https:\/\/api.w.org\/{rel}","templated":true}]}}