{"id":7304,"date":"2026-02-16T21:14:49","date_gmt":"2026-02-16T21:14:49","guid":{"rendered":"https:\/\/www.edesia.al\/?post_type=product&#038;p=7304"},"modified":"2026-02-26T12:35:09","modified_gmt":"2026-02-26T12:35:09","slug":"ene-qelqi-per-pergatitjen-e-kefirit","status":"publish","type":"product","link":"https:\/\/www.edesia.al\/?product=ene-qelqi-per-pergatitjen-e-kefirit","title":{"rendered":"En\u00eb Qelqi P\u00ebr P\u00ebrgatitjen e Kefirit"},"content":{"rendered":"<h3>En\u00eb Qelqi P\u00ebr P\u00ebrgatitjen e Kefirit &#8211; 900 ml<\/h3>\n<p data-start=\"329\" data-end=\"582\">Kjo en\u00eb qelqi \u00ebsht\u00eb krijuar posa\u00e7\u00ebrisht p\u00ebr p\u00ebrgatitjen e kefirit n\u00eb kushte optimale. Vjen me kapak t\u00eb p\u00ebrshtatsh\u00ebm p\u00ebr fermentim dhe kullim t\u00eb leht\u00eb, si dhe me <strong data-start=\"490\" data-end=\"512\">fermentation clock<\/strong>, nj\u00eb ndihm\u00ebs praktik p\u00ebr t\u00eb mbajtur n\u00ebn kontroll dit\u00ebt e fermentimit.<\/p>\n<ul data-start=\"584\" data-end=\"970\">\n<li data-start=\"584\" data-end=\"650\">\n<p data-start=\"586\" data-end=\"650\"><strong data-start=\"586\" data-end=\"624\">Qelq cil\u00ebsor dhe i sigurt ushqimor<\/strong>, pa kimikate t\u00eb d\u00ebmshme<\/p>\n<\/li>\n<li data-start=\"651\" data-end=\"739\">\n<p data-start=\"653\" data-end=\"739\">Kapak funksional p\u00ebr <strong data-start=\"674\" data-end=\"698\">mbyllje jo hermetike<\/strong>, i p\u00ebrshtatsh\u00ebm p\u00ebr ajrosje dhe kullim<\/p>\n<\/li>\n<li data-start=\"740\" data-end=\"822\">\n<p data-start=\"742\" data-end=\"822\"><strong data-start=\"742\" data-end=\"764\">Fermentation clock<\/strong> p\u00ebr t\u00eb sh\u00ebnuar leht\u00ebsisht dit\u00ebn kur ka nisur fermentimi<\/p>\n<\/li>\n<li data-start=\"823\" data-end=\"909\">\n<p data-start=\"825\" data-end=\"909\">I p\u00ebrshtatsh\u00ebm p\u00ebr p\u00ebrgatitjen e kefirit, kosit apo pijeve t\u00eb tjera t\u00eb fermentuara<\/p>\n<\/li>\n<li data-start=\"910\" data-end=\"970\">\n<p data-start=\"912\" data-end=\"970\">Mund t\u00eb p\u00ebrdoret edhe p\u00ebr ruajtjen e kefirit n\u00eb frigorifer<\/p>\n<\/li>\n<\/ul>\n","protected":false},"excerpt":{"rendered":"<p>En\u00eb Qelqi P\u00ebr P\u00ebrgatitjen e Kefirit &#8211; 900 ml Kjo en\u00eb qelqi \u00ebsht\u00eb krijuar posa\u00e7\u00ebrisht p\u00ebr p\u00ebrgatitjen e kefirit n\u00eb kushte optimale. Vjen me kapak t\u00eb p\u00ebrshtatsh\u00ebm p\u00ebr fermentim dhe kullim t\u00eb leht\u00eb, si dhe me fermentation clock, nj\u00eb ndihm\u00ebs praktik p\u00ebr t\u00eb mbajtur n\u00ebn kontroll dit\u00ebt e fermentimit. Qelq cil\u00ebsor dhe i sigurt ushqimor,[&#8230;]<\/p>\n","protected":false},"featured_media":7335,"comment_status":"open","ping_status":"closed","template":"","meta":{"_acf_changed":false,"inline_featured_image":false},"kategori-sipas-dietave":[],"kategori-sipas-problemeve-shende":[],"product_brand":[55],"product_cat":[78,44],"product_tag":[],"class_list":{"0":"post-7304","1":"product","2":"type-product","3":"status-publish","4":"has-post-thumbnail","6":"product_brand-kefirko","7":"product_cat-mjete-fermentimi","8":"product_cat-shtepi-stil-jetese","10":"first","11":"outofstock","12":"taxable","13":"shipping-taxable","14":"purchasable","15":"product-type-simple"},"acf":[],"yoast_head":"<!-- This site is optimized with the Yoast SEO plugin v27.4 - https:\/\/yoast.com\/product\/yoast-seo-wordpress\/ -->\n<title>En\u00eb Qelqi P\u00ebr P\u00ebrgatitjen e Kefirit - Edesia<\/title>\n<meta name=\"robots\" content=\"index, follow, max-snippet:-1, max-image-preview:large, max-video-preview:-1\" \/>\n<link rel=\"canonical\" href=\"https:\/\/www.edesia.al\/?product=ene-qelqi-per-pergatitjen-e-kefirit\" \/>\n<meta property=\"og:locale\" content=\"en_US\" \/>\n<meta property=\"og:type\" content=\"article\" \/>\n<meta property=\"og:title\" content=\"En\u00eb Qelqi P\u00ebr P\u00ebrgatitjen e Kefirit - Edesia\" \/>\n<meta property=\"og:description\" content=\"En\u00eb Qelqi P\u00ebr P\u00ebrgatitjen e Kefirit &#8211; 900 ml Kjo en\u00eb qelqi \u00ebsht\u00eb krijuar posa\u00e7\u00ebrisht p\u00ebr p\u00ebrgatitjen e kefirit n\u00eb kushte optimale. Vjen me kapak t\u00eb p\u00ebrshtatsh\u00ebm p\u00ebr fermentim dhe kullim t\u00eb leht\u00eb, si dhe me fermentation clock, nj\u00eb ndihm\u00ebs praktik p\u00ebr t\u00eb mbajtur n\u00ebn kontroll dit\u00ebt e fermentimit. Qelq cil\u00ebsor dhe i sigurt ushqimor,[...]\" \/>\n<meta property=\"og:url\" content=\"https:\/\/www.edesia.al\/?product=ene-qelqi-per-pergatitjen-e-kefirit\" \/>\n<meta property=\"og:site_name\" content=\"Edesia\" \/>\n<meta property=\"article:modified_time\" content=\"2026-02-26T12:35:09+00:00\" \/>\n<meta property=\"og:image\" content=\"https:\/\/www.edesia.al\/wp-content\/uploads\/2026\/02\/KEFIR-FERMENTER-7-1300x975-1-1.webp\" \/>\n\t<meta property=\"og:image:width\" content=\"1300\" \/>\n\t<meta property=\"og:image:height\" content=\"975\" \/>\n\t<meta property=\"og:image:type\" content=\"image\/webp\" \/>\n<meta name=\"twitter:card\" content=\"summary_large_image\" \/>\n<meta name=\"twitter:label1\" content=\"Est. reading time\" \/>\n\t<meta name=\"twitter:data1\" content=\"1 minute\" \/>\n<script type=\"application\/ld+json\" class=\"yoast-schema-graph\">{\"@context\":\"https:\\\/\\\/schema.org\",\"@graph\":[{\"@type\":\"WebPage\",\"@id\":\"https:\\\/\\\/www.edesia.al\\\/?product=ene-qelqi-per-pergatitjen-e-kefirit\",\"url\":\"https:\\\/\\\/www.edesia.al\\\/?product=ene-qelqi-per-pergatitjen-e-kefirit\",\"name\":\"En\u00eb Qelqi P\u00ebr P\u00ebrgatitjen e Kefirit - Edesia\",\"isPartOf\":{\"@id\":\"https:\\\/\\\/www.edesia.al\\\/#website\"},\"primaryImageOfPage\":{\"@id\":\"https:\\\/\\\/www.edesia.al\\\/?product=ene-qelqi-per-pergatitjen-e-kefirit#primaryimage\"},\"image\":{\"@id\":\"https:\\\/\\\/www.edesia.al\\\/?product=ene-qelqi-per-pergatitjen-e-kefirit#primaryimage\"},\"thumbnailUrl\":\"https:\\\/\\\/www.edesia.al\\\/wp-content\\\/uploads\\\/2026\\\/02\\\/KEFIR-FERMENTER-7-1300x975-1-1.webp\",\"datePublished\":\"2026-02-16T21:14:49+00:00\",\"dateModified\":\"2026-02-26T12:35:09+00:00\",\"breadcrumb\":{\"@id\":\"https:\\\/\\\/www.edesia.al\\\/?product=ene-qelqi-per-pergatitjen-e-kefirit#breadcrumb\"},\"inLanguage\":\"en-US\",\"potentialAction\":[{\"@type\":\"ReadAction\",\"target\":[\"https:\\\/\\\/www.edesia.al\\\/?product=ene-qelqi-per-pergatitjen-e-kefirit\"]}]},{\"@type\":\"ImageObject\",\"inLanguage\":\"en-US\",\"@id\":\"https:\\\/\\\/www.edesia.al\\\/?product=ene-qelqi-per-pergatitjen-e-kefirit#primaryimage\",\"url\":\"https:\\\/\\\/www.edesia.al\\\/wp-content\\\/uploads\\\/2026\\\/02\\\/KEFIR-FERMENTER-7-1300x975-1-1.webp\",\"contentUrl\":\"https:\\\/\\\/www.edesia.al\\\/wp-content\\\/uploads\\\/2026\\\/02\\\/KEFIR-FERMENTER-7-1300x975-1-1.webp\",\"width\":1300,\"height\":975},{\"@type\":\"BreadcrumbList\",\"@id\":\"https:\\\/\\\/www.edesia.al\\\/?product=ene-qelqi-per-pergatitjen-e-kefirit#breadcrumb\",\"itemListElement\":[{\"@type\":\"ListItem\",\"position\":1,\"name\":\"Home\",\"item\":\"https:\\\/\\\/www.edesia.al\\\/\"},{\"@type\":\"ListItem\",\"position\":2,\"name\":\"Dyqani\",\"item\":\"https:\\\/\\\/www.edesia.al\\\/?page_id=17\"},{\"@type\":\"ListItem\",\"position\":3,\"name\":\"En\u00eb Qelqi P\u00ebr P\u00ebrgatitjen e Kefirit\"}]},{\"@type\":\"WebSite\",\"@id\":\"https:\\\/\\\/www.edesia.al\\\/#website\",\"url\":\"https:\\\/\\\/www.edesia.al\\\/\",\"name\":\"Edesia\",\"description\":\"\",\"publisher\":{\"@id\":\"https:\\\/\\\/www.edesia.al\\\/#organization\"},\"potentialAction\":[{\"@type\":\"SearchAction\",\"target\":{\"@type\":\"EntryPoint\",\"urlTemplate\":\"https:\\\/\\\/www.edesia.al\\\/?s={search_term_string}\"},\"query-input\":{\"@type\":\"PropertyValueSpecification\",\"valueRequired\":true,\"valueName\":\"search_term_string\"}}],\"inLanguage\":\"en-US\"},{\"@type\":\"Organization\",\"@id\":\"https:\\\/\\\/www.edesia.al\\\/#organization\",\"name\":\"Edesia\",\"url\":\"https:\\\/\\\/www.edesia.al\\\/\",\"logo\":{\"@type\":\"ImageObject\",\"inLanguage\":\"en-US\",\"@id\":\"https:\\\/\\\/www.edesia.al\\\/#\\\/schema\\\/logo\\\/image\\\/\",\"url\":\"https:\\\/\\\/www.edesia.al\\\/wp-content\\\/uploads\\\/2026\\\/02\\\/Logo-Edesia-no-background.png\",\"contentUrl\":\"https:\\\/\\\/www.edesia.al\\\/wp-content\\\/uploads\\\/2026\\\/02\\\/Logo-Edesia-no-background.png\",\"width\":293,\"height\":158,\"caption\":\"Edesia\"},\"image\":{\"@id\":\"https:\\\/\\\/www.edesia.al\\\/#\\\/schema\\\/logo\\\/image\\\/\"}}]}<\/script>\n<!-- \/ Yoast SEO plugin. -->","yoast_head_json":{"title":"En\u00eb Qelqi P\u00ebr P\u00ebrgatitjen e Kefirit - Edesia","robots":{"index":"index","follow":"follow","max-snippet":"max-snippet:-1","max-image-preview":"max-image-preview:large","max-video-preview":"max-video-preview:-1"},"canonical":"https:\/\/www.edesia.al\/?product=ene-qelqi-per-pergatitjen-e-kefirit","og_locale":"en_US","og_type":"article","og_title":"En\u00eb Qelqi P\u00ebr P\u00ebrgatitjen e Kefirit - Edesia","og_description":"En\u00eb Qelqi P\u00ebr P\u00ebrgatitjen e Kefirit &#8211; 900 ml Kjo en\u00eb qelqi \u00ebsht\u00eb krijuar posa\u00e7\u00ebrisht p\u00ebr p\u00ebrgatitjen e kefirit n\u00eb kushte optimale. Vjen me kapak t\u00eb p\u00ebrshtatsh\u00ebm p\u00ebr fermentim dhe kullim t\u00eb leht\u00eb, si dhe me fermentation clock, nj\u00eb ndihm\u00ebs praktik p\u00ebr t\u00eb mbajtur n\u00ebn kontroll dit\u00ebt e fermentimit. Qelq cil\u00ebsor dhe i sigurt ushqimor,[...]","og_url":"https:\/\/www.edesia.al\/?product=ene-qelqi-per-pergatitjen-e-kefirit","og_site_name":"Edesia","article_modified_time":"2026-02-26T12:35:09+00:00","og_image":[{"width":1300,"height":975,"url":"https:\/\/www.edesia.al\/wp-content\/uploads\/2026\/02\/KEFIR-FERMENTER-7-1300x975-1-1.webp","type":"image\/webp"}],"twitter_card":"summary_large_image","twitter_misc":{"Est. reading time":"1 minute"},"schema":{"@context":"https:\/\/schema.org","@graph":[{"@type":"WebPage","@id":"https:\/\/www.edesia.al\/?product=ene-qelqi-per-pergatitjen-e-kefirit","url":"https:\/\/www.edesia.al\/?product=ene-qelqi-per-pergatitjen-e-kefirit","name":"En\u00eb Qelqi P\u00ebr P\u00ebrgatitjen e Kefirit - Edesia","isPartOf":{"@id":"https:\/\/www.edesia.al\/#website"},"primaryImageOfPage":{"@id":"https:\/\/www.edesia.al\/?product=ene-qelqi-per-pergatitjen-e-kefirit#primaryimage"},"image":{"@id":"https:\/\/www.edesia.al\/?product=ene-qelqi-per-pergatitjen-e-kefirit#primaryimage"},"thumbnailUrl":"https:\/\/www.edesia.al\/wp-content\/uploads\/2026\/02\/KEFIR-FERMENTER-7-1300x975-1-1.webp","datePublished":"2026-02-16T21:14:49+00:00","dateModified":"2026-02-26T12:35:09+00:00","breadcrumb":{"@id":"https:\/\/www.edesia.al\/?product=ene-qelqi-per-pergatitjen-e-kefirit#breadcrumb"},"inLanguage":"en-US","potentialAction":[{"@type":"ReadAction","target":["https:\/\/www.edesia.al\/?product=ene-qelqi-per-pergatitjen-e-kefirit"]}]},{"@type":"ImageObject","inLanguage":"en-US","@id":"https:\/\/www.edesia.al\/?product=ene-qelqi-per-pergatitjen-e-kefirit#primaryimage","url":"https:\/\/www.edesia.al\/wp-content\/uploads\/2026\/02\/KEFIR-FERMENTER-7-1300x975-1-1.webp","contentUrl":"https:\/\/www.edesia.al\/wp-content\/uploads\/2026\/02\/KEFIR-FERMENTER-7-1300x975-1-1.webp","width":1300,"height":975},{"@type":"BreadcrumbList","@id":"https:\/\/www.edesia.al\/?product=ene-qelqi-per-pergatitjen-e-kefirit#breadcrumb","itemListElement":[{"@type":"ListItem","position":1,"name":"Home","item":"https:\/\/www.edesia.al\/"},{"@type":"ListItem","position":2,"name":"Dyqani","item":"https:\/\/www.edesia.al\/?page_id=17"},{"@type":"ListItem","position":3,"name":"En\u00eb Qelqi P\u00ebr P\u00ebrgatitjen e Kefirit"}]},{"@type":"WebSite","@id":"https:\/\/www.edesia.al\/#website","url":"https:\/\/www.edesia.al\/","name":"Edesia","description":"","publisher":{"@id":"https:\/\/www.edesia.al\/#organization"},"potentialAction":[{"@type":"SearchAction","target":{"@type":"EntryPoint","urlTemplate":"https:\/\/www.edesia.al\/?s={search_term_string}"},"query-input":{"@type":"PropertyValueSpecification","valueRequired":true,"valueName":"search_term_string"}}],"inLanguage":"en-US"},{"@type":"Organization","@id":"https:\/\/www.edesia.al\/#organization","name":"Edesia","url":"https:\/\/www.edesia.al\/","logo":{"@type":"ImageObject","inLanguage":"en-US","@id":"https:\/\/www.edesia.al\/#\/schema\/logo\/image\/","url":"https:\/\/www.edesia.al\/wp-content\/uploads\/2026\/02\/Logo-Edesia-no-background.png","contentUrl":"https:\/\/www.edesia.al\/wp-content\/uploads\/2026\/02\/Logo-Edesia-no-background.png","width":293,"height":158,"caption":"Edesia"},"image":{"@id":"https:\/\/www.edesia.al\/#\/schema\/logo\/image\/"}}]}},"_links":{"self":[{"href":"https:\/\/www.edesia.al\/index.php?rest_route=\/wp\/v2\/product\/7304","targetHints":{"allow":["GET"]}}],"collection":[{"href":"https:\/\/www.edesia.al\/index.php?rest_route=\/wp\/v2\/product"}],"about":[{"href":"https:\/\/www.edesia.al\/index.php?rest_route=\/wp\/v2\/types\/product"}],"replies":[{"embeddable":true,"href":"https:\/\/www.edesia.al\/index.php?rest_route=%2Fwp%2Fv2%2Fcomments&post=7304"}],"wp:featuredmedia":[{"embeddable":true,"href":"https:\/\/www.edesia.al\/index.php?rest_route=\/wp\/v2\/media\/7335"}],"wp:attachment":[{"href":"https:\/\/www.edesia.al\/index.php?rest_route=%2Fwp%2Fv2%2Fmedia&parent=7304"}],"wp:term":[{"taxonomy":"kategori-sipas-dietave","embeddable":true,"href":"https:\/\/www.edesia.al\/index.php?rest_route=%2Fwp%2Fv2%2Fkategori-sipas-dietave&post=7304"},{"taxonomy":"kategori-sipas-problemeve-shende","embeddable":true,"href":"https:\/\/www.edesia.al\/index.php?rest_route=%2Fwp%2Fv2%2Fkategori-sipas-problemeve-shende&post=7304"},{"taxonomy":"product_brand","embeddable":true,"href":"https:\/\/www.edesia.al\/index.php?rest_route=%2Fwp%2Fv2%2Fproduct_brand&post=7304"},{"taxonomy":"product_cat","embeddable":true,"href":"https:\/\/www.edesia.al\/index.php?rest_route=%2Fwp%2Fv2%2Fproduct_cat&post=7304"},{"taxonomy":"product_tag","embeddable":true,"href":"https:\/\/www.edesia.al\/index.php?rest_route=%2Fwp%2Fv2%2Fproduct_tag&post=7304"}],"curies":[{"name":"wp","href":"https:\/\/api.w.org\/{rel}","templated":true}]}}