{"id":7305,"date":"2026-02-16T21:14:49","date_gmt":"2026-02-16T21:14:49","guid":{"rendered":"https:\/\/www.edesia.al\/?post_type=product&#038;p=7305"},"modified":"2026-02-26T12:36:04","modified_gmt":"2026-02-26T12:36:04","slug":"urtekram-shampo-per-shkelqim-me-livando-250-ml","status":"publish","type":"product","link":"https:\/\/www.edesia.al\/?product=urtekram-shampo-per-shkelqim-me-livando-250-ml","title":{"rendered":"Urtekram Shampo p\u00ebr Shk\u00eblqim me Livando \u2013 250 ml"},"content":{"rendered":"<h3>Urtekram Shampo p\u00ebr Shk\u00eblqim me Livando \u2013 250 ml<\/h3>\n<p data-start=\"221\" data-end=\"511\">Shampo organike nga Urtekram me arom\u00eb natyrale livandoje, e formuluar posa\u00e7\u00ebrisht p\u00ebr flok\u00eb normal\u00eb dhe t\u00eb that\u00eb. E pasur me <strong data-start=\"346\" data-end=\"368\">vaj farash brokoli<\/strong>, <strong data-start=\"370\" data-end=\"393\">ekstrakte livandoje<\/strong>, <strong data-start=\"395\" data-end=\"408\">aloe vera<\/strong> dhe <strong data-start=\"413\" data-end=\"432\">acid hialuronik<\/strong>, kjo shampo pastron but\u00ebsisht dhe i jep flok\u00ebve shk\u00eblqim natyral pa i r\u00ebnduar.<\/p>\n<ul data-start=\"513\" data-end=\"720\">\n<li data-start=\"513\" data-end=\"553\">\n<p data-start=\"515\" data-end=\"553\">Me 99% p\u00ebrb\u00ebr\u00ebs me origjin\u00eb natyrale<\/p>\n<\/li>\n<li data-start=\"554\" data-end=\"595\">\n<p data-start=\"556\" data-end=\"595\">Certifikim <strong data-start=\"567\" data-end=\"593\">ECOCERT Cosmos Organic<\/strong><\/p>\n<\/li>\n<li data-start=\"596\" data-end=\"651\">\n<p data-start=\"598\" data-end=\"651\">Pa sulfate, parabene, silikon apo arom\u00eb artificiale<\/p>\n<\/li>\n<li data-start=\"652\" data-end=\"676\">\n<p data-start=\"654\" data-end=\"676\">Vegan &amp; cruelty-free<\/p>\n<\/li>\n<li data-start=\"677\" data-end=\"720\">\n<p data-start=\"679\" data-end=\"720\">E p\u00ebrshtatshme p\u00ebr p\u00ebrdorim t\u00eb p\u00ebrditsh\u00ebm<\/p>\n<\/li>\n<\/ul>\n<p data-start=\"722\" data-end=\"874\">Formula e saj qet\u00ebsuese ndihmon n\u00eb balancimin e skalpit dhe hidratimin e flok\u00ebve. Aroma delikate e livandos krijon nj\u00eb ndjesi relaksi gjat\u00eb \u00e7do larjeje.<\/p>\n","protected":false},"excerpt":{"rendered":"<p>Shampo organike me livando dhe vaj farash brokoli p\u00ebr shk\u00eblqim natyral dhe kujdes t\u00eb but\u00eb p\u00ebr flok\u00ebt. Pa sulfate. Vegan. Certifikuar ECOCERT.<\/p>\n","protected":false},"featured_media":7337,"comment_status":"open","ping_status":"closed","template":"","meta":{"_acf_changed":false,"inline_featured_image":false},"kategori-sipas-dietave":[],"kategori-sipas-problemeve-shende":[],"product_brand":[25],"product_cat":[79,56,23],"product_tag":[],"class_list":{"0":"post-7305","1":"product","2":"type-product","3":"status-publish","4":"has-post-thumbnail","6":"product_brand-urtekram","7":"product_cat-kozmetike-kujdes-personal","8":"product_cat-shampo-bio","9":"product_cat-vajra-kozmetike","11":"first","12":"instock","13":"taxable","14":"shipping-taxable","15":"purchasable","16":"product-type-simple"},"acf":[],"yoast_head":"<!-- This site is optimized with the Yoast SEO plugin v27.4 - https:\/\/yoast.com\/product\/yoast-seo-wordpress\/ -->\n<title>Urtekram Shampo p\u00ebr Shk\u00eblqim me Livando \u2013 250 ml - Edesia<\/title>\n<meta name=\"robots\" content=\"index, follow, max-snippet:-1, max-image-preview:large, max-video-preview:-1\" \/>\n<link rel=\"canonical\" href=\"https:\/\/www.edesia.al\/?product=urtekram-shampo-per-shkelqim-me-livando-250-ml\" \/>\n<meta property=\"og:locale\" content=\"en_US\" \/>\n<meta property=\"og:type\" content=\"article\" \/>\n<meta property=\"og:title\" content=\"Urtekram Shampo p\u00ebr Shk\u00eblqim me Livando \u2013 250 ml - Edesia\" \/>\n<meta property=\"og:description\" content=\"Shampo organike me livando dhe vaj farash brokoli p\u00ebr shk\u00eblqim natyral dhe kujdes t\u00eb but\u00eb p\u00ebr flok\u00ebt. Pa sulfate. Vegan. Certifikuar ECOCERT.\" \/>\n<meta property=\"og:url\" content=\"https:\/\/www.edesia.al\/?product=urtekram-shampo-per-shkelqim-me-livando-250-ml\" \/>\n<meta property=\"og:site_name\" content=\"Edesia\" \/>\n<meta property=\"article:modified_time\" content=\"2026-02-26T12:36:04+00:00\" \/>\n<meta property=\"og:image\" content=\"https:\/\/www.edesia.al\/wp-content\/uploads\/2026\/02\/137584-131024-1000621_tuneinshampo_250ml-front-1.png\" \/>\n\t<meta property=\"og:image:width\" content=\"562\" \/>\n\t<meta property=\"og:image:height\" content=\"619\" \/>\n\t<meta property=\"og:image:type\" content=\"image\/png\" \/>\n<meta name=\"twitter:card\" content=\"summary_large_image\" \/>\n<meta name=\"twitter:label1\" content=\"Est. reading time\" \/>\n\t<meta name=\"twitter:data1\" content=\"1 minute\" \/>\n<script type=\"application\/ld+json\" class=\"yoast-schema-graph\">{\"@context\":\"https:\\\/\\\/schema.org\",\"@graph\":[{\"@type\":\"WebPage\",\"@id\":\"https:\\\/\\\/www.edesia.al\\\/?product=urtekram-shampo-per-shkelqim-me-livando-250-ml\",\"url\":\"https:\\\/\\\/www.edesia.al\\\/?product=urtekram-shampo-per-shkelqim-me-livando-250-ml\",\"name\":\"Urtekram Shampo p\u00ebr Shk\u00eblqim me Livando \u2013 250 ml - Edesia\",\"isPartOf\":{\"@id\":\"https:\\\/\\\/www.edesia.al\\\/#website\"},\"primaryImageOfPage\":{\"@id\":\"https:\\\/\\\/www.edesia.al\\\/?product=urtekram-shampo-per-shkelqim-me-livando-250-ml#primaryimage\"},\"image\":{\"@id\":\"https:\\\/\\\/www.edesia.al\\\/?product=urtekram-shampo-per-shkelqim-me-livando-250-ml#primaryimage\"},\"thumbnailUrl\":\"https:\\\/\\\/www.edesia.al\\\/wp-content\\\/uploads\\\/2026\\\/02\\\/137584-131024-1000621_tuneinshampo_250ml-front-1.png\",\"datePublished\":\"2026-02-16T21:14:49+00:00\",\"dateModified\":\"2026-02-26T12:36:04+00:00\",\"breadcrumb\":{\"@id\":\"https:\\\/\\\/www.edesia.al\\\/?product=urtekram-shampo-per-shkelqim-me-livando-250-ml#breadcrumb\"},\"inLanguage\":\"en-US\",\"potentialAction\":[{\"@type\":\"ReadAction\",\"target\":[\"https:\\\/\\\/www.edesia.al\\\/?product=urtekram-shampo-per-shkelqim-me-livando-250-ml\"]}]},{\"@type\":\"ImageObject\",\"inLanguage\":\"en-US\",\"@id\":\"https:\\\/\\\/www.edesia.al\\\/?product=urtekram-shampo-per-shkelqim-me-livando-250-ml#primaryimage\",\"url\":\"https:\\\/\\\/www.edesia.al\\\/wp-content\\\/uploads\\\/2026\\\/02\\\/137584-131024-1000621_tuneinshampo_250ml-front-1.png\",\"contentUrl\":\"https:\\\/\\\/www.edesia.al\\\/wp-content\\\/uploads\\\/2026\\\/02\\\/137584-131024-1000621_tuneinshampo_250ml-front-1.png\",\"width\":562,\"height\":619},{\"@type\":\"BreadcrumbList\",\"@id\":\"https:\\\/\\\/www.edesia.al\\\/?product=urtekram-shampo-per-shkelqim-me-livando-250-ml#breadcrumb\",\"itemListElement\":[{\"@type\":\"ListItem\",\"position\":1,\"name\":\"Home\",\"item\":\"https:\\\/\\\/www.edesia.al\\\/\"},{\"@type\":\"ListItem\",\"position\":2,\"name\":\"Dyqani\",\"item\":\"https:\\\/\\\/www.edesia.al\\\/?page_id=17\"},{\"@type\":\"ListItem\",\"position\":3,\"name\":\"Urtekram Shampo p\u00ebr Shk\u00eblqim me Livando \u2013 250 ml\"}]},{\"@type\":\"WebSite\",\"@id\":\"https:\\\/\\\/www.edesia.al\\\/#website\",\"url\":\"https:\\\/\\\/www.edesia.al\\\/\",\"name\":\"Edesia\",\"description\":\"\",\"publisher\":{\"@id\":\"https:\\\/\\\/www.edesia.al\\\/#organization\"},\"potentialAction\":[{\"@type\":\"SearchAction\",\"target\":{\"@type\":\"EntryPoint\",\"urlTemplate\":\"https:\\\/\\\/www.edesia.al\\\/?s={search_term_string}\"},\"query-input\":{\"@type\":\"PropertyValueSpecification\",\"valueRequired\":true,\"valueName\":\"search_term_string\"}}],\"inLanguage\":\"en-US\"},{\"@type\":\"Organization\",\"@id\":\"https:\\\/\\\/www.edesia.al\\\/#organization\",\"name\":\"Edesia\",\"url\":\"https:\\\/\\\/www.edesia.al\\\/\",\"logo\":{\"@type\":\"ImageObject\",\"inLanguage\":\"en-US\",\"@id\":\"https:\\\/\\\/www.edesia.al\\\/#\\\/schema\\\/logo\\\/image\\\/\",\"url\":\"https:\\\/\\\/www.edesia.al\\\/wp-content\\\/uploads\\\/2026\\\/02\\\/Logo-Edesia-no-background.png\",\"contentUrl\":\"https:\\\/\\\/www.edesia.al\\\/wp-content\\\/uploads\\\/2026\\\/02\\\/Logo-Edesia-no-background.png\",\"width\":293,\"height\":158,\"caption\":\"Edesia\"},\"image\":{\"@id\":\"https:\\\/\\\/www.edesia.al\\\/#\\\/schema\\\/logo\\\/image\\\/\"}}]}<\/script>\n<!-- \/ Yoast SEO plugin. -->","yoast_head_json":{"title":"Urtekram Shampo p\u00ebr Shk\u00eblqim me Livando \u2013 250 ml - Edesia","robots":{"index":"index","follow":"follow","max-snippet":"max-snippet:-1","max-image-preview":"max-image-preview:large","max-video-preview":"max-video-preview:-1"},"canonical":"https:\/\/www.edesia.al\/?product=urtekram-shampo-per-shkelqim-me-livando-250-ml","og_locale":"en_US","og_type":"article","og_title":"Urtekram Shampo p\u00ebr Shk\u00eblqim me Livando \u2013 250 ml - Edesia","og_description":"Shampo organike me livando dhe vaj farash brokoli p\u00ebr shk\u00eblqim natyral dhe kujdes t\u00eb but\u00eb p\u00ebr flok\u00ebt. Pa sulfate. Vegan. Certifikuar ECOCERT.","og_url":"https:\/\/www.edesia.al\/?product=urtekram-shampo-per-shkelqim-me-livando-250-ml","og_site_name":"Edesia","article_modified_time":"2026-02-26T12:36:04+00:00","og_image":[{"width":562,"height":619,"url":"https:\/\/www.edesia.al\/wp-content\/uploads\/2026\/02\/137584-131024-1000621_tuneinshampo_250ml-front-1.png","type":"image\/png"}],"twitter_card":"summary_large_image","twitter_misc":{"Est. reading time":"1 minute"},"schema":{"@context":"https:\/\/schema.org","@graph":[{"@type":"WebPage","@id":"https:\/\/www.edesia.al\/?product=urtekram-shampo-per-shkelqim-me-livando-250-ml","url":"https:\/\/www.edesia.al\/?product=urtekram-shampo-per-shkelqim-me-livando-250-ml","name":"Urtekram Shampo p\u00ebr Shk\u00eblqim me Livando \u2013 250 ml - Edesia","isPartOf":{"@id":"https:\/\/www.edesia.al\/#website"},"primaryImageOfPage":{"@id":"https:\/\/www.edesia.al\/?product=urtekram-shampo-per-shkelqim-me-livando-250-ml#primaryimage"},"image":{"@id":"https:\/\/www.edesia.al\/?product=urtekram-shampo-per-shkelqim-me-livando-250-ml#primaryimage"},"thumbnailUrl":"https:\/\/www.edesia.al\/wp-content\/uploads\/2026\/02\/137584-131024-1000621_tuneinshampo_250ml-front-1.png","datePublished":"2026-02-16T21:14:49+00:00","dateModified":"2026-02-26T12:36:04+00:00","breadcrumb":{"@id":"https:\/\/www.edesia.al\/?product=urtekram-shampo-per-shkelqim-me-livando-250-ml#breadcrumb"},"inLanguage":"en-US","potentialAction":[{"@type":"ReadAction","target":["https:\/\/www.edesia.al\/?product=urtekram-shampo-per-shkelqim-me-livando-250-ml"]}]},{"@type":"ImageObject","inLanguage":"en-US","@id":"https:\/\/www.edesia.al\/?product=urtekram-shampo-per-shkelqim-me-livando-250-ml#primaryimage","url":"https:\/\/www.edesia.al\/wp-content\/uploads\/2026\/02\/137584-131024-1000621_tuneinshampo_250ml-front-1.png","contentUrl":"https:\/\/www.edesia.al\/wp-content\/uploads\/2026\/02\/137584-131024-1000621_tuneinshampo_250ml-front-1.png","width":562,"height":619},{"@type":"BreadcrumbList","@id":"https:\/\/www.edesia.al\/?product=urtekram-shampo-per-shkelqim-me-livando-250-ml#breadcrumb","itemListElement":[{"@type":"ListItem","position":1,"name":"Home","item":"https:\/\/www.edesia.al\/"},{"@type":"ListItem","position":2,"name":"Dyqani","item":"https:\/\/www.edesia.al\/?page_id=17"},{"@type":"ListItem","position":3,"name":"Urtekram Shampo p\u00ebr Shk\u00eblqim me Livando \u2013 250 ml"}]},{"@type":"WebSite","@id":"https:\/\/www.edesia.al\/#website","url":"https:\/\/www.edesia.al\/","name":"Edesia","description":"","publisher":{"@id":"https:\/\/www.edesia.al\/#organization"},"potentialAction":[{"@type":"SearchAction","target":{"@type":"EntryPoint","urlTemplate":"https:\/\/www.edesia.al\/?s={search_term_string}"},"query-input":{"@type":"PropertyValueSpecification","valueRequired":true,"valueName":"search_term_string"}}],"inLanguage":"en-US"},{"@type":"Organization","@id":"https:\/\/www.edesia.al\/#organization","name":"Edesia","url":"https:\/\/www.edesia.al\/","logo":{"@type":"ImageObject","inLanguage":"en-US","@id":"https:\/\/www.edesia.al\/#\/schema\/logo\/image\/","url":"https:\/\/www.edesia.al\/wp-content\/uploads\/2026\/02\/Logo-Edesia-no-background.png","contentUrl":"https:\/\/www.edesia.al\/wp-content\/uploads\/2026\/02\/Logo-Edesia-no-background.png","width":293,"height":158,"caption":"Edesia"},"image":{"@id":"https:\/\/www.edesia.al\/#\/schema\/logo\/image\/"}}]}},"_links":{"self":[{"href":"https:\/\/www.edesia.al\/index.php?rest_route=\/wp\/v2\/product\/7305","targetHints":{"allow":["GET"]}}],"collection":[{"href":"https:\/\/www.edesia.al\/index.php?rest_route=\/wp\/v2\/product"}],"about":[{"href":"https:\/\/www.edesia.al\/index.php?rest_route=\/wp\/v2\/types\/product"}],"replies":[{"embeddable":true,"href":"https:\/\/www.edesia.al\/index.php?rest_route=%2Fwp%2Fv2%2Fcomments&post=7305"}],"wp:featuredmedia":[{"embeddable":true,"href":"https:\/\/www.edesia.al\/index.php?rest_route=\/wp\/v2\/media\/7337"}],"wp:attachment":[{"href":"https:\/\/www.edesia.al\/index.php?rest_route=%2Fwp%2Fv2%2Fmedia&parent=7305"}],"wp:term":[{"taxonomy":"kategori-sipas-dietave","embeddable":true,"href":"https:\/\/www.edesia.al\/index.php?rest_route=%2Fwp%2Fv2%2Fkategori-sipas-dietave&post=7305"},{"taxonomy":"kategori-sipas-problemeve-shende","embeddable":true,"href":"https:\/\/www.edesia.al\/index.php?rest_route=%2Fwp%2Fv2%2Fkategori-sipas-problemeve-shende&post=7305"},{"taxonomy":"product_brand","embeddable":true,"href":"https:\/\/www.edesia.al\/index.php?rest_route=%2Fwp%2Fv2%2Fproduct_brand&post=7305"},{"taxonomy":"product_cat","embeddable":true,"href":"https:\/\/www.edesia.al\/index.php?rest_route=%2Fwp%2Fv2%2Fproduct_cat&post=7305"},{"taxonomy":"product_tag","embeddable":true,"href":"https:\/\/www.edesia.al\/index.php?rest_route=%2Fwp%2Fv2%2Fproduct_tag&post=7305"}],"curies":[{"name":"wp","href":"https:\/\/api.w.org\/{rel}","templated":true}]}}