{"id":7307,"date":"2026-02-16T21:14:49","date_gmt":"2026-02-16T21:14:49","guid":{"rendered":"https:\/\/www.edesia.al\/?post_type=product&#038;p=7307"},"modified":"2026-02-26T12:38:32","modified_gmt":"2026-02-26T12:38:32","slug":"super-bee-honey-mjalte-lisi-me-qumesht-blete","status":"publish","type":"product","link":"https:\/\/www.edesia.al\/?product=super-bee-honey-mjalte-lisi-me-qumesht-blete","title":{"rendered":"Super Bee Honey \u2013 Mjalt\u00eb Lisi me Qum\u00ebsht Blete"},"content":{"rendered":"<h3 data-start=\"173\" data-end=\"223\"><strong data-start=\"173\" data-end=\"223\">Super Bee Honey \u2013 Mjalt\u00eb Lisi me Qum\u00ebsht Blete ( 269gr)<\/strong><\/h3>\n<p data-start=\"365\" data-end=\"780\"><strong data-start=\"365\" data-end=\"401\">Super Bee Honey me Qum\u00ebsht Blete<\/strong> \u00ebsht\u00eb nj\u00eb mjalt\u00eb <strong data-start=\"419\" data-end=\"458\">100% natyral dhe me cil\u00ebsi t\u00eb lart\u00eb<\/strong>, i mbledhur nga pyjet e lisit \u2013 nj\u00eb burim i \u00e7muar i <strong data-start=\"511\" data-end=\"566\">mineraleve si hekuri, kalciumi, kaliumi dhe magnezi<\/strong>, si dhe <strong data-start=\"575\" data-end=\"606\">vitaminave B-kompleks dhe C<\/strong>.<br data-start=\"607\" data-end=\"610\" \/>Ky mjalt\u00eb i pasuruar me <strong data-start=\"634\" data-end=\"651\">qum\u00ebsht blete<\/strong> p\u00ebrb\u00ebn nj\u00eb <strong data-start=\"663\" data-end=\"701\">mb\u00ebshtetje natyrale p\u00ebr organizmin<\/strong>, ve\u00e7an\u00ebrisht gjat\u00eb <strong data-start=\"721\" data-end=\"777\">stin\u00ebve t\u00eb ftohta, virozave dhe r\u00ebnies s\u00eb imunitetit<\/strong>.<\/p>\n<p data-start=\"782\" data-end=\"959\">Kombinimi i mjaltit t\u00eb lisit me qum\u00ebshtin e blet\u00ebs ndihmon n\u00eb <strong data-start=\"844\" data-end=\"876\">forcimin e sistemit imunitar<\/strong>, <strong data-start=\"878\" data-end=\"896\">rrit energjin\u00eb<\/strong>, <strong data-start=\"898\" data-end=\"918\">leht\u00ebson lodhjen<\/strong> dhe <strong data-start=\"923\" data-end=\"956\">mb\u00ebshtet rigjenerimin qelizor<\/strong><\/p>\n","protected":false},"excerpt":{"rendered":"<p>Mjalt\u00eb Lisi me Qum\u00ebsht Blete p\u00ebr Imunitet dhe Energji Natyrale<\/p>\n","protected":false},"featured_media":7339,"comment_status":"open","ping_status":"closed","template":"","meta":{"_acf_changed":false,"inline_featured_image":false},"kategori-sipas-dietave":[],"kategori-sipas-problemeve-shende":[85],"product_brand":[57],"product_cat":[39,26],"product_tag":[],"class_list":{"0":"post-7307","1":"product","2":"type-product","3":"status-publish","4":"has-post-thumbnail","6":"kategori-sipas-problemeve-shende-imuniteti","7":"product_brand-mavrikos-s-a","8":"product_cat-mjalte","9":"product_cat-ushqime-bio","11":"first","12":"instock","13":"taxable","14":"shipping-taxable","15":"purchasable","16":"product-type-simple"},"acf":[],"yoast_head":"<!-- This site is optimized with the Yoast SEO plugin v27.4 - https:\/\/yoast.com\/product\/yoast-seo-wordpress\/ -->\n<title>Super Bee Honey \u2013 Mjalt\u00eb Lisi me Qum\u00ebsht Blete - Edesia<\/title>\n<meta name=\"robots\" content=\"index, follow, max-snippet:-1, max-image-preview:large, max-video-preview:-1\" \/>\n<link rel=\"canonical\" href=\"https:\/\/www.edesia.al\/?product=super-bee-honey-mjalte-lisi-me-qumesht-blete\" \/>\n<meta property=\"og:locale\" content=\"en_US\" \/>\n<meta property=\"og:type\" content=\"article\" \/>\n<meta property=\"og:title\" content=\"Super Bee Honey \u2013 Mjalt\u00eb Lisi me Qum\u00ebsht Blete - Edesia\" \/>\n<meta property=\"og:description\" content=\"Mjalt\u00eb Lisi me Qum\u00ebsht Blete p\u00ebr Imunitet dhe Energji Natyrale\" \/>\n<meta property=\"og:url\" content=\"https:\/\/www.edesia.al\/?product=super-bee-honey-mjalte-lisi-me-qumesht-blete\" \/>\n<meta property=\"og:site_name\" content=\"Edesia\" \/>\n<meta property=\"article:modified_time\" content=\"2026-02-26T12:38:32+00:00\" \/>\n<meta property=\"og:image\" content=\"https:\/\/www.edesia.al\/wp-content\/uploads\/2026\/02\/aa01ebe2-88b9-4233-898b-c960f22e7fc8-Copy-1.jpg\" \/>\n\t<meta property=\"og:image:width\" content=\"355\" \/>\n\t<meta property=\"og:image:height\" content=\"355\" \/>\n\t<meta property=\"og:image:type\" content=\"image\/jpeg\" \/>\n<meta name=\"twitter:card\" content=\"summary_large_image\" \/>\n<meta name=\"twitter:label1\" content=\"Est. reading time\" \/>\n\t<meta name=\"twitter:data1\" content=\"1 minute\" \/>\n<script type=\"application\/ld+json\" class=\"yoast-schema-graph\">{\"@context\":\"https:\\\/\\\/schema.org\",\"@graph\":[{\"@type\":\"WebPage\",\"@id\":\"https:\\\/\\\/www.edesia.al\\\/?product=super-bee-honey-mjalte-lisi-me-qumesht-blete\",\"url\":\"https:\\\/\\\/www.edesia.al\\\/?product=super-bee-honey-mjalte-lisi-me-qumesht-blete\",\"name\":\"Super Bee Honey \u2013 Mjalt\u00eb Lisi me Qum\u00ebsht Blete - Edesia\",\"isPartOf\":{\"@id\":\"https:\\\/\\\/www.edesia.al\\\/#website\"},\"primaryImageOfPage\":{\"@id\":\"https:\\\/\\\/www.edesia.al\\\/?product=super-bee-honey-mjalte-lisi-me-qumesht-blete#primaryimage\"},\"image\":{\"@id\":\"https:\\\/\\\/www.edesia.al\\\/?product=super-bee-honey-mjalte-lisi-me-qumesht-blete#primaryimage\"},\"thumbnailUrl\":\"https:\\\/\\\/www.edesia.al\\\/wp-content\\\/uploads\\\/2026\\\/02\\\/aa01ebe2-88b9-4233-898b-c960f22e7fc8-Copy-1.jpg\",\"datePublished\":\"2026-02-16T21:14:49+00:00\",\"dateModified\":\"2026-02-26T12:38:32+00:00\",\"breadcrumb\":{\"@id\":\"https:\\\/\\\/www.edesia.al\\\/?product=super-bee-honey-mjalte-lisi-me-qumesht-blete#breadcrumb\"},\"inLanguage\":\"en-US\",\"potentialAction\":[{\"@type\":\"ReadAction\",\"target\":[\"https:\\\/\\\/www.edesia.al\\\/?product=super-bee-honey-mjalte-lisi-me-qumesht-blete\"]}]},{\"@type\":\"ImageObject\",\"inLanguage\":\"en-US\",\"@id\":\"https:\\\/\\\/www.edesia.al\\\/?product=super-bee-honey-mjalte-lisi-me-qumesht-blete#primaryimage\",\"url\":\"https:\\\/\\\/www.edesia.al\\\/wp-content\\\/uploads\\\/2026\\\/02\\\/aa01ebe2-88b9-4233-898b-c960f22e7fc8-Copy-1.jpg\",\"contentUrl\":\"https:\\\/\\\/www.edesia.al\\\/wp-content\\\/uploads\\\/2026\\\/02\\\/aa01ebe2-88b9-4233-898b-c960f22e7fc8-Copy-1.jpg\",\"width\":355,\"height\":355},{\"@type\":\"BreadcrumbList\",\"@id\":\"https:\\\/\\\/www.edesia.al\\\/?product=super-bee-honey-mjalte-lisi-me-qumesht-blete#breadcrumb\",\"itemListElement\":[{\"@type\":\"ListItem\",\"position\":1,\"name\":\"Home\",\"item\":\"https:\\\/\\\/www.edesia.al\\\/\"},{\"@type\":\"ListItem\",\"position\":2,\"name\":\"Dyqani\",\"item\":\"https:\\\/\\\/www.edesia.al\\\/?page_id=17\"},{\"@type\":\"ListItem\",\"position\":3,\"name\":\"Super Bee Honey \u2013 Mjalt\u00eb Lisi me Qum\u00ebsht Blete\"}]},{\"@type\":\"WebSite\",\"@id\":\"https:\\\/\\\/www.edesia.al\\\/#website\",\"url\":\"https:\\\/\\\/www.edesia.al\\\/\",\"name\":\"Edesia\",\"description\":\"\",\"publisher\":{\"@id\":\"https:\\\/\\\/www.edesia.al\\\/#organization\"},\"potentialAction\":[{\"@type\":\"SearchAction\",\"target\":{\"@type\":\"EntryPoint\",\"urlTemplate\":\"https:\\\/\\\/www.edesia.al\\\/?s={search_term_string}\"},\"query-input\":{\"@type\":\"PropertyValueSpecification\",\"valueRequired\":true,\"valueName\":\"search_term_string\"}}],\"inLanguage\":\"en-US\"},{\"@type\":\"Organization\",\"@id\":\"https:\\\/\\\/www.edesia.al\\\/#organization\",\"name\":\"Edesia\",\"url\":\"https:\\\/\\\/www.edesia.al\\\/\",\"logo\":{\"@type\":\"ImageObject\",\"inLanguage\":\"en-US\",\"@id\":\"https:\\\/\\\/www.edesia.al\\\/#\\\/schema\\\/logo\\\/image\\\/\",\"url\":\"https:\\\/\\\/www.edesia.al\\\/wp-content\\\/uploads\\\/2026\\\/02\\\/Logo-Edesia-no-background.png\",\"contentUrl\":\"https:\\\/\\\/www.edesia.al\\\/wp-content\\\/uploads\\\/2026\\\/02\\\/Logo-Edesia-no-background.png\",\"width\":293,\"height\":158,\"caption\":\"Edesia\"},\"image\":{\"@id\":\"https:\\\/\\\/www.edesia.al\\\/#\\\/schema\\\/logo\\\/image\\\/\"}}]}<\/script>\n<!-- \/ Yoast SEO plugin. -->","yoast_head_json":{"title":"Super Bee Honey \u2013 Mjalt\u00eb Lisi me Qum\u00ebsht Blete - Edesia","robots":{"index":"index","follow":"follow","max-snippet":"max-snippet:-1","max-image-preview":"max-image-preview:large","max-video-preview":"max-video-preview:-1"},"canonical":"https:\/\/www.edesia.al\/?product=super-bee-honey-mjalte-lisi-me-qumesht-blete","og_locale":"en_US","og_type":"article","og_title":"Super Bee Honey \u2013 Mjalt\u00eb Lisi me Qum\u00ebsht Blete - Edesia","og_description":"Mjalt\u00eb Lisi me Qum\u00ebsht Blete p\u00ebr Imunitet dhe Energji Natyrale","og_url":"https:\/\/www.edesia.al\/?product=super-bee-honey-mjalte-lisi-me-qumesht-blete","og_site_name":"Edesia","article_modified_time":"2026-02-26T12:38:32+00:00","og_image":[{"width":355,"height":355,"url":"https:\/\/www.edesia.al\/wp-content\/uploads\/2026\/02\/aa01ebe2-88b9-4233-898b-c960f22e7fc8-Copy-1.jpg","type":"image\/jpeg"}],"twitter_card":"summary_large_image","twitter_misc":{"Est. reading time":"1 minute"},"schema":{"@context":"https:\/\/schema.org","@graph":[{"@type":"WebPage","@id":"https:\/\/www.edesia.al\/?product=super-bee-honey-mjalte-lisi-me-qumesht-blete","url":"https:\/\/www.edesia.al\/?product=super-bee-honey-mjalte-lisi-me-qumesht-blete","name":"Super Bee Honey \u2013 Mjalt\u00eb Lisi me Qum\u00ebsht Blete - Edesia","isPartOf":{"@id":"https:\/\/www.edesia.al\/#website"},"primaryImageOfPage":{"@id":"https:\/\/www.edesia.al\/?product=super-bee-honey-mjalte-lisi-me-qumesht-blete#primaryimage"},"image":{"@id":"https:\/\/www.edesia.al\/?product=super-bee-honey-mjalte-lisi-me-qumesht-blete#primaryimage"},"thumbnailUrl":"https:\/\/www.edesia.al\/wp-content\/uploads\/2026\/02\/aa01ebe2-88b9-4233-898b-c960f22e7fc8-Copy-1.jpg","datePublished":"2026-02-16T21:14:49+00:00","dateModified":"2026-02-26T12:38:32+00:00","breadcrumb":{"@id":"https:\/\/www.edesia.al\/?product=super-bee-honey-mjalte-lisi-me-qumesht-blete#breadcrumb"},"inLanguage":"en-US","potentialAction":[{"@type":"ReadAction","target":["https:\/\/www.edesia.al\/?product=super-bee-honey-mjalte-lisi-me-qumesht-blete"]}]},{"@type":"ImageObject","inLanguage":"en-US","@id":"https:\/\/www.edesia.al\/?product=super-bee-honey-mjalte-lisi-me-qumesht-blete#primaryimage","url":"https:\/\/www.edesia.al\/wp-content\/uploads\/2026\/02\/aa01ebe2-88b9-4233-898b-c960f22e7fc8-Copy-1.jpg","contentUrl":"https:\/\/www.edesia.al\/wp-content\/uploads\/2026\/02\/aa01ebe2-88b9-4233-898b-c960f22e7fc8-Copy-1.jpg","width":355,"height":355},{"@type":"BreadcrumbList","@id":"https:\/\/www.edesia.al\/?product=super-bee-honey-mjalte-lisi-me-qumesht-blete#breadcrumb","itemListElement":[{"@type":"ListItem","position":1,"name":"Home","item":"https:\/\/www.edesia.al\/"},{"@type":"ListItem","position":2,"name":"Dyqani","item":"https:\/\/www.edesia.al\/?page_id=17"},{"@type":"ListItem","position":3,"name":"Super Bee Honey \u2013 Mjalt\u00eb Lisi me Qum\u00ebsht Blete"}]},{"@type":"WebSite","@id":"https:\/\/www.edesia.al\/#website","url":"https:\/\/www.edesia.al\/","name":"Edesia","description":"","publisher":{"@id":"https:\/\/www.edesia.al\/#organization"},"potentialAction":[{"@type":"SearchAction","target":{"@type":"EntryPoint","urlTemplate":"https:\/\/www.edesia.al\/?s={search_term_string}"},"query-input":{"@type":"PropertyValueSpecification","valueRequired":true,"valueName":"search_term_string"}}],"inLanguage":"en-US"},{"@type":"Organization","@id":"https:\/\/www.edesia.al\/#organization","name":"Edesia","url":"https:\/\/www.edesia.al\/","logo":{"@type":"ImageObject","inLanguage":"en-US","@id":"https:\/\/www.edesia.al\/#\/schema\/logo\/image\/","url":"https:\/\/www.edesia.al\/wp-content\/uploads\/2026\/02\/Logo-Edesia-no-background.png","contentUrl":"https:\/\/www.edesia.al\/wp-content\/uploads\/2026\/02\/Logo-Edesia-no-background.png","width":293,"height":158,"caption":"Edesia"},"image":{"@id":"https:\/\/www.edesia.al\/#\/schema\/logo\/image\/"}}]}},"_links":{"self":[{"href":"https:\/\/www.edesia.al\/index.php?rest_route=\/wp\/v2\/product\/7307","targetHints":{"allow":["GET"]}}],"collection":[{"href":"https:\/\/www.edesia.al\/index.php?rest_route=\/wp\/v2\/product"}],"about":[{"href":"https:\/\/www.edesia.al\/index.php?rest_route=\/wp\/v2\/types\/product"}],"replies":[{"embeddable":true,"href":"https:\/\/www.edesia.al\/index.php?rest_route=%2Fwp%2Fv2%2Fcomments&post=7307"}],"wp:featuredmedia":[{"embeddable":true,"href":"https:\/\/www.edesia.al\/index.php?rest_route=\/wp\/v2\/media\/7339"}],"wp:attachment":[{"href":"https:\/\/www.edesia.al\/index.php?rest_route=%2Fwp%2Fv2%2Fmedia&parent=7307"}],"wp:term":[{"taxonomy":"kategori-sipas-dietave","embeddable":true,"href":"https:\/\/www.edesia.al\/index.php?rest_route=%2Fwp%2Fv2%2Fkategori-sipas-dietave&post=7307"},{"taxonomy":"kategori-sipas-problemeve-shende","embeddable":true,"href":"https:\/\/www.edesia.al\/index.php?rest_route=%2Fwp%2Fv2%2Fkategori-sipas-problemeve-shende&post=7307"},{"taxonomy":"product_brand","embeddable":true,"href":"https:\/\/www.edesia.al\/index.php?rest_route=%2Fwp%2Fv2%2Fproduct_brand&post=7307"},{"taxonomy":"product_cat","embeddable":true,"href":"https:\/\/www.edesia.al\/index.php?rest_route=%2Fwp%2Fv2%2Fproduct_cat&post=7307"},{"taxonomy":"product_tag","embeddable":true,"href":"https:\/\/www.edesia.al\/index.php?rest_route=%2Fwp%2Fv2%2Fproduct_tag&post=7307"}],"curies":[{"name":"wp","href":"https:\/\/api.w.org\/{rel}","templated":true}]}}