{"id":7308,"date":"2026-02-16T21:14:50","date_gmt":"2026-02-16T21:14:50","guid":{"rendered":"https:\/\/www.edesia.al\/?post_type=product&#038;p=7308"},"modified":"2026-02-26T12:38:15","modified_gmt":"2026-02-26T12:38:15","slug":"super-bee-honey-mjalte-pambuku-me-qumesht-blete","status":"publish","type":"product","link":"https:\/\/www.edesia.al\/?product=super-bee-honey-mjalte-pambuku-me-qumesht-blete","title":{"rendered":"Super Bee Honey \u2013 Mjalt\u00eb Pambuku me Qum\u00ebsht Blete"},"content":{"rendered":"<h3>Super Bee Honey \u2013 Mjalt\u00eb Pambuku me Qum\u00ebsht Blete (260gr)<\/h3>\n<p data-start=\"337\" data-end=\"759\"><strong data-start=\"337\" data-end=\"373\">Super Bee Honey me Qum\u00ebsht Blete<\/strong> nga <strong data-start=\"378\" data-end=\"397\">pema e pambukut<\/strong> \u00ebsht\u00eb nj\u00eb mjalt\u00eb <strong data-start=\"415\" data-end=\"455\">100% natyral dhe i cil\u00ebsis\u00eb s\u00eb lart\u00eb<\/strong>, i njohur p\u00ebr arom\u00ebn e but\u00eb, ngjyr\u00ebn e art\u00eb dhe shijen e tij delikate.<br data-start=\"526\" data-end=\"529\" \/>Ky mjalt\u00eb \u00ebsht\u00eb i pasur me <strong data-start=\"556\" data-end=\"653\">vitamina t\u00eb grupit B, vitamin\u00eb C dhe minerale thelb\u00ebsore si kalcium, magnez, kalium dhe hekur<\/strong>, t\u00eb cilat ndihmojn\u00eb n\u00eb <strong data-start=\"677\" data-end=\"756\">forcimin e imunitetit dhe rikuperimin e trupit gjat\u00eb periudhave t\u00eb virozave<\/strong>.<\/p>\n<p data-start=\"761\" data-end=\"952\">I pasuruar me <strong data-start=\"775\" data-end=\"792\">qum\u00ebsht blete<\/strong>, ky produkt ofron nj\u00eb <strong data-start=\"815\" data-end=\"878\">burim natyral energjie, rigjenerimi dhe mbrojtjeje qelizore<\/strong>, duke qen\u00eb nj\u00eb ndihm\u00ebs i shk\u00eblqyer p\u00ebr trupin dhe mendjen n\u00eb \u00e7do stin\u00eb<\/p>\n<p>&nbsp;<\/p>\n","protected":false},"excerpt":{"rendered":"<p>Mjalt\u00eb Pambuku me Qum\u00ebsht Blete p\u00ebr Imunitet dhe Energji Natyrale<\/p>\n","protected":false},"featured_media":7340,"comment_status":"open","ping_status":"closed","template":"","meta":{"_acf_changed":false,"inline_featured_image":false},"kategori-sipas-dietave":[],"kategori-sipas-problemeve-shende":[85],"product_brand":[57],"product_cat":[39,26],"product_tag":[],"class_list":{"0":"post-7308","1":"product","2":"type-product","3":"status-publish","4":"has-post-thumbnail","6":"kategori-sipas-problemeve-shende-imuniteti","7":"product_brand-mavrikos-s-a","8":"product_cat-mjalte","9":"product_cat-ushqime-bio","11":"first","12":"instock","13":"taxable","14":"shipping-taxable","15":"purchasable","16":"product-type-simple"},"acf":[],"yoast_head":"<!-- This site is optimized with the Yoast SEO plugin v27.4 - https:\/\/yoast.com\/product\/yoast-seo-wordpress\/ -->\n<title>Super Bee Honey \u2013 Mjalt\u00eb Pambuku me Qum\u00ebsht Blete - Edesia<\/title>\n<meta name=\"robots\" content=\"index, follow, max-snippet:-1, max-image-preview:large, max-video-preview:-1\" \/>\n<link rel=\"canonical\" href=\"https:\/\/www.edesia.al\/?product=super-bee-honey-mjalte-pambuku-me-qumesht-blete\" \/>\n<meta property=\"og:locale\" content=\"en_US\" \/>\n<meta property=\"og:type\" content=\"article\" \/>\n<meta property=\"og:title\" content=\"Super Bee Honey \u2013 Mjalt\u00eb Pambuku me Qum\u00ebsht Blete - Edesia\" \/>\n<meta property=\"og:description\" content=\"Mjalt\u00eb Pambuku me Qum\u00ebsht Blete p\u00ebr Imunitet dhe Energji Natyrale\" \/>\n<meta property=\"og:url\" content=\"https:\/\/www.edesia.al\/?product=super-bee-honey-mjalte-pambuku-me-qumesht-blete\" \/>\n<meta property=\"og:site_name\" content=\"Edesia\" \/>\n<meta property=\"article:modified_time\" content=\"2026-02-26T12:38:15+00:00\" \/>\n<meta property=\"og:image\" content=\"https:\/\/www.edesia.al\/wp-content\/uploads\/2026\/02\/6324_superbee-bavlna-Copy-1.webp\" \/>\n\t<meta property=\"og:image:width\" content=\"1024\" \/>\n\t<meta property=\"og:image:height\" content=\"768\" \/>\n\t<meta property=\"og:image:type\" content=\"image\/webp\" \/>\n<meta name=\"twitter:card\" content=\"summary_large_image\" \/>\n<meta name=\"twitter:label1\" content=\"Est. reading time\" \/>\n\t<meta name=\"twitter:data1\" content=\"1 minute\" \/>\n<script type=\"application\/ld+json\" class=\"yoast-schema-graph\">{\"@context\":\"https:\\\/\\\/schema.org\",\"@graph\":[{\"@type\":\"WebPage\",\"@id\":\"https:\\\/\\\/www.edesia.al\\\/?product=super-bee-honey-mjalte-pambuku-me-qumesht-blete\",\"url\":\"https:\\\/\\\/www.edesia.al\\\/?product=super-bee-honey-mjalte-pambuku-me-qumesht-blete\",\"name\":\"Super Bee Honey \u2013 Mjalt\u00eb Pambuku me Qum\u00ebsht Blete - Edesia\",\"isPartOf\":{\"@id\":\"https:\\\/\\\/www.edesia.al\\\/#website\"},\"primaryImageOfPage\":{\"@id\":\"https:\\\/\\\/www.edesia.al\\\/?product=super-bee-honey-mjalte-pambuku-me-qumesht-blete#primaryimage\"},\"image\":{\"@id\":\"https:\\\/\\\/www.edesia.al\\\/?product=super-bee-honey-mjalte-pambuku-me-qumesht-blete#primaryimage\"},\"thumbnailUrl\":\"https:\\\/\\\/www.edesia.al\\\/wp-content\\\/uploads\\\/2026\\\/02\\\/6324_superbee-bavlna-Copy-1.webp\",\"datePublished\":\"2026-02-16T21:14:50+00:00\",\"dateModified\":\"2026-02-26T12:38:15+00:00\",\"breadcrumb\":{\"@id\":\"https:\\\/\\\/www.edesia.al\\\/?product=super-bee-honey-mjalte-pambuku-me-qumesht-blete#breadcrumb\"},\"inLanguage\":\"en-US\",\"potentialAction\":[{\"@type\":\"ReadAction\",\"target\":[\"https:\\\/\\\/www.edesia.al\\\/?product=super-bee-honey-mjalte-pambuku-me-qumesht-blete\"]}]},{\"@type\":\"ImageObject\",\"inLanguage\":\"en-US\",\"@id\":\"https:\\\/\\\/www.edesia.al\\\/?product=super-bee-honey-mjalte-pambuku-me-qumesht-blete#primaryimage\",\"url\":\"https:\\\/\\\/www.edesia.al\\\/wp-content\\\/uploads\\\/2026\\\/02\\\/6324_superbee-bavlna-Copy-1.webp\",\"contentUrl\":\"https:\\\/\\\/www.edesia.al\\\/wp-content\\\/uploads\\\/2026\\\/02\\\/6324_superbee-bavlna-Copy-1.webp\",\"width\":1024,\"height\":768},{\"@type\":\"BreadcrumbList\",\"@id\":\"https:\\\/\\\/www.edesia.al\\\/?product=super-bee-honey-mjalte-pambuku-me-qumesht-blete#breadcrumb\",\"itemListElement\":[{\"@type\":\"ListItem\",\"position\":1,\"name\":\"Home\",\"item\":\"https:\\\/\\\/www.edesia.al\\\/\"},{\"@type\":\"ListItem\",\"position\":2,\"name\":\"Dyqani\",\"item\":\"https:\\\/\\\/www.edesia.al\\\/?page_id=17\"},{\"@type\":\"ListItem\",\"position\":3,\"name\":\"Super Bee Honey \u2013 Mjalt\u00eb Pambuku me Qum\u00ebsht Blete\"}]},{\"@type\":\"WebSite\",\"@id\":\"https:\\\/\\\/www.edesia.al\\\/#website\",\"url\":\"https:\\\/\\\/www.edesia.al\\\/\",\"name\":\"Edesia\",\"description\":\"\",\"publisher\":{\"@id\":\"https:\\\/\\\/www.edesia.al\\\/#organization\"},\"potentialAction\":[{\"@type\":\"SearchAction\",\"target\":{\"@type\":\"EntryPoint\",\"urlTemplate\":\"https:\\\/\\\/www.edesia.al\\\/?s={search_term_string}\"},\"query-input\":{\"@type\":\"PropertyValueSpecification\",\"valueRequired\":true,\"valueName\":\"search_term_string\"}}],\"inLanguage\":\"en-US\"},{\"@type\":\"Organization\",\"@id\":\"https:\\\/\\\/www.edesia.al\\\/#organization\",\"name\":\"Edesia\",\"url\":\"https:\\\/\\\/www.edesia.al\\\/\",\"logo\":{\"@type\":\"ImageObject\",\"inLanguage\":\"en-US\",\"@id\":\"https:\\\/\\\/www.edesia.al\\\/#\\\/schema\\\/logo\\\/image\\\/\",\"url\":\"https:\\\/\\\/www.edesia.al\\\/wp-content\\\/uploads\\\/2026\\\/02\\\/Logo-Edesia-no-background.png\",\"contentUrl\":\"https:\\\/\\\/www.edesia.al\\\/wp-content\\\/uploads\\\/2026\\\/02\\\/Logo-Edesia-no-background.png\",\"width\":293,\"height\":158,\"caption\":\"Edesia\"},\"image\":{\"@id\":\"https:\\\/\\\/www.edesia.al\\\/#\\\/schema\\\/logo\\\/image\\\/\"}}]}<\/script>\n<!-- \/ Yoast SEO plugin. -->","yoast_head_json":{"title":"Super Bee Honey \u2013 Mjalt\u00eb Pambuku me Qum\u00ebsht Blete - Edesia","robots":{"index":"index","follow":"follow","max-snippet":"max-snippet:-1","max-image-preview":"max-image-preview:large","max-video-preview":"max-video-preview:-1"},"canonical":"https:\/\/www.edesia.al\/?product=super-bee-honey-mjalte-pambuku-me-qumesht-blete","og_locale":"en_US","og_type":"article","og_title":"Super Bee Honey \u2013 Mjalt\u00eb Pambuku me Qum\u00ebsht Blete - Edesia","og_description":"Mjalt\u00eb Pambuku me Qum\u00ebsht Blete p\u00ebr Imunitet dhe Energji Natyrale","og_url":"https:\/\/www.edesia.al\/?product=super-bee-honey-mjalte-pambuku-me-qumesht-blete","og_site_name":"Edesia","article_modified_time":"2026-02-26T12:38:15+00:00","og_image":[{"width":1024,"height":768,"url":"https:\/\/www.edesia.al\/wp-content\/uploads\/2026\/02\/6324_superbee-bavlna-Copy-1.webp","type":"image\/webp"}],"twitter_card":"summary_large_image","twitter_misc":{"Est. reading time":"1 minute"},"schema":{"@context":"https:\/\/schema.org","@graph":[{"@type":"WebPage","@id":"https:\/\/www.edesia.al\/?product=super-bee-honey-mjalte-pambuku-me-qumesht-blete","url":"https:\/\/www.edesia.al\/?product=super-bee-honey-mjalte-pambuku-me-qumesht-blete","name":"Super Bee Honey \u2013 Mjalt\u00eb Pambuku me Qum\u00ebsht Blete - Edesia","isPartOf":{"@id":"https:\/\/www.edesia.al\/#website"},"primaryImageOfPage":{"@id":"https:\/\/www.edesia.al\/?product=super-bee-honey-mjalte-pambuku-me-qumesht-blete#primaryimage"},"image":{"@id":"https:\/\/www.edesia.al\/?product=super-bee-honey-mjalte-pambuku-me-qumesht-blete#primaryimage"},"thumbnailUrl":"https:\/\/www.edesia.al\/wp-content\/uploads\/2026\/02\/6324_superbee-bavlna-Copy-1.webp","datePublished":"2026-02-16T21:14:50+00:00","dateModified":"2026-02-26T12:38:15+00:00","breadcrumb":{"@id":"https:\/\/www.edesia.al\/?product=super-bee-honey-mjalte-pambuku-me-qumesht-blete#breadcrumb"},"inLanguage":"en-US","potentialAction":[{"@type":"ReadAction","target":["https:\/\/www.edesia.al\/?product=super-bee-honey-mjalte-pambuku-me-qumesht-blete"]}]},{"@type":"ImageObject","inLanguage":"en-US","@id":"https:\/\/www.edesia.al\/?product=super-bee-honey-mjalte-pambuku-me-qumesht-blete#primaryimage","url":"https:\/\/www.edesia.al\/wp-content\/uploads\/2026\/02\/6324_superbee-bavlna-Copy-1.webp","contentUrl":"https:\/\/www.edesia.al\/wp-content\/uploads\/2026\/02\/6324_superbee-bavlna-Copy-1.webp","width":1024,"height":768},{"@type":"BreadcrumbList","@id":"https:\/\/www.edesia.al\/?product=super-bee-honey-mjalte-pambuku-me-qumesht-blete#breadcrumb","itemListElement":[{"@type":"ListItem","position":1,"name":"Home","item":"https:\/\/www.edesia.al\/"},{"@type":"ListItem","position":2,"name":"Dyqani","item":"https:\/\/www.edesia.al\/?page_id=17"},{"@type":"ListItem","position":3,"name":"Super Bee Honey \u2013 Mjalt\u00eb Pambuku me Qum\u00ebsht Blete"}]},{"@type":"WebSite","@id":"https:\/\/www.edesia.al\/#website","url":"https:\/\/www.edesia.al\/","name":"Edesia","description":"","publisher":{"@id":"https:\/\/www.edesia.al\/#organization"},"potentialAction":[{"@type":"SearchAction","target":{"@type":"EntryPoint","urlTemplate":"https:\/\/www.edesia.al\/?s={search_term_string}"},"query-input":{"@type":"PropertyValueSpecification","valueRequired":true,"valueName":"search_term_string"}}],"inLanguage":"en-US"},{"@type":"Organization","@id":"https:\/\/www.edesia.al\/#organization","name":"Edesia","url":"https:\/\/www.edesia.al\/","logo":{"@type":"ImageObject","inLanguage":"en-US","@id":"https:\/\/www.edesia.al\/#\/schema\/logo\/image\/","url":"https:\/\/www.edesia.al\/wp-content\/uploads\/2026\/02\/Logo-Edesia-no-background.png","contentUrl":"https:\/\/www.edesia.al\/wp-content\/uploads\/2026\/02\/Logo-Edesia-no-background.png","width":293,"height":158,"caption":"Edesia"},"image":{"@id":"https:\/\/www.edesia.al\/#\/schema\/logo\/image\/"}}]}},"_links":{"self":[{"href":"https:\/\/www.edesia.al\/index.php?rest_route=\/wp\/v2\/product\/7308","targetHints":{"allow":["GET"]}}],"collection":[{"href":"https:\/\/www.edesia.al\/index.php?rest_route=\/wp\/v2\/product"}],"about":[{"href":"https:\/\/www.edesia.al\/index.php?rest_route=\/wp\/v2\/types\/product"}],"replies":[{"embeddable":true,"href":"https:\/\/www.edesia.al\/index.php?rest_route=%2Fwp%2Fv2%2Fcomments&post=7308"}],"wp:featuredmedia":[{"embeddable":true,"href":"https:\/\/www.edesia.al\/index.php?rest_route=\/wp\/v2\/media\/7340"}],"wp:attachment":[{"href":"https:\/\/www.edesia.al\/index.php?rest_route=%2Fwp%2Fv2%2Fmedia&parent=7308"}],"wp:term":[{"taxonomy":"kategori-sipas-dietave","embeddable":true,"href":"https:\/\/www.edesia.al\/index.php?rest_route=%2Fwp%2Fv2%2Fkategori-sipas-dietave&post=7308"},{"taxonomy":"kategori-sipas-problemeve-shende","embeddable":true,"href":"https:\/\/www.edesia.al\/index.php?rest_route=%2Fwp%2Fv2%2Fkategori-sipas-problemeve-shende&post=7308"},{"taxonomy":"product_brand","embeddable":true,"href":"https:\/\/www.edesia.al\/index.php?rest_route=%2Fwp%2Fv2%2Fproduct_brand&post=7308"},{"taxonomy":"product_cat","embeddable":true,"href":"https:\/\/www.edesia.al\/index.php?rest_route=%2Fwp%2Fv2%2Fproduct_cat&post=7308"},{"taxonomy":"product_tag","embeddable":true,"href":"https:\/\/www.edesia.al\/index.php?rest_route=%2Fwp%2Fv2%2Fproduct_tag&post=7308"}],"curies":[{"name":"wp","href":"https:\/\/api.w.org\/{rel}","templated":true}]}}