{"id":7348,"date":"2026-02-16T21:15:15","date_gmt":"2026-02-16T21:15:15","guid":{"rendered":"https:\/\/www.edesia.al\/?post_type=product&#038;p=7348"},"modified":"2026-04-14T10:33:26","modified_gmt":"2026-04-14T08:33:26","slug":"supe-vegane-perime-pluhur","status":"publish","type":"product","link":"https:\/\/www.edesia.al\/?product=supe-vegane-perime-pluhur","title":{"rendered":"Sup\u00eb Vegane Perime Pluhur"},"content":{"rendered":"<h3>Supe Vegane Perime Pluhur &#8211; 40 gr<\/h3>\n<p data-start=\"177\" data-end=\"537\">Nj\u00eb zgjidhje e shpejt\u00eb, e sh\u00ebndetshme dhe plot arom\u00eb p\u00ebr \u00e7do vakt! \ud83e\udd63<br data-start=\"293\" data-end=\"296\" \/>Kjo sup\u00eb vegane n\u00eb pluhur p\u00ebrgatitet thjesht duke e tretur n\u00eb uj\u00eb t\u00eb nxeht\u00eb, duke krijuar menj\u00ebher\u00eb nj\u00eb sup\u00eb t\u00eb pasur me shije natyrale perimesh. E b\u00ebr\u00eb nga <strong data-start=\"453\" data-end=\"474\">p\u00ebrb\u00ebr\u00ebs 100% bio<\/strong>, pa konservues, pa p\u00ebrmir\u00ebsues shije apo ngjyra artificiale.<\/p>\n<p data-start=\"539\" data-end=\"788\">E pasur me <strong data-start=\"550\" data-end=\"582\">vitamina, fibra dhe minerale<\/strong>, \u00ebsht\u00eb perfekte p\u00ebr <strong data-start=\"603\" data-end=\"693\">dieta t\u00eb lehta, ushqim t\u00eb shpejt\u00eb pas pune apo vakte t\u00eb ngrohta gjat\u00eb dit\u00ebve t\u00eb ftohta<\/strong>. Mund t\u00eb p\u00ebrdoret edhe si <strong data-start=\"720\" data-end=\"785\">baz\u00eb p\u00ebr gjell\u00ebra, oriz apo p\u00ebr aromatizimin e recetave tuaja<\/strong>.<\/p>\n","protected":false},"excerpt":{"rendered":"<p>Sup\u00eb vegane bio n\u00eb pluhur \ud83c\udf31 gati n\u00eb pak minuta \u2013 mjafton t\u00eb shtoni uj\u00eb t\u00eb nxeht\u00eb! Pa konservues, plot shije natyrale dhe ideale p\u00ebr dieta t\u00eb lehta.<\/p>\n","protected":false},"featured_media":7357,"comment_status":"open","ping_status":"closed","template":"","meta":{"_acf_changed":false,"inline_featured_image":false},"kategori-sipas-dietave":[89],"kategori-sipas-problemeve-shende":[87],"product_brand":[32],"product_cat":[59,26],"product_tag":[],"class_list":{"0":"post-7348","1":"product","2":"type-product","3":"status-publish","4":"has-post-thumbnail","6":"kategori-sipas-dietave-vegan","7":"kategori-sipas-problemeve-shende-gluten-free-intolerant","8":"product_brand-bioagros","9":"product_cat-pluhura-te-gatshem","10":"product_cat-ushqime-bio","12":"first","13":"instock","14":"taxable","15":"shipping-taxable","16":"purchasable","17":"product-type-simple"},"acf":[],"yoast_head":"<!-- This site is optimized with the Yoast SEO plugin v27.4 - https:\/\/yoast.com\/product\/yoast-seo-wordpress\/ -->\n<title>Sup\u00eb Vegane Perime Pluhur - Edesia<\/title>\n<meta name=\"robots\" content=\"index, follow, max-snippet:-1, max-image-preview:large, max-video-preview:-1\" \/>\n<link rel=\"canonical\" href=\"https:\/\/www.edesia.al\/?product=supe-vegane-perime-pluhur\" \/>\n<meta property=\"og:locale\" content=\"en_US\" \/>\n<meta property=\"og:type\" content=\"article\" \/>\n<meta property=\"og:title\" content=\"Sup\u00eb Vegane Perime Pluhur - Edesia\" \/>\n<meta property=\"og:description\" content=\"Sup\u00eb vegane bio n\u00eb pluhur \ud83c\udf31 gati n\u00eb pak minuta \u2013 mjafton t\u00eb shtoni uj\u00eb t\u00eb nxeht\u00eb! Pa konservues, plot shije natyrale dhe ideale p\u00ebr dieta t\u00eb lehta.\" \/>\n<meta property=\"og:url\" content=\"https:\/\/www.edesia.al\/?product=supe-vegane-perime-pluhur\" \/>\n<meta property=\"og:site_name\" content=\"Edesia\" \/>\n<meta property=\"article:modified_time\" content=\"2026-04-14T08:33:26+00:00\" \/>\n<meta property=\"og:image\" content=\"https:\/\/www.edesia.al\/wp-content\/uploads\/2026\/02\/221009144-1.png\" \/>\n\t<meta property=\"og:image:width\" content=\"900\" \/>\n\t<meta property=\"og:image:height\" content=\"900\" \/>\n\t<meta property=\"og:image:type\" content=\"image\/png\" \/>\n<meta name=\"twitter:card\" content=\"summary_large_image\" \/>\n<meta name=\"twitter:label1\" content=\"Est. reading time\" \/>\n\t<meta name=\"twitter:data1\" content=\"1 minute\" \/>\n<script type=\"application\/ld+json\" class=\"yoast-schema-graph\">{\"@context\":\"https:\\\/\\\/schema.org\",\"@graph\":[{\"@type\":\"WebPage\",\"@id\":\"https:\\\/\\\/www.edesia.al\\\/?product=supe-vegane-perime-pluhur\",\"url\":\"https:\\\/\\\/www.edesia.al\\\/?product=supe-vegane-perime-pluhur\",\"name\":\"Sup\u00eb Vegane Perime Pluhur - Edesia\",\"isPartOf\":{\"@id\":\"https:\\\/\\\/www.edesia.al\\\/#website\"},\"primaryImageOfPage\":{\"@id\":\"https:\\\/\\\/www.edesia.al\\\/?product=supe-vegane-perime-pluhur#primaryimage\"},\"image\":{\"@id\":\"https:\\\/\\\/www.edesia.al\\\/?product=supe-vegane-perime-pluhur#primaryimage\"},\"thumbnailUrl\":\"https:\\\/\\\/www.edesia.al\\\/wp-content\\\/uploads\\\/2026\\\/02\\\/221009144-1.png\",\"datePublished\":\"2026-02-16T21:15:15+00:00\",\"dateModified\":\"2026-04-14T08:33:26+00:00\",\"breadcrumb\":{\"@id\":\"https:\\\/\\\/www.edesia.al\\\/?product=supe-vegane-perime-pluhur#breadcrumb\"},\"inLanguage\":\"en-US\",\"potentialAction\":[{\"@type\":\"ReadAction\",\"target\":[\"https:\\\/\\\/www.edesia.al\\\/?product=supe-vegane-perime-pluhur\"]}]},{\"@type\":\"ImageObject\",\"inLanguage\":\"en-US\",\"@id\":\"https:\\\/\\\/www.edesia.al\\\/?product=supe-vegane-perime-pluhur#primaryimage\",\"url\":\"https:\\\/\\\/www.edesia.al\\\/wp-content\\\/uploads\\\/2026\\\/02\\\/221009144-1.png\",\"contentUrl\":\"https:\\\/\\\/www.edesia.al\\\/wp-content\\\/uploads\\\/2026\\\/02\\\/221009144-1.png\",\"width\":900,\"height\":900},{\"@type\":\"BreadcrumbList\",\"@id\":\"https:\\\/\\\/www.edesia.al\\\/?product=supe-vegane-perime-pluhur#breadcrumb\",\"itemListElement\":[{\"@type\":\"ListItem\",\"position\":1,\"name\":\"Home\",\"item\":\"https:\\\/\\\/www.edesia.al\\\/\"},{\"@type\":\"ListItem\",\"position\":2,\"name\":\"Dyqani\",\"item\":\"https:\\\/\\\/www.edesia.al\\\/?page_id=17\"},{\"@type\":\"ListItem\",\"position\":3,\"name\":\"Sup\u00eb Vegane Perime Pluhur\"}]},{\"@type\":\"WebSite\",\"@id\":\"https:\\\/\\\/www.edesia.al\\\/#website\",\"url\":\"https:\\\/\\\/www.edesia.al\\\/\",\"name\":\"Edesia\",\"description\":\"\",\"publisher\":{\"@id\":\"https:\\\/\\\/www.edesia.al\\\/#organization\"},\"potentialAction\":[{\"@type\":\"SearchAction\",\"target\":{\"@type\":\"EntryPoint\",\"urlTemplate\":\"https:\\\/\\\/www.edesia.al\\\/?s={search_term_string}\"},\"query-input\":{\"@type\":\"PropertyValueSpecification\",\"valueRequired\":true,\"valueName\":\"search_term_string\"}}],\"inLanguage\":\"en-US\"},{\"@type\":\"Organization\",\"@id\":\"https:\\\/\\\/www.edesia.al\\\/#organization\",\"name\":\"Edesia\",\"url\":\"https:\\\/\\\/www.edesia.al\\\/\",\"logo\":{\"@type\":\"ImageObject\",\"inLanguage\":\"en-US\",\"@id\":\"https:\\\/\\\/www.edesia.al\\\/#\\\/schema\\\/logo\\\/image\\\/\",\"url\":\"https:\\\/\\\/www.edesia.al\\\/wp-content\\\/uploads\\\/2026\\\/02\\\/Logo-Edesia-no-background.png\",\"contentUrl\":\"https:\\\/\\\/www.edesia.al\\\/wp-content\\\/uploads\\\/2026\\\/02\\\/Logo-Edesia-no-background.png\",\"width\":293,\"height\":158,\"caption\":\"Edesia\"},\"image\":{\"@id\":\"https:\\\/\\\/www.edesia.al\\\/#\\\/schema\\\/logo\\\/image\\\/\"}}]}<\/script>\n<!-- \/ Yoast SEO plugin. -->","yoast_head_json":{"title":"Sup\u00eb Vegane Perime Pluhur - Edesia","robots":{"index":"index","follow":"follow","max-snippet":"max-snippet:-1","max-image-preview":"max-image-preview:large","max-video-preview":"max-video-preview:-1"},"canonical":"https:\/\/www.edesia.al\/?product=supe-vegane-perime-pluhur","og_locale":"en_US","og_type":"article","og_title":"Sup\u00eb Vegane Perime Pluhur - Edesia","og_description":"Sup\u00eb vegane bio n\u00eb pluhur \ud83c\udf31 gati n\u00eb pak minuta \u2013 mjafton t\u00eb shtoni uj\u00eb t\u00eb nxeht\u00eb! Pa konservues, plot shije natyrale dhe ideale p\u00ebr dieta t\u00eb lehta.","og_url":"https:\/\/www.edesia.al\/?product=supe-vegane-perime-pluhur","og_site_name":"Edesia","article_modified_time":"2026-04-14T08:33:26+00:00","og_image":[{"width":900,"height":900,"url":"https:\/\/www.edesia.al\/wp-content\/uploads\/2026\/02\/221009144-1.png","type":"image\/png"}],"twitter_card":"summary_large_image","twitter_misc":{"Est. reading time":"1 minute"},"schema":{"@context":"https:\/\/schema.org","@graph":[{"@type":"WebPage","@id":"https:\/\/www.edesia.al\/?product=supe-vegane-perime-pluhur","url":"https:\/\/www.edesia.al\/?product=supe-vegane-perime-pluhur","name":"Sup\u00eb Vegane Perime Pluhur - Edesia","isPartOf":{"@id":"https:\/\/www.edesia.al\/#website"},"primaryImageOfPage":{"@id":"https:\/\/www.edesia.al\/?product=supe-vegane-perime-pluhur#primaryimage"},"image":{"@id":"https:\/\/www.edesia.al\/?product=supe-vegane-perime-pluhur#primaryimage"},"thumbnailUrl":"https:\/\/www.edesia.al\/wp-content\/uploads\/2026\/02\/221009144-1.png","datePublished":"2026-02-16T21:15:15+00:00","dateModified":"2026-04-14T08:33:26+00:00","breadcrumb":{"@id":"https:\/\/www.edesia.al\/?product=supe-vegane-perime-pluhur#breadcrumb"},"inLanguage":"en-US","potentialAction":[{"@type":"ReadAction","target":["https:\/\/www.edesia.al\/?product=supe-vegane-perime-pluhur"]}]},{"@type":"ImageObject","inLanguage":"en-US","@id":"https:\/\/www.edesia.al\/?product=supe-vegane-perime-pluhur#primaryimage","url":"https:\/\/www.edesia.al\/wp-content\/uploads\/2026\/02\/221009144-1.png","contentUrl":"https:\/\/www.edesia.al\/wp-content\/uploads\/2026\/02\/221009144-1.png","width":900,"height":900},{"@type":"BreadcrumbList","@id":"https:\/\/www.edesia.al\/?product=supe-vegane-perime-pluhur#breadcrumb","itemListElement":[{"@type":"ListItem","position":1,"name":"Home","item":"https:\/\/www.edesia.al\/"},{"@type":"ListItem","position":2,"name":"Dyqani","item":"https:\/\/www.edesia.al\/?page_id=17"},{"@type":"ListItem","position":3,"name":"Sup\u00eb Vegane Perime Pluhur"}]},{"@type":"WebSite","@id":"https:\/\/www.edesia.al\/#website","url":"https:\/\/www.edesia.al\/","name":"Edesia","description":"","publisher":{"@id":"https:\/\/www.edesia.al\/#organization"},"potentialAction":[{"@type":"SearchAction","target":{"@type":"EntryPoint","urlTemplate":"https:\/\/www.edesia.al\/?s={search_term_string}"},"query-input":{"@type":"PropertyValueSpecification","valueRequired":true,"valueName":"search_term_string"}}],"inLanguage":"en-US"},{"@type":"Organization","@id":"https:\/\/www.edesia.al\/#organization","name":"Edesia","url":"https:\/\/www.edesia.al\/","logo":{"@type":"ImageObject","inLanguage":"en-US","@id":"https:\/\/www.edesia.al\/#\/schema\/logo\/image\/","url":"https:\/\/www.edesia.al\/wp-content\/uploads\/2026\/02\/Logo-Edesia-no-background.png","contentUrl":"https:\/\/www.edesia.al\/wp-content\/uploads\/2026\/02\/Logo-Edesia-no-background.png","width":293,"height":158,"caption":"Edesia"},"image":{"@id":"https:\/\/www.edesia.al\/#\/schema\/logo\/image\/"}}]}},"_links":{"self":[{"href":"https:\/\/www.edesia.al\/index.php?rest_route=\/wp\/v2\/product\/7348","targetHints":{"allow":["GET"]}}],"collection":[{"href":"https:\/\/www.edesia.al\/index.php?rest_route=\/wp\/v2\/product"}],"about":[{"href":"https:\/\/www.edesia.al\/index.php?rest_route=\/wp\/v2\/types\/product"}],"replies":[{"embeddable":true,"href":"https:\/\/www.edesia.al\/index.php?rest_route=%2Fwp%2Fv2%2Fcomments&post=7348"}],"wp:featuredmedia":[{"embeddable":true,"href":"https:\/\/www.edesia.al\/index.php?rest_route=\/wp\/v2\/media\/7357"}],"wp:attachment":[{"href":"https:\/\/www.edesia.al\/index.php?rest_route=%2Fwp%2Fv2%2Fmedia&parent=7348"}],"wp:term":[{"taxonomy":"kategori-sipas-dietave","embeddable":true,"href":"https:\/\/www.edesia.al\/index.php?rest_route=%2Fwp%2Fv2%2Fkategori-sipas-dietave&post=7348"},{"taxonomy":"kategori-sipas-problemeve-shende","embeddable":true,"href":"https:\/\/www.edesia.al\/index.php?rest_route=%2Fwp%2Fv2%2Fkategori-sipas-problemeve-shende&post=7348"},{"taxonomy":"product_brand","embeddable":true,"href":"https:\/\/www.edesia.al\/index.php?rest_route=%2Fwp%2Fv2%2Fproduct_brand&post=7348"},{"taxonomy":"product_cat","embeddable":true,"href":"https:\/\/www.edesia.al\/index.php?rest_route=%2Fwp%2Fv2%2Fproduct_cat&post=7348"},{"taxonomy":"product_tag","embeddable":true,"href":"https:\/\/www.edesia.al\/index.php?rest_route=%2Fwp%2Fv2%2Fproduct_tag&post=7348"}],"curies":[{"name":"wp","href":"https:\/\/api.w.org\/{rel}","templated":true}]}}