{"id":7353,"date":"2026-02-16T21:15:16","date_gmt":"2026-02-16T21:15:16","guid":{"rendered":"https:\/\/www.edesia.al\/?post_type=product&#038;p=7353"},"modified":"2026-02-26T12:43:00","modified_gmt":"2026-02-26T12:43:00","slug":"kripe-magjike-ayurvedike-sonnentor","status":"publish","type":"product","link":"https:\/\/www.edesia.al\/?product=kripe-magjike-ayurvedike-sonnentor","title":{"rendered":"Krip\u00eb Magjike Ayurvedike \u2013 Sonnentor"},"content":{"rendered":"<h3>Krip\u00eb Magjike Ayurvedike \u2013 Sonnentor ( 1 kg)<\/h3>\n<p data-start=\"115\" data-end=\"436\">E njohur si <strong data-start=\"130\" data-end=\"144\">\u201cari roz\u00eb\u201d<\/strong> i kuzhin\u00ebs, kjo krip\u00eb kristalore vjen nga rajoni i <strong data-start=\"196\" data-end=\"221\">Punjab-it n\u00eb Pakistan<\/strong>, ku \u00ebsht\u00eb formuar rreth <strong data-start=\"246\" data-end=\"273\">30 milion\u00eb vite m\u00eb par\u00eb<\/strong> nga tharja e detit parahistorik. Nxirret dhe p\u00ebrpunohet me metoda tradicionale, pa asnj\u00eb nd\u00ebrhyrje kimike, duke ruajtur past\u00ebrtin\u00eb dhe energjin\u00eb e saj natyrore.<\/p>\n<p data-start=\"438\" data-end=\"710\">\u2728 Ngjyra e saj roz\u00eb e but\u00eb dhe kristalet e trasha e b\u00ebjn\u00eb nj\u00eb <strong data-start=\"500\" data-end=\"538\">zbukurim t\u00eb v\u00ebrtet\u00eb p\u00ebr \u00e7do tryez\u00eb<\/strong>, nd\u00ebrsa shija e leht\u00eb dhe e balancuar e b\u00ebjn\u00eb t\u00eb p\u00ebrshtatshme p\u00ebr \u00e7do vakt.<br data-start=\"614\" data-end=\"617\" \/>Kjo krip\u00eb \u00ebsht\u00eb <strong data-start=\"633\" data-end=\"650\">jo e jodizuar<\/strong>, <strong data-start=\"652\" data-end=\"675\">plot\u00ebsisht natyrale<\/strong>, dhe ideale p\u00ebr <strong data-start=\"692\" data-end=\"707\">mulli kripe<\/strong>.<\/p>\n<p data-start=\"712\" data-end=\"877\">\ud83c\udf3f E frym\u00ebzuar nga filozofia <strong data-start=\"741\" data-end=\"755\">Ayurvedike<\/strong>, ndihmon n\u00eb ruajtjen e ekuilibrit trup\u2013mendje\u2013shpirt p\u00ebrmes p\u00ebrb\u00ebrjes s\u00eb saj minerale dhe origjin\u00ebs s\u00eb past\u00ebr natyrore.<\/p>\n<p data-start=\"879\" data-end=\"901\"><strong data-start=\"879\" data-end=\"899\">Pse ta zgjidhni?<\/strong><\/p>\n<ul data-start=\"902\" data-end=\"1146\">\n<li data-start=\"902\" data-end=\"957\">\n<p data-start=\"904\" data-end=\"957\">100% krip\u00eb kristalore natyrale nga Punjab, Pakistan<\/p>\n<\/li>\n<li data-start=\"958\" data-end=\"1007\">\n<p data-start=\"960\" data-end=\"1007\">Ngjyr\u00eb roz\u00eb natyrale, pa ngjyrues apo aditiv\u00eb<\/p>\n<\/li>\n<li data-start=\"1008\" data-end=\"1075\">\n<p data-start=\"1010\" data-end=\"1075\">Jo e jodizuar, e p\u00ebrshtatshme p\u00ebr dieta natyrale dhe Ayurvedike<\/p>\n<\/li>\n<li data-start=\"1076\" data-end=\"1113\">\n<p data-start=\"1078\" data-end=\"1113\">Ideal p\u00ebr p\u00ebrdorim me mulli kripe<\/p>\n<\/li>\n<li data-start=\"1114\" data-end=\"1146\">\n<p data-start=\"1116\" data-end=\"1146\">E pasur me minerale natyrore<\/p>\n<\/li>\n<\/ul>\n","protected":false},"excerpt":{"rendered":"<p>Krip\u00eb kristalore roz\u00eb nga Punjab, Pakistan, e formuar natyrsh\u00ebm 30 milion\u00eb vite m\u00eb par\u00eb. Jo e jodizuar, e p\u00ebrshtatshme p\u00ebr mulli kripe dhe p\u00ebr \u00e7do kuzhin\u00eb q\u00eb k\u00ebrkon shije delikate dhe pamje magjike.<\/p>\n","protected":false},"featured_media":7361,"comment_status":"open","ping_status":"closed","template":"","meta":{"_acf_changed":false,"inline_featured_image":false},"kategori-sipas-dietave":[],"kategori-sipas-problemeve-shende":[85],"product_brand":[35],"product_cat":[26],"product_tag":[],"class_list":{"0":"post-7353","1":"product","2":"type-product","3":"status-publish","4":"has-post-thumbnail","6":"kategori-sipas-problemeve-shende-imuniteti","7":"product_brand-sonnentor-sh-p-k","8":"product_cat-ushqime-bio","10":"first","11":"instock","12":"taxable","13":"shipping-taxable","14":"purchasable","15":"product-type-simple"},"acf":[],"yoast_head":"<!-- This site is optimized with the Yoast SEO plugin v27.4 - https:\/\/yoast.com\/product\/yoast-seo-wordpress\/ -->\n<title>Krip\u00eb Magjike Ayurvedike \u2013 Sonnentor - Edesia<\/title>\n<meta name=\"robots\" content=\"index, follow, max-snippet:-1, max-image-preview:large, max-video-preview:-1\" \/>\n<link rel=\"canonical\" href=\"https:\/\/www.edesia.al\/?product=kripe-magjike-ayurvedike-sonnentor\" \/>\n<meta property=\"og:locale\" content=\"en_US\" \/>\n<meta property=\"og:type\" content=\"article\" \/>\n<meta property=\"og:title\" content=\"Krip\u00eb Magjike Ayurvedike \u2013 Sonnentor - Edesia\" \/>\n<meta property=\"og:description\" content=\"Krip\u00eb kristalore roz\u00eb nga Punjab, Pakistan, e formuar natyrsh\u00ebm 30 milion\u00eb vite m\u00eb par\u00eb. Jo e jodizuar, e p\u00ebrshtatshme p\u00ebr mulli kripe dhe p\u00ebr \u00e7do kuzhin\u00eb q\u00eb k\u00ebrkon shije delikate dhe pamje magjike.\" \/>\n<meta property=\"og:url\" content=\"https:\/\/www.edesia.al\/?product=kripe-magjike-ayurvedike-sonnentor\" \/>\n<meta property=\"og:site_name\" content=\"Edesia\" \/>\n<meta property=\"article:modified_time\" content=\"2026-02-26T12:43:00+00:00\" \/>\n<meta property=\"og:image\" content=\"https:\/\/www.edesia.al\/wp-content\/uploads\/2026\/02\/90714_Ayurvedisches_Zaubersalz_fur_Salzmuhlen_kgPackung_4.b2f6afda-1.jpg\" \/>\n\t<meta property=\"og:image:width\" content=\"593\" \/>\n\t<meta property=\"og:image:height\" content=\"593\" \/>\n\t<meta property=\"og:image:type\" content=\"image\/jpeg\" \/>\n<meta name=\"twitter:card\" content=\"summary_large_image\" \/>\n<meta name=\"twitter:label1\" content=\"Est. reading time\" \/>\n\t<meta name=\"twitter:data1\" content=\"1 minute\" \/>\n<script type=\"application\/ld+json\" class=\"yoast-schema-graph\">{\"@context\":\"https:\\\/\\\/schema.org\",\"@graph\":[{\"@type\":\"WebPage\",\"@id\":\"https:\\\/\\\/www.edesia.al\\\/?product=kripe-magjike-ayurvedike-sonnentor\",\"url\":\"https:\\\/\\\/www.edesia.al\\\/?product=kripe-magjike-ayurvedike-sonnentor\",\"name\":\"Krip\u00eb Magjike Ayurvedike \u2013 Sonnentor - Edesia\",\"isPartOf\":{\"@id\":\"https:\\\/\\\/www.edesia.al\\\/#website\"},\"primaryImageOfPage\":{\"@id\":\"https:\\\/\\\/www.edesia.al\\\/?product=kripe-magjike-ayurvedike-sonnentor#primaryimage\"},\"image\":{\"@id\":\"https:\\\/\\\/www.edesia.al\\\/?product=kripe-magjike-ayurvedike-sonnentor#primaryimage\"},\"thumbnailUrl\":\"https:\\\/\\\/www.edesia.al\\\/wp-content\\\/uploads\\\/2026\\\/02\\\/90714_Ayurvedisches_Zaubersalz_fur_Salzmuhlen_kgPackung_4.b2f6afda-1.jpg\",\"datePublished\":\"2026-02-16T21:15:16+00:00\",\"dateModified\":\"2026-02-26T12:43:00+00:00\",\"breadcrumb\":{\"@id\":\"https:\\\/\\\/www.edesia.al\\\/?product=kripe-magjike-ayurvedike-sonnentor#breadcrumb\"},\"inLanguage\":\"en-US\",\"potentialAction\":[{\"@type\":\"ReadAction\",\"target\":[\"https:\\\/\\\/www.edesia.al\\\/?product=kripe-magjike-ayurvedike-sonnentor\"]}]},{\"@type\":\"ImageObject\",\"inLanguage\":\"en-US\",\"@id\":\"https:\\\/\\\/www.edesia.al\\\/?product=kripe-magjike-ayurvedike-sonnentor#primaryimage\",\"url\":\"https:\\\/\\\/www.edesia.al\\\/wp-content\\\/uploads\\\/2026\\\/02\\\/90714_Ayurvedisches_Zaubersalz_fur_Salzmuhlen_kgPackung_4.b2f6afda-1.jpg\",\"contentUrl\":\"https:\\\/\\\/www.edesia.al\\\/wp-content\\\/uploads\\\/2026\\\/02\\\/90714_Ayurvedisches_Zaubersalz_fur_Salzmuhlen_kgPackung_4.b2f6afda-1.jpg\",\"width\":593,\"height\":593},{\"@type\":\"BreadcrumbList\",\"@id\":\"https:\\\/\\\/www.edesia.al\\\/?product=kripe-magjike-ayurvedike-sonnentor#breadcrumb\",\"itemListElement\":[{\"@type\":\"ListItem\",\"position\":1,\"name\":\"Home\",\"item\":\"https:\\\/\\\/www.edesia.al\\\/\"},{\"@type\":\"ListItem\",\"position\":2,\"name\":\"Dyqani\",\"item\":\"https:\\\/\\\/www.edesia.al\\\/?page_id=17\"},{\"@type\":\"ListItem\",\"position\":3,\"name\":\"Krip\u00eb Magjike Ayurvedike \u2013 Sonnentor\"}]},{\"@type\":\"WebSite\",\"@id\":\"https:\\\/\\\/www.edesia.al\\\/#website\",\"url\":\"https:\\\/\\\/www.edesia.al\\\/\",\"name\":\"Edesia\",\"description\":\"\",\"publisher\":{\"@id\":\"https:\\\/\\\/www.edesia.al\\\/#organization\"},\"potentialAction\":[{\"@type\":\"SearchAction\",\"target\":{\"@type\":\"EntryPoint\",\"urlTemplate\":\"https:\\\/\\\/www.edesia.al\\\/?s={search_term_string}\"},\"query-input\":{\"@type\":\"PropertyValueSpecification\",\"valueRequired\":true,\"valueName\":\"search_term_string\"}}],\"inLanguage\":\"en-US\"},{\"@type\":\"Organization\",\"@id\":\"https:\\\/\\\/www.edesia.al\\\/#organization\",\"name\":\"Edesia\",\"url\":\"https:\\\/\\\/www.edesia.al\\\/\",\"logo\":{\"@type\":\"ImageObject\",\"inLanguage\":\"en-US\",\"@id\":\"https:\\\/\\\/www.edesia.al\\\/#\\\/schema\\\/logo\\\/image\\\/\",\"url\":\"https:\\\/\\\/www.edesia.al\\\/wp-content\\\/uploads\\\/2026\\\/02\\\/Logo-Edesia-no-background.png\",\"contentUrl\":\"https:\\\/\\\/www.edesia.al\\\/wp-content\\\/uploads\\\/2026\\\/02\\\/Logo-Edesia-no-background.png\",\"width\":293,\"height\":158,\"caption\":\"Edesia\"},\"image\":{\"@id\":\"https:\\\/\\\/www.edesia.al\\\/#\\\/schema\\\/logo\\\/image\\\/\"}}]}<\/script>\n<!-- \/ Yoast SEO plugin. -->","yoast_head_json":{"title":"Krip\u00eb Magjike Ayurvedike \u2013 Sonnentor - Edesia","robots":{"index":"index","follow":"follow","max-snippet":"max-snippet:-1","max-image-preview":"max-image-preview:large","max-video-preview":"max-video-preview:-1"},"canonical":"https:\/\/www.edesia.al\/?product=kripe-magjike-ayurvedike-sonnentor","og_locale":"en_US","og_type":"article","og_title":"Krip\u00eb Magjike Ayurvedike \u2013 Sonnentor - Edesia","og_description":"Krip\u00eb kristalore roz\u00eb nga Punjab, Pakistan, e formuar natyrsh\u00ebm 30 milion\u00eb vite m\u00eb par\u00eb. Jo e jodizuar, e p\u00ebrshtatshme p\u00ebr mulli kripe dhe p\u00ebr \u00e7do kuzhin\u00eb q\u00eb k\u00ebrkon shije delikate dhe pamje magjike.","og_url":"https:\/\/www.edesia.al\/?product=kripe-magjike-ayurvedike-sonnentor","og_site_name":"Edesia","article_modified_time":"2026-02-26T12:43:00+00:00","og_image":[{"width":593,"height":593,"url":"https:\/\/www.edesia.al\/wp-content\/uploads\/2026\/02\/90714_Ayurvedisches_Zaubersalz_fur_Salzmuhlen_kgPackung_4.b2f6afda-1.jpg","type":"image\/jpeg"}],"twitter_card":"summary_large_image","twitter_misc":{"Est. reading time":"1 minute"},"schema":{"@context":"https:\/\/schema.org","@graph":[{"@type":"WebPage","@id":"https:\/\/www.edesia.al\/?product=kripe-magjike-ayurvedike-sonnentor","url":"https:\/\/www.edesia.al\/?product=kripe-magjike-ayurvedike-sonnentor","name":"Krip\u00eb Magjike Ayurvedike \u2013 Sonnentor - Edesia","isPartOf":{"@id":"https:\/\/www.edesia.al\/#website"},"primaryImageOfPage":{"@id":"https:\/\/www.edesia.al\/?product=kripe-magjike-ayurvedike-sonnentor#primaryimage"},"image":{"@id":"https:\/\/www.edesia.al\/?product=kripe-magjike-ayurvedike-sonnentor#primaryimage"},"thumbnailUrl":"https:\/\/www.edesia.al\/wp-content\/uploads\/2026\/02\/90714_Ayurvedisches_Zaubersalz_fur_Salzmuhlen_kgPackung_4.b2f6afda-1.jpg","datePublished":"2026-02-16T21:15:16+00:00","dateModified":"2026-02-26T12:43:00+00:00","breadcrumb":{"@id":"https:\/\/www.edesia.al\/?product=kripe-magjike-ayurvedike-sonnentor#breadcrumb"},"inLanguage":"en-US","potentialAction":[{"@type":"ReadAction","target":["https:\/\/www.edesia.al\/?product=kripe-magjike-ayurvedike-sonnentor"]}]},{"@type":"ImageObject","inLanguage":"en-US","@id":"https:\/\/www.edesia.al\/?product=kripe-magjike-ayurvedike-sonnentor#primaryimage","url":"https:\/\/www.edesia.al\/wp-content\/uploads\/2026\/02\/90714_Ayurvedisches_Zaubersalz_fur_Salzmuhlen_kgPackung_4.b2f6afda-1.jpg","contentUrl":"https:\/\/www.edesia.al\/wp-content\/uploads\/2026\/02\/90714_Ayurvedisches_Zaubersalz_fur_Salzmuhlen_kgPackung_4.b2f6afda-1.jpg","width":593,"height":593},{"@type":"BreadcrumbList","@id":"https:\/\/www.edesia.al\/?product=kripe-magjike-ayurvedike-sonnentor#breadcrumb","itemListElement":[{"@type":"ListItem","position":1,"name":"Home","item":"https:\/\/www.edesia.al\/"},{"@type":"ListItem","position":2,"name":"Dyqani","item":"https:\/\/www.edesia.al\/?page_id=17"},{"@type":"ListItem","position":3,"name":"Krip\u00eb Magjike Ayurvedike \u2013 Sonnentor"}]},{"@type":"WebSite","@id":"https:\/\/www.edesia.al\/#website","url":"https:\/\/www.edesia.al\/","name":"Edesia","description":"","publisher":{"@id":"https:\/\/www.edesia.al\/#organization"},"potentialAction":[{"@type":"SearchAction","target":{"@type":"EntryPoint","urlTemplate":"https:\/\/www.edesia.al\/?s={search_term_string}"},"query-input":{"@type":"PropertyValueSpecification","valueRequired":true,"valueName":"search_term_string"}}],"inLanguage":"en-US"},{"@type":"Organization","@id":"https:\/\/www.edesia.al\/#organization","name":"Edesia","url":"https:\/\/www.edesia.al\/","logo":{"@type":"ImageObject","inLanguage":"en-US","@id":"https:\/\/www.edesia.al\/#\/schema\/logo\/image\/","url":"https:\/\/www.edesia.al\/wp-content\/uploads\/2026\/02\/Logo-Edesia-no-background.png","contentUrl":"https:\/\/www.edesia.al\/wp-content\/uploads\/2026\/02\/Logo-Edesia-no-background.png","width":293,"height":158,"caption":"Edesia"},"image":{"@id":"https:\/\/www.edesia.al\/#\/schema\/logo\/image\/"}}]}},"_links":{"self":[{"href":"https:\/\/www.edesia.al\/index.php?rest_route=\/wp\/v2\/product\/7353","targetHints":{"allow":["GET"]}}],"collection":[{"href":"https:\/\/www.edesia.al\/index.php?rest_route=\/wp\/v2\/product"}],"about":[{"href":"https:\/\/www.edesia.al\/index.php?rest_route=\/wp\/v2\/types\/product"}],"replies":[{"embeddable":true,"href":"https:\/\/www.edesia.al\/index.php?rest_route=%2Fwp%2Fv2%2Fcomments&post=7353"}],"wp:featuredmedia":[{"embeddable":true,"href":"https:\/\/www.edesia.al\/index.php?rest_route=\/wp\/v2\/media\/7361"}],"wp:attachment":[{"href":"https:\/\/www.edesia.al\/index.php?rest_route=%2Fwp%2Fv2%2Fmedia&parent=7353"}],"wp:term":[{"taxonomy":"kategori-sipas-dietave","embeddable":true,"href":"https:\/\/www.edesia.al\/index.php?rest_route=%2Fwp%2Fv2%2Fkategori-sipas-dietave&post=7353"},{"taxonomy":"kategori-sipas-problemeve-shende","embeddable":true,"href":"https:\/\/www.edesia.al\/index.php?rest_route=%2Fwp%2Fv2%2Fkategori-sipas-problemeve-shende&post=7353"},{"taxonomy":"product_brand","embeddable":true,"href":"https:\/\/www.edesia.al\/index.php?rest_route=%2Fwp%2Fv2%2Fproduct_brand&post=7353"},{"taxonomy":"product_cat","embeddable":true,"href":"https:\/\/www.edesia.al\/index.php?rest_route=%2Fwp%2Fv2%2Fproduct_cat&post=7353"},{"taxonomy":"product_tag","embeddable":true,"href":"https:\/\/www.edesia.al\/index.php?rest_route=%2Fwp%2Fv2%2Fproduct_tag&post=7353"}],"curies":[{"name":"wp","href":"https:\/\/api.w.org\/{rel}","templated":true}]}}